{"id":41873,"date":"2013-12-06T12:44:57","date_gmt":"2013-12-06T11:44:57","guid":{"rendered":"https:\/\/www.freiburg-schwarzwald.de\/blog\/?page_id=41873"},"modified":"2022-11-14T20:35:20","modified_gmt":"2022-11-14T19:35:20","slug":"muensterbauverein","status":"publish","type":"page","link":"https:\/\/www.freiburg-schwarzwald.de\/blog\/religion\/kirchen\/muenster\/muensterbauverein\/","title":{"rendered":"Muensterbauverein"},"content":{"rendered":"<p>Home &gt;<a title=\"Religion\" href=\"https:\/\/www.freiburg-schwarzwald.de\/blog\/religion\/\">Religion<\/a> &gt;<a title=\"Kirchen\" href=\"https:\/\/www.freiburg-schwarzwald.de\/blog\/religion\/kirchen\/\">Kirchen<\/a> &gt;<a title=\"Freiburg\" href=\"https:\/\/www.freiburg-schwarzwald.de\/blog\/regio\/freiburg\/\">Freiburg<\/a> &gt;<a title=\"Muenster\" href=\"https:\/\/www.freiburg-schwarzwald.de\/blog\/religion\/kirchen\/muenster\/\">Muenster<\/a> &gt;Muensterbauverein<\/p>\n<div id=\"attachment_46511\" style=\"width: 648px\" class=\"wp-caption alignnone\"><a href=\"https:\/\/www.freiburg-schwarzwald.de\/blog\/verdi-streik-oeffentlicher-dienst\/demo6verdi-pan140326-2\/\" rel=\"attachment wp-att-46511\"><img loading=\"lazy\" decoding=\"async\" aria-describedby=\"caption-attachment-46511\" class=\"size-full wp-image-46511\" src=\"https:\/\/www.freiburg-schwarzwald.de\/blog\/wp-content\/uploads\/2014\/03\/demo6verdi-pan1403261.jpg\" alt=\"Blick vom Stadtgarten nach S\u00fcden zum Freiburger M\u00fcnster am 27.3.2014 - Demonstrationszug auf der Fussg\u00e4ngerbr\u00fccke\" width=\"638\" height=\"257\" srcset=\"https:\/\/www.freiburg-schwarzwald.de\/blog\/wp-content\/uploads\/2014\/03\/demo6verdi-pan1403261.jpg 638w, https:\/\/www.freiburg-schwarzwald.de\/blog\/wp-content\/uploads\/2014\/03\/demo6verdi-pan1403261-180x72.jpg 180w\" sizes=\"auto, (max-width: 638px) 100vw, 638px\" \/><\/a><p id=\"caption-attachment-46511\" class=\"wp-caption-text\">Blick vom Stadtgarten nach S\u00fcden zum Freiburger M\u00fcnster am 27.3.2014 &#8211; Demonstrationszug auf der Fussg\u00e4ngerbr\u00fccke<\/p><\/div>\n<p>&nbsp;<\/p>\n<ul>\n<li><a href=\"https:\/\/www.freiburg-schwarzwald.de\/blog\/religion\/kirchen\/muenster\/muensterbauhuette\/\">Jahresr\u00fcckblick auf die Arbeiten am Freiburger M\u00fcnster<\/a> (14.11.2022)<\/li>\n<li><a href=\"https:\/\/www.freiburg-schwarzwald.de\/blog\/muenster-turmhelm-geruestfrei\/\">https:\/\/www.freiburg-schwarzwald.de\/blog\/muenster-turmhelm-geruestfrei\/<\/a> (18.8.2016)<\/li>\n<li><a href=\"https:\/\/www.freiburg-schwarzwald.de\/blog\/muenster-fr-fotowettbewerb\/\">https:\/\/www.freiburg-schwarzwald.de\/blog\/muenster-fr-fotowettbewerb\/<\/a> (11.6.2016)<\/li>\n<li><a href=\"https:\/\/www.freiburg-schwarzwald.de\/blog\/muenster-junge-baumeister\/\">https:\/\/www.freiburg-schwarzwald.de\/blog\/muenster-junge-baumeister\/ <\/a>(23.1.2014)<\/li>\n<li><a href=\"https:\/\/www.freiburg-schwarzwald.de\/littenweiler\/c-punkt.htm#Zehn Jahren C-Punkt beim M\u00fcnsterplatz: Am Weg der Menschen\">Zehn Jahre C-Punkt beim M\u00fcnsterplatz: Am Weg der Menschen<\/a> &gt;C-Punkt (21.7.2011)<\/li>\n<li><a href=\"https:\/\/www.freiburg-schwarzwald.de\/weihnachten1.htm#Wasserspeier Zanner vom M\u00fcnster als Weihnachtsgeschenk\">Wasserspeier Zanner vom M\u00fcnster als Weihnachtsgeschenk<\/a> &gt;Weihnachten1 (14.12.2010)<\/li>\n<li><a href=\"https:\/\/www.freiburg-schwarzwald.de\/littenweiler\/c-punkt.htm#Offiziellen Einweihung der Alten M\u00fcnsterbauh\u00fctte am 22.10.2010\">Offizielle Einweihung der Alten M\u00fcnsterbauh\u00fctte am 22.10.2010<\/a> &gt;c-Punkt (20.10.2010)<\/li>\n<li><a href=\"https:\/\/www.freiburg-schwarzwald.de\/littenweiler\/c-punkt.htm#c-Punkt seit 24.7.2010 wieder in der sanierten Alten M\u00fcnsterbauh\u00fctte\">c-Punkt seit 24.7.2010 wieder in der sanierten Alten M\u00fcnsterbauh\u00fctte<\/a> &gt;c-Punkt (22.7.2010)<\/li>\n<li><a href=\"https:\/\/www.freiburg-schwarzwald.de\/freiburger-muenster3.htm#Stiftung Freiburger M\u00fcnster: Stiftertreffen am 13.Nov\">Stiftung Freiburger M\u00fcnster: Stiftertreffen am 13.Nov<\/a> &gt;Freiburger-Muenster3 (5.11.2009)<\/li>\n<li><a href=\"https:\/\/www.freiburg-schwarzwald.de\/muensterturm1.htm#1,2 Mio Euro fehlen zur Sanierung - Benefizkonzert Vitaly Margulis 23. Juli\">1,2 Mio Euro fehlen zur Sanierung &#8211; Benefizkonzert Vitaly Margulis 23.7.<\/a> &gt;Muensterturm1 (11.7)<\/li>\n<li><a href=\"https:\/\/www.freiburg-schwarzwald.de\/geologie1.htm#Sandstein vom Steinbruch in Heimbach f\u00fcrs Freiburger M\u00fcnster\">Sandstein vom Steinbruch in Heimbach f\u00fcrs Freiburger M\u00fcnster<\/a> &gt;Geologie1 (21.6.2008)<\/li>\n<li><a href=\"https:\/\/www.freiburg-schwarzwald.de\/muensterbauhuette.htm#Tag der offenen T\u00fcr am 14.6.2008 - Impressionen\">Tag der offenen T\u00fcr am 14.6.2008 &#8211; Impressionen<\/a> &gt;Muensterbauhuette (15.6.2008)<\/li>\n<li><a href=\"https:\/\/www.freiburg-schwarzwald.de\/muensterbauhuette.htm#14.6.2008: Tag der offenen T\u00fcr in der M\u00fcnsterbauh\u00fctte\">14.6.2008: Tag der offenen T\u00fcr in der M\u00fcnsterbauh\u00fctte<\/a> (3.6.2008)<\/li>\n<li><a href=\"https:\/\/www.freiburg-schwarzwald.de\/muensterturm1.htm#14.6.2008: Tag der offenen T\u00fcr in der M\u00fcnsterbauh\u00fctte\">14.6.2008: Tag der offenen T\u00fcr in der M\u00fcnsterbauh\u00fctte<\/a> &gt;Muensterturm1 (3.6.2008)<\/li>\n<li><a href=\"https:\/\/www.freiburg-schwarzwald.de\/freiburger-muenster2.htm#Steinverkauf jetzt direkt am M\u00fcnsterplatz - Sonderverkauf wegen Umzug\">Steinverkauf jetzt direkt am M\u00fcnsterplatz &#8211; Sonderverkauf wegen Umzug<\/a> &gt;Muenster2 (17.4.2008)<\/li>\n<li><a href=\"https:\/\/www.freiburg-schwarzwald.de\/muensterturm1.htm#Stern und Mondgesicht der Wetterfahne - Sanierung nach 145 Jahren\">Stern und Mondgesicht der Wetterfahne &#8211; Sanierung nach 145 Jahren<\/a> &gt;Muensterturm1 (22.8.07)<\/li>\n<li><a href=\"https:\/\/www.freiburg-schwarzwald.de\/littenweiler\/graffiti.htm#Nach Do-it-Yourself-Festival: Schmierer ziehen Spur durch die Stadt\">Nach Do-it-Yourself-Festival: Schmierer ziehen Spur durch die Stadt<\/a> &gt;Graffiti (11.8.2006)<\/li>\n<li><a href=\"https:\/\/www.freiburg-schwarzwald.de\/freiburger-muenster.htm#Yvonne Faller, die neue M\u00fcnsterbaumeisterin\">Yvonne Faller, die neue M\u00fcnsterbaumeisterin<\/a> &gt;Freiburger-Muenster (26.2.2005)<\/li>\n<li><a href=\"https:\/\/www.freiburg-schwarzwald.de\/freiburger-muenster2.htm#Autodidakt Christian Simon saniert das 111 Jahre alte Modell\">Autodidakt Christian Simon saniert das 111 Jahre alte Modell<\/a> &gt;Freiburger-Muenster2 (13.9.07)<\/li>\n<li><a href=\"https:\/\/www.freiburg-schwarzwald.de\/freiburger-muenster2.htm#freiburger-muenster.info mit Kinder-Extra jetzt online\">freiburger-muenster.info mit Kinder-Extra jetzt online<\/a> &gt;Freiburger-muenster2 (12.9.2007)<\/li>\n<li><a href=\"https:\/\/www.freiburg-schwarzwald.de\/freiburger-muenster2.htm#M\u00fcnsterbauverein: Mitgliederversammlung, Beitr\u00e4ge, Turm\">M\u00fcnsterbauverein: Mitgliederversammlung, Beitr\u00e4ge, Turm<\/a> &gt;Freiburger-Muenster2 (8.12.2006)<\/li>\n<li><a href=\"https:\/\/www.freiburg-schwarzwald.de\/freiburger-muenster1.htm#Kinderbuch: Steine, Bilder, Glockenschlag\">Kinderbuch zum M\u00fcnster: Steine, Bilder, Glockenschlag<\/a> &gt;Freiburger-Muenster1 (3.7.2006)<\/li>\n<li><a href=\"https:\/\/www.freiburg-schwarzwald.de\/tiere2.htm#Taubendreck am Freiburger M\u00fcnster: 1,5 Millionen Euro Schaden\">Taubendreck am Freiburger M\u00fcnster: 1,5 Millionen Euro Schaden<\/a> &gt;Tiere2 (10.7.2004)<\/li>\n<li><\/li>\n<li><strong><a href=\"https:\/\/www.freiburg-schwarzwald.de\/muensterbauhuette.htm\">www.freiburg-schwarzwald.de\/muensterbauhuette.htm<\/a> &gt;Archivseite<\/strong><\/li>\n<li>M\u00fcnsterbauverein Freiburg<\/li>\n<li><a title=\"Muensterbauhuette\" href=\"https:\/\/www.freiburg-schwarzwald.de\/blog\/religion\/kirchen\/muenster\/muensterbauhuette\/\">M\u00fcnsterbauh\u00fctte<\/a><\/li>\n<li><a title=\"Steinmetz\" href=\"https:\/\/www.freiburg-schwarzwald.de\/blog\/business\/handwerk\/steinmetz\/\">Steinmetz<\/a><\/li>\n<li><a title=\"Wir-bauen-mit\" href=\"https:\/\/www.freiburg-schwarzwald.de\/blog\/religion\/kirchen\/muenster\/wir-bauen-mit\/\">Wir bauen mit<\/a><\/li>\n<\/ul>\n<p>&nbsp;<\/p>\n<p>&nbsp;<\/p>\n<p><strong>M\u00fcnsterbauverein Freiburg<\/strong><\/p>\n<p>Der M\u00fcnsterbauverein unterh\u00e4lt neben der <a href=\"https:\/\/www.freiburg-schwarzwald.de\/muensterbauhuette.htm#M\u00fcnsterbauh\u00fctte - Steinmetzwerkstatt\">M\u00fcnsterbauh\u00fctte<\/a> in der Schoferstrasse 4 auch den <a href=\"https:\/\/www.freiburg-schwarzwald.de\/muensterbauhuette.htm#M\u00fcnsterladen in der Alten Bauh\u00fctte\">M\u00fcnsterladen<\/a> in der Herrenstrasse.<br \/>\nDer M\u00fcnsterbauverein wurde 1890 auf Initiative von Oberb\u00fcrgermeister Winterer gegr\u00fcndet, weil das M\u00fcnster in erbarmungsw\u00fcrdigem Zustand war und Geld f\u00fcr die Renovierung ben\u00f6tigt wurde. Auch heute hat der Freiburger M\u00fcnsterbauverein die Aufgabe, die Bauerhaltung des Freiburger M\u00fcnsters durchzuf\u00fchren. Er hat ca 5000 Mitglieder. Ehrenpr\u00e4sident des Vereins war der verstorbene Alt-Regierungspr\u00e4sident Conrad Schr\u00f6der. Der Verein ist auf \u00f6ffentliche Zusch\u00fcsse angewiesen:<br \/>\nEin Drittel von Erzbistum Freiburg<br \/>\nEin Drittel vom Land Baden-W\u00fcrttemberg<br \/>\nEin Sechstel von der Stadt Freiburg<br \/>\nDas restliche Sechstel \u00fcber den M\u00fcnsterbauverein von Spenden, auch von IHNEN?<\/p>\n<p>Gr\u00fcndungsjahr 1890. \u00dcber 5000 Mitglieder. Jahresbudget von knapp 2,7 Millionen Euro.\u00a0Alle vier Jahre Hauptversammlung mit Wahlen f\u00fcr das 22-k\u00f6pfige Pr\u00e4sidium, zuletzt am 4.12.2013.<\/p>\n<p>M\u00fcnsterbauvereins-Vorsitzender von Ungern-Sternberg<br \/>\nPr\u00e4sidium mit 25 Mitgliedern (Wahl Juni 2009): Veit Baudler, Anton Bauhofer, Wulf-Heinrich Daseking, Helmut Engler, Martina Feierling-Rombach, Constanze Ganter, Ilka von Gleichenstein, Eberhard Grether, Andrea Haufe, Christian Himmelsbach, Hans Hubert, Elisabeth von Kageneck, Peter Kalchthaler, Johannes Koch, Guido Kremp, Jan K\u00fchle, Bernhard K\u00fchn, Otto Neideck, Heinz Sch\u00e4fer, Wolfgang Schillinger, Volker-Michael Strocka und J\u00f6rg Vogel.<\/p>\n<p>Freiburger M\u00fcnsterbauverein, Schoferstr. 4, 79098 Freiburg, Tel 0761\/33432<br \/>\nLeitung: M\u00fcnsterbaumeisterin Yvonne Faller<br \/>\n<a href=\"https:\/\/www.muensterbauverein-freiburg.de\/\">www.muensterbauverein-freiburg.de<\/a><\/p>\n<p><strong><span style=\"color: #008000;\">Freiburger M\u00fcnsterbauverein e.V., Spendenkonto 2202000, BLZ 68090000, Volksbank FR<\/span><\/strong><\/p>\n<p>&nbsp;<\/p>\n<p>&#8212;&#8212;&#8212;&#8212;&#8212;&#8212;&#8212;&#8212;&#8212;&#8212;&#8212;&#8212;&#8212;&#8212;&#8212;&#8212;&#8212;-<\/p>\n<p>&nbsp;<\/p>\n<p>&nbsp;<\/p>\n","protected":false},"excerpt":{"rendered":"<p>Home &gt;Religion &gt;Kirchen &gt;Freiburg &gt;Muenster &gt;Muensterbauverein &nbsp; Jahresr\u00fcckblick auf die Arbeiten am Freiburger M\u00fcnster (14.11.2022) https:\/\/www.freiburg-schwarzwald.de\/blog\/muenster-turmhelm-geruestfrei\/ (18.8.2016) https:\/\/www.freiburg-schwarzwald.de\/blog\/muenster-fr-fotowettbewerb\/ (11.6.2016) https:\/\/www.freiburg-schwarzwald.de\/blog\/muenster-junge-baumeister\/ (23.1.2014) Zehn Jahre C-Punkt beim M\u00fcnsterplatz: Am Weg der Menschen &gt;C-Punkt (21.7.2011) Wasserspeier Zanner vom M\u00fcnster als Weihnachtsgeschenk &gt;Weihnachten1 (14.12.2010) &hellip; <a href=\"https:\/\/www.freiburg-schwarzwald.de\/blog\/religion\/kirchen\/muenster\/muensterbauverein\/\">Weiterlesen <span class=\"meta-nav\">&rarr;<\/span><\/a><\/p>\n","protected":false},"author":4,"featured_media":0,"parent":2378,"menu_order":0,"comment_status":"open","ping_status":"closed","template":"","meta":{"footnotes":""},"class_list":["post-41873","page","type-page","status-publish","hentry"],"_links":{"self":[{"href":"https:\/\/www.freiburg-schwarzwald.de\/blog\/wp-json\/wp\/v2\/pages\/41873","targetHints":{"allow":["GET"]}}],"collection":[{"href":"https:\/\/www.freiburg-schwarzwald.de\/blog\/wp-json\/wp\/v2\/pages"}],"about":[{"href":"https:\/\/www.freiburg-schwarzwald.de\/blog\/wp-json\/wp\/v2\/types\/page"}],"author":[{"embeddable":true,"href":"https:\/\/www.freiburg-schwarzwald.de\/blog\/wp-json\/wp\/v2\/users\/4"}],"replies":[{"embeddable":true,"href":"https:\/\/www.freiburg-schwarzwald.de\/blog\/wp-json\/wp\/v2\/comments?post=41873"}],"version-history":[{"count":1,"href":"https:\/\/www.freiburg-schwarzwald.de\/blog\/wp-json\/wp\/v2\/pages\/41873\/revisions"}],"predecessor-version":[{"id":106204,"href":"https:\/\/www.freiburg-schwarzwald.de\/blog\/wp-json\/wp\/v2\/pages\/41873\/revisions\/106204"}],"up":[{"embeddable":true,"href":"https:\/\/www.freiburg-schwarzwald.de\/blog\/wp-json\/wp\/v2\/pages\/2378"}],"wp:attachment":[{"href":"https:\/\/www.freiburg-schwarzwald.de\/blog\/wp-json\/wp\/v2\/media?parent=41873"}],"curies":[{"name":"wp","href":"https:\/\/api.w.org\/{rel}","templated":true}]}}