{"id":41678,"date":"2013-12-03T15:31:39","date_gmt":"2013-12-03T14:31:39","guid":{"rendered":"https:\/\/www.freiburg-schwarzwald.de\/blog\/?page_id=41678"},"modified":"2013-12-03T16:06:43","modified_gmt":"2013-12-03T15:06:43","slug":"lebensraum-fuer-alle","status":"publish","type":"page","link":"https:\/\/www.freiburg-schwarzwald.de\/blog\/business\/dienste\/immobilien\/wohnen\/lebensraum-fuer-alle\/","title":{"rendered":"Lebensraum-fuer-Alle"},"content":{"rendered":"<p>Home &gt;<a title=\"Soziales\" href=\"https:\/\/www.freiburg-schwarzwald.de\/blog\/selbsthilfe\/soziales\/\">Soziales<\/a> &gt;<a title=\"Dienste\" href=\"https:\/\/www.freiburg-schwarzwald.de\/blog\/business\/dienste\/\">Dienste<\/a> &gt;<a title=\"Immobilien\" href=\"https:\/\/www.freiburg-schwarzwald.de\/blog\/business\/dienste\/immobilien\/\">Immobilien<\/a> &gt;<a title=\"Wohnen\" href=\"https:\/\/www.freiburg-schwarzwald.de\/blog\/business\/dienste\/immobilien\/wohnen\/\">Wohnen<\/a> &gt;<a title=\"Senioren\" href=\"https:\/\/www.freiburg-schwarzwald.de\/blog\/selbsthilfe\/senioren\/\">Senioren<\/a> &gt;Lebensraum-fuer-Alle<\/p>\n<div id=\"attachment_41375\" style=\"width: 646px\" class=\"wp-caption alignnone\"><a href=\"https:\/\/www.freiburg-schwarzwald.de\/blog\/business\/markt\/littenweiler-bauernmarkt\/markt-littenweiler-fahrrad-pan131109\/\" rel=\"attachment wp-att-41375\"><img loading=\"lazy\" decoding=\"async\" aria-describedby=\"caption-attachment-41375\" class=\"size-full wp-image-41375\" title=\"markt-littenweiler-fahrrad-pan131109\" src=\"https:\/\/www.freiburg-schwarzwald.de\/blog\/wp-content\/uploads\/2013\/11\/markt-littenweiler-fahrrad-pan131109.jpg\" alt=\"\" width=\"636\" height=\"308\" srcset=\"https:\/\/www.freiburg-schwarzwald.de\/blog\/wp-content\/uploads\/2013\/11\/markt-littenweiler-fahrrad-pan131109.jpg 636w, https:\/\/www.freiburg-schwarzwald.de\/blog\/wp-content\/uploads\/2013\/11\/markt-littenweiler-fahrrad-pan131109-180x87.jpg 180w\" sizes=\"auto, (max-width: 636px) 100vw, 636px\" \/><\/a><p id=\"caption-attachment-41375\" class=\"wp-caption-text\">Mit dem Fahrrad zum Littenweiler Bauernmarkt fahren - auch am 9.11.2013<\/p><\/div>\n<ul>\n<li><a href=\"https:\/\/www.freiburg-schwarzwald.de\/barrierefrei.htm#Freiburg f\u00fcr Alle am 3.12.2010: Behindertenfreundliches Einkaufen\">Freiburg f\u00fcr Alle am 3.12.2010: Behindertenfreundliches Einkaufen<\/a> &gt;Barrierefrei (29.11.2010)<\/li>\n<li><a href=\"https:\/\/www.freiburg-schwarzwald.de\/barrierefrei.htm#Freiburg-Stadtf\u00fchrer mit barrierefreien Angeboten von DeWo\">Freiburg-Stadtf\u00fchrer mit barrierefreien Angeboten von DeWo<\/a> &gt;Barrierefrei (6.11.2007)<\/li>\n<li><a href=\"https:\/\/www.freiburg-schwarzwald.de\/littenweiler\/stegen4.htm\">Motivent 2007 &#8211; Motorrad und Behinderung<\/a> &gt;Stegen4 (30.9.2007)<\/li>\n<li><a href=\"https:\/\/www.freiburg-schwarzwald.de\/littenweiler\/behinderung1.htm#freiburg-fuer-alle.de - ein Online-Behindertenf\u00fchrer\">Behindertenf\u00fchrer Freiburg-f\u00fcr-Alle<\/a> &gt;Behinderung1<\/li>\n<li>\n<div class=\"mceTemp\"><a title=\"Barrierefrei\" href=\"https:\/\/www.freiburg-schwarzwald.de\/blog\/selbsthilfe\/behinderung\/barrierefrei\/\">Barrierefrei<\/a><\/div>\n<\/li>\n<li>\n<div class=\"mceTemp\">Lebensraum f\u00fcr Alle<\/div>\n<\/li>\n<li>\n<div class=\"mceTemp\">Freiburg f\u00fcr Alle<\/div>\n<\/li>\n<\/ul>\n<p class=\"mceTemp\">\u00a0<\/p>\n<p class=\"mceTemp\"><strong>Lebensraum f\u00fcr Alle<\/strong><\/p>\n<p>Lebensraum f\u00fcr Alle e.V. ist ein ehrenamtliches und gemeinn\u00fctziges\u00a0Kompetenznetzwerk mit Spezialisten aus folgenden Bereichen:<br \/>\n&#8211; Medizin: \u00c4rzte, Physiotherapeuten und Psychologen<br \/>\n&#8211; Demenz<br \/>\n&#8211; Induktive H\u00f6ranlagen<br \/>\n&#8211; F\u00f6rdermittel (KFW)<br \/>\n&#8211; Architektur und barrierefreies Bauen<br \/>\n&#8211; Handwerk<br \/>\n&#8211; Seniorenrat<br \/>\n&#8211; Seniorenb\u00fcro<br \/>\n&#8211; Handel- und Fachhandel<\/p>\n<p>Ziel der Initiative: Sensibilisierung der \u00d6ffentlichkeit, sozialer und politischer Institutionen und Unternehmen f\u00fcr die M\u00f6glichkeiten und Chancen des demografischen Wandels sowie der Inklusion.<br \/>\nVernetzung vorhandener Projekte durch Informationen im Internet, auf Messen und Symposien<br \/>\nOrganisation von Veranstaltungen<br \/>\nF\u00f6rderung und Unterst\u00fctzung von Ideen aus dem Produkt- und Dienstleistungsbereich, die das Miteinander unter \u00f6kologischen, sozialen, \u00f6konomischen und nachhaltigen Gesichtspunkten verbessern, denn: Barrierefreiheit ist f\u00fcr- 10 % der Bev\u00f6lkerung zwingend notwendig, f\u00fcr 40% hilfreich und f\u00fcr\u00a0100%\u00a0generationenfreundlich, nachhaltig<\/p>\n<p>\u00a0\u00a0<br \/>\n<strong>Lebensraum f\u00fcr alle e.V.<\/strong><br \/>\nL\u00e4ngenloh 11, 79108 Freiburg, <a title=\"Email an info@lebensraum-fuer-alle.org\" href=\"mailto:info@lebensraum-fuer-alle.org\">info@lebensraum-fuer-alle.org<\/a>, Tel 0761 &#8211; 56 31 7<br \/>\nVertreten durch: Albert Gothe, Gernot Wolfgang<br \/>\n<a href=\"https:\/\/www.lebensraum-fuer-alle.de\">www.lebensraum-fuer-alle.de<\/a>\u00a0<\/p>\n<p class=\"mceTemp\">\u00a0<\/p>\n<p class=\"mceTemp\">\u00a0<\/p>\n<p><strong>Freiburg f\u00fcr Alle<\/strong><\/p>\n<p><a href=\"https:\/\/www.freiburg-schwarzwald.de\/blog\/business\/dienste\/immobilien\/wohnen\/lebensraum-fuer-alle\/motivent20-070930\/\" rel=\"attachment wp-att-41687\"><img loading=\"lazy\" decoding=\"async\" class=\"alignnone size-thumbnail wp-image-41687\" title=\"motivent20-070930\" src=\"https:\/\/www.freiburg-schwarzwald.de\/blog\/wp-content\/uploads\/2013\/12\/motivent20-070930-180x135.jpg\" alt=\"\" width=\"180\" height=\"135\" srcset=\"https:\/\/www.freiburg-schwarzwald.de\/blog\/wp-content\/uploads\/2013\/12\/motivent20-070930-180x135.jpg 180w, https:\/\/www.freiburg-schwarzwald.de\/blog\/wp-content\/uploads\/2013\/12\/motivent20-070930.jpg 640w\" sizes=\"auto, (max-width: 180px) 100vw, 180px\" \/><\/a>\u00a0 Gernot Wolfgang von DeWo auf einem Draisin Dreirad am 30.9.2007 in <a href=\"https:\/\/www.freiburg-schwarzwald.de\/littenweiler\/stegen4.htm\">Stegen<\/a><\/p>\n<p>Firmenpr\u00e4senz im Internet und Print.<br \/>\n<a href=\"https:\/\/www.freiburg-fuer-alle.de\/\">www.freiburg-fuer-alle.de<\/a><\/p>\n<p>DeWo Verlag GmbH<br \/>\nB\u00f6tzinger Stra\u00dfe 74, 79111 Freiburg i. Br., Fon: 0761 &#8211; 45 37 200, Fax: 0761 &#8211; 45 37 202<br \/>\n<a href=\"https:\/\/www.dewo-verlag.de\/\">www.dewo-verlag.de<\/a> , <a href=\"mailto:info@dewo-verlag.de\">info@dewo-verlag.de<\/a><\/p>\n<p>Start des Internetportals <a href=\"https:\/\/www.freiburg-fuer-alle.de\/\" target=\"_blank\">www.freiburg-fuer-alle.de<\/a> war im Jahr 2002.<br \/>\nIn 2007 erste Printausgabe des Stadtf\u00fchrers \u201e Freiburg f\u00fcr Alle\u201c mit speziellen barrierefreien Angeboten f\u00fcr Touristen und Einheimische. 2013 erschien die 4., aktual. Auflage.<br \/>\n2012: Gr\u00fcndung des Internetportals \u201eRegio f\u00fcr Alle\u201c (<a title=\"Homepage von Regio f\u00fcr Alle\" href=\"https:\/\/www.regio-fuer-alle.de\/\" target=\"_blank\">www.regio-fuer-alle.de<\/a>)<br \/>\nDer Verein &#8222;Lebensraum f\u00fcr Alle&#8220; ging aus der Initiative <strong>&#8222;<\/strong>Freiburg f\u00fcr Alle&#8220; hervor.<\/p>\n","protected":false},"excerpt":{"rendered":"<p>Home &gt;Soziales &gt;Dienste &gt;Immobilien &gt;Wohnen &gt;Senioren &gt;Lebensraum-fuer-Alle Freiburg f\u00fcr Alle am 3.12.2010: Behindertenfreundliches Einkaufen &gt;Barrierefrei (29.11.2010) Freiburg-Stadtf\u00fchrer mit barrierefreien Angeboten von DeWo &gt;Barrierefrei (6.11.2007) Motivent 2007 &#8211; Motorrad und Behinderung &gt;Stegen4 (30.9.2007) Behindertenf\u00fchrer Freiburg-f\u00fcr-Alle &gt;Behinderung1 Barrierefrei Lebensraum f\u00fcr Alle Freiburg &hellip; <a href=\"https:\/\/www.freiburg-schwarzwald.de\/blog\/business\/dienste\/immobilien\/wohnen\/lebensraum-fuer-alle\/\">Weiterlesen <span class=\"meta-nav\">&rarr;<\/span><\/a><\/p>\n","protected":false},"author":4,"featured_media":0,"parent":965,"menu_order":0,"comment_status":"open","ping_status":"closed","template":"","meta":{"footnotes":""},"class_list":["post-41678","page","type-page","status-publish","hentry"],"_links":{"self":[{"href":"https:\/\/www.freiburg-schwarzwald.de\/blog\/wp-json\/wp\/v2\/pages\/41678","targetHints":{"allow":["GET"]}}],"collection":[{"href":"https:\/\/www.freiburg-schwarzwald.de\/blog\/wp-json\/wp\/v2\/pages"}],"about":[{"href":"https:\/\/www.freiburg-schwarzwald.de\/blog\/wp-json\/wp\/v2\/types\/page"}],"author":[{"embeddable":true,"href":"https:\/\/www.freiburg-schwarzwald.de\/blog\/wp-json\/wp\/v2\/users\/4"}],"replies":[{"embeddable":true,"href":"https:\/\/www.freiburg-schwarzwald.de\/blog\/wp-json\/wp\/v2\/comments?post=41678"}],"version-history":[{"count":0,"href":"https:\/\/www.freiburg-schwarzwald.de\/blog\/wp-json\/wp\/v2\/pages\/41678\/revisions"}],"up":[{"embeddable":true,"href":"https:\/\/www.freiburg-schwarzwald.de\/blog\/wp-json\/wp\/v2\/pages\/965"}],"wp:attachment":[{"href":"https:\/\/www.freiburg-schwarzwald.de\/blog\/wp-json\/wp\/v2\/media?parent=41678"}],"curies":[{"name":"wp","href":"https:\/\/api.w.org\/{rel}","templated":true}]}}