{"id":41636,"date":"2013-12-03T09:03:01","date_gmt":"2013-12-03T08:03:01","guid":{"rendered":"https:\/\/www.freiburg-schwarzwald.de\/blog\/?page_id=41636"},"modified":"2020-01-28T11:49:42","modified_gmt":"2020-01-28T10:49:42","slug":"crowfunding","status":"publish","type":"page","link":"https:\/\/www.freiburg-schwarzwald.de\/blog\/business\/crowfunding\/","title":{"rendered":"Crowfunding"},"content":{"rendered":"<p>Home &gt;<a title=\"Business\" href=\"https:\/\/www.freiburg-schwarzwald.de\/blog\/business\/\">Business<\/a> &gt;<a title=\"Industrie\" href=\"https:\/\/www.freiburg-schwarzwald.de\/blog\/business\/industrie\/\">Industrie<\/a> &gt;Crowfunding<\/p>\n<div id=\"attachment_41463\" style=\"width: 650px\" class=\"wp-caption alignnone\"><a href=\"https:\/\/www.freiburg-schwarzwald.de\/blog\/regio\/berge\/schauinsland\/schnee8schauinsland-pan131128\/\" rel=\"attachment wp-att-41463\"><img loading=\"lazy\" decoding=\"async\" aria-describedby=\"caption-attachment-41463\" class=\"size-full wp-image-41463\" title=\"schnee8schauinsland-pan131128\" src=\"https:\/\/www.freiburg-schwarzwald.de\/blog\/wp-content\/uploads\/2012\/10\/schnee8schauinsland-pan131128.jpg\" alt=\"\" width=\"640\" height=\"253\" srcset=\"https:\/\/www.freiburg-schwarzwald.de\/blog\/wp-content\/uploads\/2012\/10\/schnee8schauinsland-pan131128.jpg 640w, https:\/\/www.freiburg-schwarzwald.de\/blog\/wp-content\/uploads\/2012\/10\/schnee8schauinsland-pan131128-180x71.jpg 180w\" sizes=\"auto, (max-width: 640px) 100vw, 640px\" \/><\/a><p id=\"caption-attachment-41463\" class=\"wp-caption-text\">Blick nach Norden vom H\u00f6henweg zum Schauinslandturm am 28.11.2013 &#8211; erster Schnee<\/p><\/div>\n<ul>\n<li>Schwarzwald-Crowd.de sammelt Geld f\u00fcr Vereine ein (28.1.2020)<\/li>\n<li>\n<div>Gr\u00fcnderpreis der Uni 2014 wurde vergeben (9.12.2014)<\/div>\n<\/li>\n<li>\n<div>Freiburg geh\u00f6rt zu den top-ten der deutschen St\u00e4dte (4.12.2014)<\/div>\n<\/li>\n<li>\n<div>Crowdfunding-Roadshow vom Uni Gr\u00fcnderb\u00fcro (3.12.2013)<\/div>\n<\/li>\n<li>\n<div><a href=\"https:\/\/www.freiburg-schwarzwald.de\/blog\/zwei-studenten-finanzieren-haiti-dokumentarfilm-mit-crowfunding-website\/\">https:\/\/www.freiburg-schwarzwald.de\/blog\/zwei-studenten-finanzieren-haiti-dokumentarfilm-mit-crowfunding-website\/<\/a>\u00a0(15.6.2012<\/div>\n<\/li>\n<li>\n<div>\n<p>Gr\u00fcnderb\u00fcro an der Uni Freiburg<\/p>\n<\/div>\n<\/li>\n<\/ul>\n<p>&nbsp;<\/p>\n<p><strong>Gr\u00fcnderb\u00fcro an der Uni Freiburg<\/strong><\/p>\n<p>&#8222;Das Gr\u00fcnderb\u00fcro ist eine Abteilung der <a href=\"https:\/\/www.zft.uni-freiburg.de\/\" target=\"_blank\">Zentralstelle f\u00fcr Technologietransfer (ZFT)<\/a> der Universit\u00e4t Freiburg und handelt auch f\u00fcr den <a title=\"Der Gr\u00fcnderverbund CTO\" href=\"https:\/\/www.cto.uni-freiburg.de\/wir\/gruenderverbund\" target=\"_blank\">Gr\u00fcnderverbund CTO<\/a>, dessen Gesch\u00e4ftsstelle es ist. Der Gr\u00fcnderverbund entstammt dem Landeswettbewerb &#8222;Gr\u00fcnderverbunde auf dem Campus&#8220;, den das Gr\u00fcnderb\u00fcro vor \u00fcber 10 Jahren erfolgreich bestreiten konnte. Das Gr\u00fcnderb\u00fcro ist f\u00fcr alle gr\u00fcndungsbezogenen Fragen und die Zusammenarbeit der Universit\u00e4t Freiburg mit den am Verbund beteiligten\u00a0Hochschulen der Region zust\u00e4ndig. Es bietet allen angehenden Unternehmer\/innen\u00a0beim\u00a0Start in die Selbst\u00e4ndigkeit eine\u00a0qualifizierte Hilfe\u00a0bei z.B. der\u00a0Erstellung des Businessplans.&#8220;<br \/>\n<a href=\"https:\/\/www.gruendung.uni-freiburg.de\/wir\">https:\/\/www.gruendung.uni-freiburg.de\/wir<\/a><br \/>\n<a href=\"https:\/\/www.zft.uni-freiburg.de\">www.zft.uni-freiburg.de<\/a><br \/>\n<a href=\"https:\/\/www.cto.uni-freiburg.de\">www.cto.uni-freiburg.de<\/a><br \/>\n&#8212;&#8212;&#8212;&#8212;&#8212;&#8212;&#8212;&#8212;&#8212;&#8212;&#8212;&#8212;&#8212;&#8212;&#8212;&#8212;&#8212;&#8212;&#8212;&#8212;&#8212;&#8212;&#8212;&#8212;&#8212;&#8212;&#8212;&#8212;&#8212;-<\/p>\n<p>&nbsp;<\/p>\n<p><strong>Schwarzwald-Crowd.de sammelt Geld f\u00fcr Vereine ein<\/strong><br \/>\nDas Freiburger Versorgungsunternehmen Badenova hat eine Onlineplattform mit dem Namen &#8222;Schwarzwald-Crowd&#8220; gestartet, mit deren Hilfe Vereine und Organisationen aus der Region leichter Spendengeld einsammeln k\u00f6nnen sollen. Dazu werden auf der Plattform die Projekte pr\u00e4sentiert, f\u00fcr die man Geld zusammenbringen will, Besucher der Plattform k\u00f6nnen dann Spendenzusagen abgeben. Dieses Vorgehen wird auch Crowdfunding genannt. Die Menge (Crowd) sorgt mit kleinen individuellen Betr\u00e4gen in der Summe f\u00fcr die Finanzierung (Funding). Der Leichtathletik Verein LAC Freiburg ist der erste Verein, der erfolgreich die &#8222;Schwarzwald-Crowd&#8220; genutzt hat. Es ging um die Anschaffung von LED-Strahlern zur Ausleuchtung des abendlichen Trainings. Zur Finanzierung waren 1300 Euro n\u00f6tig, 1765 Euro an Zusagen kamen zusammen.<br \/>\n<a title=\"badenova\" href=\"https:\/\/www.freiburg-schwarzwald.de\/blog\/energie\/strom\/badenova\/\">Badenova<\/a> nutzt die Plattform als Marketinginstrument. Man verstehe sich als &#8222;ein eng in der Region verwurzeltes Unternehmen&#8220; und unterst\u00fctze mit eigenen Mitteln ohnehin bereits etliche Veranstaltungen, Vereine und Organisationen. V\u00f6llig selbstlos ist die Sache aber nicht. Kommt die angestrebte Spendensumme zusammen, fallen eine Provision von sieben Prozent und eine Abwicklungsgeb\u00fchr von vier Prozent an. Mitmachen k\u00f6nnen Projekte, die einen \u00f6kologischen, sportlichen, sozialen, kulturellen oder gesellschaftlichen Zweck verfolgen und &#8222;gut f\u00fcr unsere Region&#8220; sind. Ausgeschlossen sind religi\u00f6se, weltanschauliche und politische Anliegen.<br \/>\n28.1.2020, <a href=\"https:\/\/www.schwarzwald-crowd.de\">https:\/\/www.schwarzwald-crowd.de<\/a>.<br \/>\n.<\/p>\n<p>&nbsp;<\/p>\n<p><strong>Gr\u00fcnderpreis der Uni 2014 wurde vergeben<\/strong><br \/>\nDer Gr\u00fcnderpreis der Universit\u00e4t Freiburg geht an eine Firma, die sich bessere B\u00fcrgerbeteiligung auf die Fahne geschrieben hat \/ Energiesparen wird ebenfalls pr\u00e4miert. &#8230;.<br \/>\nAlls vom 9.12.2014 bitte lesen auf<br \/>\n<a href=\"https:\/\/www.badische-zeitung.de\/wirtschaft-3\/es-muss-nicht-immer-hightech-sein--96051173.html\">https:\/\/www.badische-zeitung.de\/wirtschaft-3\/es-muss-nicht-immer-hightech-sein&#8211;96051173.html<\/a><\/p>\n<p>Die Finalisten:<\/p>\n<p>Ideenwerkst\u00e4tten moderieren<br \/>\nThomas Uhlendahl<br \/>\n<a href=\"https:\/\/www.memo-u.de\">www.memo-u.de <\/a><\/p>\n<p>Virtuelles Fl\u00fcssigkeitsmanagement<br \/>\nMarkus Ihmsen, jens Cornelis und Andreas Henne<br \/>\n<a href=\"https:\/\/www.cg.informatik.uni-freiburg.de%20\">www.cg.informatik.uni-freiburg.de <\/a><\/p>\n<p>Impfstoff als Depot: Tabletten gegen Hepatitis<br \/>\n<a href=\"https:\/\/www.Bionicure.eu\">www.Bionicure.eu<\/a><\/p>\n<p>Kopierer f\u00fcr DNA &#8211; Immune-e-day<br \/>\nG\u00fcnther Rot et al<br \/>\n<a href=\"https:\/\/www.bio.uni-freiburg.de%20\">www.bio.uni-freiburg.de <\/a><\/p>\n<p>zeit, sich zu verabreden<br \/>\nDominic Worthmann<br \/>\n<a href=\"https:\/\/www.meetup.com%20\">www.meetup.com <\/a><\/p>\n<p>M\u00f6bel nach Ma\u00df<br \/>\nMartin Weber und Dominic Lindner<br \/>\n<a href=\"https:\/\/www.my-moebelstueck.de%20\">www.my-moebelstueck.de <\/a><\/p>\n<p>Strom mit Grips<br \/>\nHendrik Klosterk\u00e4mper<br \/>\n<a href=\"https:\/\/www.enit-systems.com\">www.enit-systems.com<\/a><\/p>\n<p>&nbsp;<\/p>\n<p>&nbsp;<\/p>\n<p><strong>Freiburg geh\u00f6rt zu den top-ten der deutschen St\u00e4dte (Ranking der Wirtschaftswoche)<\/strong><\/p>\n<p>Im<span class=\"Apple-converted-space\"><span style=\"font-family: Verdana;\">\u00a0<\/span><\/span>Dynamik-Vergleich<span class=\"Apple-converted-space\"><span style=\"font-family: Verdana;\">\u00a0<\/span><\/span>landet Freiburg auf dem zehnten Platz. Das ist einerseits dem Bev\u00f6lkerungswachstum geschuldet. Zwischen 2011 und 2013 stieg die Zahl der Einwohner um 5,1 Prozent, w\u00e4hrend der Durchschnitt bei 1,8 Prozent liegt. Nur Leipzig w\u00e4chst schneller. Ebenfalls kr\u00e4ftig zugelegt hat die Zahl der sozialversicherungspflichtig Besch\u00e4ftigten, und zwar um 14,8 Prozent in den vergangenen sechs Jahren (Rang 6). Der Durchschnitt liegt bei 8,9 Prozent. Und der Anteil der Besch\u00e4ftigten, die einen (Fach-) Hochschulabschluss steigt nur in Halle\/Saale st\u00e4rker als in Freiburg. Gebremst wird die Dynamik dadurch, dass auf lange Sicht die Zahl der Gewerbe-Abmeldungen \u00fcber jener der Anmeldungen liegt (Rang 54). &#8230;.<br \/>\nalles vom 4.12.2014 bitte lesen auf<br \/>\n<a href=\"https:\/\/www.badische-zeitung.de\/freiburg-gehoert-zu-den-top-ten-der-deutschen-staedte\">https:\/\/www.badische-zeitung.de\/freiburg-gehoert-zu-den-top-ten-der-deutschen-staedte<\/a><\/p>\n<p>&nbsp;<\/p>\n<p><strong>Junge Gr\u00fcnder verlassen Freiburg &#8211; nach Leipzig oder Berlin<\/strong><br \/>\n&#8222;Gebremst wird die Dynamik dadurch, dass auf lange Sicht die Zahl der Gewerbe-Abmeldungen \u00fcber jener der Anmeldungen liegt.&#8220; Freiburg vergibt jede Chance, junge Gr\u00fcnder zu halten, die dank der Uni zu Scharen vorhanden w\u00e4ren. Es gibt keinen bezahlbaren Raum &#8211; weder Wohn- noch B\u00fcroraum &#8211; und auf lange Sicht auch keine Baugrundst\u00fccke, um sich bei Bedarf zu vergr\u00f6\u00dfern. Das Problem ist hausgemacht, denn Fl\u00e4chen wie das Rieselfeld oder St. Georgen sind vorhanden, werden aber nicht freigegeben. Selbst Stuttgart agiert hier besser, ist aber trotz intelligenterer Gr\u00fcnder-Politik f\u00fcr viele, die die freie Wahl haben, dennoch zu teuer. In den naturwissenschaftlichen und technischen Bereichen zieht es daher momentan fast jeden Gr\u00fcnder nach Berlin oder Leipzig, die sich dann dem dortigen universit\u00e4ren Umfeld anschliessen. Es w\u00e4re fast w\u00fcnschenswert, die Albert-Ludwigs- Universit\u00e4t auch in den Osten zu verlagern, damit die dumpfe badische Kommunalpolitik und merkbefreite FWTM nicht noch mehr Gr\u00fcnder ausbremsen k\u00f6nnen;-)<br \/>\n4.12.2014, Andreas Schmid<\/p>\n<p>&nbsp;<\/p>\n<div><strong>Crowdfunding-Roadshow vom Uni Gr\u00fcnderb\u00fcro<\/strong><\/div>\n<p>Am Donnerstag, 5.12.2013, 18 bis 21 Uhr, veranstaltet das Uni-Gr\u00fcnderb\u00fcro Freiburg zusammen mit den Verb\u00e4nden BW-Con und Microtec S\u00fcdwest eine Roadshow zum Thema Crowdfunding und Crowdinvesting in Freiburg. Gemeint ist damit die Finanzierung von Gesch\u00e4ftsideen durch eine gro\u00dfe Zahl von Investoren mit kleinen und kleinsten Betr\u00e4gen (Schwarmfinanzierung). Treffpunkt: Peterhofkeller, Niemensstra\u00dfe 10, 79098 Freiburg,\u00a0H\u00f6rsaal 3. Eintritt frei. Anmeldung: \u20050711 \/ 90715511.<\/p>\n<p>Thema des Business Roundtables am 5. Dezember 2013 in Freiburg ist neben der Vorstellung des bwcon: Hightech Award CyberOne 2014 und der EXI Hightech Gr\u00fcndungsgutscheine das Thema \u201eCrowdfunding\/Crowdinvesting\u201c. Das Prinzip von Crowdfunding, h\u00e4ufig \u00fcbersetzt mit \u201eSchwarmfinanzierung\u201c, ist einfach. Ziel ist die Finanzierung von Projekten, Produkten oder sogar Gesch\u00e4ftsideen durch eine Vielzahl von Personen. Wer nach Kapital sucht, nutzt eine der mittlerweile zahlreichen Crowdfunding-Plattformen, um dort sein Projekt vorzustellen. Ist das Budgetziel in der gesetzten Zeit erreicht, wird das Geld ausbezahlt.<br \/>\nCrowdfunding ist nicht nur zur Finanzierung von einzelnen Projekten, sondern auch zur Finanzierung von kapitalintensiven, jungen und innovativen Start-ups geeignet. Dann wird es aber meist als Crowdinvesting bezeichnet, denn statt einem \u201eDanke sch\u00f6n\u201c erhalten Investoren einen Anteil am Gewinn und Unternehmenswert. Es entstehen also Renditeerwartungen der Investoren, die sich durch die Partizipation am Unternehmenswachstum in bereits fr\u00fchen Phasen ergeben.<br \/>\nManuel He\u00df, Head of Operations der IPO.GO AG gibt einen \u00dcberblick \u00fcber die Thematik und auch \u00fcber die bekanntesten Plattformen.<br \/>\n<a href=\"https:\/\/www.bwcon.de\/\">https:\/\/www.bwcon.de\/<\/a><\/p>\n","protected":false},"excerpt":{"rendered":"<p>Home &gt;Business &gt;Industrie &gt;Crowfunding Schwarzwald-Crowd.de sammelt Geld f\u00fcr Vereine ein (28.1.2020) Gr\u00fcnderpreis der Uni 2014 wurde vergeben (9.12.2014) Freiburg geh\u00f6rt zu den top-ten der deutschen St\u00e4dte (4.12.2014) Crowdfunding-Roadshow vom Uni Gr\u00fcnderb\u00fcro (3.12.2013) https:\/\/www.freiburg-schwarzwald.de\/blog\/zwei-studenten-finanzieren-haiti-dokumentarfilm-mit-crowfunding-website\/\u00a0(15.6.2012 Gr\u00fcnderb\u00fcro an der Uni Freiburg &nbsp; Gr\u00fcnderb\u00fcro &hellip; <a href=\"https:\/\/www.freiburg-schwarzwald.de\/blog\/business\/crowfunding\/\">Weiterlesen <span class=\"meta-nav\">&rarr;<\/span><\/a><\/p>\n","protected":false},"author":4,"featured_media":0,"parent":13,"menu_order":0,"comment_status":"open","ping_status":"closed","template":"","meta":{"footnotes":""},"class_list":["post-41636","page","type-page","status-publish","hentry"],"_links":{"self":[{"href":"https:\/\/www.freiburg-schwarzwald.de\/blog\/wp-json\/wp\/v2\/pages\/41636","targetHints":{"allow":["GET"]}}],"collection":[{"href":"https:\/\/www.freiburg-schwarzwald.de\/blog\/wp-json\/wp\/v2\/pages"}],"about":[{"href":"https:\/\/www.freiburg-schwarzwald.de\/blog\/wp-json\/wp\/v2\/types\/page"}],"author":[{"embeddable":true,"href":"https:\/\/www.freiburg-schwarzwald.de\/blog\/wp-json\/wp\/v2\/users\/4"}],"replies":[{"embeddable":true,"href":"https:\/\/www.freiburg-schwarzwald.de\/blog\/wp-json\/wp\/v2\/comments?post=41636"}],"version-history":[{"count":0,"href":"https:\/\/www.freiburg-schwarzwald.de\/blog\/wp-json\/wp\/v2\/pages\/41636\/revisions"}],"up":[{"embeddable":true,"href":"https:\/\/www.freiburg-schwarzwald.de\/blog\/wp-json\/wp\/v2\/pages\/13"}],"wp:attachment":[{"href":"https:\/\/www.freiburg-schwarzwald.de\/blog\/wp-json\/wp\/v2\/media?parent=41636"}],"curies":[{"name":"wp","href":"https:\/\/api.w.org\/{rel}","templated":true}]}}