{"id":41149,"date":"2013-11-24T19:08:59","date_gmt":"2013-11-24T18:08:59","guid":{"rendered":"https:\/\/www.freiburg-schwarzwald.de\/blog\/?page_id=41149"},"modified":"2026-03-15T15:47:14","modified_gmt":"2026-03-15T14:47:14","slug":"kinderwunsch","status":"publish","type":"page","link":"https:\/\/www.freiburg-schwarzwald.de\/blog\/selbsthilfe\/kinder\/kinderwunsch\/","title":{"rendered":"Kinderwunsch"},"content":{"rendered":"<p><a href=\"https:\/\/www.freiburg-schwarzwald.de\/blog\">Home<\/a> &gt;<a title=\"Selbsthilfe\" href=\"https:\/\/www.freiburg-schwarzwald.de\/blog\/selbsthilfe\/\">Selbsthilfe<\/a> &gt;<a title=\"Zukunft\" href=\"https:\/\/www.freiburg-schwarzwald.de\/blog\/engagement\/zukunft\/\">Zukunft<\/a> &gt;<a title=\"Kinder\" href=\"https:\/\/www.freiburg-schwarzwald.de\/blog\/selbsthilfe\/kinder\/\">Kinder<\/a> &gt;Kinderwunsch<\/p>\n<div id=\"attachment_40770\" style=\"width: 651px\" class=\"wp-caption alignnone\"><a href=\"https:\/\/www.freiburg-schwarzwald.de\/blog\/global\/israel\/israel2013\/israelis\/telaviv-yafo-meer-pan131101\/\" rel=\"attachment wp-att-40770\"><img loading=\"lazy\" decoding=\"async\" aria-describedby=\"caption-attachment-40770\" class=\"size-full wp-image-40770\" title=\"telaviv-yafo-meer-pan131101\" src=\"https:\/\/www.freiburg-schwarzwald.de\/blog\/wp-content\/uploads\/2013\/11\/telaviv-yafo-meer-pan131101.jpg\" alt=\"\" width=\"641\" height=\"213\" srcset=\"https:\/\/www.freiburg-schwarzwald.de\/blog\/wp-content\/uploads\/2013\/11\/telaviv-yafo-meer-pan131101.jpg 641w, https:\/\/www.freiburg-schwarzwald.de\/blog\/wp-content\/uploads\/2013\/11\/telaviv-yafo-meer-pan131101-180x59.jpg 180w, https:\/\/www.freiburg-schwarzwald.de\/blog\/wp-content\/uploads\/2013\/11\/telaviv-yafo-meer-pan131101-640x212.jpg 640w\" sizes=\"auto, (max-width: 641px) 100vw, 641px\" \/><\/a><p id=\"caption-attachment-40770\" class=\"wp-caption-text\">Strand von Tel Aviv-Yafo am 1.11.2013<\/p><\/div>\n<ul>\n<li><em>Listenauswahl eines Beitrags (Artikel\/Datum, Seite\/Inhalt): <\/em><span style=\"text-decoration: underline;\">Klicken<\/span><em> oder scrollen<\/em><\/li>\n<li><a href=\"https:\/\/www.freiburg-schwarzwald.de\/blog\/selbsthilfe\/kinder\/kinderarmut\/\">Leihmutterschaft: Gegen die Geb\u00e4rmutter-Prostitution<\/a>\u00a0(13.3.2026)<\/li>\n<li><a href=\"https:\/\/www.freiburg-schwarzwald.de\/blog\/global\/griechenland\/\">Griechenlands Premier Mitsotakis: Geburtenquote ist \u201enationale Bedrohung\u201c<\/a>\u00a0(18.10.2024)<\/li>\n<li>Birgit Kelle: Ich kauf mir ein Kind &#8211; Leihmutterschaft (29.3.2024)<\/li>\n<li><a href=\"https:\/\/www.freiburg-schwarzwald.de\/blog\/selbsthilfe\/kinder\/babyboom\/\">Willkommenskultur f\u00fcr Kinder<\/a>\u00a0(.2.2023)<\/li>\n<li><a href=\"https:\/\/www.freiburg-schwarzwald.de\/blog\/leihmutterschaft-verbieten\/\">Leihmutterschaft verbieten<\/a>\u00a0(16.4.2022)<\/li>\n<li><a href=\"https:\/\/www.freiburg-schwarzwald.de\/blog\/kroeten-nur-fuer-die-kroeten\/\">Kr\u00f6ten nur f\u00fcr die Kr\u00f6ten \u2013 Abtreibungen<\/a>\u00a0(31.3.2022)<\/li>\n<li><a href=\"https:\/\/www.freiburg-schwarzwald.de\/blog\/selbsthilfe\/frauen\/abtreibung\/\">Assistierte Reproduktion und Pr\u00e4nataldiagnostik: Das Kind ist kein Produkt<\/a>\u00a0(17.9.21)<\/li>\n<li><a href=\"https:\/\/www.freiburg-schwarzwald.de\/blog\/social-freezing-in-usa-und-in-d\/\">https:\/\/www.freiburg-schwarzwald.de\/blog\/social-freezing-in-usa-und-in-d\/<\/a> (24.11.2014)<\/li>\n<li>Embryonenspende &#8211; Eizellen im Vorkernstadium (28.9.2014)<\/li>\n<li><a href=\"https:\/\/www.freiburg-schwarzwald.de\/blog\/reproduktionsmedizin-genesis\/\">https:\/\/www.freiburg-schwarzwald.de\/blog\/reproduktionsmedizin-genesis\/<\/a>\u00a0(26.9.2014)<\/li>\n<li>Social Freezing &#8211; kann die Fruchtbarkeitsreserve die biologische Uhr zur\u00fcckdrehen? (10.12.2013)<\/li>\n<li>IVF-Umfrage: Jede vierte Frau w\u00fcrde ihre Eizellen einfrieren lassen (14.10.2013)<\/li>\n<li>Die biologische Uhr anhalten: Eigene Eizellen einfrieren lassen (19.7.2013)<\/li>\n<\/ul>\n<ul>\n<li><a href=\"https:\/\/www.freiburg-schwarzwald.de\/blog\/selbsthilfe\/kinder\/babyboom\/\">Babyboom<\/a><\/li>\n<li>Kryokonservierung<\/li>\n<li><a title=\"Ehe\" href=\"https:\/\/www.freiburg-schwarzwald.de\/blog\/selbsthilfe\/familie\/ehe\/\">Ehe<\/a><\/li>\n<li><a title=\"Kinderarmut\" href=\"https:\/\/www.freiburg-schwarzwald.de\/blog\/selbsthilfe\/kinder\/kinderarmut\/\">Kinderarmut<\/a><\/li>\n<li><a title=\"Kinderlos\" href=\"https:\/\/www.freiburg-schwarzwald.de\/blog\/selbsthilfe\/kinder\/kinderlos\/\">Kinderlos<\/a><\/li>\n<li><a title=\"Kinderrechte\" href=\"https:\/\/www.freiburg-schwarzwald.de\/blog\/selbsthilfe\/kinder\/kinderrechte\/\">Kinderrechte<\/a><\/li>\n<li><a title=\"Liebe\" href=\"https:\/\/www.freiburg-schwarzwald.de\/blog\/selbsthilfe\/psyche\/liebe\/\">Liebe<\/a><\/li>\n<li><a title=\"Medizinethik\" href=\"https:\/\/www.freiburg-schwarzwald.de\/blog\/business\/gesund\/medizinethik\/\">Medizinethik<\/a><\/li>\n<li><a title=\"Reproduktionsmedizin\" href=\"https:\/\/www.freiburg-schwarzwald.de\/blog\/business\/gesund\/medizin\/reproduktionsmedizin\/\">Reproduktionsmedizin<\/a><\/li>\n<\/ul>\n<p>&nbsp;<\/p>\n<p><strong>Birgit Kelle: Ich kauf mir ein Kind &#8211; Leihmutterschaft<\/strong><br \/>\n<strong>\u201eWunschkinder\u201c meist von rechtlosen Frauen<\/strong><br \/>\nIm Boulevard und der LGBTQ-Gemeinde wird das Thema Leihmutterschafft gehypt. Prominente wie Elton John oder Paris Hilton machen es vor. Sie lassen sich ihre Kinder von Leihm\u00fcttern austragen. Ist es eine Win-Win-Situation oder vor allem ein Riesengesch\u00e4ft, bei dem Kinder und Frauen zu Ware werden?<br \/>\nDie Autorin und Journalistin Birgit Kelle hat eine ganz klare Meinung. \u201eLeihmutterschaft ist vor allem Menschenhandel. Arme Frauen werden skrupellos ausgenutzt. Kinder wie Ware produziert. Wenn sie nicht perfekt sind, dann werden sie einfach abgetrieben\u201c, so die Autorin des Buchs \u201eIch kauf mir ein Kind \u2013 das unw\u00fcrdige Gesch\u00e4ft mit der Leihmutterschaft\u201c. Sollten doch mal behinderte Kinder auf die Welt kommen, dann landeten sie meist in Waisenh\u00e4usern. \u201eWer so viel Geld f\u00fcr sein Wunschkind bezahlt, der m\u00f6chte schlie\u00dflich ein perfektes Produkt.\u201c<br \/>\nKelle prangert an, dass es keine Kontrollen der zahlenden Eltern gibt. Auch P\u00e4dophile sind schon mit gekauften Kindern legal nach Deutschland eingereist. Kelle: \u201eIch kann jede Frau verstehen, die sich unbedingt ein Kind w\u00fcnscht. Aber wie viele rote Linien wollen wir daf\u00fcr \u00fcberschreiten?\u201c<br \/>\nDas Interview mit Birgit Kelle sehen Sie hier:<br \/>\n<a href=\"https:\/\/www.youtube.com\/watch?v=IC1rAQ9qP9o&amp;t=1s\">https:\/\/www.youtube.com\/watch?v=IC1rAQ9qP9o&amp;t=1s<\/a><br \/>\nGibt es ein Recht auf das perfekte Kind? Gekauft und ausgetragen von Leihm\u00fcttern in armen L\u00e4ndern? Autorin Birgit Kelle &#8211; &#8222;Ich kauf mir ein Kind&#8220; &#8211; sagt eindeutig &#8222;Nein. Kinder werden wie Ware produziert. Was nicht passt, wird abgetrieben.&#8220;Boulevard und LGBTQ feiern, da\u00df sich jeder, der das Geld hat, das passende Kind bestellen kann. Kontrollen gibt es aber so gut wie keine. Auch P\u00e4dophile sind schon mit gekauften Kindern legal nach Deutschland eingereist.<br \/>\nKelle: \u201eIch kann jede Frau verstehen, die sich unbedingt ein Kind w\u00fcnscht. Aber wie viele rote Linien wollen wir daf\u00fcr \u00fcberschreiten? #leihmutterschaft ist in zu vielen F\u00e4llen Menschenhandel\u201c&#8230;<br \/>\n&#8230; Alles vom 29.3.2024 bitte lesen auf<br \/>\n<a href=\"https:\/\/punkt-preradovic.com\/kinder-als-rechtlose-ware-mit-birgit-kelle\/\">https:\/\/punkt-preradovic.com\/kinder-als-rechtlose-ware-mit-birgit-kelle\/<\/a><\/p>\n<p><em>Birgit Kelle:<\/em><br \/>\n<em>Ich kauf mir ein Kind<\/em><br \/>\n<em>Das unw\u00fcrdige Gesch\u00e4ft mit der Leihmutterschaft<\/em><br \/>\n<em>FBV, 18 Euro<\/em><\/p>\n<p><a href=\"https:\/\/vollekelle.de\">https:\/\/vollekelle.de<\/a><\/p>\n<p>&nbsp;<\/p>\n<p>&nbsp;<\/p>\n<p><strong>Kryokonservierung <\/strong><\/p>\n<p>Bei der Kryokonservierung werden menschliche Geschlechtszellen, also Spermien oder Eizellen,\u00a0durch Einfrieren (Kryos f\u00fcr K\u00e4lte)\u00a0in fl\u00fcssigem Stickstoff bei minus 196 Grad Celsius\u00a0in ihrer Vitalit\u00e4t praktisch unbegrenzt lange bewahrt. Bis der Kinderwunsch akut wird.<\/p>\n<p>Reproduktionsmedizin: Die\u00a0Kinderwunschbehandlung unter Verwendung der kryokonservierten Keimzellen verf\u00fcgt\u00a0\u00fcber Methoden, mit denen den betroffenen Patienten bzw. Patientinnen in vielen Problem- und Krankheitssituationen der Wunsch nach einem eigenen Kind erf\u00fcllt werden kann.<\/p>\n<p>Social Freezing: Einfrieren von unbefruchteten Eizellen bei jungen Frauen f\u00fcr die l\u00e4ngerfristige Familienplanung. Die Schwangerschaft wird jenseits der nat\u00fcrlichen Fruchtbarkeitsgrenze m\u00f6glich.\u00a0Selbst nach den Wechseljahren kann eine Frau hormonell noch so stimuliert werden, dass sie befruchtete Eizellen austragen kann. In Italien, Spanien und Rum\u00e4nien gibt es M\u00fctter, die bei der Geburt ihres ersten Kindes auf die 70 zugingen.<br \/>\nurspr\u00fcnglich wurde das Verfahrendes &#8222;Social Freezing&#8220; entwickelt, um krebskranken Frauen, die kurz vor einer Chemotherapie stehen, zu erm\u00f6glichen, anschlie\u00dfend noch Kinder zu bekommen.<\/p>\n<p>In-vitro-Fertilisation (IVF):\u00a0Bei der k\u00fcnstliche Befruchtung\u00a0findet die Befruchtung au\u00dferhalb des K\u00f6rpers, im Labor (vitro f\u00fcr Glas) statt. Zur IVF entschlie\u00dfen sich Frauen, die erfolglos versucht haben, schwanger zu werden. Ihre Kinderlosigkeit wird als Krankheit anerkannt, teilweise erstatten die Krankenkassen die Behandlung. Im Gegensatz zum Social Freezing gibt es bei der IVF einen medizinischen Grund.<\/p>\n<p>&#8212;&#8212;&#8212;&#8212;&#8212;&#8212;&#8212;&#8212;&#8212;&#8212;&#8212;&#8212;&#8212;&#8212;&#8212;&#8212;&#8212;&#8212;&#8212;&#8212;&#8212;-<\/p>\n<p>&nbsp;<\/p>\n<p><strong>Embryonenspende &#8211; Eizellen im Vorkernstadium<\/strong><\/p>\n<p>(1) Um ungewollt kinderlosen Paaren zu einem Baby zu verhelfen, sind in Deutschland k\u00fcnstliche Befruchtung, Samenspende und Embryonenspende erlaubt, die Eizellspende hingegen verboten<br \/>\nBei der Eizellspende wird einer unfruchtbaren Frau die Eizelle einer anderen Frau, die zuvor mit dem Samen des Ehemanns befruchtet worden ist, eingepflanzt. Dies ist in Deutschland verboten, da man verhindern will, dass ein Kind zwei biologische M\u00fctter hat: die Spenderin der Eizelle und die Frau, die das Kind austr\u00e4gt.<\/p>\n<p>Bei der Embryonenspende wird die bereits befruchtete Eizelle eines fremden Paares, also der genetischen Eltern, an die Wunscheltern gespendet und der Adoptivmutter eingesetzt. Als Mutter gilt in Deutschland die Frau, die das Kind austr\u00e4gt und auf die Welt bringt. Hier ist die Embryonenspende erlaubt, wenn sie als einzige Alternative zur Vernichtung der schon befruchteten Zellen ist.<\/p>\n<p>(2) In dem 2013 gegr\u00fcndeten &#8218;Netzwerk Embryonenspende&#8216; machen 13 bayerische Zentren mit. Die anderen Bundesl\u00e4nder machen (noch) nicht mit. Das Problem: es gibt nicht nur Eizellen, die man nicht spenden darf, und Embryonen, die man spenden darf. Es gibt auch <b>Fast-Embryonen als Eizellen im Vorkernstadium<\/b>, die bereits befruchtet, aber noch nicht ganz mit dem Samen verschmolzen sind. Trotz unklarer Rechtslage vermittelt das Netzwerk f\u00fcr 150 Euro solche fast befruchtete Eizellen.<br \/>\ndie Embryponenspende ist anonym. Mit 18 hat jedes Kind das recht, seinen leiblichen Vater zu erfahren. Deshalb speichert das Netzwerk die Namen der biologischen Eltern. In den USA spenden bereits 8 % der Kinderwunschpaare ihre \u00fcberz\u00e4hligen Embryonen.<\/p>\n<p>(3) In Tschechien, Spanien wie USA bieten Reproduktionsmediziner Embryponen an, die im anders als in Deutschland nicht bei einer k\u00fcnstlichen Befruchtung \u00fcbrig geblieben sind, sondern aus Samen- und Eizellen kreiert werden nach den W\u00fcnschen der Kunden. Die zuk\u00fcnftigen Eltern w\u00e4hlen Haar- und Hautfarbe, Gr\u00f6\u00dfe, musische und sportlche Begabung, Akademiker, &#8230;\u00a0 und basteln sch so ihr Kind. 6000 Euro kostet so ein frisches Embryo. Die Kinderwunschkliniken werben auch junge, h\u00fcbsche und kluge schwangere Frauen aus der Umgebung an, um f\u00fcr 600-800 Euro ihre Eizellen zu geben. Der Samen kommt von einer Samenbank und Samen und Eizelle werden dann im Labor zusammengef\u00fchrt.<\/p>\n<p>In Deutschland wachsen immer mehr Kinder heran, die \u00fcber eine Samen-, Eizell- oder Embryonenspende gezeugt wurden und nicht wissen, wer ihre leibliche Eltern sind, welche Erbkrankheiten ihre Familien haben und welche Nase der Opa hatte. Sie haben keinen Stammbaum, keine Ahnentafel. Es sind Kinder ohne Wurzeln.<\/p>\n<p><em>Die gespendeten Kinder &#8211; Embryonen, die nach einer k\u00fcnstlichen Befruchtung nicht mehr gebraucht wreden, lagern teils jahrzehntelang auf Eis, werden vernichtet oder an kinderlose Paare vermittelt. DIE ZEIT, 25.9.2014, Seite 17-19.<\/em><\/p>\n<p><a href=\"https:\/\/www.netzwerk-embryonenspende.de\">www.netzwerk-embryonenspende.de<\/a><\/p>\n<p>28.9.2014<\/p>\n<p>&nbsp;<\/p>\n<p><strong>Social Freezing &#8211; kann die Fruchtbarkeitsreserve die biologische Uhr zur\u00fcckdrehen?<\/strong><br \/>\nPro: &#8222;Legen Sie Ihre Familienplanung auf Eis. Sie erobern sich Zeit und Leichtigkeit zur\u00fcck.&#8220; Werbeprospekt von Dr. J\u00f6rg Puchta, Kinderwunschzentrum M\u00fcnchen.<br \/>\nContra: &#8222;Social Freezing ist Lifestyle-Medizin. F\u00fcr Frauen, die \u00e4lter sind als 35, ist das EInfrieren von Eizellen wenig sinnvoll&#8220; &#8211; Dr. Michael von Wolff, Reproduktionsmediziner Uniklinik Bern, Netzwerk FertiProtekt.<br \/>\n10.12.2013, mehr in: Die Fruchtbarkeitsreserve, SPIEGEL 50\/2013, S. 149<\/p>\n<p>&nbsp;<\/p>\n<p><strong>IVF-Umfrage: Jede vierte Frau w\u00fcrde ihre Eizellen einfrieren lassen<br \/>\n<\/strong>Kinder? Sp\u00e4ter! Eine Umfrage zeigt, dass viele Frauen dar\u00fcber nachdenken, ihre Eizellen auf Eis zu legen. Auch scheint k\u00fcnstliche Befruchtung gesellschaftlich akzeptiert. Mehr als zw\u00f6lf Millionen Deutsche h\u00e4tten gerne Nachwuchs oder haben ihn sich einmal gew\u00fcnscht. Darunter sind 1,4 Millionen Menschen, die ungewollt kinderlos sind. Ihnen soll die Reproduktionsmedizin helfen. Doch Verfahren wie das Einfrieren von Eizellen, die k\u00fcnstliche Befruchtung und Leihmutterschaft sind durchaus umstritten: Jede vierte Frau w\u00fcrde sich ihre Eizellen einfrieren lassen, &#8230; um &#8222;Jahre oder gar Jahrzehnte sp\u00e4ter ihren Kinderwunsch noch erf\u00fcllen zu k\u00f6nnen&#8220;. &#8230;<br \/>\nAlles vom 14.10.2013 bitte lesen auf<br \/>\n<a href=\"https:\/\/www.zeit.de\/wissen\/gesundheit\/2013-10\/kinderwunsch-ivf-umfrage\">https:\/\/www.zeit.de\/wissen\/gesundheit\/2013-10\/kinderwunsch-ivf-umfrage<\/a><\/p>\n<p><strong>Zeitgeist<\/strong><br \/>\nIch m\u00f6chte pers\u00f6nliche Entscheidungen in keinster Weise kommentieren. Ich erlaube mir aber, die Br\u00fccke zu einem Zeitgeist zu schlagen, der keinen Atomstrom m\u00f6chte und der die Nachfrage nach Lebensmitteln einem Sammelsurium von Idealen einer &#8222;gesunden&#8220; und &#8222;naturbewu\u00dften&#8220; Lebens- (und Produktions)weise unterwirft. Im Bereich der menschlichen Reproduktion sind derlei Erw\u00e4gungen offenbar komplett au\u00dfer Kraft gesetzt. Eine zum Teil sehr weitgehende Technisierung, wie auch drastische \u00c4nderungen des Ehe und Elternschaft betreffenden juristischen Rahmens werden toleriert &#8211; bzw. als fortschrittlich betrachtet.<br \/>\n14.10.2013, bonifat<\/p>\n<p><strong>Aufruestung gegen Abruestung<\/strong><br \/>\nUnd ja, mehrere meiner befreundeten Paare haben sogenannte Retortenbabies wie das so geschmackvoll noch immer genannt wird. Da haette man in jedem Fall mit dem Finger drauf zeigen koennen, denn alle waren 35 oder aelter mit Karriere. In mehr der Haelfte der Faelle war aber trotzdem der Mann nicht nur der Verursacher, sondern auch der, der jahrelang auf die Bremse getreten hat. Trotzdem ist dann die Frau &#8217;schuld&#8216;, denn sie hat ja Karriere gemacht und ist zu alt, was noch immer etwas verwerfliches zu sein scheint. Oftmals sind es die Maenner, die ewig warten wollen und eben nicht die Frauen. Das Einfrieren der Eizellen kommt so einer &#8218;Aufruestung&#8216; anstatt einer &#8218;Abruestung&#8216; gleich. Ich hoffe, dass diese Methode ausgereift wird und als &#8218;backup&#8216; dient, dann werde ich sie mit Freude fuer meine Toechter finanzieren und diese trotzdem zur Verantwortung erziehen, dass Kinder in juengeren Jahren die verantwortungsvollere Loesung fuer beide (!!) Eltern ist.<br \/>\n20.10.2013, Voy<\/p>\n<p>&nbsp;<\/p>\n<p><strong>Die biologische Uhr anhalten: Eigene Eizellen einfrieren lassen<\/strong><\/p>\n<p>Etwa 3.000 Euro kostet es Frauen, ihre eigenen Eizellen einfrieren zu lassen. Plus j\u00e4hrliche Geb\u00fchr f\u00fcr die Lagerung: Eine Versicherung, die vom Zeitdruck in der Lebensmitte befreit &#8230;<br \/>\nAlles vom 19.7.2013 bitte lesen auf<br \/>\n<a href=\"https:\/\/www.zeit.de\/2013\/29\/kinderwunsch-social-freezing-eizellen-einfrieren\">https:\/\/www.zeit.de\/2013\/29\/kinderwunsch-social-freezing-eizellen-einfrieren<\/a><\/p>\n<p><strong>Omas als M\u00fctter<\/strong><br \/>\nWie kann man das den daraus entstehenden Kindern zumuten? Die werden dann M\u00fctter haben, die ihre Omas oder Uromas sein sollten. Frauen bekommen Kinder am besten im Alter von Anfang 20 und nicht mit 60. Eine grausige Vorstellung. Ich freue mich immer, wenn ich eine junge Mutter mit gesunden Kindern sehe. Ein Anblick, den man heute viel zu selten sieht. Junge Frauen haben heute leider &#8222;wichtigere&#8220; Dinge im Sinn als Kinder zu bekommen. Ziemlich traurige, unmenschliche Entwicklung.<br \/>\n20.7.2013, Franz<\/p>\n<p><strong>Kommerzialisierung aller Lebensbereiche.<\/strong><br \/>\nF\u00e4llt es eigentlich irgendjemandem auf, dass heutzutage alles der \u00d6konomie untergeordnet wird? Dass Frauen beruflich t\u00e4tig sein wollen ist verst\u00e4ndlich, unverst\u00e4ndlich und bedenklich finde ich hingegen die Kommerzialisierung aller Lebensbereiche. Denn wenn eine Frau ihre Eizellen einfrieren l\u00e4sst verkommt das Kind doch zur Ware. Nach dem Motto: Ich habe etwas bestellt und m\u00f6chte, dass es nach meiner Karriereplanung geliefert wird. Das empfinde ich als so pervers, dass mir wiklich die Worte fehlen. Diese Technik sollte allein Frauen vorbehalten sein, die aufgrund einer Krebstherapie damit rechnen m\u00fcssen unfruchtbar zu werden. Karrierefrauen hingegen, die meinen ein Kind passe jetzt gerade nicht in ihren Lebensabschnitt, sollten davon konsequent ausgeschlossen werden.<br \/>\n19.7.2013, Anton<\/p>\n<p><strong>Absolut entw\u00fcrdigend f\u00fcr eine Frau<\/strong><br \/>\nVielleicht w\u00fcrde ich die M\u00f6glichkeiten des Social Freezings ebenso unkritisch, wenn ich ein Mann w\u00e4re und den Prozess der Eizellentnahme nicht am eigenen Leib erlebt h\u00e4tte. Aber ich bin eine Frau, und ich habe ihn erlebt. Vielleicht w\u00fcrde Ihr Artikel anders aussehen, wenn dieser invasiv eingreifende und absolut entw\u00fcrdigende Prozess, der das genaue Gegenteil ist von &#8222;Selbstbestimmung&#8220;, einmal an Ihnen durchgef\u00fchrt worden w\u00e4re. Und vielleicht w\u00fcrde Sie dann ein \u00e4hnliches Entsetzen \u00fcberkommen wie mich beim Lesen dieses Artikels &#8211; der den Prozess der Eizellgewinnung (und somit die Voraussetzung f\u00fcr Social Freezing) als so kleinen und harmlosen Eingriff darstellt.<br \/>\n20.7.2013<\/p>\n<p><strong>Mu\u00df Frau sich das antun?<\/strong><br \/>\nAuch das k\u00fcnstliche homonelle Ausl\u00f6sen eines Eisprungs ist alles andere als angenehm &#8211; da muss man nur jemanden fragen, der es einmal mit &#8222;Nachhelfen&#8220; versuchen musste, und das sind ja genug. Das muss man sich wirklich nicht antun, risikofrei ist es sowieso auch nicht. Es gibt, f\u00fcr die meisten, eine ganz einfache und schmerzfreie Methode, sich das zu ersparen: man \u00fcberl\u00e4sst es ein wenig der Natur, wann man ein Kind geschenkt bekommt, und besser nicht zu sp\u00e4t&#8230; Bequem ist es sowieso nie, kleine Kinder zu haben &#8211; aber ein Mensch, der sein Leben einigerma\u00dfen im Griff hat, schafft das, inklusive Beruf, und je mehr junge Leute &#8222;mitmachen&#8220;, desto besser!<br \/>\n21.7.2013<\/p>\n","protected":false},"excerpt":{"rendered":"<p>Home &gt;Selbsthilfe &gt;Zukunft &gt;Kinder &gt;Kinderwunsch Listenauswahl eines Beitrags (Artikel\/Datum, Seite\/Inhalt): Klicken oder scrollen Leihmutterschaft: Gegen die Geb\u00e4rmutter-Prostitution\u00a0(13.3.2026) Griechenlands Premier Mitsotakis: Geburtenquote ist \u201enationale Bedrohung\u201c\u00a0(18.10.2024) Birgit Kelle: Ich kauf mir ein Kind &#8211; Leihmutterschaft (29.3.2024) Willkommenskultur f\u00fcr Kinder\u00a0(.2.2023) Leihmutterschaft verbieten\u00a0(16.4.2022) Kr\u00f6ten &hellip; <a href=\"https:\/\/www.freiburg-schwarzwald.de\/blog\/selbsthilfe\/kinder\/kinderwunsch\/\">Weiterlesen <span class=\"meta-nav\">&rarr;<\/span><\/a><\/p>\n","protected":false},"author":4,"featured_media":0,"parent":274,"menu_order":0,"comment_status":"open","ping_status":"closed","template":"","meta":{"footnotes":""},"class_list":["post-41149","page","type-page","status-publish","hentry"],"_links":{"self":[{"href":"https:\/\/www.freiburg-schwarzwald.de\/blog\/wp-json\/wp\/v2\/pages\/41149","targetHints":{"allow":["GET"]}}],"collection":[{"href":"https:\/\/www.freiburg-schwarzwald.de\/blog\/wp-json\/wp\/v2\/pages"}],"about":[{"href":"https:\/\/www.freiburg-schwarzwald.de\/blog\/wp-json\/wp\/v2\/types\/page"}],"author":[{"embeddable":true,"href":"https:\/\/www.freiburg-schwarzwald.de\/blog\/wp-json\/wp\/v2\/users\/4"}],"replies":[{"embeddable":true,"href":"https:\/\/www.freiburg-schwarzwald.de\/blog\/wp-json\/wp\/v2\/comments?post=41149"}],"version-history":[{"count":5,"href":"https:\/\/www.freiburg-schwarzwald.de\/blog\/wp-json\/wp\/v2\/pages\/41149\/revisions"}],"predecessor-version":[{"id":146773,"href":"https:\/\/www.freiburg-schwarzwald.de\/blog\/wp-json\/wp\/v2\/pages\/41149\/revisions\/146773"}],"up":[{"embeddable":true,"href":"https:\/\/www.freiburg-schwarzwald.de\/blog\/wp-json\/wp\/v2\/pages\/274"}],"wp:attachment":[{"href":"https:\/\/www.freiburg-schwarzwald.de\/blog\/wp-json\/wp\/v2\/media?parent=41149"}],"curies":[{"name":"wp","href":"https:\/\/api.w.org\/{rel}","templated":true}]}}