{"id":4017,"date":"2012-05-29T14:17:10","date_gmt":"2012-05-29T14:17:10","guid":{"rendered":"https:\/\/www.freiburg-schwarzwald.de\/blog\/?page_id=4017"},"modified":"2026-01-05T12:39:58","modified_gmt":"2026-01-05T11:39:58","slug":"kappel","status":"publish","type":"page","link":"https:\/\/www.freiburg-schwarzwald.de\/blog\/regio\/freiburg\/kappel\/","title":{"rendered":"Kappel"},"content":{"rendered":"<p><a href=\"https:\/\/www.freiburg-schwarzwald.de\/blog\">Home<\/a> &gt;<a title=\"Regio\" href=\"https:\/\/www.freiburg-schwarzwald.de\/blog\/regio\/\">Regio<\/a> &gt;<a title=\"Orte\" href=\"https:\/\/www.freiburg-schwarzwald.de\/blog\/regio\/orte\/\">Orte<\/a> &gt;<a title=\"Dreisamtal\" href=\"https:\/\/www.freiburg-schwarzwald.de\/blog\/regio\/tal\/dreisamtal\/\">Dreisamtal<\/a> &gt;<a title=\"Freiburg\" href=\"https:\/\/www.freiburg-schwarzwald.de\/blog\/regio\/freiburg\/\">Freiburg<\/a> &gt;<a title=\"Littenweiler\" href=\"https:\/\/www.freiburg-schwarzwald.de\/blog\/regio\/freiburg\/littenweiler\/\">Littenweiler<\/a> &gt;Kappel<\/p>\n<div id=\"attachment_4024\" style=\"width: 607px\" class=\"wp-caption alignnone\"><a href=\"https:\/\/www.freiburg-schwarzwald.de\/blog\/regio\/freiburg\/kappel\/berglehof4pan-071103\/\" rel=\"attachment wp-att-4024\"><img loading=\"lazy\" decoding=\"async\" aria-describedby=\"caption-attachment-4024\" class=\"size-full wp-image-4024\" title=\"berglehof4pan-071103\" src=\"https:\/\/www.freiburg-schwarzwald.de\/blog\/wp-content\/uploads\/2012\/05\/berglehof4pan-071103.jpg\" alt=\"\" width=\"597\" height=\"199\" srcset=\"https:\/\/www.freiburg-schwarzwald.de\/blog\/wp-content\/uploads\/2012\/05\/berglehof4pan-071103.jpg 597w, https:\/\/www.freiburg-schwarzwald.de\/blog\/wp-content\/uploads\/2012\/05\/berglehof4pan-071103-180x59.jpg 180w\" sizes=\"auto, (max-width: 597px) 100vw, 597px\" \/><\/a><p id=\"caption-attachment-4024\" class=\"wp-caption-text\">Blick nach Westen zum Berglehof am Beginn des Kapplertals am 3.11.2007 &#8211; friedliche Schafe<\/p><\/div>\n<ul>\n<li><em>Listenauswahl eines Beitrags (Artikel\/Datum, Seite\/Inhalt):\u00a0<span style=\"text-decoration: underline;\">Klicken<\/span>\u00a0oder scrollen<\/em><\/li>\n<li><a href=\"https:\/\/www.freiburg-schwarzwald.de\/blog\/regio\/freiburg\/vag\/stadtbahn-littenweiler\/\">Stadtbahnverl\u00e4ngerung Littenweiler: Verkehrsplanerisch ein Fehler<\/a>\u00a0(5.1.2026)<\/li>\n<li><a href=\"https:\/\/www.freiburg-schwarzwald.de\/blog\/fronleichnam-prozession\/\">Fronleichnam \u2013 Prozession<\/a>\u00a0(19.6.2025)<\/li>\n<li><a href=\"https:\/\/www.freiburg-schwarzwald.de\/blog\/regio\/orte\/kirchzarten\/pfeiferberg\/\">Wieselhof in Kirchzarten-Neuh\u00e4user: Mehr-Generationen-Wohnen<\/a>\u00a0(13.6.2025)<\/li>\n<li><a href=\"https:\/\/www.freiburg-schwarzwald.de\/blog\/kultur\/kunst\/thomas-rees\/\">Holzbildhauer Thomas Rees: \u201eIch kann gut zuh\u00f6ren\u201c<\/a> (5.6.2025)<\/li>\n<li><a href=\"https:\/\/www.freiburg-schwarzwald.de\/blog\/friedliche-kunst-ist-unertraeglich\/\">Friedliche Kunst ist unertr\u00e4glich?<\/a>\u00a0(9.1.2024)<\/li>\n<li><a href=\"https:\/\/www.freiburg-schwarzwald.de\/blog\/natur\/wald\/baum\/\">Christi Himmelfahrt am &#8222;Baum der Erkenntnis&#8220; in FR-Kappel<\/a> (10.5.2025)<\/li>\n<li><a href=\"https:\/\/www.freiburg-schwarzwald.de\/blog\/regio\/freiburg\/ebnet\/schloss-ebnet\/\">Ebneter \u201eDonnerstage\u201c \u2013 jede Woche 20.15 Uhr im Schloss Ebnet<\/a>\u00a0(24.2.2024)<\/li>\n<li>Freiburg-Kappel feiert den 750. Geburtstag \u2013 und ist wahrscheinlich viel \u00e4lter (14.9.2022)<\/li>\n<li><a href=\"https:\/\/www.freiburg-schwarzwald.de\/blog\/kunst-als-umstritten-entfernt\/\">Kunst als \u201eumstritten\u201c entfernt<\/a>\u00a0(25.6.2021)<\/li>\n<li><a href=\"https:\/\/www.freiburg-schwarzwald.de\/blog\/loretta-und-die-cancel-culture\/\">Loretta und die Cancel Culture<\/a>\u00a0(20.6.2021)<\/li>\n<li><a href=\"https:\/\/www.freiburg-schwarzwald.de\/blog\/defibrillator-24-7-aed-in-kappel\/\">Defibrillator 24\/7-AED in Kappel<\/a>\u00a0(2.6.2021)<\/li>\n<li><a title=\"Lebensraum-Weg in FR-Kappel\" href=\"https:\/\/www.freiburg-schwarzwald.de\/blog\/lebensraum-weg-in-fr-kappel\/\">Lebensraum-Themenweg in FR-Kappel<\/a> (26.8.2020)<\/li>\n<li><a title=\"Hanspeter Schweizer \u2013 Nachruf\" href=\"https:\/\/www.freiburg-schwarzwald.de\/blog\/hanspeter-schweizer-nachruf\/\">Hanspeter Schweizer vom \u201cDreisamt\u00e4ler\u201d \u2013 ein Nachruf<\/a>\u00a0(6.8.2020)<\/li>\n<li><a title=\"Zarten\" href=\"https:\/\/www.freiburg-schwarzwald.de\/blog\/regio\/orte\/kirchzarten\/zarten\/\">Kr\u00fcttweg zwischen Zarten und Neuh\u00e4user: Golfclub im Wortbruch<\/a>\u00a0 (7.7.2020)<\/li>\n<li><a title=\"Radweg-Ebnet\" href=\"https:\/\/www.freiburg-schwarzwald.de\/blog\/regio\/verkehr\/fahrradwege\/radweg-ebnet\/\">Fahrradweg: Querverbindung vom Ebneter Wasserwerk nach Zarten<\/a>\u00a0(17.6.2020)<\/li>\n<li><a title=\"Coronus \u2013 Pestarzt von Th Rees\" href=\"https:\/\/www.freiburg-schwarzwald.de\/blog\/coronus-pestarzt-von-th-rees\/\">Coronus \u2013 Skulptur eines Pestarztes von Thomas Rees<\/a>\u00a0(3.6.2020)<\/li>\n<li><a title=\"Strassenbahn\" href=\"https:\/\/www.freiburg-schwarzwald.de\/blog\/regio\/freiburg\/vag\/strassenbahn\/\">Stra\u00dfenbahnverl\u00e4ngerung Littenweiler verst\u00e4rkt das Verkehrschaos<\/a>\u00a0(27.3.2020)<\/li>\n<li><a title=\"Tote Tannen als Klimadenkmal\" href=\"https:\/\/www.freiburg-schwarzwald.de\/blog\/tote-tannen-als-klimadenkmal\/\">Tote Tannen als Klimadenkmal<\/a>\u00a0(5.3.2020)<\/li>\n<li><a title=\"Strassenbahn\" href=\"https:\/\/www.freiburg-schwarzwald.de\/blog\/regio\/freiburg\/vag\/strassenbahn\/\">Neue Offensive f\u00fcr Kappler Knoten: Tram \u2013 Bahn?<\/a> (7.1.2020)<\/li>\n<li><a title=\"Windr\u00e4der Schauinsland \u2013 nein\" href=\"https:\/\/www.freiburg-schwarzwald.de\/blog\/windraeder-schauinsland-nein\/\">Windr\u00e4der Schauinsland: Nein<\/a> (22.12.2019)<\/li>\n<li><a title=\"Wind\" href=\"https:\/\/www.freiburg-schwarzwald.de\/blog\/energie\/wind\/\">Windkraft-Fake News in Freiburg-Kappel <\/a>(24.9.2018) (24.9.2018)<\/li>\n<li><a href=\"https:\/\/www.freiburg-schwarzwald.de\/blog\/kappel-zink-dsl-laerm-sport\/\">https:\/\/www.freiburg-schwarzwald.de\/blog\/kappel-zink-dsl-laerm-sport\/<\/a> (3.9.2015)<\/li>\n<li><a href=\"https:\/\/www.freiburg-schwarzwald.de\/blog\/wandergruppe-kappel-feldkuche\/\">https:\/\/www.freiburg-schwarzwald.de\/blog\/wandergruppe-kappel-feldkuche\/<\/a>\u00a0(17.9.2013)<\/li>\n<li><a href=\"https:\/\/www.freiburg-schwarzwald.de\/blog\/kappel-demografie-dsl-zink\/\">https:\/\/www.freiburg-schwarzwald.de\/blog\/kappel-demografie-dsl-zink\/<\/a>\u00a0(18.7.2013)<\/li>\n<li>Dorfplatzfest in Freiburg-Kappel an Christi Himmelfahrt (8.5.2013)<\/li>\n<li><a href=\"https:\/\/www.freiburg-schwarzwald.de\/blog\/kunst-in-fr-kappel\/\">https:\/\/www.freiburg-schwarzwald.de\/blog\/kunst-in-fr-kappel\/<\/a>\u00a0(17.10.2012)<\/li>\n<li><a href=\"https:\/\/www.freiburg-schwarzwald.de\/blog\/kappel-1272-erstmals-aktenkundig-und-1974-nach-freiburg-eingemeindet\/\">https:\/\/www.freiburg-schwarzwald.de\/blog\/kappel-1272-erstmals-aktenkundig-und-1974-nach-freiburg-eingemeindet\/<\/a><\/li>\n<li><a href=\"https:\/\/www.freiburg-schwarzwald.de\/littenweiler\/kappel\/kappel2.htm\">Aktuelle Infos zu Kappel ab 4.12.2006<\/a> &gt;Kappel2<\/li>\n<li><a href=\"https:\/\/www.freiburg-schwarzwald.de\/littenweiler\/kappel\/kappel1.htm\">Aktuelle Infos zu Kappel ab 7.6.2002<\/a> &gt;Kappel1<\/li>\n<li><\/li>\n<li><strong><a href=\"https:\/\/www.freiburg-schwarzwald.de\/littenweiler\/kappel\">https:\/\/www.freiburg-schwarzwald.de\/littenweiler\/kappel<\/a> &gt;Archivseite Kappel<\/strong><\/li>\n<li><a href=\"https:\/\/www.freiburg-schwarzwald.de\/littenweiler\/kappel\/#Orientierung: Kappel am Dreisamtal zwischen Freiburg und Kirchzarten\">Orientierung: Kappel am Dreisamtal zwischen Freiburg und Kirchzarten<\/a><\/li>\n<li><a href=\"https:\/\/www.freiburg-schwarzwald.de\/littenweiler\/kappel\/#Ortsverwaltung Kappel\">Ortsverwaltung Freiburg-Kappel<\/a><\/li>\n<li><a href=\"https:\/\/www.freiburg-schwarzwald.de\/littenweiler\/kappel\/#Ortschaftsrat Kappel\">Ortschaftsrat FR-Kappel<\/a><\/li>\n<li><a href=\"https:\/\/www.freiburg-schwarzwald.de\/kappel5.htm\">Bauernh\u00f6fe (Ferienwohnung, Hofladen, Brauchtum) im Kappler Tal<\/a> &gt;Kappel5<\/li>\n<li><a href=\"https:\/\/www.freiburg-schwarzwald.de\/littenweiler\/kappel\/#Bilder von Kappel\">Bilder von Kappel<\/a><\/li>\n<li><a href=\"https:\/\/www.freiburg-schwarzwald.de\/littenweiler\/kappel\/#Bahnhof Kapplertal - Ortschatsrat f\u00fcr Wiederinbetriebaufnahme (3\/2001)\">Bahnhof Kapplertal &#8211; Ortschaftsrat f\u00fcr Wiederinbetriebaufnahme (3\/2001)<\/a><\/li>\n<li><a title=\"Breisgau-S-Bahn\" href=\"https:\/\/www.freiburg-schwarzwald.de\/blog\/regio\/verkehr\/eisenbahn\/breisgau-s-bahn\/\">Breisgau-S-Bahn<\/a><\/li>\n<li><a href=\"https:\/\/www.freiburg-schwarzwald.de\/littenweiler\/erzwaescherei.htm\">Erzwaescherei s\u00fcdlich Neuh\u00e4user Strasse<\/a> &gt;Erzwaescherei<\/li>\n<li><a href=\"https:\/\/www.freiburg-schwarzwald.de\/littenweiler\/seelsorgeeinheit-freiburg-ost.htm#St.Peter und Paul\">Friedhof bei der Kappler Kirche<\/a> &gt;Seelsorgeeinheit-freiburg-Ost<\/li>\n<li><a href=\"https:\/\/www.freiburg-schwarzwald.de\/littenweiler\/kappel\/kappel-fronleichnam.htm\">Fronleichnamsprozession im Kappler Tal<\/a> &gt;KappelFronleichnam<\/li>\n<li><a href=\"https:\/\/www.freiburg-schwarzwald.de\/littenweiler\/kappel\/histkappel.htm\">Geschichte von Kappel<\/a> &gt;HistKappel<\/li>\n<li><a href=\"https:\/\/www.freiburg-schwarzwald.de\/kappel5.htm#Gro\u00dftal mit dem Reichenbach\">Gro\u00dftal mit dem Reichenbach<\/a> &gt;Kappel5<\/li>\n<li><a href=\"https:\/\/www.freiburg-schwarzwald.de\/kappel5.htm#Herderh\u00fctte - Gasthaus im Kappler Tal\">Herderh\u00fctte am Fu\u00df des Schauinslands<\/a> &gt;Kappel5<\/li>\n<li><a href=\"https:\/\/www.freiburg-schwarzwald.de\/kamelberg.htm\">Kamelberg zwischen Kappel und Fischbach<\/a> &gt;Kamelberg<\/li>\n<li><a href=\"https:\/\/www.freiburg-schwarzwald.de\/littenweiler\/kappel\/#Kappel - Mitteilungsblatt der Ortsverwaltung Freiburg-Kappel\">KAPPEL aktuell &#8211; Amts- und Mitteilungsblatt f\u00fcr Freiburg-Kappel<\/a><\/li>\n<li><a href=\"https:\/\/www.freiburg-schwarzwald.de\/littenweiler\/kappel\/histkappel.htm#Kappel - Ortsteil im Freiburger Osten\">Kappel &#8211; Ortsteil im Freiburger Osten (Serie &#8222;Dorf 2000&#8220;)<\/a><\/li>\n<li><a href=\"https:\/\/www.freiburg-schwarzwald.de\/littenweiler\/kapplereck.htm\">Kappler Eck<\/a> &gt;KapplerEck<\/li>\n<li><a href=\"https:\/\/www.freiburg-schwarzwald.de\/littenweiler\/seelsorgeeinheit-freiburg-ost.htm#St.Peter und Paul\">Kath. Kirche St. Peter und Paul<\/a> &gt;Seelsorgeeinheit-freiburg-Ost<\/li>\n<li><a href=\"https:\/\/www.freiburg-schwarzwald.de\/kappel5.htm#Kleintal mit Intenb\u00e4chle\">Kleintal mit dem Intenb\u00e4chle<\/a> &gt;Kappel5<\/li>\n<li><a href=\"https:\/\/www.freiburg-schwarzwald.de\/littenweiler\/gasthaus.htm#Kreuz&quot;\">Kreuz &#8211; Gasthaus &#8222;zum Kreuz&#8220; in Kappel<\/a> &gt;Gasthaus<\/li>\n<li><a href=\"https:\/\/www.freiburg-schwarzwald.de\/littenweiler\/kappel\/#Kunst und Kultur Kappel e.V.\">Kunst und Kultur Kappel e.V.<\/a><\/li>\n<li><a href=\"https:\/\/www.freiburg-schwarzwald.de\/kybfelsen.htm\">Kybfelsen zwischen Freiburg-Littenweiler und Freiburg-G\u00fcnterstal<\/a> &gt;Kybfelsen<\/li>\n<li><a href=\"https:\/\/www.freiburg-schwarzwald.de\/littenweiler\/kappel\/#Landfrauenverein Kappel-Ebnet\">Landfrauenverein Kappel-Ebnet<\/a><\/li>\n<li><a href=\"https:\/\/www.freiburg-schwarzwald.de\/littenweiler\/wandernlit.htm#Laubisk\u00f6pfle\">Laubisk\u00f6pfle &#8211; Wanderung mit Ausblick auf Kappel<\/a> &gt;WandernLit<\/li>\n<li><a href=\"https:\/\/www.freiburg-schwarzwald.de\/blog\/kultur\/kunst\/loretta\/\">Loretta \u2013 von Thomas Rees<\/a><\/li>\n<li><a href=\"https:\/\/www.freiburg-schwarzwald.de\/luft1.htm#Kappel mit Gro\u00dftal und Kleintal\">Luftbilder von Kappel<\/a> &gt;Luft1<\/li>\n<li><a title=\"Neuhaeuser\" href=\"https:\/\/www.freiburg-schwarzwald.de\/blog\/regio\/orte\/neuhaeuser\/\">Neuh\u00e4user<\/a><\/li>\n<li><a href=\"https:\/\/www.freiburg-schwarzwald.de\/littenweiler\/kappel\/#Ortschronik von Kappel\">Ortschronik &#8211; die Geschichte von Kappel im Tal &#8211; von Wolfgang Hug<\/a><\/li>\n<li><a href=\"https:\/\/www.freiburg-schwarzwald.de\/blog\/regio\/orte\/kirchzarten\/pfeiferberg\/\">Pfeiferberg<\/a><\/li>\n<li><a href=\"https:\/\/www.freiburg-schwarzwald.de\/littenweiler\/pfeiferberg.htm\">Pfeiferberg zwischen Freiburg-Kappel und Kirchzarten-Neuh\u00e4user<\/a> &gt;Pfeiferberg (Rees)<\/li>\n<li><a href=\"https:\/\/www.freiburg-schwarzwald.de\/littenweiler\/kappel\/kappelpostkarte.htm\">Postkarten und alte Ansichten von Kappel im Tal &#8211; von E.Wickersheim<\/a><\/li>\n<li><a title=\"Radweg-Ebnet\" href=\"https:\/\/www.freiburg-schwarzwald.de\/blog\/regio\/verkehr\/fahrradwege\/radweg-ebnet\/\">Radweg-Ebnet<\/a><\/li>\n<li><a title=\"Thomas-Rees\" href=\"https:\/\/www.freiburg-schwarzwald.de\/blog\/kultur\/kunst\/thomas-rees\/\">Thomas Rees &#8211; Holzbildhauer<\/a><\/li>\n<li><a href=\"https:\/\/www.freiburg-schwarzwald.de\/littenweiler\/kappel\/#Schauinsland - Links zum Bergwerk\">Schauinsland &#8211; Links zum Kappler Bergwerk<\/a><\/li>\n<li><a href=\"https:\/\/www.freiburg-schwarzwald.de\/schauinsland.htm\">Schauinsland-Seite<\/a> &gt;Schauinsland<\/li>\n<li><a href=\"https:\/\/www.freiburg-schwarzwald.de\/littenweiler\/gasthaus.htm#Schauinsland\">Schauinsland &#8211; Cafe und Gasthaus im Gro\u00dftal<\/a> &gt;Gasthaus<\/li>\n<li><a href=\"https:\/\/www.freiburg-schwarzwald.de\/littenweiler\/kappel\/kappel2.htm#Mike Minuth zur\u00fcck im Gasthaus Sch\u00fctzen in der Molzhofsiedlung\">Sch\u00fctzen &#8211; Gasthaus in der Molzhofsiedlung<\/a> &gt;Kappel2 (10.8.07)<\/li>\n<li><a href=\"https:\/\/www.freiburg-schwarzwald.de\/littenweiler\/kappel\/#Sportheim Kappel - Komfortable Nichtrauchergastst\u00e4tte\">Sportheim Kappel &#8211; Komfortable Nichtrauchergastst\u00e4tte<\/a><\/li>\n<li><a href=\"https:\/\/www.freiburg-schwarzwald.de\/littenweiler\/kappel\/#SV Kappel\">SV Kappel<\/a><\/li>\n<li><a href=\"https:\/\/www.freiburg-schwarzwald.de\/littenweiler\/erzwaescherei.htm\">Stolberger Zink: Erzwaescherei s\u00fcdlich Neuh\u00e4user Strasse<\/a> &gt;Erzwaescherei<\/li>\n<li>Stollenh\u00fctte im Kappler Gro\u00dftal<\/li>\n<li><a title=\"Strassenbahn\" href=\"https:\/\/www.freiburg-schwarzwald.de\/blog\/regio\/freiburg\/vag\/strassenbahn\/\">Strassenbahnverl\u00e4ngerung bis Kappel NEIN &#8211; S-Bahn-Haltepunkt JA<\/a>\u00a0&gt;Strassenbahn<\/li>\n<li><a href=\"https:\/\/www.freiburg-schwarzwald.de\/littenweiler\/waldkindergarten.htm#Waldkindergarten Kappel\">Waldkindergarten &#8222;Fuchsbau&#8220;<\/a> &gt;Waldkindergarten<\/li>\n<li><a href=\"https:\/\/www.freiburg-schwarzwald.de\/wasserkraft.htm#Kappler Wasserrad\">Kappler Wasserrad<\/a> &gt;Wasserkraft<\/li>\n<li><a href=\"https:\/\/www.freiburg-schwarzwald.de\/littenweiler\/kappel\/#Wasser, Quellen und B\u00e4che: Kappels Wassermeister Theodor Goldschmidt\">Wasser, Quellen und B\u00e4che: Kappels Wassermeister Theodor Goldschmidt<\/a> &gt;Kappel (12.9.08)<\/li>\n<li><a href=\"https:\/\/www.freiburg-schwarzwald.de\/kamelberg2007.htm\">Weihnachten auf dem Kamelberg zwischen Kappel und Neuh\u00e4user<\/a> &gt;Kamelberg2007 (10.12.07)<\/li>\n<li><a href=\"https:\/\/www.freiburg-schwarzwald.de\/kappel-gutach.htm\">Kappel, Ortsteil von Lenzkirch<\/a> &gt;Kappel-Gutach<\/li>\n<\/ul>\n<p>&nbsp;<\/p>\n<div id=\"attachment_21962\" style=\"width: 650px\" class=\"wp-caption alignnone\"><a href=\"https:\/\/www.freiburg-schwarzwald.de\/blog\/regio\/freiburg\/kappel\/storch-kappel-pan12nov\/\" rel=\"attachment wp-att-21962\"><img loading=\"lazy\" decoding=\"async\" aria-describedby=\"caption-attachment-21962\" class=\"size-full wp-image-21962\" title=\"storch-kappel-pan12nov\" src=\"https:\/\/www.freiburg-schwarzwald.de\/blog\/wp-content\/uploads\/2012\/05\/storch-kappel-pan12nov.jpg\" alt=\"\" width=\"640\" height=\"251\" srcset=\"https:\/\/www.freiburg-schwarzwald.de\/blog\/wp-content\/uploads\/2012\/05\/storch-kappel-pan12nov.jpg 640w, https:\/\/www.freiburg-schwarzwald.de\/blog\/wp-content\/uploads\/2012\/05\/storch-kappel-pan12nov-180x70.jpg 180w\" sizes=\"auto, (max-width: 640px) 100vw, 640px\" \/><\/a><p id=\"caption-attachment-21962\" class=\"wp-caption-text\">Blick nach S\u00fcden \u00fcber St\u00f6rche und Kappel hoch zum Kybfelsen im November 2012<\/p><\/div>\n<p><a href=\"https:\/\/www.freiburg-schwarzwald.de\/blog\/regio\/freiburg\/kappel\/tulpen1kappel130505\/\" rel=\"attachment wp-att-29878\"><img loading=\"lazy\" decoding=\"async\" class=\"alignnone size-thumbnail wp-image-29878\" title=\"tulpen1kappel130505\" src=\"https:\/\/www.freiburg-schwarzwald.de\/blog\/wp-content\/uploads\/2012\/05\/tulpen1kappel130505-135x180.jpg\" alt=\"\" width=\"135\" height=\"180\" srcset=\"https:\/\/www.freiburg-schwarzwald.de\/blog\/wp-content\/uploads\/2012\/05\/tulpen1kappel130505-135x180.jpg 135w, https:\/\/www.freiburg-schwarzwald.de\/blog\/wp-content\/uploads\/2012\/05\/tulpen1kappel130505.jpg 480w\" sizes=\"auto, (max-width: 135px) 100vw, 135px\" \/><\/a><\/p>\n<p><strong>Freiburg-Kappel feiert den 750. Geburtstag \u2013 und ist wahrscheinlich viel \u00e4lter<\/strong><br \/>\nSeit 1974 geh\u00f6rt Kappel zu Freiburg, doch die Geschichte des Dorfs reicht viel weiter zur\u00fcck. Erstmals urkundlich erw\u00e4hnt wird der Ort 1272, also vor 750 Jahren. Dies nehmen die Kappeler zum Anlass f\u00fcr ein gro\u00dfes Dorffest von 16. bis 18. September, zu dem jedermann eingeladen ist.<br \/>\n&#8230;<br \/>\nDie Feierlichkeiten dauern von Freitag, 16. bis Sonntag 18. September 2022. Unter anderem gibt es eine gro\u00dfe Lasershow am Freitag (21 Uhr), ein Spiel- und Sportfest auf dem Sportplatz am Samstag (10.30 bis 14.30 Uhr), Festbetrieb auf dem Festplatz an der Schauinslandschule, Moosmattenstra\u00dfe16, ab dem fr\u00fchen Nachmittag, ab 18 Uhr Schlagerparty. Am Sonntag (10 Uhr \u00f6kumenischer Gottesdienst) wird dort weiter gefeiert. Es gibt eine Reihe von F\u00fchrungen zu Erzw\u00e4scherei, Leopoldstollen und Kirche. \u00dcbersicht unter <a href=\"https:\/\/www.freiburg.de\/kappel\">https:\/\/www.freiburg.de\/kappel<\/a><br \/>\n&#8230;<\/p>\n<p><em><strong>750 Jahre Kappel<\/strong><\/em><br \/>\nZum ersten Mal urkundlich erw\u00e4hnt wird Kappel im Jahr 1272 &#8211; als die Herren von R\u00f6tteln der Ort dem Deutschen Orden \u00fcbereigneten. Der Name damals war noch Capella, Capell oder auch Capelle. Die Besiedlung begann allerdings nach \u00dcberzeugung von Historikern schon fr\u00fcher, wahrscheinlich im 11. Jahrhundert. 1452 wird ein Bergwerk im Kappler Tal erw\u00e4hnt. Der Bergbau verlieh dem Dorf vermutlich von Anfang an eine besondere Bedeutung. Auf dem Schauinsland wurde seit dem Mittelalter Silber gewonnen, sp\u00e4ter dann Blei und nach einer l\u00e4ngeren Abbaupause, ab Ende des 19. Jahrhunderts Zink. Eine entscheidende Rolle f\u00fcr die Etablierung des industriellen Bergbaus am Schauinsland und in Kappel spielte dabei Freiherr Carl von Roggenbach. Der Unternehmer erhielt 1876 seinen ersten Sch\u00fcrfschein f\u00fcr das Gebiet. 1889 begann der Bau des Kappler Stollens. In den folgenden Jahren \u00fcbernahm die Schwarzw\u00e4lder Erzbergbaugesellschaft den Abbaubetrieb. 1893 wurde die Erzaufbereitungsanlage am Nordhang des Kappler Bannwalds errichtet, 1899 eine 5,3 Kilometer lange Materialseilbahn. 1901 beginnt der Bau des Leopoldstollens. In der Weltwirtschaftskrise Ende der 1920er Jahre wird der Betrieb zeitweise eingestellt &#8211; sp\u00e4ter aber wieder aufgenommen. 1944 erreicht der Abbau das gr\u00f6\u00dfte Ausma\u00df. Rund 400 Menschen sind besch\u00e4ftigt. 1954 wird die Grube wegen Unwirtschaftlichkeit endg\u00fcltig geschlossen. Der Ort Kappel wird 1974 im Zuge der Gemeindereform ein Ortsteil von Freiburg. Heute leben 2800 Menschen im Ort.<br \/>\n&#8230; Alles vom 14.9.2022 bitte lesen auf<br \/>\n<a href=\"https:\/\/www.badische-zeitung.de\/freiburg-kappel-feiert-den-750-geburtstag-und-ist-wahrscheinlich-viel-aelter--217237378.html\">https:\/\/www.badische-zeitung.de\/freiburg-kappel-feiert-den-750-geburtstag-und-ist-wahrscheinlich-viel-aelter&#8211;217237378.html<\/a><\/p>\n<p>&nbsp;<\/p>\n<p><strong>Dorfplatzfest in Freiburg-Kappel an Christi Himmelfahrt<\/strong><\/p>\n<p>In Freiburg-Kappel ist es gute und langj\u00e4hrige Tradition, sich am Feiertag Christi Himmelfahrt ab 11.00 Uhr in gem\u00fctlicher Atmosph\u00e4re auf dem Rathausplatz zum Dorfplatzfest des Deutschen Roten Kreuzes \u2013 Ortsverein Kappel-Ebnet zu treffen. Dieses Fest bietet Gelegenheit, sich in geselliger Runde zu treffen und einen gem\u00fctlichen Tag mit Familie, Freunden und Nachbarn zu verbringen. Willkommen ist jeder, egal ob klein oder gro\u00df, jung oder alt, Vatertagswanderer, Radfahrer oder Busreisender. F\u00fcr beste Unterhaltung sorgt nun schon seit einigen Jahren ab 11.30 Uhr das fantastische Jugendorchester des Musikvereins Littenweiler sowie dessen mitrei\u00dfende Percussion-Kindergruppe. Auch am Nachmittag ist mit Live-Musik f\u00fcr beste Stimmung gesorgt. Dank hervorragender regionaler Lieferanten steht wieder ein vielf\u00e4ltiges Speisen- und Getr\u00e4nkeangebot auf der Karte, so z.B. Wei\u00dfw\u00fcrste, Brutzelfleisch, Steaks, Grillw\u00fcrste, Pommes Frites und Salate. Am Nachmittag laden vor allen Dingen auch die leckeren selbstgebackenen Kuchen der Kappler B\u00fcrgerinnen, die man sich bei einem guten Kaffee oder Tee schmecken lassen kann, wieder zur Einkehr ein.<br \/>\nIn jedem Jahr ist vor allem f\u00fcr Kinder so manches angeboten: Diesmal k\u00f6nnen sie sich neben der schon bekannten Spielstra\u00dfe auch wieder auf einen Luftballonweitflugwettbewerb freuen. Im letzten Jahr flog der \u201eSieger-Ballon\u201c 104 km weit in die Schweiz. Daneben bietet die Bereitschaft des DRK Kappel-Ebnet am Nachmittag die M\u00f6glichkeit, ihre Einsatzfahrzeuge zu besichtigen. Ein Besuch lohnt sich. Bleibt zu hoffen, dass sich f\u00fcr dieses Freiluftfest auch die Sonne ein wenig Zeit nimmt und einen sch\u00f6nen Rahmen f\u00fcr diese Veranstaltung zaubert. Der Erl\u00f6s des Dorfplatzfestes kommt der Vereinsarbeit des \u00f6rtlichen Roten Kreuzes zugute.<br \/>\n8.5.2013,\u00a0Monika Keller, <a href=\"mailto:monika.felicitas.keller@web.de\">monika.felicitas.keller@web.de<\/a> , <a href=\"https:\/\/www.dreisamtaeler.de\">www.dreisamtaeler.de<\/a><\/p>\n<p>&nbsp;<\/p>\n<p>&nbsp;<\/p>\n<p><strong>Stollenh\u00fctte im Kappler Gro\u00dftal<\/strong><\/p>\n<p>Die Stollenh\u00fctte liegt im hinteren Gro\u00dftal und kann gemietet werden. Der von Kappler Vereinen gegr\u00fcndete F\u00f6rderverein saniert die <a title=\"Huetten\" href=\"https:\/\/www.freiburg-schwarzwald.de\/blog\/tourismus\/gastro\/huetten\/\">H\u00fctte<\/a>. Spender und Helfer gesucht!<br \/>\n<a href=\"https:\/\/www.stollenh\u00fctte-kappel.de\/\">https:\/\/www.stollenh\u00fctte-kappel.de\/<\/a><br \/>\n<a href=\"https:\/\/www.wandergruppe-schauinsland.de\">www.wandergruppe-schauinsland.de<\/a><\/p>\n<p><strong>F\u00f6rderverein hat mit dem Umbau der Stollenh\u00fctte begonnen<\/strong><br \/>\nRund 50 F\u00f6rdermitglieder konnte der Verein schon gewinnen. Jedes Mitglied zahlt mindestens 15 Euro j\u00e4hrlich in die Vereinskasse, von den Kappler Vereinen kommen je 50 Euro hinzu. 4000 Euro hat zudem die Gemeinde zur Vereinsgr\u00fcndung beigesteuert. Insgesamt sind laut Barhofer bislang 7000 Euro f\u00fcr den Umbau zusammengekommen. &#8222;Wir stehen erst am Anfang&#8220;, sagt er. Derzeit versuche der Verein, weitere Mitglieder und Sponsoren zu gewinnen. Am 21. Juli soll es einen Tag der offenen T\u00fcr geben. &#8230; Alles vom 1.6.2013 auf<br \/>\n<a href=\"https:\/\/www.badische-zeitung.de\/freiburg-ost\/der-charme-soll-bleiben--72381838.html\">https:\/\/www.badische-zeitung.de\/freiburg-ost\/der-charme-soll-bleiben&#8211;72381838.html<\/a><\/p>\n","protected":false},"excerpt":{"rendered":"<p>Home &gt;Regio &gt;Orte &gt;Dreisamtal &gt;Freiburg &gt;Littenweiler &gt;Kappel Listenauswahl eines Beitrags (Artikel\/Datum, Seite\/Inhalt):\u00a0Klicken\u00a0oder scrollen Stadtbahnverl\u00e4ngerung Littenweiler: Verkehrsplanerisch ein Fehler\u00a0(5.1.2026) Fronleichnam \u2013 Prozession\u00a0(19.6.2025) Wieselhof in Kirchzarten-Neuh\u00e4user: Mehr-Generationen-Wohnen\u00a0(13.6.2025) Holzbildhauer Thomas Rees: \u201eIch kann gut zuh\u00f6ren\u201c (5.6.2025) Friedliche Kunst ist unertr\u00e4glich?\u00a0(9.1.2024) Christi Himmelfahrt am &hellip; <a href=\"https:\/\/www.freiburg-schwarzwald.de\/blog\/regio\/freiburg\/kappel\/\">Weiterlesen <span class=\"meta-nav\">&rarr;<\/span><\/a><\/p>\n","protected":false},"author":2,"featured_media":0,"parent":389,"menu_order":0,"comment_status":"open","ping_status":"closed","template":"","meta":{"footnotes":""},"class_list":["post-4017","page","type-page","status-publish","hentry"],"_links":{"self":[{"href":"https:\/\/www.freiburg-schwarzwald.de\/blog\/wp-json\/wp\/v2\/pages\/4017","targetHints":{"allow":["GET"]}}],"collection":[{"href":"https:\/\/www.freiburg-schwarzwald.de\/blog\/wp-json\/wp\/v2\/pages"}],"about":[{"href":"https:\/\/www.freiburg-schwarzwald.de\/blog\/wp-json\/wp\/v2\/types\/page"}],"author":[{"embeddable":true,"href":"https:\/\/www.freiburg-schwarzwald.de\/blog\/wp-json\/wp\/v2\/users\/2"}],"replies":[{"embeddable":true,"href":"https:\/\/www.freiburg-schwarzwald.de\/blog\/wp-json\/wp\/v2\/comments?post=4017"}],"version-history":[{"count":6,"href":"https:\/\/www.freiburg-schwarzwald.de\/blog\/wp-json\/wp\/v2\/pages\/4017\/revisions"}],"predecessor-version":[{"id":143706,"href":"https:\/\/www.freiburg-schwarzwald.de\/blog\/wp-json\/wp\/v2\/pages\/4017\/revisions\/143706"}],"up":[{"embeddable":true,"href":"https:\/\/www.freiburg-schwarzwald.de\/blog\/wp-json\/wp\/v2\/pages\/389"}],"wp:attachment":[{"href":"https:\/\/www.freiburg-schwarzwald.de\/blog\/wp-json\/wp\/v2\/media?parent=4017"}],"curies":[{"name":"wp","href":"https:\/\/api.w.org\/{rel}","templated":true}]}}