{"id":40078,"date":"2013-11-06T18:05:14","date_gmt":"2013-11-06T17:05:14","guid":{"rendered":"https:\/\/www.freiburg-schwarzwald.de\/blog\/?page_id=40078"},"modified":"2013-12-07T20:34:26","modified_gmt":"2013-12-07T19:34:26","slug":"reisebus-israel","status":"publish","type":"page","link":"https:\/\/www.freiburg-schwarzwald.de\/blog\/global\/israel\/israel2013\/reisebus-israel\/","title":{"rendered":"Reisebus-Israel"},"content":{"rendered":"<p>Home &gt;<a title=\"Global\" href=\"https:\/\/www.freiburg-schwarzwald.de\/blog\/global\/\">Globa<\/a>l\u00a0&gt;<a title=\"Israel\" href=\"https:\/\/www.freiburg-schwarzwald.de\/blog\/global\/israel\/\">Israel<\/a> &gt;<a title=\"Israel2013\" href=\"https:\/\/www.freiburg-schwarzwald.de\/blog\/global\/israel\/israel2013\/\">Israel2013<\/a> &gt;Reisebus-Israel<\/p>\n<div id=\"attachment_41111\" style=\"width: 650px\" class=\"wp-caption alignnone\"><a href=\"https:\/\/www.freiburg-schwarzwald.de\/blog\/global\/israel\/israel2013\/reisebus-israel\/jr-jerusalem-oelberg-pan131026\/\" rel=\"attachment wp-att-41111\"><img loading=\"lazy\" decoding=\"async\" aria-describedby=\"caption-attachment-41111\" class=\"size-full wp-image-41111\" title=\"jr-jerusalem-oelberg-pan131026\" src=\"https:\/\/www.freiburg-schwarzwald.de\/blog\/wp-content\/uploads\/2013\/11\/jr-jerusalem-oelberg-pan131026.jpg\" alt=\"\" width=\"640\" height=\"346\" srcset=\"https:\/\/www.freiburg-schwarzwald.de\/blog\/wp-content\/uploads\/2013\/11\/jr-jerusalem-oelberg-pan131026.jpg 640w, https:\/\/www.freiburg-schwarzwald.de\/blog\/wp-content\/uploads\/2013\/11\/jr-jerusalem-oelberg-pan131026-180x97.jpg 180w\" sizes=\"auto, (max-width: 640px) 100vw, 640px\" \/><\/a><p id=\"caption-attachment-41111\" class=\"wp-caption-text\">Blick vom \u00d6lberg \u00fcber Jerusalem am 26.10.2013<\/p><\/div>\n<ul>\n<li>Bus-Impressionen<\/li>\n<li>Die letzte Fahrt von Yofo zum Flughafen Tel Aviv<\/li>\n<\/ul>\n<p>&nbsp;<\/p>\n<p>F\u00fcr fast 1500 km wurde der wei\u00dfe Reisebus zum rollenden Zuhause. Ein Mercedes-Bus mit dem Aufbau von Irizar (Spanien),\u00a0Baujahr 2006 mit 320.000 km auf dem Buckel, aber von Mazen gut gepflegt. Einziges Manko: Keine Toilette an Bord.<\/p>\n<p>&nbsp;<\/p>\n<p>&nbsp;<\/p>\n<p><strong>\u00a0Bus-Impressionen<\/strong><\/p>\n<p><a href=\"https:\/\/www.freiburg-schwarzwald.de\/blog\/global\/israel\/israel2013\/reisebus-israel\/bus3jerusalem131026\/\" rel=\"attachment wp-att-40094\"><img loading=\"lazy\" decoding=\"async\" class=\"alignnone size-thumbnail wp-image-40094\" title=\"bus3jerusalem131026\" src=\"https:\/\/www.freiburg-schwarzwald.de\/blog\/wp-content\/uploads\/2013\/11\/bus3jerusalem131026-180x135.jpg\" alt=\"\" width=\"180\" height=\"135\" srcset=\"https:\/\/www.freiburg-schwarzwald.de\/blog\/wp-content\/uploads\/2013\/11\/bus3jerusalem131026-180x135.jpg 180w, https:\/\/www.freiburg-schwarzwald.de\/blog\/wp-content\/uploads\/2013\/11\/bus3jerusalem131026.jpg 640w\" sizes=\"auto, (max-width: 180px) 100vw, 180px\" \/><\/a>\u00a0\u00a0\u00a0\u00a0\u00a0\u00a0\u00a0\u00a0\u00a0 <a href=\"https:\/\/www.freiburg-schwarzwald.de\/blog\/global\/israel\/israel2013\/reisebus-israel\/bus4akko131031\/\" rel=\"attachment wp-att-40095\"><img loading=\"lazy\" decoding=\"async\" class=\"alignnone size-thumbnail wp-image-40095\" title=\"bus4akko131031\" src=\"https:\/\/www.freiburg-schwarzwald.de\/blog\/wp-content\/uploads\/2013\/11\/bus4akko131031-180x135.jpg\" alt=\"\" width=\"180\" height=\"135\" srcset=\"https:\/\/www.freiburg-schwarzwald.de\/blog\/wp-content\/uploads\/2013\/11\/bus4akko131031-180x135.jpg 180w, https:\/\/www.freiburg-schwarzwald.de\/blog\/wp-content\/uploads\/2013\/11\/bus4akko131031-640x480.jpg 640w, https:\/\/www.freiburg-schwarzwald.de\/blog\/wp-content\/uploads\/2013\/11\/bus4akko131031.jpg 1000w\" sizes=\"auto, (max-width: 180px) 100vw, 180px\" \/><\/a>\u00a0\u00a0\u00a0\u00a0\u00a0\u00a0\u00a0\u00a0\u00a0 <a href=\"https:\/\/www.freiburg-schwarzwald.de\/blog\/global\/israel\/israel2013\/jerusalem-altstadt\/jr-jerusalem-oelberg131026\/\" rel=\"attachment wp-att-41128\"><img loading=\"lazy\" decoding=\"async\" class=\"alignnone size-thumbnail wp-image-41128\" title=\"jr-jerusalem-oelberg131026\" src=\"https:\/\/www.freiburg-schwarzwald.de\/blog\/wp-content\/uploads\/2013\/11\/jr-jerusalem-oelberg131026-180x130.jpg\" alt=\"\" width=\"180\" height=\"130\" srcset=\"https:\/\/www.freiburg-schwarzwald.de\/blog\/wp-content\/uploads\/2013\/11\/jr-jerusalem-oelberg131026-180x130.jpg 180w, https:\/\/www.freiburg-schwarzwald.de\/blog\/wp-content\/uploads\/2013\/11\/jr-jerusalem-oelberg131026-640x464.jpg 640w, https:\/\/www.freiburg-schwarzwald.de\/blog\/wp-content\/uploads\/2013\/11\/jr-jerusalem-oelberg131026.jpg 641w\" sizes=\"auto, (max-width: 180px) 100vw, 180px\" \/><\/a><br \/>\n(1) Jerusalem Hotel 26.10.2013\u00a0\u00a0\u00a0\u00a0\u00a0\u00a0\u00a0\u00a0\u00a0\u00a0\u00a0\u00a0 (2) Fahrt nach Akko 31.10.2013\u00a0\u00a0\u00a0\u00a0\u00a0\u00a0\u00a0\u00a0\u00a0\u00a0\u00a0\u00a0 (3) 26.10.2013 in Jerusalem<\/p>\n<p>&nbsp;<\/p>\n<p>&nbsp;<\/p>\n<p><strong>Die letzte Fahrt von Yafo zum Flughafen Tel Aviv<\/strong><\/p>\n<p><img loading=\"lazy\" decoding=\"async\" class=\"alignnone size-thumbnail wp-image-40081\" title=\"cj-busfahrer-mazen131028\" src=\"https:\/\/www.freiburg-schwarzwald.de\/blog\/wp-content\/uploads\/2013\/11\/cj-busfahrer-mazen131028-180x135.jpg\" alt=\"\" width=\"180\" height=\"135\" srcset=\"https:\/\/www.freiburg-schwarzwald.de\/blog\/wp-content\/uploads\/2013\/11\/cj-busfahrer-mazen131028-180x135.jpg 180w, https:\/\/www.freiburg-schwarzwald.de\/blog\/wp-content\/uploads\/2013\/11\/cj-busfahrer-mazen131028.jpg 640w\" sizes=\"auto, (max-width: 180px) 100vw, 180px\" \/>\u00a0\u00a0\u00a0\u00a0\u00a0\u00a0\u00a0\u00a0\u00a0\u00a0 <a href=\"https:\/\/www.freiburg-schwarzwald.de\/blog\/global\/israel\/israel2013\/reisebus-israel\/cj-johannes131028\/\" rel=\"attachment wp-att-40082\"><img loading=\"lazy\" decoding=\"async\" class=\"alignnone size-thumbnail wp-image-40082\" title=\"cj-johannes131028\" src=\"https:\/\/www.freiburg-schwarzwald.de\/blog\/wp-content\/uploads\/2013\/11\/cj-johannes131028-145x180.jpg\" alt=\"\" width=\"145\" height=\"180\" srcset=\"https:\/\/www.freiburg-schwarzwald.de\/blog\/wp-content\/uploads\/2013\/11\/cj-johannes131028-145x180.jpg 145w, https:\/\/www.freiburg-schwarzwald.de\/blog\/wp-content\/uploads\/2013\/11\/cj-johannes131028.jpg 517w\" sizes=\"auto, (max-width: 145px) 100vw, 145px\" \/><\/a>\u00a0\u00a0\u00a0\u00a0\u00a0\u00a0\u00a0\u00a0\u00a0 \u00a0\u00a0\u00a0\u00a0\u00a0\u00a0\u00a0\u00a0\u00a0\u00a0 <a href=\"https:\/\/www.freiburg-schwarzwald.de\/blog\/global\/israel\/israel2013\/reisebus-israel\/cj-lioba131102\/\" rel=\"attachment wp-att-40083\"><img loading=\"lazy\" decoding=\"async\" class=\"alignnone size-thumbnail wp-image-40083\" title=\"cj-lioba131102\" src=\"https:\/\/www.freiburg-schwarzwald.de\/blog\/wp-content\/uploads\/2013\/11\/cj-lioba131102-141x180.jpg\" alt=\"\" width=\"141\" height=\"180\" srcset=\"https:\/\/www.freiburg-schwarzwald.de\/blog\/wp-content\/uploads\/2013\/11\/cj-lioba131102-141x180.jpg 141w, https:\/\/www.freiburg-schwarzwald.de\/blog\/wp-content\/uploads\/2013\/11\/cj-lioba131102.jpg 502w\" sizes=\"auto, (max-width: 141px) 100vw, 141px\" \/><\/a><br \/>\n(1) Unser guter Busfahrer Mezad\u00a0\u00a0\u00a0\u00a0\u00a0\u00a0\u00a0\u00a0\u00a0\u00a0\u00a0\u00a0(2) Johannes\u00a0&#8211; immer gut gelaunt\u00a0\u00a0\u00a0\u00a0\u00a0\u00a0\u00a0 (3) Lioba, unsere Reisegruppenchefin\u00a0<\/p>\n<p>\u00a0<a href=\"https:\/\/www.freiburg-schwarzwald.de\/blog\/global\/israel\/israel2013\/reisebus-israel\/bus1lioba131102\/\" rel=\"attachment wp-att-40089\"><img loading=\"lazy\" decoding=\"async\" class=\"alignnone size-thumbnail wp-image-40089\" title=\"bus1lioba131102\" src=\"https:\/\/www.freiburg-schwarzwald.de\/blog\/wp-content\/uploads\/2013\/11\/bus1lioba131102-180x135.jpg\" alt=\"\" width=\"180\" height=\"135\" srcset=\"https:\/\/www.freiburg-schwarzwald.de\/blog\/wp-content\/uploads\/2013\/11\/bus1lioba131102-180x135.jpg 180w, https:\/\/www.freiburg-schwarzwald.de\/blog\/wp-content\/uploads\/2013\/11\/bus1lioba131102-640x480.jpg 640w, https:\/\/www.freiburg-schwarzwald.de\/blog\/wp-content\/uploads\/2013\/11\/bus1lioba131102.jpg 1000w\" sizes=\"auto, (max-width: 180px) 100vw, 180px\" \/><\/a>\u00a0\u00a0\u00a0\u00a0\u00a0\u00a0\u00a0\u00a0\u00a0 <a href=\"https:\/\/www.freiburg-schwarzwald.de\/blog\/global\/israel\/israel2013\/reisebus-israel\/bus2ulrike131102\/\" rel=\"attachment wp-att-40090\"><img loading=\"lazy\" decoding=\"async\" class=\"alignnone size-thumbnail wp-image-40090\" title=\"bus2ulrike131102\" src=\"https:\/\/www.freiburg-schwarzwald.de\/blog\/wp-content\/uploads\/2013\/11\/bus2ulrike131102-180x139.jpg\" alt=\"\" width=\"180\" height=\"139\" srcset=\"https:\/\/www.freiburg-schwarzwald.de\/blog\/wp-content\/uploads\/2013\/11\/bus2ulrike131102-180x139.jpg 180w, https:\/\/www.freiburg-schwarzwald.de\/blog\/wp-content\/uploads\/2013\/11\/bus2ulrike131102.jpg 640w\" sizes=\"auto, (max-width: 180px) 100vw, 180px\" \/><\/a>\u00a0\u00a0\u00a0\u00a0 <a href=\"https:\/\/www.freiburg-schwarzwald.de\/blog\/global\/israel\/israel2013\/reisebus-israel\/cj-ekkehard-mundharmonika131028\/\" rel=\"attachment wp-att-40084\"><img loading=\"lazy\" decoding=\"async\" title=\"cj-ekkehard-mundharmonika131028\" src=\"https:\/\/www.freiburg-schwarzwald.de\/blog\/wp-content\/uploads\/2013\/11\/cj-ekkehard-mundharmonika131028-135x180.jpg\" alt=\"\" width=\"135\" height=\"180\" \/><\/a><br \/>\n(4)\u00a0Lioba dankt Johannes und Jonathan\u00a0\u00a0\u00a0 (5) Ulrike dankt Jonathan\u00a0\u00a0\u00a0\u00a0\u00a0\u00a0\u00a0\u00a0\u00a0\u00a0\u00a0\u00a0\u00a0 (6) Ekkehard macht Musik<\/p>\n<p><a href=\"https:\/\/www.freiburg-schwarzwald.de\/blog\/global\/israel\/israel2013\/reisebus-israel\/flug-telaviv-f131102\/\" rel=\"attachment wp-att-40091\"><img loading=\"lazy\" decoding=\"async\" class=\"alignnone size-thumbnail wp-image-40091\" title=\"flug-telaviv-f131102\" src=\"https:\/\/www.freiburg-schwarzwald.de\/blog\/wp-content\/uploads\/2013\/11\/flug-telaviv-f131102-180x135.jpg\" alt=\"\" width=\"180\" height=\"135\" srcset=\"https:\/\/www.freiburg-schwarzwald.de\/blog\/wp-content\/uploads\/2013\/11\/flug-telaviv-f131102-180x135.jpg 180w, https:\/\/www.freiburg-schwarzwald.de\/blog\/wp-content\/uploads\/2013\/11\/flug-telaviv-f131102.jpg 640w\" sizes=\"auto, (max-width: 180px) 100vw, 180px\" \/><\/a>\u00a0\u00a0\u00a0\u00a0\u00a0\u00a0\u00a0\u00a0\u00a0 <a href=\"https:\/\/www.freiburg-schwarzwald.de\/blog\/global\/israel\/israel2013\/reisebus-israel\/er1israel131029\/\" rel=\"attachment wp-att-41974\"><img loading=\"lazy\" decoding=\"async\" class=\"alignnone size-thumbnail wp-image-41974\" title=\"er1israel131029\" src=\"https:\/\/www.freiburg-schwarzwald.de\/blog\/wp-content\/uploads\/2013\/11\/er1israel131029-144x180.jpg\" alt=\"\" width=\"144\" height=\"180\" srcset=\"https:\/\/www.freiburg-schwarzwald.de\/blog\/wp-content\/uploads\/2013\/11\/er1israel131029-144x180.jpg 144w, https:\/\/www.freiburg-schwarzwald.de\/blog\/wp-content\/uploads\/2013\/11\/er1israel131029.jpg 513w\" sizes=\"auto, (max-width: 144px) 100vw, 144px\" \/><\/a><br \/>\n(7) Kurz nach dem Start in Tel Aviv\u00a0\u00a0\u00a0\u00a0\u00a0\u00a0\u00a0\u00a0 (8) Der Reiseleiter &#8211; Bild ER<br \/>\n\u00fcber dem Mittelmeer in Richtung Zypern<\/p>\n<div>(4) Als der Bus am Samstag 2.11.2013 um 13.30 Uhr am Hotel in Yafo losfuhr, kam schon eine etwas wehm\u00fctige Stimmung auf. Lioba bedankte sich im Namen der Gruppe bei Mazen f\u00fcr die sichere fahrt und bei Johannes &#8222;f\u00fcr alles&#8220;, also f\u00fcr sehr viel.<br \/>\n(5) Ulrike sprach liebe Worte an Jonathan, einen Reiseleiter, wie er besser nicht sein kann.<\/div>\n<div>(6) &#8222;Der Alte mit der Mundharmonika&#8220; durfte auch nicht fehlen: &#8222;Du, Du liegst mir im Herzen&#8220; an Israel allgemein und an die drei vorne im Bus\u00a0speziell gerichtet. Und dann &#8222;Nehmt Abschied &#8230;&#8220;.<\/div>\n<p>(1) &#8211; (3) und (6) Bilder von CJ<\/p>\n<p>&nbsp;<\/p>\n<div id=\"attachment_40783\" style=\"width: 647px\" class=\"wp-caption alignnone\"><a href=\"https:\/\/www.freiburg-schwarzwald.de\/blog\/global\/israel\/israel2013\/reisebus-israel\/tagba3wanderweg-pan131030\/\" rel=\"attachment wp-att-40783\"><img loading=\"lazy\" decoding=\"async\" aria-describedby=\"caption-attachment-40783\" class=\"size-full wp-image-40783\" title=\"tagba3wanderweg-pan131030\" src=\"https:\/\/www.freiburg-schwarzwald.de\/blog\/wp-content\/uploads\/2013\/11\/tagba3wanderweg-pan131030.jpg\" alt=\"\" width=\"637\" height=\"235\" srcset=\"https:\/\/www.freiburg-schwarzwald.de\/blog\/wp-content\/uploads\/2013\/11\/tagba3wanderweg-pan131030.jpg 637w, https:\/\/www.freiburg-schwarzwald.de\/blog\/wp-content\/uploads\/2013\/11\/tagba3wanderweg-pan131030-180x66.jpg 180w\" sizes=\"auto, (max-width: 637px) 100vw, 637px\" \/><\/a><p id=\"caption-attachment-40783\" class=\"wp-caption-text\">Auf dem Weg nach Tagba am See Genezareth am 30.10.2013<\/p><\/div>\n","protected":false},"excerpt":{"rendered":"<p>Home &gt;Global\u00a0&gt;Israel &gt;Israel2013 &gt;Reisebus-Israel Bus-Impressionen Die letzte Fahrt von Yofo zum Flughafen Tel Aviv &nbsp; F\u00fcr fast 1500 km wurde der wei\u00dfe Reisebus zum rollenden Zuhause. Ein Mercedes-Bus mit dem Aufbau von Irizar (Spanien),\u00a0Baujahr 2006 mit 320.000 km auf dem &hellip; <a href=\"https:\/\/www.freiburg-schwarzwald.de\/blog\/global\/israel\/israel2013\/reisebus-israel\/\">Weiterlesen <span class=\"meta-nav\">&rarr;<\/span><\/a><\/p>\n","protected":false},"author":4,"featured_media":0,"parent":39730,"menu_order":0,"comment_status":"open","ping_status":"closed","template":"","meta":{"footnotes":""},"class_list":["post-40078","page","type-page","status-publish","hentry"],"_links":{"self":[{"href":"https:\/\/www.freiburg-schwarzwald.de\/blog\/wp-json\/wp\/v2\/pages\/40078","targetHints":{"allow":["GET"]}}],"collection":[{"href":"https:\/\/www.freiburg-schwarzwald.de\/blog\/wp-json\/wp\/v2\/pages"}],"about":[{"href":"https:\/\/www.freiburg-schwarzwald.de\/blog\/wp-json\/wp\/v2\/types\/page"}],"author":[{"embeddable":true,"href":"https:\/\/www.freiburg-schwarzwald.de\/blog\/wp-json\/wp\/v2\/users\/4"}],"replies":[{"embeddable":true,"href":"https:\/\/www.freiburg-schwarzwald.de\/blog\/wp-json\/wp\/v2\/comments?post=40078"}],"version-history":[{"count":0,"href":"https:\/\/www.freiburg-schwarzwald.de\/blog\/wp-json\/wp\/v2\/pages\/40078\/revisions"}],"up":[{"embeddable":true,"href":"https:\/\/www.freiburg-schwarzwald.de\/blog\/wp-json\/wp\/v2\/pages\/39730"}],"wp:attachment":[{"href":"https:\/\/www.freiburg-schwarzwald.de\/blog\/wp-json\/wp\/v2\/media?parent=40078"}],"curies":[{"name":"wp","href":"https:\/\/api.w.org\/{rel}","templated":true}]}}