{"id":39700,"date":"2013-10-25T10:11:29","date_gmt":"2013-10-25T08:11:29","guid":{"rendered":"https:\/\/www.freiburg-schwarzwald.de\/blog\/?page_id=39700"},"modified":"2013-10-25T10:26:51","modified_gmt":"2013-10-25T08:26:51","slug":"suedwind-freiburg","status":"publish","type":"page","link":"https:\/\/www.freiburg-schwarzwald.de\/blog\/vereine\/hilfe\/suedwind-freiburg\/","title":{"rendered":"Suedwind-Freiburg"},"content":{"rendered":"<p>Home &gt;<a title=\"Vereine\" href=\"https:\/\/www.freiburg-schwarzwald.de\/blog\/vereine\/\">Vereine<\/a> &gt;<a title=\"EineWelt\" href=\"https:\/\/www.freiburg-schwarzwald.de\/blog\/global\/einewelt\/\">EineWelt<\/a>\u00a0&gt;Hilfe &gt;Suedwind-Freiburg\u00a0<\/p>\n<div id=\"attachment_37996\" style=\"width: 651px\" class=\"wp-caption alignnone\"><a href=\"https:\/\/www.freiburg-schwarzwald.de\/blog\/regio\/freiburg\/herdern\/muensterturm22herdern-pan130903\/\" rel=\"attachment wp-att-37996\"><img loading=\"lazy\" decoding=\"async\" aria-describedby=\"caption-attachment-37996\" class=\"size-full wp-image-37996\" title=\"muensterturm22herdern-pan130903\" src=\"https:\/\/www.freiburg-schwarzwald.de\/blog\/wp-content\/uploads\/2013\/05\/muensterturm22herdern-pan130903.jpg\" alt=\"\" width=\"641\" height=\"192\" srcset=\"https:\/\/www.freiburg-schwarzwald.de\/blog\/wp-content\/uploads\/2013\/05\/muensterturm22herdern-pan130903.jpg 641w, https:\/\/www.freiburg-schwarzwald.de\/blog\/wp-content\/uploads\/2013\/05\/muensterturm22herdern-pan130903-180x53.jpg 180w, https:\/\/www.freiburg-schwarzwald.de\/blog\/wp-content\/uploads\/2013\/05\/muensterturm22herdern-pan130903-640x191.jpg 640w\" sizes=\"auto, (max-width: 641px) 100vw, 641px\" \/><\/a><p id=\"caption-attachment-37996\" class=\"wp-caption-text\">Blick vom M\u00fcnsterturm nach Norden auf den Stadtteil Herdern am 3.9.2013<\/p><\/div>\n<p>&nbsp;<\/p>\n<ul>\n<li><a href=\"https:\/\/www.freiburg-schwarzwald.de\/stiftungen2.htm#Rita-Schneider-Stiftung: 8500 Euro f\u00fcr S\u00fcdwind, Tafel und Vabe\">Rita-Schneider-Stiftung: 8500 Euro f\u00fcr S\u00fcdwind, Tafel und Vabe<\/a> &gt;Stiftungen2 (29.12.2010)<\/li>\n<li><a href=\"https:\/\/www.freiburg-schwarzwald.de\/deutsch.htm#Internationale Hauptschule R\u00f6merhof: Edith Bieber unterrichtet Deutsch\">Internationale Hauptschule R\u00f6merhof: Edith Bieber unterrichtet Deutsch<\/a> &gt;Deutsch (17.2.2010)<\/li>\n<li><a href=\"https:\/\/www.freiburg-schwarzwald.de\/littenweiler\/littenweiler8.htm#Interkultureller Garten an der H\u00f6llentalbahn\">Interkultureller Garten an der H\u00f6llentalbahn<\/a> &gt;Littenweiler8 (3.6.2007)<\/li>\n<li><a href=\"https:\/\/www.freiburg-schwarzwald.de\/littenweiler\/ehrenamt4.htm#Migranten: die Hoffnungstr\u00e4ger unserer Gesellschaft\">Migranten: die Hoffnungstr\u00e4ger unserer Gesellschaft<\/a> Ehrenamt4 (15.9.2006)<\/li>\n<li><a href=\"https:\/\/www.freiburg-schwarzwald.de\/littenweiler\/buergerpreis.htm#Freiburger B\u00fcrgerpreis in drei Kategorien vergeben\">Freiburger B\u00fcrgerpreis wurde in drei Kategorien vergeben<\/a> &gt;Buergerpreis (23.7.2006)<\/li>\n<li>S\u00fcdwind Freiburg e.V.<\/li>\n<\/ul>\n<p>&nbsp;<\/p>\n<p><strong>S\u00fcdwind Freiburg e.V<\/strong><\/p>\n<p>&#8222;S\u00fcdwind Freiburg e.V. \u2013 Verein f\u00fcr soziale und interkulturelle Arbeit engagiert sich in einer Gesellschaft der Vielfalt und Verschiedenheit f\u00fcr offenen Dialog sowie gleichberechtigte und selbstbestimmte Teilhabe aller Menschen am politischen, kulturellen\u00a0 und sozialen Leben. Mit Bildungs- und Beratungsangeboten, Kulturarbeit und sozialpolitischem Engagement\u00a0 verfolgt der Verein das Ziel, Benachteiligungen abzubauen und an einer Gesellschaft mitzuwirken, in der\u00a0 Kategorisierungen wie z.B.\u00a0\u201e<a title=\"Migration\" href=\"https:\/\/www.freiburg-schwarzwald.de\/blog\/global\/migration\/\">Migrationshintergrund<\/a>\u201c\u00a0 keine Rolle mehr spielen.&#8220;<br \/>\nS\u00fcdwind wurde 1976 als &#8222;Ausl\u00e4nderinitiative&#8220; gegr\u00fcndet. \u00dcber 40 MitarbeiterInnen arbeiten gro\u00dfenteils auf Honorarbasis oder in Minijobs, die \u00fcber befristete Projekte laufen. Seit Oktober 2013 ist Katharina Katt\u00a0neue Gesch\u00e4ftsf\u00fchrerin von &#8222;S\u00fcdwind&#8220;, dem Verein f\u00fcr interkulturelle Arbeit. Bis sie alles kennt, werden Wochen vergehen. Unter anderem will Katharina Katt s\u00e4mtliche<\/p>\n<p>S\u00fcdwind Freiburg e.V. , Faulerstra\u00dfe 8 , 79098 Freiburg<br \/>\nTel 0761 40 55 55,\u00a0<a href=\"https:\/\/www.suedwind-freiburg.de\">www.suedwind-freiburg.de<\/a><\/p>\n<p>Spendenkonto:<br \/>\nS\u00fcdwind Freiburg e.V., Sparkasse Freiburg \u2013 N\u00f6rdlicher Breisgau, Konto-Nr. 206 49 10, BLZ 680 501 01<\/p>\n","protected":false},"excerpt":{"rendered":"<p>Home &gt;Vereine &gt;EineWelt\u00a0&gt;Hilfe &gt;Suedwind-Freiburg\u00a0 &nbsp; Rita-Schneider-Stiftung: 8500 Euro f\u00fcr S\u00fcdwind, Tafel und Vabe &gt;Stiftungen2 (29.12.2010) Internationale Hauptschule R\u00f6merhof: Edith Bieber unterrichtet Deutsch &gt;Deutsch (17.2.2010) Interkultureller Garten an der H\u00f6llentalbahn &gt;Littenweiler8 (3.6.2007) Migranten: die Hoffnungstr\u00e4ger unserer Gesellschaft Ehrenamt4 (15.9.2006) Freiburger B\u00fcrgerpreis &hellip; <a href=\"https:\/\/www.freiburg-schwarzwald.de\/blog\/vereine\/hilfe\/suedwind-freiburg\/\">Weiterlesen <span class=\"meta-nav\">&rarr;<\/span><\/a><\/p>\n","protected":false},"author":4,"featured_media":0,"parent":1102,"menu_order":0,"comment_status":"open","ping_status":"closed","template":"","meta":{"footnotes":""},"class_list":["post-39700","page","type-page","status-publish","hentry"],"_links":{"self":[{"href":"https:\/\/www.freiburg-schwarzwald.de\/blog\/wp-json\/wp\/v2\/pages\/39700","targetHints":{"allow":["GET"]}}],"collection":[{"href":"https:\/\/www.freiburg-schwarzwald.de\/blog\/wp-json\/wp\/v2\/pages"}],"about":[{"href":"https:\/\/www.freiburg-schwarzwald.de\/blog\/wp-json\/wp\/v2\/types\/page"}],"author":[{"embeddable":true,"href":"https:\/\/www.freiburg-schwarzwald.de\/blog\/wp-json\/wp\/v2\/users\/4"}],"replies":[{"embeddable":true,"href":"https:\/\/www.freiburg-schwarzwald.de\/blog\/wp-json\/wp\/v2\/comments?post=39700"}],"version-history":[{"count":0,"href":"https:\/\/www.freiburg-schwarzwald.de\/blog\/wp-json\/wp\/v2\/pages\/39700\/revisions"}],"up":[{"embeddable":true,"href":"https:\/\/www.freiburg-schwarzwald.de\/blog\/wp-json\/wp\/v2\/pages\/1102"}],"wp:attachment":[{"href":"https:\/\/www.freiburg-schwarzwald.de\/blog\/wp-json\/wp\/v2\/media?parent=39700"}],"curies":[{"name":"wp","href":"https:\/\/api.w.org\/{rel}","templated":true}]}}