{"id":3964,"date":"2012-05-26T20:27:48","date_gmt":"2012-05-26T20:27:48","guid":{"rendered":"https:\/\/www.freiburg-schwarzwald.de\/blog\/?page_id=3964"},"modified":"2024-06-22T12:09:12","modified_gmt":"2024-06-22T10:09:12","slug":"spielsucht","status":"publish","type":"page","link":"https:\/\/www.freiburg-schwarzwald.de\/blog\/selbsthilfe\/sucht\/spielsucht\/","title":{"rendered":"Spielsucht"},"content":{"rendered":"<p>Home &gt;<a title=\"Selbsthilfe\" href=\"https:\/\/www.freiburg-schwarzwald.de\/blog\/selbsthilfe\/\">Selbsthilfe<\/a> &gt;<a title=\"Sucht\" href=\"https:\/\/www.freiburg-schwarzwald.de\/blog\/selbsthilfe\/sucht\/\">Sucht<\/a> &gt;Spielsucht<\/p>\n<div id=\"attachment_1945\" style=\"width: 611px\" class=\"wp-caption alignnone\"><a href=\"https:\/\/www.freiburg-schwarzwald.de\/blog\/regio\/kaiserstuhl\/kaiserstuhl9pan080329\/\" rel=\"attachment wp-att-1945\"><img loading=\"lazy\" decoding=\"async\" aria-describedby=\"caption-attachment-1945\" class=\"size-full wp-image-1945\" title=\"kaiserstuhl9pan080329\" src=\"https:\/\/www.freiburg-schwarzwald.de\/blog\/wp-content\/uploads\/2012\/04\/kaiserstuhl9pan080329.jpg\" alt=\"\" width=\"601\" height=\"179\" srcset=\"https:\/\/www.freiburg-schwarzwald.de\/blog\/wp-content\/uploads\/2012\/04\/kaiserstuhl9pan080329.jpg 601w, https:\/\/www.freiburg-schwarzwald.de\/blog\/wp-content\/uploads\/2012\/04\/kaiserstuhl9pan080329-180x53.jpg 180w\" sizes=\"auto, (max-width: 601px) 100vw, 601px\" \/><\/a><p id=\"caption-attachment-1945\" class=\"wp-caption-text\">Kaiserstuhl: Blick von der Schelinger Viehweide nach S\u00fcdosten \u00fcber NSG Badberg und Eichelspitzturm zu Feldberg (links) und Belchen (rechts) im Schnee am 29.3.2008<\/p><\/div>\n<ul>\n<li><a href=\"https:\/\/www.freiburg-schwarzwald.de\/blog\/selbsthilfe\/chronisch\/demenz\/\">Digitale Demenz \u2013 Prof Spitzer: 214 Handy-Zugriffe t\u00e4glich<\/a>\u00a0(22.5.2024)<\/li>\n<li><a href=\"https:\/\/www.freiburg-schwarzwald.de\/blog\/kultur\/spiele\/\">Cego-online.de \u2013 Interview mit Prof Jirka Dell\u2019Oro-Friedl<\/a>\u00a0(11.12.2020)<\/li>\n<li><a title=\"Darknet\" href=\"https:\/\/www.freiburg-schwarzwald.de\/blog\/kultur\/internet\/darknet\/\">Im Online-Sumpf auf der Spur des Halle-T\u00e4ters<\/a>\u00a0(16.10.2019)<\/li>\n<li>\u00dcber 3 Millionen Deutsche von der Spielsucht tangiert (3.1.2013)<\/li>\n<li>Automatenspielsucht &#8211; Spielerkarten (22.8.2012)<\/li>\n<li>Generation Gamescom (17.8.2012)<\/li>\n<li>Counter Strike und World of Warcraft<\/li>\n<li><a href=\"https:\/\/www.freiburg-schwarzwald.de\/littenweiler\/bike-arena.htm#Unsere Jugend - DAS Argument f\u00fcr den Bau der Bike-Arena\">Unsere Jugend &#8211; DAS Argument f\u00fcr den Bau der Bike-Arena<\/a> &gt;Bike-Arena (1.2.2012)<\/li>\n<li><a href=\"https:\/\/www.freiburg-schwarzwald.de\/spielsucht.htm#Hikikomori - Theater zur Onlinesucht in der Rainhofscheune\">Hikikomori &#8211; Theater zur Onlinesucht in der Rainhofscheune<\/a> &gt;Spielsucht (11.1.2012)<\/li>\n<li><a href=\"https:\/\/www.freiburg-schwarzwald.de\/spielsucht.htm#Jugendliche sind zu lange online und schlafen zu wenig\">Jugendliche sind zu lange online und schlafen zu wenig<\/a> &gt;Spielsucht (3.10.2011)<\/li>\n<li><a href=\"https:\/\/www.freiburg-schwarzwald.de\/spiel.htm#Gamescom-Messe in K\u00f6ln: Die verspielte Gesellschaft\">Gamescom-Messe in K\u00f6ln: Die verspielte Gesellschaft<\/a> &gt;Spiel (19.8.2010)<\/li>\n<li><a href=\"https:\/\/www.freiburg-schwarzwald.de\/spielsucht#Computerspiele - Die Sehnsucht nach der Maus\">Computerspiele: Die Sehnsucht nach der Maus<\/a> &gt;Spielsucht (23.1.2010)<\/li>\n<li><a href=\"https:\/\/www.freiburg-schwarzwald.de\/spielsucht#Level up! Neue Beratungsstelle des Jugendhilfswerks Freiburg\">Level up! Neue Beratungsstelle des Jugendhilfswerks Freiburg<\/a> &gt;Spielsucht (19.8.2009)<\/li>\n<li><a href=\"https:\/\/www.freiburg-schwarzwald.de\/spielsucht.htm#Gewalt ist nicht alles - Buch zur interdisziplin\u00e4ren Computerspiel-Forschung\">Gewalt ist nicht alles\u00a0 &#8211; Buch zur\u00a0interdisziplin\u00e4ren Computerspiel-Forschung<\/a> &gt;Spielsucht (6.7.)<\/li>\n<li><a href=\"https:\/\/www.freiburg-schwarzwald.de\/winnenden.htm#Wer verharmlost, macht sich mitschuldig\">Wer verharmlost, macht sich mitschuldig<\/a> &gt;Winnenden (11.4.2009)<\/li>\n<li><a href=\"https:\/\/www.freiburg-schwarzwald.de\/reichenau.htm#Erzbistum Freiburg mit St. Georg in Second Life\">Erzbistum Freiburg mit St. Georg in Second Life<\/a> &gt;Reichenau (1.4.2009)<\/li>\n<li><a href=\"https:\/\/www.freiburg-schwarzwald.de\/winnenden.htm#Offener Brief der Familien von f\u00fcnf get\u00f6teten Sch\u00fclerinnen\">Offener Brief der Familien von f\u00fcnf get\u00f6teten Sch\u00fclerinnen<\/a> &gt;Winnenden (21.3.2009)<\/li>\n<li><a href=\"https:\/\/www.freiburg-schwarzwald.de\/spielsucht#Computerspielsucht Hilfreiche Internetportale\">Computerspielsucht &#8211; Hilfreiche Internetportale<\/a> (30.1.2009)<\/li>\n<li><a href=\"https:\/\/www.freiburg-schwarzwald.de\/spielsucht.htm#Erste Sitzung der Arbeitskreise Gewaltpr\u00e4vention und Suchtpr\u00e4vention\">Erste Sitzung der Arbeitskreise Gewaltpr\u00e4vention und Suchtpr\u00e4vention<\/a> &gt;Spielsucht (18.11.08)<\/li>\n<li><a href=\"https:\/\/www.freiburg-schwarzwald.de\/littenweiler\/bildung5.htm#Wir werden d\u00fcmmer\">Wir werden d\u00fcmmer<\/a> &gt;Bildung5 (4.11.2008)<\/li>\n<li><a href=\"https:\/\/www.freiburg-schwarzwald.de\/internet2.htm#Second Life: Steckt noch Leben drin\">Second Life: Steckt noch Leben drin?<\/a> &gt;Internet2 (23.8.2008)<\/li>\n<li><a href=\"https:\/\/www.freiburg-schwarzwald.de\/spielsucht.htm#Online-Spieler sind keine vereinsamten Problemf\u00e4lle\">Online-Spieler sind keine vereinsamten Problemf\u00e4lle<\/a> &gt;Spielsucht (22.8.2008)<\/li>\n<li><a href=\"https:\/\/www.freiburg-schwarzwald.de\/spiel.htm#Welche Computerspiele gibt es und wie gro\u00df ist das Suchtpotenzial\">Welche Computerspiele gibt es und wie gro\u00df ist das Suchtpotenzial?<\/a> &gt;Spiel (20.8.2008)<\/li>\n<li><a href=\"https:\/\/www.freiburg-schwarzwald.de\/spielsucht#Ork statt Haschisch\">Ork statt Haschisch<\/a> (21.4.2008)<\/li>\n<li><a href=\"https:\/\/www.freiburg-schwarzwald.de\/spiel.htm#freigegeben ab...: Ablauf der Alterskennzeichnung von Computerspielen\">freigegeben ab&#8230;:\u00a0 Ablauf der Alterskennzeichnung von Computerspielen<\/a><\/li>\n<li>&gt;Spiel (31.3.2008)<\/li>\n<li><a href=\"https:\/\/www.freiburg-schwarzwald.de\/spielsucht#OGame - Textorientiertes Browsergame mit Zahlen\">OGame &#8211; Textorientiertes Browsergame mit Zahlen<\/a> &gt;Spielsucht (24.3.2008)<\/li>\n<li><a href=\"https:\/\/www.freiburg-schwarzwald.de\/spielsucht#Rollenspiele am PC: Leben in einer anderen Welt\">Rollenspiele am PC: Leben in einer anderen Welt<\/a> &gt;Spielsucht (20.2.2008)<\/li>\n<li><a href=\"https:\/\/www.freiburg-schwarzwald.de\/spielsucht.htm#Wolrd of Warcraft: Verhaltenssucht, Medienabh\u00e4ngigkeit\">World of Warcraft:\u00a0Verhaltenssucht, Medienabh\u00e4ngigkeit<\/a> &gt;Spielsucht (4.2.2008)<\/li>\n<li><a href=\"https:\/\/www.freiburg-schwarzwald.de\/spiel.htm#Onlinesucht: Spiel-, Sex- und Kommunikationssucht\">Onlinesucht: Spiel-, Sex- und Kommunikationssucht<\/a> &gt;Spiel (5.10.2007)<\/li>\n<li><a href=\"https:\/\/www.freiburg-schwarzwald.de\/spiel.htm#Rollenspielsucht.de - Selbsthilfegruppe zu World of Warcraft et al\">Rollenspielsucht.de &#8211; Selbsthilfegruppe zu World of Warcraft et al<\/a> &gt;Spiel (12.9.2007)<\/li>\n<li><a href=\"https:\/\/www.freiburg-schwarzwald.de\/spielsucht#Computerspiele: Die \u00fcbelsten Zeitkiller - Endlosigkeit - Suchtfaktor\">Computerspiele: Die \u00fcbelsten Zeitkiller &#8211; Endlosigkeit &#8211; Suchtfaktor<\/a> &gt;Spielsucht (18.3.2007)<\/li>\n<li><a href=\"https:\/\/www.freiburg-schwarzwald.de\/gewalt.htm#Computerspiele: T\u00f6ten lernen per Software\">Computerspiele: T\u00f6ten lernen per Software<\/a> &gt;Gewalt (22.9.2006)<\/li>\n<li><\/li>\n<li><strong><a href=\"https:\/\/www.freiburg-schwarzwald.de\/spielsucht.htm\">www.freiburg-schwarzwald.de\/spielsucht.htm<\/a> &gt;Archivseite Spielsucht<\/strong><\/li>\n<li><a href=\"https:\/\/www.freiburg-schwarzwald.de\/spielsucht#Beratung Computerspielsucht\">Beratung Computerspielsucht<\/a><\/li>\n<li><a href=\"https:\/\/www.freiburg-schwarzwald.de\/spielsucht#Computerspielemuseum Berlin\">Computerspielemuseum Berlin<\/a> &gt;Spielsucht<\/li>\n<li>Darknet<\/li>\n<li><a title=\"Pokemon\" href=\"https:\/\/www.freiburg-schwarzwald.de\/blog\/selbsthilfe\/sucht\/pokemon\/\">Pokemon<\/a><\/li>\n<li><a href=\"https:\/\/www.freiburg-schwarzwald.de\/blog\/kultur\/spiele\/\">Spiele<\/a><\/li>\n<li><a href=\"https:\/\/www.freiburg-schwarzwald.de\/spielsucht.htm#Spielsucht - Anonyme Spieler\">Spielsucht &#8211; Anonyme Spieler<\/a><\/li>\n<li><a href=\"https:\/\/www.freiburg-schwarzwald.de\/spielsucht.htm#Spielsucht - Selbsthilfegruppe vom Kreuzbund\">Spielsucht &#8211; Selbsthilfegruppe vom Kreuzbund<\/a><\/li>\n<\/ul>\n<p>&nbsp;<\/p>\n<p><strong>\u00dcber 3 Millionen Deutsche von der Spielsucht tangiert<\/strong><\/p>\n<div>\n<p>In Deutschland gibt es \u00fcber 500.000 Gl\u00fccksspiels\u00fcchtige. Da mindestens 5 Personen aus dem Umfeld eines jeden S\u00fcchtigen in Elend und Verfall reingezogen werden, sind \u00fcber 3 Millionen Deutsche von der Spielsucht tangiert.<br \/>\nDas Problem: Mit nur 0,20 Euro Einsatz k\u00f6nnen bis zu 12.000 Euro\u00a0gewonnen werden. Mit diesem gro\u00dfen Anreiz werden 15j\u00e4hrige konfrontiert. Deshalb die Forderung nach Kontrolle und Verringerung der Spielautomatenhallen.<\/p>\n<p>Fast 31 Jahre lang war Holger Urbainczyk dem Gl\u00fccksspiel verfallen und s\u00fcchtig. In einer Suchtklinik fand er schlie\u00dflich seinen Weg aus der Abh\u00e4ngigkeit. Heute ist er bei der Suchtberatung Rottweil t\u00e4tig. Im Landesschau Studio erz\u00e4hlt er seine Geschichte. Schulden, Straftaten, Beeinflussung und Manipulation nahestehender Personen, Depressionen und Suizidgefahr &#8211; das sind nur Ausz\u00fcge aus dem Leben eines Menschen, der s\u00fcchtig nach Gl\u00fccksspielen war. Holger Urbainczyk war fast 31 Jahre lang spiels\u00fcchtig und hat bis zu 10 000 Euro im Monat in Spielautomaten gesteckt. Nach vielen R\u00fcckschl\u00e4gen ist er inzwischen, dank Therapie, seit sieben Jahren spielfrei. Doch s\u00fcchtig bleibt er immer. &#8222;Ich bin ein Spieler, mein Leben lang&#8220;, sagt er. Heute kann er die Sucht auch positiv nutzen: Er hilft bei den Fachstellen Sucht in Rottweil und Villingen-Schwenningen mit und hat das Projekt &#8222;Gl\u00fccksspielsucht \u2013 Ich bin ein Spieler, mein Leben lang&#8220; ins Leben gerufen. Er h\u00e4lt Vortr\u00e4ge in Schulen und \u00f6ffentlichen Einrichtungen, spricht \u00fcber sein Leben und den schweren Kampf aus der Spielsucht.<br \/>\n1.3.2013, <a href=\"https:\/\/www.landesschau-bw.de\">www.landesschau-bw.de<\/a> des\u00a0<a href=\"https:\/\/www.swr.de\">www.swr.de<\/a><\/p>\n<p>Holger Urbainczyk, &#8222;Gl\u00fccksspielsucht \u2013 Ich bin ein Spieler, mein Leben lang&#8220;<br \/>\n<a href=\"https:\/\/www.gluecksspiel-sucht.net\/\">https:\/\/www.gluecksspiel-sucht.net\/<\/a><br \/>\nMitglied im Fachverband Gl\u00fccksspielsucht: <a href=\"https:\/\/www.gluecksspielsucht.de\">www.gluecksspielsucht.de<\/a><\/p>\n<p>&nbsp;<\/p>\n<p><strong>Automatenspielsucht &#8211; Spielerkarten<\/strong><\/p>\n<p>500 000 Spiels\u00fcchtige gibt es in Deutschland. Dazu kommen 275 000 Vielspieler, die medizinisch gesehen nicht als s\u00fcchtig gelten.<br \/>\n4,14 Mrd Euro haben deutsche Zocker 2011 an Spielautomaten verloren.\u00a0&#8222;Es gibt Untersuchungen, dass 56 Prozent der Einnahmen von Spiels\u00fcchtigen stammen&#8220;, sagt Gerhard Mayer, Psychologieprofessor und Gl\u00fccksspielexperte an der Uni Bremen.<br \/>\nDas Vorhaben der Bundesregierung, mit sogenannten Spielerkarten das Zocken an Geldspielautomaten einzud\u00e4mmen, sieht so aus: Wer spielen will, bekommt vom Wirt oder Betreiber der Spielhalle eine Chipkarte und steckt diese in den Automaten. So soll verhindert werden, dass Spiels\u00fcchtige an mehreren Automaten gleichzeitig spielen und Jugendliche in die Spielsucht rutschen.<br \/>\nProf Mayer geht weiter und\u00a0fordert die personalisierte Karte. &#8222;S\u00fcchtige werden sehr kreativ, um Zugang zu den Automaten zu kriegen. Die haben notfalls die Karten von Verwandten oder Freunden in der Tasche.&#8220; Diese\u00a0Chipkarten sind einer bestimmten Person zugeordnet\u00a0und k\u00f6nnen nicht weitergegeben werden. Diese Personalisierung d\u00fcrfte aber datenschutzrechtlich nicht unproblematisch sein und auf Widerstand bei der Automatenindustrie sto\u00dfen.<br \/>\n22.8.2012<\/p>\n<\/div>\n<p><strong>Generation Gamescom<br \/>\n<\/strong>Bez\u00fcglich der schon jetzt \u00fcberbordenden Zeit, die Jugendliche mit PC, Internet, Facebook, TV und Spielen verbringen und die bereits zu 250 000 Internets\u00fcchtigen gef\u00fchrt hat, gilt die alte Weisheit: Die Dosis macht das Gift. Und wer, wenn nicht die <a title=\"Familie\" href=\"https:\/\/www.freiburg-schwarzwald.de\/blog\/selbsthilfe\/familie\/\">Eltern<\/a>, sind dazu aufgerufen, ihre Kinder von Gift fernzuhalten?<br \/>\nAlles von Hans-Peter M\u00fcller vom 17.8.2012 bitte lesen auf<br \/>\n<a href=\"https:\/\/www.badische-zeitung.de\/nachrichten\/deutschland\/debatte-ueber-digitalisierung-generation-gamescom--63171583.html\">https:\/\/www.badische-zeitung.de\/nachrichten\/deutschland\/debatte-ueber-digitalisierung-generation-gamescom&#8211;63171583.html<\/a><\/p>\n<p>&nbsp;<\/p>\n<p><strong>Counter Strike und World of Warcraft<\/strong><\/p>\n<p>Bei Computerspielen ist zu unterscheiden zwischen Gewaltverherrlichung und Suchtgef\u00e4hrungspotential. Am Beispiel der Spiele Counter Strike und World of Warcraft l\u00e4\u00dft sich dies verdeutlichen.<\/p>\n<ul>\n<li>Counter Strike (CS)\u00a0ist der\u00a0umstrittenste Ego Shooter weltweit. Das Spiel beinhaltet viel Gewaltpotenzial und sollte daher Kindern unzug\u00e4nglich sein. FSK Freigabe ab 18<\/li>\n<li>World of Warcraft (WOW)\u00a0bietet weniger Gewalt als CS. Zwar\u00a0geht es auch hier ums T\u00f6ten von Monstern und anderen Spielern, aber die Gewaltdarstellung ist deutlich entsch\u00e4rft. Deshalb FSK Freigabe ab 12<\/li>\n<\/ul>\n<p>CS-Spieler leben von ihrem Ruf und ihren F\u00e4higkeiten genauso wie WOW-Spieler, aber mit einem riesengro\u00dfen Unterschied: Wenn ein CS-Spieler den PC erst nach einer Woche wieder anschaltet, hat er meist so gut wie nichts vers\u00e4umt, alles ist wie zuvor. Man spielt in den gleichen Gefilden, man hat die gleiche Ausr\u00fcstung, nichts am Spiel hat sich ver\u00e4ndert. Wenn ein WOW-Spieler\u00a0eine Woche pausiert hat und sich erst dann wieder am PC einloggt,\u00a0hat sich alles f\u00fcr ihn ver\u00e4ndert. Die Leute, mit denen man immer gespielt hat, sind in der Woche viel weiter gekommen, haben neue Ausr\u00fcstungen erworben, neue Level erreicht und spielen nun in ganz anderen Gebieten der weiten Online-Welt. Kurzum &#8211; der WOW-Spieler hat den Anschluss verloren.<br \/>\nDurch die Fortschritte der\u00a0Mitspieler wird permanent Druck ausge\u00fcbt, dass\u00a0Schritt gehalten wird &#8211; denn dann wird man mit Anerkennung und neuen Spielgegenst\u00e4nden belohnt.\u00a0WOW\u00a0 hat ein riesengro\u00dfes Suchtgef\u00e4hrungspotential\u00a0und ist dshalb weit gef\u00e4hrlicher als CS. Unverst\u00e4ndlich ist, dass die FSK das Mordspiel CS\u00a0ab 18 freigibt und WOW schon ab 12 Jahren. Bei CS lernt und \u00fcbt man Morden, Abstecken und Erschie\u00dfen,\u00a0Gewalt pur, schlimm. Bei WOW wird man ein Leben lang\u00a0 krank und s\u00fcchtig, nicht weniger schlimm. Deshalb die Forderung: Alles diese Spiele machen Kinder wie auch Erwachsene s\u00fcchtig und sind erst ab 18 freizugeben.<\/p>\n<p>&nbsp;<\/p>\n<p><!-- RSPEAK_STOP --><\/p>\n","protected":false},"excerpt":{"rendered":"<p>Home &gt;Selbsthilfe &gt;Sucht &gt;Spielsucht Digitale Demenz \u2013 Prof Spitzer: 214 Handy-Zugriffe t\u00e4glich\u00a0(22.5.2024) Cego-online.de \u2013 Interview mit Prof Jirka Dell\u2019Oro-Friedl\u00a0(11.12.2020) Im Online-Sumpf auf der Spur des Halle-T\u00e4ters\u00a0(16.10.2019) \u00dcber 3 Millionen Deutsche von der Spielsucht tangiert (3.1.2013) Automatenspielsucht &#8211; Spielerkarten (22.8.2012) Generation &hellip; <a href=\"https:\/\/www.freiburg-schwarzwald.de\/blog\/selbsthilfe\/sucht\/spielsucht\/\">Weiterlesen <span class=\"meta-nav\">&rarr;<\/span><\/a><\/p>\n","protected":false},"author":2,"featured_media":0,"parent":1160,"menu_order":0,"comment_status":"open","ping_status":"closed","template":"","meta":{"footnotes":""},"class_list":["post-3964","page","type-page","status-publish","hentry"],"_links":{"self":[{"href":"https:\/\/www.freiburg-schwarzwald.de\/blog\/wp-json\/wp\/v2\/pages\/3964","targetHints":{"allow":["GET"]}}],"collection":[{"href":"https:\/\/www.freiburg-schwarzwald.de\/blog\/wp-json\/wp\/v2\/pages"}],"about":[{"href":"https:\/\/www.freiburg-schwarzwald.de\/blog\/wp-json\/wp\/v2\/types\/page"}],"author":[{"embeddable":true,"href":"https:\/\/www.freiburg-schwarzwald.de\/blog\/wp-json\/wp\/v2\/users\/2"}],"replies":[{"embeddable":true,"href":"https:\/\/www.freiburg-schwarzwald.de\/blog\/wp-json\/wp\/v2\/comments?post=3964"}],"version-history":[{"count":3,"href":"https:\/\/www.freiburg-schwarzwald.de\/blog\/wp-json\/wp\/v2\/pages\/3964\/revisions"}],"predecessor-version":[{"id":124617,"href":"https:\/\/www.freiburg-schwarzwald.de\/blog\/wp-json\/wp\/v2\/pages\/3964\/revisions\/124617"}],"up":[{"embeddable":true,"href":"https:\/\/www.freiburg-schwarzwald.de\/blog\/wp-json\/wp\/v2\/pages\/1160"}],"wp:attachment":[{"href":"https:\/\/www.freiburg-schwarzwald.de\/blog\/wp-json\/wp\/v2\/media?parent=3964"}],"curies":[{"name":"wp","href":"https:\/\/api.w.org\/{rel}","templated":true}]}}