{"id":39331,"date":"2013-10-16T20:39:00","date_gmt":"2013-10-16T18:39:00","guid":{"rendered":"https:\/\/www.freiburg-schwarzwald.de\/blog\/?page_id=39331"},"modified":"2013-10-19T21:27:04","modified_gmt":"2013-10-19T19:27:04","slug":"schreiner","status":"publish","type":"page","link":"https:\/\/www.freiburg-schwarzwald.de\/blog\/business\/handwerk\/schreiner\/","title":{"rendered":"Schreiner"},"content":{"rendered":"<p>\u00a0Home &gt;<a title=\"Business\" href=\"https:\/\/www.freiburg-schwarzwald.de\/blog\/business\/\">Business<\/a> &gt;<a title=\"Handwerk\" href=\"https:\/\/www.freiburg-schwarzwald.de\/blog\/business\/handwerk\/\">Handwerk<\/a> &gt;Schreiner<\/p>\n<div id=\"attachment_35858\" style=\"width: 650px\" class=\"wp-caption alignnone\"><a href=\"https:\/\/www.freiburg-schwarzwald.de\/blog\/regio\/orte\/titisee\/titisee34bruderhalde-pan130805\/\" rel=\"attachment wp-att-35858\"><img loading=\"lazy\" decoding=\"async\" aria-describedby=\"caption-attachment-35858\" class=\"size-full wp-image-35858\" title=\"titisee34bruderhalde-pan130805\" src=\"https:\/\/www.freiburg-schwarzwald.de\/blog\/wp-content\/uploads\/2012\/10\/titisee34bruderhalde-pan130805.jpg\" alt=\"\" width=\"640\" height=\"227\" srcset=\"https:\/\/www.freiburg-schwarzwald.de\/blog\/wp-content\/uploads\/2012\/10\/titisee34bruderhalde-pan130805.jpg 640w, https:\/\/www.freiburg-schwarzwald.de\/blog\/wp-content\/uploads\/2012\/10\/titisee34bruderhalde-pan130805-180x63.jpg 180w\" sizes=\"auto, (max-width: 640px) 100vw, 640px\" \/><\/a><p id=\"caption-attachment-35858\" class=\"wp-caption-text\">Blick nach Nordwesten \u00fcber den Titisee zur Bruderhalde (Gemarkung Hinterzarten) am 5.8.2013<\/p><\/div>\n<ul>\n<li><a href=\"https:\/\/www.freiburg-schwarzwald.de\/littenweiler\/waldhaus.htm#Holzwerkstatt - Sch\u00fcler bearbeiten Gr\u00fcnholz\">Holzwerkstatt &#8211; Sch\u00fcler bearbeiten Gr\u00fcnholz<\/a> &gt;Waldhaus (19.11.2008)<\/li>\n<li><a href=\"https:\/\/www.freiburg-schwarzwald.de\/littenweiler\/schreiner.htm#Schreiner-Gesellenst\u00fcck von Annika Leymann ausgezeichnet\">Schreiner-Gesellenst\u00fcck von Annika Leymann ausgezeichnet<\/a> &gt;Schreiner (29.7.2008)<br \/>\n\u00a0<\/li>\n<li><a href=\"https:\/\/www.freiburg-dreisamtal.de\/schreiner.htm\">www.freiburg-dreisamtal.de\/schreiner.htm<\/a> &gt;Archivseite Schreiner<\/li>\n<li><a href=\"https:\/\/www.freiburg-schwarzwald.de\/horben5.htm#Buttenm\u00fcller - Holzschnitzer in Horben\">Buttenm\u00fcller &#8211; Holzschnitzer in Horben<\/a> &gt;Horben5<\/li>\n<li><a href=\"https:\/\/www.freiburg-schwarzwald.de\/littenweiler\/schreiner.htm#Ganter, Schreinerei in Titisee-Neustadt\">Ganter<\/a>, Schreinerei in Titisee-Neustadt<\/li>\n<li><a href=\"https:\/\/www.freiburg-schwarzwald.de\/littenweiler\/schreiner.htm#H\u00f6fler\">H\u00f6fler<\/a>, Schreinerei und Fensterbau in Titisee-Neustadt<\/li>\n<li><a href=\"https:\/\/www.freiburg-schwarzwald.de\/littenweiler\/schreiner.htm#Hog, Schreinerei in Breitnau\">Hog<\/a>, Schreinerei in Breitnau<\/li>\n<li><a href=\"https:\/\/www.freiburg-schwarzwald.de\/littenweiler\/schreiner.htm#H\u00fcgle, Schreinerei in Freiburg\">H\u00fcgle<\/a>, Schreinerei in Freiburg<\/li>\n<li><a href=\"https:\/\/www.freiburg-schwarzwald.de\/littenweiler\/schreiner.htm#Joos, Drechslerei in Freiburg\">Joos<\/a>, Drechslerei in Freiburg<\/li>\n<li><a href=\"https:\/\/www.freiburg-schwarzwald.de\/littenweiler\/schreiner.htm#Kleinhans\">Kleinhans<\/a> in Kappel<\/li>\n<li><a href=\"https:\/\/www.freiburg-schwarzwald.de\/littenweiler\/holzbau.htm#Kleiser\">Kleiser Holztreppenbauer in Buchenbach<\/a> &gt;Holzbau<\/li>\n<li><a href=\"https:\/\/www.freiburg-schwarzwald.de\/littenweiler\/schreiner.htm#konkraft.de - virtuelle Schreiner-Kooperative wird eBusiness-Sieger\">konkraft.de<\/a> &#8211; virtuelle Schreiner-Kooperative wird eBusiness-Sieger<\/li>\n<li><a href=\"https:\/\/www.freiburg-schwarzwald.de\/littenweiler\/schreiner.htm#Kopp, Schreinerei in St. M\u00e4rgen\">Kopp, Schreinerei in St. M\u00e4rgen<\/a><\/li>\n<li><a href=\"https:\/\/www.freiburg-schwarzwald.de\/littenweiler\/schreiner.htm#Kromer in Kirchzarten\">Paul Kromer<\/a> in Kirchzarten<\/li>\n<li><a href=\"https:\/\/www.freiburg-schwarzwald.de\/littenweiler\/schreiner.htm#Maier - Schreinerei in Buchenbach\">Maier<\/a> &#8211; Schreinerei in Buchenbach<\/li>\n<li><a href=\"https:\/\/www.freiburg-schwarzwald.de\/littenweiler\/schreiner.htm#Mark, Schreinerei in St.M\u00e4rgen\">Mark<\/a>, Schreinerei in St.M\u00e4rgen<\/li>\n<li><a href=\"https:\/\/www.freiburg-schwarzwald.de\/lenzkirch5.htm#M\u00f6slehof in Raitenbuch\">M\u00f6slehof in Raitenbuch &#8211; mit Schreinerei<\/a> &gt;Lenzkirch5<\/li>\n<li><a href=\"https:\/\/www.freiburg-schwarzwald.de\/littenweiler\/schreiner.htm#Mutter und Sohn, Drechslerei in Bernau\">Mutter und Sohn, Drechslerei in Bernau<\/a><\/li>\n<li><a href=\"https:\/\/www.freiburg-schwarzwald.de\/industrie.htm#Schreinerei N\u00fcbel GmbH\">N\u00fcbel<\/a> in Aichhalden &gt;Industrie<\/li>\n<li><a href=\"https:\/\/www.freiburg-schwarzwald.de\/littenweiler\/schreiner.htm#Ortlieb, Kunstdrechslerei in Bernau\">Ortlieb, Kunstdrechslerei in Bernau<\/a><\/li>\n<li><a href=\"https:\/\/www.freiburg-schwarzwald.de\/littenweiler\/schreiner.htm#Pfaff, Schreinerei in St. M\u00e4rgen\">Pfaff<\/a> in St. M\u00e4rgen<\/li>\n<li><a href=\"https:\/\/www.freiburg-schwarzwald.de\/schwende.htm#Preiser - Holzarbeiten\">Preiser &#8211; Holzarbeiten<\/a> &gt;Schwende<\/li>\n<li><a href=\"https:\/\/www.freiburg-schwarzwald.de\/littenweiler\/schreiner.htm#PREUSCHE\">Preusche<\/a> in Littenweiler<\/li>\n<li><a href=\"https:\/\/www.freiburg-schwarzwald.de\/littenweiler\/schreiner.htm#Rauch\u00a0\">Rauch<\/a> in Littenweiler<\/li>\n<li><a href=\"https:\/\/www.freiburg-schwarzwald.de\/littenweiler\/schreiner.htm#Rebmann in Kirchzarten\">Rebmann<\/a> in Kirchzarten<\/li>\n<li><a href=\"https:\/\/www.freiburg-schwarzwald.de\/littenweiler\/schreiner.htm#Rombach, Schreinerei in St.Peter\">Rombach<\/a>, Schreinerei und Montagebau in St.Peter<\/li>\n<li><a href=\"https:\/\/www.freiburg-schwarzwald.de\/littenweiler\/schreiner.htm#RP - Massivholzm\u00f6bel in FR-Waltershofen\">RP &#8211; Massivholzm\u00f6bel in FR-Waltershofen<\/a><\/li>\n<li><a href=\"https:\/\/www.freiburg-schwarzwald.de\/littenweiler\/schreiner.htm#Schreiner-Innung Freiburg\">Schreiner-Innung Freiburg<\/a><\/li>\n<li><a href=\"https:\/\/www.freiburg-schwarzwald.de\/littenweiler\/schreiner.htm#Schreinereinetzwerk.de\">Schreinereinetzwerk.de <\/a><\/li>\n<li><a href=\"https:\/\/www.freiburg-schwarzwald.de\/littenweiler\/schreiner.htm#Schuler in Buchenbach\">Schuler<\/a> in Buchenbach<\/li>\n<li><a href=\"https:\/\/www.freiburg-schwarzwald.de\/littenweiler\/schreiner.htm#Schweizer\">Schweizer<\/a>,\u00a0Drechslerei in Stegen<\/li>\n<li><a href=\"https:\/\/www.freiburg-schwarzwald.de\/littenweiler\/schreiner.htm#Spiegelhalter, Schreinerei in St.Peter\">Spiegelhalter<\/a>, Schreinerei in St.Peter<\/li>\n<li><a href=\"https:\/\/www.freiburg-schwarzwald.de\/littenweiler\/schreiner.htm#Spitz, Kunstdrechslerei in Bernau\">Spitz, Kunstdrechslerei in Bernau<\/a><\/li>\n<li>Stegle &#8211; Schreinerei in Wyhl<\/li>\n<li><a href=\"https:\/\/www.freiburg-schwarzwald.de\/littenweiler\/schreiner.htm#Stein - Schreinerei in Bad Krozingen\">Stein &#8211; Schreinerei in Bad Krozingen<\/a><\/li>\n<li><a href=\"https:\/\/www.freiburg-schwarzwald.de\/littenweiler\/schreiner.htm#Schr\u00f6der\">Stier (Schr\u00f6der)<\/a> in Littenweiler<\/li>\n<li>Stier, Schreinerei in Schluchsee, <a href=\"https:\/\/www.schreinerei-stier.de\/\">www.schreinerei-stier.de<\/a><\/li>\n<li><a href=\"https:\/\/www.freiburg-schwarzwald.de\/littenweiler\/schreiner.htm#Strittmatter &amp; Poersch\">Strittmatter &amp; Poersch<\/a>, Antiquit\u00e4ten in Ebnet<\/li>\n<li><a href=\"https:\/\/www.freiburg-schwarzwald.de\/littenweiler\/behinderung.htm#sKorb-Eck\">Stuhlgeflechte-Reparatur: s&#8217;Korb-Eck der Caritaswerkst\u00e4tten St.Georg in Umkirch<\/a> &gt;Behinderung<\/li>\n<li><a href=\"https:\/\/www.freiburg-schwarzwald.de\/littenweiler\/schreiner.htm#Drechslerei Szymaniak in Breitnau\">Szymaniak<\/a>, Drechslerei in Breitnau<\/li>\n<li><a href=\"https:\/\/www.freiburg-schwarzwald.de\/littenweiler\/schreiner.htm#Wisser - Schreinerei und Treppenbau in Glottertal\">Wisser &#8211; Schreinerei und Treppenbau in Glottertal<\/a><\/li>\n<li><a href=\"https:\/\/www.freiburg-schwarzwald.de\/littenweiler\/schreiner.htm#Wittich, Schreinerei in Freiburg\">Wittich, Schreinerei in Freiburg<\/a><\/li>\n<\/ul>\n<p>&nbsp;<\/p>\n<p>&nbsp;<\/p>\n<p><strong>Stegle &#8211; Schreinerei in Wyhl<\/strong><\/p>\n<p>Holzwaren aus Meisterhand<br \/>\nKlaus Stegle, Adlergasse 8, 79369 Wyhl, Tel 07642\/3269<br \/>\n<a href=\"mailto:holzwaren.stegle@freenet.de\">holzwaren.stegle@freenet.de<\/a><\/p>\n<p>\u00a0<a href=\"https:\/\/www.freiburg-schwarzwald.de\/blog\/business\/handwerk\/schreiner\/stegle1wyhl131017\/\" rel=\"attachment wp-att-39435\"><img loading=\"lazy\" decoding=\"async\" class=\"alignnone size-thumbnail wp-image-39435\" title=\"stegle1wyhl131017\" src=\"https:\/\/www.freiburg-schwarzwald.de\/blog\/wp-content\/uploads\/2013\/10\/stegle1wyhl131017-180x135.jpg\" alt=\"\" width=\"180\" height=\"135\" srcset=\"https:\/\/www.freiburg-schwarzwald.de\/blog\/wp-content\/uploads\/2013\/10\/stegle1wyhl131017-180x135.jpg 180w, https:\/\/www.freiburg-schwarzwald.de\/blog\/wp-content\/uploads\/2013\/10\/stegle1wyhl131017.jpg 640w\" sizes=\"auto, (max-width: 180px) 100vw, 180px\" \/><\/a>\u00a0\u00a0\u00a0\u00a0\u00a0\u00a0\u00a0\u00a0\u00a0 <a href=\"https:\/\/www.freiburg-schwarzwald.de\/blog\/business\/handwerk\/schreiner\/stegle-wyhl131017\/\" rel=\"attachment wp-att-39436\"><img loading=\"lazy\" decoding=\"async\" title=\"stegle-wyhl131017\" src=\"https:\/\/www.freiburg-schwarzwald.de\/blog\/wp-content\/uploads\/2013\/10\/stegle-wyhl131017-180x135.jpg\" alt=\"\" width=\"180\" height=\"135\" \/><\/a><br \/>\nSchreinerei Stegle in Wyhl am 17.10.2013<\/p>\n","protected":false},"excerpt":{"rendered":"<p>\u00a0Home &gt;Business &gt;Handwerk &gt;Schreiner Holzwerkstatt &#8211; Sch\u00fcler bearbeiten Gr\u00fcnholz &gt;Waldhaus (19.11.2008) Schreiner-Gesellenst\u00fcck von Annika Leymann ausgezeichnet &gt;Schreiner (29.7.2008) \u00a0 www.freiburg-dreisamtal.de\/schreiner.htm &gt;Archivseite Schreiner Buttenm\u00fcller &#8211; Holzschnitzer in Horben &gt;Horben5 Ganter, Schreinerei in Titisee-Neustadt H\u00f6fler, Schreinerei und Fensterbau in Titisee-Neustadt Hog, Schreinerei &hellip; <a href=\"https:\/\/www.freiburg-schwarzwald.de\/blog\/business\/handwerk\/schreiner\/\">Weiterlesen <span class=\"meta-nav\">&rarr;<\/span><\/a><\/p>\n","protected":false},"author":4,"featured_media":0,"parent":1385,"menu_order":0,"comment_status":"open","ping_status":"closed","template":"","meta":{"footnotes":""},"class_list":["post-39331","page","type-page","status-publish","hentry"],"_links":{"self":[{"href":"https:\/\/www.freiburg-schwarzwald.de\/blog\/wp-json\/wp\/v2\/pages\/39331","targetHints":{"allow":["GET"]}}],"collection":[{"href":"https:\/\/www.freiburg-schwarzwald.de\/blog\/wp-json\/wp\/v2\/pages"}],"about":[{"href":"https:\/\/www.freiburg-schwarzwald.de\/blog\/wp-json\/wp\/v2\/types\/page"}],"author":[{"embeddable":true,"href":"https:\/\/www.freiburg-schwarzwald.de\/blog\/wp-json\/wp\/v2\/users\/4"}],"replies":[{"embeddable":true,"href":"https:\/\/www.freiburg-schwarzwald.de\/blog\/wp-json\/wp\/v2\/comments?post=39331"}],"version-history":[{"count":0,"href":"https:\/\/www.freiburg-schwarzwald.de\/blog\/wp-json\/wp\/v2\/pages\/39331\/revisions"}],"up":[{"embeddable":true,"href":"https:\/\/www.freiburg-schwarzwald.de\/blog\/wp-json\/wp\/v2\/pages\/1385"}],"wp:attachment":[{"href":"https:\/\/www.freiburg-schwarzwald.de\/blog\/wp-json\/wp\/v2\/media?parent=39331"}],"curies":[{"name":"wp","href":"https:\/\/api.w.org\/{rel}","templated":true}]}}