{"id":39266,"date":"2013-10-15T17:12:11","date_gmt":"2013-10-15T15:12:11","guid":{"rendered":"https:\/\/www.freiburg-schwarzwald.de\/blog\/?page_id=39266"},"modified":"2020-06-17T10:28:59","modified_gmt":"2020-06-17T08:28:59","slug":"dreisamtal-radrundweg","status":"publish","type":"page","link":"https:\/\/www.freiburg-schwarzwald.de\/blog\/regio\/tal\/dreisamtal\/dreisamtal-radrundweg\/","title":{"rendered":"Dreisamtal-Radrundweg"},"content":{"rendered":"<p>Home &gt;<a title=\"Regio\" href=\"https:\/\/www.freiburg-schwarzwald.de\/blog\/regio\/\">Regio<\/a> &gt;<a title=\"Dreisamtal\" href=\"https:\/\/www.freiburg-schwarzwald.de\/blog\/regio\/tal\/dreisamtal\/\">Dreisamtal<\/a> &gt;<a title=\"Verkehr\" href=\"https:\/\/www.freiburg-schwarzwald.de\/blog\/regio\/verkehr\/\">Verkehr<\/a> &gt;<a title=\"Radfahren\" href=\"https:\/\/www.freiburg-schwarzwald.de\/blog\/regio\/verkehr\/radfahren\/\">Radfahren<\/a> &gt;<a title=\"Fahrradwege\" href=\"https:\/\/www.freiburg-schwarzwald.de\/blog\/regio\/verkehr\/fahrradwege\/\">Fahrradwege<\/a> &gt;Dreisamtal-Radrundweg<\/p>\n<div id=\"attachment_8907\" style=\"width: 648px\" class=\"wp-caption alignnone\"><a href=\"https:\/\/www.freiburg-schwarzwald.de\/blog\/regio\/verkehr\/radfahren\/dreisam-fahrrad-pan101104\/\" rel=\"attachment wp-att-8907\"><img loading=\"lazy\" decoding=\"async\" aria-describedby=\"caption-attachment-8907\" class=\"size-full wp-image-8907\" src=\"https:\/\/www.freiburg-schwarzwald.de\/blog\/wp-content\/uploads\/2012\/08\/dreisam-fahrrad-pan101104.jpg\" alt=\"Dreisam-Fahrradweg zwischen Freiburg und Ebnet am 4.11.2010 - Blick zur Kartaus\" width=\"638\" height=\"268\" srcset=\"https:\/\/www.freiburg-schwarzwald.de\/blog\/wp-content\/uploads\/2012\/08\/dreisam-fahrrad-pan101104.jpg 638w, https:\/\/www.freiburg-schwarzwald.de\/blog\/wp-content\/uploads\/2012\/08\/dreisam-fahrrad-pan101104-180x75.jpg 180w\" sizes=\"auto, (max-width: 638px) 100vw, 638px\" \/><\/a><p id=\"caption-attachment-8907\" class=\"wp-caption-text\">Dreisam-Fahrradweg zwischen Freiburg und Ebnet am 4.11.2010 &#8211; Blick zur Kartaus<\/p><\/div>\n<ul>\n<li><a title=\"Radweg-Ebnet\" href=\"https:\/\/www.freiburg-schwarzwald.de\/blog\/regio\/verkehr\/fahrradwege\/radweg-ebnet\/\">Fahrradweg: Querverbindung vom Ebneter Wasserwerk nach Zarten<\/a>\u00a0(17.6.2020)<\/li>\n<li><a href=\"https:\/\/www.freiburg-schwarzwald.de\/littenweiler\/dreisamtal1.htm#Dreisamtal-Radwanderweg als Rundweg\">Dreisamtal-Radwanderweg als Rundweg<\/a> &gt;Dreisamtal1 (14.5.2008)<\/li>\n<li><a href=\"https:\/\/www.bike.schauinsland.com\/rww_3sam.htm\">https:\/\/www.bike.schauinsland.com\/rww_3sam.htm<\/a><\/li>\n<li><a href=\"https:\/\/www.freiburg-schwarzwald.de\/littenweiler\/dreisamuferweg.htm#Teil des Dreisamuferweges nun ganz f\u00fcr Radler reserviert\">Teil des Dreisamuferweges nun ganz f\u00fcr Radler reserviert<\/a> &gt;Dreisamuferweg (7.4.2006)<\/li>\n<li><a href=\"https:\/\/www.freiburg-schwarzwald.de\/biken1.htm#Dreisamtal-Rundtour mit dem Fahrrad\">Dreisamtal-Rundtour mit dem Fahrrad (viele Bilder)<\/a> &gt;Biken1 (6.5.2003)<\/li>\n<li><\/li>\n<li>Dreisamtal-Radrundweg<\/li>\n<li><a title=\"Radweg-Ebnet\" href=\"https:\/\/www.freiburg-schwarzwald.de\/blog\/regio\/verkehr\/fahrradwege\/radweg-ebnet\/\">Radweg-Ebnet<\/a><\/li>\n<\/ul>\n<p>&nbsp;<\/p>\n<p><strong>Dreisamtal-Radrundweg <\/strong><\/p>\n<p>Auf dem Dreisamtal-Radrundweg &#8222;rechts rum&#8220; durchs Dreisamtal und Kirchzartener Becken radeln:\u00a0Freiburg Wiehre, Dreisamuferweg bis\u00a0hinter Ebnet, Bruggaweg, Neuh\u00e4user, Kirchzarten, Dietenbach, Geroldstal, Oberried, Weilersbach, H\u00f6fen, Himmelreich, Buchenbach, Burg, Oberbirken, Stegen, Wittental, Ebnet, Dreisamuferweg.<\/p>\n<p>Vom Bahnhof Littenweiler den schmalen Weg entlang der H\u00f6llentalbahn ostw\u00e4rts bis zum Ebneter Weg, links \u00fcber den beschrankten \u00dcbergang, an der Fu\u00dfg\u00e4ngerampel die Kapplerstrasse queren, weiter den Radweg geradeaus bis zur Dreisam. Hier treffen Sie auf den von Freiburg kommenden Dreisamtal-Radwanderweg, dem wir nach Osten entlang des Dreisamufers folgen (2). Nach 1 km rechts auf H\u00f6he des <a href=\"https:\/\/www.freiburg-schwarzwald.de\/littenweiler\/bauernhof.htm#Falkhof- Bauernhof im Wandel der Zeiten\">Falkhofs<\/a>\u00a0die neue B31 unterqueren, dann weiter bis zum B31-\u00dcberf\u00fchrung zum Golfplatz Bruckm\u00fchle (3).<\/p>\n<p align=\"left\">Die H\u00f6llentalbahn (Schranke) queren, auf der Freiburger Strasse 50 m westw\u00e4rts zur\u00fcck, dann nach links in den Erzweg und bei der n\u00e4chsten Kreuzung erneut nach links in die Neuh\u00e4userstrasse abbiegen. Auf diesem Str\u00e4\u00dfchen gehts der Brugga entlang, vorbei an Fischbach und Pfeiferberg (4). Wieder \u00fcber die Brugga sto\u00dfen wir auf die Strasse Kappel &#8211; Kirchzarten &#8211; Oberried, der wir (auf dem Radweg nat\u00fcrlich) 200 s\u00fcdostw\u00e4rts folgen, bis es in H\u00f6he des Campingplatzes Kirchzarten rechts ab nach Dietenbach geht.<\/p>\n<p>&nbsp;<\/p>\n<p align=\"left\">Beim <a title=\"Roessle-Dietenbach\" href=\"https:\/\/www.freiburg-schwarzwald.de\/blog\/tourismus\/gastro\/gasthaus\/roessle-dietenbach\/\">Gasthaus R\u00f6\u00dfle<\/a> wieder \u00fcber die Brugga und \u00fcber Dietenbach (5) nach Geroldstal zum <a title=\"Fussehof\" href=\"https:\/\/www.freiburg-schwarzwald.de\/blog\/bauernhof\/fussehof\/\">Fu\u00dfenhof<\/a>, dem \u00e4ltesten Bauernhof im Dreisamtal, dann links ab zum <a href=\"https:\/\/www.freiburg-schwarzwald.de\/littenweiler\/gasthaus.htm#L\u00f6wen in Oberried\">Gasthaus L\u00f6wen<\/a> (6).<\/p>\n<p>&nbsp;<\/p>\n<p align=\"left\">Vom L\u00f6wen wiederum der Brugga folgend am Steiertbartlehof (Hofladen) vorbei bis zum Schirkenhof (Pferdegest\u00fct). Nun das Rad schieben und auf dem schmalen Fu\u00dfweg ca 500 m durch den bewaldeten Hang bis nach Oberried gehen &#8211; auf halbem Weg haben Sie einen wundersch\u00f6nen Blick nach Osten ins Zastlertal (7).<\/p>\n<p>&nbsp;<\/p>\n<p align=\"left\">In Oberried auf der Strasse links ab nach Osten in Richtung Zastler, nach 400 m beim Neubaugebiet wieder links ab \u00fcber den Zastlerbach und dann entlang des Baches vorbei am Helmlehof (8) zum <a href=\"https:\/\/www.freiburg-schwarzwald.de\/littenweiler\/hotel.htm#Sch\u00fctzen in Oberried-Weilersbach\">Gasthof Sch\u00fctzen<\/a> in Weilersbach (9), sch\u00f6ne Terrasse am rauschenden Zastlerbach &#8211; auch Osterbach genannt.<\/p>\n<p>&nbsp;<\/p>\n<p align=\"left\">Vorbei am Hannisenhof durch ein kurzes Waldst\u00fcck \u00fcber Birkenreute zum Spielplatz am Friedhof: Rechts oben die Giersberg-Kapelle (10), links Kirchzarten mit dem Segelflugplatz. Weiter nach Osten \u00fcber Kirchzarten-H\u00f6fen und die Birkenhof-Siedlung ins H\u00f6llental zum H\u00f6llenbach. Dann unter der B31 hindurch zum Bahnhof Buchenbach-Himmelreich.<\/p>\n<p>&nbsp;<\/p>\n<p align=\"left\">Auf dem Radweg ostw\u00e4rts der Strasse nach Buchenbach folgen, nach dem Ruhenhof (11) links ab nach Nordwesten durch die Kolonie Wiesneck hindurch zur <a href=\"https:\/\/www.freiburg-schwarzwald.de\/littenweiler\/kapellen.htm#Vaterunser-Kapelle Ibental\">Vaterunserkapelle<\/a> am Eingang des Ibentals (12). In diese moderne Kapelle sollten Sie unbedingt hineinschauen &#8211; ein eigenartiges Licht und die Elemente Wasser, Stein, &#8230; erwarten Sie.<\/p>\n<p>&nbsp;<\/p>\n<p align=\"left\">Weiter auf dem Fahrradweg nach Burg, dort rechts ab zum Wagensteigbach an einer alten Schmiede und Kapelle (13) vorbei nach Stegen-Oberbirken, wo man den sch\u00f6nen Blick ins sonnige Rechtenbach geniessen kann (14). Nun weiter nach Stegen bis zum ehemaligen <a href=\"https:\/\/www.freiburg-schwarzwald.de\/littenweiler\/kirchen.htm#Herz-Jesu-Kloster Stegen\">Jesuiten-Kloster<\/a> bzw. jetzigen Gymnasium.<\/p>\n<p>&nbsp;<\/p>\n<p align=\"left\">Gegen\u00fcber dem Gymnasium rechts abzweigen zum Wagensteig-Bach, diesen \u00fcberqueren und auf dem nun ungeteerten Radweg dem Bach entlang nach Wittental radeln: rechte der Gasthof Falken, links der Hofladen des Baldenweger Hofes. Weiter am Waldrand entlang \u00fcber das Attental nach Ebnet &#8211; dort die Steinhalde ganz vor fahren, bei der Tankstelle die B31 queren und an der Dreisamhalle vorbei \u00fcber die h\u00f6lzerne Dreisambr\u00fccke fahren. Nun hat sich die Rundtour geschlossen &#8211; weiter gehts entweder entlang der Dreisam in die Wiehre oder \u00fcber den Ebneter Weg zum Littenweiler Bahnhof.<\/p>\n<p>&nbsp;<\/p>\n<p>&nbsp;<\/p>\n<p>&nbsp;<\/p>\n<p>&nbsp;<\/p>\n<p><a href=\"https:\/\/www.freiburg-schwarzwald.de\/blog\/regio\/tal\/dreisamtal\/dreisamtal-radrundweg\/dreisamtal1kappel131003\/\" rel=\"attachment wp-att-39268\"><img loading=\"lazy\" decoding=\"async\" class=\"alignnone size-thumbnail wp-image-39268\" title=\"dreisamtal1kappel131003\" src=\"https:\/\/www.freiburg-schwarzwald.de\/blog\/wp-content\/uploads\/2013\/10\/dreisamtal1kappel131003-180x135.jpg\" alt=\"\" width=\"180\" height=\"135\" srcset=\"https:\/\/www.freiburg-schwarzwald.de\/blog\/wp-content\/uploads\/2013\/10\/dreisamtal1kappel131003-180x135.jpg 180w, https:\/\/www.freiburg-schwarzwald.de\/blog\/wp-content\/uploads\/2013\/10\/dreisamtal1kappel131003.jpg 640w\" sizes=\"auto, (max-width: 180px) 100vw, 180px\" \/><\/a>\u00a0\u00a0\u00a0\u00a0\u00a0\u00a0\u00a0\u00a0\u00a0 <a href=\"https:\/\/www.freiburg-schwarzwald.de\/blog\/regio\/tal\/dreisamtal\/dreisamtal-radrundweg\/dreisamtal2kappel131003\/\" rel=\"attachment wp-att-39269\"><img loading=\"lazy\" decoding=\"async\" class=\"alignnone size-thumbnail wp-image-39269\" title=\"dreisamtal2kappel131003\" src=\"https:\/\/www.freiburg-schwarzwald.de\/blog\/wp-content\/uploads\/2013\/10\/dreisamtal2kappel131003-180x135.jpg\" alt=\"\" width=\"180\" height=\"135\" srcset=\"https:\/\/www.freiburg-schwarzwald.de\/blog\/wp-content\/uploads\/2013\/10\/dreisamtal2kappel131003-180x135.jpg 180w, https:\/\/www.freiburg-schwarzwald.de\/blog\/wp-content\/uploads\/2013\/10\/dreisamtal2kappel131003.jpg 640w\" sizes=\"auto, (max-width: 180px) 100vw, 180px\" \/><\/a>\u00a0\u00a0\u00a0\u00a0\u00a0\u00a0\u00a0\u00a0\u00a0 <a href=\"https:\/\/www.freiburg-schwarzwald.de\/blog\/regio\/tal\/dreisamtal\/dreisamtal-radrundweg\/dreisamtal3fussehof131003\/\" rel=\"attachment wp-att-39270\"><img loading=\"lazy\" decoding=\"async\" class=\"alignnone size-thumbnail wp-image-39270\" title=\"dreisamtal3fussehof131003\" src=\"https:\/\/www.freiburg-schwarzwald.de\/blog\/wp-content\/uploads\/2013\/10\/dreisamtal3fussehof131003-180x138.jpg\" alt=\"\" width=\"180\" height=\"138\" srcset=\"https:\/\/www.freiburg-schwarzwald.de\/blog\/wp-content\/uploads\/2013\/10\/dreisamtal3fussehof131003-180x138.jpg 180w, https:\/\/www.freiburg-schwarzwald.de\/blog\/wp-content\/uploads\/2013\/10\/dreisamtal3fussehof131003.jpg 639w\" sizes=\"auto, (max-width: 180px) 100vw, 180px\" \/><\/a><br \/>\n(1) Blick nach Kappel am 3.10.2013\u00a0\u00a0\u00a0 (2) Kappler Tal\u00a0\u00a0\u00a0\u00a0\u00a0\u00a0\u00a0\u00a0\u00a0\u00a0\u00a0\u00a0\u00a0\u00a0\u00a0\u00a0\u00a0\u00a0\u00a0\u00a0\u00a0\u00a0\u00a0\u00a0\u00a0\u00a0\u00a0\u00a0\u00a0\u00a0\u00a0\u00a0\u00a0\u00a0\u00a0\u00a0\u00a0\u00a0\u00a0\u00a0\u00a0\u00a0\u00a0 (3) Pause am Fu\u00dfehof im Geroldstal<\/p>\n<p><a href=\"https:\/\/www.freiburg-schwarzwald.de\/blog\/regio\/tal\/dreisamtal\/dreisamtal-radrundweg\/dreisamtal4weilersbach131003\/\" rel=\"attachment wp-att-39271\"><img loading=\"lazy\" decoding=\"async\" title=\"dreisamtal4weilersbach131003\" src=\"https:\/\/www.freiburg-schwarzwald.de\/blog\/wp-content\/uploads\/2013\/10\/dreisamtal4weilersbach131003-180x135.jpg\" alt=\"\" width=\"180\" height=\"135\" \/><\/a>\u00a0\u00a0\u00a0\u00a0\u00a0\u00a0\u00a0\u00a0\u00a0 <a href=\"https:\/\/www.freiburg-schwarzwald.de\/blog\/regio\/tal\/dreisamtal\/dreisamtal-radrundweg\/dreisamtal5quitten131003\/\" rel=\"attachment wp-att-39272\"><img loading=\"lazy\" decoding=\"async\" class=\"alignnone size-thumbnail wp-image-39272\" title=\"dreisamtal5quitten131003\" src=\"https:\/\/www.freiburg-schwarzwald.de\/blog\/wp-content\/uploads\/2013\/10\/dreisamtal5quitten131003-180x135.jpg\" alt=\"\" width=\"180\" height=\"135\" srcset=\"https:\/\/www.freiburg-schwarzwald.de\/blog\/wp-content\/uploads\/2013\/10\/dreisamtal5quitten131003-180x135.jpg 180w, https:\/\/www.freiburg-schwarzwald.de\/blog\/wp-content\/uploads\/2013\/10\/dreisamtal5quitten131003.jpg 640w\" sizes=\"auto, (max-width: 180px) 100vw, 180px\" \/><\/a>\u00a0\u00a0\u00a0\u00a0\u00a0\u00a0\u00a0\u00a0\u00a0 <a href=\"https:\/\/www.freiburg-schwarzwald.de\/blog\/regio\/tal\/dreisamtal\/dreisamtal-radrundweg\/dreisamtal6kids-cup131003\/\" rel=\"attachment wp-att-39273\"><img loading=\"lazy\" decoding=\"async\" class=\"alignnone size-thumbnail wp-image-39273\" title=\"dreisamtal6kids-cup131003\" src=\"https:\/\/www.freiburg-schwarzwald.de\/blog\/wp-content\/uploads\/2013\/10\/dreisamtal6kids-cup131003-180x135.jpg\" alt=\"\" width=\"180\" height=\"135\" srcset=\"https:\/\/www.freiburg-schwarzwald.de\/blog\/wp-content\/uploads\/2013\/10\/dreisamtal6kids-cup131003-180x135.jpg 180w, https:\/\/www.freiburg-schwarzwald.de\/blog\/wp-content\/uploads\/2013\/10\/dreisamtal6kids-cup131003.jpg 640w\" sizes=\"auto, (max-width: 180px) 100vw, 180px\" \/><\/a><br \/>\n(4) Sch\u00fctzen\/Weilersbach nordw\u00e4rts\u00a0\u00a0\u00a0\u00a0 (5) Quittenbaum Bickenreute\u00a0\u00a0\u00a0\u00a0\u00a0\u00a0\u00a0\u00a0\u00a0\u00a0\u00a0\u00a0\u00a0\u00a0\u00a0\u00a0 (6) Kids-Cup am Fu\u00df des Giersbergs<\/p>\n<p><a href=\"https:\/\/www.freiburg-schwarzwald.de\/blog\/regio\/tal\/dreisamtal\/dreisamtal-radrundweg\/dreisamtal7himmelreich131003\/\" rel=\"attachment wp-att-39274\"><img loading=\"lazy\" decoding=\"async\" class=\"alignnone size-thumbnail wp-image-39274\" title=\"dreisamtal7himmelreich131003\" src=\"https:\/\/www.freiburg-schwarzwald.de\/blog\/wp-content\/uploads\/2013\/10\/dreisamtal7himmelreich131003-180x135.jpg\" alt=\"\" width=\"180\" height=\"135\" srcset=\"https:\/\/www.freiburg-schwarzwald.de\/blog\/wp-content\/uploads\/2013\/10\/dreisamtal7himmelreich131003-180x135.jpg 180w, https:\/\/www.freiburg-schwarzwald.de\/blog\/wp-content\/uploads\/2013\/10\/dreisamtal7himmelreich131003.jpg 640w\" sizes=\"auto, (max-width: 180px) 100vw, 180px\" \/><\/a>\u00a0\u00a0\u00a0\u00a0\u00a0\u00a0\u00a0\u00a0\u00a0 <a href=\"https:\/\/www.freiburg-schwarzwald.de\/blog\/regio\/tal\/dreisamtal\/dreisamtal-radrundweg\/dreisamtal8wiesneck131003\/\" rel=\"attachment wp-att-39275\"><img loading=\"lazy\" decoding=\"async\" class=\"alignnone size-thumbnail wp-image-39275\" title=\"dreisamtal8wiesneck131003\" src=\"https:\/\/www.freiburg-schwarzwald.de\/blog\/wp-content\/uploads\/2013\/10\/dreisamtal8wiesneck131003-180x135.jpg\" alt=\"\" width=\"180\" height=\"135\" srcset=\"https:\/\/www.freiburg-schwarzwald.de\/blog\/wp-content\/uploads\/2013\/10\/dreisamtal8wiesneck131003-180x135.jpg 180w, https:\/\/www.freiburg-schwarzwald.de\/blog\/wp-content\/uploads\/2013\/10\/dreisamtal8wiesneck131003.jpg 640w\" sizes=\"auto, (max-width: 180px) 100vw, 180px\" \/><\/a>\u00a0\u00a0\u00a0\u00a0\u00a0\u00a0\u00a0\u00a0\u00a0 <a href=\"https:\/\/www.freiburg-schwarzwald.de\/blog\/regio\/tal\/dreisamtal\/dreisamtal-radrundweg\/dreisamtal13kuerbis131003\/\" rel=\"attachment wp-att-39277\"><img loading=\"lazy\" decoding=\"async\" class=\"alignnone size-thumbnail wp-image-39277\" title=\"dreisamtal13kuerbis131003\" src=\"https:\/\/www.freiburg-schwarzwald.de\/blog\/wp-content\/uploads\/2013\/10\/dreisamtal13kuerbis131003-180x135.jpg\" alt=\"\" width=\"180\" height=\"135\" srcset=\"https:\/\/www.freiburg-schwarzwald.de\/blog\/wp-content\/uploads\/2013\/10\/dreisamtal13kuerbis131003-180x135.jpg 180w, https:\/\/www.freiburg-schwarzwald.de\/blog\/wp-content\/uploads\/2013\/10\/dreisamtal13kuerbis131003.jpg 640w\" sizes=\"auto, (max-width: 180px) 100vw, 180px\" \/><\/a><br \/>\n(7) B31-Unterf\u00fchrung Himmelreich\u00a0\u00a0\u00a0\u00a0\u00a0\u00a0 (8) Husemann-Klinik Wiesneck\u00a0\u00a0\u00a0\u00a0\u00a0\u00a0\u00a0\u00a0\u00a0\u00a0\u00a0 (9) Vaterunser-Kapelle Unteribental<\/p>\n<p><a href=\"https:\/\/www.freiburg-schwarzwald.de\/blog\/regio\/tal\/dreisamtal\/dreisamtal-radrundweg\/dreisamtal15waesche131003\/\" rel=\"attachment wp-att-39278\"><img loading=\"lazy\" decoding=\"async\" class=\"alignnone size-thumbnail wp-image-39278\" title=\"dreisamtal15waesche131003\" src=\"https:\/\/www.freiburg-schwarzwald.de\/blog\/wp-content\/uploads\/2013\/10\/dreisamtal15waesche131003-180x135.jpg\" alt=\"\" width=\"180\" height=\"135\" srcset=\"https:\/\/www.freiburg-schwarzwald.de\/blog\/wp-content\/uploads\/2013\/10\/dreisamtal15waesche131003-180x135.jpg 180w, https:\/\/www.freiburg-schwarzwald.de\/blog\/wp-content\/uploads\/2013\/10\/dreisamtal15waesche131003.jpg 640w\" sizes=\"auto, (max-width: 180px) 100vw, 180px\" \/><\/a>\u00a0\u00a0\u00a0\u00a0\u00a0\u00a0\u00a0\u00a0\u00a0 <a href=\"https:\/\/www.freiburg-schwarzwald.de\/blog\/regio\/tal\/dreisamtal\/dreisamtal-radrundweg\/dreisamtal16laubishof131003\/\" rel=\"attachment wp-att-39279\"><img loading=\"lazy\" decoding=\"async\" class=\"alignnone size-thumbnail wp-image-39279\" title=\"dreisamtal16laubishof131003\" src=\"https:\/\/www.freiburg-schwarzwald.de\/blog\/wp-content\/uploads\/2013\/10\/dreisamtal16laubishof131003-180x135.jpg\" alt=\"\" width=\"180\" height=\"135\" srcset=\"https:\/\/www.freiburg-schwarzwald.de\/blog\/wp-content\/uploads\/2013\/10\/dreisamtal16laubishof131003-180x135.jpg 180w, https:\/\/www.freiburg-schwarzwald.de\/blog\/wp-content\/uploads\/2013\/10\/dreisamtal16laubishof131003.jpg 640w\" sizes=\"auto, (max-width: 180px) 100vw, 180px\" \/><\/a>\u00a0\u00a0\u00a0\u00a0\u00a0\u00a0\u00a0\u00a0\u00a0\u00a0 <a href=\"https:\/\/www.freiburg-schwarzwald.de\/blog\/regio\/tal\/dreisamtal\/dreisamtal-radrundweg\/dreisamtal21huehner131003\/\" rel=\"attachment wp-att-39280\"><img loading=\"lazy\" decoding=\"async\" class=\"alignnone size-thumbnail wp-image-39280\" title=\"dreisamtal21huehner131003\" src=\"https:\/\/www.freiburg-schwarzwald.de\/blog\/wp-content\/uploads\/2013\/10\/dreisamtal21huehner131003-180x141.jpg\" alt=\"\" width=\"180\" height=\"141\" srcset=\"https:\/\/www.freiburg-schwarzwald.de\/blog\/wp-content\/uploads\/2013\/10\/dreisamtal21huehner131003-180x141.jpg 180w, https:\/\/www.freiburg-schwarzwald.de\/blog\/wp-content\/uploads\/2013\/10\/dreisamtal21huehner131003.jpg 639w\" sizes=\"auto, (max-width: 180px) 100vw, 180px\" \/><\/a><br \/>\n(10) W\u00e4sche im Dreiasmtal\u00a0\u00a0\u00a0\u00a0\u00a0\u00a0\u00a0\u00a0\u00a0\u00a0\u00a0\u00a0\u00a0\u00a0\u00a0\u00a0\u00a0\u00a0\u00a0\u00a0(11) Laubishof Burg am Wald\u00a0\u00a0\u00a0\u00a0\u00a0\u00a0\u00a0\u00a0\u00a0\u00a0\u00a0\u00a0\u00a0\u00a0\u00a0\u00a0\u00a0(12) Gl\u00fcckliche H\u00fchner Stegen<\/p>\n<p>(12) Waldweber hinter der Geh\u00f6rlosenschule Stegen<\/p>\n","protected":false},"excerpt":{"rendered":"<p>Home &gt;Regio &gt;Dreisamtal &gt;Verkehr &gt;Radfahren &gt;Fahrradwege &gt;Dreisamtal-Radrundweg Fahrradweg: Querverbindung vom Ebneter Wasserwerk nach Zarten\u00a0(17.6.2020) Dreisamtal-Radwanderweg als Rundweg &gt;Dreisamtal1 (14.5.2008) https:\/\/www.bike.schauinsland.com\/rww_3sam.htm Teil des Dreisamuferweges nun ganz f\u00fcr Radler reserviert &gt;Dreisamuferweg (7.4.2006) Dreisamtal-Rundtour mit dem Fahrrad (viele Bilder) &gt;Biken1 (6.5.2003) Dreisamtal-Radrundweg Radweg-Ebnet &hellip; <a href=\"https:\/\/www.freiburg-schwarzwald.de\/blog\/regio\/tal\/dreisamtal\/dreisamtal-radrundweg\/\">Weiterlesen <span class=\"meta-nav\">&rarr;<\/span><\/a><\/p>\n","protected":false},"author":4,"featured_media":0,"parent":332,"menu_order":0,"comment_status":"open","ping_status":"closed","template":"","meta":{"footnotes":""},"class_list":["post-39266","page","type-page","status-publish","hentry"],"_links":{"self":[{"href":"https:\/\/www.freiburg-schwarzwald.de\/blog\/wp-json\/wp\/v2\/pages\/39266","targetHints":{"allow":["GET"]}}],"collection":[{"href":"https:\/\/www.freiburg-schwarzwald.de\/blog\/wp-json\/wp\/v2\/pages"}],"about":[{"href":"https:\/\/www.freiburg-schwarzwald.de\/blog\/wp-json\/wp\/v2\/types\/page"}],"author":[{"embeddable":true,"href":"https:\/\/www.freiburg-schwarzwald.de\/blog\/wp-json\/wp\/v2\/users\/4"}],"replies":[{"embeddable":true,"href":"https:\/\/www.freiburg-schwarzwald.de\/blog\/wp-json\/wp\/v2\/comments?post=39266"}],"version-history":[{"count":0,"href":"https:\/\/www.freiburg-schwarzwald.de\/blog\/wp-json\/wp\/v2\/pages\/39266\/revisions"}],"up":[{"embeddable":true,"href":"https:\/\/www.freiburg-schwarzwald.de\/blog\/wp-json\/wp\/v2\/pages\/332"}],"wp:attachment":[{"href":"https:\/\/www.freiburg-schwarzwald.de\/blog\/wp-json\/wp\/v2\/media?parent=39266"}],"curies":[{"name":"wp","href":"https:\/\/api.w.org\/{rel}","templated":true}]}}