{"id":38931,"date":"2013-10-07T09:10:24","date_gmt":"2013-10-07T07:10:24","guid":{"rendered":"https:\/\/www.freiburg-schwarzwald.de\/blog\/?page_id=38931"},"modified":"2013-10-07T09:30:07","modified_gmt":"2013-10-07T07:30:07","slug":"schlossbergturmtreppe","status":"publish","type":"page","link":"https:\/\/www.freiburg-schwarzwald.de\/blog\/regio\/freiburg\/schlossberg\/schlossbergturmtreppe\/","title":{"rendered":"Schlossbergturmtreppe"},"content":{"rendered":"<p>Home &gt;<a title=\"Regio\" href=\"https:\/\/www.freiburg-schwarzwald.de\/blog\/regio\/\">Regio<\/a> &gt;<a title=\"Orte\" href=\"https:\/\/www.freiburg-schwarzwald.de\/blog\/regio\/orte\/\">Orte<\/a> &gt;<a title=\"Freiburg\" href=\"https:\/\/www.freiburg-schwarzwald.de\/blog\/regio\/freiburg\/\">Freiburg<\/a> &gt;<a title=\"Schlossberg\" href=\"https:\/\/www.freiburg-schwarzwald.de\/blog\/regio\/freiburg\/schlossberg\/\">Schlossberg<\/a> &gt;Schlossbergturmtreppe<\/p>\n<p>&nbsp;<\/p>\n<ul>\n<li>Carl-Mez-Weg von Oberau zum kleinen Kanonenplatz wiederhergestellt (3.10.2013)<\/li>\n<li><a href=\"https:\/\/www.freiburg-schwarzwald.de\/littenweiler\/schlossbergturmtreppe.htm#Die letzten 37 der 288 Stufen der Treppe zum Turm fertig\">Die letzten 37 der 288 Stufen der Treppe zum Turm fertig<\/a> &gt;Schlossbergturmtreppe (16.6.2008)<\/li>\n<li><a href=\"https:\/\/www.freiburg-schwarzwald.de\/landschaftsschutz.htm#H\u00e4lfte des Freiburger Stadtgebietes ist Landschaftsschutzgebiet\">H\u00e4lfte des Freiburger Stadtgebietes ist Landschaftsschutzgebiet<\/a> &gt;Landschaftsschutz (4.5.07)<\/li>\n<li><a href=\"https:\/\/www.freiburg-schwarzwald.de\/littenweiler\/schlossbergturmtreppe.htm#Treppe vom Kleinen Kanonenplatz zum Schlo\u00dfberg \u00fcbergeben\">Treppe vom Kleinen Kanonenplatz zum Schlo\u00dfberg \u00fcbergeben<\/a> (23.9.2006)<\/li>\n<li><a href=\"https:\/\/www.freiburg-schwarzwald.de\/mtb-tourschlossberg.htm#St.Ottilien - Um den Schlo\u00dfberg herum - Herdern  - Hebsack\">Mit dem Mountainbike zum Kanonenplatz<\/a> &gt;MTB-Tour1 (24.8.2006)<\/li>\n<li><a href=\"https:\/\/www.freiburg-schwarzwald.de\/littenweiler\/schlossbergturmtreppe.htm#Hexewegle hoch zum kleinen Kanonenplatz herrichten\">Hexewegle hoch zum kleinen Kanonenplatz herrichten<\/a> (28.6.2006)<\/li>\n<li><a href=\"https:\/\/www.freiburg-schwarzwald.de\/littenweiler\/schlossbergturmtreppe.htm#Baubeginn der Treppe zum Schlo\u00dfbergturm am 19. Mai 2006\">Baubeginn der Treppe zum Schlo\u00dfbergturm am 19. Mai 2006<\/a> (20.5.2006)<\/li>\n<li><a href=\"https:\/\/www.freiburg-schwarzwald.de\/littenweiler\/schlossbergturmtreppe.htm#Fu\u00dfabdruck von B\u00fcrgermeister Otto Neideck zum Bbaubeginn der Treppe\">Fu\u00dfabdruck von B\u00fcrgermeister Otto Neideck zum Baubeginn der Treppe<\/a> (20.5.2006)<\/li>\n<li><a href=\"https:\/\/www.freiburg-schwarzwald.de\/littenweiler\/jugend2.htm#Histo-Workcamp - Jugendliche stellen Treppe am Schlossberg her\">Histo-Workcamp &#8211; Jugendliche stellen Treppe am Schlossberg her<\/a> &gt;Jugend2 (8.6.2005)<\/li>\n<li><a href=\"https:\/\/www.freiburg-schwarzwald.de\/littenweiler\/schlossbergturmtreppe.htm#Zum Bu des Schlo\u00dfbergturms im Jahr 2002\">Zum Bau des Schlo\u00dfbergturms im Jahr 2002<\/a><\/li>\n<li>Kuratorium Freiburger Schlo\u00dfberg<\/li>\n<li><a title=\"Greiffenegg\" href=\"https:\/\/www.freiburg-schwarzwald.de\/blog\/tourismus\/gastro\/gasthaus\/greiffenegg\/\">Greiffenegg<\/a><\/li>\n<li><a title=\"Kanonenplatz\" href=\"https:\/\/www.freiburg-schwarzwald.de\/blog\/regio\/freiburg\/kanonenplatz\/\">Kanonenplatz auf dem Schlo\u00dfberg<\/a> &gt;Kanonenplatz<\/li>\n<li><a href=\"https:\/\/www.freiburg-schwarzwald.de\/littenweiler\/oberau.htm\">Oberau zwischen Schwarzwaldstrasse und Dreisam<\/a> &gt;Oberau<\/li>\n<li><a href=\"https:\/\/www.freiburg-schwarzwald.de\/littenweiler\/oberstadt.htm\">Oberstadt &#8211; Schwabentor &#8211; Oberlinden<\/a> &gt;Oberstadt<\/li>\n<li><a href=\"https:\/\/www.freiburg-schwarzwald.de\/freiburg-schlossberg.htm\">Vom Schwabenturm \u00fcber Kanonenplatz zum Aussichtsturm<\/a> &gt;Freiburg-Schlossberg<\/li>\n<li><a href=\"https:\/\/www.freiburg-schwarzwald.de\/littenweiler\/wiehre.htm\">Wiehre<\/a>\u00a0 &gt;Wiehre<\/li>\n<\/ul>\n<p>&nbsp;<\/p>\n<p><strong>Kuratorium Freiburger Schlo\u00dfberg<\/strong><\/p>\n<p>Das Kuratorium Freiburger Schlo\u00dfberg wurde 1997 gegr\u00fcndet und hat ungef\u00e4hr 20 Mitglieder.<br \/>\nPublikationen :<br \/>\n\u201eDer Freiburger Schlossberg\u201c, Joseph Diel, in: Badische Heimat 3\/98<br \/>\n\u201eDer Freiburger Schlossbergturm\u201c, Joseph Diel, in: Badische Heimat 4\/03<br \/>\n<a href=\"mailto:josefdiel@insel10.de\">josefdiel@insel10.de<\/a> , <a href=\"https:\/\/www.kuratorium-schlossberg.de\/\">www.kuratorium-schlossberg.de<\/a><\/p>\n<p>Ziele sind:<br \/>\nBauliche Erhaltung und Gestaltung des ehemaligen Festungsgel\u00e4ndes auf dem Freiburger Schlo\u00dfberg.<br \/>\nSchutz und Sichtbarmachung der geschichtlichen Bodendenkmale<br \/>\nErrichtung und Unterhalt eines Aussichtsturmes<br \/>\nSchutz \u00f6kologischer und landschaftgestaltender Belange<br \/>\nSchwerpunkt der derzeitigen Bem\u00fchungen: Wiedererrichtung einer von Vauban 1680 erbauten Treppenanlage mit 300 Stufen.<\/p>\n<p>&nbsp;<\/p>\n<p>&nbsp;<\/p>\n<p align=\"left\"><strong>Carl-Mez-Weg von Oberau zum kleinen Kanonenplatz wiederhergestellt<\/strong><br \/>\nDem Kuratorium Schlossberg und der Stadt Freiburg ist es mit Unterst\u00fctzung durch das Siedlungswerk Freiburg gelungen, einen Pfad durch den ehemaligen Mez\u2019schen Garten zum kleinen Kanonenplatz neu zu gestalten. Den Auftakt zu dem wieder hergestellten Pfad bildet die Bauminstallation des K\u00fcnstlers Josef B\u00fccheler \u201eF\u00fcr Kaspar Hauser\u201c direkt an der neuen, \u00fcber den Gewerbekanal f\u00fchrenden Br\u00fccke auf dem ehemaligen Mez-Areal.<\/p>\n<p align=\"left\"><a href=\"https:\/\/www.freiburg-schwarzwald.de\/blog\/regio\/freiburg\/schlossberg\/schlossbergturmtreppe\/carl-mez-weg131002\/\" rel=\"attachment wp-att-38939\"><img loading=\"lazy\" decoding=\"async\" class=\"alignnone size-thumbnail wp-image-38939\" title=\"carl-mez-weg131002\" src=\"https:\/\/www.freiburg-schwarzwald.de\/blog\/wp-content\/uploads\/2013\/10\/carl-mez-weg131002-180x114.jpg\" alt=\"\" width=\"180\" height=\"114\" srcset=\"https:\/\/www.freiburg-schwarzwald.de\/blog\/wp-content\/uploads\/2013\/10\/carl-mez-weg131002-180x114.jpg 180w, https:\/\/www.freiburg-schwarzwald.de\/blog\/wp-content\/uploads\/2013\/10\/carl-mez-weg131002.jpg 535w\" sizes=\"auto, (max-width: 180px) 100vw, 180px\" \/><\/a><\/p>\n<p align=\"left\">F\u00fcr den ebenfalls neu gestalteten Sitzplatz am Fu\u00df des Pfades wird eine Kindergruppe des Kinder- und Familienzentrums St. Augustinus die Patenschaft \u00fcbernehmen. Es sch\u00fcttelten sich anl\u00e4sslich der Einweihung am Mittwoch 2.10.2013 die H\u00e4nde (von links) Sparkassen-Chef Marcel Thimm, der Gesch\u00e4ftsf\u00fchrer des Siedlungswerks Stuttgart Norbert Tobisch sowie Baub\u00fcrgermeister Martin Haag.<br \/>\n3.10.2013, Nils Kickert<\/p>\n","protected":false},"excerpt":{"rendered":"<p>Home &gt;Regio &gt;Orte &gt;Freiburg &gt;Schlossberg &gt;Schlossbergturmtreppe &nbsp; Carl-Mez-Weg von Oberau zum kleinen Kanonenplatz wiederhergestellt (3.10.2013) Die letzten 37 der 288 Stufen der Treppe zum Turm fertig &gt;Schlossbergturmtreppe (16.6.2008) H\u00e4lfte des Freiburger Stadtgebietes ist Landschaftsschutzgebiet &gt;Landschaftsschutz (4.5.07) Treppe vom Kleinen Kanonenplatz &hellip; <a href=\"https:\/\/www.freiburg-schwarzwald.de\/blog\/regio\/freiburg\/schlossberg\/schlossbergturmtreppe\/\">Weiterlesen <span class=\"meta-nav\">&rarr;<\/span><\/a><\/p>\n","protected":false},"author":4,"featured_media":0,"parent":12142,"menu_order":0,"comment_status":"open","ping_status":"closed","template":"","meta":{"footnotes":""},"class_list":["post-38931","page","type-page","status-publish","hentry"],"_links":{"self":[{"href":"https:\/\/www.freiburg-schwarzwald.de\/blog\/wp-json\/wp\/v2\/pages\/38931","targetHints":{"allow":["GET"]}}],"collection":[{"href":"https:\/\/www.freiburg-schwarzwald.de\/blog\/wp-json\/wp\/v2\/pages"}],"about":[{"href":"https:\/\/www.freiburg-schwarzwald.de\/blog\/wp-json\/wp\/v2\/types\/page"}],"author":[{"embeddable":true,"href":"https:\/\/www.freiburg-schwarzwald.de\/blog\/wp-json\/wp\/v2\/users\/4"}],"replies":[{"embeddable":true,"href":"https:\/\/www.freiburg-schwarzwald.de\/blog\/wp-json\/wp\/v2\/comments?post=38931"}],"version-history":[{"count":0,"href":"https:\/\/www.freiburg-schwarzwald.de\/blog\/wp-json\/wp\/v2\/pages\/38931\/revisions"}],"up":[{"embeddable":true,"href":"https:\/\/www.freiburg-schwarzwald.de\/blog\/wp-json\/wp\/v2\/pages\/12142"}],"wp:attachment":[{"href":"https:\/\/www.freiburg-schwarzwald.de\/blog\/wp-json\/wp\/v2\/media?parent=38931"}],"curies":[{"name":"wp","href":"https:\/\/api.w.org\/{rel}","templated":true}]}}