{"id":38664,"date":"2013-10-01T16:52:11","date_gmt":"2013-10-01T14:52:11","guid":{"rendered":"https:\/\/www.freiburg-schwarzwald.de\/blog\/?page_id=38664"},"modified":"2013-10-01T22:06:41","modified_gmt":"2013-10-01T20:06:41","slug":"kandern-keramikmarkt","status":"publish","type":"page","link":"https:\/\/www.freiburg-schwarzwald.de\/blog\/kultur\/kunst\/keramik\/kandern-keramikmarkt\/","title":{"rendered":"Kandern-Keramikmarkt"},"content":{"rendered":"<p><a href=\"https:\/\/www.freiburg-schwarzwald.de\/blog\/\">Home<\/a> &gt;<a title=\"Kunst\" href=\"https:\/\/www.freiburg-schwarzwald.de\/blog\/kultur\/kunst\/\">Kunst<\/a> &gt;<a title=\"Keramik\" href=\"https:\/\/www.freiburg-schwarzwald.de\/blog\/kultur\/kunst\/keramik\/\">Keramik<\/a> &gt;Kandern-Keramikmarkt<\/p>\n<div id=\"attachment_38676\" style=\"width: 646px\" class=\"wp-caption alignnone\"><a href=\"https:\/\/www.freiburg-schwarzwald.de\/blog\/kultur\/kunst\/keramik\/kandern-keramikmarkt\/kandern6keramik-pan130921\/\" rel=\"attachment wp-att-38676\"><img loading=\"lazy\" decoding=\"async\" aria-describedby=\"caption-attachment-38676\" class=\"size-full wp-image-38676\" title=\"kandern6keramik-pan130921\" src=\"https:\/\/www.freiburg-schwarzwald.de\/blog\/wp-content\/uploads\/2013\/10\/kandern6keramik-pan130921.jpg\" alt=\"\" width=\"636\" height=\"306\" srcset=\"https:\/\/www.freiburg-schwarzwald.de\/blog\/wp-content\/uploads\/2013\/10\/kandern6keramik-pan130921.jpg 636w, https:\/\/www.freiburg-schwarzwald.de\/blog\/wp-content\/uploads\/2013\/10\/kandern6keramik-pan130921-180x86.jpg 180w\" sizes=\"auto, (max-width: 636px) 100vw, 636px\" \/><\/a><p id=\"caption-attachment-38676\" class=\"wp-caption-text\">21. Kanderner Keramikmarkt am 21.9.2013 um 11 Uhr kurz nach der Er\u00f6ffnung auf dem Dorfplatz<\/p><\/div>\n<ul>\n<li>21. Kanderner Keramikmarkt 21.\/22.9.2013 &#8211; viel Sonne<\/li>\n<li>Kanderner Keramikmarkt<\/li>\n<\/ul>\n<p>&nbsp;<\/p>\n<p>&nbsp;<\/p>\n<p><strong>21.Kanderner Keramikmarkt 21.\/22.9.2013<\/strong><\/p>\n<p>\u00a0<a href=\"https:\/\/www.freiburg-schwarzwald.de\/blog\/kultur\/kunst\/keramik\/kandern-keramikmarkt\/kandern0keramik-130921\/\" rel=\"attachment wp-att-38670\"><img loading=\"lazy\" decoding=\"async\" class=\"alignnone size-thumbnail wp-image-38670\" title=\"kandern0keramik-130921\" src=\"https:\/\/www.freiburg-schwarzwald.de\/blog\/wp-content\/uploads\/2013\/10\/kandern0keramik-130921-180x135.jpg\" alt=\"\" width=\"180\" height=\"135\" srcset=\"https:\/\/www.freiburg-schwarzwald.de\/blog\/wp-content\/uploads\/2013\/10\/kandern0keramik-130921-180x135.jpg 180w, https:\/\/www.freiburg-schwarzwald.de\/blog\/wp-content\/uploads\/2013\/10\/kandern0keramik-130921.jpg 640w\" sizes=\"auto, (max-width: 180px) 100vw, 180px\" \/><\/a>\u00a0\u00a0\u00a0\u00a0\u00a0\u00a0\u00a0\u00a0\u00a0 <a href=\"https:\/\/www.freiburg-schwarzwald.de\/blog\/kultur\/kunst\/keramik\/kandern-keramikmarkt\/kandern1keramik130921\/\" rel=\"attachment wp-att-38671\"><img loading=\"lazy\" decoding=\"async\" class=\"alignnone size-thumbnail wp-image-38671\" title=\"kandern1keramik130921\" src=\"https:\/\/www.freiburg-schwarzwald.de\/blog\/wp-content\/uploads\/2013\/10\/kandern1keramik130921-180x135.jpg\" alt=\"\" width=\"180\" height=\"135\" srcset=\"https:\/\/www.freiburg-schwarzwald.de\/blog\/wp-content\/uploads\/2013\/10\/kandern1keramik130921-180x135.jpg 180w, https:\/\/www.freiburg-schwarzwald.de\/blog\/wp-content\/uploads\/2013\/10\/kandern1keramik130921.jpg 640w\" sizes=\"auto, (max-width: 180px) 100vw, 180px\" \/><\/a>\u00a0\u00a0\u00a0\u00a0\u00a0\u00a0\u00a0\u00a0\u00a0 <a href=\"https:\/\/www.freiburg-schwarzwald.de\/blog\/kultur\/kunst\/keramik\/kandern-keramikmarkt\/kandern2keramik130921\/\" rel=\"attachment wp-att-38672\"><img loading=\"lazy\" decoding=\"async\" class=\"alignnone size-thumbnail wp-image-38672\" title=\"kandern2keramik130921\" src=\"https:\/\/www.freiburg-schwarzwald.de\/blog\/wp-content\/uploads\/2013\/10\/kandern2keramik130921-135x180.jpg\" alt=\"\" width=\"135\" height=\"180\" srcset=\"https:\/\/www.freiburg-schwarzwald.de\/blog\/wp-content\/uploads\/2013\/10\/kandern2keramik130921-135x180.jpg 135w, https:\/\/www.freiburg-schwarzwald.de\/blog\/wp-content\/uploads\/2013\/10\/kandern2keramik130921.jpg 480w\" sizes=\"auto, (max-width: 135px) 100vw, 135px\" \/><\/a><br \/>\n(1) 21.9.2013 Marktplatz 11 Uhr\u00a0\u00a0\u00a0\u00a0\u00a0\u00a0\u00a0\u00a0\u00a0\u00a0\u00a0(2) Keramik aus H\u00f6hr-Grenzhausen\u00a0\u00a0\u00a0\u00a0\u00a0\u00a0 (3) Keramik-\u00d6fen aus Zarten<\/p>\n<p><a href=\"https:\/\/www.freiburg-schwarzwald.de\/blog\/kultur\/kunst\/keramik\/kandern-keramikmarkt\/kandern3keramik130921\/\" rel=\"attachment wp-att-38673\"><img loading=\"lazy\" decoding=\"async\" class=\"alignnone size-thumbnail wp-image-38673\" title=\"kandern3keramik130921\" src=\"https:\/\/www.freiburg-schwarzwald.de\/blog\/wp-content\/uploads\/2013\/10\/kandern3keramik130921-180x135.jpg\" alt=\"\" width=\"180\" height=\"135\" srcset=\"https:\/\/www.freiburg-schwarzwald.de\/blog\/wp-content\/uploads\/2013\/10\/kandern3keramik130921-180x135.jpg 180w, https:\/\/www.freiburg-schwarzwald.de\/blog\/wp-content\/uploads\/2013\/10\/kandern3keramik130921.jpg 640w\" sizes=\"auto, (max-width: 180px) 100vw, 180px\" \/><\/a>\u00a0\u00a0\u00a0\u00a0\u00a0\u00a0\u00a0\u00a0\u00a0 <a href=\"https:\/\/www.freiburg-schwarzwald.de\/blog\/kultur\/kunst\/keramik\/kandern-keramikmarkt\/kandern4keramik130921\/\" rel=\"attachment wp-att-38674\"><img loading=\"lazy\" decoding=\"async\" class=\"alignnone size-thumbnail wp-image-38674\" title=\"kandern4keramik130921\" src=\"https:\/\/www.freiburg-schwarzwald.de\/blog\/wp-content\/uploads\/2013\/10\/kandern4keramik130921-180x135.jpg\" alt=\"\" width=\"180\" height=\"135\" srcset=\"https:\/\/www.freiburg-schwarzwald.de\/blog\/wp-content\/uploads\/2013\/10\/kandern4keramik130921-180x135.jpg 180w, https:\/\/www.freiburg-schwarzwald.de\/blog\/wp-content\/uploads\/2013\/10\/kandern4keramik130921.jpg 640w\" sizes=\"auto, (max-width: 180px) 100vw, 180px\" \/><\/a>\u00a0\u00a0\u00a0\u00a0\u00a0\u00a0\u00a0\u00a0\u00a0 <a href=\"https:\/\/www.freiburg-schwarzwald.de\/blog\/kultur\/kunst\/keramik\/kandern-keramikmarkt\/kandern5keramik130921\/\" rel=\"attachment wp-att-38675\"><img loading=\"lazy\" decoding=\"async\" class=\"alignnone size-thumbnail wp-image-38675\" title=\"kandern5keramik130921\" src=\"https:\/\/www.freiburg-schwarzwald.de\/blog\/wp-content\/uploads\/2013\/10\/kandern5keramik130921-180x135.jpg\" alt=\"\" width=\"180\" height=\"135\" srcset=\"https:\/\/www.freiburg-schwarzwald.de\/blog\/wp-content\/uploads\/2013\/10\/kandern5keramik130921-180x135.jpg 180w, https:\/\/www.freiburg-schwarzwald.de\/blog\/wp-content\/uploads\/2013\/10\/kandern5keramik130921-640x480.jpg 640w, https:\/\/www.freiburg-schwarzwald.de\/blog\/wp-content\/uploads\/2013\/10\/kandern5keramik130921.jpg 1000w\" sizes=\"auto, (max-width: 180px) 100vw, 180px\" \/><\/a><br \/>\n(4) K\u00fcnstlerw\u00e4sche am Marktplatz\u00a0\u00a0\u00a0\u00a0\u00a0\u00a0\u00a0 (5) Event-Zelt am Marktplatz\u00a0\u00a0\u00a0\u00a0\u00a0\u00a0\u00a0\u00a0\u00a0\u00a0\u00a0\u00a0\u00a0\u00a0\u00a0\u00a0\u00a0\u00a0\u00a0 (6) Ohrstecher aus Keramik von Balion<\/p>\n<p><a href=\"https:\/\/www.freiburg-schwarzwald.de\/blog\/kultur\/kunst\/keramik\/kandern-keramikmarkt\/kandern6keramik130921\/\" rel=\"attachment wp-att-38681\"><img loading=\"lazy\" decoding=\"async\" class=\"alignnone size-thumbnail wp-image-38681\" title=\"kandern6keramik130921\" src=\"https:\/\/www.freiburg-schwarzwald.de\/blog\/wp-content\/uploads\/2013\/10\/kandern6keramik130921-180x135.jpg\" alt=\"\" width=\"180\" height=\"135\" srcset=\"https:\/\/www.freiburg-schwarzwald.de\/blog\/wp-content\/uploads\/2013\/10\/kandern6keramik130921-180x135.jpg 180w, https:\/\/www.freiburg-schwarzwald.de\/blog\/wp-content\/uploads\/2013\/10\/kandern6keramik130921.jpg 640w\" sizes=\"auto, (max-width: 180px) 100vw, 180px\" \/><\/a>\u00a0\u00a0\u00a0\u00a0\u00a0\u00a0\u00a0\u00a0\u00a0 <a href=\"https:\/\/www.freiburg-schwarzwald.de\/blog\/kultur\/kunst\/keramik\/kandern-keramikmarkt\/kandern7keramik-lee130921\/\" rel=\"attachment wp-att-38682\"><img loading=\"lazy\" decoding=\"async\" title=\"kandern7keramik-lee130921\" src=\"https:\/\/www.freiburg-schwarzwald.de\/blog\/wp-content\/uploads\/2013\/10\/kandern7keramik-lee130921-180x135.jpg\" alt=\"\" width=\"180\" height=\"135\" \/><\/a>\u00a0\u00a0\u00a0\u00a0\u00a0\u00a0\u00a0\u00a0\u00a0 <a href=\"https:\/\/www.freiburg-schwarzwald.de\/blog\/kultur\/kunst\/keramik\/kandern-keramikmarkt\/kandern9keramik-lee130921\/\" rel=\"attachment wp-att-38686\"><img loading=\"lazy\" decoding=\"async\" class=\"alignnone size-thumbnail wp-image-38686\" title=\"kandern9keramik-lee130921\" src=\"https:\/\/www.freiburg-schwarzwald.de\/blog\/wp-content\/uploads\/2013\/10\/kandern9keramik-lee130921-147x180.jpg\" alt=\"\" width=\"147\" height=\"180\" srcset=\"https:\/\/www.freiburg-schwarzwald.de\/blog\/wp-content\/uploads\/2013\/10\/kandern9keramik-lee130921-147x180.jpg 147w, https:\/\/www.freiburg-schwarzwald.de\/blog\/wp-content\/uploads\/2013\/10\/kandern9keramik-lee130921.jpg 522w\" sizes=\"auto, (max-width: 147px) 100vw, 147px\" \/><\/a><br \/>\n(7)\u00a0St\u00e4nde auf dem Marktplatz\u00a0\u00a0\u00a0\u00a0\u00a0\u00a0\u00a0\u00a0\u00a0\u00a0\u00a0\u00a0\u00a0\u00a0\u00a0 (8) Raku-Sch\u00e4lchen von Frau Lee\u00a0\u00a0\u00a0\u00a0\u00a0\u00a0\u00a0\u00a0 (9) Inneres Universum<\/p>\n<p><a href=\"https:\/\/www.freiburg-schwarzwald.de\/blog\/kultur\/kunst\/keramik\/kandern-keramikmarkt\/kandern8keramik-lee130921-2\/\" rel=\"attachment wp-att-38687\"><img loading=\"lazy\" decoding=\"async\" class=\"alignnone size-thumbnail wp-image-38687\" title=\"kandern8keramik-lee130921\" src=\"https:\/\/www.freiburg-schwarzwald.de\/blog\/wp-content\/uploads\/2013\/10\/kandern8keramik-lee1309211-180x142.jpg\" alt=\"\" width=\"180\" height=\"142\" srcset=\"https:\/\/www.freiburg-schwarzwald.de\/blog\/wp-content\/uploads\/2013\/10\/kandern8keramik-lee1309211-180x142.jpg 180w, https:\/\/www.freiburg-schwarzwald.de\/blog\/wp-content\/uploads\/2013\/10\/kandern8keramik-lee1309211.jpg 640w\" sizes=\"auto, (max-width: 180px) 100vw, 180px\" \/><\/a>\u00a0\u00a0\u00a0\u00a0\u00a0\u00a0\u00a0\u00a0\u00a0 <a href=\"https:\/\/www.freiburg-schwarzwald.de\/blog\/kultur\/kunst\/keramik\/kandern-keramikmarkt\/kandern10keramik-allmendinger130921\/\" rel=\"attachment wp-att-38688\"><img loading=\"lazy\" decoding=\"async\" class=\"alignnone size-thumbnail wp-image-38688\" title=\"kandern10keramik-allmendinger130921\" src=\"https:\/\/www.freiburg-schwarzwald.de\/blog\/wp-content\/uploads\/2013\/10\/kandern10keramik-allmendinger130921-180x135.jpg\" alt=\"\" width=\"180\" height=\"135\" srcset=\"https:\/\/www.freiburg-schwarzwald.de\/blog\/wp-content\/uploads\/2013\/10\/kandern10keramik-allmendinger130921-180x135.jpg 180w, https:\/\/www.freiburg-schwarzwald.de\/blog\/wp-content\/uploads\/2013\/10\/kandern10keramik-allmendinger130921.jpg 640w\" sizes=\"auto, (max-width: 180px) 100vw, 180px\" \/><\/a>\u00a0\u00a0\u00a0\u00a0\u00a0\u00a0\u00a0\u00a0\u00a0<a href=\"https:\/\/www.freiburg-schwarzwald.de\/blog\/kultur\/kunst\/keramik\/kandern-keramikmarkt\/kandern11keramik-schmetterlinge130921\/\" rel=\"attachment wp-att-38690\"><img loading=\"lazy\" decoding=\"async\" class=\"alignnone size-thumbnail wp-image-38690\" title=\"kandern11keramik-schmetterlinge130921\" src=\"https:\/\/www.freiburg-schwarzwald.de\/blog\/wp-content\/uploads\/2013\/10\/kandern11keramik-schmetterlinge130921-180x135.jpg\" alt=\"\" width=\"180\" height=\"135\" srcset=\"https:\/\/www.freiburg-schwarzwald.de\/blog\/wp-content\/uploads\/2013\/10\/kandern11keramik-schmetterlinge130921-180x135.jpg 180w, https:\/\/www.freiburg-schwarzwald.de\/blog\/wp-content\/uploads\/2013\/10\/kandern11keramik-schmetterlinge130921.jpg 640w\" sizes=\"auto, (max-width: 180px) 100vw, 180px\" \/><\/a><br \/>\n(10) Ton und Holz am 21.9.2013\u00a0\u00a0\u00a0\u00a0\u00a0\u00a0\u00a0\u00a0\u00a0\u00a0 (11) Hartmut Allmendinger\u00a0\u00a0\u00a0\u00a0\u00a0\u00a0\u00a0\u00a0\u00a0\u00a0\u00a0\u00a0\u00a0\u00a0\u00a0\u00a0\u00a0\u00a0\u00a0\u00a0\u00a0(12) T\u00f6nerne Schmetterlinge<\/p>\n<p>\u00a0<a href=\"https:\/\/www.freiburg-schwarzwald.de\/blog\/kultur\/kunst\/keramik\/kandern-keramikmarkt\/kandern12keramik130921\/\" rel=\"attachment wp-att-38689\"><img loading=\"lazy\" decoding=\"async\" class=\"alignnone size-thumbnail wp-image-38689\" title=\"kandern12keramik130921\" src=\"https:\/\/www.freiburg-schwarzwald.de\/blog\/wp-content\/uploads\/2013\/10\/kandern12keramik130921-180x135.jpg\" alt=\"\" width=\"180\" height=\"135\" srcset=\"https:\/\/www.freiburg-schwarzwald.de\/blog\/wp-content\/uploads\/2013\/10\/kandern12keramik130921-180x135.jpg 180w, https:\/\/www.freiburg-schwarzwald.de\/blog\/wp-content\/uploads\/2013\/10\/kandern12keramik130921.jpg 640w\" sizes=\"auto, (max-width: 180px) 100vw, 180px\" \/><\/a>\u00a0\u00a0\u00a0\u00a0\u00a0\u00a0\u00a0\u00a0\u00a0<a href=\"https:\/\/www.freiburg-schwarzwald.de\/blog\/kultur\/kunst\/keramik\/kandern-keramikmarkt\/kandern12keramik-blumensteine130921\/\" rel=\"attachment wp-att-38692\"><img loading=\"lazy\" decoding=\"async\" class=\"alignnone size-thumbnail wp-image-38692\" title=\"kandern12keramik-blumensteine130921\" src=\"https:\/\/www.freiburg-schwarzwald.de\/blog\/wp-content\/uploads\/2013\/10\/kandern12keramik-blumensteine130921-180x135.jpg\" alt=\"\" width=\"180\" height=\"135\" srcset=\"https:\/\/www.freiburg-schwarzwald.de\/blog\/wp-content\/uploads\/2013\/10\/kandern12keramik-blumensteine130921-180x135.jpg 180w, https:\/\/www.freiburg-schwarzwald.de\/blog\/wp-content\/uploads\/2013\/10\/kandern12keramik-blumensteine130921.jpg 640w\" sizes=\"auto, (max-width: 180px) 100vw, 180px\" \/><\/a>\u00a0\u00a0\u00a0\u00a0\u00a0\u00a0\u00a0\u00a0\u00a0 <a href=\"https:\/\/www.freiburg-schwarzwald.de\/blog\/kultur\/kunst\/keramik\/kandern-keramikmarkt\/kandern14keramik-kolben130921\/\" rel=\"attachment wp-att-38693\"><img loading=\"lazy\" decoding=\"async\" title=\"kandern14keramik-kolben130921\" src=\"https:\/\/www.freiburg-schwarzwald.de\/blog\/wp-content\/uploads\/2013\/10\/kandern14keramik-kolben130921-135x180.jpg\" alt=\"\" width=\"135\" height=\"180\" \/><\/a><br \/>\n(13) Kanderner Strau\u00dfe 21.9.2013\u00a0\u00a0\u00a0\u00a0\u00a0\u00a0 (14) Blumensteine\u00a0\u00a0\u00a0\u00a0\u00a0\u00a0\u00a0\u00a0\u00a0\u00a0\u00a0\u00a0\u00a0\u00a0\u00a0\u00a0\u00a0\u00a0\u00a0\u00a0\u00a0\u00a0\u00a0\u00a0\u00a0\u00a0\u00a0\u00a0\u00a0\u00a0\u00a0\u00a0\u00a0\u00a0\u00a0 (15) Kolben aus Ton<\/p>\n<p><a href=\"https:\/\/www.freiburg-schwarzwald.de\/blog\/kultur\/kunst\/keramik\/kandern-keramikmarkt\/kandern15keramik-bach130921\/\" rel=\"attachment wp-att-38696\"><img loading=\"lazy\" decoding=\"async\" class=\"alignnone size-thumbnail wp-image-38696\" title=\"kandern15keramik-bach130921\" src=\"https:\/\/www.freiburg-schwarzwald.de\/blog\/wp-content\/uploads\/2013\/10\/kandern15keramik-bach130921-180x135.jpg\" alt=\"\" width=\"180\" height=\"135\" srcset=\"https:\/\/www.freiburg-schwarzwald.de\/blog\/wp-content\/uploads\/2013\/10\/kandern15keramik-bach130921-180x135.jpg 180w, https:\/\/www.freiburg-schwarzwald.de\/blog\/wp-content\/uploads\/2013\/10\/kandern15keramik-bach130921.jpg 640w\" sizes=\"auto, (max-width: 180px) 100vw, 180px\" \/><\/a>\u00a0\u00a0\u00a0\u00a0\u00a0\u00a0\u00a0\u00a0\u00a0 <a href=\"https:\/\/www.freiburg-schwarzwald.de\/blog\/kultur\/kunst\/keramik\/kandern-keramikmarkt\/kandern16keramik-friedrich130921\/\" rel=\"attachment wp-att-38697\"><img loading=\"lazy\" decoding=\"async\" class=\"alignnone size-thumbnail wp-image-38697\" title=\"kandern16keramik-friedrich130921\" src=\"https:\/\/www.freiburg-schwarzwald.de\/blog\/wp-content\/uploads\/2013\/10\/kandern16keramik-friedrich130921-180x135.jpg\" alt=\"\" width=\"180\" height=\"135\" srcset=\"https:\/\/www.freiburg-schwarzwald.de\/blog\/wp-content\/uploads\/2013\/10\/kandern16keramik-friedrich130921-180x135.jpg 180w, https:\/\/www.freiburg-schwarzwald.de\/blog\/wp-content\/uploads\/2013\/10\/kandern16keramik-friedrich130921.jpg 640w\" sizes=\"auto, (max-width: 180px) 100vw, 180px\" \/><\/a>\u00a0\u00a0\u00a0\u00a0\u00a0\u00a0\u00a0\u00a0\u00a0 <a href=\"https:\/\/www.freiburg-schwarzwald.de\/blog\/kultur\/kunst\/keramik\/kandern-keramikmarkt\/kandern17keramik-130921\/\" rel=\"attachment wp-att-38698\"><img loading=\"lazy\" decoding=\"async\" class=\"alignnone size-thumbnail wp-image-38698\" title=\"kandern17keramik-130921\" src=\"https:\/\/www.freiburg-schwarzwald.de\/blog\/wp-content\/uploads\/2013\/10\/kandern17keramik-130921-135x180.jpg\" alt=\"\" width=\"135\" height=\"180\" srcset=\"https:\/\/www.freiburg-schwarzwald.de\/blog\/wp-content\/uploads\/2013\/10\/kandern17keramik-130921-135x180.jpg 135w, https:\/\/www.freiburg-schwarzwald.de\/blog\/wp-content\/uploads\/2013\/10\/kandern17keramik-130921.jpg 480w\" sizes=\"auto, (max-width: 135px) 100vw, 135px\" \/><\/a><br \/>\n(16) Die Kander am 21.9.2013\u00a0\u00a0\u00a0\u00a0\u00a0\u00a0\u00a0\u00a0\u00a0\u00a0\u00a0\u00a0\u00a0 (17) Sculpteur Friedrich aus Avignon\u00a0\u00a0\u00a0\u00a0 (18) Schalen und Teller<\/p>\n<p>&nbsp;<\/p>\n<p>\u00a0<a href=\"https:\/\/www.freiburg-schwarzwald.de\/blog\/kultur\/kunst\/keramik\/kandern-keramikmarkt\/kandern18stchristoph-130921\/\" rel=\"attachment wp-att-38700\"><img loading=\"lazy\" decoding=\"async\" class=\"alignnone size-thumbnail wp-image-38700\" title=\"kandern18stchristoph-130921\" src=\"https:\/\/www.freiburg-schwarzwald.de\/blog\/wp-content\/uploads\/2013\/10\/kandern18stchristoph-130921-180x135.jpg\" alt=\"\" width=\"180\" height=\"135\" srcset=\"https:\/\/www.freiburg-schwarzwald.de\/blog\/wp-content\/uploads\/2013\/10\/kandern18stchristoph-130921-180x135.jpg 180w, https:\/\/www.freiburg-schwarzwald.de\/blog\/wp-content\/uploads\/2013\/10\/kandern18stchristoph-130921.jpg 640w\" sizes=\"auto, (max-width: 180px) 100vw, 180px\" \/><\/a>\u00a0\u00a0\u00a0\u00a0\u00a0\u00a0\u00a0\u00a0\u00a0 <a href=\"https:\/\/www.freiburg-schwarzwald.de\/blog\/kultur\/kunst\/keramik\/kandern-keramikmarkt\/kandern19flohmarkt130921\/\" rel=\"attachment wp-att-38701\"><img loading=\"lazy\" decoding=\"async\" class=\"alignnone size-thumbnail wp-image-38701\" title=\"kandern19flohmarkt130921\" src=\"https:\/\/www.freiburg-schwarzwald.de\/blog\/wp-content\/uploads\/2013\/10\/kandern19flohmarkt130921-180x135.jpg\" alt=\"\" width=\"180\" height=\"135\" srcset=\"https:\/\/www.freiburg-schwarzwald.de\/blog\/wp-content\/uploads\/2013\/10\/kandern19flohmarkt130921-180x135.jpg 180w, https:\/\/www.freiburg-schwarzwald.de\/blog\/wp-content\/uploads\/2013\/10\/kandern19flohmarkt130921.jpg 640w\" sizes=\"auto, (max-width: 180px) 100vw, 180px\" \/><\/a>\u00a0\u00a0\u00a0\u00a0\u00a0\u00a0\u00a0\u00a0\u00a0<br \/>\n(19) Bewirtung\u00a0St.Christopherus\u00a0 \u00a0\u00a0\u00a0\u00a0\u00a0\u00a0\u00a0\u00a0\u00a0 (20) Privatflohmarkt Kandern\u00a0\u00a0\u00a0\u00a0\u00a0\u00a0\u00a0\u00a0\u00a0\u00a0\u00a0\u00a0\u00a0\u00a0<\/p>\n<p>58 KeramikerInnen aus der Regio sowie Belgien, Spanien, Frankreich, Ungarn und \u00d6sterreich boten ihre t\u00f6nernen Produkte an. Zum 21. Markt am 21. und 22. September 2013 kamen besonders viele Besucher &#8211; sicher auch aufgrund des strahlenden Sonnenscheinwetters.<\/p>\n<p>(2) Keramik aus H\u00f6hr-Grenzhausen: Maria Meyer (malt) und Ute Matschke T\u00f6pfert. <a href=\"mailto:meyerundmatschke@web.de\">meyerundmatschke@web.de<\/a><br \/>\n<a href=\"https:\/\/www.meyerundmatschkekeramik.wordpress.com\">www.meyerundmatschkekeramik.wordpress.com<\/a><br \/>\n(3) Keramik-\u00d6fen aus Zarten: <a href=\"https:\/\/www.eva-von-ruckteschell.de\">www.eva-von-ruckteschell.de<\/a> , <a href=\"mailto:keramik@villaban.de\">keramik@villaban.de<\/a>\u00a0<br \/>\n(6) Ohrstecher aus Keramik von Susann Babion in der UKS-Fabruk Freiburg-Littenweiler<br \/>\n<a href=\"https:\/\/www.freiburg-schwarzwald.de\/blog\/uks-fabrik-dienstleistungen\/\">https:\/\/www.freiburg-schwarzwald.de\/blog\/uks-fabrik-dienstleistungen\/<\/a>, <a href=\"mailto:susannBabion@icloud.com\">susannBabion@icloud.com<\/a><br \/>\n(8) &#8211; (10) Keramikerin Kab-Joo lee aus 76549 H\u00fcgelsheim. F\u00fcr die Keramik &#8222;Inneres Universum&#8220; von Bild (9) ben\u00f6tigte die aus S\u00fcdkorea stammende T\u00f6pferin 5 Monate Zeit. <a href=\"mailto:kab-joolee@web.de\">kab-joolee@web.de<\/a> , <a href=\"https:\/\/www.keramik-atlas.de\">www.keramik-atlas.de<\/a> , <a href=\"https:\/\/www.bbk-karlsruhe.de\">www.bbk-karlsruhe.de<\/a><br \/>\n(11) -(12) Hartmut Allmendinger\u00a0 aus Stuttgart mit t\u00f6nernen Schmetterlingen, Tel 0711\/6362136<br \/>\n(17) Sculpteur Friedrich aus Avignon: Dominique Friedrich. <a href=\"mailto:atelier.friedrich@gmail.com\">atelier.friedrich@gmail.com<\/a><br \/>\n(19) Werksiedlung St.Christophorus Kandern\u00a0<a href=\"https:\/\/www.christophorus-gemeinschaft.de\/werksiedlung_kandern.html?PHPSESSID=7ejt4hrkft9c2ekhsn4ne6id66\">www.christophorus-gemeinschaft.de\/werksiedlung_kandern.html<\/a>\u00a0<br \/>\n\u00a0\u00a0\u00a0<br \/>\n<strong>Keramikmarkt ist Publikumsmagnet<\/strong><br \/>\nDer Werbering hatte parallel zum offenen Sonntag eingeladen. Vor allem Kleider- und Schuhgesch\u00e4fte hatten ihre T\u00fcren ge\u00f6ffnet. Viele Besucher blieben auch, um in Wirtschaften etwas zu essen oder auf dem Markt selbst, wo unter anderem behinderte Menschen der Werksiedlung St. Christopherus f\u00fcr Bewirtung sorgten. Ein weiteres Anliegen von Stefan Bang: Inklusion soll lebendig werden. &#8230;.<br \/>\nAlles vom 23,9.2013 bitte lesen auf<br \/>\n<a href=\"https:\/\/www.badische-zeitung.de\/kandern\/keramikmarkt-ist-publikumsmagnet--75437629.html\">https:\/\/www.badische-zeitung.de\/kandern\/keramikmarkt-ist-publikumsmagnet&#8211;75437629.html<\/a><br \/>\n<!-- RSPEAK_STOP --><\/p>\n<p>&nbsp;<\/p>\n<p><strong>Kanderner Keramikmarkt<\/strong><\/p>\n<p>Kandern im sch\u00f6nen <a href=\"https:\/\/www.freiburg-schwarzwald.de\/kandertal.htm\">Kandertal<\/a> gilt als T\u00f6pferstadt mit dem j\u00e4hrlichen T\u00f6pfermarkt im September.<br \/>\n<a href=\"https:\/\/www.kandern.de\/museum\/museum.htm\">https:\/\/www.kandern.de\/museum\/museum.htm<\/a><br \/>\nDer Kanderner Keramikmarkt wird veranstaltet vom Keramikforum Freiburg, <a href=\"https:\/\/www.keramikforum.de\/\">www.keramikforum.de<\/a> , unter Federf\u00fchrung von Stefan Bang aus Mauchen.<\/p>\n<p>Hakenjos, Inh. Sabine Kluge, Kandern, Hauptstra\u00dfe 2, Telefon 3 20<br \/>\nKerstan, Kandern, B\u00f6scherzenweg 3, Telefon 3 25<br \/>\nRimmele, Kandern, Am Blumenplatz 4, Tel. 8376<br \/>\nR\u00fchrnschopf, Kandern-Holzen, Talstra\u00dfe 40, Telefon 83 63<\/p>\n<p>Wechlin, L\u00f6rrach, R\u00f6ttelnweiler 10, Tel.: 0 76 21\/16 65 32<br \/>\nLeutz, L\u00f6rrach, Tumringer Str. 223, Tel. 07621\/70336<br \/>\nBang, Schliengen-Mauchen, Auggener Str. 8a, Tel. 07635\/2150, <a href=\"https:\/\/www.salzglasur.de\/\">www.salzglasur.de<\/a><br \/>\nZimmermann, Steinen-Hofen, Bergstr. 35, 07627\/1307<\/p>\n<p>Kalida Keramik<br \/>\nAndrea Leutz, Tumringer Str. 223, D-79539 L\u00f6rrach, Tel 07621 &#8211; 170336<br \/>\nInternet: <a href=\"https:\/\/www.kalida-keramik.de\">www.kalida-keramik.de<\/a><\/p>\n","protected":false},"excerpt":{"rendered":"<p>Home &gt;Kunst &gt;Keramik &gt;Kandern-Keramikmarkt 21. Kanderner Keramikmarkt 21.\/22.9.2013 &#8211; viel Sonne Kanderner Keramikmarkt &nbsp; &nbsp; 21.Kanderner Keramikmarkt 21.\/22.9.2013 \u00a0\u00a0\u00a0\u00a0\u00a0\u00a0\u00a0\u00a0\u00a0\u00a0 \u00a0\u00a0\u00a0\u00a0\u00a0\u00a0\u00a0\u00a0\u00a0 (1) 21.9.2013 Marktplatz 11 Uhr\u00a0\u00a0\u00a0\u00a0\u00a0\u00a0\u00a0\u00a0\u00a0\u00a0\u00a0(2) Keramik aus H\u00f6hr-Grenzhausen\u00a0\u00a0\u00a0\u00a0\u00a0\u00a0 (3) Keramik-\u00d6fen aus Zarten \u00a0\u00a0\u00a0\u00a0\u00a0\u00a0\u00a0\u00a0\u00a0 \u00a0\u00a0\u00a0\u00a0\u00a0\u00a0\u00a0\u00a0\u00a0 (4) K\u00fcnstlerw\u00e4sche am Marktplatz\u00a0\u00a0\u00a0\u00a0\u00a0\u00a0\u00a0 (5) Event-Zelt &hellip; <a href=\"https:\/\/www.freiburg-schwarzwald.de\/blog\/kultur\/kunst\/keramik\/kandern-keramikmarkt\/\">Weiterlesen <span class=\"meta-nav\">&rarr;<\/span><\/a><\/p>\n","protected":false},"author":4,"featured_media":0,"parent":5659,"menu_order":0,"comment_status":"open","ping_status":"closed","template":"","meta":{"footnotes":""},"class_list":["post-38664","page","type-page","status-publish","hentry"],"_links":{"self":[{"href":"https:\/\/www.freiburg-schwarzwald.de\/blog\/wp-json\/wp\/v2\/pages\/38664","targetHints":{"allow":["GET"]}}],"collection":[{"href":"https:\/\/www.freiburg-schwarzwald.de\/blog\/wp-json\/wp\/v2\/pages"}],"about":[{"href":"https:\/\/www.freiburg-schwarzwald.de\/blog\/wp-json\/wp\/v2\/types\/page"}],"author":[{"embeddable":true,"href":"https:\/\/www.freiburg-schwarzwald.de\/blog\/wp-json\/wp\/v2\/users\/4"}],"replies":[{"embeddable":true,"href":"https:\/\/www.freiburg-schwarzwald.de\/blog\/wp-json\/wp\/v2\/comments?post=38664"}],"version-history":[{"count":0,"href":"https:\/\/www.freiburg-schwarzwald.de\/blog\/wp-json\/wp\/v2\/pages\/38664\/revisions"}],"up":[{"embeddable":true,"href":"https:\/\/www.freiburg-schwarzwald.de\/blog\/wp-json\/wp\/v2\/pages\/5659"}],"wp:attachment":[{"href":"https:\/\/www.freiburg-schwarzwald.de\/blog\/wp-json\/wp\/v2\/media?parent=38664"}],"curies":[{"name":"wp","href":"https:\/\/api.w.org\/{rel}","templated":true}]}}