{"id":3817,"date":"2012-05-24T13:41:42","date_gmt":"2012-05-24T13:41:42","guid":{"rendered":"https:\/\/www.freiburg-schwarzwald.de\/blog\/?page_id=3817"},"modified":"2023-05-24T21:10:59","modified_gmt":"2023-05-24T19:10:59","slug":"huetten","status":"publish","type":"page","link":"https:\/\/www.freiburg-schwarzwald.de\/blog\/tourismus\/gastro\/huetten\/","title":{"rendered":"Huetten"},"content":{"rendered":"<p><a title=\"Orte\" href=\"https:\/\/www.freiburg-schwarzwald.de\/blog\/\">Home<\/a> &gt;<a title=\"Tourismus\" href=\"https:\/\/www.freiburg-schwarzwald.de\/blog\/tourismus\/\">Tourismus<\/a> &gt;<a title=\"Gastro\" href=\"https:\/\/www.freiburg-schwarzwald.de\/blog\/tourismus\/gastro\/\">Gastro<\/a> &gt;Huetten<\/p>\n<div id=\"attachment_527\" style=\"width: 612px\" class=\"wp-caption alignnone\"><a href=\"https:\/\/www.freiburg-schwarzwald.de\/blog\/natur\/feldberg10pan-080123-3\/\" rel=\"attachment wp-att-527\"><img loading=\"lazy\" decoding=\"async\" aria-describedby=\"caption-attachment-527\" class=\"size-full wp-image-527\" title=\"feldberg10pan-080123\" src=\"https:\/\/www.freiburg-schwarzwald.de\/blog\/wp-content\/uploads\/2012\/03\/feldberg10pan-0801232.jpg\" alt=\"\" width=\"602\" height=\"185\" srcset=\"https:\/\/www.freiburg-schwarzwald.de\/blog\/wp-content\/uploads\/2012\/03\/feldberg10pan-0801232.jpg 602w, https:\/\/www.freiburg-schwarzwald.de\/blog\/wp-content\/uploads\/2012\/03\/feldberg10pan-0801232-180x55.jpg 180w\" sizes=\"auto, (max-width: 602px) 100vw, 602px\" \/><\/a><p id=\"caption-attachment-527\" class=\"wp-caption-text\">Blick vom Feldberg-Gr\u00fcble zwischen Seebuck und Todtnauer H\u00fctte nach S\u00fcdwesten am 23.1.2008<\/p><\/div>\n<ul>\n<li><a href=\"https:\/\/www.freiburg-schwarzwald.de\/blog\/tourismus\/gastro\/huetten\/kaelbelescheuer\/\">K\u00e4lbelescheuer \u2013 Historische Rinderweide oberhalb M\u00fcnstertal<\/a> (21.5.2023)<\/li>\n<li><a href=\"https:\/\/www.freiburg-schwarzwald.de\/blog\/tourismus\/gastro\/huetten\/baldenweger-huette\/\">Baldenweger H\u00fctte unterhalb des Feldbergs mit neuen P\u00e4chtern<\/a> (7.12.2022)<\/li>\n<li>Die Baldenweger H\u00fctte am Feldberg schlie\u00dft \u00fcberraschend Ende Mai 2022 (17.5.2022)<\/li>\n<li><a href=\"https:\/\/www.freiburg-schwarzwald.de\/blog\/tourismus\/gastro\/huetten\/wilhelmerhuette\/\">Neue P\u00e4chter der St. Wilhelmer H\u00fctte: \u201eWir sind startklar\u201c<\/a> (13.5.2022)<\/li>\n<li><a href=\"https:\/\/www.freiburg-schwarzwald.de\/blog\/tourismus\/gastro\/huetten\/hoefener-huette\/\">Die H\u00f6fener H\u00fctte ist immer einen Besuch wert<\/a> (1.4.2022)<\/li>\n<li><a href=\"https:\/\/www.freiburg-schwarzwald.de\/blog\/regio\/orte\/hinterzarten\/\">Wanderung: Hinterzarten \u2013 Alpersbach \u2013 Hinterwaldkopf \u2013 Kirchzarten<\/a>\u00a0(5.5.2021)<\/li>\n<li><a href=\"https:\/\/www.freiburg-schwarzwald.de\/blog\/wandern-und-biken-mit-einkehr\/\">Wandern und Biken mit Einkehr<\/a>\u00a0(23.4.2021)<\/li>\n<li><a href=\"https:\/\/www.freiburg-schwarzwald.de\/blog\/haldenkoepflehuette-wieder-offen\/\">https:\/\/www.freiburg-schwarzwald.de\/blog\/haldenkoepflehuette-wieder-offen\/<\/a> (26.9.2018)<\/li>\n<li><a href=\"https:\/\/www.freiburg-schwarzwald.de\/blog\/st-wilhelmer-huette-feldberg\/\">https:\/\/www.freiburg-schwarzwald.de\/blog\/st-wilhelmer-huette-feldberg\/<\/a> (25.1.2018)<\/li>\n<li><a href=\"https:\/\/www.freiburg-schwarzwald.de\/blog\/laurentiusfest-10-8-14-feldberg\/\">https:\/\/www.freiburg-schwarzwald.de\/blog\/laurentiusfest-10-8-14-feldberg\/<\/a>\u00a0(6.8.2014)<\/li>\n<li><\/li>\n<li><a href=\"https:\/\/www.freiburg-schwarzwald.de\/huetten2.htm\">Aktuelle Infos zur H\u00fctten-Seite ab 25.8.2005<\/a>&gt;Huetten2<\/li>\n<li><a href=\"https:\/\/www.freiburg-schwarzwald.de\/huetten1.htm\">Aktuelles zur H\u00fctten-Seite<\/a> &gt;Huetten1<\/li>\n<li><a href=\"https:\/\/www.freiburg-schwarzwald.de\/huetten.htm\">www.freiburg-schwarzwald.de\/huetten.htm<\/a> &gt;Archivseite Huetten<\/li>\n<li><a href=\"https:\/\/www.freiburg-schwarzwald.de\/selbstversorger.htm#B\u00e4rental Skih\u00fctte\">B\u00e4rental-Skih\u00fctte<\/a> &gt;Selbstversorger<\/li>\n<li><a href=\"https:\/\/www.freiburg-schwarzwald.de\/blog\/tourismus\/gastro\/huetten\/baldenweger-huette\/\">Baldenweger-H\u00fctte<\/a><\/li>\n<li><a href=\"https:\/\/www.freiburg-schwarzwald.de\/baldenweger-huette.htm\">Baldenweger H\u00fctte am Nordhang des Feldbergs<\/a> &gt;Baldenweger-Huette (Archivseite)<\/li>\n<li><a href=\"https:\/\/www.freiburg-schwarzwald.de\/belchen.htm#Belchen-Multen - Wanderheim Die\u00dflinh\u00fctte\">Belchen-Multen &#8211; Wanderheim Die\u00dflinh\u00fctte<\/a> &gt;Belchen<\/li>\n<li><a href=\"https:\/\/www.freiburg-schwarzwald.de\/heiligenbrunnnen.htm#Bergh\u00e4usle Wanderheim\">Bergh\u00e4usle &#8211; Wanderheim in Hinterzarten-F\u00fcrsatzh\u00f6he<\/a> &gt;Heiligenbrunnen<\/li>\n<li><a href=\"https:\/\/www.freiburg-schwarzwald.de\/wandervereine.htm#Berglust-Haus zwischen Schauinsland\/Gie\u00dfh\u00fcbel und Horben\">Berglusthaus zwischen Schauinsland\/Gie\u00dfh\u00fcbel und Horben<\/a> &gt;Wandervereine<\/li>\n<li><a href=\"https:\/\/www.freiburg-schwarzwald.de\/belchen.htm#Belchen-Multen - Wanderheim Die\u00dflinh\u00fctte\">Die\u00dflinh\u00fctte<\/a> &gt;Belchen<\/li>\n<li><a title=\"Erlenbacher\" href=\"https:\/\/www.freiburg-schwarzwald.de\/blog\/tourismus\/gastro\/huetten\/erlenbacher\/\">Erlenbacher H\u00fctte<\/a><\/li>\n<li><a href=\"https:\/\/www.freiburg-schwarzwald.de\/feldberg-huetten.htm#Emmendinger H\u00fctte: ... hoch oben am Feldberg\">Emmendinger H\u00fctte am Feldberg<\/a> &gt;Feldberg-Huetten<\/li>\n<li><a href=\"https:\/\/www.freiburg-schwarzwald.de\/feldberg-huetten.htm\">Feldberg &#8211; H\u00fctten ringsrum<\/a> &gt;Feldberg-Huetten<\/li>\n<li><a href=\"https:\/\/www.freiburg-schwarzwald.de\/huetten.htm#Freiburger H\u00fctte im Zastler Loch\">Freiburger H\u00fctte im Zastler Loch<\/a> &gt;Feldberg-Huetten<\/li>\n<li><a href=\"https:\/\/www.freiburg-schwarzwald.de\/huetten.htm#Freiburger H\u00fctte in Vorarlberg - DAV Freiburg\">Freiburger H\u00fctte in Vorarlberg &#8211; DAV Freiburg<\/a><\/li>\n<li><a href=\"https:\/\/www.freiburg-schwarzwald.de\/littenweiler\/grillplatz.htm#H\u00fctten der Stadt Freiburg im Stadtwald - H\u00fcttenpreisliste\">Freiburg &#8211; H\u00fctten der Stadt im Stadtwald &#8211; H\u00fcttenpreise<\/a> &gt;FR-Dreisamtal.de\/Grillplatz (11.10.07)<\/li>\n<li><a href=\"https:\/\/www.freiburg-schwarzwald.de\/geschwend.htm#Gisibodenh\u00fctte zwischen Herzogenhorn und Geschwend\">Gisibodenh\u00fctte zwischen Herzogenhorn und Geschwend<\/a> &gt;Geschwend<\/li>\n<li><a href=\"https:\/\/www.freiburg-schwarzwald.de\/wald.htm#Grillpl\u00e4tze um Freiburg\">Grillpl\u00e4tze um Freiburg &#8211; \u00dcbersicht mit Preisangaben (ohne Gew\u00e4hr)<\/a> &gt;Wald<\/li>\n<li><a href=\"https:\/\/www.freiburg-schwarzwald.de\/kandel.htm#Gummenh\u00fctte am Kandel\">Gummenh\u00fctte am Kandel-S\u00fcdhang<\/a> &gt;Kandel<\/li>\n<li><a href=\"https:\/\/www.freiburg-schwarzwald.de\/reichenbach5.htm#Gschasih\u00fctte\">Gschasih\u00fctte ob Elzach<\/a> &gt;Reichenbach5<\/li>\n<li><a href=\"https:\/\/www.freiburg-schwarzwald.de\/huetten.htm#Haldenk\u00f6pfle - Ski-\/Bergh\u00fctte\">Haldenk\u00f6pfle &#8211; Ski-\/Bergh\u00fctte am Schauinsland<\/a><\/li>\n<li><a href=\"https:\/\/www.freiburg-schwarzwald.de\/hasenhorn.htm#Berggasthof Hasenhorn in Todtnau\">Hasenhorn &#8211; Berggasthof und H\u00fctte in Todtnau<\/a> &gt;Hasenhorn<\/li>\n<li><a href=\"https:\/\/www.freiburg-schwarzwald.de\/kappel5.htm#Herderh\u00fctte - Gasthaus im Kappler Tal\">Herderh\u00fctte zwischen Freiburg-Kappel und Schauinsland<\/a> &gt;Kappel5<\/li>\n<li><a href=\"https:\/\/www.freiburg-schwarzwald.de\/guetenbach.htm#Hintereck - Bergvesperstube \u00fcber dem Simonsw\u00e4ldertal\">Hintereck &#8211; Bergvesperstube \u00fcber dem Simonsw\u00e4ldertal<\/a> &gt;Guetenbach<\/li>\n<li><a title=\"Hinterwaldkopfhuette\" href=\"https:\/\/www.freiburg-schwarzwald.de\/blog\/tourismus\/gastro\/huetten\/hinterwaldkopfhuette\/\">Hinterwaldkopfh\u00fctte zwischen H\u00f6llental und Zastlertal<\/a>\u00a0&gt;Hinterwaldkopfhuette<\/li>\n<li><a href=\"https:\/\/www.freiburg-schwarzwald.de\/hochfirst.htm#Berggasthaus Hochfirst\">Hochfirst ob Titisee &#8211; Wanderheim und Berggasthaus<\/a> &gt;Hochfirst<\/li>\n<li><a href=\"https:\/\/www.freiburg-schwarzwald.de\/huetten.htm#Hochkopfhaus Todtnau\">Hochkopf-Haus Todtnau<\/a><\/li>\n<li><a href=\"https:\/\/www.freiburg-schwarzwald.de\/blog\/tourismus\/gastro\/huetten\/hoefener-huette\/\">H\u00f6fener H\u00fctte am Westhang des Hinterwaldkopfes<\/a><\/li>\n<li><a href=\"https:\/\/www.freiburg-schwarzwald.de\/rinken.htm#J\u00e4gerheim - Gasthaus und Pension am Rinken\">J\u00e4gerheim am Rinken<\/a> &gt;Rinken<\/li>\n<li><a href=\"https:\/\/www.freiburg-schwarzwald.de\/huetten.htm#K\u00e4lblescheuer, Alm-Gastst\u00e4tte in M\u00fcnstertal-M\u00fcnsterhalden\">K\u00e4lblescheuer, Alm-Gastst\u00e4tte in M\u00fcnstertal-M\u00fcnsterhalden<\/a><\/li>\n<li><a href=\"https:\/\/www.freiburg-schwarzwald.de\/kohlerhof.htm\">Kohlerhof zwischen St.Ulrich und Oberm\u00fcnstertal<\/a> &gt;Kohlerhof<\/li>\n<li><a href=\"https:\/\/www.freiburg-schwarzwald.de\/krunkelbach.htm\">Krunkelbach H\u00fctte am Herzogenhorn<\/a> &gt;Krunkelbach<\/li>\n<li><a href=\"https:\/\/www.freiburg-schwarzwald.de\/feldberg-huetten.htm#L\u00f6rracher H\u00fctte\">L\u00f6rracher H\u00fctte<\/a> &gt;Feldberg-Huetten<\/li>\n<li><a href=\"https:\/\/www.freiburg-schwarzwald.de\/huetten1.htm#Mathisleweiher-H\u00fctte - Freiburger Gewerbesch\u00fcler bauen Fotovoltaikanlage\">Mathisleweiher-H\u00fctte &#8211; Freiburger Gewerbesch\u00fcler bauen Fotovoltaikanlage<\/a> (9.7.2004)<\/li>\n<li><a href=\"https:\/\/www.freiburg-schwarzwald.de\/feldberg-huetten.htm#Menzenschwander H\u00fctte\">Menzenschwander H\u00fctte<\/a>&gt;Feldberg-Huetten<\/li>\n<li><a href=\"https:\/\/www.freiburg-schwarzwald.de\/blog\/natur\/naturfreunde-baden\/\">Naturfreunde Baden<\/a><\/li>\n<li><a href=\"https:\/\/www.freiburg-schwarzwald.de\/wanderheime.htm#Naturfreundehaus beim Baldenweger Buck\">Naturfreundehaus beim Baldenweger Buck am Feldberg<\/a> &gt;Wanderheime<\/li>\n<li><a href=\"https:\/\/www.freiburg-schwarzwald.de\/gasthaus.htm#Naturfreundehaus Fahrenberg\">Naturfreundehaus Breitnau-Fahrenberg<\/a> &gt;Gasthaus<\/li>\n<li><a href=\"https:\/\/www.freiburg-schwarzwald.de\/furtwangen.htm#Naturfreundehaus Brend\">Naturfreundehaus Brend<\/a> &gt;Furtwangen<\/li>\n<li><a href=\"https:\/\/www.freiburg-schwarzwald.de\/wanderheime.htm#Naturfreundehaus Hotzenwald\">Naturfreundehaus Hotzenwald<\/a> &gt;Wanderheime<\/li>\n<li><a href=\"https:\/\/www.freiburg-schwarzwald.de\/praeg.htm#Pr\u00e4ger B\u00f6den\">Pr\u00e4ger B\u00f6den<\/a> &gt;Praeg<\/li>\n<li><a href=\"https:\/\/www.freiburg-schwarzwald.de\/gasthaus.htm#Raimartihof am Feldsee\">Raimartihof am Feldsee<\/a> &gt;Gasthaus<\/li>\n<li><a href=\"https:\/\/www.freiburg-schwarzwald.de\/wandervereine.htm#DAV Schwarzwald\">Ramshalde bei Breitnau &#8211; DAV<\/a> &gt;Wandervereine<\/li>\n<li><a title=\"Rappeneck\" href=\"https:\/\/www.freiburg-schwarzwald.de\/blog\/regio\/berge\/rappeneck\/\">Rappenecker H\u00fctte zwischen Oberried und Schauinsland<\/a><\/li>\n<li><a href=\"https:\/\/www.freiburg-schwarzwald.de\/berge.htm#Roteck-H\u00fctte\">Roteck-H\u00fctte am Hinterwaldkopf<\/a> &gt;Berge<\/li>\n<li><a href=\"https:\/\/www.freiburg-schwarzwald.de\/feldberg-huetten.htm#Seebuck: H\u00fctte an der Sesselbahn Feldberg\">Seebuck: H\u00fctte an der Sesselbahn<\/a>&gt;Feldberg-Huetten<\/li>\n<li><a href=\"https:\/\/www.freiburg-schwarzwald.de\/huetten.htm#Stangenbodenh\u00fctte im M\u00fcnstertal\">Stangenbodenh\u00fctte im M\u00fcnstertal<\/a><\/li>\n<li><a href=\"https:\/\/www.freiburg-schwarzwald.de\/batzenberg1.htm#Wandersportfreunde Ehrenkirchen feierten 100 Jahre Steinebacherh\u00fctte\">Steinebacherh\u00fctte bei Ehrenkirchen<\/a> &gt;Batzenberg1 (22.7.2005)<\/li>\n<li><a href=\"https:\/\/www.freiburg-schwarzwald.de\/wanderheime.htm#Stockmatt - Wanderheim zwischen Wies und Tegernau\">Stockmatt &#8211; Wanderheim zwischen Wies und Tegernau<\/a>\u00a0&gt;Wanderheime<\/li>\n<li><a href=\"https:\/\/www.freiburg-schwarzwald.de\/stollenbacher.htm\">Stollenbacher H\u00fctte am S\u00fcdhang Tote Mann<\/a> &gt;Stollenbacher (Archivseite)<\/li>\n<li><a href=\"https:\/\/www.freiburg-schwarzwald.de\/blog\/tourismus\/gastro\/huetten\/stollenbach\/\">Stollenbacherh\u00fctt<\/a>e<\/li>\n<li><a title=\"Kappel\" href=\"https:\/\/www.freiburg-schwarzwald.de\/blog\/regio\/freiburg\/kappel\/\">Stollenh\u00fctte im Kappler Gro\u00dftal<\/a> &gt;Kappel<\/li>\n<li>Stra\u00dfburgerh\u00fctte am Feldberg<\/li>\n<li><a href=\"https:\/\/www.freiburg-schwarzwald.de\/stuebenwasen.htm\">St\u00fcbenwasen &#8211; Berggasthaus zwischen Feldberg und Notschrei<\/a> &gt;Stuebenwasen<\/li>\n<li><a href=\"https:\/\/www.freiburg-schwarzwald.de\/gasthaus.htm#Kohlerhof zwischen St.Ulrich und Oberm\u00fcnstertal\">St.Ulrich\/M\u00fcnstertal &#8211; Kohlerhof<\/a> &gt;Gasthaus<\/li>\n<li><a title=\"Wilhelmerhuette\" href=\"https:\/\/www.freiburg-schwarzwald.de\/blog\/tourismus\/gastro\/huetten\/wilhelmerhuette\/\">St. Wilhelmer H\u00fctte, Hochalm am S\u00fcdwesthang des Feldbergs<\/a><\/li>\n<li><a href=\"https:\/\/www.freiburg-schwarzwald.de\/schluchsee.htm#Unterkrummenhof in Schluchsee-Aha\">Unterkrummenhof &#8211; s\u00fcdlich am Schluchsee<\/a> &gt;Schluchsee<\/li>\n<li><a href=\"https:\/\/www.freiburg-schwarzwald.de\/weilersbach5.htm#Weilersbacher H\u00fctte\">Weilershaber H\u00fctte<\/a> &gt;Weilersbach5<\/li>\n<li>Z\u00e4hringerh\u00fctte am Feldberg<\/li>\n<li><a href=\"https:\/\/www.freiburg-schwarzwald.de\/zastlerhuette.htm\">Zastler H\u00fctte im Zastler Loch unterhalb des Feldbergs<\/a> &gt;ZastlerHuette<\/li>\n<li><a title=\"Todtnauerhuette\" href=\"https:\/\/www.freiburg-schwarzwald.de\/blog\/tourismus\/gastro\/huetten\/todtnauerhuette\/\">Todtnauer H\u00fctte am Feldberg<\/a><\/li>\n<li><a href=\"https:\/\/www.freiburg-schwarzwald.de\/jugendherberge.htm\">Jugendherbergen, Landschulheime und Gruppenh\u00e4user<\/a> &gt;Jugendherberge<\/li>\n<li><a href=\"https:\/\/www.freiburg-schwarzwald.de\/selbstversorger.htm\">Selbstversorger-H\u00fctten<\/a> &gt;Selbstversorger<\/li>\n<li><a href=\"https:\/\/www.freiburg-schwarzwald.de\/wanderheime.htm\">Wanderheime<\/a> &gt;Wanderheime<\/li>\n<li><\/li>\n<li><a href=\"https:\/\/www.freiburg-schwarzwald.de\/wandervereine.htm\">Wandern und Wandervereine<\/a> &gt;Wandervereine<\/li>\n<li><\/li>\n<\/ul>\n<p>&nbsp;<\/p>\n<p><strong>Die Baldenweger H\u00fctte am Feldberg schlie\u00dft \u00fcberraschend Ende Mai 2022<\/strong><br \/>\nFabian Sickenberger<br \/>\n<a href=\"https:\/\/www.freiburg-schwarzwald.de\/baldenweger-huette.htm\">https:\/\/www.freiburg-schwarzwald.de\/baldenweger-huette.htm<\/a><\/p>\n<p>Ab 1. Juni stellt die Bergh\u00fctte ihren Betrieb ein \u2013 das betrifft sowohl die Bewirtung als auch das \u00dcbernachtungsangebot. Die P\u00e4chter hatten die H\u00fctte erst Ende 2020 \u00fcbernommen.<br \/>\nDiese Nachricht kam wahrlich \u00fcberraschend. Ende der vergangenen Woche ver\u00f6ffentlichte der Instagram-Kanal der Baldenweger H\u00fctte eine fr\u00fchlingshafte Panoramaansicht der auf 1321 Metern H\u00f6he gelegenen Bergh\u00fctte \u2013 so weit, so normal. Dar\u00fcber aber steht in dicken Lettern: &#8222;P\u00e4chter(in) gesucht!&#8220; Weitere Informationen l\u00e4sst der Post offen. Etwa, ab wann der Nachp\u00e4chter einspringen soll und was die Hintergr\u00fcnde des R\u00fcckzugs der aktuellen Betreiber sind. Was hat es mit der Schlie\u00dfung auf sich?<br \/>\nDie Vorgeschichte: Nachdem die am Nordhang des Feldbergs gelegene H\u00fctte im Oktober 2019 geschlossen worden war \u2013 damals lie\u00dfen sich keine neuen P\u00e4chter finden \u2013, hatten Maximilian, Thomas und Olaf Drubba sowie Franjo Roso die Baldenweger H\u00fctte im Dezember 2020 unter dem Dach der H\u00fctten am Feldberg GbR \u00fcbernommen, die heute Schwarzwaldh\u00fctten UG hei\u00dft. Damals wurde von den neuen Betreibern und dem Verp\u00e4chter, der Baldenweger Weidegemeinschaft, eine l\u00e4ngerfristige Zusammenarbeit angestrebt. Tradition und Brauchtum der H\u00fcttenkultur sollten erhalten bleiben. Nun, nur anderthalb Jahre sp\u00e4ter, will die Schwarzwaldh\u00fctten UG den Pachtvertrag aufl\u00f6sen, sagt J\u00f6rg M\u00fcller, Vorsitzender der Baldenweger Weidegenossenschaft, gegen\u00fcber der BZ.<br \/>\nDer Gastst\u00e4ttenbetrieb wird demnach zum 1. Juni eingestellt. Auch \u00dcbernachtungen sind ab Juni nicht mehr buchbar. Gesellschafter Franjo Roso best\u00e4tigt dieses Vorgehen auf BZ-Anfrage. Seinen Angaben zufolge wird die H\u00fctte ihren Betrieb ab Juni vollst\u00e4ndig einstellen. Seit einigen Tagen sei man gemeinsam mit der Baldenweger Weidegemeinschaft auf der Suche nach einem Nachp\u00e4chter. Ob ein solcher gefunden wird, ist allerdings v\u00f6llig offen. Sie bef\u00e4nden sich bereits in Gespr\u00e4chen mit Interessenten, sagt Roso. &#8222;Wir werden sehen, ob das gelingt und wir fr\u00fcher rausgehen \u2013 oder, ob wir die H\u00fctte letztlich doch weiterbetreiben&#8220;, sagt er.<br \/>\nDies w\u00e4re freilich nur der Fall, wenn sich keine Nachp\u00e4chter finden lie\u00dfen. Der Pachtvertrag mit der Schwarzwaldh\u00fctten UG l\u00e4uft noch bis 2025, so lange sind Roso und seine Mitgesellschafter vertraglich gebunden. Noch sind daher verschiedene Konstellationen denkbar \u2013 abh\u00e4ngig davon, ob sich ein geeigneter Nachfolger findet oder nicht.<\/p>\n<p>&#8222;Momentan ist es sehr schwierig, Personal zu finden&#8220;, nennt Roso den Hauptgrund f\u00fcr die Schlie\u00dfung. Die Stelle eines H\u00fcttenmanagers war mehrmals ausgeschrieben, &#8222;aber wir hatten kein Gl\u00fcck, diese entscheidende Position zu besetzen&#8220;, sagt er. Auch Servicekr\u00e4fte seien zuletzt schwer zu finden gewesen. Gleichzeitig schr\u00e4nkte die Pandemie die M\u00f6glichkeiten der H\u00fctte ein \u2013 eine Problematik, die laut Roso allerdings weniger stark ins Gewicht fiel als die angespannte Personalsituation.<br \/>\nIn den vergangenen Tagen wurden die f\u00fcr die Zeit ab Juni gebuchten \u00dcbernachtungen storniert. Die G\u00e4ste h\u00e4tten darauf weitgehend mit Verst\u00e4ndnis reagiert, sagt Roso: &#8222;Einige waren zuerst nat\u00fcrlich nicht gerade happy, aber konnten es im Endeffekt doch nachvollziehen.&#8220;<br \/>\nDie Todtnauer H\u00fctte, die ebenfalls von der Schwarzwaldh\u00fctten UG betrieben wird, bleibt von der neuerlichen Entwicklung unber\u00fchrt. Deren Betrieb wird weiterhin wie gehabt fortgesetzt, best\u00e4tigen Roso und H\u00fcttenmanagerin Sophie Wuhrer.<br \/>\n&#8230; Alles vom 17.5.20222 bitte lesen auf<br \/>\n<a href=\"https:\/\/www.badische-zeitung.de\/die-baldenweger-huette-am-feldberg-schliesst-ueberraschend-ende-mai\">https:\/\/www.badische-zeitung.de\/die-baldenweger-huette-am-feldberg-schliesst-ueberraschend-ende-mai<\/a><\/p>\n<p>&nbsp;<\/p>\n","protected":false},"excerpt":{"rendered":"<p>Home &gt;Tourismus &gt;Gastro &gt;Huetten K\u00e4lbelescheuer \u2013 Historische Rinderweide oberhalb M\u00fcnstertal (21.5.2023) Baldenweger H\u00fctte unterhalb des Feldbergs mit neuen P\u00e4chtern (7.12.2022) Die Baldenweger H\u00fctte am Feldberg schlie\u00dft \u00fcberraschend Ende Mai 2022 (17.5.2022) Neue P\u00e4chter der St. Wilhelmer H\u00fctte: \u201eWir sind startklar\u201c &hellip; <a href=\"https:\/\/www.freiburg-schwarzwald.de\/blog\/tourismus\/gastro\/huetten\/\">Weiterlesen <span class=\"meta-nav\">&rarr;<\/span><\/a><\/p>\n","protected":false},"author":2,"featured_media":0,"parent":19,"menu_order":0,"comment_status":"open","ping_status":"closed","template":"","meta":{"footnotes":""},"class_list":["post-3817","page","type-page","status-publish","hentry"],"_links":{"self":[{"href":"https:\/\/www.freiburg-schwarzwald.de\/blog\/wp-json\/wp\/v2\/pages\/3817","targetHints":{"allow":["GET"]}}],"collection":[{"href":"https:\/\/www.freiburg-schwarzwald.de\/blog\/wp-json\/wp\/v2\/pages"}],"about":[{"href":"https:\/\/www.freiburg-schwarzwald.de\/blog\/wp-json\/wp\/v2\/types\/page"}],"author":[{"embeddable":true,"href":"https:\/\/www.freiburg-schwarzwald.de\/blog\/wp-json\/wp\/v2\/users\/2"}],"replies":[{"embeddable":true,"href":"https:\/\/www.freiburg-schwarzwald.de\/blog\/wp-json\/wp\/v2\/comments?post=3817"}],"version-history":[{"count":5,"href":"https:\/\/www.freiburg-schwarzwald.de\/blog\/wp-json\/wp\/v2\/pages\/3817\/revisions"}],"predecessor-version":[{"id":112540,"href":"https:\/\/www.freiburg-schwarzwald.de\/blog\/wp-json\/wp\/v2\/pages\/3817\/revisions\/112540"}],"up":[{"embeddable":true,"href":"https:\/\/www.freiburg-schwarzwald.de\/blog\/wp-json\/wp\/v2\/pages\/19"}],"wp:attachment":[{"href":"https:\/\/www.freiburg-schwarzwald.de\/blog\/wp-json\/wp\/v2\/media?parent=3817"}],"curies":[{"name":"wp","href":"https:\/\/api.w.org\/{rel}","templated":true}]}}