{"id":38009,"date":"2013-09-21T19:41:16","date_gmt":"2013-09-21T17:41:16","guid":{"rendered":"https:\/\/www.freiburg-schwarzwald.de\/blog\/?page_id=38009"},"modified":"2014-02-04T12:14:42","modified_gmt":"2014-02-04T11:14:42","slug":"bergwacht","status":"publish","type":"page","link":"https:\/\/www.freiburg-schwarzwald.de\/blog\/vereine\/hilfe\/bergwacht\/","title":{"rendered":"Bergwacht"},"content":{"rendered":"<p><a href=\"https:\/\/www.freiburg-schwarzwald.de\/blog\">Home<\/a> &gt;<a title=\"Vereine\" href=\"https:\/\/www.freiburg-schwarzwald.de\/blog\/vereine\/\">Vereine<\/a> &gt;<a title=\"Hilfe\" href=\"https:\/\/www.freiburg-schwarzwald.de\/blog\/vereine\/hilfe\/\">Hilfe<\/a> &gt;<a title=\"Hochschwarzwald\" href=\"https:\/\/www.freiburg-schwarzwald.de\/blog\/regio\/hochschwarzwald\/\">Hochschwarzwald<\/a> &gt;<a title=\"Berge\" href=\"https:\/\/www.freiburg-schwarzwald.de\/blog\/regio\/berge\/\">Berge<\/a> &gt;Bergwacht<\/p>\n<div id=\"attachment_37787\" style=\"width: 651px\" class=\"wp-caption alignnone\"><a href=\"https:\/\/www.freiburg-schwarzwald.de\/blog\/regio\/orte\/stmaergen\/spirzen\/spirzen-lenz-pan130917\/\" rel=\"attachment wp-att-37787\"><img loading=\"lazy\" decoding=\"async\" aria-describedby=\"caption-attachment-37787\" class=\"size-full wp-image-37787\" title=\"spirzen-lenz-pan130917\" alt=\"\" src=\"https:\/\/www.freiburg-schwarzwald.de\/blog\/wp-content\/uploads\/2012\/12\/spirzen-lenz-pan130917.jpg\" width=\"641\" height=\"186\" srcset=\"https:\/\/www.freiburg-schwarzwald.de\/blog\/wp-content\/uploads\/2012\/12\/spirzen-lenz-pan130917.jpg 641w, https:\/\/www.freiburg-schwarzwald.de\/blog\/wp-content\/uploads\/2012\/12\/spirzen-lenz-pan130917-180x52.jpg 180w, https:\/\/www.freiburg-schwarzwald.de\/blog\/wp-content\/uploads\/2012\/12\/spirzen-lenz-pan130917-640x185.jpg 640w\" sizes=\"auto, (max-width: 641px) 100vw, 641px\" \/><\/a><p id=\"caption-attachment-37787\" class=\"wp-caption-text\">Blick vom Thurner nach Westen \u00fcber &#8222;In den Spirzen&#8220; (links) und &#8222;Auf den Spirzen&#8220; (Mitte) zu den Rosskopf-Windr\u00e4dern<\/p><\/div>\n<ul>\n<li>Helikopter fliegt Verletzte von der Piste (4.2.2014)<\/li>\n<li>Medizinstudentin Carolin Sch\u00fctz: Erst leben retten, dann nacharbeiten (18.9.2013<\/li>\n<li><a href=\"https:\/\/www.freiburg-schwarzwald.de\/bergwacht1.htm\">Aktuelle Infos zur Bergwacht-Seite<\/a> &gt;Bergwacht1<\/li>\n<li><a href=\"https:\/\/www.freiburg-schwarzwald.de\/vergwacht.htm\">www.freiburg-schwarzwald.de\/vergwacht.htm<\/a> &gt;Archivseite Bergwacht<\/li>\n<li><a href=\"https:\/\/www.freiburg-schwarzwald.de\/bergwacht.htm#Bergwacht Sch\u00f6nau: Die Lebensretter im Belchengebiet\">Bergwacht Sch\u00f6nau: Die Lebensretter im Belchengebiet<\/a> (15.4.2006)<\/li>\n<li><a href=\"https:\/\/www.freiburg-schwarzwald.de\/skifahren3.htm#Rettungsaktion im Zastler Loch\u00a0mit Seilwinde und Helikopter\">Rettungsaktion im Zastler Loch mit Seilwinde und Helikopter<\/a> &gt;Skifahren3 (16.2.2006)<\/li>\n<li><a href=\"https:\/\/www.freiburg-schwarzwald.de\/bergwacht.htm#Uwe M\u00e4nnel von der Bergwacht Schwarzwald - mehr Eins\u00e4tze\">Uwe M\u00e4nnel von der Bergwacht Schwarzwald &#8211; mehr Eins\u00e4tze<\/a> (30.9.2005)<\/li>\n<li><a href=\"https:\/\/www.freiburg-schwarzwald.de\/bergwacht.htm#Bergwacht - Mehr Eins\u00e4tze mit alter Ausr\u00fcstung\">Bergwacht &#8211; Mehr Eins\u00e4tze mit alter Ausr\u00fcstung<\/a> (13.8.2005)<\/li>\n<li><a href=\"https:\/\/www.freiburg-schwarzwald.de\/bergwacht.htm#Bergwachtpr\u00fcfung in Todtnauberg f\u00fcr Pr\u00fcflinge aus dem ganzen Schwarzwald\">Bergwachtpr\u00fcfung in Todtnauberg f\u00fcr Pr\u00fcflinge aus dem ganzen Schwarzwald<\/a> (26.7.2005)<\/li>\n<li><a href=\"https:\/\/www.freiburg-schwarzwald.de\/bergwacht.htm#Sechs Bergwachtleute Steinmetze \u00fcberpr\u00fcfen das Freiburger M\u00fcnster\">Sechs Bergwachtleute Steinmetze \u00fcberpr\u00fcfen das Freiburger M\u00fcnster <\/a>\u00a0(19.7.2005)<\/li>\n<li><a href=\"https:\/\/www.freiburg-schwarzwald.de\/waldkirch1.htm#Bergwacht Waldkirch - lehrenamtlicher Rettungsdienst und Umweltschutz am Kandel\">Bergwacht Waldkirch &#8211; Rettungsdienst und Umweltschutz am Kandel<\/a> &gt;Waldkirch1 (18.5.05)<\/li>\n<li><a href=\"https:\/\/www.freiburg-schwarzwald.de\/spende1.htm#Verein Richtige Hilfe spendet 143900 Euro f\u00fcr Bergwacht\">Verein Richtige Hilfe spendet 5000 Euro f\u00fcr Bergwacht<\/a> &gt;Spende1 (14.2.2005)<\/li>\n<li><a href=\"https:\/\/www.freiburg-schwarzwald.de\/hinterzarten1.htm#Bergrettungs-Gruppe Hinterzarten-Breitnau in der Bergwacht Schwarzwald\">Bergrettungs-Gruppe Hinterzarten-Breitnau in Bergwacht Schwarzwald<\/a> &gt;Hinterzarten1 (3.7.04)<\/li>\n<li><a href=\"https:\/\/www.freiburg-schwarzwald.de\/sportlern1.htm#Berwacht - Freizeitsport fordert die ehrenamtlichen Helfer immer mehr\">Bergwacht &#8211; Freizeitsport fordert die ehrenamtlichen Helfer immer mehr<\/a> (21.8.2003)<\/li>\n<li>Bergwacht Schwarzwald e.V.<\/li>\n<li><a href=\"https:\/\/www.freiburg-schwarzwald.de\/bergwacht.htm#Bergwacht Bernau\">Bergwacht Bernau<\/a><\/li>\n<li><a href=\"https:\/\/www.freiburg-schwarzwald.de\/littenweiler\/notdienste.htm\">Notdienste und Rettung<\/a> &gt;Notdienste<\/li>\n<li><a href=\"https:\/\/www.freiburg-schwarzwald.de\/littenweiler\/umwelt.htm\">Umweltschutz\/Naturschutz -Gruppen und -Vereine<\/a> &gt;Umwelt<\/li>\n<li><a href=\"https:\/\/www.freiburg-schwarzwald.de\/wald.htm\">Wald<\/a> &gt;Wald<\/li>\n<\/ul>\n<p>&nbsp;<\/p>\n<p><a name=\"Bergwacht Schwarzwald e.V.\"><\/a><strong>Bergwacht Schwarzwald e.V.\u00a0<\/strong><\/p>\n<p>Bergwacht Schwarzwald e.V.,\u00a0 Landesleitung , Basler Landstrasse 90, 79111 Freiburg i. Br.<br \/>\nTel 0761- 49 33 66, Fax: 0761- 47 29 00, Notruf : 0761- 49 33 33<br \/>\n<a href=\"https:\/\/www.bergwacht-schwarzwald.de\/\">www.bergwacht-schwarzwald.de<\/a><br \/>\n<a href=\"mailto:info@bergwacht.de\">info@bergwacht.de<\/a><br \/>\n<a href=\"https:\/\/www.bergwacht.de\/\">https:\/\/www.bergwacht.de<\/a>, <a href=\"https:\/\/www.bergwacht.org\/\">www.bergwacht.org<\/a><\/p>\n<p align=\"left\"><strong><span style=\"color: #008000;\">Spendenkonto: Volksbank Freiburg, Konto 515 651 18 ( BLZ 680 900 00)<\/span><\/strong><\/p>\n<p>Bergwacht Schwarzwald e.V. (BWS) &#8211; Ortsgruppe Freiburg<br \/>\n<a href=\"https:\/\/www.bergwacht.de\/bws\/og_freiburg\/\">https:\/\/www.bergwacht.de\/bws\/og_freiburg\/<\/a> c\/o Technischer Leiter Ren\u00e9 M. Kieselmann<br \/>\n<a href=\"mailto:rene.kieselmann@bergwacht.de\">rene.kieselmann@bergwacht.de<\/a><\/p>\n<p align=\"left\"><strong>Helikopter fliegt Verletzte von der Piste<\/strong><\/p>\n<p>Bergwacht Schwarzwald war am Wochenende 1.\/2.2.2014 25 Mal im Einsatz \u2013 teils in unwegsamem Gel\u00e4nde<br \/>\nDie Bergwacht Schwarzwald musste am vergangenen Wochenende mehrfach am Feldberg verungl\u00fcckten Wintersportlern zu Hilfe eilen. Auch der Rettungshelikopter war viermal im Einsatz. Insgesamt z\u00e4hlte die Bergwacht 25 Eins\u00e4tze mit zahlreichen Verletzten, wie es in einer Pressemitteilung hei\u00dft.<br \/>\nAm Samstag 1.2.2014 verletzte sich ein 25-J\u00e4hriger auf der Weltcup-Piste im sogenannten Kanonenrohr, einem Steilst\u00fcck der Piste, schwer. Die Bergretter der Ortsgruppe Todtnau \u00fcbernahmen die Erstversorgung und alarmierten zudem einen Rettungshubschrauber. Der Hubschrauber &#8222;Rega 2&#8220; aus Basel konnte nur unterhalb des Verletzten auf einem flachen St\u00fcck der Piste landen. Der Notarzt und der Schweizer Rettungsassistent stiegen mit Steigeisen die Piste zum Verletzten hinauf. Nach der not\u00e4rztlichen Versorgung wurde der Patient zum Hubschrauber gebracht und nach Freiburg geflogen.<\/p>\n<p align=\"left\">Direkt danach flog der schweizerische Rettungshubschrauber erneut auf den Feldberg. Eine Skifahrerin hatte sich bei einem Sturz schwer verletzt. Da der Hubschrauber auch an dieser Unfallstelle nicht direkt landen konnte, wurden der Notarzt und der Assistent zun\u00e4chst mit dem Motorschlitten der Bergwacht an die Unfallstelle im Steilhang der Klusenwaldabfahrt herangebracht \u2013 sie stiegen das letzte St\u00fcck zu Fu\u00df ab. Nach der medizinischen Versorgung wurde die Patientin von der Bergwacht ebenfalls zum Helikopter gebracht. Dieser landete auf einer hierf\u00fcr gesperrten Piste und flog die Frau in die Universit\u00e4tsklinik nach Freiburg.\u00a0&#8222;Beide Patienten hatten sich in steilen Pistenabschnitten verletzt, an denen der Hubschrauber nicht landen konnte. Der Notarzt und der Rettungsassistent konnten die Verletzten nur mit Steigeisen erreichen&#8220;, sagt der Pressesprecher der Bergwacht Schwarzwald David Vaulont.<\/p>\n<p align=\"left\"><a href=\"https:\/\/www.freiburg-schwarzwald.de\/blog\/vereine\/hilfe\/bergwacht\/bergwacht-fahrerloch140202\/\" rel=\"attachment wp-att-44918\"><img loading=\"lazy\" decoding=\"async\" class=\"alignnone size-thumbnail wp-image-44918\" alt=\"bergwacht-fahrerloch140202\" src=\"https:\/\/www.freiburg-schwarzwald.de\/blog\/wp-content\/uploads\/2013\/09\/bergwacht-fahrerloch140202-180x111.jpg\" width=\"180\" height=\"111\" srcset=\"https:\/\/www.freiburg-schwarzwald.de\/blog\/wp-content\/uploads\/2013\/09\/bergwacht-fahrerloch140202-180x111.jpg 180w, https:\/\/www.freiburg-schwarzwald.de\/blog\/wp-content\/uploads\/2013\/09\/bergwacht-fahrerloch140202.jpg 590w\" sizes=\"auto, (max-width: 180px) 100vw, 180px\" \/><\/a><\/p>\n<p align=\"left\">Auf der Piste des Fahler Lochs musste der Helikopter landen, nachdem sich eine Frau schwerer verletzt hatte.\u00a0Foto:\u00a0Bergwacht\u00a0Schwarzwald<\/p>\n<p align=\"left\">Am Sonntag 2.2.2014 st\u00fcrzte eine junge Frau auf der Nordseite des Feldbergs im Bereich des Immisbergs. Sie war mit einer Gruppe Skitoureng\u00e4nger unterwegs und zog sich bei ihrem Sturz Verletzungen am rechten Knie zu. \u00dcber die Nummer 112 ging der Notruf bei der Freiburger Rettungsleitstelle ein, die daraufhin die Bergwacht alarmierte. Ein Bergretter der Ortsgruppe Freiburg fuhr mit Tourenski die Nordseite des Feldbergs hinab und \u00fcbernahm vor Ort die Erstversorgung der Patientin. Da diese unter sehr starken Schmerzen litt, wurde zudem ein Rettungshubschrauber mit Notarzt angefordert. Wie am Vortag kam auch diesmal der Schweizer Hubschrauber &#8222;Rega 2&#8220; zum Einsatz. W\u00e4hrenddessen fuhr ein zweiter Bergretter mit einem Rettungs-Quad den Unfallort an. Da der Hubschrauber an der schwer zug\u00e4nglichen Unfallstelle nicht landen konnte, wurde der Notarzt etwas entfernt abgesetzt, von wo aus er mit Schneeschuhen die restliche Wegstrecke zur\u00fccklegte. Nach der medizinischen Versorgung der Verletzten verhinderte aufziehender Nebel den Start des Helikopters. Die Patientin wurde daraufhin mit einem Quad Richtung Zastler gebracht. Der Hubschrauberpilot konnte schlie\u00dflich eine Wolkenl\u00fccke nutzen und starten. Die Patientin wurde im Bereich der Talsohle (H\u00fcttenwasen) aufgenommen und in die Klinik nach Freiburg gebracht.<br \/>\n4.2.2014, Bergwacht Freiburg<\/p>\n<p><strong>Medizinstudentin Carolin Sch\u00fctz: Erst leben retten, dann nacharbeiten<\/strong><\/p>\n<p>F\u00fcr die meisten Menschen ist der Feldberg eng verkn\u00fcpft mit Sport und Spa\u00df, Sonne und Freizeit. F\u00fcr Menschen wie die Freiburger Medizinstudentin Carolin Sch\u00fctz ist der Berg dagegen mit Arbeit verbunden, ehrenamtlicher noch dazu. Die Schwarzw\u00e4lderin r\u00fcckt mit der Bergwacht aus, wenn Menschen am Berg stolpern, fallen und zusammenbrechen. Sebastian Wolfrum stapfte mit ihr durch den Nieselregen.<br \/>\nEs ist ein Idyll mit T\u00fccken. Der Pfad schl\u00e4ngelt sich vom Feldsee den Feldberg hinauf, die Fichten und Buchen sind satt und gr\u00fcn, der Nieselregen neigt die Bl\u00e4tter des Farnkrauts am Wegesrand und k\u00fchlt die Herbstluft. Die Stra\u00dfen und St\u00e4dte sind fern, nur selten kommen Menschen vorbei. Aber Carolin Sch\u00fctz kennt die andere Seite der malerischen Schwarzwaldkulisse. &#8222;Erst vor Kurzem haben wir hier eine Dame retten m\u00fcssen&#8220;, sagt die Frau von der Bergwacht. Es sind die glitschigen Wurzeln, die spitzen Steine, die Anstiege, die die Menschen rutschen, fallen oder zusammenbrechen lassen.<br \/>\nWenn Carolin Sch\u00fctz mit der Bergwacht ausr\u00fcckt, um Menschen aus den steilen H\u00e4ngen zu holen, geht es um mehr als nur um die medizinische Versorgung. Die Rettung im Gel\u00e4nde ist technisch anspruchsvoll. &#8222;Das ist, was ich will&#8220;, sagt Sch\u00fctz. Seit sieben Jahren ist sie bei der Bergwacht. Die Frau, die lange in St. Peter gelebt hat, ist ein Drau\u00dfen-Typ, in ihrer Freizeit unterwegs mit dem Fahrrad, beim Skitourengehen oder Wandern. Und sie wird \u00c4rztin, studiert Medizin in Freiburg. &#8222;Die Arbeit bei der Bergwacht verbindet meine Interessen.&#8220; Doch etwas ver\u00e4ndert sich. Als Sch\u00fclerin und zu Beginn ihres Studiums war die viele Freizeit, die sie in den kleinen Rettungswachen im Schwarzwald verbracht hat, kein Problem. &#8222;Es ist mein Ding&#8220;, wie sie sagt. Das Drau\u00dfensein, die Verantwortung, die sie schon in jungen Jahren \u00fcbernimmt, die Natur, der Kick, lassen den Spa\u00df an der Arbeit \u00fcberwiegen. Aber jetzt ist sie im praktischen Jahr, gegen Ende des Studiums werden angehende \u00c4rzte voll in den Klinikbetrieb eingespannt. &#8222;So 40 bis 50 Stunden die Woche mach ich da schon. Und das sp\u00fcre ich&#8220;, sagt sie. Jetzt versteht sie ihre berufst\u00e4tigen Kollegen immer besser, die \u00fcber die Doppelbelastung von Job und Ehrenamt klagen. Vor allem Bergwachtler, die in der N\u00e4he ihrer Wache arbeiten, sind quasi immer in Bereitschaft. Die st\u00e4ndige Alarmbereitschaft schlaucht. Und sie kann Geld kosten. Wer seinen Schreibtisch verl\u00e4sst, um Menschen aus den W\u00e4ldern zu retten, muss seine Zeit im B\u00fcro nacharbeiten. Oder bekommt sie nicht bezahlt. Die Bergwacht Wutach beispielsweise hat deswegen schon einen Kollegen verloren. Die Dauerbelastung und der Verdienstausfall haben den Familienvater dazu gebracht, keine verungl\u00fcckten Touristen mehr aus der Wutachschlucht zu retten.<\/p>\n<p>&#8222;Ich bin jetzt seit sieben Jahren dabei. Ich habe das Gef\u00fchl, dass wir immer \u00f6fter ausr\u00fccken&#8220;, sagt sie. Tats\u00e4chlich haben sich die Eins\u00e4tze in den vergangenen 20 Jahren etwa verdoppelt. 1229-mal ist die Bergwacht Schwarzwald im Jahr 2012 ausger\u00fcckt. 1992 waren es 646 Eins\u00e4tze. Hinter den vielen Alarmen steckt auch eine Erfolgsgeschichte, die des Tourismus. Denn die Menschen sind nicht unvorsichtiger, es sind einfach mehr geworden. Der Wander- und Skitourismus im Schwarzwald boomt. F\u00fcr die Sicherheit auf Feldberg, Kandel oder Belchen sorgt die Bergwacht. Dieser Zusammenhang hat die Bergwacht Schwarzwald jetzt auf die Idee gebracht, dass Tourismusverb\u00e4nde sich an den Kosten der Bergretter beteiligen k\u00f6nnten. Auf den Vorsto\u00df gibt es bereits erste positive R\u00fcckmeldungen, in trockenen T\u00fcchern ist noch nichts. Anders als die Feuerwehren, die direkt \u00fcber die Kommunen finanziert werden, l\u00e4uft das bei der Bergwacht \u00fcber das Land, die Krankenkassen und vor allem F\u00f6rderer. Abgerechnet wird pro Einsatz, wie viel Geld pro Jahr flie\u00dft, l\u00e4sst sich im Vorfeld so nicht planen. Meist ist es zu wenig. Ohne gesetzliche Regelung wird hier wohl wenig passieren, bef\u00fcrchtet die Bergwacht.<\/p>\n<p>Bei allem ehrenamtlichen Engagement, Geld ist ein Thema. Und das eben nicht nur auf Verbandsebene, sondern auch bei den Rettern vor Ort. &#8222;Nicht dass uns jemand falsch versteht: Wir sind alle mit Einsatz und Spa\u00df dabei&#8220;, sagt Carolin Sch\u00fctz. &#8222;Aber manchmal gibt es Situationen, in denen ich mich einfach auf meine Aufgabe konzentrieren will und nicht ans Geld denken.&#8220; Etwa wenn sie notfallmedizinische Fortbildungen f\u00fcr den Nachwuchs gibt und im Hinterkopf die Kosten f\u00fcr Verb\u00e4nde und Pflaster \u00fcberschl\u00e4gt.<br \/>\nDer Nieselregen l\u00e4uft von der Hightech-Regenjacke der Studentin ab. 220 Euro hat sie daf\u00fcr bezahlt, aus ihrer eigenen Tasche. Die Bergwacht bezuschusst die Ausr\u00fcstung ihrer Mitglieder. Aber wenn Carolin Sch\u00fctz nachrechnet, hat sie etwa 1000 Euro f\u00fcr ihr Equipment hingelegt. &#8222;Wenn ich dann \u00fcberlege, wie viel Zeit ich hier ehrenamtlich verbringe, kann ich jeden Kollegen verstehen, dem es nicht passt, wenn er in seiner Freizeit auf Hocks noch W\u00fcrstchen verkaufen soll, damit die Ortsgruppe gen\u00fcgend Geld in der Kasse hat.&#8220;<br \/>\n18.9.2013, Sebastian Wolfrum<\/p>\n<p>&nbsp;<\/p>\n<p>&nbsp;<\/p>\n<p>&nbsp;<\/p>\n","protected":false},"excerpt":{"rendered":"<p>Home &gt;Vereine &gt;Hilfe &gt;Hochschwarzwald &gt;Berge &gt;Bergwacht Helikopter fliegt Verletzte von der Piste (4.2.2014) Medizinstudentin Carolin Sch\u00fctz: Erst leben retten, dann nacharbeiten (18.9.2013 Aktuelle Infos zur Bergwacht-Seite &gt;Bergwacht1 www.freiburg-schwarzwald.de\/vergwacht.htm &gt;Archivseite Bergwacht Bergwacht Sch\u00f6nau: Die Lebensretter im Belchengebiet (15.4.2006) Rettungsaktion im Zastler &hellip; <a href=\"https:\/\/www.freiburg-schwarzwald.de\/blog\/vereine\/hilfe\/bergwacht\/\">Weiterlesen <span class=\"meta-nav\">&rarr;<\/span><\/a><\/p>\n","protected":false},"author":4,"featured_media":0,"parent":1102,"menu_order":0,"comment_status":"open","ping_status":"closed","template":"","meta":{"footnotes":""},"class_list":["post-38009","page","type-page","status-publish","hentry"],"_links":{"self":[{"href":"https:\/\/www.freiburg-schwarzwald.de\/blog\/wp-json\/wp\/v2\/pages\/38009","targetHints":{"allow":["GET"]}}],"collection":[{"href":"https:\/\/www.freiburg-schwarzwald.de\/blog\/wp-json\/wp\/v2\/pages"}],"about":[{"href":"https:\/\/www.freiburg-schwarzwald.de\/blog\/wp-json\/wp\/v2\/types\/page"}],"author":[{"embeddable":true,"href":"https:\/\/www.freiburg-schwarzwald.de\/blog\/wp-json\/wp\/v2\/users\/4"}],"replies":[{"embeddable":true,"href":"https:\/\/www.freiburg-schwarzwald.de\/blog\/wp-json\/wp\/v2\/comments?post=38009"}],"version-history":[{"count":0,"href":"https:\/\/www.freiburg-schwarzwald.de\/blog\/wp-json\/wp\/v2\/pages\/38009\/revisions"}],"up":[{"embeddable":true,"href":"https:\/\/www.freiburg-schwarzwald.de\/blog\/wp-json\/wp\/v2\/pages\/1102"}],"wp:attachment":[{"href":"https:\/\/www.freiburg-schwarzwald.de\/blog\/wp-json\/wp\/v2\/media?parent=38009"}],"curies":[{"name":"wp","href":"https:\/\/api.w.org\/{rel}","templated":true}]}}