{"id":37088,"date":"2013-08-28T15:20:17","date_gmt":"2013-08-28T13:20:17","guid":{"rendered":"https:\/\/www.freiburg-schwarzwald.de\/blog\/?page_id=37088"},"modified":"2022-08-29T08:57:08","modified_gmt":"2022-08-29T06:57:08","slug":"kunstmarkt-altstadt","status":"publish","type":"page","link":"https:\/\/www.freiburg-schwarzwald.de\/blog\/kultur\/kunst\/kunstmarkt-altstadt\/","title":{"rendered":"Kunstmarkt-Altstadt"},"content":{"rendered":"<p><a href=\"https:\/\/www.freiburg-schwarzwald.de\/blog\/\">Home<\/a> &gt;<a title=\"Kunst\" href=\"https:\/\/www.freiburg-schwarzwald.de\/blog\/kultur\/kunst\/\">Kunst<\/a> &gt;Freiburg &gt;Kunstmarkt-Altstadt<\/p>\n<div id=\"attachment_37249\" style=\"width: 648px\" class=\"wp-caption alignnone\"><a href=\"https:\/\/www.freiburg-schwarzwald.de\/blog\/kultur\/kunst\/kunstmarkt-altstadt\/oberlinden-pan130830\/\" rel=\"attachment wp-att-37249\"><img loading=\"lazy\" decoding=\"async\" aria-describedby=\"caption-attachment-37249\" class=\" wp-image-37249 \" title=\"oberlinden-pan130830\" src=\"https:\/\/www.freiburg-schwarzwald.de\/blog\/wp-content\/uploads\/2013\/08\/oberlinden-pan130830.jpg\" alt=\"\" width=\"638\" height=\"329\" srcset=\"https:\/\/www.freiburg-schwarzwald.de\/blog\/wp-content\/uploads\/2013\/08\/oberlinden-pan130830.jpg 638w, https:\/\/www.freiburg-schwarzwald.de\/blog\/wp-content\/uploads\/2013\/08\/oberlinden-pan130830-180x92.jpg 180w\" sizes=\"auto, (max-width: 638px) 100vw, 638px\" \/><\/a><p id=\"caption-attachment-37249\" class=\"wp-caption-text\">Blick nach Nordwesten vom Schwabentor zu Oberlinden, Herrenstrasse (rechts) und Salzstrasse (links) bis hoch zum Freiburger M\u00fcnster am 30.8.2013 (F\u00fc\u00dfe baden im B\u00e4chle rechts)<\/p><\/div>\n<ul>\n<li><a href=\"https:\/\/www.freiburg-schwarzwald.de\/blog\/kunsthandwerkermarkt-1-3-9-22\/\">Kunsthandwerkermarkt 1.9.-3.0.2022 Freiburg Altstadt<\/a>\u00a0(29.8.2022)<\/li>\n<li>Kunstmarkt in der Freiburger Oberstadt 29.8. bis 31.8.2013<\/li>\n<li><strong><a href=\"https:\/\/www.freiburg-schwarzwald.de\/littenweiler\/Kunstmarkt-Altstadt.htm\">https:\/\/www.freiburg-schwarzwald.de\/littenweiler\/Kunstmarkt-Altstadt.htm<\/a> &gt;Archivseite Kunstmarkt<\/strong><\/li>\n<li><a href=\"https:\/\/www.freiburg-schwarzwald.de\/littenweiler\/kunstmarkt-altstadt.htm#Kunstmarkt 1.-3.September 2011 in der Oberen Altstadt Freiburg\">Kunstmarkt in der Freiburger Oberstadt 1.-3.9.2011<\/a> &gt;Kunstmarkt-Altstadt (3.9.2011)<\/li>\n<li><a href=\"https:\/\/www.freiburg-schwarzwald.de\/littenweiler\/kunstmarkt-altstadt.htm#Kunstwoche in Freiburgs Oberer Altstadt 2. bis 4.9.2010\">Kunstmarkt in Freiburgs Oberer Altstadt 2. bis 4.9.2010<\/a> (1.2.2010)<\/li>\n<li><a href=\"https:\/\/www.freiburg-schwarzwald.de\/littenweiler\/kunstmarkt-altstadt.htm#29. Strassenausstellung 3. bis 5.9.2009\">29. Strassenausstellung 3. bis 5.9.2009 &gt;Kunstmarkt-Altstadt<\/a>\u00a0(2.9.2009)<\/li>\n<li><a href=\"https:\/\/www.freiburg-schwarzwald.de\/littenweiler\/kunstmarkt-altstadt.htm#28. Kunstmarkt Obere Altstadt vom 4. bis 6. September 2008\">28. Kunstmarkt Obere Altstadt vom 4. bis 6. September 2008<\/a> &gt;Kunstmarkt-Altstadt (4.9.2008)<\/li>\n<li><a href=\"https:\/\/www.freiburg-schwarzwald.de\/littenweiler\/kunstmarkt-altstadt.htm#Auch am dritten Tag des Kunstmarktes: Wetter und Stimmung gut\">Auch am dritten Tag des Kunstmarktes: Wetter und Stimmung gut<\/a> (1.9.2007)<\/li>\n<li><a href=\"https:\/\/www.freiburg-schwarzwald.de\/littenweiler\/kunstmarkt-altstadt.htm#Rundgang zur Er\u00f6ffnung am Donnerstag um 11 Uhr\">Rundgang zur Er\u00f6ffnung am Donnerstag um 11 Uhr<\/a> (30.8.2007)<\/li>\n<li><a href=\"https:\/\/www.freiburg-schwarzwald.de\/littenweiler\/kunstmarkt-altstadt.htm#Kunst in der Oberen Altstadt 30.8. - 1.9.2007\">Kunst in der Oberen Altstadt 30.8. &#8211; 1.9.2007<\/a> (16.8.2007)<\/li>\n<li><a href=\"https:\/\/www.freiburg-schwarzwald.de\/littenweiler\/kunstmarkt-altstadt.htm#Kunstmarkt Altstadt Freiburg August\/September 2006\">Kunstmarkt Altstadt Freiburg August\/September 2006<\/a> (3.9.2006)<\/li>\n<li><a href=\"https:\/\/www.freiburg-schwarzwald.de\/littenweiler\/kunstmarkt-altstadt.htm#Kunstmarkt Altstadt Freiburg im September 2004\">Kunstmarkt Altstadt Freiburg im September 2004<\/a> (6.9.2004)<\/li>\n<li><\/li>\n<li>Kunst in der Oberen Altstadt von Freiburg &#8211; Organisation<\/li>\n<li><a href=\"https:\/\/www.freiburg-schwarzwald.de\/littenweiler\/oberstadt.htm\">Oberstadt &#8211; Schwabentor &#8211; Oberlinden<\/a> &gt;Oberstadt<\/li>\n<li><a href=\"https:\/\/www.freiburg-schwarzwald.de\/littenweiler\/kunstmarkt-altstadt.htm#Marktorganisation\">Marktorganisation<\/a><\/li>\n<li><a title=\"Markt\" href=\"https:\/\/www.freiburg-schwarzwald.de\/blog\/business\/markt\/\">Markt<\/a><\/li>\n<\/ul>\n<p>&nbsp;<\/p>\n<p><strong>Kunst in der Oberen Altstadt von Freiburg &#8211; Organisation<\/strong><\/p>\n<p>Organisation des Kunstmarks:<br \/>\nChrista D\u00f6rr,\u00a0Runzstrasse 75, 79102 Freiburg, Tel 0761\/23518<br \/>\n<a href=\"mailto:christadoerr@gmx.de\">christadoerr@gmx.de<\/a><\/p>\n<p>&nbsp;<\/p>\n<p><strong>Kunstmarkt in der Freiburger Oberstadt 29.8. bis 31.8.2013<\/strong><\/p>\n<p>Zwischen Donnerstag, 29.8. und Samstag 31.8.2013 zwischen 10 und 18 Uhr finden die Kunsttage statt: Oberlinden, Herrenstrasse, Salzstrasse, Schusterstrasse, Konviktstrasse sowie Augustinerplatz und Adelhauser Klosterplatz. An der rund 150 St\u00e4nden werden nur solche Kunstobjekte angeboten, die die K\u00fcnstler auch selbst gefertigt haben.<\/p>\n<h5>\u00a0<a href=\"https:\/\/www.freiburg-schwarzwald.de\/blog\/kultur\/kunst\/kunstmarkt-altstadt\/kunst1artofeden130830\/\" rel=\"attachment wp-att-37235\"><img loading=\"lazy\" decoding=\"async\" class=\"alignnone size-thumbnail wp-image-37235\" title=\"kunst1artofeden130830\" src=\"https:\/\/www.freiburg-schwarzwald.de\/blog\/wp-content\/uploads\/2013\/08\/kunst1artofeden130830-135x180.jpg\" alt=\"\" width=\"135\" height=\"180\" srcset=\"https:\/\/www.freiburg-schwarzwald.de\/blog\/wp-content\/uploads\/2013\/08\/kunst1artofeden130830-135x180.jpg 135w, https:\/\/www.freiburg-schwarzwald.de\/blog\/wp-content\/uploads\/2013\/08\/kunst1artofeden130830.jpg 480w\" sizes=\"auto, (max-width: 135px) 100vw, 135px\" \/><\/a>\u00a0\u00a0\u00a0\u00a0\u00a0\u00a0\u00a0\u00a0\u00a0\u00a0\u00a0\u00a0\u00a0\u00a0\u00a0\u00a0\u00a0\u00a0\u00a0\u00a0\u00a0\u00a0\u00a0\u00a0\u00a0 <a href=\"https:\/\/www.freiburg-schwarzwald.de\/blog\/kultur\/kunst\/kunstmarkt-altstadt\/kunst2can130830\/\" rel=\"attachment wp-att-37236\"><img loading=\"lazy\" decoding=\"async\" class=\"alignnone size-thumbnail wp-image-37236\" title=\"kunst2can130830\" src=\"https:\/\/www.freiburg-schwarzwald.de\/blog\/wp-content\/uploads\/2013\/08\/kunst2can130830-180x135.jpg\" alt=\"\" width=\"180\" height=\"135\" srcset=\"https:\/\/www.freiburg-schwarzwald.de\/blog\/wp-content\/uploads\/2013\/08\/kunst2can130830-180x135.jpg 180w, https:\/\/www.freiburg-schwarzwald.de\/blog\/wp-content\/uploads\/2013\/08\/kunst2can130830-640x480.jpg 640w, https:\/\/www.freiburg-schwarzwald.de\/blog\/wp-content\/uploads\/2013\/08\/kunst2can130830.jpg 1000w\" sizes=\"auto, (max-width: 180px) 100vw, 180px\" \/><\/a>\u00a0\u00a0\u00a0\u00a0\u00a0\u00a0\u00a0\u00a0\u00a0\u00a0\u00a0\u00a0\u00a0\u00a0 <a href=\"https:\/\/www.freiburg-schwarzwald.de\/blog\/kultur\/kunst\/kunstmarkt-altstadt\/kunst3steine130830\/\" rel=\"attachment wp-att-37237\"><img loading=\"lazy\" decoding=\"async\" class=\"alignnone size-thumbnail wp-image-37237\" title=\"kunst3steine130830\" src=\"https:\/\/www.freiburg-schwarzwald.de\/blog\/wp-content\/uploads\/2013\/08\/kunst3steine130830-180x135.jpg\" alt=\"\" width=\"180\" height=\"135\" srcset=\"https:\/\/www.freiburg-schwarzwald.de\/blog\/wp-content\/uploads\/2013\/08\/kunst3steine130830-180x135.jpg 180w, https:\/\/www.freiburg-schwarzwald.de\/blog\/wp-content\/uploads\/2013\/08\/kunst3steine130830.jpg 640w\" sizes=\"auto, (max-width: 180px) 100vw, 180px\" \/><\/a><br \/>\n(1) Holzbildhauer 30.8.2013\u00a0\u00a0\u00a0\u00a0\u00a0\u00a0\u00a0\u00a0\u00a0\u00a0\u00a0\u00a0\u00a0\u00a0\u00a0\u00a0\u00a0\u00a0\u00a0\u00a0\u00a0 (2) Porzellan von Can\u00a0\u00a0\u00a0\u00a0\u00a0\u00a0\u00a0\u00a0\u00a0\u00a0\u00a0\u00a0\u00a0\u00a0\u00a0\u00a0\u00a0\u00a0\u00a0\u00a0\u00a0\u00a0\u00a0\u00a0\u00a0\u00a0\u00a0\u00a0\u00a0\u00a0\u00a0\u00a0\u00a0\u00a0 (3) Steine als Kn\u00f6pfe<\/h5>\n<h5><a href=\"https:\/\/www.freiburg-schwarzwald.de\/blog\/kultur\/kunst\/kunstmarkt-altstadt\/kunst4holzkeile130830\/\" rel=\"attachment wp-att-37238\"><img loading=\"lazy\" decoding=\"async\" class=\"alignnone size-thumbnail wp-image-37238\" title=\"kunst4holzkeile130830\" src=\"https:\/\/www.freiburg-schwarzwald.de\/blog\/wp-content\/uploads\/2013\/08\/kunst4holzkeile130830-180x140.jpg\" alt=\"\" width=\"180\" height=\"140\" srcset=\"https:\/\/www.freiburg-schwarzwald.de\/blog\/wp-content\/uploads\/2013\/08\/kunst4holzkeile130830-180x140.jpg 180w, https:\/\/www.freiburg-schwarzwald.de\/blog\/wp-content\/uploads\/2013\/08\/kunst4holzkeile130830.jpg 640w\" sizes=\"auto, (max-width: 180px) 100vw, 180px\" \/><\/a>\u00a0\u00a0\u00a0\u00a0\u00a0\u00a0\u00a0\u00a0\u00a0\u00a0\u00a0\u00a0\u00a0 <a href=\"https:\/\/www.freiburg-schwarzwald.de\/blog\/kultur\/kunst\/kunstmarkt-altstadt\/kunst5rose130830\/\" rel=\"attachment wp-att-37239\"><img loading=\"lazy\" decoding=\"async\" class=\"alignnone size-thumbnail wp-image-37239\" title=\"kunst5rose130830\" src=\"https:\/\/www.freiburg-schwarzwald.de\/blog\/wp-content\/uploads\/2013\/08\/kunst5rose130830-148x180.jpg\" alt=\"\" width=\"148\" height=\"180\" srcset=\"https:\/\/www.freiburg-schwarzwald.de\/blog\/wp-content\/uploads\/2013\/08\/kunst5rose130830-148x180.jpg 148w, https:\/\/www.freiburg-schwarzwald.de\/blog\/wp-content\/uploads\/2013\/08\/kunst5rose130830.jpg 523w\" sizes=\"auto, (max-width: 148px) 100vw, 148px\" \/><\/a>\u00a0\u00a0\u00a0\u00a0\u00a0\u00a0\u00a0\u00a0\u00a0\u00a0\u00a0\u00a0\u00a0\u00a0\u00a0\u00a0\u00a0\u00a0\u00a0\u00a0\u00a0\u00a0\u00a0\u00a0\u00a0 <a href=\"https:\/\/www.freiburg-schwarzwald.de\/blog\/kultur\/kunst\/kunstmarkt-altstadt\/kunst6rosen130830\/\" rel=\"attachment wp-att-37240\"><img loading=\"lazy\" decoding=\"async\" class=\"alignnone size-thumbnail wp-image-37240\" title=\"kunst6rosen130830\" src=\"https:\/\/www.freiburg-schwarzwald.de\/blog\/wp-content\/uploads\/2013\/08\/kunst6rosen130830-180x135.jpg\" alt=\"\" width=\"180\" height=\"135\" srcset=\"https:\/\/www.freiburg-schwarzwald.de\/blog\/wp-content\/uploads\/2013\/08\/kunst6rosen130830-180x135.jpg 180w, https:\/\/www.freiburg-schwarzwald.de\/blog\/wp-content\/uploads\/2013\/08\/kunst6rosen130830.jpg 637w\" sizes=\"auto, (max-width: 180px) 100vw, 180px\" \/><\/a><br \/>\n(4) Holzkeile\u00a0\u00a0\u00a0\u00a0\u00a0\u00a0\u00a0\u00a0\u00a0\u00a0\u00a0\u00a0\u00a0\u00a0\u00a0\u00a0\u00a0\u00a0\u00a0\u00a0\u00a0\u00a0\u00a0\u00a0\u00a0\u00a0\u00a0\u00a0\u00a0\u00a0\u00a0\u00a0\u00a0\u00a0\u00a0\u00a0\u00a0\u00a0\u00a0\u00a0\u00a0\u00a0\u00a0\u00a0\u00a0\u00a0\u00a0\u00a0\u00a0\u00a0\u00a0(5) Rose im Schl\u00fcsselkasten\u00a0\u00a0\u00a0\u00a0\u00a0\u00a0\u00a0\u00a0\u00a0\u00a0\u00a0\u00a0\u00a0\u00a0\u00a0\u00a0\u00a0\u00a0\u00a0\u00a0\u00a0 (6) Kunst an der Hauswand<\/h5>\n<h5><a href=\"https:\/\/www.freiburg-schwarzwald.de\/blog\/kultur\/kunst\/kunstmarkt-altstadt\/kunst7hassler130830\/\" rel=\"attachment wp-att-37241\"><img loading=\"lazy\" decoding=\"async\" class=\"alignnone size-thumbnail wp-image-37241\" title=\"kunst7hassler130830\" src=\"https:\/\/www.freiburg-schwarzwald.de\/blog\/wp-content\/uploads\/2013\/08\/kunst7hassler130830-135x180.jpg\" alt=\"\" width=\"135\" height=\"180\" srcset=\"https:\/\/www.freiburg-schwarzwald.de\/blog\/wp-content\/uploads\/2013\/08\/kunst7hassler130830-135x180.jpg 135w, https:\/\/www.freiburg-schwarzwald.de\/blog\/wp-content\/uploads\/2013\/08\/kunst7hassler130830.jpg 480w\" sizes=\"auto, (max-width: 135px) 100vw, 135px\" \/><\/a>\u00a0\u00a0\u00a0\u00a0\u00a0\u00a0\u00a0\u00a0\u00a0\u00a0\u00a0\u00a0\u00a0\u00a0\u00a0\u00a0\u00a0\u00a0\u00a0\u00a0\u00a0\u00a0\u00a0\u00a0\u00a0\u00a0\u00a0\u00a0\u00a0\u00a0 <a href=\"https:\/\/www.freiburg-schwarzwald.de\/blog\/kultur\/kunst\/kunstmarkt-altstadt\/kunst8finner-gartenlichter130830\/\" rel=\"attachment wp-att-37242\"><img loading=\"lazy\" decoding=\"async\" class=\"alignnone size-thumbnail wp-image-37242\" title=\"kunst8finner-gartenlichter130830\" src=\"https:\/\/www.freiburg-schwarzwald.de\/blog\/wp-content\/uploads\/2013\/08\/kunst8finner-gartenlichter130830-180x135.jpg\" alt=\"\" width=\"180\" height=\"135\" srcset=\"https:\/\/www.freiburg-schwarzwald.de\/blog\/wp-content\/uploads\/2013\/08\/kunst8finner-gartenlichter130830-180x135.jpg 180w, https:\/\/www.freiburg-schwarzwald.de\/blog\/wp-content\/uploads\/2013\/08\/kunst8finner-gartenlichter130830.jpg 640w\" sizes=\"auto, (max-width: 180px) 100vw, 180px\" \/><\/a>\u00a0\u00a0\u00a0\u00a0\u00a0\u00a0\u00a0\u00a0\u00a0\u00a0\u00a0\u00a0\u00a0\u00a0 <a href=\"https:\/\/www.freiburg-schwarzwald.de\/blog\/kultur\/kunst\/kunstmarkt-altstadt\/kunst9taschen-weberei130830\/\" rel=\"attachment wp-att-37243\"><img loading=\"lazy\" decoding=\"async\" class=\"alignnone size-thumbnail wp-image-37243\" title=\"kunst9taschen-weberei130830\" src=\"https:\/\/www.freiburg-schwarzwald.de\/blog\/wp-content\/uploads\/2013\/08\/kunst9taschen-weberei130830-180x135.jpg\" alt=\"\" width=\"180\" height=\"135\" srcset=\"https:\/\/www.freiburg-schwarzwald.de\/blog\/wp-content\/uploads\/2013\/08\/kunst9taschen-weberei130830-180x135.jpg 180w, https:\/\/www.freiburg-schwarzwald.de\/blog\/wp-content\/uploads\/2013\/08\/kunst9taschen-weberei130830.jpg 640w\" sizes=\"auto, (max-width: 180px) 100vw, 180px\" \/><\/a><br \/>\n(7) Roland Ha\u00dfler 30.8.2013\u00a0 \u00a0 \u00a0 \u00a0 \u00a0 \u00a0 \u00a0 \u00a0 \u00a0 (8) Gartenlichter von Margarete Finner\u00a0\u00a0\u00a0\u00a0\u00a0(9) Weberei von Briel: Taschen<\/h5>\n<h5><a href=\"https:\/\/www.freiburg-schwarzwald.de\/blog\/kultur\/kunst\/kunstmarkt-altstadt\/kunst10kaufhaus-innenhof130830\/\" rel=\"attachment wp-att-37244\"><img loading=\"lazy\" decoding=\"async\" class=\"alignnone size-thumbnail wp-image-37244\" title=\"kunst10kaufhaus-innenhof130830\" src=\"https:\/\/www.freiburg-schwarzwald.de\/blog\/wp-content\/uploads\/2013\/08\/kunst10kaufhaus-innenhof130830-131x180.jpg\" alt=\"\" width=\"131\" height=\"180\" srcset=\"https:\/\/www.freiburg-schwarzwald.de\/blog\/wp-content\/uploads\/2013\/08\/kunst10kaufhaus-innenhof130830-131x180.jpg 131w, https:\/\/www.freiburg-schwarzwald.de\/blog\/wp-content\/uploads\/2013\/08\/kunst10kaufhaus-innenhof130830-467x640.jpg 467w, https:\/\/www.freiburg-schwarzwald.de\/blog\/wp-content\/uploads\/2013\/08\/kunst10kaufhaus-innenhof130830.jpg 525w\" sizes=\"auto, (max-width: 131px) 100vw, 131px\" \/><\/a>\u00a0\u00a0\u00a0\u00a0\u00a0\u00a0\u00a0\u00a0\u00a0\u00a0\u00a0\u00a0\u00a0\u00a0\u00a0\u00a0\u00a0\u00a0\u00a0\u00a0\u00a0\u00a0\u00a0\u00a0\u00a0\u00a0\u00a0\u00a0\u00a0\u00a0\u00a0 <a href=\"https:\/\/www.freiburg-schwarzwald.de\/blog\/kultur\/kunst\/kunstmarkt-altstadt\/kunst20graf130830\/\" rel=\"attachment wp-att-37245\"><img loading=\"lazy\" decoding=\"async\" class=\"alignnone size-thumbnail wp-image-37245\" title=\"kunst20graf130830\" src=\"https:\/\/www.freiburg-schwarzwald.de\/blog\/wp-content\/uploads\/2013\/08\/kunst20graf130830-135x180.jpg\" alt=\"\" width=\"135\" height=\"180\" srcset=\"https:\/\/www.freiburg-schwarzwald.de\/blog\/wp-content\/uploads\/2013\/08\/kunst20graf130830-135x180.jpg 135w, https:\/\/www.freiburg-schwarzwald.de\/blog\/wp-content\/uploads\/2013\/08\/kunst20graf130830.jpg 480w\" sizes=\"auto, (max-width: 135px) 100vw, 135px\" \/><\/a>\u00a0\u00a0\u00a0\u00a0\u00a0\u00a0\u00a0\u00a0\u00a0\u00a0\u00a0\u00a0\u00a0\u00a0\u00a0\u00a0\u00a0\u00a0\u00a0\u00a0\u00a0\u00a0\u00a0\u00a0\u00a0\u00a0\u00a0\u00a0\u00a0\u00a0\u00a0 <a href=\"https:\/\/www.freiburg-schwarzwald.de\/blog\/kultur\/kunst\/kunstmarkt-altstadt\/kunst21seifen130830\/\" rel=\"attachment wp-att-37246\"><img loading=\"lazy\" decoding=\"async\" class=\"alignnone size-thumbnail wp-image-37246\" title=\"kunst21seifen130830\" src=\"https:\/\/www.freiburg-schwarzwald.de\/blog\/wp-content\/uploads\/2013\/08\/kunst21seifen130830-135x180.jpg\" alt=\"\" width=\"135\" height=\"180\" srcset=\"https:\/\/www.freiburg-schwarzwald.de\/blog\/wp-content\/uploads\/2013\/08\/kunst21seifen130830-135x180.jpg 135w, https:\/\/www.freiburg-schwarzwald.de\/blog\/wp-content\/uploads\/2013\/08\/kunst21seifen130830.jpg 480w\" sizes=\"auto, (max-width: 135px) 100vw, 135px\" \/><\/a><br \/>\n(10) Innenhof Historisches Kaufhaus\u00a0\u00a0\u00a0\u00a0\u00a0\u00a0\u00a0\u00a0(11) Filz-Haarschmuck\u00a0\u00a0\u00a0\u00a0\u00a0\u00a0\u00a0\u00a0\u00a0\u00a0\u00a0\u00a0\u00a0\u00a0\u00a0\u00a0\u00a0\u00a0\u00a0\u00a0\u00a0\u00a0\u00a0\u00a0\u00a0\u00a0\u00a0\u00a0\u00a0\u00a0\u00a0\u00a0\u00a0\u00a0\u00a0 (12) Seifen<\/h5>\n<h5><a href=\"https:\/\/www.freiburg-schwarzwald.de\/blog\/kultur\/kunst\/kunstmarkt-altstadt\/kunst23augustiner130830\/\" rel=\"attachment wp-att-37247\"><img loading=\"lazy\" decoding=\"async\" title=\"kunst23augustiner130830\" src=\"https:\/\/www.freiburg-schwarzwald.de\/blog\/wp-content\/uploads\/2013\/08\/kunst23augustiner130830-180x135.jpg\" alt=\"\" width=\"180\" height=\"135\" \/><\/a>\u00a0\u00a0\u00a0\u00a0\u00a0\u00a0\u00a0\u00a0\u00a0\u00a0\u00a0\u00a0\u00a0\u00a0 <a href=\"https:\/\/www.freiburg-schwarzwald.de\/blog\/kultur\/kunst\/kunstmarkt-altstadt\/kunst22augustiner-klavier130830\/\" rel=\"attachment wp-att-37248\"><img loading=\"lazy\" decoding=\"async\" class=\"alignnone size-thumbnail wp-image-37248\" title=\"kunst22augustiner-klavier130830\" src=\"https:\/\/www.freiburg-schwarzwald.de\/blog\/wp-content\/uploads\/2013\/08\/kunst22augustiner-klavier130830-135x180.jpg\" alt=\"\" width=\"135\" height=\"180\" srcset=\"https:\/\/www.freiburg-schwarzwald.de\/blog\/wp-content\/uploads\/2013\/08\/kunst22augustiner-klavier130830-135x180.jpg 135w, https:\/\/www.freiburg-schwarzwald.de\/blog\/wp-content\/uploads\/2013\/08\/kunst22augustiner-klavier130830.jpg 480w\" sizes=\"auto, (max-width: 135px) 100vw, 135px\" \/><\/a>\u00a0\u00a0\u00a0\u00a0\u00a0\u00a0\u00a0\u00a0\u00a0\u00a0\u00a0\u00a0\u00a0\u00a0\u00a0\u00a0\u00a0\u00a0\u00a0\u00a0\u00a0\u00a0\u00a0\u00a0\u00a0\u00a0\u00a0\u00a0\u00a0\u00a0\u00a0 <a href=\"https:\/\/www.freiburg-schwarzwald.de\/blog\/kultur\/kunst\/kunstmarkt-altstadt\/baechle-herrenstrasse130830\/\" rel=\"attachment wp-att-37253\"><img loading=\"lazy\" decoding=\"async\" class=\"alignnone size-thumbnail wp-image-37253\" title=\"baechle-herrenstrasse130830\" src=\"https:\/\/www.freiburg-schwarzwald.de\/blog\/wp-content\/uploads\/2013\/08\/baechle-herrenstrasse130830-146x180.jpg\" alt=\"\" width=\"146\" height=\"180\" srcset=\"https:\/\/www.freiburg-schwarzwald.de\/blog\/wp-content\/uploads\/2013\/08\/baechle-herrenstrasse130830-146x180.jpg 146w, https:\/\/www.freiburg-schwarzwald.de\/blog\/wp-content\/uploads\/2013\/08\/baechle-herrenstrasse130830.jpg 520w\" sizes=\"auto, (max-width: 146px) 100vw, 146px\" \/><\/a><br \/>\n(13) Augustinerplatz am 30.8.2013\u00a0 \u00a0 \u00a0 \u00a0(14) Gottfried Beck am Klavier\u00a0\u00a0\u00a0\u00a0\u00a0\u00a0 \u00a0\u00a0\u00a0\u00a0\u00a0\u00a0\u00a0\u00a0\u00a0\u00a0\u00a0\u00a0\u00a0\u00a0 (15) <a title=\"Baechle\" href=\"https:\/\/www.freiburg-schwarzwald.de\/blog\/regio\/freiburg\/baechle\/\">B\u00e4chle<\/a>-Fussbad 30.8.2013<\/h5>\n<h5><a href=\"https:\/\/www.freiburg-schwarzwald.de\/blog\/kultur\/kunst\/kunstmarkt-altstadt\/kunst8finner-hinterzarten130830\/\" rel=\"attachment wp-att-37256\"><img loading=\"lazy\" decoding=\"async\" class=\"alignnone size-thumbnail wp-image-37256\" title=\"kunst8finner-hinterzarten130830\" src=\"https:\/\/www.freiburg-schwarzwald.de\/blog\/wp-content\/uploads\/2013\/08\/kunst8finner-hinterzarten130830-138x180.jpg\" alt=\"\" width=\"138\" height=\"180\" srcset=\"https:\/\/www.freiburg-schwarzwald.de\/blog\/wp-content\/uploads\/2013\/08\/kunst8finner-hinterzarten130830-138x180.jpg 138w, https:\/\/www.freiburg-schwarzwald.de\/blog\/wp-content\/uploads\/2013\/08\/kunst8finner-hinterzarten130830.jpg 493w\" sizes=\"auto, (max-width: 138px) 100vw, 138px\" \/><\/a><br \/>\n(16) Kirche Hinterzarten<\/h5>\n<p>(1) Holzbildhauer Thomas Weiterschan aus H\u00f6chst im Odenwald, <a href=\"https:\/\/www.das-eulennest.de\">www.das-eulennest.de<\/a> , <a href=\"https:\/\/www.artofeden.de\">www.artofeden.de<\/a><br \/>\n(2) Porzellan von Frau Ca, aus Freiburg<br \/>\n(3) Steine von Petra Kirsten aus Efringen-Kirchen, <a href=\"https:\/\/www.stein-werk-statt.de\">www.stein-werk-statt.de<\/a><br \/>\n(4) &#8211; (7) Individuelle Holzarbeiten von Roland Ha\u00dfler, Erwinstrasse 42, FR-Wiehre, Tel 0761\/74808, 700668<br \/>\n(8), (16)\u00a0Gartenlichter von Margarete Finner, Erlenweg 13, 79822 Titisee, Tel 07651\/8288, <a href=\"https:\/\/www.margarete-finner.de\">www.margarete-finner.de<\/a><br \/>\n(9) Handweberei von Briel: Taschen, Decken, Schals. Siglinde von Briel, Hochemminge bei Bad D\u00fcrrheim<br \/>\n(11) Filz-Haarschmuck, Sabine Graf, Guntramstrasse 38, 79106 Freiburg Tel 0761\/2172835<br \/>\n(12) <a title=\"Seife\" href=\"https:\/\/www.freiburg-schwarzwald.de\/blog\/business\/handwerk\/seife\/\">Seifen<\/a> von Beate Geschke, Schwatzwaldstrasse 46, \u00a0<a href=\"https:\/\/www.beategeschke.de\">www.beategeschke.de<\/a><br \/>\n(14) Gottfried Beck am Klavier am Bettenhaus Stiegeler am <a title=\"Augustinerplatz\" href=\"https:\/\/www.freiburg-schwarzwald.de\/blog\/regio\/freiburg\/augustinerplatz\/\">Augustinerplatz <\/a><\/p>\n","protected":false},"excerpt":{"rendered":"<p>Home &gt;Kunst &gt;Freiburg &gt;Kunstmarkt-Altstadt Kunsthandwerkermarkt 1.9.-3.0.2022 Freiburg Altstadt\u00a0(29.8.2022) Kunstmarkt in der Freiburger Oberstadt 29.8. bis 31.8.2013 https:\/\/www.freiburg-schwarzwald.de\/littenweiler\/Kunstmarkt-Altstadt.htm &gt;Archivseite Kunstmarkt Kunstmarkt in der Freiburger Oberstadt 1.-3.9.2011 &gt;Kunstmarkt-Altstadt (3.9.2011) Kunstmarkt in Freiburgs Oberer Altstadt 2. bis 4.9.2010 (1.2.2010) 29. Strassenausstellung 3. bis &hellip; <a href=\"https:\/\/www.freiburg-schwarzwald.de\/blog\/kultur\/kunst\/kunstmarkt-altstadt\/\">Weiterlesen <span class=\"meta-nav\">&rarr;<\/span><\/a><\/p>\n","protected":false},"author":4,"featured_media":0,"parent":700,"menu_order":0,"comment_status":"open","ping_status":"closed","template":"","meta":{"footnotes":""},"class_list":["post-37088","page","type-page","status-publish","hentry"],"_links":{"self":[{"href":"https:\/\/www.freiburg-schwarzwald.de\/blog\/wp-json\/wp\/v2\/pages\/37088","targetHints":{"allow":["GET"]}}],"collection":[{"href":"https:\/\/www.freiburg-schwarzwald.de\/blog\/wp-json\/wp\/v2\/pages"}],"about":[{"href":"https:\/\/www.freiburg-schwarzwald.de\/blog\/wp-json\/wp\/v2\/types\/page"}],"author":[{"embeddable":true,"href":"https:\/\/www.freiburg-schwarzwald.de\/blog\/wp-json\/wp\/v2\/users\/4"}],"replies":[{"embeddable":true,"href":"https:\/\/www.freiburg-schwarzwald.de\/blog\/wp-json\/wp\/v2\/comments?post=37088"}],"version-history":[{"count":3,"href":"https:\/\/www.freiburg-schwarzwald.de\/blog\/wp-json\/wp\/v2\/pages\/37088\/revisions"}],"predecessor-version":[{"id":103930,"href":"https:\/\/www.freiburg-schwarzwald.de\/blog\/wp-json\/wp\/v2\/pages\/37088\/revisions\/103930"}],"up":[{"embeddable":true,"href":"https:\/\/www.freiburg-schwarzwald.de\/blog\/wp-json\/wp\/v2\/pages\/700"}],"wp:attachment":[{"href":"https:\/\/www.freiburg-schwarzwald.de\/blog\/wp-json\/wp\/v2\/media?parent=37088"}],"curies":[{"name":"wp","href":"https:\/\/api.w.org\/{rel}","templated":true}]}}