{"id":36741,"date":"2013-08-22T19:36:47","date_gmt":"2013-08-22T17:36:47","guid":{"rendered":"https:\/\/www.freiburg-schwarzwald.de\/blog\/?page_id=36741"},"modified":"2015-12-31T13:51:31","modified_gmt":"2015-12-31T12:51:31","slug":"strassenpflaster","status":"publish","type":"page","link":"https:\/\/www.freiburg-schwarzwald.de\/blog\/regio\/freiburg\/strassenpflaster\/","title":{"rendered":"Strassenpflaster"},"content":{"rendered":"<p>Home &gt;<a title=\"Regio\" href=\"https:\/\/www.freiburg-schwarzwald.de\/blog\/regio\/\">Regio<\/a> &gt;<a title=\"Orte\" href=\"https:\/\/www.freiburg-schwarzwald.de\/blog\/regio\/orte\/\">Orte<\/a> &gt;<a title=\"Freiburg\" href=\"https:\/\/www.freiburg-schwarzwald.de\/blog\/regio\/freiburg\/\">Freiburg<\/a> &gt;Strassenpflaster<\/p>\n<div id=\"attachment_36744\" style=\"width: 648px\" class=\"wp-caption alignnone\"><a href=\"https:\/\/www.freiburg-schwarzwald.de\/blog\/regio\/freiburg\/strassenpflaster\/pflaster-moos-pan080905\/\" rel=\"attachment wp-att-36744\"><img loading=\"lazy\" decoding=\"async\" aria-describedby=\"caption-attachment-36744\" class=\"size-full wp-image-36744\" title=\"pflaster-moos-pan080905\" src=\"https:\/\/www.freiburg-schwarzwald.de\/blog\/wp-content\/uploads\/2013\/08\/pflaster-moos-pan080905.jpg\" alt=\"\" width=\"638\" height=\"191\" srcset=\"https:\/\/www.freiburg-schwarzwald.de\/blog\/wp-content\/uploads\/2013\/08\/pflaster-moos-pan080905.jpg 638w, https:\/\/www.freiburg-schwarzwald.de\/blog\/wp-content\/uploads\/2013\/08\/pflaster-moos-pan080905-180x53.jpg 180w\" sizes=\"auto, (max-width: 638px) 100vw, 638px\" \/><\/a><p id=\"caption-attachment-36744\" class=\"wp-caption-text\">Strassenpflaster auf Gehwegen in Freiburg&#8217;s Innenstadt am 5.9.2008<\/p><\/div>\n<p>&nbsp;<\/p>\n<ul>\n<li>Steine aus Vietnam: Es h\u00e4tte sich gelohnt, genauer nachzuforschen (30.12.2015)<\/li>\n<li>3000 qm Pflastersteine aus Vietnam f\u00fcr Platz der Alten Synagoge (22.8.2013)<\/li>\n<li><\/li>\n<li><strong><a href=\"https:\/\/www.freiburg-dreisamtal.de\/strassenpflaster.htm\">www.freiburg-dreisamtal.de\/strassenpflaster.htm<\/a>\u00a0&gt;Archivseite Strassenpflaster mit vielen Bildern<\/strong><\/li>\n<li><a title=\"Platz-der-Alten-Synagoge\" href=\"https:\/\/www.freiburg-schwarzwald.de\/blog\/regio\/freiburg\/platz-der-alten-synagoge\/\">Platz-der-Alten-Synagoge<\/a><\/li>\n<li><a title=\"Verkehr\" href=\"https:\/\/www.freiburg-schwarzwald.de\/blog\/regio\/verkehr\/\">Verkehr &#8211; Traffic<\/a><\/li>\n<li><a href=\"https:\/\/www.freiburg-schwarzwald.de\/littenweiler\/strassenpflaster#Wappen\">Wappen<\/a><\/li>\n<li><a href=\"https:\/\/www.freiburg-schwarzwald.de\/littenweiler\/strassenpflaster#Bilder\">Bilder Pflaster<\/a><\/li>\n<li><a href=\"https:\/\/www.freiburg-schwarzwald.de\/littenweiler\/strassenpflaster#Mosaik\">Mosaik auf der Strasse<\/a><\/li>\n<li><a href=\"https:\/\/www.freiburg-schwarzwald.de\/littenweiler\/baechle.htm\">B\u00e4chle in Freiburgs Altstadt<\/a> &gt;Baechle<\/li>\n<li><a href=\"https:\/\/www.freiburg-schwarzwald.de\/littenweiler\/kanonenplatz.htm\">Kanonenplatz auf dem Schlo\u00dfberg<\/a> &gt;Kanonenplatz<\/li>\n<li><a href=\"https:\/\/www.freiburg-schwarzwald.de\/littenweiler\/kunstmarkt-altstadt.htm\">Kunsthandwerksmarkt in der Oberen Altstadt Freiburg<\/a> &gt;Kunstmarkt-Altstadt (3.9.2006)<\/li>\n<li><a href=\"https:\/\/www.freiburg-schwarzwald.de\/littenweiler\/strassenpflaster.htm#Kunststoff statt Sand: neue Fugen im Pflaster der Innenstadt\">Kunststoff statt Sand: neue Fugen im Pflaster der Innenstadt<\/a> &gt;Strassenpflaster (23.10.2008)<\/li>\n<li><a href=\"https:\/\/www.freiburg-schwarzwald.de\/freiburg.htm#Schwabentor\">Schwabentor<\/a> &gt;Freiburg<\/li>\n<\/ul>\n<p>&nbsp;<\/p>\n<p>&nbsp;<\/p>\n<p><a href=\"https:\/\/www.freiburg-schwarzwald.de\/blog\/regio\/freiburg\/strassenpflaster\/strassenpflaster130824\/\" rel=\"attachment wp-att-36890\"><img loading=\"lazy\" decoding=\"async\" class=\"alignnone size-thumbnail wp-image-36890\" title=\"strassenpflaster130824\" src=\"https:\/\/www.freiburg-schwarzwald.de\/blog\/wp-content\/uploads\/2013\/08\/strassenpflaster130824-180x135.jpg\" alt=\"\" width=\"180\" height=\"135\" srcset=\"https:\/\/www.freiburg-schwarzwald.de\/blog\/wp-content\/uploads\/2013\/08\/strassenpflaster130824-180x135.jpg 180w, https:\/\/www.freiburg-schwarzwald.de\/blog\/wp-content\/uploads\/2013\/08\/strassenpflaster130824.jpg 640w\" sizes=\"auto, (max-width: 180px) 100vw, 180px\" \/><\/a>\u00a0\u00a0\u00a0\u00a0\u00a0\u00a0\u00a0\u00a0\u00a0\u00a0\u00a0\u00a0\u00a0\u00a0 <a href=\"https:\/\/www.freiburg-schwarzwald.de\/blog\/regio\/freiburg\/strassenpflaster\/strassenpflaster-freiburg130824\/\" rel=\"attachment wp-att-36891\"><img loading=\"lazy\" decoding=\"async\" class=\"alignnone size-thumbnail wp-image-36891\" title=\"strassenpflaster-freiburg130824\" src=\"https:\/\/www.freiburg-schwarzwald.de\/blog\/wp-content\/uploads\/2013\/08\/strassenpflaster-freiburg130824-180x135.jpg\" alt=\"\" width=\"180\" height=\"135\" srcset=\"https:\/\/www.freiburg-schwarzwald.de\/blog\/wp-content\/uploads\/2013\/08\/strassenpflaster-freiburg130824-180x135.jpg 180w, https:\/\/www.freiburg-schwarzwald.de\/blog\/wp-content\/uploads\/2013\/08\/strassenpflaster-freiburg130824.jpg 640w\" sizes=\"auto, (max-width: 180px) 100vw, 180px\" \/><\/a>\u00a0\u00a0\u00a0\u00a0\u00a0\u00a0\u00a0\u00a0\u00a0\u00a0\u00a0\u00a0\u00a0\u00a0\u00a0\u00a0 <a href=\"https:\/\/www.freiburg-schwarzwald.de\/blog\/regio\/freiburg\/strassenpflaster\/strassenpflaster-regen130824\/\" rel=\"attachment wp-att-36892\"><img loading=\"lazy\" decoding=\"async\" title=\"strassenpflaster-regen130824\" src=\"https:\/\/www.freiburg-schwarzwald.de\/blog\/wp-content\/uploads\/2013\/08\/strassenpflaster-regen130824-180x135.jpg\" alt=\"\" width=\"180\" height=\"135\" \/><\/a><br \/>\n(1) Strassenpflaster Rathausplatz\u00a0\u00a0\u00a0\u00a0\u00a0\u00a0\u00a0\u00a0\u00a0\u00a0\u00a0\u00a0 (2) Freiburger Wappen 24.8.2013\u00a0\u00a0\u00a0\u00a0\u00a0\u00a0\u00a0\u00a0\u00a0\u00a0\u00a0\u00a0\u00a0\u00a0\u00a0 (3) Regen\u00a024.8.2013 am Rathaus<\/p>\n<p><a href=\"https:\/\/www.freiburg-schwarzwald.de\/blog\/regio\/freiburg\/strassenpflaster\/regen-rathausplatz130824\/\" rel=\"attachment wp-att-36895\"><img loading=\"lazy\" decoding=\"async\" class=\"alignnone size-thumbnail wp-image-36895\" title=\"regen-rathausplatz130824\" src=\"https:\/\/www.freiburg-schwarzwald.de\/blog\/wp-content\/uploads\/2013\/08\/regen-rathausplatz130824-180x135.jpg\" alt=\"\" width=\"180\" height=\"135\" srcset=\"https:\/\/www.freiburg-schwarzwald.de\/blog\/wp-content\/uploads\/2013\/08\/regen-rathausplatz130824-180x135.jpg 180w, https:\/\/www.freiburg-schwarzwald.de\/blog\/wp-content\/uploads\/2013\/08\/regen-rathausplatz130824.jpg 640w\" sizes=\"auto, (max-width: 180px) 100vw, 180px\" \/><\/a>\u00a0\u00a0\u00a0\u00a0\u00a0\u00a0\u00a0\u00a0\u00a0\u00a0\u00a0\u00a0\u00a0\u00a0\u00a0 <a href=\"https:\/\/www.freiburg-schwarzwald.de\/blog\/regio\/freiburg\/strassenpflaster\/steinpflaster-tauben130830\/\" rel=\"attachment wp-att-37264\"><img loading=\"lazy\" decoding=\"async\" class=\"alignnone size-thumbnail wp-image-37264\" title=\"steinpflaster-tauben130830\" src=\"https:\/\/www.freiburg-schwarzwald.de\/blog\/wp-content\/uploads\/2013\/08\/steinpflaster-tauben130830-180x141.jpg\" alt=\"\" width=\"180\" height=\"141\" srcset=\"https:\/\/www.freiburg-schwarzwald.de\/blog\/wp-content\/uploads\/2013\/08\/steinpflaster-tauben130830-180x141.jpg 180w, https:\/\/www.freiburg-schwarzwald.de\/blog\/wp-content\/uploads\/2013\/08\/steinpflaster-tauben130830.jpg 639w\" sizes=\"auto, (max-width: 180px) 100vw, 180px\" \/><\/a>\u00a0\u00a0\u00a0\u00a0\u00a0\u00a0\u00a0\u00a0\u00a0\u00a0\u00a0\u00a0\u00a0\u00a0 <a href=\"https:\/\/www.freiburg-schwarzwald.de\/blog\/regio\/freiburg\/strassenpflaster\/steinpflaster-loewe130830\/\" rel=\"attachment wp-att-37265\"><img loading=\"lazy\" decoding=\"async\" class=\"alignnone size-thumbnail wp-image-37265\" title=\"steinpflaster-loewe130830\" src=\"https:\/\/www.freiburg-schwarzwald.de\/blog\/wp-content\/uploads\/2013\/08\/steinpflaster-loewe130830-180x146.jpg\" alt=\"\" width=\"180\" height=\"146\" srcset=\"https:\/\/www.freiburg-schwarzwald.de\/blog\/wp-content\/uploads\/2013\/08\/steinpflaster-loewe130830-180x146.jpg 180w, https:\/\/www.freiburg-schwarzwald.de\/blog\/wp-content\/uploads\/2013\/08\/steinpflaster-loewe130830.jpg 638w\" sizes=\"auto, (max-width: 180px) 100vw, 180px\" \/><\/a><br \/>\n(4) &#8230; es regnet am 24.8.2013\u00a0\u00a0\u00a0\u00a0\u00a0\u00a0\u00a0\u00a0\u00a0\u00a0\u00a0\u00a0\u00a0\u00a0\u00a0\u00a0\u00a0\u00a0\u00a0\u00a0\u00a0\u00a0 (5) Tauben M\u00fcnsterplatz 30.8.2013 \u00a0 \u00a0 \u00a0 \u00a0 \u00a0(6) L\u00f6we Herrenstrasse 30.8.2013<\/p>\n<p><a href=\"https:\/\/www.freiburg-schwarzwald.de\/blog\/regio\/freiburg\/strassenpflaster\/pflastersteine150626\/\" rel=\"attachment wp-att-55200\"><img loading=\"lazy\" decoding=\"async\" class=\"alignnone size-thumbnail wp-image-55200\" src=\"https:\/\/www.freiburg-schwarzwald.de\/blog\/wp-content\/uploads\/2013\/08\/pflastersteine150626-180x145.jpg\" alt=\"pflastersteine150626\" width=\"180\" height=\"145\" srcset=\"https:\/\/www.freiburg-schwarzwald.de\/blog\/wp-content\/uploads\/2013\/08\/pflastersteine150626-180x145.jpg 180w, https:\/\/www.freiburg-schwarzwald.de\/blog\/wp-content\/uploads\/2013\/08\/pflastersteine150626.jpg 638w\" sizes=\"auto, (max-width: 180px) 100vw, 180px\" \/><br \/>\n<\/a>(7) M\u00fcnsterplatz 26.6.2015<\/p>\n<p>&nbsp;<\/p>\n<p>&nbsp;<\/p>\n<p><strong>Steine aus Vietnam: Es h\u00e4tte sich gelohnt, genauer nachzuforschen<\/strong><br \/>\nF\u00fcr den neuen Rotteckring in Freiburg sind 1000 Tonnen Basalt aus Vietnam rangeschippert worden. Basalt aus Vietnam. 1000 Tonnen in Containerschiffen \u00fcbers Meer geschippert aus Steinbr\u00fcchen, die nach Angaben des katholischen Hilfswerks Misereor nicht auf Kinderarbeit oder sonstige Arbeitsbedingungen \u00fcberpr\u00fcft werden k\u00f6nnen, weil sie in milit\u00e4rischen Sperrgebieten liegen. &#8230;.<br \/>\n<a href=\"https:\/\/www.badische-zeitung.de\/freiburg\/muenstereck-kein-stein-der-weisen--115682785.html\">https:\/\/www.badische-zeitung.de\/freiburg\/muenstereck-kein-stein-der-weisen&#8211;115682785.html<\/a><\/p>\n<p><a href=\"https:\/\/www.badische-zeitung.de\/freiburg\/freiburger-rotteckring-streit-um-pflastersteine-aus-vietnam--115680238.html\">https:\/\/www.badische-zeitung.de\/freiburg\/freiburger-rotteckring-streit-um-pflastersteine-aus-vietnam&#8211;115680238.html<\/a><\/p>\n<p>&#8222;Was sie f\u00fcrs Verlegen bekommt und wie teuer die Steine aus Vietnam sind, falle unter die gesetzliche Geheimhaltungspflicht,&#8220; Das ist ja sehr bequem f\u00fcr den Rathaus-Filz. Aber wer bei einem Baustoff das Wort &#8222;alternativlos&#8220; benutzt, zeigt deutlich, dass er\/sie keine Ahnung hat, wovon er\/sie spricht.<br \/>\n30.12.2015, Patrick Winter<br \/>\n.<br \/>\nDer Beitrag ist gut und wichtig (danke Herr Mauch), schade nur der sp\u00e4te Zeitpunkt, an dem die Wurst schon l\u00e4ngst gegessen und das unselige Steinzeug bereits um die Erde geschippert wurde. Ein fr\u00fcher Hinweis (Oktober 2013) auf das Problem steht hier:<br \/>\n<a href=\"https:\/\/www.prokulturhauptstadt-freiburg.de\/wp-content\/uploads\/2013\/09\/Oktober.pdf\">https:\/\/www.prokulturhauptstadt-freiburg.de\/wp-content\/uploads\/2013\/09\/Oktober.pdf<\/a><br \/>\n30.12.2015, Martin Flashar<\/p>\n<p>&nbsp;<\/p>\n<p>&nbsp;<\/p>\n<p><strong>3000 qm Pflastersteine aus Vietnam f\u00fcr Platz der Alten Synagoge<\/strong><\/p>\n<p><strong>Neue Freiburger Pflastersteine kommen aus Vietnam<\/strong><br \/>\nFreiburgs neuer Vorzeigeplatz im Universit\u00e4tsviertel wird mit einem Material gepflastert, das aus Fernost kommt: mit Basalt aus Vietnam. Ist das denn notwendig? Ja, sagen Fachleute. &#8230;. Alles vom 22.8.2013 bitte lesen auf<br \/>\n<a href=\"https:\/\/www.badische-zeitung.de\/neue-freiburger-pflastersteine-kommen-aus-vietnam\">https:\/\/www.badische-zeitung.de\/neue-freiburger-pflastersteine-kommen-aus-vietnam<\/a><br \/>\n<strong>Bislang griff man in der Freiburger Architektur ausschlie\u00dflich auf regionale Rohstoffe<\/strong><br \/>\nF\u00fcr den Platz der Alten Synagoge wurde echter vietnamesischer Basalt bestellt. Die Nachricht schlug in der Green City ein wie Napalm. Denn bislang griff man in der Freiburger Architektur ausschlie\u00dflich auf regionale Rohstoffe zur\u00fcck. Unsere Vorv\u00e4ter haben das Stra\u00dfenpflaster f\u00fcr die Kajo noch eigenh\u00e4ndig aus dem Schlossberg geklopft; und das Altargold im M\u00fcnster sch\u00fcrften sie aus der Dreisam. Indes versichert die Stadt, das Gestein aus Vietnam sei moralisch v\u00f6llig unbedenklich. Die Containerschiffe w\u00fcrden n\u00e4mlich mit reinem Biodiesel betrieben. Au\u00dferdem seien in den Basalt-Manufakturen garantiert keine Kinder am Werk &#8230; Alles vom 24.8.2013 bitte lesen auf<br \/>\n<a href=\"https:\/\/www.badische-zeitung.de\/freiburg\/salto-rueckwaerts-altargold-aus-der-dreisam--74656674.html\">https:\/\/www.badische-zeitung.de\/freiburg\/salto-rueckwaerts-altargold-aus-der-dreisam&#8211;74656674.html<\/a><\/p>\n<p><strong>Green City- made in Vietnam<\/strong><br \/>\nDie Steinw\u00fcste &#8222;Platz der Synagoge&#8220; hat nicht nur im Planungsstadium die Gem\u00fcter erhitzt, sondern wird dar\u00fcber hinaus auch &#8222;nachhaltig&#8220; das Stadtklima beeinflussen. Interessant ist hierbei nur, wie sonst &#8222;eiserne&#8220; Prinzipien pl\u00f6tzlich \u00fcber Bord geworfen werden. Nicht mehr Regio, kurze Transportwege, Klimabilanz usw., sondern nur der Hinweis &#8222;es ist einfach notwendig&#8220; reicht, um in Vietnam einzukaufen. Die Preisbildung d\u00fcrfte bei diesem Alleinstellungsmerkmal auch schnell gefunden sein. Um die Produktion der Steine zu \u00fcberwachen, w\u00fcrde es ja reichen, wenn sich eine Delegation aus Freiburg nach Vietnam aufmachen w\u00fcrde. Vielleicht kann noch erg\u00e4nzend ein teures Gutachten in Auftrag gegeben oder ein Arbeitskreis initiiert werden; das Ergebnis wird, wie immer in Freiburg, das bereits Entschiedene untermauern. Geld hierf\u00fcr ist ja da, schlie\u00dflich wurde erst k\u00fcrzlich die Gewerbesteuer erh\u00f6ht. Das m\u00fcsste dann auch noch f\u00fcr eine kosteng\u00fcnstige Verlegung des Basaltpflasters durch ausl\u00e4ndische Subunternehmer reichen. So freuen sich die Freiburger B\u00fcrger auf einen Stein, der die Temperaturen sch\u00f6n und nachhaltig speichert und verzichten gerne auf regionale, heimische Steine. Vielleicht gibt es dann sp\u00e4ter auf dem Platz auch Gark\u00fcchen, die dann multikulturelles Flair auf schwarzem Basalt verbreiten, w\u00e4hrend heimischer Granit und regionale Wirtschaft ein Schattendasein f\u00fchren. Das Geld hierf\u00fcr stammt ja &#8222;nur&#8220; vom Steuerzahler, der sein Bestes gibt, damit Freiburg Green-City ist.<br \/>\n23.8.2013, Martin Braun<\/p>\n<p><strong>Wir sind halt &#8222;gr\u00fcn&#8220;<\/strong><br \/>\nIch verstehe die Aufregung nicht. Es hat doch Sinn (im Sinne des Gemeinderats) Millionen Steuergelder des ohnehin gebeutelten Stadts\u00e4ckels zu verprassen um &#8222;einen optisch guten Anschluss zur dunklen kleinformatigen Pflasterung an der Theaterauffahrt herzustellen&#8220;. Es w\u00e4re ja eine sinnvolle Entscheidung gewesen, eben diese anzugleichen und &#8222;heimische&#8220; Steine zu verwenden. Das w\u00fcrde nat\u00fcrlich bedeuten dass die Steuergelder im Land bleiben und Arbeitspl\u00e4tze wenigstens kurzfristig gesichert w\u00e4ren, abgesehen von dem eingesparten CO\u00b2-Emissionen. Aber so hat doch wenigstens der Importeur etwas davon, gell? Naja, wir h\u00e4tten auch richtig was zu lachen, wenn es denn nicht so traurig w\u00e4re. Wir sind halt &#8222;gr\u00fcn&#8220;, da muss man auf solch banale Dinge nicht achten.<br \/>\n22.8.2013, Ingo Hiller<\/p>\n<p><strong>Badische Pflastersteine nach Frankreich &#8211; vietnamesische Steine nach Freiburg<\/strong><br \/>\nBadische Pflastersteine werden nach Frankreich exportiert (<a href=\"https:\/\/www.badische-zeitung.de\/hartheim\/badische-pflastersteine-verschoenern-den-place-de-la-r-publique--74476229.html\" target=\"_blank\">https:\/\/www.badische-zeitung.de\/hartheim\/badische-pflastersteine-verschoenern-den-place-de-la-r-publique&#8211;74476229.html<\/a>), und Freiburg kauft Steine, die um die halbe Welt transportiert werden. Soviel also zum gr\u00fcnen Herzen der Stadtoberen.<br \/>\n22.8.2013, Patrick Winter<\/p>\n<p><strong>Wasserrohre unter dem Pflaster verlegen<\/strong><br \/>\nWenn man gleichzeitig Wasserrohre unter dem Pflaster verlegt, kann die Uni ihren Warmwasserbedarf decken.<br \/>\n22.8.2013, Waltraut Meger<\/p>\n","protected":false},"excerpt":{"rendered":"<p>Home &gt;Regio &gt;Orte &gt;Freiburg &gt;Strassenpflaster &nbsp; Steine aus Vietnam: Es h\u00e4tte sich gelohnt, genauer nachzuforschen (30.12.2015) 3000 qm Pflastersteine aus Vietnam f\u00fcr Platz der Alten Synagoge (22.8.2013) www.freiburg-dreisamtal.de\/strassenpflaster.htm\u00a0&gt;Archivseite Strassenpflaster mit vielen Bildern Platz-der-Alten-Synagoge Verkehr &#8211; Traffic Wappen Bilder Pflaster Mosaik &hellip; <a href=\"https:\/\/www.freiburg-schwarzwald.de\/blog\/regio\/freiburg\/strassenpflaster\/\">Weiterlesen <span class=\"meta-nav\">&rarr;<\/span><\/a><\/p>\n","protected":false},"author":4,"featured_media":0,"parent":389,"menu_order":0,"comment_status":"open","ping_status":"closed","template":"","meta":{"footnotes":""},"class_list":["post-36741","page","type-page","status-publish","hentry"],"_links":{"self":[{"href":"https:\/\/www.freiburg-schwarzwald.de\/blog\/wp-json\/wp\/v2\/pages\/36741","targetHints":{"allow":["GET"]}}],"collection":[{"href":"https:\/\/www.freiburg-schwarzwald.de\/blog\/wp-json\/wp\/v2\/pages"}],"about":[{"href":"https:\/\/www.freiburg-schwarzwald.de\/blog\/wp-json\/wp\/v2\/types\/page"}],"author":[{"embeddable":true,"href":"https:\/\/www.freiburg-schwarzwald.de\/blog\/wp-json\/wp\/v2\/users\/4"}],"replies":[{"embeddable":true,"href":"https:\/\/www.freiburg-schwarzwald.de\/blog\/wp-json\/wp\/v2\/comments?post=36741"}],"version-history":[{"count":0,"href":"https:\/\/www.freiburg-schwarzwald.de\/blog\/wp-json\/wp\/v2\/pages\/36741\/revisions"}],"up":[{"embeddable":true,"href":"https:\/\/www.freiburg-schwarzwald.de\/blog\/wp-json\/wp\/v2\/pages\/389"}],"wp:attachment":[{"href":"https:\/\/www.freiburg-schwarzwald.de\/blog\/wp-json\/wp\/v2\/media?parent=36741"}],"curies":[{"name":"wp","href":"https:\/\/api.w.org\/{rel}","templated":true}]}}