{"id":36520,"date":"2013-08-16T16:02:22","date_gmt":"2013-08-16T14:02:22","guid":{"rendered":"https:\/\/www.freiburg-schwarzwald.de\/blog\/?page_id=36520"},"modified":"2025-03-24T18:14:55","modified_gmt":"2025-03-24T17:14:55","slug":"strassen","status":"publish","type":"page","link":"https:\/\/www.freiburg-schwarzwald.de\/blog\/tourismus\/strassen\/","title":{"rendered":"Strassen"},"content":{"rendered":"<p>Home &gt;<a title=\"Tourismus\" href=\"https:\/\/www.freiburg-schwarzwald.de\/blog\/tourismus\/\">Tourismus<\/a> &gt;Strassen<\/p>\n<div id=\"attachment_101572\" style=\"width: 650px\" class=\"wp-caption alignnone\"><a href=\"https:\/\/www.freiburg-schwarzwald.de\/blog\/wp-content\/uploads\/2022\/06\/fahrrad-auto-freiburg-pan202205.jpg\"><img loading=\"lazy\" decoding=\"async\" aria-describedby=\"caption-attachment-101572\" class=\"size-full wp-image-101572\" src=\"https:\/\/www.freiburg-schwarzwald.de\/blog\/wp-content\/uploads\/2022\/06\/fahrrad-auto-freiburg-pan202205.jpg\" alt=\"\" width=\"640\" height=\"353\" srcset=\"https:\/\/www.freiburg-schwarzwald.de\/blog\/wp-content\/uploads\/2022\/06\/fahrrad-auto-freiburg-pan202205.jpg 640w, https:\/\/www.freiburg-schwarzwald.de\/blog\/wp-content\/uploads\/2022\/06\/fahrrad-auto-freiburg-pan202205-180x99.jpg 180w\" sizes=\"auto, (max-width: 640px) 100vw, 640px\" \/><\/a><p id=\"caption-attachment-101572\" class=\"wp-caption-text\">Auto \u00fcberf\u00e4hrt Fahrradst\u00e4nder und Fahrr\u00e4der in der Fahrradstadt Freiburg 5\/2022<\/p><\/div>\n<ul>\n<li><em>Listenauswahl eines Beitrags: Bitte anklicken oder runterscrollen<\/em><\/li>\n<li><a href=\"https:\/\/www.freiburg-schwarzwald.de\/blog\/engagement\/zukunft\/demokratie\/staat\/staatsschulden2025\/infrastruktur-schulden\/\">Fl\u00fcchtlinge statt Br\u00fccken \u2013 wof\u00fcr die Politik die Schulden wirklich verwendet<\/a> (24.3.2025)<\/li>\n<li><a href=\"https:\/\/www.freiburg-schwarzwald.de\/blog\/regio\/verkehr\/auto\/\">Auto ist voll Nazi<\/a>\u00a0(17.12.2023)<\/li>\n<li>Blitzer an den Strassen (19.6.2023)<\/li>\n<li><a href=\"https:\/\/www.freiburg-schwarzwald.de\/blog\/regio\/verkehr\/stadttunnel\/\">Stadttunnel: Soll sich der Transitschwerlastverkehr\u00a0 in Luft aufl\u00f6sen?<\/a> (8.3.2023)<\/li>\n<li><a href=\"https:\/\/www.freiburg-schwarzwald.de\/blog\/regio\/verkehr\/b31\/\">Neuer Film von Siegfried Held dokumentiert Protest gegen B 31-Ost<\/a>\u00a0(16.9.2021)<\/li>\n<li><a href=\"https:\/\/www.freiburg-schwarzwald.de\/blog\/regio\/verkehr\/b31\/b31west\/\">Weiterbau der B31 West: Bund spricht sich f\u00fcr Hochspannungstrasse aus<\/a>\u00a0(23.7.2021)<\/li>\n<li><a href=\"https:\/\/www.freiburg-schwarzwald.de\/blog\/energie\/pv\/\">Freiburger Forscher wollen Strom \u00fcber Stra\u00dfen erzeugen<\/a>\u00a0(29.5.2021)<\/li>\n<li><a href=\"https:\/\/www.freiburg-schwarzwald.de\/blog\/105-mio-umf-111-mio-strassen\/\">https:\/\/www.freiburg-schwarzwald.de\/blog\/105-mio-umf-111-mio-strassen\/<\/a> (15.2.2018)<\/li>\n<li><a href=\"https:\/\/www.freiburg-schwarzwald.de\/blog\/raser-auf-strassen-autorennen\/\">https:\/\/www.freiburg-schwarzwald.de\/blog\/raser-auf-strassen-autorennen\/<\/a>\u00a0(9.3.2014)<\/li>\n<li><a href=\"https:\/\/www.freiburg-schwarzwald.de\/blog\/benzinpreis-statt-maut-vignette\/\">https:\/\/www.freiburg-schwarzwald.de\/blog\/benzinpreis-statt-maut-vignette\/<\/a>\u00a0(13.12.20139<\/li>\n<li><a href=\"https:\/\/www.freiburg-schwarzwald.de\/strassen1.htm\">Aktuelle Infos zur Strassen-Seite<\/a>\u00a0&gt;Strassen1<\/li>\n<li><\/li>\n<li><strong><a href=\"https:\/\/www.freiburg-schwarzwald.de\/strassen.htm\">www.freiburg-schwarzwald.de\/strassen.htm<\/a> &gt;Archivseite Strassen<\/strong><\/li>\n<li><a href=\"https:\/\/www.freiburg-schwarzwald.de\/blog\/regio\/verkehr\/auto\/\">Auto<\/a><\/li>\n<li><a href=\"https:\/\/www.freiburg-schwarzwald.de\/breitnau-hinterdorf.htm\">Breitnau&#8217;s Hinterdorfstrasse &#8211; Ekkehard&#8217;s Lieblingsstrasse<\/a> &gt;Breitnau-Hinterdorf<\/li>\n<li><a href=\"https:\/\/www.freiburg-schwarzwald.de\/strassen#B 317 durchs Wiesental\">B 317 durchs Wiesental<\/a><\/li>\n<li><a href=\"https:\/\/www.freiburg-schwarzwald.de\/b31freiburg\">B 31 Titisee\/Neustadt &#8211; Hinterzarten &#8211; Kirchzarten &#8211; Freiburg &#8211; Breisach<\/a> &gt;FreiburgB31.de<\/li>\n<li><a href=\"https:\/\/www.freiburg-schwarzwald.de\/strassen#B 500 Schwarzwald-Hochstrasse\">B 500 Schwarzwald-Hochstrasse<\/a><\/li>\n<li><a href=\"https:\/\/www.freiburg-schwarzwald.de\/blog\/regio\/verkehr\/b31\/b31west\/\">B31West<\/a><\/li>\n<li><a href=\"https:\/\/www.freiburg-schwarzwald.de\/strassen#Gr\u00fcne Strasse - Route Verte\">Gr\u00fcne Strasse &#8211; Route Verte<\/a><\/li>\n<li>Infrastruktur<\/li>\n<li><a href=\"https:\/\/www.freiburg-schwarzwald.de\/kaeserei.htm#K\u00e4serroute nun mit 16 Bauernh\u00f6fen\">K\u00e4seroute im Hochschwarzwald<\/a> &gt;Kaeserei<\/li>\n<li><a href=\"https:\/\/www.freiburg-schwarzwald.de\/kilpen.htm\">Kilpenstr\u00e4ssle<\/a> &gt;Kilpen<\/li>\n<li><a title=\"Lkw\" href=\"https:\/\/www.freiburg-schwarzwald.de\/blog\/regio\/verkehr\/lkw\/\">LKW<\/a><\/li>\n<li><a href=\"https:\/\/www.freiburg-schwarzwald.de\/erzeugergemeinschaft.htm#Schwarzw\u00e4lder Milchstrasse - von Hof zu Hof fahren\">Milchstrasse &#8211; im Schwarzwald von Hof zu Hof<\/a> &gt;Erzeugergemeinschaft<\/li>\n<li><a href=\"https:\/\/www.freiburg-schwarzwald.de\/rollstuhl.htm\">Rollstuhl-geeignete Fahrstr\u00e4\u00dfchen<\/a> &gt;Rollstuhl<\/li>\n<li><a href=\"https:\/\/www.freiburg-schwarzwald.de\/route-des-cretes.htm\">Route des Cretes &#8211; Vogesenkammstrasse<\/a> &gt;Route des Cretes<\/li>\n<li><a href=\"https:\/\/www.freiburg-schwarzwald.de\/schauinslandkoenig.htm#Fahrverbot der L 124 zwischen Horben-Bohrer und Schauinsland\">Schauinsland: Fahrverbot der L 124 &#8211; Horben-Bohrer und Schauinsland<\/a> &gt;Schauinslandkoenig<\/li>\n<li><a href=\"https:\/\/www.freiburg-schwarzwald.de\/strassen.htm#Schwarzwaldhochstra\u00dfe wird 75 Jahre alt und gefeiert\">Schwarzwaldhochstra\u00dfe wird 75 Jahre alt und gefeiert<\/a> (22.6.207)<\/li>\n<li><a href=\"https:\/\/www.freiburg-schwarzwald.de\/strassen#Panoramastrasse\">Schwarzwald-Panoramastrasse<\/a><\/li>\n<li><a href=\"https:\/\/www.freiburg-schwarzwald.de\/panoramaspaziergang.htm\">Spaziergang-geeignete Fahrstrassen<\/a> &gt;Panoramaspaziergang<\/li>\n<li><a href=\"https:\/\/www.freiburg-schwarzwald.de\/strassen#Strasse der Demokratie\">Strasse der Demokratie<\/a>(18.9.2007)<\/li>\n<li><a href=\"https:\/\/www.freiburg-schwarzwald.de\/blog\/selbsthilfe\/krise\/gewalt\/linke-gewalt\/stuttgart16mai2020linkegewalt\/\">Strassengewalt<\/a><\/li>\n<li><a href=\"https:\/\/www.freiburg-schwarzwald.de\/strassen#Uhrenstrasse\">Uhrenstrasse im Schwarzwald<\/a><\/li>\n<li><a href=\"https:\/\/www.freiburg-schwarzwald.de\/wartehaeuschen.htm#Warteh\u00e4uschen in Menzenschwand - achteckig\">Warteh<\/a>\u00e4uschen in Menzenschwand &#8211; achteckig &gt;Wartehaeuschen<\/li>\n<li><\/li>\n<li><a href=\"https:\/\/www.freiburg-schwarzwald.de\/autobahn.htm\">Autobahnen<\/a> &gt;Autobahn<\/li>\n<li><a href=\"https:\/\/www.freiburg-schwarzwald.de\/autobahn.htm#Autobahnen in Baden-W\u00fcrttemberg - Webcams\">Autobahnen in Baden-W\u00fcrttemberg &#8211; Webcams<\/a> &gt;Autobahn<\/li>\n<li><a href=\"https:\/\/www.freiburg-schwarzwald.de\/feldberg-autofrei.htm\">Feldberg &#8211; autofrei?<\/a> &gt;Feldberg-Autofrei<\/li>\n<li><a href=\"https:\/\/www.freiburg-schwarzwald.de\/werbung.htm\">Werbung in der Landschaft und an Strassen<\/a> &gt;Werbung<\/li>\n<li><a href=\"https:\/\/www.freiburg-schwarzwald.de\/strassenkreuze.htm\">Strassenkreuze zum Gedenken<\/a> &gt;Strassenkreuze<\/li>\n<li><a href=\"https:\/\/www.freiburg-schwarzwald.de\/littenweiler\/strassenmusik.htm\">Strassenmusik<\/a> &gt;Strassenmusik<\/li>\n<li><a href=\"https:\/\/www.freiburg-schwarzwald.de\/littenweiler\/strassenpflaster.htm\">Strassenpflaster in Freiburg<\/a> &gt;Freiburg-Dreisamtal.de\/Strassenpflaster<\/li>\n<li><a href=\"https:\/\/www.freiburg-schwarzwald.de\/verkehr.htm#S\u00fcdbadenBus in Freiburg\">S\u00fcdbadenBus mit Sitz in Freiburg<\/a> &gt;Verkehr<\/li>\n<\/ul>\n<p>&nbsp;<\/p>\n<p><strong>Blitzer an den Strassen<\/strong><br \/>\nDer parasit\u00e4r-kleptokratische Komplex bestraft wertsch\u00f6pfend T\u00e4tige zunehmend. Da ist es logisch, dass wertsch\u00f6pfende T\u00e4tigkeiten verringert werden. Nur ein kleines Beispiel von mir: Im Dezember letzten Jahres musste ich aus beruflichen Gr\u00fcnden nach Frankfurt. Dies \u00fcber die A3, da der Staat die von mir sonst genommene A45 hat verfallen lassen. Auf der Strecke von M\u00fcnster nach Frankfurt habe ich 12 Blitzeranlagen zumeist in den \u00fcberaus zahlreichen Baustellen entdeckt. Eine jedoch nicht.<br \/>\nKurz vorm Wiesbadener Kreuz haben sie sich eine ganz gemeine Abzockmasche einfallen lassen, die auch ich erst bei erneutem Abfahren und gleichzeitigem Filmen durch einen Kumpel erkannte. Der Kumpel, der die Filmaufnahmen aus einem mit 90 km\/h fahrenden Fahrzeug machte, erkannte die Falle noch nicht einmal. Ein Bekannter von mir, der in die Falle einen Monat sp\u00e4ter fuhr, erkannte sie auch nicht, auch die ansonsten hervorragende Verkehrszeichenerkennung seines Autos nicht. Und die Falle funktioniert folgenderma\u00dfen: Es erscheint ein Schild mit 120 km\/h g\u00fcltig zwischen 22:00h und 6:00h. Dann kommt unmittelbar darauf ein 100 km\/h g\u00fcltig zwischen 22:00h und 6:00h. Und irgendwann wird 120 km\/h g\u00fcltig zwischen 22:00h und 6:00h aufgehoben. Geblitzt wurde ich tags\u00fcber. Nun, es gab in dem Schilderwald noch ein Kombinationsschild mit insgesamt 4 Kennzeichen. Dort steht 120 km\/h und 100 km\/h wieder eingeschr\u00e4nkt auf 22:00h und 6:00h. Und zwischen diesen Schildern steht ein kleines Schildchen, wo 22:00h und 6:00h vertauscht sind. Tja, ich hatte 180 km\/h auf dem Tacho und musste auch ein wenig auf andere Verkehrsteilnehmer achten. Wie das andere mir bekannte Abzockopfer habe ich Einspruch eingelegt. Das Gericht in Wiesbaden ist nat\u00fcrlich befangen. Ein befreundeter Anwalt sagte mir, dass ich in Wiesbaden keine Chance h\u00e4tte, weil dort die Richterschaft schon komplett links-gr\u00fcn indoktriniert sei. Auch sei Wiesbaden bekannt f\u00fcr seine Abzock-Fallen. Das Gericht empfiehlt mir den Einspruch zur\u00fcck zu nehmen, weil man sonst noch auf Vorsatz pl\u00e4dieren w\u00fcrde. Den Antrag auf die Ladung von Zeugen hat das Gericht wohlweislich abgelehnt.<br \/>\nNun denn, das Verfahren soll erst im Oktober morgens um 8:45h stattfinden. Besser kann das Gericht seine Verachtung gegen\u00fcber der arbeitenden Bev\u00f6lkerung gar nicht zum Ausdruck bringen. Nun denn, ich werde meinen F\u00fchrerschein wohl zum ersten Mal \u00fcberhaupt f\u00fcr einen Monat abgeben m\u00fcssen. Da das Verfahren erst im Oktober ist, habe ich im Prinzip 14 Monate Zeit, mir einen Monat auszusuchen. Und ich habe meinem Finanzamt bereits mitgeteilt, dass ich meine Steuervorauszahlungen (bin selbst\u00e4ndig) um 5.000,- EUR k\u00fcrze, weil ich dann halt einen Monat nicht arbeiten werde und stattdessen die Zeit im Ausland verlustiere. Das Bu\u00dfgeld soll \u00fcbrigens nur schlappe 508,-EUR betragen. Und der befreundete Anwalt meinte, dass ich diese geringe Summer ja viel einfacher zur\u00fcck bek\u00e4me, wenn ich ein oder zwei kleine Fehler in meine Buchhaltung mache. Und solche Fehler muss man ja machen, damit im Falle einer Betriebspr\u00fcfung der Pr\u00fcfer auch irgendwas findet. Wenn die n\u00e4mlich nichts finden, kann es richtig \u00fcbel werden. Der Staat sorgt also mit solchen Aktionen gegen Autofahren einfach nur f\u00fcr erhebliche Mindereinnahmen, weil dann eben nicht mehr wertsch\u00f6pfend gearbeitet wird. Schlimm ist nur, dass Netto-Steuerzahler die ganze Bagage an Typen, die uns g\u00e4ngeln und \u00fcber den Tisch ziehen, mit finanzieren m\u00fcssen. Und diese Typen finden sich wahrscheinlich auch noch toll dabei. M.G. 19.6.2023<\/p>\n","protected":false},"excerpt":{"rendered":"<p>Home &gt;Tourismus &gt;Strassen Listenauswahl eines Beitrags: Bitte anklicken oder runterscrollen Fl\u00fcchtlinge statt Br\u00fccken \u2013 wof\u00fcr die Politik die Schulden wirklich verwendet (24.3.2025) Auto ist voll Nazi\u00a0(17.12.2023) Blitzer an den Strassen (19.6.2023) Stadttunnel: Soll sich der Transitschwerlastverkehr\u00a0 in Luft aufl\u00f6sen? (8.3.2023) &hellip; <a href=\"https:\/\/www.freiburg-schwarzwald.de\/blog\/tourismus\/strassen\/\">Weiterlesen <span class=\"meta-nav\">&rarr;<\/span><\/a><\/p>\n","protected":false},"author":4,"featured_media":0,"parent":44,"menu_order":0,"comment_status":"open","ping_status":"closed","template":"","meta":{"footnotes":""},"class_list":["post-36520","page","type-page","status-publish","hentry"],"_links":{"self":[{"href":"https:\/\/www.freiburg-schwarzwald.de\/blog\/wp-json\/wp\/v2\/pages\/36520","targetHints":{"allow":["GET"]}}],"collection":[{"href":"https:\/\/www.freiburg-schwarzwald.de\/blog\/wp-json\/wp\/v2\/pages"}],"about":[{"href":"https:\/\/www.freiburg-schwarzwald.de\/blog\/wp-json\/wp\/v2\/types\/page"}],"author":[{"embeddable":true,"href":"https:\/\/www.freiburg-schwarzwald.de\/blog\/wp-json\/wp\/v2\/users\/4"}],"replies":[{"embeddable":true,"href":"https:\/\/www.freiburg-schwarzwald.de\/blog\/wp-json\/wp\/v2\/comments?post=36520"}],"version-history":[{"count":5,"href":"https:\/\/www.freiburg-schwarzwald.de\/blog\/wp-json\/wp\/v2\/pages\/36520\/revisions"}],"predecessor-version":[{"id":132110,"href":"https:\/\/www.freiburg-schwarzwald.de\/blog\/wp-json\/wp\/v2\/pages\/36520\/revisions\/132110"}],"up":[{"embeddable":true,"href":"https:\/\/www.freiburg-schwarzwald.de\/blog\/wp-json\/wp\/v2\/pages\/44"}],"wp:attachment":[{"href":"https:\/\/www.freiburg-schwarzwald.de\/blog\/wp-json\/wp\/v2\/media?parent=36520"}],"curies":[{"name":"wp","href":"https:\/\/api.w.org\/{rel}","templated":true}]}}