{"id":3624,"date":"2012-05-22T17:41:34","date_gmt":"2012-05-22T17:41:34","guid":{"rendered":"https:\/\/www.freiburg-schwarzwald.de\/blog\/?page_id=3624"},"modified":"2026-02-04T21:50:49","modified_gmt":"2026-02-04T20:50:49","slug":"glottertal","status":"publish","type":"page","link":"https:\/\/www.freiburg-schwarzwald.de\/blog\/regio\/orte\/glottertal\/","title":{"rendered":"Glottertal"},"content":{"rendered":"<p>Home &gt;<a title=\"Regio\" href=\"https:\/\/www.freiburg-schwarzwald.de\/blog\/regio\/\">Regio<\/a> &gt;<a title=\"Orte\" href=\"https:\/\/www.freiburg-schwarzwald.de\/blog\/regio\/orte\/\">Orte<\/a> &gt;Glottertal<\/p>\n<div id=\"attachment_3627\" style=\"width: 609px\" class=\"wp-caption alignnone\"><a href=\"https:\/\/www.freiburg-schwarzwald.de\/blog\/regio\/orte\/glotttertal\/eichberg-pan061106\/\" rel=\"attachment wp-att-3627\"><img loading=\"lazy\" decoding=\"async\" aria-describedby=\"caption-attachment-3627\" class=\"size-full wp-image-3627\" title=\"eichberg-pan061106\" src=\"https:\/\/www.freiburg-schwarzwald.de\/blog\/wp-content\/uploads\/2012\/05\/eichberg-pan061106.jpg\" alt=\"\" width=\"599\" height=\"233\" srcset=\"https:\/\/www.freiburg-schwarzwald.de\/blog\/wp-content\/uploads\/2012\/05\/eichberg-pan061106.jpg 599w, https:\/\/www.freiburg-schwarzwald.de\/blog\/wp-content\/uploads\/2012\/05\/eichberg-pan061106-180x70.jpg 180w\" sizes=\"auto, (max-width: 599px) 100vw, 599px\" \/><\/a><p id=\"caption-attachment-3627\" class=\"wp-caption-text\">Blick vom Ahlenbach nach Norden zum Glottert\u00e4ler Eichberg am 6.11.2006<\/p><\/div>\n<p>&nbsp;<\/p>\n<ul>\n<li><a href=\"https:\/\/www.freiburg-schwarzwald.de\/blog\/energie\/wind\/windkraft-schwarzwald\/\">Der Mythos vom \u201eB\u00fcrgerwindpark Brombeerkopf\u201c<\/a>\u00a0(4.2.2025)<\/li>\n<li>Tourismus-Verein Glottertal &#8211; Neustart (7.7.2023)<\/li>\n<li><a href=\"https:\/\/www.freiburg-schwarzwald.de\/blog\/regio\/berge\/kandel\/\">Bergwelt Kandel \u2013 Gastronomie und Hotel \u00f6ffnen am 1.7.2021<\/a>\u00a0(23.6.2021)<\/li>\n<li>Bernhard W\u00fcrzburger: Bilder vom Glottertal (1.12.2020)<\/li>\n<li><a title=\"Kandel\" href=\"https:\/\/www.freiburg-schwarzwald.de\/blog\/regio\/berge\/kandel\/\">Bergwelt Kandel \u2013 Neubauprojekt mit Strahlkraft<\/a> (23.4.2020)<\/li>\n<li><a href=\"https:\/\/www.freiburg-schwarzwald.de\/blog\/8-eichberglauf-in-glottertal\/\">https:\/\/www.freiburg-schwarzwald.de\/blog\/8-eichberglauf-in-glottertal\/<\/a>\u00a0(14.6.2013)<\/li>\n<li><a href=\"https:\/\/www.freiburg-schwarzwald.de\/blog\/badischer-kraeutertag-glottertal\/\">https:\/\/www.freiburg-schwarzwald.de\/blog\/badischer-kraeutertag-glottertal\/<\/a>\u00a0(6.6.2013)<\/li>\n<li><a href=\"https:\/\/www.freiburg-schwarzwald.de\/blog\/heimatlieder-buch-glottertal\/\">https:\/\/www.freiburg-schwarzwald.de\/blog\/heimatlieder-buch-glottertal\/<\/a>\u00a0(30.11.2012)<\/li>\n<li><a href=\"https:\/\/www.freiburg-schwarzwald.de\/blog\/fronleichnamsprozession-in-glottertal\/\">https:\/\/www.freiburg-schwarzwald.de\/blog\/fronleichnamsprozession-in-glottertal\/<\/a><\/li>\n<li><a href=\"https:\/\/www.freiburg-schwarzwald.de\/blog\/bergbau-im-glottertal-ortsgeschichtsbuch-zu-den-900-jahr-feiern\/\">https:\/\/www.freiburg-schwarzwald.de\/blog\/bergbau-im-glottertal-ortsgeschichtsbuch-zu-den-900-jahr-feiern\/<\/a><\/li>\n<li><a href=\"https:\/\/www.freiburg-schwarzwald.de\/glottertal1.htm\">Aktuelle Infos zur Glottertal-Seite<\/a> &gt;Glottertal1<\/li>\n<li><strong><a href=\"https:\/\/www.freiburg-schwarzwald.de\/glottertal.htm\">www.freiburg-schwarzwald.de\/glottertal.htm<\/a> &gt;Archivseite Glottertal<\/strong><\/li>\n<li><\/li>\n<li>H\u00f6fe im Glottertal<\/li>\n<li><a href=\"https:\/\/www.freiburg-schwarzwald.de\/glottertal#Orientierung: Glottertal im Nordosten von Freiburg\">Orientierung: Glottertal im Nordosten von Freiburg<\/a><\/li>\n<li><a href=\"https:\/\/www.freiburg-schwarzwald.de\/glottertal5.htm\">Bauernh\u00f6fe &#8211; Fewo, Hofladen im Glottertal<\/a> &gt;Glottertal5<\/li>\n<li><a href=\"https:\/\/www.freiburg-schwarzwald.de\/ahlenbach.htm\">Bauernh\u00f6fe &#8211; Fewo, Hofladen im Glottertal<\/a> &gt;Ahlenbach<\/li>\n<li><a href=\"https:\/\/www.freiburg-schwarzwald.de\/foehrental.htm\">Bauernh\u00f6fe &#8211; Fewo, Hofladen im F\u00f6hrental<\/a> &gt;Foehrental<\/li>\n<li><a href=\"https:\/\/www.freiburg-schwarzwald.de\/oberglottertal5.htm\">Bauernh\u00f6fe &#8211; Fewo, Hofladen in Oberglottertal<\/a> &gt;Oberglottertal5<\/li>\n<li><a href=\"https:\/\/www.freiburg-schwarzwald.de\/ohrensbach.htm\">Bauernh\u00f6fe &#8211; Fewo, Hofladen im Glottertal<\/a> &gt;Ohrensbach<\/li>\n<li><a href=\"https:\/\/www.freiburg-schwarzwald.de\/bergwerk.htm#Bergbau im Brettenbach, Elztal, Glottertal, Simonsw\u00e4ldertal\">Bergbau im Glottertal<\/a> &gt;Bergwerk<\/li>\n<li><a href=\"https:\/\/www.freiburg-schwarzwald.de\/schwarzwaldklinik.htm#Cafe Schill in Glottertal\">Cafe Schill &#8211; Treffpunkt f\u00fcr Schwarzwaldklinik-Fans<\/a> &gt;Schwarzwaldklinik<\/li>\n<li><a href=\"https:\/\/www.freiburg-schwarzwald.de\/glottertalfewo.htm\">Ferienwohnungen im Glottertal<\/a> &gt;GlottertalFewo<\/li>\n<li><a href=\"https:\/\/www.freiburg-schwarzwald.de\/glottertal#Freibad Glottertal\">Freibad Glottertal<\/a><\/li>\n<li><a href=\"https:\/\/www.freiburg-schwarzwald.de\/ausflug.htm#Schwarzwaldklinik - die ZDF-Fernsehserie der 80er Jahre\">Glottertal &#8211; Schwarzwaldklinik<\/a> &gt;Ausflug<\/li>\n<li><a href=\"https:\/\/www.freiburg-schwarzwald.de\/hofladen.htm#Glottert\u00e4ler Erzeugergemeinschaft - Rindfleisch direkt vom Bauern\">Glottert\u00e4ler Erzeugergemeinschaft<\/a> &gt;Hofladen<\/li>\n<li><a href=\"https:\/\/www.freiburg-schwarzwald.de\/muehlen.htm#Glottertal: Hilzingerm\u00fchle\">Hilzingerm\u00fchle &#8211; die \u00e4lteste Hofm\u00fchle im Landkreis Breisgau-Hochschwarzwald<\/a> &gt;Muehlen<\/li>\n<li><a href=\"https:\/\/www.freiburg-schwarzwald.de\/glottertal#Glottertal\">Glottertal mit vier Ortsteilen<\/a><\/li>\n<li><a href=\"https:\/\/www.freiburg-schwarzwald.de\/glottertal#Glottertal-Fotos\">Glottertal-Fotos<\/a><\/li>\n<li><a href=\"https:\/\/www.freiburg-schwarzwald.de\/glotterbad.htm\">Glotterbad &#8211; Schwarzwaldklinik &#8211; Reha-Klinik<\/a> &gt;Glotterbad<\/li>\n<li><a href=\"https:\/\/www.freiburg-schwarzwald.de\/glottertal#Glottert\u00e4ler Wirtegemeinschaft\">Glottert\u00e4ler Wirtegemeinschaft &#8211; &#8222;Gastliches Glottertal&#8220;<\/a><\/li>\n<li><a href=\"https:\/\/www.freiburg-schwarzwald.de\/stpeter-rundflug.htm\">Luftbilder vom Glottertal<\/a> &gt;StPeter-Rundflug (23.9.2006)<\/li>\n<li><a href=\"https:\/\/www.freiburg-schwarzwald.de\/glottertal#Naturschutzgruppe Glottertal\">Naturschutzgruppe Glottertal<\/a><\/li>\n<li><a href=\"https:\/\/www.freiburg-schwarzwald.de\/schwarzwaldklinik.htm#Die Schwarzwaldklinik lebt weiter\">Schwarzwaldklinik &#8211; sie lebt weiter<\/a>\u00a0&gt;Schwarzwaldklinik (13.5.2005)<\/li>\n<li><a title=\"Simonswald\" href=\"https:\/\/www.freiburg-schwarzwald.de\/blog\/regio\/orte\/simonswald\/\">Simonsw\u00e4lder Tal<\/a><\/li>\n<li><a title=\"Urgraben\" href=\"https:\/\/www.freiburg-schwarzwald.de\/blog\/regio\/fluss\/urgraben\/\">Urgraben &#8211; Hangkanal 15 km von St.Peter ins Suggental<\/a><\/li>\n<li><a href=\"https:\/\/www.freiburg-schwarzwald.de\/wein.htm#Glottertal - Winzergenossenschaft\">Winzergenossenschaft Glottertal<\/a> &gt;Wein<\/li>\n<\/ul>\n<p>&nbsp;<\/p>\n<p>&nbsp;<\/p>\n<p><a href=\"https:\/\/www.freiburg-schwarzwald.de\/blog\/regio\/orte\/glotttertal\/glottertal21fronleichnam120607\/\" rel=\"attachment wp-att-4676\"><img loading=\"lazy\" decoding=\"async\" class=\"alignnone size-thumbnail wp-image-4676\" title=\"glottertal21fronleichnam120607\" src=\"https:\/\/www.freiburg-schwarzwald.de\/blog\/wp-content\/uploads\/2012\/05\/glottertal21fronleichnam120607-180x135.jpg\" alt=\"\" width=\"180\" height=\"135\" srcset=\"https:\/\/www.freiburg-schwarzwald.de\/blog\/wp-content\/uploads\/2012\/05\/glottertal21fronleichnam120607-180x135.jpg 180w, https:\/\/www.freiburg-schwarzwald.de\/blog\/wp-content\/uploads\/2012\/05\/glottertal21fronleichnam120607.jpg 640w\" sizes=\"auto, (max-width: 180px) 100vw, 180px\" \/><\/a>\u00a0\u00a0\u00a0\u00a0\u00a0\u00a0\u00a0\u00a0\u00a0\u00a0\u00a0\u00a0\u00a0\u00a0 <a href=\"https:\/\/www.freiburg-schwarzwald.de\/blog\/regio\/orte\/glotttertal\/glottertal18fronleichnam120607\/\" rel=\"attachment wp-att-4677\"><img loading=\"lazy\" decoding=\"async\" class=\"alignnone size-thumbnail wp-image-4677\" title=\"glottertal18fronleichnam120607\" src=\"https:\/\/www.freiburg-schwarzwald.de\/blog\/wp-content\/uploads\/2012\/05\/glottertal18fronleichnam120607-180x135.jpg\" alt=\"\" width=\"180\" height=\"135\" srcset=\"https:\/\/www.freiburg-schwarzwald.de\/blog\/wp-content\/uploads\/2012\/05\/glottertal18fronleichnam120607-180x135.jpg 180w, https:\/\/www.freiburg-schwarzwald.de\/blog\/wp-content\/uploads\/2012\/05\/glottertal18fronleichnam120607.jpg 640w\" sizes=\"auto, (max-width: 180px) 100vw, 180px\" \/><\/a><br \/>\n(1) Rathaus\u00a0\u00a0\u00a0\u00a0\u00a0\u00a0\u00a0\u00a0\u00a0\u00a0\u00a0\u00a0\u00a0\u00a0\u00a0\u00a0\u00a0\u00a0\u00a0\u00a0\u00a0\u00a0\u00a0\u00a0\u00a0\u00a0\u00a0\u00a0\u00a0\u00a0\u00a0\u00a0\u00a0\u00a0\u00a0\u00a0\u00a0\u00a0\u00a0\u00a0\u00a0\u00a0\u00a0\u00a0\u00a0\u00a0\u00a0\u00a0\u00a0\u00a0\u00a0\u00a0 (2) Zum Engel in Glottertal\u00a07.6.2012<\/p>\n<p>(1) Rathaus Glottertal am 7.6.2012 &#8211; 900 JAHRE GLOTTERTAL<br \/>\n.<\/p>\n<p align=\"left\"><strong>Glottertal mit vier Ortsteilen<\/strong><\/p>\n<p>Erst 1970 entstand Glottertal als Zusammenschlu\u00df der Gemeinden Oberglottertal, Unterglottertal, Ohrensbach und F\u00f6hrental.<br \/>\nDas Glottertal liegt am S\u00fcdhang des 1243 m hohen Kandels und hat die h\u00f6chstgelegenen Weinberge Deutschlands (Lage Roter Bur und Lage Eichberg).<br \/>\nDas von gro\u00dfen Schwarzwaldh\u00f6fen in Streubesiedelung durchzogene Glottertal wurde bekannt durch die Fernsehserie &#8222;Scharzwaldklinik&#8220;.<br \/>\nStatistik: 3000 Einwohner, Gemarkungsfl\u00e4che 3076 ha (1891 ha Wald, 1025 ha Landwirtschaft, 160 ha Siedlung). \u00dcber 70 bewirtschaftete Bauernh\u00f6fe.<\/p>\n<p align=\"left\">Der Ort\u00a0Glottertal ist heute gepr\u00e4gt von Weinbau, Landwirtschaft, Kleingewerbe, Gastronomie und Tourismus. Zwei gro\u00dfe Reha-Kliniken &#8222;Glotterbad&#8220; bieten preisg\u00fcnstige Gesundheitswochen an. Die <a href=\"https:\/\/www.freiburg-schwarzwald.de\/wein.htm#Glottertal - Winzergenossenschaft\">Winzergenossenschaft Glottertal<\/a> ist eine der kleinsten selbstvermarktenden Winzergenossenschaften in Baden. Spezialit\u00e4t ist der Sp\u00e4tburgunder Wei\u00dfherbst.<br \/>\nGlottertal ist jung &#8211;\u00a0 es entstand erst im Jahr 1970 als Zusammenschluss der Gemeinden Oberglottertal, Unterglottertal, Ohrensbach und F\u00f6hrental.<\/p>\n<p align=\"left\">Das Glottertal verl\u00e4uft ca acht km von Westen (Unterglottertal) nach Osten bis hoch nach St. Peter &#8211;\u00a0 zwischen den Bergen Kandel (1241 m) im Norden und Flaunser (866 m) im S\u00fcden. W\u00e4hrend unten an den H\u00e4ngen des breiten Unterglottertals Reben f\u00fcr einen guten Wein wachsen, ist oben im schmalen Tal neben dem Bach kaum Platz f\u00fcr die Stra\u00dfe. Ungef\u00e4hr 1000 m H\u00f6hendifferenz liegen zwischen der Mattenm\u00fchle (268 m) und dem Gipfel des Kandels<\/p>\n<p align=\"left\">Tourist Information, Rathausweg 12, 79286 Glottertal, Tel 07684\/9104.0, Fax 9104-13<br \/>\nGemeindeverwaltung 07684\/91020, eMail <a href=\"mailto:tourist-info@glottertal.de\">tourist-info@glottertal.de<br \/>\nInternet<\/a> <a href=\"https:\/\/www.glottertal.de\/\" target=\"_blank\" rel=\"noopener noreferrer\">www.glottertal.de<\/a><\/p>\n<div id=\"attachment_90941\" style=\"width: 650px\" class=\"wp-caption alignnone\"><a href=\"https:\/\/www.freiburg-schwarzwald.de\/blog\/wp-content\/uploads\/2021\/05\/glottertal-regenbogen-pan210520.jpg\"><img loading=\"lazy\" decoding=\"async\" aria-describedby=\"caption-attachment-90941\" class=\"size-full wp-image-90941\" src=\"https:\/\/www.freiburg-schwarzwald.de\/blog\/wp-content\/uploads\/2021\/05\/glottertal-regenbogen-pan210520.jpg\" alt=\"\" width=\"640\" height=\"285\" srcset=\"https:\/\/www.freiburg-schwarzwald.de\/blog\/wp-content\/uploads\/2021\/05\/glottertal-regenbogen-pan210520.jpg 640w, https:\/\/www.freiburg-schwarzwald.de\/blog\/wp-content\/uploads\/2021\/05\/glottertal-regenbogen-pan210520-180x80.jpg 180w\" sizes=\"auto, (max-width: 640px) 100vw, 640px\" \/><\/a><p id=\"caption-attachment-90941\" class=\"wp-caption-text\">Regenbogen im Glottertal bei Freiburg im Mai 2021 &#8211; Bild: Karten Benthlin<\/p><\/div>\n<p align=\"left\">===========================================<\/p>\n<p align=\"left\">.<\/p>\n<p><strong>Tourismus-Verein Glottertal &#8211; Neustart<\/strong><br \/>\nSusanne Sch\u00e4tzle ist neue Vorsitzende des Tourismus-Vereins Glottertal. Sie erkl\u00e4rt, wie sie auf die ver\u00e4nderten Bed\u00fcrfnisse der G\u00e4ste reagieren will.<br \/>\nDer Tourismus-Verein im Glottertal will in diesem Jahr einen Neustart schaffen. Die Vorsitzende Susanne Sch\u00e4tzle kann sich unter anderem einen digitalen Wandel f\u00fcr den Verein vorstellen. Sie hat das Amt seit Mai inne und \u00fcbernimmt damit den Posten der verstorbenen Marlene Heizmann, die sich in vielen Bereichen f\u00fcr den Tourismus im Glottertal eingesetzt hat.<br \/>\n.<br \/>\nBZ: Warum ist Ihnen die Arbeit des Tourismus-Vereins so wichtig?<br \/>\nSch\u00e4tzle: Meine Arbeit rund um den Mattenhof ist sehr touristisch gepr\u00e4gt und es ist auch mir ein Anliegen, den Tourismus im Glottertal zu f\u00f6rdern. Der Tourismus-Verein ist wichtig als Bindeglied zwischen Gemeinde, Verkehrsamt und den \u00f6rtlichen Betrieben.<\/p>\n<p>BZ: Status Quo \u2013 wie sch\u00e4tzen Sie den Tourismus im Glottertal ein?<br \/>\nSch\u00e4tzle: Das Glottertal ist schon lange, nicht nur die Schwarzwaldklinik, touristisch bekannt. Ich denke, die Buchungszahlen sind gut, die G\u00e4ste kommen, um den Ort zu genie\u00dfen und um sich in einer der vielen Gastst\u00e4tten verw\u00f6hnen zu lassen. Die Natur lockt die Leute, man kann gleich loswandern und sch\u00f6ne Wanderstrecken genie\u00dfen.<\/p>\n<p>BZ: Welchen neuen Themen und Ideen will sich der Verein widmen?<br \/>\nSch\u00e4tzle: Bisher haben wir die Themen noch nicht richtig besprochen. Auf lange Sicht soll es wieder eine Veranstaltung vom Verein geben. Au\u00dferdem wollen wir schauen, dass wir weiterhin mit der Gemeinde die touristische Infrastruktur verbessern k\u00f6nnen. Und dann geht es sicher auch um die Werbung f\u00fcr den Fremdenverkehr und die Frage: Wie stellen wir uns weiter auf? F\u00fcr die Betriebe und den Tourismus-Verein k\u00f6nnten da auch die sozialen Medien eine Rolle spielen.<\/p>\n<p>BZ: Haben Sie schon geplant, wie der Verein die sozialen Medien nutzen will?<br \/>\nSch\u00e4tzle: Wie der Verein dazu steht, das kann ich noch nicht sagen. Ich bin selbst der Meinung, dass wir hier aktiv werden sollten. Sei es mit einer Website, Instagram oder Facebook. Man erreicht auf diesem Weg sehr viel. Ich selbst bin f\u00fcr unseren Hof auch in den Sozialen Medien aktiv und bewerbe dort unseren Betrieb. Heutzutage geht nicht mehr viel auf Papier. Man schaut lieber schnell im Internet, ob ein Betrieb ge\u00f6ffnet hat oder ob es freie Zimmer gibt. Am Ball bleiben ist wichtig in dieser schnelllebigen Zeit.<\/p>\n<p>BZ: Gibt es ein Ziel, auf das Sie hinarbeiten?<br \/>\nSch\u00e4tzle: Ich bin aktuell zufrieden, aber man sollte immer an sich arbeiten, um sich zu steigern. Wir wollen darauf hinarbeiten, dass die Zahlen stabil bleiben. Ich glaube, das wird eher unser Thema f\u00fcr die n\u00e4chsten Jahre sein \u2013 den Tourismus aufrecht erhalten. Man wei\u00df ja auch nicht, wie sich die Lage in Deutschland entwickelt. Urlaub wird bei vielen Deutschen vermutlich zur Geldfrage werden.<\/p>\n<p>BZ: Wie lang bleiben die G\u00e4ste? Gab es da eine Ver\u00e4nderung?<br \/>\nSch\u00e4tzle: Es gab fr\u00fcher sehr viele Stammg\u00e4ste, die mindestens zwei oder teils drei Wochen geblieben sind. Wenn jetzt jemand so lange bleibt, ist das eher ein Highlight im Belegungskalender. Jetzt bleiben die G\u00e4ste eher eine Woche.<\/p>\n<p>BZ: Wie versuchen Sie Touristen zu mehr \u00dcbernachtungen im Glottertal zu bewegen?<br \/>\nSch\u00e4tzle: Wenn man l\u00e4nger bleibt, dann gibt es nat\u00fcrlich auch einen g\u00fcnstigeren Preis pro \u00dcbernachtung. Unser Ziel ist, es zu erreichen, dass die G\u00e4ste in der Hochsaison eine Woche bleiben. Hier spielt auch das Thema Nachhaltigkeit eine Rolle. Wenn f\u00fcr zwei, drei Tage eine Ferienwohnung vermietet wird, dann muss alles geputzt werden, wir verbrauchen einen Haufen Putzmittel, die Bettw\u00e4sche muss gewaschen werden \u2013 das hat wenig mit Nachhaltigkeit zu tun.<\/p>\n<p>BZ: Was sind die n\u00e4chsten Schritte des Vereins?<br \/>\nSch\u00e4tzle: Vor den Sommerferien treffen wir uns nochmal und besprechen, welche Ziele wir uns setzen wollen.<br \/>\n&#8230; Alles vom 7.7.2023 von bitte lesen auf<br \/>\n<a href=\"https:\/\/www.badische-zeitung.de\/heutzutage-geht-nicht-mehr-viel-auf-papier--272696478.html\">https:\/\/www.badische-zeitung.de\/heutzutage-geht-nicht-mehr-viel-auf-papier&#8211;272696478.html<\/a><\/p>\n<p><a href=\"https:\/\/www.glottertal.de\/\">https:\/\/www.glottertal.de\/<\/a><br \/>\n<a href=\"https:\/\/www.glottertal.de\/attraktionen\/tourismus-e.v.-glottertal-da20bce262\">https:\/\/www.glottertal.de\/attraktionen\/tourismus-e.v.-glottertal-da20bce262<\/a><br \/>\n<a href=\"https:\/\/www.facebook.com\/GlottertalTourismus\/?locale=de_DE\">https:\/\/www.facebook.com\/GlottertalTourismus\/?locale=de_DE<\/a><br \/>\n.<br \/>\n<em>Susanne Sch\u00e4tzle (55) f\u00fchrt gemeinsam mit ihrem Mann Berthold Sch\u00e4tzle den Mattenhof im Glottertal. Gemeinsam haben sie sieben Ferienwohnungen und ein Berghaus, das sie vermieten. Au\u00dferdem haben sie einen Hofladen und ein Hofcaf\u00e9. Seit diesem Jahr ist Sch\u00e4tzle die Vorsitzende des Tourismus-Vereins Glottertal.<\/em><br \/>\n<em><a href=\"https:\/\/www.mattenhof-glottertal.de\/\">https:\/\/www.mattenhof-glottertal.de\/<\/a><\/em><\/p>\n<p>&nbsp;<\/p>\n<p align=\"left\"><strong>Bernhard W\u00fcrzburger: Bilder vom Glottertal<\/strong><br \/>\n<em>Motive aus dem Glottertal schm\u00fccken den Innenbereich des neuen Rewe-Supermarktes in Glottertal. Au\u00dfen h\u00e4ngen zwei gro\u00dfformatige Bilder des Glottert\u00e4ler Hobbyfotografen Bernhard W\u00fcrzburger. &#8230;.<\/em><br \/>\nWas f\u00fcr Motive bekommen die Menschen vor und im neuen Rewe zu sehen?<br \/>\nW\u00fcrzburger: Meine Bilder repr\u00e4sentieren das Glottertal von seiner landschaftlichen und von seiner menschlichen Seite. Aktuell h\u00e4ngen dort ein Bild von zwei jungen Frauen in Tracht und Bilder, die die landschaftliche Vielfalt des Tals im Jahreszeitenverlauf zeigen. Geplant ist ein viertelj\u00e4hrlicher Wechsel der Motive. Mit der Idee kam der Betreiber des Rewe-Marktes, Dieter Schneider, auf mich zu. Er bringt damit optisch das Flair des Glottertals direkt in den neuen Markt im Ortszentrum.<br \/>\nBZ: Was macht den Reiz des Glottertals aus?<br \/>\nW\u00fcrzburger: Landschaft, Genuss und Kultur. Von meiner Frau, die in der Touristen-Information arbeitet, wei\u00df ich, dass die G\u00e4ste von der lieblichen und abwechslungsreichen Landschaft total begeistert sind. Wir alteingesessenen Glottert\u00e4ler nehmen dies bisweilen gar nicht mehr wahr.<br \/>\n&#8230; Alles vom 1.12.2020 bitte lesen auf<br \/>\n<a href=\"https:\/\/www.badische-zeitung.de\/bernhard-wuerzburger-mit-kamera-vergesse-ich-raum-und-zeit--198430691.html\">https:\/\/www.badische-zeitung.de\/bernhard-wuerzburger-mit-kamera-vergesse-ich-raum-und-zeit&#8211;198430691.html<\/a><br \/>\n.<br \/>\nDer gro\u00dfe Kalender &#8222;Magische Momente&#8220; von <a href=\"https:\/\/www.freiburg-schwarzwald.de\/blog\/business\/dienste\/fotografie\/\">Bernhard W\u00fcrzburger<\/a> kostet 14 Euro, die kleinen Kalender und Engelb\u00fcchlein kosten 4,90 Euro. Man kann sie in Glottertal im Rewe, in der WG Roter Bur, im Blumengesch\u00e4ft Rombach, in der Tourist-Info oder bei ihm selbst erwerben sowie in Denzlingen bei Schreibwaren Markstaller.<\/p>\n<p align=\"left\">.<\/p>\n<p align=\"left\"><strong>H\u00f6fe im Glottertal<\/strong><br \/>\nWiesen, Felder, Rebberge und W\u00e4lder: Das Glottertal hat eine einmalige Kulturlandschaft und lockt jedes Jahr tausende Urlauber an. Seit Jahrhunderten formen Landwirte diesen Naturraum und pr\u00e4gen das Ortsbild mit ihren markanten Bauernh\u00f6fen. In einer Serie stellt die Badische Zeitung diese H\u00f6fe und ihre Geschichten vor&#8230;..<br \/>\nWiesen, Felder, Rebberge und W\u00e4lder: Das Glottertal hat eine einmalige Kulturlandschaft und lockt jedes Jahr tausende Urlauber an. Seit Jahrhunderten formen Landwirte diesen Naturraum und pr\u00e4gen das Ortsbild mit ihren markanten Bauernh\u00f6fen. In einer neuen Serie stellt die Badische Zeitung diese H\u00f6fe und ihre Geschichten vor.<br \/>\n&#8230; Alles von Bernhard Hoch ab 5.3.2017 bitte lesen auf<br \/>\n<a href=\"https:\/\/www.badische-zeitung.de\/hoefe-im-glottertal\">https:\/\/www.badische-zeitung.de\/hoefe-im-glottertal<\/a><\/p>\n<p align=\"left\"><strong>Hofbauernhof in Oberglottertal &#8211; drei Frauen, drei Generationen<\/strong><br \/>\nF\u00fcr Hilda, 69 Jahre, ist es ein Graus, f\u00fcr Maria, 94, ein Traum, f\u00fcr Ulrike, 36, ist es Normalit\u00e4t \u2013 die drei Strecker-Frauen vom Hofbauernhof im Oberglottertal. Die Geschichte der drei Generationen macht deutlich, wie rasant sich unsere Mobilit\u00e4t innerhalb weniger Jahrzehnte ver\u00e4ndert hat. &#8230;..<br \/>\nAlles vom 19.8.2013 bitte lesen auf<br \/>\n<a href=\"https:\/\/www.badische-zeitung.de\/freiburg\/serie-hin-und-weg-wie-sich-mobilitaet-ueber-generationen-veraendert-hat\">https:\/\/www.badische-zeitung.de\/freiburg\/serie-hin-und-weg-wie-sich-mobilitaet-ueber-generationen-veraendert-hat<\/a><\/p>\n","protected":false},"excerpt":{"rendered":"<p>Home &gt;Regio &gt;Orte &gt;Glottertal &nbsp; Der Mythos vom \u201eB\u00fcrgerwindpark Brombeerkopf\u201c\u00a0(4.2.2025) Tourismus-Verein Glottertal &#8211; Neustart (7.7.2023) Bergwelt Kandel \u2013 Gastronomie und Hotel \u00f6ffnen am 1.7.2021\u00a0(23.6.2021) Bernhard W\u00fcrzburger: Bilder vom Glottertal (1.12.2020) Bergwelt Kandel \u2013 Neubauprojekt mit Strahlkraft (23.4.2020) https:\/\/www.freiburg-schwarzwald.de\/blog\/8-eichberglauf-in-glottertal\/\u00a0(14.6.2013) https:\/\/www.freiburg-schwarzwald.de\/blog\/badischer-kraeutertag-glottertal\/\u00a0(6.6.2013) https:\/\/www.freiburg-schwarzwald.de\/blog\/heimatlieder-buch-glottertal\/\u00a0(30.11.2012) &hellip; <a href=\"https:\/\/www.freiburg-schwarzwald.de\/blog\/regio\/orte\/glottertal\/\">Weiterlesen <span class=\"meta-nav\">&rarr;<\/span><\/a><\/p>\n","protected":false},"author":2,"featured_media":0,"parent":363,"menu_order":0,"comment_status":"open","ping_status":"closed","template":"","meta":{"footnotes":""},"class_list":["post-3624","page","type-page","status-publish","hentry"],"_links":{"self":[{"href":"https:\/\/www.freiburg-schwarzwald.de\/blog\/wp-json\/wp\/v2\/pages\/3624","targetHints":{"allow":["GET"]}}],"collection":[{"href":"https:\/\/www.freiburg-schwarzwald.de\/blog\/wp-json\/wp\/v2\/pages"}],"about":[{"href":"https:\/\/www.freiburg-schwarzwald.de\/blog\/wp-json\/wp\/v2\/types\/page"}],"author":[{"embeddable":true,"href":"https:\/\/www.freiburg-schwarzwald.de\/blog\/wp-json\/wp\/v2\/users\/2"}],"replies":[{"embeddable":true,"href":"https:\/\/www.freiburg-schwarzwald.de\/blog\/wp-json\/wp\/v2\/comments?post=3624"}],"version-history":[{"count":5,"href":"https:\/\/www.freiburg-schwarzwald.de\/blog\/wp-json\/wp\/v2\/pages\/3624\/revisions"}],"predecessor-version":[{"id":145354,"href":"https:\/\/www.freiburg-schwarzwald.de\/blog\/wp-json\/wp\/v2\/pages\/3624\/revisions\/145354"}],"up":[{"embeddable":true,"href":"https:\/\/www.freiburg-schwarzwald.de\/blog\/wp-json\/wp\/v2\/pages\/363"}],"wp:attachment":[{"href":"https:\/\/www.freiburg-schwarzwald.de\/blog\/wp-json\/wp\/v2\/media?parent=3624"}],"curies":[{"name":"wp","href":"https:\/\/api.w.org\/{rel}","templated":true}]}}