{"id":3618,"date":"2012-05-22T17:26:31","date_gmt":"2012-05-22T17:26:31","guid":{"rendered":"https:\/\/www.freiburg-schwarzwald.de\/blog\/?page_id=3618"},"modified":"2025-02-21T19:19:16","modified_gmt":"2025-02-21T18:19:16","slug":"bergwerk","status":"publish","type":"page","link":"https:\/\/www.freiburg-schwarzwald.de\/blog\/natur\/geologie\/bergwerk\/","title":{"rendered":"Bergwerk"},"content":{"rendered":"<p>Home &gt;<a title=\"Natur\" href=\"https:\/\/www.freiburg-schwarzwald.de\/blog\/natur\/\">Natur<\/a> &gt;<a title=\"Geologie\" href=\"https:\/\/www.freiburg-schwarzwald.de\/blog\/natur\/geologie\/\">Geologie<\/a> &gt;Bergwerk<\/p>\n<div id=\"attachment_10435\" style=\"width: 651px\" class=\"wp-caption alignnone\"><a href=\"https:\/\/www.freiburg-schwarzwald.de\/blog\/tourismus\/gastro\/gasthaus\/belchenhaus\/todtnauberg9pan-060130\/\" rel=\"attachment wp-att-10435\"><img loading=\"lazy\" decoding=\"async\" aria-describedby=\"caption-attachment-10435\" class=\"size-full wp-image-10435\" title=\"todtnauberg9pan-060130\" src=\"https:\/\/www.freiburg-schwarzwald.de\/blog\/wp-content\/uploads\/2012\/09\/todtnauberg9pan-060130.jpg\" alt=\"\" width=\"641\" height=\"233\" srcset=\"https:\/\/www.freiburg-schwarzwald.de\/blog\/wp-content\/uploads\/2012\/09\/todtnauberg9pan-060130.jpg 641w, https:\/\/www.freiburg-schwarzwald.de\/blog\/wp-content\/uploads\/2012\/09\/todtnauberg9pan-060130-180x65.jpg 180w, https:\/\/www.freiburg-schwarzwald.de\/blog\/wp-content\/uploads\/2012\/09\/todtnauberg9pan-060130-640x232.jpg 640w\" sizes=\"auto, (max-width: 641px) 100vw, 641px\" \/><\/a><p id=\"caption-attachment-10435\" class=\"wp-caption-text\">Tele-Blick nach Westen von Todtnauberg zum Belchen am 30.1.2006 &#8211; Belchenhaus links<\/p><\/div>\n<ul>\n<li><em>Listenauswahl eines Beitrags: Bitte anklicken oder runterscrollen<\/em><\/li>\n<li><a href=\"https:\/\/www.freiburg-schwarzwald.de\/blog\/global\/ukraine\/vorgeschichte\/\">Die Hauptbegr\u00fcndung f\u00fcr den Ukraine-Krieg: Bodensch\u00e4tze<\/a>\u00a0(20.2.2025)<\/li>\n<li><a href=\"https:\/\/www.freiburg-schwarzwald.de\/blog\/natur\/geologie\/lithium\/\">Lithium im Oberrheingraben und Erzgebirge<\/a> (4.2.2022)<\/li>\n<li><a href=\"https:\/\/www.freiburg-schwarzwald.de\/blog\/bergbau-im-glottertal-ortsgeschichtsbuch-zu-den-900-jahr-feiern\/\">https:\/\/www.freiburg-schwarzwald.de\/blog\/bergbau-im-glottertal-ortsgeschichtsbuch-zu-den-900-jahr-feiern\/<\/a><\/li>\n<li><a href=\"https:\/\/www.freiburg-schwarzwald.de\/bergwerk.htm#12. Internationaler Bergbau- und Montanhistorik-Workshop\">12. Internationaler Bergbau- und Montanhistorik-Workshop<\/a> &gt;Bergwerk (5.9.2009)<\/li>\n<li><a href=\"https:\/\/www.freiburg-schwarzwald.de\/buggingen.htm#Einweihung des neuen Kali-Museums des Bergmannsvereins Buggingen\">Einweihung des neuen Kali-Museums des Bergmannsvereins<\/a> &gt;Buggingen (19.5.2009)<\/li>\n<li><a href=\"https:\/\/www.freiburg-schwarzwald.de\/bollschweil1.htm#Steinbruch als Lebensraum\u00a0- nur noch wenig Erde deponiert\">Steinbruch als Lebensraum\u00a0&#8211; nur noch wenig Erde deponiert<\/a> &gt;Bollschweil1 (17.10.2008)<\/li>\n<li><a href=\"https:\/\/www.freiburg-schwarzwald.de\/suggental.htm#Besucherbergwerk: R\u00fccktritt von Gerd Burger - Besichtigungen eingeschr\u00e4nkt\">Besucherbergwerk: R\u00fccktritt Gerd Burger &#8211; Besichtigungen eingeschr\u00e4nkt<\/a>\u00a0 &gt;Suggental (8.9.08)<\/li>\n<li><a href=\"https:\/\/www.freiburg-schwarzwald.de\/geologie1.htm#Sandstein vom Steinbruch in Heimbach f\u00fcrs Freiburger M\u00fcnster\">Sandstein vom Steinbruch in Heimbach f\u00fcrs Freiburger M\u00fcnster<\/a> &gt;Geologie1 (21.6.2008)<\/li>\n<li><a href=\"https:\/\/www.freiburg-schwarzwald.de\/sulzburg1.htm#Brosch\u00fcre zum Rundwanderweg Sulzburger Bergbaugeschichte\">Brosch\u00fcre zum Rundwanderweg Sulzburger Bergbaugeschichte<\/a> &gt;Sulzburg1 (30.4.2008)<\/li>\n<li><a href=\"https:\/\/www.freiburg-schwarzwald.de\/buggingen.htm#Letzte Bergwerksbetreiberin f\u00fcr Sanierungsplan verantwortlich\">Letzte Bergwerksbetreiberin f\u00fcr Sanierungsplan verantwortlich<\/a> &gt;Buggingen (16.4.2008)<\/li>\n<li><a href=\"https:\/\/www.freiburg-schwarzwald.de\/bergwerk.htm#Markus Herbener von der HiM zur Bergbaugeschichte im M\u00fcnstertal\">Markus Herbener von der HiM zur Bergbaugeschichte im M\u00fcnstertal<\/a> &gt;Bergwerk (1.4.2008)<\/li>\n<li><a href=\"https:\/\/www.freiburg-schwarzwald.de\/bergwerk.htm#Ausgrabungen Sulzburg: Bergleute des Mittelalters waren nicht arm\">Ausgrabungen Sulzburg: Bergleute des Mittelalters waren nicht arm<\/a> (13.3.2007)<\/li>\n<li><a href=\"https:\/\/www.freiburg-schwarzwald.de\/bergwerk.htm#Bergbau in Dachsberg\">Bergbau in Dachsberg (19.8.2006)<\/a><\/li>\n<li><a href=\"https:\/\/www.freiburg-schwarzwald.de\/markgraeflerland3.htm#Grundwasserversalzung am Oberrhein: Kali, das Salz der Erde\">Grundwasserversalzung am Oberrhein: Kali, das Salz der Erde<\/a> &gt;Markgraeflerland3 (15.8.2006)<\/li>\n<li><a href=\"https:\/\/www.freiburg-schwarzwald.de\/bergwerk.htm#Geschichte des Bergbaus im Sulzburger Tal\">Geschichte des Bergbaus im Sulzburger Tal<\/a> (18.7.2006)<\/li>\n<li><\/li>\n<li><strong><a href=\"https:\/\/www.freiburg-schwarzwald.de\/bergwerk.htm\">www.freiburg-schwarzwald.de\/bergwerk.htm<\/a>&gt;Archivseite Bergwerk<\/strong><\/li>\n<li><a href=\"https:\/\/www.freiburg-schwarzwald.de\/bergwerk.htm#Bergbau im Brettenbach, Elztal, Glottertal, Simonsw\u00e4ldertal\">Bergbau im Brettenbach, Elztal, Glottertal, Simonsw\u00e4ldertal<\/a><\/li>\n<li><a href=\"https:\/\/www.freiburg-schwarzwald.de\/bergwerk.htm#Besucherbergwerk Finstergrund zwischen Wieden und Utzenfeld\">Besuchsbergwerk Finstergrund zwischen Wieden und Utzenfeld<\/a><\/li>\n<li><a href=\"https:\/\/www.freiburg-schwarzwald.de\/bergwerk.htm#Besucherbergwerk Teufelsgrund in M\u00fcnstertal\">Besuchsbergwerk Teufelsgrund in M\u00fcnstertal<\/a> <a href=\"https:\/\/www.freiburg-schwarzwald.de\/littenweiler\/kappel\/index.htm#Schauinsland - Links zum Bergwerk\">Kappler Tal bei Freiburg &#8211; Bergbau<\/a> &gt;Kappel<\/li>\n<li><a href=\"https:\/\/www.freiburg-schwarzwald.de\/bergwerk.htm#Forschungsgruppe Steiber\">Forschungsgruppe Steiber am Schauinsland<\/a><\/li>\n<li><a href=\"https:\/\/www.freiburg-schwarzwald.de\/blog\/natur\/geologie\/lithium\/\">Lithium<\/a><\/li>\n<li><a href=\"https:\/\/www.freiburg-schwarzwald.de\/bergwerk.htm#Rohstoffe in S\u00fcdbaden\">Rohstoffe am Oberrhein, in S\u00fcdbaden<\/a><\/li>\n<li><a href=\"https:\/\/www.freiburg-schwarzwald.de\/bergwerk.htm#Schwermetallbelastung f\u00fcr Gem\u00fcseanbau durch fr\u00fcheren Bergbau\">Schwermetallbelastung f\u00fcr Gem\u00fcseanbau durch fr\u00fcheren Bergbau<\/a> &gt;Bergwerk<\/li>\n<li><a href=\"https:\/\/www.freiburg-schwarzwald.de\/sexau.htm#Carolinengrube in Sexau-Eberb\u00e4chle\">Sexau, Landkreis Emmendingen: Carolinengrube in Sexau-Eberb\u00e4chle<\/a> &gt;Sexau<\/li>\n<li><a href=\"https:\/\/www.freiburg-schwarzwald.de\/steinbruch.htm\">Steinbr\u00fcche<\/a> &gt;Steinbruch<\/li>\n<li><a href=\"https:\/\/www.freiburg-schwarzwald.de\/bergwerk.htm#St.Ulrich - Birchiburg am Birkenberg\">St.Ulrich &#8211; Birchiburg am Birkenberg<\/a> (6.5.2006)<\/li>\n<li><a href=\"https:\/\/www.freiburg-schwarzwald.de\/geologie.htm#Bergbauforschungsgruppe Suggental informieren\">Suggental &#8211; Bergbauforschungsgruppe informiert<\/a> &gt;Geologie (21.10.2004)<\/li>\n<li><a href=\"https:\/\/www.freiburg-schwarzwald.de\/todtmoos1.htm#Hoffnungsstollen - Schaubergwek im Zellermoosweg\">Todtmoos: Hoffnungsstollen &#8211; Schaubergwek im Zellermoosweg<\/a> &gt;Todtmoos1 (21.7.2010)<\/li>\n<li>\n<p align=\"left\"><a href=\"https:\/\/www.freiburg-schwarzwald.de\/geothermie.htm\">Geothermie &#8211; W\u00e4rme aus der Erde<\/a> &gt;Geothermie<\/p>\n<\/li>\n<\/ul>\n","protected":false},"excerpt":{"rendered":"<p>Home &gt;Natur &gt;Geologie &gt;Bergwerk Listenauswahl eines Beitrags: Bitte anklicken oder runterscrollen Die Hauptbegr\u00fcndung f\u00fcr den Ukraine-Krieg: Bodensch\u00e4tze\u00a0(20.2.2025) Lithium im Oberrheingraben und Erzgebirge (4.2.2022) https:\/\/www.freiburg-schwarzwald.de\/blog\/bergbau-im-glottertal-ortsgeschichtsbuch-zu-den-900-jahr-feiern\/ 12. Internationaler Bergbau- und Montanhistorik-Workshop &gt;Bergwerk (5.9.2009) Einweihung des neuen Kali-Museums des Bergmannsvereins &gt;Buggingen (19.5.2009) Steinbruch &hellip; <a href=\"https:\/\/www.freiburg-schwarzwald.de\/blog\/natur\/geologie\/bergwerk\/\">Weiterlesen <span class=\"meta-nav\">&rarr;<\/span><\/a><\/p>\n","protected":false},"author":2,"featured_media":0,"parent":12944,"menu_order":0,"comment_status":"open","ping_status":"closed","template":"","meta":{"footnotes":""},"class_list":["post-3618","page","type-page","status-publish","hentry"],"_links":{"self":[{"href":"https:\/\/www.freiburg-schwarzwald.de\/blog\/wp-json\/wp\/v2\/pages\/3618","targetHints":{"allow":["GET"]}}],"collection":[{"href":"https:\/\/www.freiburg-schwarzwald.de\/blog\/wp-json\/wp\/v2\/pages"}],"about":[{"href":"https:\/\/www.freiburg-schwarzwald.de\/blog\/wp-json\/wp\/v2\/types\/page"}],"author":[{"embeddable":true,"href":"https:\/\/www.freiburg-schwarzwald.de\/blog\/wp-json\/wp\/v2\/users\/2"}],"replies":[{"embeddable":true,"href":"https:\/\/www.freiburg-schwarzwald.de\/blog\/wp-json\/wp\/v2\/comments?post=3618"}],"version-history":[{"count":2,"href":"https:\/\/www.freiburg-schwarzwald.de\/blog\/wp-json\/wp\/v2\/pages\/3618\/revisions"}],"predecessor-version":[{"id":131120,"href":"https:\/\/www.freiburg-schwarzwald.de\/blog\/wp-json\/wp\/v2\/pages\/3618\/revisions\/131120"}],"up":[{"embeddable":true,"href":"https:\/\/www.freiburg-schwarzwald.de\/blog\/wp-json\/wp\/v2\/pages\/12944"}],"wp:attachment":[{"href":"https:\/\/www.freiburg-schwarzwald.de\/blog\/wp-json\/wp\/v2\/media?parent=3618"}],"curies":[{"name":"wp","href":"https:\/\/api.w.org\/{rel}","templated":true}]}}