{"id":36037,"date":"2013-08-08T14:00:13","date_gmt":"2013-08-08T12:00:13","guid":{"rendered":"https:\/\/www.freiburg-schwarzwald.de\/blog\/?page_id=36037"},"modified":"2013-08-08T14:14:42","modified_gmt":"2013-08-08T12:14:42","slug":"jagd","status":"publish","type":"page","link":"https:\/\/www.freiburg-schwarzwald.de\/blog\/natur\/tiere\/jagd\/","title":{"rendered":"Jagd"},"content":{"rendered":"<p>Home &gt;<a title=\"Natur\" href=\"https:\/\/www.freiburg-schwarzwald.de\/blog\/natur\/\">Natur<\/a> &gt;<a title=\"Tiere\" href=\"https:\/\/www.freiburg-schwarzwald.de\/blog\/natur\/tiere\/\">Tiere<\/a> &gt;<a title=\"Wald\" href=\"https:\/\/www.freiburg-schwarzwald.de\/blog\/natur\/wald\/\">Wald<\/a> &gt;Jagd<\/p>\n<div id=\"attachment_34784\" style=\"width: 646px\" class=\"wp-caption alignnone\"><a href=\"https:\/\/www.freiburg-schwarzwald.de\/blog\/regio\/orte\/kirchzarten\/burg-hoefen\/burg-hoefen-pan130715\/\" rel=\"attachment wp-att-34784\"><img loading=\"lazy\" decoding=\"async\" aria-describedby=\"caption-attachment-34784\" class=\"size-full wp-image-34784\" title=\"burg-hoefen-pan130715\" src=\"https:\/\/www.freiburg-schwarzwald.de\/blog\/wp-content\/uploads\/2012\/11\/burg-hoefen-pan130715.jpg\" alt=\"\" width=\"636\" height=\"214\" srcset=\"https:\/\/www.freiburg-schwarzwald.de\/blog\/wp-content\/uploads\/2012\/11\/burg-hoefen-pan130715.jpg 636w, https:\/\/www.freiburg-schwarzwald.de\/blog\/wp-content\/uploads\/2012\/11\/burg-hoefen-pan130715-180x60.jpg 180w\" sizes=\"auto, (max-width: 636px) 100vw, 636px\" \/><\/a><p id=\"caption-attachment-34784\" class=\"wp-caption-text\">Blick vom Giersberg nach Nordosten auf Burg-H\u00f6fen am 15.7.2013<\/p><\/div>\n<p>&nbsp;<\/p>\n<p>&nbsp;<\/p>\n<ul>\n<li>J\u00e4ger und F\u00f6rster laden 70 Kinder ein in den M\u00fcnstert\u00e4ler Wald (7.8.2013)<\/li>\n<li><a href=\"https:\/\/www.freiburg-schwarzwald.de\/jagd.htm#Waldjugendtag: Dreisamt\u00e4ler J\u00e4ger bringen Sch\u00fclern Natur und Jagd n\u00e4her\">Waldjugendtag: Dreisamt\u00e4ler J\u00e4ger bringen Sch\u00fclern Natur und Jagd n\u00e4her<\/a> &gt;Jagd (27.7.11)<\/li>\n<li><a href=\"https:\/\/www.freiburg-schwarzwald.de\/jagd.htm#\u00dcber 30 F\u00fcchse bei den Fuchstagen 2011 erlegt\">\u00dcber 30 F\u00fcchse bei den Fuchstagen 2011 erlegt<\/a> &gt;jagd (24.2.2011)<\/li>\n<li><a href=\"https:\/\/www.freiburg-schwarzwald.de\/jagd#J\u00e4ger sollen aufh\u00f6ren, sich selbst in die Tasche zu l\u00fcgen\">J\u00e4ger sollen aufh\u00f6ren, sich selbst in die Tasche zu l\u00fcgen<\/a> (15.12.2009)<\/li>\n<li><a href=\"https:\/\/www.freiburg-schwarzwald.de\/wald5.htm#Rotwild-Konzept f\u00fcr Gebiet Schluchsee\/Oberer Habsberg\">Rotwild-Konzept f\u00fcr Gebiet Schluchsee\/Oberer Habsberg<\/a> &gt;Wald5 (23.11.2009)<\/li>\n<li><a href=\"https:\/\/www.freiburg-schwarzwald.de\/kirchen4.htm#Hubertusmessen: Schutzpatron von Natur und Umwelt -Jagdhornb\u00e4ser\">Hubertusmessen: Schutzpatron von Natur und Umwelt &#8211; Jagdhornb\u00e4ser<\/a>\u00a0&gt;Kirchen4 (5.11.09)<\/li>\n<li><a href=\"https:\/\/www.freiburg-schwarzwald.de\/littenweiler\/buchenbach4.htm#J\u00e4ger schenken Sch\u00fclern Lehrmaterialien Lernort Natur\">J\u00e4ger schenken Sch\u00fclern Lehrmaterialien &#8222;Lernort Natur&#8220;<\/a> &gt;Buchenbach4 (24.6.2009)<\/li>\n<li><a href=\"https:\/\/www.freiburg-schwarzwald.de\/jagd#Jagdwoche verlief erfolgreich: Aufgepasst, ihr J\u00e4gersm\u00e4nner\">Jagdwoche verlief erfolgreich: Aufgepasst, ihr J\u00e4gersm\u00e4nner (31.1.2009)<\/a><\/li>\n<li><a href=\"https:\/\/www.freiburg-schwarzwald.de\/wald5.htm#Waldsterben-Buch von Elmar Klein - Rehessen\">Waldsterben-Buch von Elmar Klein &#8211; Rehessen<\/a> &gt;Wald5 (16.1.2009)<\/li>\n<li><a href=\"https:\/\/www.freiburg-schwarzwald.de\/gamswild1.htm#Die Gams hat keinen Bart\u00a0- Gamshegering Schwarzwald\">Die Gams hat keinen Bart\u00a0&#8211; Gamshegering Schwarzwald<\/a> &gt;Gamswild1 (30.7.2008)<\/li>\n<li><a href=\"https:\/\/www.freiburg-schwarzwald.de\/jagd.htm#Die Jagd ist nicht mehr zeitgem\u00e4\u00df\">Die Jagd ist nicht mehr zeitgem\u00e4\u00df<\/a>\u00a0 &gt;Jagd (17.1.2008)<\/li>\n<li><a href=\"https:\/\/www.freiburg-schwarzwald.de\/jagd#Die Tiere des Waldes vor der Flinte - Dr\u00fcckjagd im Raum L\u00f6ffingen\">Die Tiere des Waldes vor der Flinte &#8211; Dr\u00fcckjagd im Raum L\u00f6ffingen<\/a> &gt;Jagd (14.1.2008)<\/li>\n<li><a href=\"https:\/\/www.freiburg-schwarzwald.de\/jagd#Wildschweine im Mooswald: eine Riesensauerei\">Wildschweine im Mooswald: eine Riesensauerei<\/a> &gt;jagd (31.10.2007)<\/li>\n<li><a href=\"https:\/\/www.freiburg-schwarzwald.de\/jagd#Frauen und Jagd - Geduldsprobe, die die Sinne sch\u00e4rft\">Frauen und Jagd &#8211; Geduldsprobe, die die Sinne sch\u00e4rft<\/a> (20.9.2007)<\/li>\n<li><a href=\"https:\/\/www.freiburg-schwarzwald.de\/jagd#Jogger vergr\u00e4men das Wild - Forstverwaltung will Ruhezonen\">Jogger vergr\u00e4men das Wild &#8211; Forstverwaltung will Ruhezonen<\/a> (12.7.2007)<\/li>\n<li><a href=\"https:\/\/www.freiburg-schwarzwald.de\/jagd#Das Wild lebt in st\u00e4ndigem Stress\">Das Wild lebt in st\u00e4ndigem Stress<\/a> (8.5.2007)<\/li>\n<li><a href=\"https:\/\/www.freiburg-schwarzwald.de\/jagd#Hegering Schluchsee blickt sorgenvoll Trend Naturerlebnis-Trend\">Hegering Schluchsee blickt sorgenvoll Trend Naturerlebnis-Trend<\/a> (24.4.2006)<\/li>\n<li><a href=\"https:\/\/www.freiburg-schwarzwald.de\/jagd#Beunruhigungsjagd im Dreisamtal endet im Ebneter Schloss\">Beunruhigungsjagd im Dreisamtal endet im Ebneter Schloss<\/a> (13.12.2005)<\/li>\n<li><a href=\"https:\/\/www.freiburg-schwarzwald.de\/jagd#Wiesental - Gemeinschaftsjagd auf Wildschweine, Rehe und F\u00fcchse\">Wiesental &#8211; Gemeinschaftsjagd auf Wildschweine, Rehe und F\u00fcchse<\/a> (7.12.2005)<\/li>\n<li><a href=\"https:\/\/www.freiburg-schwarzwald.de\/jagd#Beste Nachsuchenh\u00fcndin von F\u00f6rster Stefan Mayer aus St.Blasien\">Beste Nachsuchenh\u00fcndin von F\u00f6rster Stefan Mayer aus St.Blasien<\/a> (20.6.2005)<\/li>\n<li><a href=\"https:\/\/www.freiburg-schwarzwald.de\/lenzkirch1.htm#Hirsche r\u00f6hren im Lenzkircher Wald\">Hirsche r\u00f6hren im Lenzkircher Wald<\/a> &gt;Lenzkirch1 (21.5.2005)<\/li>\n<li><a href=\"https:\/\/www.freiburg-schwarzwald.de\/jagd#Kreisjagdamt mahnt - Abschussquote von Rehen auf Freiburger Gemarkung erh\u00f6hen\">Kreisjagdamt mahnt &#8211; Abschussquote von Rehen auf Freiburger Gemarkung erh\u00f6hen<\/a> (21.4.2005)<\/li>\n<li><a href=\"https:\/\/www.freiburg-schwarzwald.de\/jagd#Treibjagd am Kaiserstuhl - Bis Ende Januar wird Reh- und Schwarzwild bejagt\">Treibjagd am Kaiserstuhl &#8211; Bis Ende Januar wird Reh- und Schwarzwild bejagt<\/a>\u00a0 (29.10.2004)<\/li>\n<li><a href=\"https:\/\/www.freiburg-schwarzwald.de\/jagd#J\u00e4ger und ihr Selbstverst\u00e4ndnis als Natursch\u00fctzer\">J\u00e4ger und ihr Selbstverst\u00e4ndnis als Natursch\u00fctzer<\/a> (27.4.2004)<\/li>\n<li><a href=\"https:\/\/www.freiburg-schwarzwald.de\/jagd#Bewegungsjagd gegen Schwarzwildplage\">Bewegungsjagd gegen Schwarzwildplage?<\/a> (10.12.2002)<br \/>\n\u00a0\u00a0<\/li>\n<li><a href=\"https:\/\/www.freiburg-schwarzwald.de\/jagd.htm\">www.freiburg-schwarzwald.de\/jagd.htm<\/a> &gt;Archivseite Jagd<\/li>\n<li><a href=\"https:\/\/www.freiburg-schwarzwald.de\/jagd#Der J\u00e4ger heute\">Der J\u00e4ger heute<\/a><\/li>\n<li><a href=\"https:\/\/www.freiburg-schwarzwald.de\/jagd#Traditionelle J\u00e4ger und \u00f6kologische J\u00e4ger\">Traditionelle J\u00e4ger und \u00f6kologische J\u00e4ger<\/a><\/li>\n<li><a href=\"https:\/\/www.freiburg-schwarzwald.de\/jagd#J\u00e4ger und F\u00f6rster\">J\u00e4ger und F\u00f6rster<\/a><\/li>\n<li><a href=\"https:\/\/www.freiburg-schwarzwald.de\/jagd#Jagd fr\u00fcher und heute\">Jagd fr\u00fcher und heute<\/a><br \/>\n\u00a0<\/li>\n<li><a href=\"https:\/\/www.freiburg-schwarzwald.de\/jagd#Links\">Links<\/a><\/li>\n<li><a href=\"https:\/\/www.freiburg-schwarzwald.de\/luchse.htm\">Luchse im Hochschwarzwald?<\/a> &gt;Luchse<\/li>\n<\/ul>\n<p>&nbsp;<\/p>\n<p>&nbsp;<\/p>\n<p>&nbsp;<\/p>\n<p><strong>J\u00e4ger und F\u00f6rster laden 70 Kinder ein in den M\u00fcnstert\u00e4ler Wald<\/strong><\/p>\n<p>Zur Wald-Rallye rund ums K\u00f6pfle, veranstaltet von der Markgr\u00e4fler J\u00e4gervereinigung, vom Hegering Staufen-M\u00fcnstertal, den F\u00f6rstern der Gemeinde und des Forstbezirks Staufen in enger Kooperation mit der Touristinformation <a title=\"Muenstertal\" href=\"https:\/\/www.freiburg-schwarzwald.de\/blog\/regio\/orte\/muenstertal\/\">M\u00fcnstertal<\/a>, hatten sich etwa 70 Buben und M\u00e4dchen im Alter zwischen sechs und zw\u00f6lf Jahren bei der Kurverwaltung vorangemeldet. Der Waldparkplatz &#8222;S\u00fc\u00dfenbrunn&#8220; war Treff- und Sammelpunkt f\u00fcr eine Wald-Rallye, die durch die Gemeindewaldungen und die Reviere der Jagdp\u00e4chter Alfons Grassl und Hubert Pfefferle bis zur Viehh\u00fctte und wieder zur\u00fcck zum S\u00fc\u00dfenbrunn-Parkplatz f\u00fchrte. Um 9 Uhr waren die Kinder von ihren Eltern, Omas oder Opas in den &#8222;S\u00fc\u00dfenbrunn&#8220; gefahren worden. Hier wurden sie von Tourismuschef Thomas Coch sowie vom Jugendobmann Frithjof Simon im Namen der Markgr\u00e4fler J\u00e4gervereinigung und den Jagdhornbl\u00e4sern musikalisch willkommen gehei\u00dfen. F\u00fcr einige Stunden waren sie nun Dachse, Eichh\u00f6rnchen, Hamster, Marder, Rehe, Salamander oder Wildschweine. Der Parcours durch das K\u00f6pfle-Revier war auf einer L\u00e4nge von etwa zwei Kilometern so pr\u00e4pariert worden, dass die Kindergruppen an mehreren Info- und Quizstationen nacheinander ihr Wissen um Wald, Wild, Mensch und Natur beweisen konnten und daf\u00fcr mit Punkten belohnt wurden. Zum Abschlusshock zogen sich alle Rallye-Teilnehmer unter die schattenspendenden B\u00e4ume oberhalb des S\u00fc\u00dfenbrunn-Parkplatzes zur\u00fcck. Mit 63 Z\u00e4hlern die h\u00f6chste Punktezahl unter den sieben Teilnehmergruppen erreichten in diesem Jahre die flinken Eichh\u00f6rnchen. Nur 1,6 Punkte weniger sammelten die Salamander, und Platz drei ging an die Dachse gefolgt von den Mardern, Rehen, Hamstern und Wildschweinen.<\/p>\n<p><a href=\"https:\/\/www.freiburg-schwarzwald.de\/blog\/natur\/tiere\/jagd\/muenstertal-jagd1308\/\" rel=\"attachment wp-att-36048\"><img loading=\"lazy\" decoding=\"async\" class=\"alignnone size-thumbnail wp-image-36048\" title=\"muenstertal-jagd1308\" src=\"https:\/\/www.freiburg-schwarzwald.de\/blog\/wp-content\/uploads\/2013\/08\/muenstertal-jagd1308-180x96.jpg\" alt=\"\" width=\"180\" height=\"96\" srcset=\"https:\/\/www.freiburg-schwarzwald.de\/blog\/wp-content\/uploads\/2013\/08\/muenstertal-jagd1308-180x96.jpg 180w, https:\/\/www.freiburg-schwarzwald.de\/blog\/wp-content\/uploads\/2013\/08\/muenstertal-jagd1308.jpg 589w\" sizes=\"auto, (max-width: 180px) 100vw, 180px\" \/><\/a><\/p>\n<p>Rund 70 Kinder und ein Dutzend F\u00f6rster, J\u00e4ger und Jagdhornbl\u00e4ser kamen zur Wald-Rallye rund ums \u201eK\u00f6pfle\u201c auf dem \u201eS\u00fc\u00dfenbrunn\u201c-Waldparkplatz in M\u00fcnstertal zusammen. Foto:\u00a0Manfred\u00a0Lange<\/p>\n<p>Alle waren voll des Lobes \u00fcber die gut gelungene Veranstaltung \u2013 die J\u00e4ger und F\u00f6rster \u00fcber die Kinder, diese und deren Eltern \u00fcber die Organisatoren und Sponsoren. Mit einem &#8222;Halali&#8220; und dem Signal &#8222;Jagd vorbei&#8220; setzten die Jagdhornbl\u00e4ser den offiziellen Schlusspunkt unter diese Veranstaltung.<br \/>\n7.8.2013, Manfred Lange<!-- RSPEAK_STOP --><\/p>\n","protected":false},"excerpt":{"rendered":"<p>Home &gt;Natur &gt;Tiere &gt;Wald &gt;Jagd &nbsp; &nbsp; J\u00e4ger und F\u00f6rster laden 70 Kinder ein in den M\u00fcnstert\u00e4ler Wald (7.8.2013) Waldjugendtag: Dreisamt\u00e4ler J\u00e4ger bringen Sch\u00fclern Natur und Jagd n\u00e4her &gt;Jagd (27.7.11) \u00dcber 30 F\u00fcchse bei den Fuchstagen 2011 erlegt &gt;jagd (24.2.2011) &hellip; <a href=\"https:\/\/www.freiburg-schwarzwald.de\/blog\/natur\/tiere\/jagd\/\">Weiterlesen <span class=\"meta-nav\">&rarr;<\/span><\/a><\/p>\n","protected":false},"author":4,"featured_media":0,"parent":256,"menu_order":0,"comment_status":"open","ping_status":"closed","template":"","meta":{"footnotes":""},"class_list":["post-36037","page","type-page","status-publish","hentry"],"_links":{"self":[{"href":"https:\/\/www.freiburg-schwarzwald.de\/blog\/wp-json\/wp\/v2\/pages\/36037","targetHints":{"allow":["GET"]}}],"collection":[{"href":"https:\/\/www.freiburg-schwarzwald.de\/blog\/wp-json\/wp\/v2\/pages"}],"about":[{"href":"https:\/\/www.freiburg-schwarzwald.de\/blog\/wp-json\/wp\/v2\/types\/page"}],"author":[{"embeddable":true,"href":"https:\/\/www.freiburg-schwarzwald.de\/blog\/wp-json\/wp\/v2\/users\/4"}],"replies":[{"embeddable":true,"href":"https:\/\/www.freiburg-schwarzwald.de\/blog\/wp-json\/wp\/v2\/comments?post=36037"}],"version-history":[{"count":0,"href":"https:\/\/www.freiburg-schwarzwald.de\/blog\/wp-json\/wp\/v2\/pages\/36037\/revisions"}],"up":[{"embeddable":true,"href":"https:\/\/www.freiburg-schwarzwald.de\/blog\/wp-json\/wp\/v2\/pages\/256"}],"wp:attachment":[{"href":"https:\/\/www.freiburg-schwarzwald.de\/blog\/wp-json\/wp\/v2\/media?parent=36037"}],"curies":[{"name":"wp","href":"https:\/\/api.w.org\/{rel}","templated":true}]}}