{"id":35808,"date":"2013-08-06T19:34:06","date_gmt":"2013-08-06T17:34:06","guid":{"rendered":"https:\/\/www.freiburg-schwarzwald.de\/blog\/?page_id=35808"},"modified":"2020-08-17T21:57:37","modified_gmt":"2020-08-17T19:57:37","slug":"weiherhof","status":"publish","type":"page","link":"https:\/\/www.freiburg-schwarzwald.de\/blog\/tourismus\/camping\/weiherhof\/","title":{"rendered":"Weiherhof"},"content":{"rendered":"<p>Home &gt;<a title=\"Tourismus\" href=\"https:\/\/www.freiburg-schwarzwald.de\/blog\/tourismus\/\">Tourismus<\/a> &gt;<a title=\"Camping\" href=\"https:\/\/www.freiburg-schwarzwald.de\/blog\/tourismus\/camping\/\">Camping<\/a> &gt;<a title=\"Titisee\" href=\"https:\/\/www.freiburg-schwarzwald.de\/blog\/regio\/orte\/titisee\/\">Titisee<\/a> &gt;Weiherhof<\/p>\n<div id=\"attachment_35831\" style=\"width: 611px\" class=\"wp-caption alignnone\"><a href=\"https:\/\/www.freiburg-schwarzwald.de\/blog\/tourismus\/camping\/weiherhof\/titisee2pan091122\/\" rel=\"attachment wp-att-35831\"><img loading=\"lazy\" decoding=\"async\" aria-describedby=\"caption-attachment-35831\" class=\"size-full wp-image-35831\" title=\"titisee2pan091122\" src=\"https:\/\/www.freiburg-schwarzwald.de\/blog\/wp-content\/uploads\/2013\/08\/titisee2pan091122.jpg\" alt=\"\" width=\"601\" height=\"174\" srcset=\"https:\/\/www.freiburg-schwarzwald.de\/blog\/wp-content\/uploads\/2013\/08\/titisee2pan091122.jpg 601w, https:\/\/www.freiburg-schwarzwald.de\/blog\/wp-content\/uploads\/2013\/08\/titisee2pan091122-180x52.jpg 180w\" sizes=\"auto, (max-width: 601px) 100vw, 601px\" \/><\/a><p id=\"caption-attachment-35831\" class=\"wp-caption-text\">Blick vom Camping Weiherhof nach Norden \u00fcber den Titisee am 22.11.2009 bei 17 Grad PLUS und Windstille<\/p><\/div>\n<ul>\n<li>\n<p align=\"left\"><a href=\"https:\/\/www.freiburg-schwarzwald.de\/titisee-winter.htm#Zugefrorener See am S\u00fcdwestufer beim Camping Weiherhof\">Zugefrorener See am S\u00fcdwestufer beim Camping Weiherhof<\/a> &gt;Titisee-Winter (13.1.2009)<\/p>\n<\/li>\n<li>\n<div align=\"left\"><a href=\"https:\/\/www.freiburg-schwarzwald.de\/titisee-camping.htm\">https:\/\/www.freiburg-schwarzwald.de\/titisee-camping.htm<\/a>\u00a0&gt;Archivseite<\/div>\n<\/li>\n<li>\n<div align=\"left\">Naturcamping Weiherhof<\/div>\n<\/li>\n<li>\n<div align=\"left\"><a title=\"Sandbank\" href=\"https:\/\/www.freiburg-schwarzwald.de\/blog\/tourismus\/camping\/sandbank\/\">Sandbank<\/a><\/div>\n<\/li>\n<\/ul>\n<p align=\"left\">\n<p align=\"left\">\n<div align=\"left\"><strong>Naturcamping Weiherhof<\/strong><\/div>\n<p align=\"left\">Naturcamping Weiherhof, direkt am Ufer des Titisees gelegen. Dieser Campingplatz verf\u00fcgt \u00fcber den l\u00e4ngsten eigenen Uferstreifen alles Pl\u00e4tze am Titisee.<br \/>\nDr. G. Schmidt, Bruderhalde 26, 79822 Titisee, Tel 07652\/1468, 1478 oder 228,<br \/>\n<a href=\"https:\/\/www.camping-titisee.de\/\">www.camping-titisee.de<\/a>, <a href=\"mailto:kontakt@campint-titisee.de\">kontakt@camping-titisee.de<\/a><\/p>\n<p>Etwas oberhalb: Wohnpark Weiherhof &#8211; ein Ferienhaus und f\u00fcnf exklusive Ferienwohnungen. Ganzj\u00e4hrige Vermietung.<\/p>\n<p>&nbsp;<\/p>\n<p><a href=\"https:\/\/www.freiburg-schwarzwald.de\/blog\/tourismus\/camping\/weiherhof\/titisee13weiherhof130805\/\" rel=\"attachment wp-att-35814\"><img loading=\"lazy\" decoding=\"async\" class=\"alignnone size-thumbnail wp-image-35814\" title=\"titisee13weiherhof130805\" src=\"https:\/\/www.freiburg-schwarzwald.de\/blog\/wp-content\/uploads\/2013\/08\/titisee13weiherhof130805-180x135.jpg\" alt=\"\" width=\"180\" height=\"135\" srcset=\"https:\/\/www.freiburg-schwarzwald.de\/blog\/wp-content\/uploads\/2013\/08\/titisee13weiherhof130805-180x135.jpg 180w, https:\/\/www.freiburg-schwarzwald.de\/blog\/wp-content\/uploads\/2013\/08\/titisee13weiherhof130805-640x480.jpg 640w, https:\/\/www.freiburg-schwarzwald.de\/blog\/wp-content\/uploads\/2013\/08\/titisee13weiherhof130805.jpg 1000w\" sizes=\"auto, (max-width: 180px) 100vw, 180px\" \/><\/a>\u00a0 \u00a0 \u00a0 \u00a0 \u00a0 \u00a0\u00a0<a href=\"https:\/\/www.freiburg-schwarzwald.de\/blog\/tourismus\/camping\/weiherhof\/titisee14weiherhof-ufer130805\/\" rel=\"attachment wp-att-35815\"><img loading=\"lazy\" decoding=\"async\" class=\"alignnone size-thumbnail wp-image-35815\" title=\"titisee14weiherhof-ufer130805\" src=\"https:\/\/www.freiburg-schwarzwald.de\/blog\/wp-content\/uploads\/2013\/08\/titisee14weiherhof-ufer130805-180x135.jpg\" alt=\"\" width=\"180\" height=\"135\" srcset=\"https:\/\/www.freiburg-schwarzwald.de\/blog\/wp-content\/uploads\/2013\/08\/titisee14weiherhof-ufer130805-180x135.jpg 180w, https:\/\/www.freiburg-schwarzwald.de\/blog\/wp-content\/uploads\/2013\/08\/titisee14weiherhof-ufer130805.jpg 640w\" sizes=\"auto, (max-width: 180px) 100vw, 180px\" \/><\/a>\u00a0\u00a0\u00a0\u00a0\u00a0\u00a0\u00a0\u00a0\u00a0\u00a0\u00a0\u00a0\u00a0\u00a0 <a href=\"https:\/\/www.freiburg-schwarzwald.de\/blog\/tourismus\/camping\/weiherhof\/titisee15weiherhof-camping130805\/\" rel=\"attachment wp-att-35816\"><img loading=\"lazy\" decoding=\"async\" class=\"alignnone size-thumbnail wp-image-35816\" title=\"titisee15weiherhof-camping130805\" src=\"https:\/\/www.freiburg-schwarzwald.de\/blog\/wp-content\/uploads\/2013\/08\/titisee15weiherhof-camping130805-180x135.jpg\" alt=\"\" width=\"180\" height=\"135\" srcset=\"https:\/\/www.freiburg-schwarzwald.de\/blog\/wp-content\/uploads\/2013\/08\/titisee15weiherhof-camping130805-180x135.jpg 180w, https:\/\/www.freiburg-schwarzwald.de\/blog\/wp-content\/uploads\/2013\/08\/titisee15weiherhof-camping130805.jpg 640w\" sizes=\"auto, (max-width: 180px) 100vw, 180px\" \/><\/a><br \/>\n(1) Steg Camping Weiherhof\u00a0\u00a0\u00a0\u00a0\u00a0\u00a0\u00a0\u00a0\u00a0\u00a0\u00a0\u00a0\u00a0\u00a0\u00a0\u00a0\u00a0\u00a0\u00a0\u00a0\u00a0 (2) Blick nach S\u00fcden &#8211; Ufer\u00a0\u00a0\u00a0\u00a0\u00a0\u00a0\u00a0\u00a0\u00a0\u00a0\u00a0\u00a0\u00a0\u00a0\u00a0\u00a0\u00a0\u00a0\u00a0\u00a0\u00a0\u00a0\u00a0\u00a0\u00a0\u00a0 (3) Camping am 5.8.2013<\/p>\n<p><a href=\"https:\/\/www.freiburg-schwarzwald.de\/blog\/tourismus\/camping\/weiherhof\/titisee15weiherhof-camping-steg130805\/\" rel=\"attachment wp-att-35817\"><img loading=\"lazy\" decoding=\"async\" class=\"alignnone size-thumbnail wp-image-35817\" title=\"titisee15weiherhof-camping-steg130805\" src=\"https:\/\/www.freiburg-schwarzwald.de\/blog\/wp-content\/uploads\/2013\/08\/titisee15weiherhof-camping-steg130805-180x135.jpg\" alt=\"\" width=\"180\" height=\"135\" srcset=\"https:\/\/www.freiburg-schwarzwald.de\/blog\/wp-content\/uploads\/2013\/08\/titisee15weiherhof-camping-steg130805-180x135.jpg 180w, https:\/\/www.freiburg-schwarzwald.de\/blog\/wp-content\/uploads\/2013\/08\/titisee15weiherhof-camping-steg130805-640x480.jpg 640w, https:\/\/www.freiburg-schwarzwald.de\/blog\/wp-content\/uploads\/2013\/08\/titisee15weiherhof-camping-steg130805.jpg 1000w\" sizes=\"auto, (max-width: 180px) 100vw, 180px\" \/><\/a>\u00a0 \u00a0 \u00a0 \u00a0 \u00a0 \u00a0\u00a0<a href=\"https:\/\/www.freiburg-schwarzwald.de\/blog\/tourismus\/camping\/weiherhof\/titisee15weiherhof-rezeption130805\/\" rel=\"attachment wp-att-35818\"><img loading=\"lazy\" decoding=\"async\" title=\"titisee15weiherhof-rezeption130805\" src=\"https:\/\/www.freiburg-schwarzwald.de\/blog\/wp-content\/uploads\/2013\/08\/titisee15weiherhof-rezeption130805-180x135.jpg\" alt=\"\" width=\"180\" height=\"135\" \/><\/a>\u00a0\u00a0\u00a0\u00a0\u00a0\u00a0\u00a0\u00a0\u00a0\u00a0\u00a0\u00a0\u00a0\u00a0 <a href=\"https:\/\/www.freiburg-schwarzwald.de\/blog\/tourismus\/camping\/weiherhof\/titisee16weiherhof-camping-boot130805\/\" rel=\"attachment wp-att-35819\"><img loading=\"lazy\" decoding=\"async\" class=\"alignnone size-thumbnail wp-image-35819\" title=\"titisee16weiherhof-camping-boot130805\" src=\"https:\/\/www.freiburg-schwarzwald.de\/blog\/wp-content\/uploads\/2013\/08\/titisee16weiherhof-camping-boot130805-180x135.jpg\" alt=\"\" width=\"180\" height=\"135\" srcset=\"https:\/\/www.freiburg-schwarzwald.de\/blog\/wp-content\/uploads\/2013\/08\/titisee16weiherhof-camping-boot130805-180x135.jpg 180w, https:\/\/www.freiburg-schwarzwald.de\/blog\/wp-content\/uploads\/2013\/08\/titisee16weiherhof-camping-boot130805.jpg 640w\" sizes=\"auto, (max-width: 180px) 100vw, 180px\" \/><\/a><br \/>\n(4) Blick nach Osten gen Titisee-Ort\u00a0\u00a0\u00a0\u00a0\u00a0\u00a0\u00a0\u00a0\u00a0 (5) Rezeption Camping Weiherhof\u00a0\u00a0\u00a0\u00a0\u00a0\u00a0\u00a0\u00a0\u00a0\u00a0(6) Blick \u00fcber den See zu Sandbank<\/p>\n<p><a href=\"https:\/\/www.freiburg-schwarzwald.de\/blog\/tourismus\/camping\/weiherhof\/titisee16weiherhof-camping-steg130805\/\" rel=\"attachment wp-att-35820\"><img loading=\"lazy\" decoding=\"async\" class=\"alignnone size-thumbnail wp-image-35820\" title=\"titisee16weiherhof-camping-steg130805\" src=\"https:\/\/www.freiburg-schwarzwald.de\/blog\/wp-content\/uploads\/2013\/08\/titisee16weiherhof-camping-steg130805-180x135.jpg\" alt=\"\" width=\"180\" height=\"135\" srcset=\"https:\/\/www.freiburg-schwarzwald.de\/blog\/wp-content\/uploads\/2013\/08\/titisee16weiherhof-camping-steg130805-180x135.jpg 180w, https:\/\/www.freiburg-schwarzwald.de\/blog\/wp-content\/uploads\/2013\/08\/titisee16weiherhof-camping-steg130805.jpg 640w\" sizes=\"auto, (max-width: 180px) 100vw, 180px\" \/><\/a>\u00a0 \u00a0 \u00a0 \u00a0 \u00a0 \u00a0\u00a0<a href=\"https:\/\/www.freiburg-schwarzwald.de\/blog\/tourismus\/camping\/weiherhof\/titisee17weiherhof-camping-ufer130805\/\" rel=\"attachment wp-att-35821\"><img loading=\"lazy\" decoding=\"async\" class=\"alignnone size-thumbnail wp-image-35821\" title=\"titisee17weiherhof-camping-ufer130805\" src=\"https:\/\/www.freiburg-schwarzwald.de\/blog\/wp-content\/uploads\/2013\/08\/titisee17weiherhof-camping-ufer130805-180x135.jpg\" alt=\"\" width=\"180\" height=\"135\" srcset=\"https:\/\/www.freiburg-schwarzwald.de\/blog\/wp-content\/uploads\/2013\/08\/titisee17weiherhof-camping-ufer130805-180x135.jpg 180w, https:\/\/www.freiburg-schwarzwald.de\/blog\/wp-content\/uploads\/2013\/08\/titisee17weiherhof-camping-ufer130805.jpg 640w\" sizes=\"auto, (max-width: 180px) 100vw, 180px\" \/><\/a>\u00a0\u00a0\u00a0\u00a0\u00a0\u00a0\u00a0\u00a0\u00a0\u00a0\u00a0\u00a0\u00a0\u00a0 <a href=\"https:\/\/www.freiburg-schwarzwald.de\/blog\/tourismus\/camping\/weiherhof\/titisee20weiherhof-ufer130805\/\" rel=\"attachment wp-att-35826\"><img loading=\"lazy\" decoding=\"async\" title=\"titisee20weiherhof-ufer130805\" src=\"https:\/\/www.freiburg-schwarzwald.de\/blog\/wp-content\/uploads\/2013\/08\/titisee20weiherhof-ufer130805-180x135.jpg\" alt=\"\" width=\"180\" height=\"135\" \/><\/a><br \/>\n(7) Bootesteh des Campingplatzes\u00a0\u00a0\u00a0\u00a0\u00a0\u00a0\u00a0\u00a0\u00a0\u00a0 (8) Am langen Campingplatz-Ufer\u00a0\u00a0\u00a0\u00a0\u00a0\u00a0\u00a0\u00a0\u00a0\u00a0\u00a0\u00a0\u00a0 (9) Blick zum Weiherhof-Camping<\/p>\n<p><a href=\"https:\/\/www.freiburg-schwarzwald.de\/blog\/tourismus\/camping\/weiherhof\/titisee19weiherhof-boot130805\/\" rel=\"attachment wp-att-35825\"><img loading=\"lazy\" decoding=\"async\" class=\"alignnone size-thumbnail wp-image-35825\" title=\"titisee19weiherhof-boot130805\" src=\"https:\/\/www.freiburg-schwarzwald.de\/blog\/wp-content\/uploads\/2013\/08\/titisee19weiherhof-boot130805-180x135.jpg\" alt=\"\" width=\"180\" height=\"135\" srcset=\"https:\/\/www.freiburg-schwarzwald.de\/blog\/wp-content\/uploads\/2013\/08\/titisee19weiherhof-boot130805-180x135.jpg 180w, https:\/\/www.freiburg-schwarzwald.de\/blog\/wp-content\/uploads\/2013\/08\/titisee19weiherhof-boot130805.jpg 640w\" sizes=\"auto, (max-width: 180px) 100vw, 180px\" \/><\/a>\u00a0 \u00a0 \u00a0 \u00a0 \u00a0 \u00a0<a href=\"https:\/\/www.freiburg-schwarzwald.de\/blog\/tourismus\/camping\/weiherhof\/titisee-sandbank-weiherhof200809\/\" rel=\"attachment wp-att-83021\"><img loading=\"lazy\" decoding=\"async\" class=\"alignnone size-thumbnail wp-image-83021\" src=\"https:\/\/www.freiburg-schwarzwald.de\/blog\/wp-content\/uploads\/2013\/08\/titisee-sandbank-weiherhof200809-180x135.jpg\" alt=\"titisee-sandbank-weiherhof200809\" width=\"180\" height=\"135\" srcset=\"https:\/\/www.freiburg-schwarzwald.de\/blog\/wp-content\/uploads\/2013\/08\/titisee-sandbank-weiherhof200809-180x135.jpg 180w, https:\/\/www.freiburg-schwarzwald.de\/blog\/wp-content\/uploads\/2013\/08\/titisee-sandbank-weiherhof200809-640x480.jpg 640w, https:\/\/www.freiburg-schwarzwald.de\/blog\/wp-content\/uploads\/2013\/08\/titisee-sandbank-weiherhof200809.jpg 800w\" sizes=\"auto, (max-width: 180px) 100vw, 180px\" \/><\/a><br \/>\n(10) Start der Kanufahrt 5.8.2013\u00a0 \u00a0 \u00a0 \u00a0 \u00a0 \u00a0 (11) Blick von Sandbank zu Weiherhof am 9.8.2020<\/p>\n","protected":false},"excerpt":{"rendered":"<p>Home &gt;Tourismus &gt;Camping &gt;Titisee &gt;Weiherhof Zugefrorener See am S\u00fcdwestufer beim Camping Weiherhof &gt;Titisee-Winter (13.1.2009) https:\/\/www.freiburg-schwarzwald.de\/titisee-camping.htm\u00a0&gt;Archivseite Naturcamping Weiherhof Sandbank Naturcamping Weiherhof Naturcamping Weiherhof, direkt am Ufer des Titisees gelegen. Dieser Campingplatz verf\u00fcgt \u00fcber den l\u00e4ngsten eigenen Uferstreifen alles Pl\u00e4tze am Titisee. &hellip; <a href=\"https:\/\/www.freiburg-schwarzwald.de\/blog\/tourismus\/camping\/weiherhof\/\">Weiterlesen <span class=\"meta-nav\">&rarr;<\/span><\/a><\/p>\n","protected":false},"author":4,"featured_media":0,"parent":4429,"menu_order":0,"comment_status":"open","ping_status":"closed","template":"","meta":{"footnotes":""},"class_list":["post-35808","page","type-page","status-publish","hentry"],"_links":{"self":[{"href":"https:\/\/www.freiburg-schwarzwald.de\/blog\/wp-json\/wp\/v2\/pages\/35808","targetHints":{"allow":["GET"]}}],"collection":[{"href":"https:\/\/www.freiburg-schwarzwald.de\/blog\/wp-json\/wp\/v2\/pages"}],"about":[{"href":"https:\/\/www.freiburg-schwarzwald.de\/blog\/wp-json\/wp\/v2\/types\/page"}],"author":[{"embeddable":true,"href":"https:\/\/www.freiburg-schwarzwald.de\/blog\/wp-json\/wp\/v2\/users\/4"}],"replies":[{"embeddable":true,"href":"https:\/\/www.freiburg-schwarzwald.de\/blog\/wp-json\/wp\/v2\/comments?post=35808"}],"version-history":[{"count":0,"href":"https:\/\/www.freiburg-schwarzwald.de\/blog\/wp-json\/wp\/v2\/pages\/35808\/revisions"}],"up":[{"embeddable":true,"href":"https:\/\/www.freiburg-schwarzwald.de\/blog\/wp-json\/wp\/v2\/pages\/4429"}],"wp:attachment":[{"href":"https:\/\/www.freiburg-schwarzwald.de\/blog\/wp-json\/wp\/v2\/media?parent=35808"}],"curies":[{"name":"wp","href":"https:\/\/api.w.org\/{rel}","templated":true}]}}