{"id":35115,"date":"2013-07-28T12:20:54","date_gmt":"2013-07-28T10:20:54","guid":{"rendered":"https:\/\/www.freiburg-schwarzwald.de\/blog\/?page_id=35115"},"modified":"2022-01-28T15:56:16","modified_gmt":"2022-01-28T14:56:16","slug":"e-book","status":"publish","type":"page","link":"https:\/\/www.freiburg-schwarzwald.de\/blog\/kultur\/internet\/e-book\/","title":{"rendered":"E-Book"},"content":{"rendered":"<p>Home &gt;<a title=\"Kultur\" href=\"https:\/\/www.freiburg-schwarzwald.de\/blog\/kultur\/\">Kultur<\/a> &gt;<a title=\"Medien\" href=\"https:\/\/www.freiburg-schwarzwald.de\/blog\/kultur\/medien\/\">Medien<\/a> &gt;<a title=\"Buch\" href=\"https:\/\/www.freiburg-schwarzwald.de\/blog\/kultur\/dichter\/literatur\/buch\/\">Buch<\/a> &gt;<a title=\"Buchhandel\" href=\"https:\/\/www.freiburg-schwarzwald.de\/blog\/business\/handel\/buchhandel\/\">Buchhandel<\/a> &gt;<a title=\"Internet\" href=\"https:\/\/www.freiburg-schwarzwald.de\/blog\/kultur\/internet\/\">Internet<\/a> &gt;E-Book<\/p>\n<div id=\"attachment_34000\" style=\"width: 648px\" class=\"wp-caption alignnone\"><a href=\"https:\/\/www.freiburg-schwarzwald.de\/blog\/natur\/landwirt\/obstbau\/kirschen\/kirschen-esskastanie-pan130702\/\" rel=\"attachment wp-att-34000\"><img loading=\"lazy\" decoding=\"async\" aria-describedby=\"caption-attachment-34000\" class=\" wp-image-34000 \" title=\"kirschen-esskastanie-pan130702\" src=\"https:\/\/www.freiburg-schwarzwald.de\/blog\/wp-content\/uploads\/2013\/03\/kirschen-esskastanie-pan130702.jpg\" alt=\"\" width=\"638\" height=\"209\" srcset=\"https:\/\/www.freiburg-schwarzwald.de\/blog\/wp-content\/uploads\/2013\/03\/kirschen-esskastanie-pan130702.jpg 638w, https:\/\/www.freiburg-schwarzwald.de\/blog\/wp-content\/uploads\/2013\/03\/kirschen-esskastanie-pan130702-180x58.jpg 180w\" sizes=\"auto, (max-width: 638px) 100vw, 638px\" \/><\/a><p id=\"caption-attachment-34000\" class=\"wp-caption-text\">Reife Kirschen am 1.Juli 2013, w\u00e4hrend der benachbarte Esskastanienbaum (erst) in voller Bl\u00fcte steht<\/p><\/div>\n<p>&nbsp;<\/p>\n<ul>\n<li>E-Books lesen &#8211; Satire? (27.2.2022)<\/li>\n<li><a href=\"https:\/\/www.freiburg-schwarzwald.de\/blog\/business\/handel\/buchhandel\/buchladen\/\">Zum Teufel mit den Buchl\u00e4den<\/a>\u00a0(5.12.2021)<\/li>\n<li><a href=\"https:\/\/www.freiburg-schwarzwald.de\/blog\/lesen-kulturtechnik-im-internet\/\">https:\/\/www.freiburg-schwarzwald.de\/blog\/lesen-kulturtechnik-im-internet\/ <\/a>(9.12.2014)<\/li>\n<li><a href=\"https:\/\/www.freiburg-schwarzwald.de\/blog\/amazon-e-book-buch-kulturgut\/\">https:\/\/www.freiburg-schwarzwald.de\/blog\/amazon-e-book-buch-kulturgut\/<\/a>\u00a0(28.7.2013)<\/li>\n<li>E-Books &#8211; \u00dcbersicht (1.1.2013)<\/li>\n<li><\/li>\n<li><a href=\"https:\/\/www.freiburg-schwarzwald.de\/blog\/business\/handel\/buchhandel\/buchladen\/\">Buchladen<\/a><\/li>\n<li><a title=\"Online-Handel\" href=\"https:\/\/www.freiburg-schwarzwald.de\/blog\/business\/handel\/online-handel\/\">Online-Handel<\/a><\/li>\n<\/ul>\n<p>&nbsp;<\/p>\n<p><strong>E-Books lesen &#8211; Satire?<\/strong><br \/>\nZuerst ist das silencing eventuell l\u00e4rmender Kids zu beenden, indem man sie mit fast Food to go chillen l\u00e4sst, bevor man zum Couch-rumfl\u00e4tzing \u00fcbergeht, \u00fcber den Router die Software des readers auf dem tablet updated und den content als e-Book vom Provider downloaded, es durch double click auf den homescreen platziert und die Beleuchtung des Smart Home dimmt und dann zum Deep Reading \u00fcbergeht. Am besten auf einer Kunstledercouch, denn es handelt sich um Kunst.<br \/>\n27.2.2022, T.V.B.<\/p>\n<p>&nbsp;<\/p>\n<p><strong>E-Books &#8211; \u00dcbersicht<\/strong><\/p>\n<p>E-Books haben in D einen Marktanteil von 3% in 2013, f\u00fcr 2016 wird er auf 20% gesch\u00e4tzt.<\/p>\n<p><em>E-Book: Dienstleistung oder Buch\/Kulturgut?<\/em><br \/>\nE-Books gelten rechtlich als Dienstleistung, die \u00fcbers Internet bezogen wird, nicht aber als Buch bzw. Kulturgut. Beim geplanten Freihandelsabkomen zwischen den USA und der EU soll die Kultur\u00a0auf Frankreichs Dr\u00e4ngen\u00a0hin ausgenommen bleiben &#8211; auch E-Books?<\/p>\n<p><em>In den USA ist Amazon seit 7\/2013 bereits Monopilist<\/em><br \/>\nIn den USA hat Amazon einen Anteil von 75% bei Print-B\u00fcchern und 90 % bei E-Books. Amazon ist also Monopolist, der demn\u00e4chst die Buchpreise hochsetzen wird.<\/p>\n<p><em>Interoperabilit\u00e4t &#8222;Jedes Ger\u00e4t kann jedes E-Book lesen&#8220;<\/em><br \/>\nAmazon bietet \u00fcber seine Shops ein geschlossenes System an: &#8222;Wer auf dem Kindle liest, kauft bei Amazon. Wer sein Leseger\u00e4t wechselt, verliert seine ganze im Internet deponierte\u00a0Buchbibliothek.&#8220; Die Buchh\u00e4ndler sind hilflos &#8211; sie k\u00f6nnen f\u00fcr die marktf\u00fchrenden Ger\u00e4te gar keine E-Books verkaufen. Deshalb fordern sie, dass das geschlossene System von Amazon zugunsten einer Interoperabilit\u00e4t ge\u00f6ffnet wird: B\u00fccher k\u00f6nnen von jedem H\u00e4ndler gekauft und auf jedem Ger\u00e4t gelesen werden.<\/p>\n<p>Station\u00e4re Buchhandlungen &#8230;..<br \/>\n&#8211;\u00a0sind wichtig sind f\u00fcr die kulturelle Vielfalt<br \/>\n&#8211;\u00a0sind eingebunden\u00a0in den demokratischen Selbstverst\u00e4ndigungsprozess der Gesellschaft<br \/>\n&#8211;\u00a0spielen mit Lesungen und Veranstaltungen f\u00fcr die Lebendigkeit von Stadtzentren eine Rolle<br \/>\n&#8211; bieten eine pers\u00f6nliche Beratung<br \/>\n&#8211; stellen mit dem St\u00f6bern im Regal eine wertvollere Kulturtechnik dar als ein Empfehlungsalgorithmus von Amazon,<br \/>\n&#8211; geh\u00f6ren zu den seltenen F\u00e4llen sch\u00f6ner Gesch\u00e4fte, die das \u00d6konomische mit dem Kulturellen vers\u00f6hnen<br \/>\n1.1.2013<\/p>\n<p>&nbsp;<\/p>\n<p>&nbsp;<\/p>\n<p>&nbsp;<\/p>\n<p>&nbsp;<\/p>\n<p><strong>Kartellverfahren gegen Amazon auf nationaler Ebene<\/strong><\/p>\n<p>Und so fordert der <a title=\"externer Link\" href=\"https:\/\/www.boersenverein.de\/de\/portal\/index.html\" target=\"_blank\" rel=\"noopener\">B\u00f6rsenverein des Deutschen Buchhandels<\/a>, nun ein Kartellverfahren gegen Amazon auf nationaler Ebene anzustrengen. T\u00e4tig werden und Amazon zwingen, sein geschlossenes System zu \u00f6ffnen, k\u00f6nnte das Kartellamt, wenn das Unternehmen mehr als ein Drittel des Marktes beherrscht. Nach einer vom B\u00f6rsenverein in Auftrag gegebenen Studie ist das der Fall. Da kam Amazon f\u00fcr das Jahr 2012 auf einen Anteil am deutschen E-Book-Markt von 43 Prozent.\u00a0Einen Haken hat die Sache allerdings: Ist das E-Book-Gesch\u00e4ft \u00fcberhaupt als <a title=\"Artikel auf ZEIT ONLINE\" href=\"https:\/\/www.zeit.de\/kultur\/2011-10\/e-books-urheberrecht\" target=\"_blank\" rel=\"noopener\">gesonderter Markt<\/a> zu betrachten? Oder ist es nur ein Segment des \u00fcbergreifenden, Printtitel einschlie\u00dfenden Buchmarktes? Von dieser juristischen Unterscheidung h\u00e4ngt die Zukunft des Buchhandels gerade entscheidend ab. &#8230;. Wenn es gel\u00e4nge, den Durchmarsch von Amazon in Deutschland zu bremsen, h\u00e4tte das Signalwirkung f\u00fcr ganz Europa. Es w\u00e4re der erste gro\u00dfe Gegenschlag: Der Konzern w\u00fcrde den Nimbus des Unaufhaltsamen verlieren.<\/p>\n<p>Die entscheidende Schlacht &#8211; In Amerika hat Amazon den Durchmarsch zum Quasimonopolisten geschafft. In Europa kann das noch verhindert werden. F\u00fcr Buchh\u00e4ndler und Verleger geht es um alles. Alles vom 25.7.2013 bitte lesen auf <a href=\"https:\/\/www.zeit.de\/2013\/31\/buchhandel-verlage-amazon\/seite-3\">https:\/\/www.zeit.de\/2013\/31\/buchhandel-verlage-amazon\/seite-3<\/a><\/p>\n<p>&nbsp;<\/p>\n<p>&nbsp;<\/p>\n<p><strong>E-Book ist nicht Buch<\/strong><br \/>\nEs wird hier offenbar nicht verstanden dass E-Books nicht identisch sind mit dem simplen Buch, sondern Interaktivit\u00e4t, FIlm usw. beinhalten k\u00f6nnen. Interoperabilit\u00e4t kann es vielleicht f\u00fcr normale Textb\u00fccher geben, w\u00fcrde aber den Fortschritt f\u00fcr Lexika, Sachb\u00fccher und Kunstb\u00fccher bremsen, wenn man auf den kleinsten gemeinsamen Nenner gehen muss. Apple ist mit iBooks Author absolut f\u00fchrend, schon deshalb kann es da keine Interoperabilit\u00e4t geben. Das Buch wird gerade neu erfunden, eigenartig dass das kaum eine Rolle spielt bei all den Diskussionen.<br \/>\n28.7.2013, Sysie<\/p>\n<p><strong>Kein hochsubventioniertes Buchhandels Disneyland<\/strong><br \/>\n&#8222;Wer glaubt, dass station\u00e4re Buchhandlungen wichtig sind&#8230;&#8230;&#8220;: Die Autoren dieses Artikels m\u00f6gen dies glauben, die Buchh\u00e4ndler auch &#8211; aber offenbar immer weniger Kunden. Anderenfalls w\u00fcrde besagtes Buchh\u00e4ndlersterben nicht derart massiv um sich greifen. Denn die in Jahrhunderten gewachsene Buchkultur ist offenbar in dieser Form nicht mehr zeitgem\u00e4ss und erlebt einen Wandel, der nicht vom sinistren Wirken Amazons, sondern von Faktoren dominiert ist wie technologischem und sozialem Wandel, die Amazon zwar f\u00fcr sich nutzt, die aber unabh\u00e4ngig von unternehmerischen Entscheidungen ablaufen. Faktoren, die zu nutzen der im Jahrzehnte alten status quo verharrende Buchhandel schlicht und einfach verschlafen hat. Die Kunden k\u00f6nnen offenbar zunehmend ohne besagte Buchhandelslandschaft leben, was in letzter Konsequenz dazu f\u00fchrt, dass deren Repr\u00e4sentanten nun laut &#8222;systemrelevant&#8220; schreiend nach staatlichen Subventionen und Interventionen verlangen. Wie das in Europa \u00fcblich ist, wo Unternehmen und Strukturen offenbar umso bedeutender sind, je weniger der Kunde von Ihnen wissen will und je weniger sie imstande sind, sich selbst am Leben zu erhalten. Man kann den o.g. Prozess auch als v\u00f6llig normalen Strukturwandel sehen &#8211; und nebenbei damit auch das Votum der Kunden respektieren. Abgesehen davon ist Europa schlicht zu pleite, um sich nun auch noch ein hochsubventioniertes Buchhandels-Disneyland zu leisten.<br \/>\n26.7.2013, Aktutan<\/p>\n","protected":false},"excerpt":{"rendered":"<p>Home &gt;Kultur &gt;Medien &gt;Buch &gt;Buchhandel &gt;Internet &gt;E-Book &nbsp; E-Books lesen &#8211; Satire? (27.2.2022) Zum Teufel mit den Buchl\u00e4den\u00a0(5.12.2021) https:\/\/www.freiburg-schwarzwald.de\/blog\/lesen-kulturtechnik-im-internet\/ (9.12.2014) https:\/\/www.freiburg-schwarzwald.de\/blog\/amazon-e-book-buch-kulturgut\/\u00a0(28.7.2013) E-Books &#8211; \u00dcbersicht (1.1.2013) Buchladen Online-Handel &nbsp; E-Books lesen &#8211; Satire? Zuerst ist das silencing eventuell l\u00e4rmender Kids zu &hellip; <a href=\"https:\/\/www.freiburg-schwarzwald.de\/blog\/kultur\/internet\/e-book\/\">Weiterlesen <span class=\"meta-nav\">&rarr;<\/span><\/a><\/p>\n","protected":false},"author":4,"featured_media":0,"parent":2000,"menu_order":0,"comment_status":"open","ping_status":"closed","template":"","meta":{"footnotes":""},"class_list":["post-35115","page","type-page","status-publish","hentry"],"_links":{"self":[{"href":"https:\/\/www.freiburg-schwarzwald.de\/blog\/wp-json\/wp\/v2\/pages\/35115","targetHints":{"allow":["GET"]}}],"collection":[{"href":"https:\/\/www.freiburg-schwarzwald.de\/blog\/wp-json\/wp\/v2\/pages"}],"about":[{"href":"https:\/\/www.freiburg-schwarzwald.de\/blog\/wp-json\/wp\/v2\/types\/page"}],"author":[{"embeddable":true,"href":"https:\/\/www.freiburg-schwarzwald.de\/blog\/wp-json\/wp\/v2\/users\/4"}],"replies":[{"embeddable":true,"href":"https:\/\/www.freiburg-schwarzwald.de\/blog\/wp-json\/wp\/v2\/comments?post=35115"}],"version-history":[{"count":3,"href":"https:\/\/www.freiburg-schwarzwald.de\/blog\/wp-json\/wp\/v2\/pages\/35115\/revisions"}],"predecessor-version":[{"id":97986,"href":"https:\/\/www.freiburg-schwarzwald.de\/blog\/wp-json\/wp\/v2\/pages\/35115\/revisions\/97986"}],"up":[{"embeddable":true,"href":"https:\/\/www.freiburg-schwarzwald.de\/blog\/wp-json\/wp\/v2\/pages\/2000"}],"wp:attachment":[{"href":"https:\/\/www.freiburg-schwarzwald.de\/blog\/wp-json\/wp\/v2\/media?parent=35115"}],"curies":[{"name":"wp","href":"https:\/\/api.w.org\/{rel}","templated":true}]}}