{"id":34668,"date":"2013-07-14T22:34:29","date_gmt":"2013-07-14T20:34:29","guid":{"rendered":"https:\/\/www.freiburg-schwarzwald.de\/blog\/?page_id=34668"},"modified":"2025-01-21T19:25:39","modified_gmt":"2025-01-21T18:25:39","slug":"zeit","status":"publish","type":"page","link":"https:\/\/www.freiburg-schwarzwald.de\/blog\/engagement\/zukunft\/zeit\/","title":{"rendered":"Zeit"},"content":{"rendered":"<p>Home &gt;<a title=\"Engagement\" href=\"https:\/\/www.freiburg-schwarzwald.de\/blog\/engagement\/\">Engagement<\/a> &gt;<a title=\"Zukunft\" href=\"https:\/\/www.freiburg-schwarzwald.de\/blog\/engagement\/zukunft\/\">Zukunft <\/a>&gt;<a title=\"Gesund\" href=\"https:\/\/www.freiburg-schwarzwald.de\/blog\/business\/gesund\/\">Gesund<\/a> &gt;Zeit<\/p>\n<div id=\"attachment_40334\" style=\"width: 650px\" class=\"wp-caption alignnone\"><a href=\"https:\/\/www.freiburg-schwarzwald.de\/blog\/global\/israel\/israel2013\/totes-meer\/deadsea-pan31028\/\" rel=\"attachment wp-att-40334\"><img loading=\"lazy\" decoding=\"async\" aria-describedby=\"caption-attachment-40334\" class=\"size-full wp-image-40334\" title=\"deadsea-pan31028\" src=\"https:\/\/www.freiburg-schwarzwald.de\/blog\/wp-content\/uploads\/2013\/11\/deadsea-pan31028.jpg\" alt=\"\" width=\"640\" height=\"186\" srcset=\"https:\/\/www.freiburg-schwarzwald.de\/blog\/wp-content\/uploads\/2013\/11\/deadsea-pan31028.jpg 640w, https:\/\/www.freiburg-schwarzwald.de\/blog\/wp-content\/uploads\/2013\/11\/deadsea-pan31028-180x52.jpg 180w\" sizes=\"auto, (max-width: 640px) 100vw, 640px\" \/><\/a><p id=\"caption-attachment-40334\" class=\"wp-caption-text\">Blick nach Osten bei Massada \u00fcbers Tote Meer zu den Bergen in Jordanien am 28.10.2013<\/p><\/div>\n<ul>\n<li><em>Listenauswahl eines Beitrags: Bitte anklicken oder runterscrollen<\/em><\/li>\n<li><a href=\"https:\/\/www.freiburg-schwarzwald.de\/blog\/vereine\/ngo\/correctiv\/\">Zeitgeistwende \u2013 Wenn sich der Wind dreht \u2013 Correctiv<\/a>\u00a0(1.1.2025)<\/li>\n<li><a href=\"https:\/\/www.freiburg-schwarzwald.de\/blog\/engagiert-kritische-alte-gesucht\/\">Engagiert kritische Alte gesucht<\/a>\u00a0(20.9.2022)<\/li>\n<li><a href=\"https:\/\/www.freiburg-schwarzwald.de\/blog\/engagement\/zukunft\/demokratie\/politik\/zeitenwende\/\">Der Trick mit der \u201eZeitenwende\u201c<\/a>\u00a0(14.6.2022)<\/li>\n<li>Mu\u00dfe &#8211; Zeit haben &#8211; niemand erwartet ein Ergebnis von mir (29.3.2014)<\/li>\n<li>Zeit schenken &#8211; anderen und auch sich selbst (22.12.2013)<\/li>\n<li><\/li>\n<li><a title=\"Achtsamkeit\" href=\"https:\/\/www.freiburg-schwarzwald.de\/blog\/business\/gesund\/achtsamkeit\/\">Achtsamkeit<\/a><\/li>\n<li>Zeit ist Geld<\/li>\n<li>Zeit spenden<\/li>\n<li><a href=\"https:\/\/www.freiburg-schwarzwald.de\/blog\/engagement\/zukunft\/demokratie\/politik\/zeitenwende\/\">Zeitenwende<\/a><\/li>\n<\/ul>\n<p>&nbsp;<\/p>\n<p><a href=\"https:\/\/www.freiburg-schwarzwald.de\/blog\/selbsthilfe\/familie\/kkk\/holzbeige-nickerchen140324\/\" rel=\"attachment wp-att-46424\"><img loading=\"lazy\" decoding=\"async\" class=\"alignnone size-thumbnail wp-image-46424\" src=\"https:\/\/www.freiburg-schwarzwald.de\/blog\/wp-content\/uploads\/2013\/05\/holzbeige-nickerchen140324-180x145.jpg\" alt=\"holzbeige-nickerchen140324\" width=\"180\" height=\"145\" srcset=\"https:\/\/www.freiburg-schwarzwald.de\/blog\/wp-content\/uploads\/2013\/05\/holzbeige-nickerchen140324-180x145.jpg 180w, https:\/\/www.freiburg-schwarzwald.de\/blog\/wp-content\/uploads\/2013\/05\/holzbeige-nickerchen140324.jpg 640w\" sizes=\"auto, (max-width: 180px) 100vw, 180px\" \/><\/a><br \/>\n(1) Nickerchen am 24.3.2014 &#8211; zeitlos<\/p>\n<p>&nbsp;<\/p>\n<p>&#8211; Zeitlos,<br \/>\n&#8211; Es ist h\u00f6chste zeit<br \/>\n&#8211; Zeitung<br \/>\n&#8211; fr\u00fchzeitig<br \/>\n&#8211; allzeit<br \/>\n&#8211; Zeit ist Geld<br \/>\n&#8211; Wie die Zeit vergeht<\/p>\n<p>&nbsp;<\/p>\n<p>&nbsp;<\/p>\n<p><strong>Mu\u00dfe &#8211; Zeit haben &#8211; niemand erwartet ein Ergebnis von mir<\/strong><br \/>\n&#8222;Mu\u00dfe kann man als Zustand verstehen, in dem wir nichts tun m\u00fcssen, also auch nicht unter Zeitdruck sind. Und weil wir nichts tun m\u00fcssen, k\u00f6nnen wir etwas tun&#8220; &#8211; so der Freiburger Philosophieprofessor G\u00fcnter Figal. Mu\u00dfe mu\u00df man wollen und auch ein\u00fcben, man mu\u00df sich eben\u00a0frei machen von dem Zwangsger\u00fcst von Terminen, Zielen und Verpflichtungen. Ohne diese Zw\u00e4nge kann man sich wirklich auf etwas einlassen, da ja niemand ein Ergebnis von einem erwartet. Man kann es sich leisten, zuzuschauen, wie die Zeit vergeht. Mu\u00dfe und <a title=\"Achtsamkeit\" href=\"https:\/\/www.freiburg-schwarzwald.de\/blog\/business\/gesund\/achtsamkeit\/\">Achtsamkeit<\/a> passen gut zusammen: &#8222;Sittin on the dock of the bay,\u00a0watching &#8230;&#8220;<br \/>\nDas seit Ende des 19. Jahrhunderts dominierende Credo des &#8222;schneller, weiter, h\u00f6her&#8220; bzw. Fortschrittsdenken ist einem Umdenken gewichen: Angesichts der endlichen Ressourcen ist ein intelligenter und vorsichtiger Umgang angesagt, wir sind mehr auf Schonung und Erhaltung aus. Was f\u00fcr den Umweltschutz selbstverst\u00e4ndlich ist, gilt mehr und mehr auch f\u00fcr unser eigenes Leben und unsere pers\u00f6nliche Zeit. Aus &#8222;Zeit ist Geld&#8220; wird &#8222;Zeit zur Mu\u00dfe&#8220;.<br \/>\n.<br \/>\n<strong>Freiburger Philosoph G\u00fcnter Figal erforscht Bedeutung des Nichtstuns<br \/>\n<\/strong>Figal ist Professor f\u00fcr Philosophie an der Universit\u00e4t Freiburg und stellv. Leiter des Sonderforschungsbereichs &#8222;Mu\u00dfe. Konzepte, R\u00e4ume, Figuren&#8220;. &#8222;Seit Aristoteles sind wir es gewohnt, menschliches Leben in erster Linie vom Handeln her zu verstehen. &#8230; Mich interessiert aber schon lange, ob Handlungen nicht bestimmte Voraussetzungen haben, die in der Unt\u00e4tigkeit liegen. Also ob man nicht erst einmal nichts tun muss, um dann etwas tun zu k\u00f6nnen.&#8220;\u00a0&#8230;<br \/>\nAlles vom 29.3.2014 bitte lesen auf<br \/>\n<a href=\"https:\/\/www.badische-zeitung.de\/bildung-wissen-1\/freiburger-philosoph-guenter-figal-erforscht-bedeutung-des-nichtstuns--82431312.html\">https:\/\/www.badische-zeitung.de\/bildung-wissen-1\/freiburger-philosoph-guenter-figal-erforscht-bedeutung-des-nichtstuns&#8211;82431312.html<br \/>\n<\/a>.<\/p>\n<p>&nbsp;<\/p>\n<p>&nbsp;<\/p>\n<p><strong>Zeit schenken &#8211; anderen und auch sich selbst<\/strong><\/p>\n<p>Einerseits unser Konsumrausch: \u00dcber ein Viertel aller Lebensmittel in Deutschland werden weggeworfen und\u00a0ein Drittel unserer Kleidung bleibt im Schrank h\u00e4ngen, ohne je getragen zu werden. Mit unseren Konsumanspr\u00fcchen legen wir fest, was (die Kaffeetasse mit elektrischem Umr\u00fchrer), wie (Rohstoffverbrauch spielt keine rolle), wann (abends\u00a0nach 20 Uhr frische Br\u00f6tchen)\u00a0und wo (geringe Lohnkosten) produziert wird.<br \/>\nAndererseits ist da die\u00a0Zeit, f\u00fcr die vor lauter Konsum &#8222;kaum mehr Zeit&#8220; \u00fcbrig bleibt. Die Zeit rast nicht mehr davon und bleibt auch nicht stehen &#8211; die Zeit gibt es einfach nicht mehr. Keine Tageszeiten mehr: \u00a0In der City ist es nachts geneuso hell wie tags\u00fcber. Keine Jahreszeiten mehr: Im B\u00fcro ist es winters genauso warm wie im Sommer.<\/p>\n<p>Blumen pflanzen statt Blumenstrauss<br \/>\nVorlesen statt Buch<br \/>\nFotos gucken statt Fotoapparat<br \/>\nWaldluft statt Parfum<br \/>\nNackenmasage statt Schal<br \/>\nreparieren statt neu kaufen<br \/>\nWandern statt Wein<br \/>\nKochabend statt Kochbuch&#8216;<br \/>\nSchrank ausmisten statt shoppen<br \/>\nFusspallspielen statt Konsole<\/p>\n<p>&nbsp;<\/p>\n<p>&nbsp;<\/p>\n<p><strong>Fureai Kippu<\/strong><br \/>\nDas Prinzip, Zeit als W\u00e4hrung zu nutzen, ist alt. Das weltweit gr\u00f6\u00dfte Netzwerk &#8222;Fureai Kippu&#8220; wurde 1992 in Japan gegr\u00fcndet und z\u00e4hlt heute weit \u00fcber 3 Mio Mitglieder. \u00dcber erhalten Menschen, die andere Menschen betreuen,\u00a0eine Gutschrift \u00fcber den Umfang dieser Pflegeleistung, die sie dann sp\u00e4ter wieder in eine Betreuungsleistung zur\u00fccktauschen k\u00f6nnen.<br \/>\nDas bestechend Einfache daran: Eine Stunde ist eine Stunde ist eine Stunde \u2013 ein v\u00f6llig inflationssicheres Geld. Immer mehr Japaner entscheiden sich mittlerweile lieber f\u00fcr einen der freiwilligen \u201cStundenkr\u00e4fte\u201d als f\u00fcr professionelle Dienstleister.<br \/>\nDie Idee von &#8222;Fureai Kippu als\u00a0Unterst\u00fctzungssystem auf Tauschbasis kann man unter drei Perspektiven sehen: Als Beispiel f\u00fcr eine Komplement\u00e4rw\u00e4hrung, als Beispiel f\u00fcr die Monetarisierung im Ehrenamt und als Beispiel f\u00fcr Innovationen sozialer Dienste.<br \/>\n<a href=\"https:\/\/diakonisch.wordpress.com\/2011\/04\/04\/fureai-kippu\/\">https:\/\/diakonisch.wordpress.com\/2011\/04\/04\/fureai-kippu\/<\/a><br \/>\n<strong>Timerepublik.com<\/strong><br \/>\nAuf der Tauschplattform Timerepublik.com, die 2011 in Lugano\/Schweiz gegr\u00fcndet\u00a0wurde, kann man Dienste wie Gitarrenkurs oder Babysitten anbieten, wobei nicht mit Geld, sondern mit Zeit bezahlt wird. Jeder Nutzer tr\u00e4gt bei der Anmeldung seine F\u00e4higkeiten ein und legt ein Zeitkonto an. Erbringt er eine Aufgabe f\u00fcr einer der \u00fcber 10000 Mitglieder in 50 L\u00e4ndern, bekommt er die Arbeitszeit gutgeschrieben. Nun kann er im Netz mit seiner inzwischen gewonnenen Zeit auf Shoppingtour gehen.<br \/>\n<a href=\"https:\/\/www.timerepublik.com\">www.timerepublik.com<\/a><\/p>\n<p><strong>Zeit-Statt-Zeig.de<\/strong><br \/>\n&#8222;Das dritte Handy? Der sechste Schal? Das zehnte Parf\u00fcm? Bevor du dich zum n\u00e4chsten Anlass f\u00fcr eines der typischen Standardgeschenke entscheidest, lass dich im Zeit-statt-Zeug Shop dazu inspirieren, etwas einzigartiges zu verschenken: Gemeinsame Zeit.&#8220; So zu lesen auf der Startseite von <a href=\"https:\/\/www.zeit-statt-zeug.de\">www.zeit-statt-zeug.de<\/a><\/p>\n","protected":false},"excerpt":{"rendered":"<p>Home &gt;Engagement &gt;Zukunft &gt;Gesund &gt;Zeit Listenauswahl eines Beitrags: Bitte anklicken oder runterscrollen Zeitgeistwende \u2013 Wenn sich der Wind dreht \u2013 Correctiv\u00a0(1.1.2025) Engagiert kritische Alte gesucht\u00a0(20.9.2022) Der Trick mit der \u201eZeitenwende\u201c\u00a0(14.6.2022) Mu\u00dfe &#8211; Zeit haben &#8211; niemand erwartet ein Ergebnis von &hellip; <a href=\"https:\/\/www.freiburg-schwarzwald.de\/blog\/engagement\/zukunft\/zeit\/\">Weiterlesen <span class=\"meta-nav\">&rarr;<\/span><\/a><\/p>\n","protected":false},"author":4,"featured_media":0,"parent":2250,"menu_order":0,"comment_status":"open","ping_status":"closed","template":"","meta":{"footnotes":""},"class_list":["post-34668","page","type-page","status-publish","hentry"],"_links":{"self":[{"href":"https:\/\/www.freiburg-schwarzwald.de\/blog\/wp-json\/wp\/v2\/pages\/34668","targetHints":{"allow":["GET"]}}],"collection":[{"href":"https:\/\/www.freiburg-schwarzwald.de\/blog\/wp-json\/wp\/v2\/pages"}],"about":[{"href":"https:\/\/www.freiburg-schwarzwald.de\/blog\/wp-json\/wp\/v2\/types\/page"}],"author":[{"embeddable":true,"href":"https:\/\/www.freiburg-schwarzwald.de\/blog\/wp-json\/wp\/v2\/users\/4"}],"replies":[{"embeddable":true,"href":"https:\/\/www.freiburg-schwarzwald.de\/blog\/wp-json\/wp\/v2\/comments?post=34668"}],"version-history":[{"count":3,"href":"https:\/\/www.freiburg-schwarzwald.de\/blog\/wp-json\/wp\/v2\/pages\/34668\/revisions"}],"predecessor-version":[{"id":130133,"href":"https:\/\/www.freiburg-schwarzwald.de\/blog\/wp-json\/wp\/v2\/pages\/34668\/revisions\/130133"}],"up":[{"embeddable":true,"href":"https:\/\/www.freiburg-schwarzwald.de\/blog\/wp-json\/wp\/v2\/pages\/2250"}],"wp:attachment":[{"href":"https:\/\/www.freiburg-schwarzwald.de\/blog\/wp-json\/wp\/v2\/media?parent=34668"}],"curies":[{"name":"wp","href":"https:\/\/api.w.org\/{rel}","templated":true}]}}