{"id":34024,"date":"2013-07-03T18:55:16","date_gmt":"2013-07-03T16:55:16","guid":{"rendered":"https:\/\/www.freiburg-schwarzwald.de\/blog\/?page_id=34024"},"modified":"2023-12-17T17:23:02","modified_gmt":"2023-12-17T16:23:02","slug":"weissstorch-breisgau","status":"publish","type":"page","link":"https:\/\/www.freiburg-schwarzwald.de\/blog\/natur\/tiere\/storch\/weissstorch-breisgau\/","title":{"rendered":"Weissstorch-Breisgau"},"content":{"rendered":"<p>Home &gt;<a title=\"Natur\" href=\"https:\/\/www.freiburg-schwarzwald.de\/blog\/natur\/\">Natur<\/a> &gt;<a title=\"Tiere\" href=\"https:\/\/www.freiburg-schwarzwald.de\/blog\/natur\/tiere\/\">Tiere<\/a> &gt;<a title=\"Vogel\" href=\"https:\/\/www.freiburg-schwarzwald.de\/blog\/natur\/tiere\/vogel\/\">Vogel<\/a> &gt;<a title=\"Storch\" href=\"https:\/\/www.freiburg-schwarzwald.de\/blog\/natur\/tiere\/storch\/\">Storch<\/a> &gt;Weissstorch-Breisgau<\/p>\n<div id=\"attachment_1723\" style=\"width: 642px\" class=\"wp-caption alignnone\"><a href=\"https:\/\/www.freiburg-schwarzwald.de\/blog\/natur\/tiere\/storch\/rechtenbach1a-pan060804-2\/\" rel=\"attachment wp-att-1723\"><img loading=\"lazy\" decoding=\"async\" aria-describedby=\"caption-attachment-1723\" class=\"size-full wp-image-1723\" title=\"rechtenbach1a-pan060804\" src=\"https:\/\/www.freiburg-schwarzwald.de\/blog\/wp-content\/uploads\/2012\/04\/rechtenbach1a-pan0608041.jpg\" alt=\"\" width=\"632\" height=\"222\" srcset=\"https:\/\/www.freiburg-schwarzwald.de\/blog\/wp-content\/uploads\/2012\/04\/rechtenbach1a-pan0608041.jpg 632w, https:\/\/www.freiburg-schwarzwald.de\/blog\/wp-content\/uploads\/2012\/04\/rechtenbach1a-pan0608041-180x63.jpg 180w\" sizes=\"auto, (max-width: 632px) 100vw, 632px\" \/><\/a><p id=\"caption-attachment-1723\" class=\"wp-caption-text\">Blick nach Osten im Rechtenbach am 4.8.2006: St\u00f6rche errichten nachhaltige Strassensperre<\/p><\/div>\n<ul>\n<li>Gustav Bickel aus Opfingen: 2023 gutes Storchenjahr (15.12.2023)<\/li>\n<li><a href=\"https:\/\/www.freiburg-schwarzwald.de\/blog\/storchenpaar-mit-jungstoerchen\/\">Storchenpaar mit Jungst\u00f6rchen &#8211; live<\/a> (5.5.2021)<\/li>\n<li><a title=\"Storchenjahr 2020 beginnt gut\" href=\"https:\/\/www.freiburg-schwarzwald.de\/blog\/storchenjahr-2020-beginnt-gut\/\">Storchenjahr 2020 im Raum Freiburg beginnt gut<\/a>\u00a0(17.4.2020)<\/li>\n<li>Mit Storchenvater Gustav Bickel \u00a0unterwegs durch den Breisgau (15.3.2016)<\/li>\n<li>Jungst\u00f6rche in B\u00f6tzingen, Buchheim und Neuershausen beringt (3.7.2013)<\/li>\n<li><a href=\"https:\/\/www.freiburg-schwarzwald.de\/storch2.htm#SOS Weissstorch: Schwieriges Vereinsjahr - erfreuliches Storchenjahr 2009\">SOS Weissstorch: Schwieriges Vereinsjahr &#8211; erfreuliches Storchenjahr 2009<\/a> &gt;Storch2 (6.4.2010)<\/li>\n<li><a href=\"https:\/\/www.freiburg-schwarzwald.de\/vogel.htm#Storchenvater Hagen Sp\u00e4th von ?SOS Wei\u00dfstorch Breisgau? geehrt\">Storchenvater Hagen Sp\u00e4th von SOS Wei\u00dfstorch Breisgau geehrt<\/a> &gt;Vogel (17.2.2006)<\/li>\n<li><\/li>\n<li>Weissstorch Breisgau &#8211; vormals &#8222;SOS Wei\u00dfstorch Breisgau&#8220;<\/li>\n<li><a title=\"Storch\" href=\"https:\/\/www.freiburg-schwarzwald.de\/blog\/natur\/tiere\/storch\/\">Storch<\/a><\/li>\n<\/ul>\n<p>&nbsp;<\/p>\n<p><strong>Gustav Bickel aus Opfingen: 2023 gutes Storchenjahr<\/strong><br \/>\nAuch dank diesem Rentner aus Freiburg-Opfingen ist 2023 ein richtig gutes Storchenjahr<br \/>\nIn den fr\u00fchen 1960er Jahren kommt Gustav Bickel das erste Mal mit St\u00f6rchen in Kontakt, der Grund daf\u00fcr ist eine Tafel Schokolade. &#8222;Das war damals noch etwas Besonderes&#8220;, sagt Bickel, &#8222;Schokolade gab es fr\u00fcher nur an Ostern und Weihnachten.&#8220; Die Schokolade wurde vom Schulleiter, fr\u00fcher &#8222;Oberlehrer&#8220;, verteilt, wenn Sch\u00fcler aus dem S\u00fcden wiederkehrende St\u00f6rche meldeten und ihm so bei seiner Verpflichtung als Storchenbetreuen halfen.<br \/>\nEs folgte f\u00fcr Bickel eine Zeit ohne St\u00f6rche, das Nest auf der evangelischen Kirche gegen\u00fcber seiner ehemaligen Schule blieb \u00fcber 20 Jahre leer. In dieser Zeit sprach Bickel mit verschiedenen Vogelforschern und Storchenfreunden \u00fcber M\u00f6glichkeiten, den Wei\u00dfstorch zur\u00fcckzubringen. Erst 1995 lie\u00df sich ein Storch wieder auf der Kirche blicken. Bickel, der mittlerweile Gemeindearbeiter war, sollte das Nest reinigen. Im selben Jahr wurde dann auch der ehrenamtliche Verein Weissstorch Breisgau gegr\u00fcndet, Bickel ist Gr\u00fcndungsmitglied. Der Verein, von Spenden finanziert, besteht bis heute.<br \/>\nF\u00fcr die St\u00f6rche geht es seitdem stetig bergauf: Schon seit Jahren nimmt die Population zu, sodass der Storchenbestand im Breisgau &#8222;mehr als gesichert&#8220; ist, so Bickel. Dieses Jahr sei dank dem verh\u00e4ltnism\u00e4\u00dfig feuchten Klima sogar ein wirklich sehr gutes Storchenjahr gewesen. Mit 411 Jungtieren im Breisgau haben \u00fcber 40 Prozent mehr junge St\u00f6rche \u00fcberlebt als vergangenes Jahr.<br \/>\nMehr als gesichert ist es damit auch, dass Bickel als Storchenbetreuer viel zu tun hat. Vor seinem Ruhestand war es manches Mal so, dass er sich die N\u00e4chte f\u00fcr seine ehrenamtliche T\u00e4tigkeit um die Ohren schlagen musste. Als etwa ein Storch an einer Abschlagh\u00fclse zu ersticken drohte, fuhr Bickel dem Tier \u00fcber f\u00fcnf Tage lang hinterher.<br \/>\nAuch jetzt im Winter enden Bickels Verpflichtungen nicht. Es muss Computerarbeit im Dienst der St\u00f6rche gemacht werden, Statistiken, die zum Beispiel die Geburtenrate angeben. &#8222;Im Moment ist einfach viel Arbeit&#8220;, sagt Bickel, aber solche Momente gab es die ganzen vergangenen Jahre eigentlich immer. Bickels Ziel ist neuerdings allerdings auch, sich zu entlasten. So wird er seit zwei Jahren von mehreren ehrenamtlichen Helfern unterst\u00fctzt. &#8222;Das ist sehr praktisch, dann muss ich nicht mehr f\u00fcr einen Storch zum Beispiel ins Elztal fahren&#8220;, sagt er. In seiner Freizeit geht Bickel n\u00e4mlich vielen Hobbys nach, die mit seiner ehrenamtlichen Arbeit als Storchenbetreuer nichts zu tun haben \u2013 zum Beispiel f\u00e4hrt er gerne Ski.<br \/>\nF\u00fcr viele bleibt Bickel aber immer noch &#8222;der&#8220; Storchenvater. So erreichen ihn des \u00f6fteren Anrufe, wenn sein Lieblingsstorch Lisa gesichtet wird, oder er bekommt von Freunden einen Pl\u00fcschstorch geschenkt, der nun \u2013 als bezeichnenderweise einziges Storchen-Dekoelement \u2013 an dem Fenster seiner Wohnung h\u00e4ngt. Routine f\u00fcr den Storchenvater ist auch die Frage der Enkel &#8222;Opa, wo bin ich jetzt?&#8220;, mit dem sie den Standort ihrer befl\u00fcgelten Namensvettern herausfinden wollen.<br \/>\nAcht St\u00f6rche, die mithilfe der Vogelwarte des Max-Planck-Institutes mit Sendern ausgestattet wurden, hat Bickel n\u00e4mlich nach seinen acht Enkeln benannt. Ihre Standorte lassen sich zu jedem Zeitpunkt \u00fcber die App &#8222;Animal Tracker&#8220; abrufen \u2013 auf dass die kleinen Punkte in Afrika und Spanien die Enkel genauso f\u00fcr St\u00f6rche begeistern wie Gustav Bickel seinerzeit eine Tafel Schokolade. Denn im Angesicht der zunehmenden Storchenpopulation sind neue Storchenbetreuer dringend n\u00f6tig.<br \/>\n&#8230; Alles vom 15.12.2023 von Julian Fr\u00f6hling bitte lesen auf<br \/>\n<a href=\"https:\/\/www.badische-zeitung.de\/auch-dank-diesem-rentner-aus-freiburg-opfingen-ist-2023-ein-richtig-gutes-storchenjahr\">https:\/\/www.badische-zeitung.de\/auch-dank-diesem-rentner-aus-freiburg-opfingen-ist-2023-ein-richtig-gutes-storchenjahr<\/a><\/p>\n<p>&nbsp;<\/p>\n<p><strong>Weissstorch Breisgau e.V. &#8211; vormals &#8222;SOS Wei\u00dfstorch Breisgau&#8220;<\/strong><\/p>\n<p>&#8222;Der\u00a0Verein &#8222;SOS Wei\u00dfstorch Breisgau&#8220;\u00a0wurde im November 1995 gegr\u00fcndet. <a href=\"https:\/\/www.sos-weissstorch-breisgau.de\/orte.htm\">Mitglieder <\/a>des Vereins sind die Nestbetreuer in den\u00a0einzelnen <a href=\"https:\/\/www.sos-weissstorch-breisgau.de\/orte.htm\">Gemeinden<\/a>. Vereinsmitglieder im herk\u00f6mmlichen Sinne gibt es nicht, da wir als<br \/>\nGegenleistung f\u00fcr einen Jahresbeitrag au\u00dfer Arbeit nichts anbieten k\u00f6nnen.\u00a0\u00a0Der Zusammenschluss zum Verein war notwendig, um sich gegenseitig bei der notwendigen Arbeit\u00a0\u00a0f\u00fcr St\u00f6rche und Nester zu unterst\u00fctzen.&#8220;<\/p>\n<p>SOS Wei\u00dfstorch Breisgau e.V.<br \/>\nVorsitzender Gustav Bickel, Freiburg-Opfingen, Telefon 07664\/4644.<br \/>\nStellvertreter Martin Kury (Reute), zweiter Stellvertreter Manfred Lay (B\u00f6tzingen),<br \/>\nSchriftf\u00fchrerin Barbara Bickel (Opfingen), Kassierer Peter Ochs (Merdingen),<br \/>\nKassenpr\u00fcfer Hans M\u00fcller mit Martin Schweizer (Hugstetten).<br \/>\nBeisitzer sind die jeweiligen Ortskassenf\u00fchrer<br \/>\nGr\u00fcnder: Hagen Sp\u00e4th, Unterer M\u00fchlenweg 20a, 79114 Freiburg, Tel 0761\/4764895<\/p>\n<p><strong>Spendenkonto Wei\u00dfstorch Breisgau e.V.:<\/strong><br \/>\n<span style=\"color: #008000;\"><strong>Sparkasse Freiburg-N\u00f6rdlicher Breisgau,<br \/>\n<acronym>IBAN<\/acronym>: DE09 6805 0101 0002 1478 51<br \/>\n<\/strong><\/span><\/p>\n<p>&nbsp;<\/p>\n<p><acronym>Spenden FR-Hochdorf:<br \/>\nIBAN<\/acronym>: DE49 6809 0000 0031 8392 03<\/p>\n<p>SOS Wei\u00dfstorch Kirchzarten<br \/>\nStorchenkonto Weissstorch Kirchzarten: VoBa Kirchzarten, KtNr. 51789920, Blz.68090000<br \/>\nWaltraud Maurer, Ringstrasse 16, 79199 Kirchzarten<\/p>\n<p>Gerlinde Danzeisen, Schrift- und Kassenf\u00fchrung des Vereins SOS Wei\u00dfstorch Breisgau e.V.<br \/>\nM\u00fchlematten 10, 79224 Umkirch, Tel. 07665\/6517, gugdanzeisen at hotmail.com<br \/>\nSparkasse Freiburg-N\u00f6rdl. Breisgau, BLZ 680 501 01; Kto.Nr. 2147851<\/p>\n<p>SOS Wei\u00dfstorch \/ BUND Gundelfingen<br \/>\nDieter Engelbrecht,\u00a0Gundelfingen, Tel 0761 581721, DEngelbrechtBUND at t-online.de<br \/>\nFrau Heller in der Kirchstrasse<br \/>\n<a href=\"https:\/\/www.weissstorch-breisgau.de\">www.weissstorch-breidgau.de<\/a><\/p>\n<p><a href=\"https:\/\/www.freiburg-schwarzwald.de\/reute-storch.htm#Reute - sechs Storchennester\">Pflegestation von SOS Wei\u00dfstorch in Reute &#8211; Martin Kury<\/a> &gt;Reute-Storch<\/p>\n<p><a name=\"Webcams Storchennester auf Thomas Varadis Website\"><\/a>Webcams Storchennester auf Thomas Varadi&#8217;s Website:<br \/>\n<a href=\"https:\/\/regiowebcam.de\/\">https:\/\/regiowebcam.de<\/a><br \/>\nKirchzartener Storch auf Varadi&#8217;s Website:<br \/>\n<a href=\"https:\/\/regiowebcam.de\/index.php?id=1928\">https:\/\/regiowebcam.de\/index.php?id=1928<\/a><\/p>\n<p>========================================000<\/p>\n<p>&nbsp;<\/p>\n<p><strong>Mit Storchenvater Gustav Bickel \u00a0unterwegs durch den Breisgau<\/strong><br \/>\nEin Pension\u00e4r, der Meister Adebar viel Zeit widmet ist Gustav Bickel aus Opfingen. Er kennt fast alle St\u00f6rche und ihre Geschichte: Ob in Gottenheim, Freiburg-St. Georgen oder Wolfenweiler.<br \/>\nEs war einmal ein Gemeindearbeiter in Opfingen, der eines Tages gebeten wurde, sich um das auf dem Turm der evangelischen Kirche sesshaft gewordene Storchenpaar beziehungsweise zun\u00e4chst um dessen Behausung zu k\u00fcmmern. Inzwischen ist Gustav Bickel Pension\u00e4r, der Meister Adebar viel Zeit widmet. Bickel ist Nestarchitekt-, Nestbauberater und Nestreiniger, Nachwuchsstorchberinger, Storchenpaarz\u00e4hler \u2013 und Vorsitzender des Vereins Wei\u00dfstorch Breisgau.<br \/>\nAuf der Treppe vor dem B\u00fcrgersaal stellt Gustav Bickel in Merdingen sein Spektiv, ein Spezialfernrohr auf einem Metalldreifu\u00df auf, und richtet es auf das Dach der Zehntscheuer. Dort droben steht ein Storchennest, darin ein Storch, der eifrig klappert. Seit Rosenmontag sei das Nest wieder belegt, wei\u00df Bickel und schaut durch das Glas. Endlich hat er das Storchenbein so im Visier, dass er den dort befindlichen Ring ablesen kann.<\/p>\n<p>Bei dem Storch handelt es sich um DER A 2877, einen 2003 in Wolfenweiler geborenen Storchenmann, der seit 2010 eine neue Heimat am Tuniberg gefunden hat. Offenbar wartet DER A 2877 sehns\u00fcchtig klappernd auf DER A 6922. Das ist eine Dame, 2007 in Rheinhausen geboren, und seit 2011 mit dem Herrn \u00fcber das Merdinger Nest liiert. 16 Junge hat das Paar gemeinsam gro\u00df gezogen, vier im Katastrophenjahr 2013.<\/p>\n<div class=\"boxOhne breakerAd\">\n<div id=\"zoneAdserverMrec\" class=\"top20\">\n<div id=\"helperAdserverMrec\">\n<div id=\"beacon_2881e0724e\">Der nasskalte Sommer hatte einen dramatischen Einbruch bei der Geburtenrate der St\u00f6rche im Vereinseinzugsgebiet, das 110 Nester umfasst und von Bahlingen bis Zarten reicht, zur Folge. Neben Bickel k\u00fcmmert sich Vereins-Vize Martin Kury um die Nestbetreuung.<br \/>\nSeit 2008 wuchsen mehr als 100 Jungst\u00f6rche heran, sagt Bickels Statistik. Vor drei Jahren waren es gerade einmal 44 gewesen. Insgesamt ist der Storchenvater aber sehr zufrieden mit der Populationsdichte, denn Mitte der 80er Jahre hatte man im gesamten Einzugsgebiet gerade einmal drei Brutpaare gez\u00e4hlt, rund ein Dutzend waren es 1995, als sich der Verein, seinerzeit noch unter dem Namen SOS-Wei\u00dfstorch, gegr\u00fcndet hatte.<\/div>\n<\/div>\n<\/div>\n<\/div>\n<div class=\"zitate clear\">&#8222;Wo es kein Futter gibt, geh\u00f6rt auch kein Storch hin.&#8220;<br \/>\nDie Storchenfreunde bauten Nester \u2013 dies tut Bickel bis heute und gibt auch entsprechende Kurse \u2013 auch wurden vieler Orten St\u00f6rche zugef\u00fcttert, so dass man innerhalb von zehn Jahren die Zahl der Brutpaare verdreifachen konnte. &#8222;Der Storch ist ein Wildtier. Er muss alleine klar kommen&#8220;, sagt Bickel \u00fcber die neue Marschrichtung. Seit einigen Jahren werde kein Futter mehr angeboten. Damit ginge auch die Zahl der Standv\u00f6gel, also derer, die im Winter nicht gen S\u00fcden fl\u00f6gen, wieder zur\u00fcck.<br \/>\n&#8222;Wo es kein Futter gibt, geh\u00f6rt auch kein Storch hin&#8220;, betont Bickel, der mancher Gemeinde mit Storchenwunsch deshalb einen Korb erteilt. Ein Nest bekommt hingegen \u2013 egal on Privatmann, Kommune oder Kirche \u2013 wer in der Umgebung ein ausreichendes Nahrungsangebot vorweisen kann. Und genau hier hat der Verein seinen neuen Aufgabenschwerpunkt gefunden: Erhalt oder Wiederherstellung einer Storchengerechten Umgebung, in der der gro\u00dfe Schreitvogel seine Leibspeisen wie W\u00fcrmer, M\u00e4use und Fr\u00f6sche finden kann.<\/div>\n<p>Auf dem Kirchturm in Umkirch ist gerade keiner zu Hause. Aber Vorjahresstorch DER AE 524, ein sechsj\u00e4hriger Storchenmann aus K\u00f6ndringen, ist schon gesichtet worden. Allerdings ohne seine Gattin. Er wird eine neue Storchenfrau suchen m\u00fcssen. Harmonisch ist\u2019s in Gottenheim. Das Nest auf der katholischen Kirche gibt es seit den 80er Jahren. Hier sitzen DER AE 625, ein f\u00fcnfj\u00e4hriger Storchenmann aus Bickels Heimat Opfingen, und seine Gattin Anna. Die Dame ist Ortenauerin und stolze 13 Jahre alt. Wo die Liebe hinf\u00e4llt. Zwei Junge hatte das ungleiche Paar im Jahre 2014. Der verhagelte Fr\u00fchling 2015 hatte die Brut jedoch vernichtet, bedauert Bickel.<br \/>\nIn March gibt es stolze sechs Nester, eines davon ein Naturnest in einer Pappel am Ortsrand von Neuershausen. Hier gibt es noch eine der seltenen Feuchtwiesen, auf der die Bewohner, diese sind seit 15 Jahren ein Paar, gerade ihr Mittagessen suchen. Offenbar einen Alterswohnsitz gefunden hat auf der Kirche St. Gallus in Buchheim ein Schweizer Storchenpaar. Mit 19 beziehungsweise 23 Jahren sitzen dort Storchengreise.<br \/>\nSo unterschiedlich wie das Alter der St\u00f6rche und die Dauer ihrer Beziehungen, sind auch die Nester. Die meisten sind von Bickel und seinen Mitstreitern angelegt worden. Je nach Flei\u00df bauen die Bewohner h\u00f6chstens noch an. Eine kleine Zahl, wie das Pappelnest, ist zu 100 Prozent Marke Eigenbau. Auf dem Weg nach Schallstadt, wo auf dem Rathaus nicht nur ein weiteres Traditionsnest steht, sondern auch ein altes Liebespaar wohnt, h\u00e4lt Bickel kurz in Freiburg-St. Georgen. Auf einem Hochspannungsmast thronen ein Nest und zwei St\u00f6rche. Zum Beringen von St\u00f6rchen in solchen Wohnungen muss eine Spezialfirma ran.<br \/>\nAuf dem Rathausdach in Wolfenweiler sitzt seit 13 Jahren ein und dasselbe P\u00e4rchen im gemachten Nest. 18 beziehungsweise 23 Jahre alt sind die Rathausdachbewohner. Im Gewerbegebiet von Kirchhofen gibt es auf einem Firmengel\u00e4nde eine Nestkonstruktion, die aber noch nicht belegt ist. Ein einsamer Storch wartet auf dem Gel\u00e4nde des Tierheims in Scherzingen auf sein Liebesgl\u00fcck. Bis Mitte, Ende M\u00e4rz h\u00e4tten sich Paare und Wohnungen gefunden, sagt Gustav Bickel.<br \/>\nDem Storchenvater bereiten derzeit weniger der Klimawandel \u2013 dieser habe bisher nur dazu gef\u00fchrt, dass viele St\u00f6rche statt in Afrika nun in S\u00fcdeuropa \u00fcberwintern \u2013 als Umweltverschmutzung und Fl\u00e4chenfra\u00df Sorge. Denn was in den Weltmeeren herumschwimmt, hat man auch schon in Storchenm\u00e4gen gefunden: Plastik. Die von St\u00f6rchen wie von ihrer Nahrung gesch\u00e4tzten Feuchtwiesen w\u00fcrden \u2013 wie Freifl\u00e4chen \u00fcberhaupt \u2013 im Sandwich zwischen Bebauungsboom und landwirtschaftlicher Nutzung immer weniger werden. Trotz stolzer 90 Brutpaare und 150 fl\u00fcgge gewordener Jungv\u00f6gel im vergangenen Jahr wird dem Verein die Arbeit also nicht ausgehen.<br \/>\n15,3.2016<\/p>\n<p><a href=\"https:\/\/www.badische-zeitung.de\/gottenheim\/klappern-gehoert-zum-handwerk--119551252.html\">https:\/\/www.badische-zeitung.de\/gottenheim\/klappern-gehoert-zum-handwerk&#8211;119551252.html<br \/>\nhttps:\/\/www.badische-zeitung.de\/kappel-grafenhausen\/kappeler-storch-stirbt-vermutlich-an-einem-stromschlag&#8211;119459583.html<br \/>\n<\/a><\/p>\n<p><a href=\"https:\/\/www.badische-zeitung.de\/offenburg\/liebesdrama-nebenbuhler-fuer-storch-hansi--101073478.html\">https:\/\/www.badische-zeitung.de\/offenburg\/liebesdrama-nebenbuhler-fuer-storch-hansi&#8211;101073478.html<\/a><br \/>\n<strong>Jungst\u00f6rche in B\u00f6tzingen, Buchheim und Neuershausen beringt<\/strong><br \/>\nDie in diesem Fr\u00fchjahr geschl\u00fcpften Jungst\u00f6rche in den Storchennestern von B\u00f6tzingen und March tragen jetzt Ringe an ihren F\u00fc\u00dfen. Gustav Bickel, Manfred Lay und Helmut Kanzinger vom Verein Wei\u00dfstorch Breisgau (bis 2010 SOS Wei\u00dfstorch Breisgau) haben die Jungst\u00f6rche in B\u00f6tzingen, Buchheim und Neuershausen beringt. Daran beteiligt war die Feuerwehr B\u00f6tzingen, die daf\u00fcr ihre Drehleiter zur Verf\u00fcgung stellte. Auch bei den St\u00f6rchen gibt es \u00fcbrigens untreue Exemplare und sowas wie Patchworkfamilien.<\/p>\n<p>In B\u00f6tzingen beringte Gustav Bickel zwei 30 bis 35 Tage alte Jungst\u00f6rche im Nest in 23 Metern H\u00f6he auf dem Turmdach der katholischen Kirche. Urspr\u00fcnglich hatte die Storchenmutter dort f\u00fcnf Eier gelegt, doch geschl\u00fcpft sind nur vier St\u00f6rche. Zwei der K\u00fcken verstarben infolge von K\u00e4lte und N\u00e4sse Anfang Juni. Der m\u00e4nnliche Brutstorch mit dem Namen Helmut nistet seit 2008 in B\u00f6tzingen und wurde 2006 in Oberhausen geboren, wie sein Ring anzeigt. Der weibliche Brutstorch hei\u00dft Julia und ist schon 2001 in Holzen im Kandertal geboren.<br \/>\n<img loading=\"lazy\" decoding=\"async\" src=\"https:\/\/w.online-verlag-freiburg.de\/www\/delivery\/lg.php?bannerid=146&amp;campaignid=56&amp;zoneid=26511177&amp;loc=1&amp;referer=http%3A%2F%2Fwww.badische-zeitung.de%2Fboetzingen%2Fjulia-wird-jetzt-mit-helmut-gluecklich--73244096.html&amp;cb=38e1561795\" alt=\"\" width=\"0\" height=\"0\" \/>Von 2004 bis 2012 war Julia Brutstorch und Partnerin in Umkirch mit Storchenmann Gregor, der schon im Jahr 2000 in Wolfenweiler geschl\u00fcpft war. Doch nach acht Jahren Storchenehe passierte es: Storch Gregor schaute sich nach einer J\u00fcngeren um und fand eine Partnerin aus der Schweiz, die blutjunge St\u00f6rchin Helvetia, geboren 2011 im Aargau. Doch auch Julia blieb nicht lange alleine und revanchierte sich f\u00fcr das Fremdgehen ihres Gemahls, indem sie mit dem deutlich j\u00fcngeren Helmut nun das Nest teilt.<br \/>\nIn B\u00f6tzingen erfolgte die Wiederansiedlung von St\u00f6rchen im Jahr 1994 mit zwei Jungen auf dem Dach der katholischen Kirche, wo von jeher, bereits im vorigen Jahrhundert, St\u00f6rche genistet hatten, erkl\u00e4rt Helmut Kanzinger. Die St\u00f6rche haben in B\u00f6tzingen von 1994 bis 2013 etliche Junge gro\u00dfgezogen.<\/p>\n<p>Die St\u00f6rche haben sich im Breisgau ausgebreitet. Zwei von registrierten 16 Jungst\u00f6rchen aus B\u00f6tzingen sind nachweislich wieder aus dem S\u00fcden in den Kaiserstuhl zur\u00fcckgekehrt, berichtet Bickel. Ein 1998 in B\u00f6tzingen geborener Storch br\u00fctet derzeit in Schallstadt-Wolfenweiler, und ein Storch von 2006 hat sich in Reute auf dem Kirchenschiff eingenistet. In B\u00f6tzingen w\u00e4re vom Futterangebot her kein Platz f\u00fcr ein zweites Storchenpaar, so die Einsch\u00e4tzung von Bickel.<br \/>\nZu Beginn der Vereinsgr\u00fcndung von SOS-Wei\u00dfstorch im Jahr 1995 habe es im gesamten Breisgau nur etwa drei besetzte Storchennester gegeben, berichtet Helmut Kanzinger. Heute nisten im Breisgau j\u00e4hrlich etwa 80 Storchenpaare. Im Jahr 2012 gab es etwa 172 Jungst\u00f6rche. In diesem Jahr dagegen z\u00e4hlten die Storchenberinger nur noch 30 Jungst\u00f6rche, welche die N\u00e4sse und K\u00e4lte \u00fcberlebt haben. Jene, die in tieferliegenden Nestern geboren wurden, denn dort ist man besser vor K\u00e4lte gesch\u00fctzt, erkl\u00e4ren die Storchensch\u00fctzer.<\/p>\n<p>In Neuerhausen beringte Gustav Bickel nur einen Jungstorch von vieren, die geschl\u00fcpft waren. Die drei Geschwister verstarben wegen K\u00e4lte und N\u00e4sse, ebenso wie zwei von den drei in Buchkeim geschl\u00fcpften Jungst\u00f6rchen. In Eichstetten nisten dieses Jahr keine St\u00f6rche, auch in Gottenheim nicht. Fr\u00fcher nistete ein Storchenpaar in Eichstetten, immer auf der evangelischen Kirche, und danach auf einem Masten beim Reiterhof neben dem Hundeplatz. In der Region um B\u00f6tzingen mit der March wurden also nur vier Jungst\u00f6rche beringt. Die Jungst\u00f6rche in Umkirch sind erst drei Wochen alt und werden sp\u00e4ter beringt. Die B\u00f6tzinger St\u00f6rche werden in K\u00fcrze fl\u00fcgge und als Jungv\u00f6gel eigenst\u00e4ndig auf Futtersuche gehen.<\/p>\n<p>Alle diese 2013 geschl\u00fcpften Jungst\u00f6rche werden im Herbst als Zugv\u00f6gel bis nach Afrika fliegen, erkl\u00e4rt Bickel. Ihre Eltern und die anderen Altst\u00f6rche aus der Region w\u00fcrden dagegen mit k\u00fcrzeren Wegen Vorlieb nehmen und vermutlich nur bis nach Spanien fliegen, wo sie zum Beispiel in der N\u00e4he von M\u00fclldeponien \u00fcberwintern. Der Verein Wei\u00dfstorch Breisgau, dessen Vorsitzender Bickel ist, betreibt zurzeit in Reute eine Voliere f\u00fcr verletzte St\u00f6rche. Der Verein finanziert sich ausschlie\u00dflich durch Spenden.<br \/>\n3.7.2013, Horst David,<\/p>\n","protected":false},"excerpt":{"rendered":"<p>Home &gt;Natur &gt;Tiere &gt;Vogel &gt;Storch &gt;Weissstorch-Breisgau Gustav Bickel aus Opfingen: 2023 gutes Storchenjahr (15.12.2023) Storchenpaar mit Jungst\u00f6rchen &#8211; live (5.5.2021) Storchenjahr 2020 im Raum Freiburg beginnt gut\u00a0(17.4.2020) Mit Storchenvater Gustav Bickel \u00a0unterwegs durch den Breisgau (15.3.2016) Jungst\u00f6rche in B\u00f6tzingen, Buchheim &hellip; <a href=\"https:\/\/www.freiburg-schwarzwald.de\/blog\/natur\/tiere\/storch\/weissstorch-breisgau\/\">Weiterlesen <span class=\"meta-nav\">&rarr;<\/span><\/a><\/p>\n","protected":false},"author":4,"featured_media":0,"parent":260,"menu_order":0,"comment_status":"open","ping_status":"closed","template":"","meta":{"footnotes":""},"class_list":["post-34024","page","type-page","status-publish","hentry"],"_links":{"self":[{"href":"https:\/\/www.freiburg-schwarzwald.de\/blog\/wp-json\/wp\/v2\/pages\/34024","targetHints":{"allow":["GET"]}}],"collection":[{"href":"https:\/\/www.freiburg-schwarzwald.de\/blog\/wp-json\/wp\/v2\/pages"}],"about":[{"href":"https:\/\/www.freiburg-schwarzwald.de\/blog\/wp-json\/wp\/v2\/types\/page"}],"author":[{"embeddable":true,"href":"https:\/\/www.freiburg-schwarzwald.de\/blog\/wp-json\/wp\/v2\/users\/4"}],"replies":[{"embeddable":true,"href":"https:\/\/www.freiburg-schwarzwald.de\/blog\/wp-json\/wp\/v2\/comments?post=34024"}],"version-history":[{"count":2,"href":"https:\/\/www.freiburg-schwarzwald.de\/blog\/wp-json\/wp\/v2\/pages\/34024\/revisions"}],"predecessor-version":[{"id":118384,"href":"https:\/\/www.freiburg-schwarzwald.de\/blog\/wp-json\/wp\/v2\/pages\/34024\/revisions\/118384"}],"up":[{"embeddable":true,"href":"https:\/\/www.freiburg-schwarzwald.de\/blog\/wp-json\/wp\/v2\/pages\/260"}],"wp:attachment":[{"href":"https:\/\/www.freiburg-schwarzwald.de\/blog\/wp-json\/wp\/v2\/media?parent=34024"}],"curies":[{"name":"wp","href":"https:\/\/api.w.org\/{rel}","templated":true}]}}