{"id":33797,"date":"2013-06-28T09:32:49","date_gmt":"2013-06-28T07:32:49","guid":{"rendered":"https:\/\/www.freiburg-schwarzwald.de\/blog\/?page_id=33797"},"modified":"2026-03-10T19:00:18","modified_gmt":"2026-03-10T18:00:18","slug":"grundschule","status":"publish","type":"page","link":"https:\/\/www.freiburg-schwarzwald.de\/blog\/bildung\/schulen\/grundschule\/","title":{"rendered":"Grundschule"},"content":{"rendered":"<p>Home &gt;<a title=\"Bildung\" href=\"https:\/\/www.freiburg-schwarzwald.de\/blog\/bildung\/\">Bildung<\/a> &gt;<a title=\"Schulen\" href=\"https:\/\/www.freiburg-schwarzwald.de\/blog\/bildung\/schulen\/\">Schulen<\/a> &gt;Grundschule<\/p>\n<div id=\"attachment_33421\" style=\"width: 649px\" class=\"wp-caption alignnone\"><a href=\"https:\/\/www.freiburg-schwarzwald.de\/blog\/kultur\/kunst\/keramik\/keramiktage\/keramik-wiehre8sonne-pan130622\/\" rel=\"attachment wp-att-33421\"><img loading=\"lazy\" decoding=\"async\" aria-describedby=\"caption-attachment-33421\" class=\"size-full wp-image-33421\" title=\"keramik-wiehre8sonne-pan130622\" src=\"https:\/\/www.freiburg-schwarzwald.de\/blog\/wp-content\/uploads\/2013\/06\/keramik-wiehre8sonne-pan130622.jpg\" alt=\"\" width=\"639\" height=\"283\" srcset=\"https:\/\/www.freiburg-schwarzwald.de\/blog\/wp-content\/uploads\/2013\/06\/keramik-wiehre8sonne-pan130622.jpg 639w, https:\/\/www.freiburg-schwarzwald.de\/blog\/wp-content\/uploads\/2013\/06\/keramik-wiehre8sonne-pan130622-180x79.jpg 180w\" sizes=\"auto, (max-width: 639px) 100vw, 639px\" \/><\/a><p id=\"caption-attachment-33421\" class=\"wp-caption-text\">Keramiktage beim Alten Wiehrebahnhof in Freiburg &#8211; Nachmittagssonne am 22. Juni 2013<\/p><\/div>\n<ul>\n<li><em>Listenauswahl eines Beitrags (Artikel\/Datum, Seite\/Inhalt):\u00a0<span style=\"text-decoration: underline;\">Klicken<\/span>\u00a0oder scrollen<\/em><\/li>\n<li>Professor fordert Politik ab der Grundschule \u2013 Bevor Eltern falsche Antworten geben (9.3.2026)<\/li>\n<li><a href=\"https:\/\/www.freiburg-schwarzwald.de\/blog\/schriftliche-division-an-gs-ade\/\">Schriftliche Division an GS \u2013 ade<\/a> (23.2.2026)<\/li>\n<li><a href=\"https:\/\/www.freiburg-schwarzwald.de\/blog\/bildung\/verbloedung\/\">Linke Verbl\u00f6dung \u2013 Grundschulen Berlin: Vors\u00e4tzliche Zerst\u00f6rung der Schulbildung?<\/a> (21.1.2026)<\/li>\n<li><a href=\"https:\/\/www.freiburg-schwarzwald.de\/blog\/grundschulunterricht-unmoeglich\/\">Grundschulunterricht unm\u00f6glich<\/a>\u00a0(13.12.2025)<\/li>\n<li><a href=\"https:\/\/www.freiburg-schwarzwald.de\/blog\/bildung\/schulen\/schulbildung\/\">Bildungsnation importiert ihren Absturz<\/a>\u00a0(21.8.2025)<\/li>\n<li><a href=\"https:\/\/www.freiburg-schwarzwald.de\/blog\/bildung\/schulen\/grundschule\/ganztagsschule\/\">Betreuung: Freiamt und die Ganztagsgrundschule \u2013 Es gibt auch Widerstand<\/a> (16.6.2025)<\/li>\n<li><a href=\"https:\/\/www.freiburg-schwarzwald.de\/blog\/kultur\/kunst\/thomas-rees\/\">Holzbildhauer Thomas Rees: \u201eIch kann gut zuh\u00f6ren\u201c<\/a>\u00a0(5.6.2025)<\/li>\n<li><a href=\"https:\/\/www.freiburg-schwarzwald.de\/blog\/bildung\/schulen\/grundschule\/schreiben\/\">Pro &amp; Contra: Sollen Grundsch\u00fcler noch Schreibschrift lernen?<\/a>\u00a0(5.6.2025)<\/li>\n<li><a href=\"https:\/\/www.freiburg-schwarzwald.de\/blog\/berlin-contra-kind-jude-christ\/\">Berlin contra Kind, Jude, Christ<\/a>\u00a0(23.5.2025)<\/li>\n<li>Notoperation: Kind an Berliner Grundschule niedergestochen \u2013 T\u00e4ter ist auf der Flucht (22.5.2025)<\/li>\n<li>8-j\u00e4hrige Kinder m\u00fcssen linke Kampflieder singen: \u201eBunt ist viel sch\u00f6ner als braun\u201c (11.3.2025)<\/li>\n<li>Demografischer Wandel &#8211; Grundschulklasse (8.2.2025)<\/li>\n<li><a href=\"https:\/\/www.freiburg-schwarzwald.de\/blog\/gewalt-muslimischer-schueler\/\">Gewalt muslimischer Sch\u00fcler<\/a>\u00a0(24.4.2024)<\/li>\n<li><a href=\"https:\/\/www.freiburg-schwarzwald.de\/blog\/ostern-und-der-hass-aufs-eigene\/\">Ostern und der Hass aufs Eigene<\/a>\u00a0(31.3.2024)<\/li>\n<li><a href=\"https:\/\/www.freiburg-schwarzwald.de\/blog\/pisa-ein-mal-eins-und-deutsch\/\">Pisa: Ein-mal-Eins und Deutsch<\/a>\u00a0(8.12.2023)<\/li>\n<li><a href=\"https:\/\/www.freiburg-schwarzwald.de\/blog\/selbsthilfe\/krise\/sexuellermissbrauch\/gruppenvergewaltigung\/\">Zwei Araber vergewaltigen 29j\u00e4hrige Mutter auf Grundschulhof in Hamburg<\/a>\u00a0(10.11.2023)<\/li>\n<li><a href=\"https:\/\/www.freiburg-schwarzwald.de\/blog\/d-kinderfeindlich-bildungsarm\/\">D: kinderfeindlich, bildungsarm<\/a>\u00a0(21.5.2023)<\/li>\n<li><a href=\"https:\/\/www.freiburg-schwarzwald.de\/blog\/bildung\/bildungsmisere\/\">Programmieren statt Lesen lernen<\/a>? (29.7.2022)<\/li>\n<li><a href=\"https:\/\/www.freiburg-schwarzwald.de\/blog\/kinderkopftuch-kita-und-schule\/\">Kinderkopftuch: Kita und Schule<\/a>\u00a0(19.3.2021)<\/li>\n<li><a href=\"https:\/\/www.freiburg-schwarzwald.de\/blog\/bildung\/schulen\/brennpunktschulen\/\">Katha Strofe: Leaks aus dem Lehrerzimmer<\/a>\u00a0(27.11.2020)<\/li>\n<li><a title=\"Gewalt ab dem ersten Schultag\" href=\"https:\/\/www.freiburg-schwarzwald.de\/blog\/gewalt-ab-dem-ersten-schultag\/\">Gewalt ab dem ersten Schultag<\/a> (17.9.2019)<\/li>\n<li><a title=\"Deutsch erlernen: Vorschule\" href=\"https:\/\/www.freiburg-schwarzwald.de\/blog\/deutsch-erlernen-vorschule\/\">Deutsch erlernen: Vorschule<\/a> (10.8.2019)<\/li>\n<li><a href=\"https:\/\/www.freiburg-schwarzwald.de\/blog\/gewalt-an-grundschulen-in-fr\/\">https:\/\/www.freiburg-schwarzwald.de\/blog\/gewalt-an-grundschulen-in-fr\/<\/a>\u00a0(14.4.2019)<\/li>\n<li>WC f\u00fcrs 3.Geschlecht an Grundschulen (7.2.2019)<\/li>\n<li>Fr\u00fchsexualisierung in der Schule (15.11.2017)<\/li>\n<li>Tiefenlesen statt digitales Lesebuch (28.10.2017)<\/li>\n<li>Die &#8222;neue&#8220; Schule (29.1.2014)<\/li>\n<li><a href=\"https:\/\/www.freiburg-schwarzwald.de\/blog\/skipping-hearts-in-grundschule\/\">https:\/\/www.freiburg-schwarzwald.de\/blog\/skipping-hearts-in-grundschule\/<\/a>\u00a0(4.12.2013)<\/li>\n<li><a href=\"https:\/\/www.freiburg-schwarzwald.de\/blog\/sicher-stark-stiftung-gewalt\/\">https:\/\/www.freiburg-schwarzwald.de\/blog\/sicher-stark-stiftung-gewalt\/<\/a>\u00a0(23.9.2013)<\/li>\n<li>Paul-Hindemith-Grundschule schafft Noten ab (28,6,2913)<\/li>\n<li><\/li>\n<li><a href=\"https:\/\/www.freiburg-schwarzwald.de\/blog\/bildung\/schulen\/brennpunktschulen\/\">Brennpunktschulen<\/a><\/li>\n<li><a href=\"https:\/\/www.freiburg-schwarzwald.de\/blog\/bildung\/schulen\/grundschule\/ganztagsschule\/\">Ganztagsschule<\/a><\/li>\n<li><a href=\"https:\/\/www.freiburg-schwarzwald.de\/blog\/lesen\/\">Lesen<\/a><\/li>\n<li><a title=\"Reinhold-Schneider-Schule\" href=\"https:\/\/www.freiburg-schwarzwald.de\/blog\/bildung\/schulen\/reinhold-schneider-schule\/\">Reinhold-Schneider-Schule<\/a><\/li>\n<li><a href=\"https:\/\/www.freiburg-schwarzwald.de\/blog\/bildung\/schulen\/schulen-brutalitaet\/\">Schulen-Brutalit\u00e4t<\/a><\/li>\n<li><a title=\"Schulen-digital\" href=\"https:\/\/www.freiburg-schwarzwald.de\/blog\/bildung\/schulen\/schulen-digital\/\">Schulen-digital<\/a><\/li>\n<li><a href=\"https:\/\/www.freiburg-schwarzwald.de\/blog\/bildung\/schulen\/schulbildung\/\">Schulbildung<\/a><\/li>\n<li><a title=\"Schulfrieden\" href=\"https:\/\/www.freiburg-schwarzwald.de\/blog\/bildung\/schulen\/schulfrieden\/\">Schulfrieden<\/a><\/li>\n<li><a title=\"Vorschulen\" href=\"https:\/\/www.freiburg-schwarzwald.de\/blog\/bildung\/schulen\/vorschulen\/\">Vorschulen &#8211; Deutschkenntnisse erwerben<\/a><\/li>\n<\/ul>\n<p>&nbsp;<\/p>\n<p><strong>Professor fordert Politik ab der Grundschule \u2013 Bevor Eltern falsche Antworten geben<\/strong><br \/>\n\u201eDemokratie muss gelernt werden \u2013 fr\u00fcher als bisher.\u201c Prof. Tonio Oeftering will <a href=\"https:\/\/www.freiburg-schwarzwald.de\/blog\/bildung\/politische-bildung\/\">Politik<\/a> schon in der Grundschule: Kinder einordnen helfen, bevor Familie oder Medien \u201efalsche\u201c Haltungen pr\u00e4gen. AfD als \u201eDemokratiegegner\u201c nicht neutral behandeln. Verfassungsbindung oder Indoktrination? Das HAZ-Interview schockiert \u2013 und alarmiert.<br \/>\n&#8230;<br \/>\nZwar hat der Bundesverfassungsschutz gerade einen richterlichen Maulkorb bekommen: Die AfD darf nicht mehr verfolgt werden, damit ist ein AfD-Verbot auf Bundesebene vom Tisch. Aber Niedersachsen macht einfach weiter, die rote Innenministerin l\u00e4sst ihren politischen Verfassungsschutz weiter behaupten, die AfD sei verfassungsfeindlich.<br \/>\n&#8230;<br \/>\n&#8230; Alles vom 9.3.2026 bitte lesen auf<br \/>\n<a href=\"https:\/\/www.alexander-wallasch.de\/gesellschaft\/professor-fordert-politik-ab-der-grundschule-bevor-eltern-falsche-antworten-geben\">https:\/\/www.alexander-wallasch.de\/gesellschaft\/professor-fordert-politik-ab-der-grundschule-bevor-eltern-falsche-antworten-geben<\/a><\/p>\n<p>&nbsp;<\/p>\n<p><strong>Notoperation: Kind an Berliner Grundschule niedergestochen \u2013 T\u00e4ter ist auf der Flucht<br \/>\n<\/strong>In der Grundschule am Weinmeisterhorn im S\u00fcdwesten Berlins wurde ein 11-j\u00e4hriger Junge niedergestochen. Das Kind wird derzeit notoperiert.<br \/>\n.. Alles vom 22.5.2024 bitte lesen auf<br \/>\n<a href=\"https:\/\/apollo-news.net\/notoperation-kind-an-berliner-grundschule-niedergestochen\/\">https:\/\/apollo-news.net\/notoperation-kind-an-berliner-grundschule-niedergestochen\/<\/a><br \/>\n<a href=\"https:\/\/www.bild.de\/regional\/berlin\/berlin-spandau-messer-attacke-auf-kind-in-berliner-grundschule-682f133511c54108e4fe5f79\">https:\/\/www.bild.de\/regional\/berlin\/berlin-spandau-messer-attacke-auf-kind-in-berliner-grundschule-682f133511c54108e4fe5f79<\/a><br \/>\n.<br \/>\nEinige Kommentare:<br \/>\nTja was soll man da sagen? Als Eltern w\u00fcrden man nun langsam sagen, ENDE mit der Schulpflicht! Denn:<br \/>\n1. Weg zur Schule gef\u00e4hrlich<br \/>\n2. Aufenthalt in der Schule gef\u00e4hrlich<br \/>\n3. Hygiene und Ausr\u00fcstung bedenklich<br \/>\n4, Bildung oder Ideologien als Angebot fragw\u00fcrdig<br \/>\n5. Vorbereitung aufs Leben\/Berufsleben fraglich , Freigeist<br \/>\n.<br \/>\nMit 11 Jahren noch Grundsch\u00fcler? Kann das sein? Winni<br \/>\n.<br \/>\nDie ersten Wochen von Merz im Kanzleramt d\u00fcrften die blutigsten sein, die je ein Kanzler erlebt hat! Aber das scheint ihn nicht zu st\u00f6ren, er reist durch die Welt, k\u00fcmmert sich um die Ukraine oder andere Dinge, sein Innenminister l\u00e4sst Kinder verhaften, die m\u00f6glicherweise wirr im Kopf sind! Doch gegen das t\u00e4glich Blutbad der Messerstecher unternimmt er nichts! Diesen Zweite-Wahl-Kanzler braucht keiner! Werner<br \/>\n.<br \/>\n\u201eMigration hat mit Alltag der Menschen verdammt wenig zu tun\u201c, sprach eine K\u00fcchenhilfe einst. Sagen Sie das bitte dem Jungen und den Eltern. Vor der unkontrollierten Massenmigration gab es das Messerph\u00e4nomen nicht. luiz<br \/>\n.<br \/>\nBerlin muss handeln! Es kann und darf so nicht mehr weiter gehen!<br \/>\nWas wohl Kirsten Heisig heute dazu sagen w\u00fcrde\u2026? dawarnochwas<br \/>\nEnde Kommentare<\/p>\n<p>&nbsp;<\/p>\n<p>8-j\u00e4hrige Kinder m\u00fcssen linke Kampflieder singen: \u201eBunt ist viel sch\u00f6ner als braun\u201c<br \/>\n&#8222;Selten war ein Liedtext auch gleichzeitig ein Kampfprogramm:<br \/>\nWir wollen Vielfalt! Wir wollen das Leben!<br \/>\nJeder darf hier jeden lieben,<br \/>\nEs ist nicht schwierig \u2013 du wirst stau\u2019n,<br \/>\nDenn bunt ist viel sch\u00f6ner als braun. &#8230;(&#8230;)&#8230;<br \/>\n&#8230; Das ist die zweite Strophe eines Liedes, das Sch\u00fclerinnen und Sch\u00fcler der M\u00fcller Guttenbrunn Grundschule in F\u00fcrth lernen m\u00fcssen. Der Vater eines Sch\u00fclers (oder Sch\u00fclerin \u2013 er m\u00f6chte wegen seines Kindes nicht identifiziert werden k\u00f6nnen), schrieb NIUS: \u201eDieses Lied soll vom gesamten Jahrgang auswendig gelernt werden und dann jeweils in den einzelnen Klassen vertont und auf CD gebrannt werden.\u201c &#8230;&#8220;<\/p>\n<p>11.3.2025 auf <a href=\"https:\/\/www.nius.de\/news\/bunt-ist-viel-schoener-als-braun-8-jaehrige-kinder-muessen-linke-kampflieder-singen\/1cbe9805-e2aa-4a5d-b49d-bdf02f64cd2\">https:\/\/www.nius.de\/news\/bunt-ist-viel-schoener-als-braun-8-jaehrige-kinder-muessen-linke-kampflieder-singen\/1cbe9805-e2aa-4a5d-b49d-bdf02f64cd2<\/a>a<\/p>\n<p>&nbsp;<\/p>\n<p><strong>Demografischer Wandel &#8211; Grundschulklasse<\/strong><br \/>\nIn einer durchschnittlichen Grundschulklasse werden heute zw\u00f6lf Sprachen gesprochen und die Kinder und ihre Eltern f\u00fchlen sich acht Religionsgemeinschaften zugeh\u00f6rig. Die Zahl derjenigen, die Deutsch als Zweitsprache lernen, ist genauso gro\u00df wie die Zahl derjenigen, die Deutsch als Erstsprache haben. \u201c<br \/>\nMigrations- und Bildungssoziologie Aladin El-Mafaalani<br \/>\n8.2.2025,<br \/>\n<a href=\"https:\/\/www.thepioneer.de\/originals\/der-achte-tag\/podcasts\/kaum-jemand-hat-verstanden-was-der-demografische-wandel-fuer-folgen-hat\">https:\/\/www.thepioneer.de\/originals\/der-achte-tag\/podcasts\/kaum-jemand-hat-verstanden-was-der-demografische-wandel-fuer-folgen-hat<\/a><\/p>\n<p>&nbsp;<\/p>\n<p><strong>WC f\u00fcrs 3.Geschlecht an Grundschulen<\/strong><br \/>\nAls ich diesen Artikel las, wurde mir als Christ wehm\u00fctig ums Herz. Was wird den Seelen unserer Kinder und Enkelkinder hier angetan? In einer Grundschule ein WC f\u00fcr das <a title=\"Gender\" href=\"https:\/\/www.freiburg-schwarzwald.de\/blog\/selbsthilfe\/frauen\/gender\/\">dritte Geschlecht<\/a>! Was bitte ist bei Grundschulkindern das dritte Geschlecht? In einem Alter, in dem Kinder stabile Werte und F\u00fchrung brauchen, f\u00fchrt man sie an Dinge heran, auf die sie von alleine gar nicht k\u00e4men. Und um es vorwegzunehmen: Es geht mir nicht um Diskriminierung eines bestimmten Lebensstils, wir leben in einem freien Land.<br \/>\nAber hier wird in Gottes Sch\u00f6pfungsordnung eingegriffen, mit dem Ziel, Kinder zu lehren, die nat\u00fcrliche Familie bestehe nicht aus Mann, Frau und Kind. Die traditionelle Familie ist aber die Grundlage f\u00fcr den Fortbestand unserer Gesellschaft. In Artikel 6 des Grundgesetzbuches hei\u00dft es unter anderem, die Pflege und Erziehung der Kinder sind das nat\u00fcrliche Recht der Eltern. Das wird den Eltern doch immer mehr entzogen. Man denke nur an den Sexualkundeunterricht in den Grundschulen.<br \/>\nSo kommt eines zum anderen, wie jetzt ein WC f\u00fcr das dritte Geschlecht. Werden hier die Eltern \u00fcberhaupt gefragt? Man muss auch mal seine Stimme erheben und sich gegen solch einen Unsinn wehren, was ja sowieso immer schwieriger wird. Wir stehen diesen Entwicklungen fast machtlos gegen\u00fcber. Was wir tun k\u00f6nnen, ist beten, dass Gott unsere Kinder sch\u00fctzt und bewahrt.<br \/>\nAuf Facebook gibt es laut Medienberichten circa 60 Auswahlm\u00f6glichkeiten, um sein Geschlecht zu definieren. Wie viele WCs werden wir irgendwann an Grundschulen brauchen? Wir brauchen vieles in diesem Land, aber bestimmt kein WC f\u00fcr das dritte Geschlecht an Grundschulen.<br \/>\n7.2.2019, Carola Leppert, Ehrenkirchen<br \/>\n.<br \/>\nZu: &#8222;Grundschulen wollen WCs f\u00fcr das dritte Geschlecht&#8220;, 30. Januar 2018<br \/>\n<a href=\"https:\/\/www.badische-zeitung.de\/panorama\/grundschulen-wollen-wcs-fuer-das-dritte-geschlecht--165197418.html\">https:\/\/www.badische-zeitung.de\/panorama\/grundschulen-wollen-wcs-fuer-das-dritte-geschlecht&#8211;165197418.html<\/a><\/p>\n<p>&nbsp;<\/p>\n<p><strong>Fr\u00fchsexualisierung in der Schule<\/strong><br \/>\nWenn Sexualaufkl\u00e4rung deutlich Schamgrenzen \u00fcberschreitet: Lehrer brauchten heute \u201ePornokompetenz\u201c, wird uns in der ZEIT-Reportage mit dem Titel \u201eNicht so sch\u00fcchtern\u201c erkl\u00e4rt. Und diese soll dann weitergegeben werden. Weil Kultusminister und Wissenschaftler es vorschreiben. Nicht, weil es das Bed\u00fcrfnis von Kindern ist. Selbst die Autoren geben zu: \u201eMit neun, zehn Jahren sind sie noch sehr schambehaftet, halten sich die Augen zu, wenn sich zwei k\u00fcssen, und jetzt sollen sie Geschlechtsorgane beschriften?\u201c Aber nicht nur Sch\u00fclern bereitet dies Unbehagen. Auch den Lehrern. \u201eViele kostet das am Anfang schon \u00dcberwindung.\u201c, sagt ein Lehrer \u00fcber sein Kollegium. Kein Wunder, denn das Hamburger Schulprojekt ist in Wahrheit kein Unterricht, sondern eine als Sexualp\u00e4dagogik getarnte Anleitung zur Pornographie. In manchen Bundesl\u00e4ndern wird sie schon in den Grundschulen angeboten. Je fr\u00fcher, desto besser, ist die Devise der Kultusminister. Den allermeisten Eltern geht der Sex-Unterricht an Schulen zu weit, wenn sie \u00fcberhaupt wissen, was hinter verschlossenen Klassenzimmert\u00fcren vor sich geht. &#8230;.<br \/>\nDazu auch vom 15.11.2017 bitte lesen auf<br \/>\n<a href=\"https:\/\/www.zeit.de\/2017\/47\/aufklaerung-sexualkunde-kinder-schuechternheit\">https:\/\/www.zeit.de\/2017\/47\/aufklaerung-sexualkunde-kinder-schuechternheit<br \/>\n<\/a>\u00a0.<br \/>\n<strong>Petition zur &#8222;Sexualerziehung bzw. Fr\u00fchsexualisierung&#8220;<\/strong><br \/>\nTraditionell veranstaltet ein Hamburger Gymnasium mit seinen Siebtkl\u00e4sslern eine Sex-Projektwoche. \u201eFingern\u201c, \u201eMasturbieren\u201c, \u201eDildo\u201c und \u201eKlitoris\u201c schreiben die 11j\u00e4hrigen ordentlich auf ein Papier. Dann ergreift die Bio-Lehrerin das Ruder. \u201eFotze\u201c, \u201eM\u00f6se\u201c, \u201eMuschi\u201c, \u201eGurke\u201c und \u201eSpritzger\u00e4t\u201c notiert sie an die Tafel. Dass so etwas Realit\u00e4t an unseren Schulen sein darf, ist ein beh\u00f6rdengesteuerter Skandal, hinter dem die Lobby der Gender-Mainstreaming-Ideologie steckt.<br \/>\nVersenden Sie bitte unbedingt unsere Petition und protestieren Sie gegen diese \u201eFr\u00fchsexualisierung\u201c. Unterzeichnen auch Sie die Petition zur &#8222;Sexualerziehung bzw. Fr\u00fchsexualisierung nach Ma\u00dfgabe des Gender Mainstreaming &#8211; gegen den Umbau der Lehrpl\u00e4ne&#8220;:<br \/>\n<a href=\"https:\/\/www.abgeordneten-check.de\/kampagnen\/gender-mainstreaming-zerstoert-ehe-und-familie\/startseite\/aktion\/228205Z17270\/nc\/1\/\">https:\/\/www.abgeordneten-check.de\/kampagnen\/gender-mainstreaming-zerstoert-ehe-und-familie\/startseite\/aktion\/228205Z17270\/nc\/1\/<\/a><\/p>\n<p>&nbsp;<\/p>\n<p>&nbsp;<\/p>\n<p><strong>Tiefenlesen statt digitales Lesebuch<\/strong><br \/>\nFolgt man dem linksliberalen Mainstream, dann sollen schon Grundsch\u00fcler mit Smartphones und Tablets lernen: Schreibschrift ein\u00fcben ist eh out und die Druckschrift erh\u00e4lt Konkurrenz durch Button-Click sowie Mouse-Ziehen. Ignoriert werden lernpsychologische Untersuchungen z.B. in Spanien und Israel, die den gr\u00f6\u00dferen Leseerfolg analoger gegen\u00fcber digitaler B\u00fccher aufzeigen.<br \/>\n28.10.2017<br \/>\n.<\/p>\n<p><strong>Digitalisierungstaumel<\/strong><br \/>\nTraditionelle B\u00fccher sind schwer und schwerf\u00e4llig, das moderne Buch, das der Lernende mit sich f\u00fchrt, ist leichtgewichtig und stets aktuell. Es ist digital und universal. Platz f\u00fcr ein paar Tausend B\u00fccher in wenigen hundert Gramm Hardware. Die Rede ist vom digitalen Lesebuch, auch Tablet, oder in der kleineren Ausgabe, Smartphone genannt. Dessen unverzichtbarer Einsatz in der Schulung von Heranwachsenden scheint unwiderlegbar.<br \/>\n&#8230;.<br \/>\nIm Digitalisierungstaumel ignoriert Wissenschaft nicht selten Wissenschaft, wenn sie ihr nicht in den ideologischen Kram passt. Dies machte die Konferenz zur \u201eZukunft des Lesens\u201c deutlich, zu der sich die Internationale Buchwissenschaftliche Gesellschaft in M\u00fcnchen einfand. Henning Lobin, Sprachwissenschaftler und offensichtlich Verfechter digitaler Ubiquit\u00e4t im Ausbildungswesen, versteht nicht, wie man einen Begriff wie \u201eTiefenlesen\u201c als Argument gegen Pixel-Texte anf\u00fchren kann. Er sieht in diesem Argument bei den Digitalskeptikern eine \u201equasireligi\u00f6se \u00dcberh\u00f6hung\u201c am Werk. Also raus aus den B\u00fcchern und rein in die Pixelwelt!<br \/>\n&#8230;.<br \/>\nAlles vom 28.10.2\u00df17 bitte lesen auf<br \/>\n<a href=\"https:\/\/www.achgut.com\/artikel\/ausser_lesen_nix_gewesen\">https:\/\/www.achgut.com\/artikel\/ausser_lesen_nix_gewesen<\/a><\/p>\n<p>&nbsp;<\/p>\n<p>&nbsp;<\/p>\n<p><strong>Die &#8222;neue&#8220; Schule<\/strong><br \/>\n60 Jahre sind historisch nur ein Wimpernschlag, aber mir erscheinen sie wie Lichtjahre, wenn ich t\u00e4glich die Beitr\u00e4ge \u00fcber die &#8222;neue&#8220; Schule lese. Kompetenzraster, Lernbegleiter, Lernatelier \u2013 mir schwirrt der Kopf. 30 Sch\u00fclerinnen in einem spartanisch eingerichteten Klassenzimmer, Frontalunterricht sowieso, unumst\u00f6\u00dfliche Regeln und strenge Hierarchien, das alles hat meine Schulzeit gepr\u00e4gt. Schule war f\u00fcrs Lernen zust\u00e4ndig, die soziale Kompetenz, die damals noch Erziehung hie\u00df, fand durch die Eltern statt, so einfach war das. Und Sie werden es kaum glauben, es wurde aus allen M\u00e4dels was. Trotzdem oder gerade deshalb?<br \/>\n29.1.2014, Christel und Jaroslav Olejar, Sexau<\/p>\n<p>&nbsp;<\/p>\n<p><strong>Paul-Hindemith-Grundschule schafft Noten ab<\/strong><\/p>\n<p>Es ist dem Dr\u00e4ngen der Paul-Hindemith-Grundschule zu verdanken, dass das Land einen vierj\u00e4hrigen Schulversuch mit zehn Schulen startet. Wenn er zu positiven Erkenntnissen kommt, k\u00f6nnten die Beispiele Schule machen. Als Freiburger Vergleichsschule f\u00fcr die wissenschaftliche Auswertung stellt sich die Clara-Grunwald-Schule zur Verf\u00fcgung.<br \/>\nAlles vom 28.6.29013 bitte lesen auf<br \/>\n<a href=\"https:\/\/www.badische-zeitung.de\/paul-hindemith-grundschule-schafft-die-noten-ab\">https:\/\/www.badische-zeitung.de\/paul-hindemith-grundschule-schafft-die-noten-ab<\/a><\/p>\n<p><strong>Noten und Rechtsanwalt<\/strong><br \/>\nVielleicht haben ja die Lehrer die Schnauze voll, die Vergabe von schlechten Noten jedes Mal vor Schul\u00e4mtern, Rektoren und Rechtsanw\u00e4lten zu rechtfertigen?<br \/>\n28.6.29013, Martin Jonaha<\/p>\n<p><strong>Kinder wollen Noten<\/strong><br \/>\nMeine Kinder WOLLTEN Noten &#8211; bereits in der Grundschule. Sie finden auch nichts Verwerfliches daran, im Gymnasium eine Klasse wiederholen zu m\u00fcssen, wenn der Stoff zu schwierig oder die Faulheit zu gro\u00df wird .<br \/>\n28.6.2013, Andreas M\u00fclller<\/p>\n","protected":false},"excerpt":{"rendered":"<p>Home &gt;Bildung &gt;Schulen &gt;Grundschule Listenauswahl eines Beitrags (Artikel\/Datum, Seite\/Inhalt):\u00a0Klicken\u00a0oder scrollen Professor fordert Politik ab der Grundschule \u2013 Bevor Eltern falsche Antworten geben (9.3.2026) Schriftliche Division an GS \u2013 ade (23.2.2026) Linke Verbl\u00f6dung \u2013 Grundschulen Berlin: Vors\u00e4tzliche Zerst\u00f6rung der Schulbildung? (21.1.2026) &hellip; <a href=\"https:\/\/www.freiburg-schwarzwald.de\/blog\/bildung\/schulen\/grundschule\/\">Weiterlesen <span class=\"meta-nav\">&rarr;<\/span><\/a><\/p>\n","protected":false},"author":4,"featured_media":0,"parent":209,"menu_order":0,"comment_status":"open","ping_status":"closed","template":"","meta":{"footnotes":""},"class_list":["post-33797","page","type-page","status-publish","hentry"],"_links":{"self":[{"href":"https:\/\/www.freiburg-schwarzwald.de\/blog\/wp-json\/wp\/v2\/pages\/33797","targetHints":{"allow":["GET"]}}],"collection":[{"href":"https:\/\/www.freiburg-schwarzwald.de\/blog\/wp-json\/wp\/v2\/pages"}],"about":[{"href":"https:\/\/www.freiburg-schwarzwald.de\/blog\/wp-json\/wp\/v2\/types\/page"}],"author":[{"embeddable":true,"href":"https:\/\/www.freiburg-schwarzwald.de\/blog\/wp-json\/wp\/v2\/users\/4"}],"replies":[{"embeddable":true,"href":"https:\/\/www.freiburg-schwarzwald.de\/blog\/wp-json\/wp\/v2\/comments?post=33797"}],"version-history":[{"count":5,"href":"https:\/\/www.freiburg-schwarzwald.de\/blog\/wp-json\/wp\/v2\/pages\/33797\/revisions"}],"predecessor-version":[{"id":146606,"href":"https:\/\/www.freiburg-schwarzwald.de\/blog\/wp-json\/wp\/v2\/pages\/33797\/revisions\/146606"}],"up":[{"embeddable":true,"href":"https:\/\/www.freiburg-schwarzwald.de\/blog\/wp-json\/wp\/v2\/pages\/209"}],"wp:attachment":[{"href":"https:\/\/www.freiburg-schwarzwald.de\/blog\/wp-json\/wp\/v2\/media?parent=33797"}],"curies":[{"name":"wp","href":"https:\/\/api.w.org\/{rel}","templated":true}]}}