{"id":33275,"date":"2013-06-23T19:32:28","date_gmt":"2013-06-23T17:32:28","guid":{"rendered":"https:\/\/www.freiburg-schwarzwald.de\/blog\/?page_id=33275"},"modified":"2013-06-23T22:49:27","modified_gmt":"2013-06-23T20:49:27","slug":"cafe-mobil","status":"publish","type":"page","link":"https:\/\/www.freiburg-schwarzwald.de\/blog\/tourismus\/gastro\/cafe\/cafe-mobil\/","title":{"rendered":"Cafe-mobil"},"content":{"rendered":"<p><a title=\"Orte\" href=\"https:\/\/www.freiburg-schwarzwald.de\/blog\/\">Home<\/a> &gt;<a title=\"Tourismus\" href=\"https:\/\/www.freiburg-schwarzwald.de\/blog\/tourismus\/\">Tourismus<\/a> &gt;<a title=\"Gastro\" href=\"https:\/\/www.freiburg-schwarzwald.de\/blog\/tourismus\/gastro\/\">Gastro<\/a> &gt;<a title=\"Cafe\" href=\"https:\/\/www.freiburg-schwarzwald.de\/blog\/tourismus\/gastro\/cafe\/\">Cafe<\/a> &gt;Cafe-mobil<\/p>\n<div id=\"attachment_29938\" style=\"width: 648px\" class=\"wp-caption alignnone\"><a href=\"https:\/\/www.freiburg-schwarzwald.de\/blog\/regio\/freiburg\/wiehre\/herdern9muenster-pan130510-2\/\" rel=\"attachment wp-att-29938\"><img loading=\"lazy\" decoding=\"async\" aria-describedby=\"caption-attachment-29938\" class=\"size-full wp-image-29938\" title=\"herdern9muenster-pan130510\" src=\"https:\/\/www.freiburg-schwarzwald.de\/blog\/wp-content\/uploads\/2013\/04\/herdern9muenster-pan130510.jpg\" alt=\"\" width=\"638\" height=\"269\" srcset=\"https:\/\/www.freiburg-schwarzwald.de\/blog\/wp-content\/uploads\/2013\/04\/herdern9muenster-pan130510.jpg 638w, https:\/\/www.freiburg-schwarzwald.de\/blog\/wp-content\/uploads\/2013\/04\/herdern9muenster-pan130510-180x75.jpg 180w\" sizes=\"auto, (max-width: 638px) 100vw, 638px\" \/><\/a><p id=\"caption-attachment-29938\" class=\"wp-caption-text\">Blick von Herdern nach S\u00fcden \u00fcber das M\u00fcnster zum Sch\u00f6nberg am 10.5.2013 - Wiehre links<\/p><\/div>\n<p>&nbsp;<\/p>\n<ul>\n<li><a href=\"https:\/\/www.freiburg-schwarzwald.de\/blog\/kaffeetrinken-beim-recyclinghof\/\">https:\/\/www.freiburg-schwarzwald.de\/blog\/kaffeetrinken-beim-recyclinghof\/<\/a>\u00a0 (23.6.2013)<\/li>\n<li><a href=\"https:\/\/www.freiburg-schwarzwald.de\/littenweiler\/cafe1.htm#ape cafe - mobiler Espressostand von Gerald Walter\">ape cafe \u2013 mobiler Espressostand von Gerald Walter<\/a> &gt;cafe1 (27.7.2007)<\/li>\n<li>Apecafe &#8211; Dreiradmobil von Gerald Walters<\/li>\n<li>Biosk-Biocaf\u00e9 am alten Messplatz<\/li>\n<li>Elephantbeans &#8211; Kaffee vom Dreiradfahrrad<\/li>\n<li>Kaffee-Kiste in der Wiehre Urach-\/Dreik\u00f6nigstrasse<\/li>\n<li>Kultmobil &#8211; Kaffeewagen von G\u00fcnter Manthey<\/li>\n<li>Tee Peter &#8211; Kaffeemobil<\/li>\n<li><a title=\"Kaffee\" href=\"https:\/\/www.freiburg-schwarzwald.de\/blog\/natur\/ernaehrung\/kaffee\/\">Kaffee<\/a><\/li>\n<\/ul>\n<p>&nbsp;<\/p>\n<p>&nbsp;<\/p>\n<p><strong>Apecafe &#8211; Dreiradmobil von Gerald Walters<\/strong><\/p>\n<p>Der italienische Fahrzeughersteller Ape\u00a0stellt neben der zweir\u00e4drigen Vespa (Wespe) auch das dreir\u00e4drige Ape (Biene) her, in den Alpen wie in\u00a0engen Gru\u00dfstadtgassen\u00a0als Transportmittel oder mobiler Verkaufsladen unterwegs.\u00a0Gerald Walter hat in\u00a0Freiburg eine Ape\u00a0mit aufmontierter Kaffeemaschine in Betrieb, zum Beispiel auf dem St\u00fchlinger Kirchplatz Schlange<br \/>\n<a href=\"https:\/\/www.apecafe.de\">www.apecafe.de<\/a><\/p>\n<p><a href=\"https:\/\/www.freiburg-schwarzwald.de\/blog\/tourismus\/gastro\/cafe\/stuehlinger2kaffee-ape130518\/\" rel=\"attachment wp-att-30539\"><img loading=\"lazy\" decoding=\"async\" title=\"stuehlinger2kaffee-ape130518\" src=\"https:\/\/www.freiburg-schwarzwald.de\/blog\/wp-content\/uploads\/2013\/05\/stuehlinger2kaffee-ape130518-180x135.jpg\" alt=\"\" width=\"180\" height=\"135\" \/><\/a>\u00a0\u00a0 Ape Cafe im St\u00fchlinger 18.5.2013<\/p>\n<p>&nbsp;<\/p>\n<p>&nbsp;<\/p>\n<p><strong>Biosk-Biocaf\u00e9 am alten Messplatz<\/strong><\/p>\n<p>Mit ihrem Biosk-Biocaf\u00e9s bienet Lars Millentrup und Julien R\u00f6slen (35) ein mobiles Kaffeegesch\u00e4ft am Alten Me\u00dfplatz an &#8211; mit einem schokobraunen VW-Bus mit wei\u00dfem Dach.<\/p>\n<p><a href=\"https:\/\/www.biosk.eu\">www.biosk.eu<\/a><\/p>\n<p>&nbsp;<\/p>\n<p><strong>Elephantbeans &#8211; Kaffee vom Dreiradfahrrad<\/strong><\/p>\n<p>Freiburgs erstes Shopr\u00f6sterei-Caf\u00e9 mit Spezialit\u00e4tenkaffees und Gew\u00fcrzen aus eigenem Direkthandel. Zudem betreibt die R\u00f6sterei Elephant Beans\u00a0Kaffeecatering mit der eleganten\u00a0ElephantBar und mit ihrem ElephantBike, einem dreir\u00e4drigen Fahrrad.\u00a0\u00a0<br \/>\n<a title=\"\" href=\"https:\/\/www.elephantbeans.de\/\" target=\"_blank\">www.elephantbeans.de<\/a><\/p>\n<p><a href=\"https:\/\/www.freiburg-schwarzwald.de\/blog\/kaffeetrinken-beim-recyclinghof\/recyclinghof2eleplantbeans-kaffee130622\/\" rel=\"attachment wp-att-33309\"><img loading=\"lazy\" decoding=\"async\" class=\"alignnone size-thumbnail wp-image-33309\" title=\"recyclinghof2eleplantbeans-kaffee130622\" src=\"https:\/\/www.freiburg-schwarzwald.de\/blog\/wp-content\/uploads\/2013\/06\/recyclinghof2eleplantbeans-kaffee130622-135x180.jpg\" alt=\"\" width=\"135\" height=\"180\" srcset=\"https:\/\/www.freiburg-schwarzwald.de\/blog\/wp-content\/uploads\/2013\/06\/recyclinghof2eleplantbeans-kaffee130622-135x180.jpg 135w, https:\/\/www.freiburg-schwarzwald.de\/blog\/wp-content\/uploads\/2013\/06\/recyclinghof2eleplantbeans-kaffee130622.jpg 480w\" sizes=\"auto, (max-width: 135px) 100vw, 135px\" \/><\/a>\u00a0Hadwig und Christian Storch am ElephantBike 23.6.2013<\/p>\n<p>&nbsp;<\/p>\n<p>&nbsp;<\/p>\n<p><strong>Kaffee-Kiste in der Wiehre Urach-\/Dreik\u00f6nigstrasse<\/strong><\/p>\n<p>Seit 2012 ist\u00a0die Kaffee-Kiste als Ape-Motordreirad von\u00a0Peter Fl\u00fcgler (35, Politikwissenschaftsdoktorand) und Katharina Gerold (33)\u00a0in der Wiehre zu finden &#8211; zumeist an der\u00a0Ecke Urach-\/Dreik\u00f6nigstra\u00dfe oder auch auf dem Bauernmarkt am Alten Wiehrebahnhof. Auch f\u00fcr Feste kann man das mintgr\u00fcne Ape\u00a0mieten.<\/p>\n<p><a href=\"https:\/\/www.kaffee-kiste.de\">www.kaffee-kiste.de<\/a><\/p>\n<p>\u00a0<a href=\"https:\/\/www.freiburg-schwarzwald.de\/blog\/tourismus\/gastro\/cafe\/kaffee-urachstrasse130518\/\" rel=\"attachment wp-att-30538\"><img loading=\"lazy\" decoding=\"async\" class=\"alignnone size-thumbnail wp-image-30538\" title=\"kaffee-urachstrasse130518\" src=\"https:\/\/www.freiburg-schwarzwald.de\/blog\/wp-content\/uploads\/2013\/05\/kaffee-urachstrasse130518-180x135.jpg\" alt=\"\" width=\"180\" height=\"135\" srcset=\"https:\/\/www.freiburg-schwarzwald.de\/blog\/wp-content\/uploads\/2013\/05\/kaffee-urachstrasse130518-180x135.jpg 180w, https:\/\/www.freiburg-schwarzwald.de\/blog\/wp-content\/uploads\/2013\/05\/kaffee-urachstrasse130518.jpg 640w\" sizes=\"auto, (max-width: 180px) 100vw, 180px\" \/><\/a>\u00a0\u00a0\u00a0\u00a0\u00a0\u00a0\u00a0\u00a0\u00a0 <a href=\"https:\/\/www.freiburg-schwarzwald.de\/blog\/business\/dienste\/immobilien\/quartier\/kaffee-kiste20526\/\" rel=\"attachment wp-att-4519\"><img loading=\"lazy\" decoding=\"async\" class=\"size-thumbnail wp-image-4519 alignnone\" title=\"kaffee-kiste20526\" src=\"https:\/\/www.freiburg-schwarzwald.de\/blog\/wp-content\/uploads\/2012\/04\/kaffee-kiste20526-180x135.jpg\" alt=\"\" width=\"180\" height=\"135\" srcset=\"https:\/\/www.freiburg-schwarzwald.de\/blog\/wp-content\/uploads\/2012\/04\/kaffee-kiste20526-180x135.jpg 180w, https:\/\/www.freiburg-schwarzwald.de\/blog\/wp-content\/uploads\/2012\/04\/kaffee-kiste20526.jpg 640w\" sizes=\"auto, (max-width: 180px) 100vw, 180px\" \/><\/a><br \/>\n\u00a0Kaffee-Kiste 18.5.2013\u00a0\u00a0\u00a0\u00a0\u00a0\u00a0\u00a0\u00a0\u00a0\u00a0\u00a0\u00a0\u00a0\u00a0\u00a0\u00a0\u00a0\u00a0\u00a0\u00a0\u00a0\u00a0\u00a0\u00a0\u00a0\u00a0\u00a0\u00a0Kaffee-Kiste 2.6.2012<\/p>\n<p>&nbsp;<\/p>\n<p>&nbsp;<\/p>\n<p><strong>Kultmobil &#8211; Kaffeewagen von G\u00fcnter Manthey<\/strong><\/p>\n<p>G\u00fcnter Manthey will st\u00e4rker f\u00fcr Eins\u00e4tze auch an anderen Orten werben, ebenso f\u00fcr die Vermietung seiner Ger\u00e4te \u2013 mit gestaffelten Preisen, je nachdem ob nur die Popcorn- oder Eismaschine, eine seiner Kaffeemaschinen oder gleich die gesamte Ausr\u00fcstung ausgeliehen werden. Alles zusammen soll rund 150 Euro kosten. Doch er hat noch viele andere Ideen: Bald soll ein Karaoke-Tag auf dem Markt stattfinden, mit Kindern der Kitas, Schulen und Horte der Umgebung. Mit Kursen \u00fcber Kaffee will er tiefer in das Thema einsteigen und sich unter anderem auch \u00fcber fair gehandelten Kaffee informieren, den er bisher nicht im Angebot hat.<br \/>\n<strong><br \/>\n<\/strong><\/p>\n<div>&#8222;Kultmobil&#8220; von G\u00fcnter Manthey<br \/>\nMittwochs 14 &#8211; 19 Uhr und samstags\u00a08 -14 Uhr,\u00a0Markt<a title=\"Rieselfeld\" href=\"https:\/\/www.freiburg-schwarzwald.de\/blog\/regio\/freiburg\/rieselfeld\/\">\u00a0Rieselfeld <\/a>(vor dem Glashaus)<br \/>\n<a title=\"\" href=\"mailto:kontakt@das-kultmobil.de\" target=\"_blank\">kontakt@das-kultmobil.de<\/a>, Tel, 0176\/84496671. <a href=\"https:\/\/www.das-kultmobil.de\">www.das-kultmobil.de<\/a><br \/>\n\u00a0\u00a0\u00a0\u00a0\u00a0<\/div>\n<div><strong>Kultur macht den Kaffee kultig<\/strong><br \/>\nG\u00fcnter Manthey (63) steht gutgelaunt und gespr\u00e4chsfreudig an seinem Kaffee-&#8222;Kultmobil&#8220; auf dem Markt im Rieselfeld \u2013 seit einem Jahr, immer mittwochs und samstags. Dort bietet er nicht nur frische Waffeln, Eis und Kaffee an, sondern vor allem eine B\u00fchne f\u00fcr alle, die sie nutzen wollen: ganz egal, ob f\u00fcr Kasperletheater, einen afrikanischen Tag oder andere Kultur-Ideen&#8230;.. Alles vom 17.5.2013 bitte lesen auf<br \/>\n<a href=\"https:\/\/www.badische-zeitung.de\/freiburg-suedwest\/kultur-macht-den-kaffee-kultig--71973856.html\">https:\/\/www.badische-zeitung.de\/freiburg-suedwest\/kultur-macht-den-kaffee-kultig&#8211;71973856.html<\/a>\u00a0<\/div>\n<div>\u00a0<\/div>\n<p>&nbsp;<\/p>\n<p><strong>Tee Peter &#8211; Kaffeemobil<\/strong><\/p>\n<p><a title=\"\" href=\"https:\/\/www.tee-peter-kaffee.de\/\" target=\"_blank\">https:\/\/www.tee-peter-kaffee.de<\/a><\/p>\n","protected":false},"excerpt":{"rendered":"<p>Home &gt;Tourismus &gt;Gastro &gt;Cafe &gt;Cafe-mobil &nbsp; https:\/\/www.freiburg-schwarzwald.de\/blog\/kaffeetrinken-beim-recyclinghof\/\u00a0 (23.6.2013) ape cafe \u2013 mobiler Espressostand von Gerald Walter &gt;cafe1 (27.7.2007) Apecafe &#8211; Dreiradmobil von Gerald Walters Biosk-Biocaf\u00e9 am alten Messplatz Elephantbeans &#8211; Kaffee vom Dreiradfahrrad Kaffee-Kiste in der Wiehre Urach-\/Dreik\u00f6nigstrasse Kultmobil &#8211; &hellip; <a href=\"https:\/\/www.freiburg-schwarzwald.de\/blog\/tourismus\/gastro\/cafe\/cafe-mobil\/\">Weiterlesen <span class=\"meta-nav\">&rarr;<\/span><\/a><\/p>\n","protected":false},"author":4,"featured_media":0,"parent":30529,"menu_order":0,"comment_status":"open","ping_status":"closed","template":"","meta":{"footnotes":""},"class_list":["post-33275","page","type-page","status-publish","hentry"],"_links":{"self":[{"href":"https:\/\/www.freiburg-schwarzwald.de\/blog\/wp-json\/wp\/v2\/pages\/33275","targetHints":{"allow":["GET"]}}],"collection":[{"href":"https:\/\/www.freiburg-schwarzwald.de\/blog\/wp-json\/wp\/v2\/pages"}],"about":[{"href":"https:\/\/www.freiburg-schwarzwald.de\/blog\/wp-json\/wp\/v2\/types\/page"}],"author":[{"embeddable":true,"href":"https:\/\/www.freiburg-schwarzwald.de\/blog\/wp-json\/wp\/v2\/users\/4"}],"replies":[{"embeddable":true,"href":"https:\/\/www.freiburg-schwarzwald.de\/blog\/wp-json\/wp\/v2\/comments?post=33275"}],"version-history":[{"count":0,"href":"https:\/\/www.freiburg-schwarzwald.de\/blog\/wp-json\/wp\/v2\/pages\/33275\/revisions"}],"up":[{"embeddable":true,"href":"https:\/\/www.freiburg-schwarzwald.de\/blog\/wp-json\/wp\/v2\/pages\/30529"}],"wp:attachment":[{"href":"https:\/\/www.freiburg-schwarzwald.de\/blog\/wp-json\/wp\/v2\/media?parent=33275"}],"curies":[{"name":"wp","href":"https:\/\/api.w.org\/{rel}","templated":true}]}}