{"id":33220,"date":"2013-06-22T14:48:09","date_gmt":"2013-06-22T12:48:09","guid":{"rendered":"https:\/\/www.freiburg-schwarzwald.de\/blog\/?page_id=33220"},"modified":"2013-06-22T19:36:49","modified_gmt":"2013-06-22T17:36:49","slug":"schuluniform","status":"publish","type":"page","link":"https:\/\/www.freiburg-schwarzwald.de\/blog\/bildung\/schulen\/schuluniform\/","title":{"rendered":"Schuluniform"},"content":{"rendered":"<p>Home &gt;<a title=\"Bildung\" href=\"https:\/\/www.freiburg-schwarzwald.de\/blog\/bildung\/\">Bildung<\/a> &gt;<a title=\"Schulen\" href=\"https:\/\/www.freiburg-schwarzwald.de\/blog\/bildung\/schulen\/\">Schulen<\/a> &gt;Schuluniform<\/p>\n<div id=\"attachment_29341\" style=\"width: 650px\" class=\"wp-caption alignnone\"><a href=\"https:\/\/www.freiburg-schwarzwald.de\/blog\/regio\/berge\/wolfsbuck\/wolfsbuck19schafe-pan130507\/\" rel=\"attachment wp-att-29341\"><img loading=\"lazy\" decoding=\"async\" aria-describedby=\"caption-attachment-29341\" class=\"size-full wp-image-29341\" title=\"wolfsbuck19schafe-pan130507\" src=\"https:\/\/www.freiburg-schwarzwald.de\/blog\/wp-content\/uploads\/2013\/05\/wolfsbuck19schafe-pan130507.jpg\" alt=\"\" width=\"640\" height=\"236\" srcset=\"https:\/\/www.freiburg-schwarzwald.de\/blog\/wp-content\/uploads\/2013\/05\/wolfsbuck19schafe-pan130507.jpg 640w, https:\/\/www.freiburg-schwarzwald.de\/blog\/wp-content\/uploads\/2013\/05\/wolfsbuck19schafe-pan130507-180x66.jpg 180w\" sizes=\"auto, (max-width: 640px) 100vw, 640px\" \/><\/a><p id=\"caption-attachment-29341\" class=\"wp-caption-text\">Blick nach Westen \u00fcber eine Herde von Schafen zum Moosbuck (Monte Scherbelino) am 7.5.2013<\/p><\/div>\n<p>&nbsp;<\/p>\n<ul>\n<li>Stuttgarter Schule k\u00e4mpft gegen Hot Pants und tiefe Ausschnitte (21.6.2013)<\/li>\n<li>Schuluniform m\u00fcsste modisch sein (13.12.2012)<\/li>\n<li>Die Uniform zeigt, wie wichtig und privilegiert gute Schulausbildung ist (30.5.2008)<\/li>\n<\/ul>\n<p>&nbsp;<\/p>\n<p>&nbsp;<\/p>\n<p>&nbsp;<\/p>\n<p><strong>Stuttgarter Schule k\u00e4mpft gegen Hot Pants und tiefe Ausschnitte<\/strong><\/p>\n<p>Sch\u00fclerinnen des Evangelischen Heidehof-Gymnasiums in Stuttgart droht demnach zun\u00e4chst eine Ermahnung, wenn sie zu knapp bekleidet erscheinen. Bringe das nichts, m\u00fcssten die Betroffenen schwarze T-Shirts \u00fcberziehen &#8211; in Gr\u00f6\u00dfe XXL. Eine Sprecherin des Kultusministeriums sagte am Freitag, an \u00f6ffentlichen Schulen seien die rechtlichen M\u00f6glichkeiten f\u00fcr Kleidervorschriften sehr eingeschr\u00e4nkt. An Privatschulen hingegen gehe das viel einfacher, weil dort \u00fcber privatrechtliche Vertr\u00e4ge viel geregelt werden k\u00f6nne&#8230;.<br \/>\nAlles vom 21.6.2013 auf <a href=\"https:\/\/www.SWR.de\">www.SWR.de<\/a>\u00a0<br \/>\n\u00a0\u00a0\u00a0\u00a0<\/p>\n<p><strong>Als alter Mann\u00a0 &#8230;.<\/strong><br \/>\nAls alter Mann frage ich mich, warum sich M\u00e4chen und junge Frauen so entkleiden. Fahre ich mit dem Rad die <a title=\"Dreisamuferweg\" href=\"https:\/\/www.freiburg-schwarzwald.de\/blog\/regio\/verkehr\/fahrradwege\/dreisamuferweg\/\">Dreisam<\/a> entlang, zeigen mir viele junge Frauen ihre sekund\u00e4ren Geschlechtsmerkmal ganz offen. Warum?<br \/>\nKann das nicht ganz evolutionstheoretisch als ein Zeichen von Paarungsbereitschaft gelten? Das Problem ist nur: Eigentlich sind solche Signale f\u00fcr den &#8222;M\u00e4rchenprinz&#8220; gedacht. Doch auch 13j\u00e4hrige Pubertierende oder auch alte S\u00e4cke empfangen diese Signale &#8211; und ruckzuck wird man in die falsche Schublade einsortiert. Ich wei\u00df manchmal nicht, wo ich hinschauen soll, um nicht als sexistisch zu gelten &#8230;<br \/>\n22.6.2013, Werner Ketterer<br \/>\n\u00a0\u00a0\u00a0<\/p>\n<p><strong>Markenklamotten gegrenzen aus<\/strong><br \/>\nSchuluniformen finde ich pers\u00f6nlich sogar sehr gut, allerdings sollten diese dann auch der Zeit angepasst und wenn es denn gehen sollte auch Modisch sein. Die Schuluniform dient nicht dazu die Sch\u00fcler auszugrenzen sondern eher die optische Klassenunterscheidung aufzuheben. Wenn alle das selbe tragen und niemand durch das Tagen oder eben Nichttragen von Markenklamotten ausgegrenzt werden, schafft das ein viel angenehmeres Klima. Viele \u00f6ffentliche Schulen in Amerika, England und Japan haben gezeigt, dass dies mit Erfolg gekr\u00f6nt ist. Warum auch nicht in Deutschland an den \u00f6ffentlichen Schulen?<br \/>\n22.6.2013, Mario Schulz<br \/>\n\u00a0<\/p>\n<p><strong>Schuluniform m\u00fcsste modisch sein<\/strong><br \/>\nJeder tr\u00e4gt das gleiche, keiner kann mit Markenklamotten angeben und die morgendliche Ratlosigkeit vor dem Kleiderschrank entf\u00e4llt: Schuluniformen haben bei Teenagern gar keinen so schlechten R<\/p>\n<p>&nbsp;<\/p>\n","protected":false},"excerpt":{"rendered":"<p>Home &gt;Bildung &gt;Schulen &gt;Schuluniform &nbsp; Stuttgarter Schule k\u00e4mpft gegen Hot Pants und tiefe Ausschnitte (21.6.2013) Schuluniform m\u00fcsste modisch sein (13.12.2012) Die Uniform zeigt, wie wichtig und privilegiert gute Schulausbildung ist (30.5.2008) &nbsp; &nbsp; &nbsp; Stuttgarter Schule k\u00e4mpft gegen Hot Pants &hellip; <a href=\"https:\/\/www.freiburg-schwarzwald.de\/blog\/bildung\/schulen\/schuluniform\/\">Weiterlesen <span class=\"meta-nav\">&rarr;<\/span><\/a><\/p>\n","protected":false},"author":4,"featured_media":0,"parent":209,"menu_order":0,"comment_status":"closed","ping_status":"closed","template":"","meta":{"footnotes":""},"class_list":["post-33220","page","type-page","status-publish","hentry"],"_links":{"self":[{"href":"https:\/\/www.freiburg-schwarzwald.de\/blog\/wp-json\/wp\/v2\/pages\/33220","targetHints":{"allow":["GET"]}}],"collection":[{"href":"https:\/\/www.freiburg-schwarzwald.de\/blog\/wp-json\/wp\/v2\/pages"}],"about":[{"href":"https:\/\/www.freiburg-schwarzwald.de\/blog\/wp-json\/wp\/v2\/types\/page"}],"author":[{"embeddable":true,"href":"https:\/\/www.freiburg-schwarzwald.de\/blog\/wp-json\/wp\/v2\/users\/4"}],"replies":[{"embeddable":true,"href":"https:\/\/www.freiburg-schwarzwald.de\/blog\/wp-json\/wp\/v2\/comments?post=33220"}],"version-history":[{"count":0,"href":"https:\/\/www.freiburg-schwarzwald.de\/blog\/wp-json\/wp\/v2\/pages\/33220\/revisions"}],"up":[{"embeddable":true,"href":"https:\/\/www.freiburg-schwarzwald.de\/blog\/wp-json\/wp\/v2\/pages\/209"}],"wp:attachment":[{"href":"https:\/\/www.freiburg-schwarzwald.de\/blog\/wp-json\/wp\/v2\/media?parent=33220"}],"curies":[{"name":"wp","href":"https:\/\/api.w.org\/{rel}","templated":true}]}}