{"id":33140,"date":"2013-06-21T10:44:55","date_gmt":"2013-06-21T08:44:55","guid":{"rendered":"https:\/\/www.freiburg-schwarzwald.de\/blog\/?page_id=33140"},"modified":"2013-06-27T20:25:31","modified_gmt":"2013-06-27T18:25:31","slug":"skills","status":"publish","type":"page","link":"https:\/\/www.freiburg-schwarzwald.de\/blog\/bildung\/duale-bildung\/facharbeiter\/skills\/","title":{"rendered":"Skills"},"content":{"rendered":"<p>&nbsp;<\/p>\n<div id=\"attachment_28553\" style=\"width: 614px\" class=\"wp-caption alignnone\"><a href=\"https:\/\/www.freiburg-schwarzwald.de\/blog\/business\/handwerk\/holzbau\/gremmelspacher\/stpeter060923-27pan\/\" rel=\"attachment wp-att-28553\"><img loading=\"lazy\" decoding=\"async\" aria-describedby=\"caption-attachment-28553\" class=\" wp-image-28553\" title=\"stpeter060923-27pan\" src=\"https:\/\/www.freiburg-schwarzwald.de\/blog\/wp-content\/uploads\/2013\/05\/stpeter060923-27pan.jpg\" alt=\"\" width=\"604\" height=\"203\" srcset=\"https:\/\/www.freiburg-schwarzwald.de\/blog\/wp-content\/uploads\/2013\/05\/stpeter060923-27pan.jpg 604w, https:\/\/www.freiburg-schwarzwald.de\/blog\/wp-content\/uploads\/2013\/05\/stpeter060923-27pan-180x60.jpg 180w\" sizes=\"auto, (max-width: 604px) 100vw, 604px\" \/><\/a><p id=\"caption-attachment-28553\" class=\"wp-caption-text\">Blick nach Westen \u00fcber das Gewerbegebiet von St.Peter am 23.9.2006<\/p><\/div>\n<p>&nbsp;<\/p>\n<ul>\n<li><a href=\"https:\/\/www.freiburg-schwarzwald.de\/blog\/euro-skills-sieger-christian-uetz\/\">https:\/\/www.freiburg-schwarzwald.de\/blog\/euro-skills-sieger-christian-uetz\/<\/a>\u00a0(9.10.2012)<\/li>\n<li>WorldSkills Germany e.V.<\/li>\n<li>\u00a0<\/li>\n<\/ul>\n<p>Skills steht f\u00fcr geschick, geschicklichkeit, Kunstfertigkeit F\u00e4higkeit und Fertigkeit. Skillworker sind Facharbeiter bzw. gelernte Arbeiter &#8211; im Gegensatz zu den Ungelernten bzw. Aushilfsberufen.<br \/>\nDie Wettbewerbe Euroskills und Worldskills sind DIE Wettbewerbe f\u00fcr jungen Skillworker.<\/p>\n<p>&nbsp;<\/p>\n<p><strong>WorldSkills Germany e.V.<\/strong><\/p>\n<p>WorldSkills Germany &#8211; F\u00f6rderinitiative f\u00fcr nationale und internationale Berufswettbewerbe vereint Engagement und Ideen von derzeit rund 60 Mitgliedern, Partnern, F\u00f6rderern, <a title=\"Stichwort: Unternehmen\" href=\"https:\/\/www.presseportal.de\/stichwort\/unternehmen\/13\">Unternehmen<\/a>, Verb\u00e4nden, Privatpersonen. Der 2006 gegr\u00fcndete Verband WorldSkills Germany (<a href=\"https:\/\/www.worldskillsgermany.com\/\">www.worldskillsgermany.com<\/a>) ist die national und international anerkannte Mitgliedsorganisation von WorldSkills International (Weltverband) und WorldSkills Europa (Europa-Verband). WorldSkills Germany f\u00f6rdert Spitzenleistung und schafft mit der Ausrichtung von nationalen und internationalen Berufswettbewerben eine geeignete Benchmarking Plattform f\u00fcr den zuk\u00fcnftigen beruflichen Erfolg junger Menschen. Die n\u00e4chsten internationalen Meisterschaften sind die EuroSkills 2012 in Spa-Francochamps (Belgien), die WorldSkills 2013 in Leipzig und 2015 in Brasilien. Vorstandsvorsitzender von WorldSkills Germany e.V. ist Dr. Theodor Niehaus, Gesch\u00e4ftsf\u00fchrer der Festo Didactic GmbH &amp; Co. KG; Elfi Klumpp leitet WorldSkills Germany als gesch\u00e4ftsf\u00fchrendes Vorstandsmitglied. WorldSkills Germany bringt 2013 die WM der Berufe nach Deutschland! Der nationalen Skills-Organisation ist es am Vorabend der WorldSkills 2009 in Calgary gelungen, sich in der Finalrunde gegen den Favoriten Paris durchzusetzen. Damit kommt der weltweit gr\u00f6\u00dfte Bildungsevent 2013 nach 40 Jahren erstmals wieder nach Deutschland &#8211; Austragungsort ist Leipzig. F\u00fcr die Durchf\u00fchrung der WM in Deutschland hat WorldSkills Germany gemeinsam mit der Leipziger Messe die Projektgesellschaft WorldSkills Leipzig 2013 GmbH gegr\u00fcndet. Gesch\u00e4ftsf\u00fchrer ist Hubert Romer.<\/p>\n<p><a href=\"https:\/\/www.worldskillsleipzig2013.com\/\">www.worldskillsleipzig2013.com<\/a><br \/>\n<a href=\"https:\/\/www.worldskillsgermany.de\/\">www.worldskillsgermany.de<\/a><\/p>\n<p>Infos und Fotos auf facebook: <a href=\"https:\/\/www.facebook.com\/WorldSkillsGermany\">https:\/\/www.facebook.com\/WorldSkillsGermany<\/a><br \/>\nBLOG zur EuroSkills 2012 Spa: <a href=\"https:\/\/euroskills2012spa.wordpress.com\/\">https:\/\/euroskills2012spa.wordpress.com<\/a><\/p>\n","protected":false},"excerpt":{"rendered":"<p>&nbsp; &nbsp; https:\/\/www.freiburg-schwarzwald.de\/blog\/euro-skills-sieger-christian-uetz\/\u00a0(9.10.2012) WorldSkills Germany e.V. \u00a0 Skills steht f\u00fcr geschick, geschicklichkeit, Kunstfertigkeit F\u00e4higkeit und Fertigkeit. Skillworker sind Facharbeiter bzw. gelernte Arbeiter &#8211; im Gegensatz zu den Ungelernten bzw. Aushilfsberufen. Die Wettbewerbe Euroskills und Worldskills sind DIE Wettbewerbe f\u00fcr jungen &hellip; <a href=\"https:\/\/www.freiburg-schwarzwald.de\/blog\/bildung\/duale-bildung\/facharbeiter\/skills\/\">Weiterlesen <span class=\"meta-nav\">&rarr;<\/span><\/a><\/p>\n","protected":false},"author":4,"featured_media":0,"parent":7842,"menu_order":0,"comment_status":"open","ping_status":"closed","template":"","meta":{"footnotes":""},"class_list":["post-33140","page","type-page","status-publish","hentry"],"_links":{"self":[{"href":"https:\/\/www.freiburg-schwarzwald.de\/blog\/wp-json\/wp\/v2\/pages\/33140","targetHints":{"allow":["GET"]}}],"collection":[{"href":"https:\/\/www.freiburg-schwarzwald.de\/blog\/wp-json\/wp\/v2\/pages"}],"about":[{"href":"https:\/\/www.freiburg-schwarzwald.de\/blog\/wp-json\/wp\/v2\/types\/page"}],"author":[{"embeddable":true,"href":"https:\/\/www.freiburg-schwarzwald.de\/blog\/wp-json\/wp\/v2\/users\/4"}],"replies":[{"embeddable":true,"href":"https:\/\/www.freiburg-schwarzwald.de\/blog\/wp-json\/wp\/v2\/comments?post=33140"}],"version-history":[{"count":0,"href":"https:\/\/www.freiburg-schwarzwald.de\/blog\/wp-json\/wp\/v2\/pages\/33140\/revisions"}],"up":[{"embeddable":true,"href":"https:\/\/www.freiburg-schwarzwald.de\/blog\/wp-json\/wp\/v2\/pages\/7842"}],"wp:attachment":[{"href":"https:\/\/www.freiburg-schwarzwald.de\/blog\/wp-json\/wp\/v2\/media?parent=33140"}],"curies":[{"name":"wp","href":"https:\/\/api.w.org\/{rel}","templated":true}]}}