{"id":33128,"date":"2013-06-21T10:14:53","date_gmt":"2013-06-21T08:14:53","guid":{"rendered":"https:\/\/www.freiburg-schwarzwald.de\/blog\/?page_id=33128"},"modified":"2025-03-15T12:26:17","modified_gmt":"2025-03-15T11:26:17","slug":"blechner","status":"publish","type":"page","link":"https:\/\/www.freiburg-schwarzwald.de\/blog\/business\/handwerk\/blechner\/","title":{"rendered":"Blechner"},"content":{"rendered":"<p>Home &gt;<a title=\"Business\" href=\"https:\/\/www.freiburg-schwarzwald.de\/blog\/business\/\">Business<\/a> &gt;<a title=\"Duale Bildung\" href=\"https:\/\/www.freiburg-schwarzwald.de\/blog\/bildung\/duale-bildung\/\">Duale Bildung<\/a>\u00a0&gt;<a title=\"Handwerk\" href=\"https:\/\/www.freiburg-schwarzwald.de\/blog\/business\/handwerk\/\">Handwerk<\/a> &gt;Blechner<\/p>\n<div class=\"mceTemp\">\n<div id=\"attachment_29594\" style=\"width: 607px\" class=\"wp-caption alignnone\"><a href=\"https:\/\/www.freiburg-schwarzwald.de\/blog\/regio\/fluss\/urgraben\/schoenhoefe-platte-pan090112\/\" rel=\"attachment wp-att-29594\"><img loading=\"lazy\" decoding=\"async\" aria-describedby=\"caption-attachment-29594\" class=\"size-full wp-image-29594\" title=\"schoenhoefe-platte-pan090112\" src=\"https:\/\/www.freiburg-schwarzwald.de\/blog\/wp-content\/uploads\/2013\/05\/schoenhoefe-platte-pan090112.jpg\" alt=\"\" width=\"597\" height=\"176\" srcset=\"https:\/\/www.freiburg-schwarzwald.de\/blog\/wp-content\/uploads\/2013\/05\/schoenhoefe-platte-pan090112.jpg 597w, https:\/\/www.freiburg-schwarzwald.de\/blog\/wp-content\/uploads\/2013\/05\/schoenhoefe-platte-pan090112-180x53.jpg 180w\" sizes=\"auto, (max-width: 597px) 100vw, 597px\" \/><\/a><p id=\"caption-attachment-29594\" class=\"wp-caption-text\">Blick nach Westen in die Neuwelt von der Platte aus zum Scherzingerhof, Baschij\u00f6rgenhof, Hinterbauernhof und Brosihof &#8211; oben am Waldrand f\u00fchrte der Urgraben-Kanal<\/p><\/div>\n<\/div>\n<div class=\"mceTemp\"><\/div>\n<div class=\"mceTemp\"><\/div>\n<ul>\n<li><a href=\"https:\/\/www.freiburg-schwarzwald.de\/blog\/euro-skills-sieger-christian-uetz\/\">https:\/\/www.freiburg-schwarzwald.de\/blog\/euro-skills-sieger-christian-uetz\/<\/a>\u00a0(9.10.2012)<\/li>\n<li>Blechner &#8211; auch Flaschner, Klempner oder Spengler genannt<\/li>\n<li>Schw\u00e4r &#8211; Blechnerei in St. Peter<\/li>\n<li><a title=\"Skills\" href=\"https:\/\/www.freiburg-schwarzwald.de\/blog\/bildung\/duale-bildung\/facharbeiter\/skills\/\">Skills &#8211; Euroskills und Worldskills<\/a> &gt;Skills<\/li>\n<\/ul>\n<p>&nbsp;<\/p>\n<p>&nbsp;<\/p>\n<p><strong>Blechner &#8211; auch Flaschner, Klempner oder Spengler genannt<\/strong><\/p>\n<p>Blechner (in anderen Bundesl\u00e4ndern auch Flaschner, Klempner oder Spengler genannt) ist die Berufsbezeichnung f\u00fcr einen Handwerker, der Gegenst\u00e4nde aus Metall bearbeitet und herstellt. Er formt Feinbleche aus Eisen, Kupfer, Aluminium oder Blei zur Herstellung von Dacheindeckungen, Dachentw\u00e4sserungen und L\u00fcftungsanlagen. Die Aufgabe des Klempners ist haupts\u00e4chlich das Verkleiden von Dachfl\u00e4chen, Fassaden und Schornsteinen mit Blechen sowie die Montage von Regenrinnen. Dabei stellt er ben\u00f6tigte Bauteile zum Teil selbst von Hand oder maschinell her. Zum Handwerkszeug geh\u00f6ren Blechschere, verschieden Zangen, Eisen und H\u00e4mmer. In der Ausbildung geht es um grundlegende F\u00e4higkeiten wie Weich- und Hartl\u00f6ten, B\u00f6rdeln, Falzen und Kanten sowie Messen, Konstruieren, Montieren und Reparieren.<\/p>\n<p>&nbsp;<\/p>\n<p><strong>Schw\u00e4r &#8211; Blechnerei in St. Peter<\/strong><\/p>\n<p>Blechnermeister\u00a0Johannes Schw\u00e4r, Amandenhof,<br \/>\nTel 07660\/306, Tel 0160\/96200013<br \/>\n<a href=\"mailto:johannesschwaer@gmx.de\">johannesschwaer@gmx.de<\/a><br \/>\n<a href=\"https:\/\/www.blechnerei-schwaer.de\">www.blechnerei-schwaer.de<\/a><\/p>\n<p><a href=\"https:\/\/www.freiburg-schwarzwald.de\/willmen5.htm#Amendenhof\">https:\/\/www.freiburg-schwarzwald.de\/willmen5.htm#Amendenhof<\/a><\/p>\n<h5><a href=\"https:\/\/www.freiburg-schwarzwald.de\/blog\/wp-content\/uploads\/2013\/05\/blechner2-130618.jpg\"><img loading=\"lazy\" decoding=\"async\" class=\"alignnone size-thumbnail wp-image-33524\" src=\"https:\/\/www.freiburg-schwarzwald.de\/blog\/wp-content\/uploads\/2013\/05\/blechner2-130618-135x180.jpg\" alt=\"\" width=\"135\" height=\"180\" srcset=\"https:\/\/www.freiburg-schwarzwald.de\/blog\/wp-content\/uploads\/2013\/05\/blechner2-130618-135x180.jpg 135w, https:\/\/www.freiburg-schwarzwald.de\/blog\/wp-content\/uploads\/2013\/05\/blechner2-130618.jpg 480w\" sizes=\"auto, (max-width: 135px) 100vw, 135px\" \/><\/a>\u00a0 \u00a0Blechnermeister Johannes Schw\u00e4r am 17.6.2013 in FR-Littenweiler<\/h5>\n<p><a title=\"Walmdach\" href=\"https:\/\/www.freiburg-schwarzwald.de\/blog\/business\/handwerk\/walmdach\/\">Blechnerarbeiten Walmdach in Freiburg<\/a> &gt;Walmdach (Juni 2013)<br \/>\n<a href=\"https:\/\/www.freiburg-schwarzwald.de\/blog\/euro-skills-sieger-christian-uetz\/\">https:\/\/www.freiburg-schwarzwald.de\/blog\/euro-skills-sieger-christian-uetz\/<\/a>\u00a0(9.10.2012)<\/p>\n","protected":false},"excerpt":{"rendered":"<p>Home &gt;Business &gt;Duale Bildung\u00a0&gt;Handwerk &gt;Blechner https:\/\/www.freiburg-schwarzwald.de\/blog\/euro-skills-sieger-christian-uetz\/\u00a0(9.10.2012) Blechner &#8211; auch Flaschner, Klempner oder Spengler genannt Schw\u00e4r &#8211; Blechnerei in St. Peter Skills &#8211; Euroskills und Worldskills &gt;Skills &nbsp; &nbsp; Blechner &#8211; auch Flaschner, Klempner oder Spengler genannt Blechner (in anderen Bundesl\u00e4ndern &hellip; <a href=\"https:\/\/www.freiburg-schwarzwald.de\/blog\/business\/handwerk\/blechner\/\">Weiterlesen <span class=\"meta-nav\">&rarr;<\/span><\/a><\/p>\n","protected":false},"author":4,"featured_media":0,"parent":1385,"menu_order":0,"comment_status":"open","ping_status":"closed","template":"","meta":{"footnotes":""},"class_list":["post-33128","page","type-page","status-publish","hentry"],"_links":{"self":[{"href":"https:\/\/www.freiburg-schwarzwald.de\/blog\/wp-json\/wp\/v2\/pages\/33128","targetHints":{"allow":["GET"]}}],"collection":[{"href":"https:\/\/www.freiburg-schwarzwald.de\/blog\/wp-json\/wp\/v2\/pages"}],"about":[{"href":"https:\/\/www.freiburg-schwarzwald.de\/blog\/wp-json\/wp\/v2\/types\/page"}],"author":[{"embeddable":true,"href":"https:\/\/www.freiburg-schwarzwald.de\/blog\/wp-json\/wp\/v2\/users\/4"}],"replies":[{"embeddable":true,"href":"https:\/\/www.freiburg-schwarzwald.de\/blog\/wp-json\/wp\/v2\/comments?post=33128"}],"version-history":[{"count":2,"href":"https:\/\/www.freiburg-schwarzwald.de\/blog\/wp-json\/wp\/v2\/pages\/33128\/revisions"}],"predecessor-version":[{"id":131761,"href":"https:\/\/www.freiburg-schwarzwald.de\/blog\/wp-json\/wp\/v2\/pages\/33128\/revisions\/131761"}],"up":[{"embeddable":true,"href":"https:\/\/www.freiburg-schwarzwald.de\/blog\/wp-json\/wp\/v2\/pages\/1385"}],"wp:attachment":[{"href":"https:\/\/www.freiburg-schwarzwald.de\/blog\/wp-json\/wp\/v2\/media?parent=33128"}],"curies":[{"name":"wp","href":"https:\/\/api.w.org\/{rel}","templated":true}]}}