{"id":32926,"date":"2013-06-18T15:11:38","date_gmt":"2013-06-18T13:11:38","guid":{"rendered":"https:\/\/www.freiburg-schwarzwald.de\/blog\/?page_id=32926"},"modified":"2013-06-20T17:35:22","modified_gmt":"2013-06-20T15:35:22","slug":"vauban-hotel","status":"publish","type":"page","link":"https:\/\/www.freiburg-schwarzwald.de\/blog\/tourismus\/gastro\/hotel\/vauban-hotel\/","title":{"rendered":"Vauban-Hotel"},"content":{"rendered":"<p>\u00a0<a title=\"Orte\" href=\"https:\/\/www.freiburg-schwarzwald.de\/blog\/\">Home<\/a> &gt;<a title=\"Tourismus\" href=\"https:\/\/www.freiburg-schwarzwald.de\/blog\/tourismus\/\">Tourismus<\/a> &gt;<a title=\"Gastro\" href=\"https:\/\/www.freiburg-schwarzwald.de\/blog\/tourismus\/gastro\/\">Gastro<\/a> &gt;<a title=\"Hotel\" href=\"https:\/\/www.freiburg-schwarzwald.de\/blog\/tourismus\/gastro\/hotel\/\">Hotel<\/a> &gt;<a title=\"Vauban\" href=\"https:\/\/www.freiburg-schwarzwald.de\/blog\/regio\/freiburg\/vauban\/\">Vauban<\/a>\u00a0&gt;Vauban-Hotel<\/p>\n<div id=\"attachment_29931\" style=\"width: 648px\" class=\"wp-caption alignnone\"><a href=\"https:\/\/www.freiburg-schwarzwald.de\/blog\/regio\/freiburg\/vauban\/herdern9muenster-pan130510\/\" rel=\"attachment wp-att-29931\"><img loading=\"lazy\" decoding=\"async\" aria-describedby=\"caption-attachment-29931\" class=\"size-full wp-image-29931\" title=\"herdern9muenster-pan130510\" src=\"https:\/\/www.freiburg-schwarzwald.de\/blog\/wp-content\/uploads\/2012\/07\/herdern9muenster-pan130510.jpg\" alt=\"\" width=\"638\" height=\"269\" srcset=\"https:\/\/www.freiburg-schwarzwald.de\/blog\/wp-content\/uploads\/2012\/07\/herdern9muenster-pan130510.jpg 638w, https:\/\/www.freiburg-schwarzwald.de\/blog\/wp-content\/uploads\/2012\/07\/herdern9muenster-pan130510-180x75.jpg 180w\" sizes=\"auto, (max-width: 638px) 100vw, 638px\" \/><\/a><p id=\"caption-attachment-29931\" class=\"wp-caption-text\">Blick von Herdern nach S\u00fcden \u00fcber das Freiburger M\u00fcnster zum Loretto- und Sch\u00f6nberg am 13.5.2013<\/p><\/div>\n<ul>\n<li>Einweihung des Hotels Vauban:\u00a0\u00a0\u00dcber 10 Mitarbeiter sind behindert (18.6.2013)<\/li>\n<li>Schl\u00fcssel\u00fcbergabe der Freiburger Stadtbau\u00a0an die Green City Hotel Vauban gGmbH (18.6.2013)<\/li>\n<li>Green City Hotel Vauban<\/li>\n<li>M1-Gel\u00e4nde: Brache &#8211; Wagenburg Rhino &#8211; Inklusives Hotel Vauban<\/li>\n<li><a href=\"https:\/\/www.freiburg-schwarzwald.de\/littenweiler\/vauban1.htm#Nachts vor der Rhino-R\u00e4umung: Brennende Barrikaden und Gewalt\">Nachts vor der Rhino-R\u00e4umung: Brennende Barrikaden und Gewalt<\/a> &gt;Vauban1 (3.8.2011)<\/li>\n<li><a href=\"https:\/\/www.freiburg-schwarzwald.de\/littenweiler\/vauban1.htm#B\u00fcrgerbeteiligung an der Planung zum Grundst\u00fcck MI 1:\">B\u00fcrgerbeteiligung an der Planung zum Grundst\u00fcck MI 1 ?<\/a> &gt;Vauban1 (6.11.2009)<\/li>\n<li><a href=\"https:\/\/www.freiburg-schwarzwald.de\/littenweiler\/vauban1.htm#Wagenburg Cafe Rhino Ende September\">M1 1-Gel\u00e4nde: Wagenburg Cafe Rhino Ende September<\/a> &gt;Vauban1 (24.9.2009)<\/li>\n<li><span><a href=\"https:\/\/www.freiburg-schwarzwald.de\/littenweiler\/vauban1.htm#Auch nicht schlimmer: Wagenburg-Camp\">Auch nicht schlimmer: Wagenburg-Camp<\/a> &gt;Vauban1 (24.8.2009)<\/span><\/li>\n<li><a href=\"https:\/\/www.freiburg-schwarzwald.de\/littenweiler\/vauban1.htm#Bauplatz f\u00fcr Green Business Center besetzt\">Bauplatz f\u00fcr Green Business Center besetzt<\/a> &gt;Vauban1 (6.5.2009)<\/li>\n<li><a title=\"Himmelreich\" href=\"https:\/\/www.freiburg-schwarzwald.de\/blog\/selbsthilfe\/behinderung\/himmelreich\/\">Himmelreich &#8211; Catering, Gastronomie, Ausbildung Behinderte<\/a>\u00a0&gt;Himmelreich<\/li>\n<\/ul>\n<p>&nbsp;<\/p>\n<p><strong>Green City Hotel Vauban<\/strong><\/p>\n<p>48 Doppelzimmer, davon drei behindertengerecht, eine Suite.<br \/>\n79 Euro (Einzel), 99 Euro (Doppel), 159 Euro (Suite), 9 Euro Fr\u00fchst\u00fcck<br \/>\nBetreiber: gemeinn\u00fctzige Green City Hotel Vauban GmbH,<br \/>\nGesellschafter: Vereinigung Freiburger Sozialarbeit (66 Prozent), Stadtbau GmbH (33 %)<br \/>\nHoteleigent\u00fcmer:\u00a0St\u00e4dtische Wohnungsgesellschaft Stadtbau GmbH Freiburg<\/p>\n<p>Gesch\u00e4ftsf\u00fchrer Daniel Ferch, Hoteldirektor Johannes Staub, 19 Mitarbeiter, davon 10 mit Behinderung<br \/>\nPaula-Modersohn-Platz 5; 0761 \/ 888 5740<br \/>\n<a title=\"\" href=\"https:\/\/www.hotel-vauban.de\/\" target=\"_blank\">https:\/\/www.hotel-vauban.de<\/a><\/p>\n<p>Das Mittagsgesch\u00e4ft etwa \u00fcbernimmt normalerweise die Gastst\u00e4tte &#8222;S\u00fcden&#8220; am Alfred-D\u00f6blin-Platz. Sind mehr als 15 G\u00e4ste zu verk\u00f6stigen, kommt das Catering vom integrativen Hofgut Himmelreich.<\/p>\n<p>&nbsp;<\/p>\n<p><strong>Einweihung des Hotels Vauban:\u00a0\u00a0\u00dcber 10 Mitarbeiter sind behindert<\/strong><\/p>\n<p>\u00d6kologisch, regional, integrativ: Das Green City Hotel Vauban will hohe Anspr\u00fcche erf\u00fcllen. Nach nicht einmal zweij\u00e4hriger Bauzeit ist das Vorzeigeprojekt am Montag offiziell eingeweiht worden. Schirmherr ist Ministerpr\u00e4sident Winfried Kretschmann. &#8230;. Alles vom 18.6.2013 bitte lesen auf<br \/>\n<a href=\"https:\/\/www.badische-zeitung.de\/freiburg\/alles-nur-nicht-gewoehnlich--72818491.html\">https:\/\/www.badische-zeitung.de\/freiburg\/alles-nur-nicht-gewoehnlich&#8211;72818491.html<\/a>\u00a0<br \/>\n\u00a0\u00a0\u00a0<br \/>\n<strong>Behinderte werden ausgebeutet<\/strong><br \/>\n&#8222;Kritik von etwa zwei Dutzend Demonstranten aus der linksalternativen Szene, wonach Behinderte ausgebeutet w\u00fcrden&#8220;. \u00a0K\u00f6stlich! Hauptsache demonstrieren, egal ob es Anlass dazu gibt oder nicht! Wie besch\u00e4mend f\u00fcr die Demonstranten! H\u00e4tten die sich erstmal informiert. Das ging voll nach hinten los&#8230; Aber, liebe linksalternative Szene, wenn ihr gegen Ausbeutung von Behinderten demonstrieren wollt, k\u00f6nnt ihr das schon seit Jahrzehnten Tag f\u00fcr Tag vor allen m\u00f6glichen <a title=\"Werkstaetten\" href=\"https:\/\/www.freiburg-schwarzwald.de\/blog\/selbsthilfe\/behinderung\/werkstaetten\/\">Behindertenwerkst\u00e4tten<\/a> tun! Auf gehts!<br \/>\n18.6.2013, Lorenz Ebbinghaus<\/p>\n<p>&nbsp;<\/p>\n<p>&nbsp;<\/p>\n<p><strong>M1-Gel\u00e4nde: Brache &#8211; Wagenburg Rhino &#8211; Inklusives Hotel Vauban <!-- RSPEAK_STOP --><!-- RSPEAK_START --><\/strong><\/p>\n<p>August 2005: Der Freiburger Architekt Rolf Buschmann will ein Green Business Center auf dem Gel\u00e4nde M1 (M steht f\u00fcr Mischgebiet) am Eingang zum Stadtteil Vauban realisieren. 94 Meter lang, vier Stockwerke. Eine Initiative gr\u00fcndet sich dagegen.<br \/>\n22. Februar 2008: Buschmann k\u00fcndigt den baldigen Baubeginn an. Kurz darauf springt der Investor aus Offenburg ab.<br \/>\n5. Mai 2009: Der Gemeinderat verkauft f\u00fcr 1,1 Millionen Euro das Areal an einen Investor aus Genf. Das Green Business Center sieht nun auch ein Hotel vor. Die linksalternative Wagenburg &#8222;Kommando Rhino&#8220; startet ihre Besetzung.<br \/>\n2. August 2009: Das Projekt Green Business Center platzt endg\u00fcltig.<br \/>\n15. Dezember 2009: Der Gemeinderat verkauft das Grundst\u00fcck an die st\u00e4dtische Wohnungsgesellschaft Stadtbau GmbH<br \/>\n15. April 2010: Das Architekturb\u00fcro Barkow\/Leibinger aus Berlin gewinnt den Architektenwettbewerb zur Bebauung. Aus dem Stadtteil gibt es erneut kritische Stimmen. Die B\u00fcrgerbeteiligung sei ungen\u00fcgend, das Projekt \u00fcberdimensioniert.<br \/>\nSeptember 2010: Die Vereinigung Freiburger Sozialarbeit will ein inklusive Hotel betreiben.<br \/>\n3. August 2011: Die Wagenburg wird ger\u00e4umt. Es kommt zu Krawallen. Die Bauarbeiten zum Hotel<br \/>\n17.6.2013: Er\u00f6ffnung des\u00a0Hotel Vauban<\/p>\n<p>&nbsp;<\/p>\n<p><strong>Schl\u00fcssel\u00fcbergabe der Freiburger Stadtbau\u00a0an die Green City Hotel Vauban gGmbH<\/strong><\/p>\n<p>Im Beisein der baden-w\u00fcrttembergischen Ministerin im Staatsministerium Silke Krebs und Freiburgs Oberb\u00fcrgermeister Dr. Dieter Salomon fand am Montag die Schl\u00fcssel\u00fcbergabe der Freiburger Stadtbau (FSB) an die Green City Hotel Vauban gGmbH statt. Mehr als 150 geladene G\u00e4ste aus Politik, Wirtschaft und Sozialem waren der Einladung zur Er\u00f6ffnung des ersten Integrativen Hotels im M1- Geb\u00e4ude in Freiburg gefolgt und zeigten sich von der konsequenten Umsetzung des \u00f6kologisch und sozial nachhaltigen Konzepts f\u00fcr das Haus beeindruckt, in dem Menschen mit Behinderung arbeiten werden. Die G\u00e4ste besichtigten in gef\u00fchrten Rundg\u00e4ngen neben den \u00f6ffentlichen Bereichen auch die eindrucksvolle Suite in der vierten Etage mit f\u00fcnfeinhalb Meter hohen Fenstern und gro\u00dfer Dachterrasse. Ministerin Silke Krebs lobte in ihrer Ansprache das Inklusionskonzept des Hotels: \u201eIch freue mich sehr, dass mit dem Green City Hotel Vauban in Freiburg ein weiterer Integrationsbetrieb in Baden-W\u00fcrttemberg entstanden ist. Hier wurden die Rahmenbedingungen so gestaltet, dass Menschen mit und ohne Behinderung dort auf Augenh\u00f6he gemeinsam arbeiten werden oder es als Hotel- und Tagungsg\u00e4ste komfortabel nutzen k\u00f6nnen. Im Green City Hotel wird Inklusion gelebt.\u201c Als Integrationsbetrieb gibt das Green City Hotel Vauban Menschen mit Behinderung, die es auf dem sogenannten \u201eersten Arbeitsmarkt\u201c h\u00e4ufig schwer haben, langfristig einen regul\u00e4ren Arbeitsplatz. Die Lage und der Zuschnitt des Grundst\u00fccks im Eingangsbereich mit der direkt angrenzenden Stra\u00dfe und Stadtbahn waren f\u00fcr die an der Planung und am Bau beteiligten Firmen eine Herausforderung. Umso mehr freute sich FSB-Gesch\u00e4ftsf\u00fchrer Ralf Klausmann, dass die Baustelle bis zum heutigen Tag ohne gro\u00dfe\u00a0 Vorkommnisse und unfallfrei verlaufen ist: \u201eF\u00fcr die FSB ist das M1-Projekt mit dem Integrativen Green City Hotel eine Premiere. In die Reihe der Spezialimmobilien, die wir bereits f\u00fcr die Stadt Freiburg realisieren durften, reiht sich nun ein Hotel ein.\u201c Die FSB ist mit dem Green City Hotel Vauban nicht nur als Bauherr, sondern auch als Gesellschafter der gemeinn\u00fctzigen GmbH verbunden. Hauptgesellschafter der Green City Hotel Vauban gGmbH ist die Vereinigung Freiburger Sozialarbeit e. V. F\u00fcr den Vorsitzenden Jack Huttmann ist dieser Tag der Hoteler\u00f6ffnung der H\u00f6hepunkt einer langen und intensiven Arbeit vieler Beteiligter: \u201eWir haben gemeinsam einen Integrationsbetrieb geschaffen, in dem das ganz normale Miteinander von Menschen mit und ohne Behinderung sowohl als Besch\u00e4ftigte und auch als G\u00e4ste des Green City Hotel Vauban etwas ist, was man als Inklusion in seiner besten Form bezeichnen kann.\u201c Das behindertenfreundliche Hotel hat 48 Zimmer und eine Suite. Drei der Zimmer sind rollstuhlgerecht, eines davon ist behindertengerecht nach DIN\u2013Norm. Alle Duschen sind barrierefrei. Das Hotel soll im Anschluss an die Er\u00f6ffnung vom DeHoGa mit drei Sternen klassifiziert werden.<br \/>\nDas Green City Hotel Vauban befindet sich im \u00f6stlichen Geb\u00e4ude des M1-Komplexes. Westlich an das Hotel schlie\u00dft sich ein Komplex im Freiburger Passivhausstandard mit 13 hochwertigen Eigentumswohnungen und drei Gewerbeeinheiten mit cirka 500 Quadratmeter Fl\u00e4che an, der im August fertiggestellt wird. Die Architektur des Gesamtensembles geht auf den Entwurf des international t\u00e4tigen Architekturb\u00fcros Barkow\u00a0 Leibinger (Berlin) zur\u00fcck. Im Rahmen einer Mehrfachbeauftragung gelang es dem mit dem ersten Preis ausgezeichneten Entwurf von Barkow Leibinger bei M1, die Vielfalt und Qualit\u00e4t des Freiburger Quartiers \u201eVauban\u201c als dynamisches und \u00f6kologisch nachhaltiges Gesamtwerk abzubilden. Es verbindet Nachhaltigkeit, Innovation, gestalterische Kreativit\u00e4t und funktionale Qualit\u00e4t. Die s\u00fcdlichen und westlichen Geb\u00e4udefassaden werden durch haushohe Kletterpflanzen begr\u00fcnt. Mehr als 25 unterschiedliche Arten, wie zum Beispiel wilder Wein oder Clematis, sind hier angepflanzt worden. Die Pflanzen wirken wie ein nat\u00fcrlicher Filter und unterstreichen den \u00e4sthetischen und auch \u00f6kologischen Anspruch des Geb\u00e4udes. Auf dem Dach des Geb\u00e4udes wird eine Photovoltaik- Anlage installiert. Die FSB investiert rund 15,5 Millionen Euro in das Projekt, hiervon cirka sieben Millionen Euro in das an die Green City Hotel Vauban gGmbH\u00a0 langfristig verpachtete Hotel. Die Innenarchitektur verantworteten Barkow Leibinger sowie die Freiburger Architekten Amann Burdenski Munkel. Es wurden auch hier vorwiegend lokale Firmen beauftragt. Aspekte, wie die Verwendung von Schwarzwaldh\u00f6lzern oder den Verzicht von energieaufwendigen Minibars, bekr\u00e4ftigen die zentrale Bedeutung des \u00f6kologischen Gesamtkonzeptes.<\/p>\n<p align=\"left\"><strong>Lokal verbunden ind integrativ<\/strong><br \/>\nDas \u201eGreen City Hotel Vauban\u201c verf\u00fcgt \u00fcber 102 Betten in 49 Zimmern, hierunter 48 Doppelzimmer sowie eine Suite, die \u00fcber eine gro\u00dffl\u00e4chige Terrasse mit Blick auf den Lorettoberg verf\u00fcgt. Drei der Standard- Hotelzimmer sind rollstuhlgerecht. Alle Zimmer sind mit Fernseher, Radio und Web-Zugang, Telefon, Safe, Schreibtisch sowie gro\u00dfz\u00fcgigem Bad mit Dusche\/WC und Haartrockner ausgestattet. Die Innenm\u00f6blierung der Zimmer wurde aus massiver Esche ma\u00dfgefertigt. Eigens f\u00fcr diesen Auftrag haben drei regionale Schreinermeister die Werkhalle 53 gegr\u00fcndet. Im Green City Hotel Vauban genie\u00dfen die G\u00e4ste ein gesundes Fr\u00fchst\u00fcck f\u00fcr einen aktiven Start in den Tag. Der Fr\u00fchst\u00fccksbereich bietet Platz f\u00fcr 50 G\u00e4ste. Auch beim Fr\u00fchst\u00fcck und bei der Auswahl an Getr\u00e4nken setzen sich der integrative Ansatz und die lokale Verbundenheit als Gesamtkonzept weiter fort: Das Angebot an Speisen und Getr\u00e4nken stammt, wenn m\u00f6glich, aus der Region und\/oder aus Integrationsbetrieben. Auf Kleinverpackungen wird zugunsten der Mu<span style=\"font-family: RotisSansSerif; font-size: xx-small;\">llreduktion <\/span>weitestgehend verzichtet. Die Hotelbar\u00a0hat rund um die Uhr fu<span style=\"font-family: KozMinPr6N-Medium-Proportional; font-size: xx-small;\" lang=\"JA\"><span style=\"font-family: KozMinPr6N-Medium-Proportional; font-size: xx-small;\" lang=\"JA\">\u0308<\/span><\/span><span style=\"font-family: RotisSansSerif; font-size: xx-small;\"><span style=\"font-family: RotisSansSerif; font-size: xx-small;\">r Hausga<\/span><\/span><span style=\"font-family: KozMinPr6N-Medium-Proportional; font-size: xx-small;\" lang=\"JA\"><span style=\"font-family: KozMinPr6N-Medium-Proportional; font-size: xx-small;\" lang=\"JA\">\u0308<\/span><\/span><span style=\"font-family: RotisSansSerif; font-size: xx-small;\">ste <\/span>ge\u00f6ffnet und bietet neben einer\u00a0breiten Auswahl an Getr\u00e4nken\u00a0regionale Snacks und kleine Speisen.\u00a0Dar\u00fcber hinaus verf\u00fcgt das Hotel\u00a0\u00a0\u00fcber\u00a0einen Konferenzraum, der f\u00fcr\u00a0\u00a030 Personen ausgelegt ist. Er ist mit\u00a0modernster Tagungstechnik und einer\u00a0sogenannten Induktionsschleife f\u00fcr h\u00f6rgesch\u00e4digte Menschen ausgestattet.\u00a0Da das Green City Hotel\u00a0Vauban \u00fcber kein separates Vollrestaurant\u00a0verf\u00fcgt, wird das Essen f\u00fcr\u00a0Tagungsgruppen \u00fcber 15 Personen\u00a0vom Hofgut Himmelreich zubereitet.\u00a0Tagungsgruppen mit weniger als 15\u00a0Teilnehmern nutzen das Angebot des\u00a0schr\u00e4g gegen\u00fcberliegenden Restaurants\u00a0\u201eDer S\u00fcden\u201c, welches eine frische\u00a0Vollwertk\u00fcche bietet. Die Rezeption\u00a0ist ebenfalls mit Induktionsschleife\u00a0f\u00fcr H\u00f6rgescha<span style=\"font-family: RotisSansSerif; font-size: xx-small;\">digte ausgestattet. P<\/span>arkpl\u00e4tze stehen den Hotelg\u00e4sten\u00a0in der Solargarage zur Verf\u00fcgung.<br \/>\n20.6.2013, Nils Kickert, <a href=\"https:\/\/www.stadtkurier.de\">www.stadtkurier.de<\/a> \u00a0<\/p>\n","protected":false},"excerpt":{"rendered":"<p>\u00a0Home &gt;Tourismus &gt;Gastro &gt;Hotel &gt;Vauban\u00a0&gt;Vauban-Hotel Einweihung des Hotels Vauban:\u00a0\u00a0\u00dcber 10 Mitarbeiter sind behindert (18.6.2013) Schl\u00fcssel\u00fcbergabe der Freiburger Stadtbau\u00a0an die Green City Hotel Vauban gGmbH (18.6.2013) Green City Hotel Vauban M1-Gel\u00e4nde: Brache &#8211; Wagenburg Rhino &#8211; Inklusives Hotel Vauban Nachts vor &hellip; <a href=\"https:\/\/www.freiburg-schwarzwald.de\/blog\/tourismus\/gastro\/hotel\/vauban-hotel\/\">Weiterlesen <span class=\"meta-nav\">&rarr;<\/span><\/a><\/p>\n","protected":false},"author":4,"featured_media":0,"parent":21060,"menu_order":0,"comment_status":"open","ping_status":"closed","template":"","meta":{"footnotes":""},"class_list":["post-32926","page","type-page","status-publish","hentry"],"_links":{"self":[{"href":"https:\/\/www.freiburg-schwarzwald.de\/blog\/wp-json\/wp\/v2\/pages\/32926","targetHints":{"allow":["GET"]}}],"collection":[{"href":"https:\/\/www.freiburg-schwarzwald.de\/blog\/wp-json\/wp\/v2\/pages"}],"about":[{"href":"https:\/\/www.freiburg-schwarzwald.de\/blog\/wp-json\/wp\/v2\/types\/page"}],"author":[{"embeddable":true,"href":"https:\/\/www.freiburg-schwarzwald.de\/blog\/wp-json\/wp\/v2\/users\/4"}],"replies":[{"embeddable":true,"href":"https:\/\/www.freiburg-schwarzwald.de\/blog\/wp-json\/wp\/v2\/comments?post=32926"}],"version-history":[{"count":0,"href":"https:\/\/www.freiburg-schwarzwald.de\/blog\/wp-json\/wp\/v2\/pages\/32926\/revisions"}],"up":[{"embeddable":true,"href":"https:\/\/www.freiburg-schwarzwald.de\/blog\/wp-json\/wp\/v2\/pages\/21060"}],"wp:attachment":[{"href":"https:\/\/www.freiburg-schwarzwald.de\/blog\/wp-json\/wp\/v2\/media?parent=32926"}],"curies":[{"name":"wp","href":"https:\/\/api.w.org\/{rel}","templated":true}]}}