{"id":3250,"date":"2012-05-10T19:25:45","date_gmt":"2012-05-10T19:25:45","guid":{"rendered":"https:\/\/www.freiburg-schwarzwald.de\/blog\/?page_id=3250"},"modified":"2020-11-15T18:17:01","modified_gmt":"2020-11-15T17:17:01","slug":"girls-day","status":"publish","type":"page","link":"https:\/\/www.freiburg-schwarzwald.de\/blog\/selbsthilfe\/frauen\/girls-day\/","title":{"rendered":"Girls-Day"},"content":{"rendered":"<p>Home &gt;<a title=\"Frauen\" href=\"https:\/\/www.freiburg-schwarzwald.de\/blog\/selbsthilfe\/frauen\/\">Frauen<\/a> &gt;<a title=\"Bildung\" href=\"https:\/\/www.freiburg-schwarzwald.de\/blog\/bildung\/\">Bildung<\/a> &gt;Girls-Day<\/p>\n<p>&nbsp;<\/p>\n<ul>\n<li><a href=\"https:\/\/www.freiburg-schwarzwald.de\/blog\/schuelerinnen-zum-lockdown\/\">Drei Sch\u00fclerinnen zum Lockdown<\/a>\u00a0(15.11.2020)<\/li>\n<li><a href=\"https:\/\/www.freiburg-schwarzwald.de\/blog\/2012\/05\/10\/girls-day-bei-testo-madchenzukunftstag-fuer-elektronikerinnen\/\">https:\/\/www.freiburg-schwarzwald.de\/blog\/2012\/05\/10\/girls-day-bei-testo-madchenzukunftstag-fuer-elektronikerinnen\/<\/a><\/li>\n<li>Girls Day online seit Dezember 2009<\/li>\n<\/ul>\n<p>&nbsp;<\/p>\n<p><strong>Girls&#8216; Day &#8211; M\u00e4dchen-Zukunftstag<\/strong><\/p>\n<p>Die Bundesweite Koordinierungsstelle Girls&#8217;Day \u2013 M\u00e4dchen-Zukunftstag wird gef\u00f6rdert vom Bundesministerium f\u00fcr Bildung und Forschung (BMBF), vom Bundesministerium f\u00fcr Familie, Senioren, Frauen und Jugend (BMFSFJ) sowie aus Mitteln des Europ\u00e4ischen Sozialfonds. Der Girls&#8217;Day \u2013 M\u00e4dchen-Zukunftstag ist ein Projekt des Kompetenzzentrums Technik-Diversity-Chancengleichheit e.V. und eine Gemeinschaftsaktion des BMBF und des BMFSFJ, der Initiative D21, der Bundesagentur f\u00fcr Arbeit, des Deutschen Gewerkschaftsbundes, der Bundesvereinigung der Deutschen Arbeitgeberverb\u00e4nde, des Deutschen Industrie- und Handelskammertages, des Zentralverbands des Deutschen Handwerks, des Bundesverbandes der Deutschen Industrie und des Bundeselternrats.<br \/>\n<a href=\"https:\/\/www.girls-day.de\">www.girls-day.de<\/a><\/p>\n<p>&nbsp;<\/p>\n<p><strong>Girls Day online seit Dezember 2009<br \/>\n<\/strong><\/p>\n<p>Seit Dezember 2009 ist die Internetseite f\u00fcr den Girls&#8216; Day &#8211; M\u00e4dchen-Zukunftstag mit neuem Design online. Besonderer Themenschwerpunkt sind im kommenden Jahr 2010 die Bereiche Eltern und Berufsorientierung. Auch Unternehmen, Schulen und nat\u00fcrlich M\u00e4dchen erhalten wichtige Informationen, Materialien und Kontakte f\u00fcr die Vorbereitungen zum n\u00e4chsten bundesweiten Aktionstag am Donnerstag, 22. April 2010. Mit dem Girls&#8216; Day k\u00f6nnen M\u00e4dchen ab Klasse 5 Berufe in Technik und Naturwissenschaften erkunden. Unternehmen und Organisationen \u00f6ffnen Bereiche, in denen Frauen bislang unterrepr\u00e4sentiert sind. Neue Veranstaltungen f\u00fcr den kommenden Girls&#8216; Day k\u00f6nnen ab sofort in die Aktionslandkarte eingetragen werden. Die Bundesweite Koordinierungsstelle des Girls&#8216; Day &#8211; M\u00e4dchen-Zukunftstags wird gef\u00f6rdert vom Bundesministerium f\u00fcr Bildung und Forschung (BMBF), dem Bundesministerium f\u00fcr Familie, Senioren, Frauen und Jugend (BMFSFJ) sowie aus Mitteln des Europ\u00e4ischen Sozialfonds der Europ\u00e4ischen Union. Girls&#8216; Day &#8211; M\u00e4dchen-Zukunftstag ist ein Projekt des Kompetenzzentrums Technik-Diversity-Chancengleichheit e.V. und eine Gemeinschaftsaktion des BMBF und des BMFSFJ, der Initiative D21, der Bundesagentur f\u00fcr Arbeit, des Deutschen Gewerkschaftsbundes, der Bundesvereinigung der Deutschen Arbeitgeberverb\u00e4nde, des Deutschen Industrie- und Handelskammertages, des Zentralverbandes des Deutschen Handwerks und des Bundesverbandes der Deutschen Industrie.<br \/>\n18.12.2009, <a href=\"https:\/\/www.bildungsserver.de\/link\/girls_day\">www.bildungsserver.de\/link\/girls_day<\/a><\/p>\n","protected":false},"excerpt":{"rendered":"<p>Home &gt;Frauen &gt;Bildung &gt;Girls-Day &nbsp; Drei Sch\u00fclerinnen zum Lockdown\u00a0(15.11.2020) https:\/\/www.freiburg-schwarzwald.de\/blog\/2012\/05\/10\/girls-day-bei-testo-madchenzukunftstag-fuer-elektronikerinnen\/ Girls Day online seit Dezember 2009 &nbsp; Girls&#8216; Day &#8211; M\u00e4dchen-Zukunftstag Die Bundesweite Koordinierungsstelle Girls&#8217;Day \u2013 M\u00e4dchen-Zukunftstag wird gef\u00f6rdert vom Bundesministerium f\u00fcr Bildung und Forschung (BMBF), vom Bundesministerium f\u00fcr Familie, &hellip; <a href=\"https:\/\/www.freiburg-schwarzwald.de\/blog\/selbsthilfe\/frauen\/girls-day\/\">Weiterlesen <span class=\"meta-nav\">&rarr;<\/span><\/a><\/p>\n","protected":false},"author":2,"featured_media":0,"parent":59,"menu_order":0,"comment_status":"open","ping_status":"closed","template":"","meta":{"footnotes":""},"class_list":["post-3250","page","type-page","status-publish","hentry"],"_links":{"self":[{"href":"https:\/\/www.freiburg-schwarzwald.de\/blog\/wp-json\/wp\/v2\/pages\/3250","targetHints":{"allow":["GET"]}}],"collection":[{"href":"https:\/\/www.freiburg-schwarzwald.de\/blog\/wp-json\/wp\/v2\/pages"}],"about":[{"href":"https:\/\/www.freiburg-schwarzwald.de\/blog\/wp-json\/wp\/v2\/types\/page"}],"author":[{"embeddable":true,"href":"https:\/\/www.freiburg-schwarzwald.de\/blog\/wp-json\/wp\/v2\/users\/2"}],"replies":[{"embeddable":true,"href":"https:\/\/www.freiburg-schwarzwald.de\/blog\/wp-json\/wp\/v2\/comments?post=3250"}],"version-history":[{"count":1,"href":"https:\/\/www.freiburg-schwarzwald.de\/blog\/wp-json\/wp\/v2\/pages\/3250\/revisions"}],"predecessor-version":[{"id":84764,"href":"https:\/\/www.freiburg-schwarzwald.de\/blog\/wp-json\/wp\/v2\/pages\/3250\/revisions\/84764"}],"up":[{"embeddable":true,"href":"https:\/\/www.freiburg-schwarzwald.de\/blog\/wp-json\/wp\/v2\/pages\/59"}],"wp:attachment":[{"href":"https:\/\/www.freiburg-schwarzwald.de\/blog\/wp-json\/wp\/v2\/media?parent=3250"}],"curies":[{"name":"wp","href":"https:\/\/api.w.org\/{rel}","templated":true}]}}