{"id":32484,"date":"2013-06-10T19:30:04","date_gmt":"2013-06-10T17:30:04","guid":{"rendered":"https:\/\/www.freiburg-schwarzwald.de\/blog\/?page_id=32484"},"modified":"2024-01-28T17:17:23","modified_gmt":"2024-01-28T16:17:23","slug":"landgrabbing","status":"publish","type":"page","link":"https:\/\/www.freiburg-schwarzwald.de\/blog\/global\/landgrabbing\/","title":{"rendered":"Landgrabbing"},"content":{"rendered":"<p>Home &gt;<a title=\"Global\" href=\"https:\/\/www.freiburg-schwarzwald.de\/blog\/global\/\">Global<\/a> &gt;<a title=\"Landwirt\" href=\"https:\/\/www.freiburg-schwarzwald.de\/blog\/natur\/landwirt\/\">Landwirt<\/a> &gt;Landgrabbing<\/p>\n<p><a href=\"https:\/\/www.freiburg-schwarzwald.de\/blog\/regio\/kaiserstuhl\/oberrotweil\/mondhalde6oberrotweil-pan130602-2\/\" rel=\"attachment wp-att-32152\"><img loading=\"lazy\" decoding=\"async\" class=\"alignnone size-full wp-image-32152\" title=\"mondhalde6oberrotweil-pan130602\" src=\"https:\/\/www.freiburg-schwarzwald.de\/blog\/wp-content\/uploads\/2013\/06\/mondhalde6oberrotweil-pan1306021.jpg\" alt=\"\" width=\"640\" height=\"237\" srcset=\"https:\/\/www.freiburg-schwarzwald.de\/blog\/wp-content\/uploads\/2013\/06\/mondhalde6oberrotweil-pan1306021.jpg 640w, https:\/\/www.freiburg-schwarzwald.de\/blog\/wp-content\/uploads\/2013\/06\/mondhalde6oberrotweil-pan1306021-180x66.jpg 180w\" sizes=\"auto, (max-width: 640px) 100vw, 640px\" \/><\/a><\/p>\n<p>&nbsp;<\/p>\n<ul>\n<li><a href=\"https:\/\/www.freiburg-schwarzwald.de\/blog\/natur\/garten\/\">Studie: Privatgarten ist Gefahr f\u00fcr Klima<\/a> (23.1.2024)<\/li>\n<li><a href=\"https:\/\/www.freiburg-schwarzwald.de\/blog\/natur\/ernaehrung\/nahrungsmittel\/\">Das Nahrungsmittelmonopol \u2013 Agenda 2030 des WEF<\/a>\u00a0(9.1.2024)<\/li>\n<li><a href=\"https:\/\/www.freiburg-schwarzwald.de\/blog\/global\/ukraine\/donbass\/\">Statt Russland: CDU will Donbass-Bodensch\u00e4tze rauben<\/a> (22.12.2023)<\/li>\n<li><a href=\"https:\/\/www.freiburg-schwarzwald.de\/blog\/fluechtlinge-lampedusa-afrika\/\">https:\/\/www.freiburg-schwarzwald.de\/blog\/fluechtlinge-lampedusa-afrika\/<\/a>\u00a0(21.10.2013)<\/li>\n<li>Futtermittel &#8211; Die gro\u00dfe Verschwendung von Land und Nahrung (8.120.2013)<\/li>\n<li><a href=\"https:\/\/www.freiburg-schwarzwald.de\/blog\/landmatrix-org-landgrabbing-db\/\">https:\/\/www.freiburg-schwarzwald.de\/blog\/landmatrix-org-landgrabbing-db\/<\/a>\u00a0(10.6.2013)<\/li>\n<li><a href=\"https:\/\/www.freiburg-schwarzwald.de\/blog\/landgrabbing-in-deutschland\/\">https:\/\/www.freiburg-schwarzwald.de\/blog\/landgrabbing-in-deutschland\/<\/a>\u00a0(11..6.2013)<\/li>\n<li><a href=\"https:\/\/www.freiburg-schwarzwald.de\/blog\/kleinbauern-agrarkonzerne\/\">https:\/\/www.freiburg-schwarzwald.de\/blog\/kleinbauern-agrarkonzerne\/<\/a>\u00a0(18.1.2013)<\/li>\n<li><\/li>\n<li>Landmatrix.org &#8211; Datenbank<\/li>\n<li><a title=\"Kolonialismus\" href=\"https:\/\/www.freiburg-schwarzwald.de\/blog\/global\/kolonialismus\/\">Kolonialismus<\/a><\/li>\n<li><a title=\"Landschaft\" href=\"https:\/\/www.freiburg-schwarzwald.de\/blog\/natur\/landschaft\/\">Landschaft<\/a><\/li>\n<li><a href=\"https:\/\/www.freiburg-schwarzwald.de\/blog\/natur\/ernaehrung\/nahrungsmittel\/\">Nahrungsmittel<\/a><\/li>\n<\/ul>\n<p>&nbsp;<\/p>\n<p>&nbsp;<\/p>\n<p><strong>Futtermittel &#8211; Die gro\u00dfe Verschwendung von Land und Nahrung<\/strong><br \/>\nBrot oder Trog &#8211;\u00a0Erfahrungen aus S\u00fcdamerika<\/p>\n<p>Die Verschwendung von Lebensmitteln und das weltweite Land Grabbing sind dank kritischer Medienbeitr\u00e4ge in den letzten\u00a0 Jahren verst\u00e4rkt in das \u00f6ffentliche Bewusstsein getreten und\u00a0haben nun auch die Politik auf den Plan gerufen. Strategien\u00a0werden debattiert, um Lebensmittelverluste zu vermeiden und Land\u00a0Grabbing, mit dem Ackerfl\u00e4chen f\u00fcr Exportprodukte belegt und\u00a0damit der lokalen Nahrungsmittelproduktion entzogen werden, einzud\u00e4mmen. Weitgehend ausgeblendet aber bleibt der gr\u00f6\u00dfte Einzelposten der Verschwendung von Nahrung und Land: die<br \/>\nFuttermittel. Die Verf\u00fctterung von Ackerkulturen stellt eine \u00fcberaus ineffiziente Nutzung von pflanzlicher Energie und Agrarland dar. F\u00fcr die Erzeugung einer tierischen Kalorie sind je nach Tierart 5 bis 30 pflanzliche Kalorien erforderlich. Eine Einschr\u00e4nkung des Konsums tierischer Produkte wie Fleisch oder Milch k\u00f6nnte die<br \/>\nWeltern\u00e4hrungssituation jedoch entspannen. Auch die zunehmende Fl\u00e4chenkonkurrenz lie\u00dfe sich dadurch entsch\u00e4rfen, denn die Viehwirtschaft okkupiert nicht nur den Gro\u00dfteil der Weiden, sondern weltweit bereits ein Drittel aller \u00c4cker.<br \/>\nEine Reihe von Staaten in S\u00fcdamerika hat besonders einschneidende Erfahrungen mit der Expansion des Futtermittelanbaus gemacht, der zu einem wichtigen Teil f\u00fcr den Export bestimmt ist. Soja, Mais<br \/>\nund andere Futterpflanzen belegen nicht nur immer gr\u00f6\u00dfere Fl\u00e4chen, sondern produzieren zahlreiche soziale und \u00f6kologische Konflikte in L\u00e4ndern wie Brasilien, Argentinien, Bolivien und Paraguay. Mit dieser Veranstaltung m\u00f6chten ,Brot f\u00fcr die Welt&#8216; und das FDCL\u00a0dazu beitragen, die Debatte \u00fcber Lebensmittelverluste und Land<br \/>\nGrabbing um die vernachl\u00e4ssigte Dimension der Futtermittel zu erweitern. Im Zentrum der Tagung stehen die Erfahrungen mit der Futtermittelexpansion in den wichtigsten Anbaul\u00e4ndern S\u00fcdamerikas.<\/p>\n<p>Tagungsprogramm<br \/>\n13:00 &#8211; 13:15 Begr\u00fc\u00dfung, Jan Dunkhorst (FDCL) \/ Stig Tanzmann (Brot f\u00fcr die Welt-<br \/>\nEvangelischer Entwicklungsdienst)<br \/>\n13:15 &#8212; 13:45: Brot oder Trog: Lebensmittelverschwendung und Fl\u00e4chenfra\u00df durch<br \/>\nFuttermittel &#8211; Thomas Fritz (FDCL)<br \/>\n13:45 &#8212; 14:45: Mythos Argentinien: Gl\u00fcckliche Rinder, Felder und Futter im \u00dcberfluss?<br \/>\nLeonardo Javier Rossi (freier Journalist \/ C\u00f3rdoba-Argentinien)<br \/>\nFleisch- und Futtergigant Brasilien: Landnutzungs\u00e4nderungen durch Massenexporte.<br \/>\nPaulo Alfredo Sch\u00f6nardie (Brot f\u00fcr die Welt- Evangelischer Entwicklungsdienst)<\/p>\n<p>15:00 &#8212; 16:00: Kornkammer Bolivien: Transnationale Landnahmen, Futtermittel und<br \/>\nErn\u00e4hrungsunsicherheit, Enrique David Casta\u00f1on Ballivian (Fundaci\u00f3n Tierra \/ La Paz-Bolivien)<br \/>\nSojarepublik Paraguay: Kleinbauern, Landk\u00e4mpfe und staatliche Repression<br \/>\nMiryam Estela Duarte Rojas\u00a0 (CLOC-V\u00eda Campesina \/ Paraguay )<\/p>\n<p>16:00 &#8212; 17:30: Der globale Boom tierbasierter Ern\u00e4hrung: Risiko f\u00fcr die Ern\u00e4hrungssicherheit &#8212; Herausforderung f\u00fcr die Politik, Stig Tanzmann (Brot f\u00fcr die Welt- Evangelischer Entwicklungsdienst) Schlussdiskussion<\/p>\n<p>Freitag, 11. Oktober 2013 von 13:00 &#8211; 17:30 Uhr<br \/>\nBrot f\u00fcr die Welt **&#8211; Evangelischer Entwicklungsdienst<br \/>\nEvangelisches Werk f\u00fcr Diakonie und Entwicklung e.V.<br \/>\nCaroline-Michaelis-Str.1, 10115 Berlin, Raum:\u00a0 Amalie Sieveking 0.K.01 im Erdgeschoss<\/p>\n<p>Programm zum download in deutsch und spanisch: <a href=\"https:\/\/fdcl.org\/index.php?id=1657\">https:\/\/fdcl.org\/index.php?id=1657<\/a><br \/>\n<a href=\"https:\/\/www.fdcl-berlin.de\/\">www.fdcl-berlin.de<\/a> oder\u00a0<a href=\"https:\/\/www.fdcl.org\/\">www.fdcl.org<\/a><\/p>\n<p>&nbsp;<\/p>\n<p>&nbsp;<\/p>\n<p><strong>Landmatrix.org &#8211; Datenbank<\/strong><\/p>\n<p>Die Datenbank Landmatrix.org wird betrieben vom Giga-Institut Hamburg, der Deutschen Gesellschaft f\u00fcr Internationale Zusammenarbeit und mehreren NGOs.<br \/>\nDie Datenbank <a href=\"https:\/\/www.Landmatrix.org\">www.Landmatrix.org<\/a>\u00a0dokumentiert geplante und gescheiterte Gro\u00dfprojekte weltweit.<br \/>\nSeit 2002 wurden mindestens 753 solcher Kaufvertr\u00e4ge abgeschlossen , bei denen bei 329 die Produktion begonnen hat &#8211; jedoch nur auf 1,7 Mio hektar von 32.5 Mio Hektar insgesamt. Hieraus wird auch das spekulative Moment des Landgrabbing deutlich.<br \/>\n145 weitere Abkommen sind im Juni 2013 geplant, 50 bereits geplatzt.<br \/>\nfazit der Forscher: Die globale Jagd auf Land ist Realit\u00e4t, dabei \u00fcbernehmen Gro\u00dfinvestoren zumeist von Kleinbauern deren landwirtschaftliche Fkl\u00e4che und gef\u00e4hrden dann oftmals deren Existenz.<br \/>\n<a href=\"https:\/\/www.giz.de\">www.giz.de<\/a><br \/>\n<a href=\"https:\/\/www.giga-hamburg,.de\">www.giga-hamburg,.de<\/a><br \/>\n<a href=\"https:\/\/www.landmatrix.org\">www.landmatrix.org<\/a><\/p>\n<p><strong>Staaten, aus denen die Investoren bzw. Landgrabber kommen (Fl\u00e4chen in Mio Hektar)<\/strong><br \/>\nUSA 8.2, malaysia 3.3, Vereinige Arabische Emirate 2.8, GBR 2.1 und Indien 1.8 &#8211; China liegt erst auf Platz 8.<br \/>\nStaaten, die Fl\u00e4chen bereitstellen:<br \/>\nS\u00fcdsudan 4.1, Papua-neuguinea 3.9, Indonesion 2.7, Kongo 2.7 und Sudan 2.0<\/p>\n<p><strong>Zweite Version der Online-Plattform landmatrix.org\u00a0<\/strong><br \/>\nDas Projekt Land Matrix Global Observatory gibt heute die zweite Version der Online-Plattform <a href=\"https:\/\/www.landmatrix.org\">www.landmatrix.org<\/a> \u00a0 frei. Mit diesem Open Data Instrument soll Transparenz rund um die oft umstrittenen Investitionen in Land gef\u00f6rdert werden. Anhand des sorgf\u00e4ltig \u00fcberarbeiteten Datensatzes kann jeder die Landtransaktionen mitverfolgen \u2013 von der Verhandlung bis zur Umsetzung<br \/>\n10.6.2013, <a href=\"https:\/\/www.giga-hamburg.de\/dl\/download.php?d=\/content\/presse\/pdf\/130610_pressemitteilung_landmatrix.pdf\">https:\/\/www.giga-hamburg.de\/dl\/download.php?d=\/content\/presse\/pdf\/130610_pressemitteilung_landmatrix.pdf<\/a><\/p>\n","protected":false},"excerpt":{"rendered":"<p>Home &gt;Global &gt;Landwirt &gt;Landgrabbing &nbsp; Studie: Privatgarten ist Gefahr f\u00fcr Klima (23.1.2024) Das Nahrungsmittelmonopol \u2013 Agenda 2030 des WEF\u00a0(9.1.2024) Statt Russland: CDU will Donbass-Bodensch\u00e4tze rauben (22.12.2023) https:\/\/www.freiburg-schwarzwald.de\/blog\/fluechtlinge-lampedusa-afrika\/\u00a0(21.10.2013) Futtermittel &#8211; Die gro\u00dfe Verschwendung von Land und Nahrung (8.120.2013) https:\/\/www.freiburg-schwarzwald.de\/blog\/landmatrix-org-landgrabbing-db\/\u00a0(10.6.2013) https:\/\/www.freiburg-schwarzwald.de\/blog\/landgrabbing-in-deutschland\/\u00a0(11..6.2013) https:\/\/www.freiburg-schwarzwald.de\/blog\/kleinbauern-agrarkonzerne\/\u00a0(18.1.2013) &hellip; <a href=\"https:\/\/www.freiburg-schwarzwald.de\/blog\/global\/landgrabbing\/\">Weiterlesen <span class=\"meta-nav\">&rarr;<\/span><\/a><\/p>\n","protected":false},"author":4,"featured_media":0,"parent":27,"menu_order":0,"comment_status":"open","ping_status":"closed","template":"","meta":{"footnotes":""},"class_list":["post-32484","page","type-page","status-publish","hentry"],"_links":{"self":[{"href":"https:\/\/www.freiburg-schwarzwald.de\/blog\/wp-json\/wp\/v2\/pages\/32484","targetHints":{"allow":["GET"]}}],"collection":[{"href":"https:\/\/www.freiburg-schwarzwald.de\/blog\/wp-json\/wp\/v2\/pages"}],"about":[{"href":"https:\/\/www.freiburg-schwarzwald.de\/blog\/wp-json\/wp\/v2\/types\/page"}],"author":[{"embeddable":true,"href":"https:\/\/www.freiburg-schwarzwald.de\/blog\/wp-json\/wp\/v2\/users\/4"}],"replies":[{"embeddable":true,"href":"https:\/\/www.freiburg-schwarzwald.de\/blog\/wp-json\/wp\/v2\/comments?post=32484"}],"version-history":[{"count":3,"href":"https:\/\/www.freiburg-schwarzwald.de\/blog\/wp-json\/wp\/v2\/pages\/32484\/revisions"}],"predecessor-version":[{"id":120071,"href":"https:\/\/www.freiburg-schwarzwald.de\/blog\/wp-json\/wp\/v2\/pages\/32484\/revisions\/120071"}],"up":[{"embeddable":true,"href":"https:\/\/www.freiburg-schwarzwald.de\/blog\/wp-json\/wp\/v2\/pages\/27"}],"wp:attachment":[{"href":"https:\/\/www.freiburg-schwarzwald.de\/blog\/wp-json\/wp\/v2\/media?parent=32484"}],"curies":[{"name":"wp","href":"https:\/\/api.w.org\/{rel}","templated":true}]}}