{"id":32334,"date":"2013-06-08T18:36:07","date_gmt":"2013-06-08T16:36:07","guid":{"rendered":"https:\/\/www.freiburg-schwarzwald.de\/blog\/?page_id=32334"},"modified":"2023-01-12T20:13:57","modified_gmt":"2023-01-12T19:13:57","slug":"jerusalem","status":"publish","type":"page","link":"https:\/\/www.freiburg-schwarzwald.de\/blog\/religion\/jerusalem\/","title":{"rendered":"Jerusalem"},"content":{"rendered":"<p>Home &gt;<a title=\"Religion\" href=\"https:\/\/www.freiburg-schwarzwald.de\/blog\/religion\/\">Religion<\/a> &gt;Jerusalem<\/p>\n<div id=\"attachment_39784\" style=\"width: 649px\" class=\"wp-caption alignnone\"><a href=\"https:\/\/www.freiburg-schwarzwald.de\/blog\/global\/israel\/israel2013\/oelberg8jerusalem-pan131026\/\" rel=\"attachment wp-att-39784\"><img loading=\"lazy\" decoding=\"async\" aria-describedby=\"caption-attachment-39784\" class=\"size-full wp-image-39784\" title=\"oelberg8jerusalem-pan131026\" src=\"https:\/\/www.freiburg-schwarzwald.de\/blog\/wp-content\/uploads\/2013\/11\/oelberg8jerusalem-pan131026.jpg\" alt=\"\" width=\"639\" height=\"228\" srcset=\"https:\/\/www.freiburg-schwarzwald.de\/blog\/wp-content\/uploads\/2013\/11\/oelberg8jerusalem-pan131026.jpg 639w, https:\/\/www.freiburg-schwarzwald.de\/blog\/wp-content\/uploads\/2013\/11\/oelberg8jerusalem-pan131026-180x64.jpg 180w\" sizes=\"auto, (max-width: 639px) 100vw, 639px\" \/><\/a><p id=\"caption-attachment-39784\" class=\"wp-caption-text\">Blick vom Oelberg nach Norden auf Jerusalem am 26.10.2013<\/p><\/div>\n<ul>\n<li><a href=\"https:\/\/www.freiburg-schwarzwald.de\/blog\/global\/israel\/tempelberg\/\">Juden d\u00fcrfen auf ihrem Tempelberg nicht beten?<\/a> (11.1.2023)<\/li>\n<li><a href=\"https:\/\/www.freiburg-schwarzwald.de\/blog\/israel-staatsraison-nur-verbal\/\">Israel Staatsraison \u2013 nur verbal<\/a>\u00a0(15.5.2021)<\/li>\n<li><a href=\"https:\/\/www.freiburg-schwarzwald.de\/blog\/synagogen-angegriffen-angst\/\">Synagogen angegriffen \u2013 Angst<\/a>\u00a0(13.5.2021)<\/li>\n<li><a href=\"https:\/\/www.freiburg-schwarzwald.de\/blog\/kultur\/kulturverlust\/cancelculture-literatur\/\">Verweis auf Prophet Mohammed in Dantes \u201eG\u00f6ttlicher Kom\u00f6die\u201c gecancelt<\/a>\u00a0(6.4.2021)<\/li>\n<li><a title=\"Istanbul 1453 \u2013 Hannover 2020\" href=\"https:\/\/www.freiburg-schwarzwald.de\/blog\/istanbul-1453-hannover-2020\/\">Istanbul 1453 \u2013 Hannover 2020<\/a>\u00a0(25.4.2020)<\/li>\n<li><a title=\"Israel2019\" href=\"https:\/\/www.freiburg-schwarzwald.de\/blog\/global\/israel\/israel2019\/\">Deutschland \u2013 Israel:\u00a0Staatsraison Identit\u00e4t\u00a0Geschichte Schuld<\/a>\u00a0(30.1.2020)<\/li>\n<li><a title=\"Auschwitz1945-2020\" href=\"https:\/\/www.freiburg-schwarzwald.de\/blog\/kultur\/erinnerungskultur\/auschwitz1945-2020\/\">Historiker Wolffsohn kritisiert Steinmeiers Rede in Israel \u2013 und neue\u00a0Gedenkkultur<\/a>\u00a0 (24.1.2020)<\/li>\n<li><a title=\"Erinnerungskultur\" href=\"https:\/\/www.freiburg-schwarzwald.de\/blog\/kultur\/erinnerungskultur\/\">Holocaust-Gedenken: Der lange Schatten 75 Jahre nach Auschwitz<\/a>\u00a0(24.1.2020)<\/li>\n<li><a title=\"IS\" href=\"https:\/\/www.freiburg-schwarzwald.de\/blog\/religion\/islam\/is\/\">Islamisten drohen damit, Rom zu erobern \u2013 VIDEO<\/a>\u00a0(19.1.2020)<\/li>\n<li><a href=\"https:\/\/www.freiburg-schwarzwald.de\/blog\/jerusalem-brandenburger-tor\/\">https:\/\/www.freiburg-schwarzwald.de\/blog\/jerusalem-brandenburger-tor\/<\/a> (16.12.2017)<\/li>\n<li>In der Al-Aqsa-Moschee in Jerusalem (5.10.2015)<\/li>\n<li><a title=\"Jerusalem-Altstadt\" href=\"https:\/\/www.freiburg-schwarzwald.de\/blog\/global\/israel\/israel2013\/jerusalem-altstadt\/\">B\u00fcrgerreise von Freiburg in Jerusalems Altstadt<\/a> &gt;Jerusalem-Altstadt (26.10.2013)<\/li>\n<li>Friedensdienst in Jerusalem (13.6.2013)<\/li>\n<li><a href=\"https:\/\/www.freiburg-schwarzwald.de\/jerusalem\/jerusalem3.htm\">Neues zur Jerusalem-Seite ab 1.1.2005<\/a> &gt;Jerusalem3<\/li>\n<li><a href=\"https:\/\/www.freiburg-schwarzwald.de\/jerusalem\/jerusalem2.htm\">&#8222;Gutachten&#8220; und Meinungen zu Jerusalem<\/a> &gt;Jerusalem2<\/li>\n<li><a href=\"https:\/\/www.freiburg-schwarzwald.de\/jerusalem\/jerusalem1.htm\">Aktuelle Information zu Beit Jala<\/a> &gt;Jerusalem1<\/li>\n<li><a href=\"https:\/\/www.freiburg-schwarzwald.de\/jerusalem\/#Gedenksteine f\u00fcr Gurs vom St.Ursula-Gymnasium\">Gedenksteine f\u00fcr Gurs in S\u00fcdfrankreich<\/a>\u00a0&gt;Gurs (22.10.2005)<\/li>\n<li><a href=\"https:\/\/www.freiburg-schwarzwald.de\/jerusalem.htm\">www.freiburg-schwarzwald.de\/jerusalem.htm<\/a> &gt;Archivseite Jerusalem<\/li>\n<li><a href=\"https:\/\/www.freiburg-schwarzwald.de\/jerusalem\/#Pal\u00e4stina: Grenzen\">Pal\u00e4stina &#8211; Grenzen<\/a><\/li>\n<li><a href=\"https:\/\/www.freiburg-schwarzwald.de\/jerusalem\/#Al-Bushra - Arab American Roman Catholic Community in California, USA.\">Al-Bushra &#8211; Arab American Roman Catholic Community in California, USA<\/a>.<\/li>\n<li><a href=\"https:\/\/www.freiburg-schwarzwald.de\/jerusalem\/#Beit Jala - Abrahams House\">Beit Jala &#8211; Abraham&#8217;s House<\/a><\/li>\n<li><a href=\"https:\/\/www.freiburg-schwarzwald.de\/jerusalem\/#Connection e.V. fordert Asyl f\u00fcr Kriegsdienstverweigerer\">Connection e.V.\u00a0 fordert Asyl f\u00fcr Kriegsdienstverweigerer<\/a><\/li>\n<li><a href=\"https:\/\/www.freiburg-schwarzwald.de\/jerusalem\/#Ev. Studentengemeinde Freiburg - Seelsorger\">Evangelische Studentengemeinde Freiburg &#8211; Seelsorger<\/a><\/li>\n<li><a href=\"https:\/\/www.freiburg-schwarzwald.de\/jerusalem\/#Evangelisch-Lutherische Propstei Jerusalem - Erl\u00f6serkirche\">Evangelisch-Lutherische Propstei Jerusalem &#8211; Erl\u00f6serkirche<\/a><\/li>\n<li><a href=\"https:\/\/www.freiburg-schwarzwald.de\/jerusalem\/#Hagia Maria Sion Abbey - Benediktinerabtei in Jerusalem\">Hagia Maria Sion Abbey &#8211; Benediktinerabtei in Jerusalem<\/a><\/li>\n<li><a href=\"https:\/\/www.freiburg-schwarzwald.de\/jerusalem\/#Internationale Christliche Botschaft Jerusalem\">Internationale Christliche Botschaft Jerusalem<\/a><\/li>\n<li><a href=\"https:\/\/www.freiburg-schwarzwald.de\/jerusalem\/#Jerusalemer Tagebuch von Pfarrer R\u00fcdiger Scholz\">Jerusalemer Tagebuch von Pfarrer R\u00fcdiger Scholz<\/a> (3.2.2004)<\/li>\n<li><a href=\"https:\/\/www.freiburg-schwarzwald.de\/jerusalem\/#Middle East Media Research Institute (MEMRI)\">Middle East Media Research Institute (MEMRI)<\/a><\/li>\n<li><a href=\"https:\/\/www.freiburg-schwarzwald.de\/jerusalem\/#nai - Presseagentur Nachrichten aus Israel\">nai &#8211; Presseagentur &#8222;Nachrichten aus Israel&#8220;<\/a><\/li>\n<li>Freiwiliger \u00d6kumenischer Friedensdienst<\/li>\n<li>Schmidt-Schule f\u00fcr pal\u00e4stinensische M\u00e4dchen in Jerusalem<\/li>\n<li><\/li>\n<li><a title=\"Auschwitz1945-2020\" href=\"https:\/\/www.freiburg-schwarzwald.de\/blog\/kultur\/erinnerungskultur\/auschwitz1945-2020\/\">Auschwitz1945-2020<\/a><\/li>\n<li><a href=\"https:\/\/www.freiburg-schwarzwald.de\/blog\/kultur\/kulturverlust\/cancelculture-literatur\/\">CancelCulture-Literatur<\/a><\/li>\n<li><a title=\"Israel\" href=\"https:\/\/www.freiburg-schwarzwald.de\/blog\/global\/israel\/\">Israel<\/a><\/li>\n<li><a title=\"Istanbul1453\" href=\"https:\/\/www.freiburg-schwarzwald.de\/blog\/religion\/islam\/istanbul1453\/\">Istanbul1453<\/a><\/li>\n<li><a title=\"Juden\" href=\"https:\/\/www.freiburg-schwarzwald.de\/blog\/religion\/juden\/\">Juden &#8211; Verst\u00e4ndigung<\/a> &gt;Juden<\/li>\n<li><a title=\"Religion\" href=\"https:\/\/www.freiburg-schwarzwald.de\/blog\/religion\/\">Religion &#8211; Fragen<\/a> &gt;Religion<\/li>\n<li><a href=\"https:\/\/www.freiburg-schwarzwald.de\/blog\/global\/israel\/tempelberg\/\">Tempelberg<\/a><\/li>\n<\/ul>\n<p>&nbsp;<\/p>\n<p><strong>In der Al-Aqsa-Moschee in Jerusalem<\/strong><\/p>\n<p>Einer der obersten sunnitischen <a title=\"Islam-Reformen\" href=\"https:\/\/www.freiburg-schwarzwald.de\/blog\/religion\/islam\/islam-reformen\/\">Imame<\/a>, Scheich Muhammad Ayed in der Al-Aqsa-Moschee in Jerusalem, September 2015:<br \/>\n\u201eSie [die Europ\u00e4er] haben ihre Fruchtbarkeit verloren, deswegen verlangen sie nach unserer.<br \/>\nWir werden mit ihnen [ihren Frauen] Kinder zeugen, weil wir ihre L\u00e4nder erobern werden.\u201c<br \/>\n5.10.2015,\u00a0<a href=\"https:\/\/www.politikversagen.net\/nie-gefragt-ob-wir-einwanderungsland-werden-wollen\">https:\/\/www.politikversagen.net\/nie-gefragt-ob-wir-einwanderungsland-werden-wollen<\/a><\/p>\n<p>&nbsp;<\/p>\n<p><strong>Freiwiliger \u00d6kumenischer Friedensdienst<\/strong><\/p>\n<p>Die Arbeitsstelle Frieden im\u00a0Evangelischen Kinder- und Jugendwerk Baden bietet rund 30 Pl\u00e4tze f\u00fcr einen Freiwilligendienst in Italien, Israel, Argentinien, Uruguay,\u00a0Nicaragua und Costa Rica&#8230;.<br \/>\nIn Jerusalem bieten wir in Kooperation mit der dortigen deutschen evangelischen Gemeinde vier Pl\u00e4tze mit unterschiedlichen Schwerpunkten. Eine weitere M\u00f6glichkeit besteht darin, im Behindertendorf Kfar Tikva im Norden Israels mitzuarbeiten.<br \/>\n<a href=\"https:\/\/freiwillige-vor.org\/einsatzland\/israel.2\">https:\/\/freiwillige-vor.org\/einsatzland\/israel.2<\/a><br \/>\n<a href=\"https:\/\/www.freiwillige-vor.de\">www.freiwillige-vor.de<\/a><\/p>\n<p>&nbsp;<\/p>\n<p><strong>Schmidt-Schule f\u00fcr pal\u00e4stinensische M\u00e4dchen in Jerusalem<\/strong><\/p>\n<p>Die 1886 von dem deutschen Pater Wilhelm Schmidt f\u00fcr \u201carabische M\u00e4dchen\u201d gegr\u00fcndete Schule gegen\u00fcber dem Damaskustor b\u00fcndelt drei starke konstitutive Elemente\u00a0 \u2013 das Katholische,\u00a0 das Deutsche und das Pal\u00e4stinensische &#8211;\u00a0 zu einer besonderen Einheit.<br \/>\n<a href=\"https:\/\/www.heilig-land-verein.de\/Einrichtungen\/Schmidt-Schule\/Die_Schule\/die_schule.html\">https:\/\/www.heilig-land-verein.de\/Einrichtungen\/Schmidt-Schule\/Die_Schule\/die_schule.html<\/a><\/p>\n<p>&nbsp;<\/p>\n<p>&nbsp;<\/p>\n<p dir=\"ltr\"><strong>Friedensdienst in Jerusalem<\/strong><\/p>\n<p>Seit 8 Monaten lebe ich jetzt schon im Heiligen Land, der kontrastreichsten und verr\u00fccktesten\u00a0Stadt, die ich kenne, und schon lange h\u00f6re ich nicht mehr morgens vor Sonnenaufgang den Muezzin, wundere mich nicht \u00fcber Pilger, die Kreuze auf dem R\u00fccken tragen und singend durch die Stra\u00dfen laufen oder j\u00fcdisch-orthodoxe M\u00e4nner, die den Kopf wegdrehen, wenn sie mir entgegenkommen und mir nur ihre H\u00fcte und Schl\u00e4fenlocken zu wenden; schon l\u00e4ngst habe ich mich daran gew\u00f6hnt an schwer bewaffneten Soldaten vorbei zu dr\u00e4ngeln, zehn Sprachen gleichzeitig zu h\u00f6ren, f\u00fcr die eigene Haust\u00fcr anstehen zu m\u00fcssen und an einem gew\u00f6hnlichen Sonntagsausflug am Checkpoint zu warten.<br \/>\nMitten im lauten und orientalischen Treiben des suq (arabisch f\u00fcr Markt) in der Jerusalemer Altstadt arbeite und wohne ich in der dt. ev. Erl\u00f6serkirche. Die T\u00e4tigkeiten sind vielf\u00e4ltig, \u00a0Eigeninitiative und Selbstst\u00e4ndigkeit sind gefragt: beim Hausmeister, im Gemeindeb\u00fcro, bei Konzerten und Veranstaltungen, Mittagsandachten f\u00fcr Touristen, Kindergottesdiensten oder Rezeptionsdienste. Einen Tag die Woche arbeite ich im Auguste-Victoria Caf\u00e9 auf dem \u00d6lberg. Es baut rein auf Volont\u00e4re auf und der Gewinn wird an Projekte in Israel, Pal\u00e4stina und Gaza gespendet.\u00a0\u00a0In Jerusalem zu leben ist eine Herausforderung und es ist schwer den Alltag zu beschreiben. Die Stadt ist sehr religi\u00f6s, j\u00fcdisch, muslimisch und christlich, und ich bin immer angehalten angemessen gekleidet zu sein und mich richtig und respektvoll zu verhalten. Ich bin immer zwischen den St\u00fchlen, da ich in Jerusalem gleichzeitig in Israel und Pal\u00e4stina lebe und ich bin immer politisch bewegt, da der Alltag vom Nahostkonflikt gepr\u00e4gt ist. Gleichzeitig bin ich immer am staunen, da sich hier so viel Unerwartetes versteckt. Wie zum Beispiel ein Freund von uns, ein ultra-orthodoxer Jude, der abends Anzug in Jeans und t-Shirt eintauscht, seine Schl\u00e4fenlocken unter eine Baseballcap steckt und dann in der Weststadt durch Bars und Kneipen zieht.<br \/>\nVor allem aber bin ich immer mehr begeistert und so gl\u00fccklich hier! Keine einzige Sekunde meiner bisherigen Zeit habe ich es bereut, mich auf etwas ganz Neues eingelassen zu haben. Erfahrungen und Eindr\u00fccke sind unglaublich intensiv und einmalig.<br \/>\nWenn ich Ihr Interesse an meiner Zeit, einem Freiwilligendienst oder an Israel und Pal\u00e4stina selbst geweckt habe, schreiben Sie mir an <a href=\"mailto:julialudwig12@gmail.com\">julialudwig12@gmail.com<\/a> oder lesen Sie meine ausf\u00fchrlicheren Berichte im Internet auf <a href=\"https:\/\/www.freiwillige-vor.org\/\">www.freiwillige-vor.org<\/a>. Ich freue mich immer \u00fcber Mails aus der Heimat!<br \/>\n13.6.2013, Julia Ludwig, Gemeindebrief\u00a0 der<a title=\"Auferstehung\" href=\"https:\/\/www.freiburg-schwarzwald.de\/blog\/religion\/kirchen\/auferstehung\/\"> Ev. Auferstehungsgemeinde FR-Littenweiler<\/a><\/p>\n","protected":false},"excerpt":{"rendered":"<p>Home &gt;Religion &gt;Jerusalem Juden d\u00fcrfen auf ihrem Tempelberg nicht beten? (11.1.2023) Israel Staatsraison \u2013 nur verbal\u00a0(15.5.2021) Synagogen angegriffen \u2013 Angst\u00a0(13.5.2021) Verweis auf Prophet Mohammed in Dantes \u201eG\u00f6ttlicher Kom\u00f6die\u201c gecancelt\u00a0(6.4.2021) Istanbul 1453 \u2013 Hannover 2020\u00a0(25.4.2020) Deutschland \u2013 Israel:\u00a0Staatsraison Identit\u00e4t\u00a0Geschichte Schuld\u00a0(30.1.2020) Historiker &hellip; <a href=\"https:\/\/www.freiburg-schwarzwald.de\/blog\/religion\/jerusalem\/\">Weiterlesen <span class=\"meta-nav\">&rarr;<\/span><\/a><\/p>\n","protected":false},"author":4,"featured_media":0,"parent":171,"menu_order":0,"comment_status":"open","ping_status":"closed","template":"","meta":{"footnotes":""},"class_list":["post-32334","page","type-page","status-publish","hentry"],"_links":{"self":[{"href":"https:\/\/www.freiburg-schwarzwald.de\/blog\/wp-json\/wp\/v2\/pages\/32334","targetHints":{"allow":["GET"]}}],"collection":[{"href":"https:\/\/www.freiburg-schwarzwald.de\/blog\/wp-json\/wp\/v2\/pages"}],"about":[{"href":"https:\/\/www.freiburg-schwarzwald.de\/blog\/wp-json\/wp\/v2\/types\/page"}],"author":[{"embeddable":true,"href":"https:\/\/www.freiburg-schwarzwald.de\/blog\/wp-json\/wp\/v2\/users\/4"}],"replies":[{"embeddable":true,"href":"https:\/\/www.freiburg-schwarzwald.de\/blog\/wp-json\/wp\/v2\/comments?post=32334"}],"version-history":[{"count":5,"href":"https:\/\/www.freiburg-schwarzwald.de\/blog\/wp-json\/wp\/v2\/pages\/32334\/revisions"}],"predecessor-version":[{"id":108429,"href":"https:\/\/www.freiburg-schwarzwald.de\/blog\/wp-json\/wp\/v2\/pages\/32334\/revisions\/108429"}],"up":[{"embeddable":true,"href":"https:\/\/www.freiburg-schwarzwald.de\/blog\/wp-json\/wp\/v2\/pages\/171"}],"wp:attachment":[{"href":"https:\/\/www.freiburg-schwarzwald.de\/blog\/wp-json\/wp\/v2\/media?parent=32334"}],"curies":[{"name":"wp","href":"https:\/\/api.w.org\/{rel}","templated":true}]}}