{"id":31453,"date":"2013-05-29T18:00:35","date_gmt":"2013-05-29T16:00:35","guid":{"rendered":"https:\/\/www.freiburg-schwarzwald.de\/blog\/?page_id=31453"},"modified":"2015-09-04T18:50:59","modified_gmt":"2015-09-04T16:50:59","slug":"frias","status":"publish","type":"page","link":"https:\/\/www.freiburg-schwarzwald.de\/blog\/bildung\/hochschulen\/universitaet\/frias\/","title":{"rendered":"Frias"},"content":{"rendered":"<p>Home &gt;<a title=\"Bildung\" href=\"https:\/\/www.freiburg-schwarzwald.de\/blog\/bildung\/\">Bildung<\/a> &gt;<a title=\"Hochschulen\" href=\"https:\/\/www.freiburg-schwarzwald.de\/blog\/bildung\/hochschulen\/\">Hochschulen<\/a> &gt;<a title=\"Universitaet\" href=\"https:\/\/www.freiburg-schwarzwald.de\/blog\/bildung\/hochschulen\/universitaet\/\">Universitaet<\/a> &gt;Frias<\/p>\n<div id=\"attachment_29938\" style=\"width: 648px\" class=\"wp-caption alignnone\"><a href=\"https:\/\/www.freiburg-schwarzwald.de\/blog\/regio\/freiburg\/wiehre\/herdern9muenster-pan130510-2\/\" rel=\"attachment wp-att-29938\"><img loading=\"lazy\" decoding=\"async\" aria-describedby=\"caption-attachment-29938\" class=\"size-full wp-image-29938\" title=\"herdern9muenster-pan130510\" src=\"https:\/\/www.freiburg-schwarzwald.de\/blog\/wp-content\/uploads\/2013\/04\/herdern9muenster-pan130510.jpg\" alt=\"\" width=\"638\" height=\"269\" srcset=\"https:\/\/www.freiburg-schwarzwald.de\/blog\/wp-content\/uploads\/2013\/04\/herdern9muenster-pan130510.jpg 638w, https:\/\/www.freiburg-schwarzwald.de\/blog\/wp-content\/uploads\/2013\/04\/herdern9muenster-pan130510-180x75.jpg 180w\" sizes=\"auto, (max-width: 638px) 100vw, 638px\" \/><\/a><p id=\"caption-attachment-29938\" class=\"wp-caption-text\">Blick von Herdern nach S\u00fcden \u00fcber das M\u00fcnster zum Sch\u00f6nberg am 10.5.2013 &#8211; Wiehre links<\/p><\/div>\n<ul>\n<li>Frias bekommt 3.3 Mio Euro aus Br\u00fcssel (29.5.2013)<\/li>\n<li><a href=\"https:\/\/www.freiburg-schwarzwald.de\/littenweiler\/universitaet1.htm#Frias startet - soll gr\u00f6\u00dftes Wissenschaftskolleg Deutschlands werden\">Frias startet &#8211; soll gr\u00f6\u00dftes Wissenschaftskolleg Deutschlands werden<\/a> &gt;Universitaet1 (7.5.08)<\/li>\n<li>Frias &#8211; Freiburg Institute for Advanced Studies<\/li>\n<li><a title=\"Doktorand\" href=\"https:\/\/www.freiburg-schwarzwald.de\/blog\/bildung\/hochschulen\/universitaet\/doktorand\/\">Doktorand<\/a><\/li>\n<\/ul>\n<p>&nbsp;<\/p>\n<p><strong>Frias &#8211; Freiburg Institute for Advanced Studies<\/strong><\/p>\n<p>Die Universit\u00e4t Freiburg hat am 5.5.2008 ihr internationales Forschungskolleg &#8222;Freiburg Institute of Advanced Studies&#8220; (Frias) er\u00f6ffnet. Dieses Institut ist zentraler Baustein des Zukunftskonzepts, mit dem die Universit\u00e4t im Herbst vergangenen Jahres in der Exzellenzinitiative von Bund und L\u00e4ndern Erfolg hatte. Frias werde zum gr\u00f6\u00dften deutschen Wissenschaftskolleg, erkl\u00e4rte gestern Andreas Vo\u00dfkuhle, bis Mittwochmittag noch Rektor der Universit\u00e4t und anschlie\u00dfend Vizepr\u00e4sident des Bundesverfassungsgerichts. Bis zu 60 Wissenschaftler aus aller Welt sollen an der Uni einen R\u00fcckzugsraum erhalten, um sich zeitlich befristet auf Forschung konzentrieren zu k\u00f6nnen. Damit, so Vo\u00dfkuhle, werde die Universit\u00e4t auch gegen\u00fcber au\u00dferuniversit\u00e4ren. Frias-Direktor ist der Germanistikprofessor Werner Frick.<\/p>\n<p>Das Freiburg Institute for Advanced Studies (FRIAS) bildet das Herzst\u00fcck des Zukunftskonzeptes \u201eWindows for Research\u201c, mit dem die Universit\u00e4t Freiburg im Oktober 2007 in der Exzellenzinitiative des Bundes und der L\u00e4nder erfolgreich war. Als integraler Bestandteil der Universit\u00e4t Freiburg vereint das Forschungskolleg besonders profilierte Forschungsbereiche der Albert-Ludwigs-Universit\u00e4t in seinen vier Sektionen: der School of History, der School of Language &amp; Literature, der School of Life Sciences \u2013 LifeNet und der School of Soft Matter Research.<br \/>\n<a href=\"https:\/\/www.frias.uni-freiburg.de\">www.frias.uni-freiburg.de<\/a><\/p>\n<p>&nbsp;<\/p>\n<p>&nbsp;<\/p>\n<p><strong>Frias bekommt 3.3 Mo Euro aus Br\u00fcssel<\/strong><\/p>\n<p>Freiburger Institut bewirbt sich erfolgreich um F\u00f6rderprogramm der Europ\u00e4ischen Union.\u00a0Das Freiburg Institute for Advanced Studies (Frias) bekommt 2014 bis 2019 aus einem EU-Fond bis zu 3,3 Millionen Euro f\u00fcr internationale Fellowships. Das gab Frias-Gesch\u00e4ftsf\u00fchrer Carsten Dose am Dienstag bekannt. Damit k\u00f6nne das Institut j\u00e4hrlich bis zu 20 Fellowships f\u00fcr Gastwissenschaftler finanzieren. Das Institut habe sich mit seinem Antrag im Wettbewerb gegen starke Konkurrenz durchgesetzt.<br \/>\nDie EU will mit dem Programm die Mobilit\u00e4t von Wissenschaftlern im europ\u00e4ischen Forschungsraum erh\u00f6hen. Das sei auch die Grundidee des Frias. &#8222;Die Wissenschaft&#8220;, so Dose, &#8222;profitiert enorm von l\u00e4ngeren Gastaufenthalten \u00fcber L\u00e4ndergrenzen hinweg. So k\u00f6nnen vielf\u00e4ltige Netzwerke f\u00fcr Forschungskooperationen entstehen.&#8220; F\u00fcr das Institut \u2013 es war wegen mangelnder Anbindung an die Mutteruniversit\u00e4t im Exzellenzwettbewerb 2012 in Ungnade gefallen \u2013 sei die F\u00f6rderung ein wichtiger Schritt auf dem Weg zur langfristigen Sicherung seiner Arbeitsm\u00f6glichkeiten. Hermann Grabert, Vizesprecher des Direktoriums, erg\u00e4nzte: &#8222;Der Erfolg ist ein weiterer Beleg f\u00fcr die hohe Anerkennung, die das Frias international genie\u00dft. Das neue Programm passt sehr gut zur Neuausrichtung des Instituts, weil es f\u00fcr Bewerbungen aus allen Disziplinen offen ist.&#8220;<br \/>\n29.5.2013<!-- RSPEAK_STOP --><\/p>\n","protected":false},"excerpt":{"rendered":"<p>Home &gt;Bildung &gt;Hochschulen &gt;Universitaet &gt;Frias Frias bekommt 3.3 Mio Euro aus Br\u00fcssel (29.5.2013) Frias startet &#8211; soll gr\u00f6\u00dftes Wissenschaftskolleg Deutschlands werden &gt;Universitaet1 (7.5.08) Frias &#8211; Freiburg Institute for Advanced Studies Doktorand &nbsp; Frias &#8211; Freiburg Institute for Advanced Studies Die &hellip; <a href=\"https:\/\/www.freiburg-schwarzwald.de\/blog\/bildung\/hochschulen\/universitaet\/frias\/\">Weiterlesen <span class=\"meta-nav\">&rarr;<\/span><\/a><\/p>\n","protected":false},"author":4,"featured_media":0,"parent":4809,"menu_order":0,"comment_status":"open","ping_status":"closed","template":"","meta":{"footnotes":""},"class_list":["post-31453","page","type-page","status-publish","hentry"],"_links":{"self":[{"href":"https:\/\/www.freiburg-schwarzwald.de\/blog\/wp-json\/wp\/v2\/pages\/31453","targetHints":{"allow":["GET"]}}],"collection":[{"href":"https:\/\/www.freiburg-schwarzwald.de\/blog\/wp-json\/wp\/v2\/pages"}],"about":[{"href":"https:\/\/www.freiburg-schwarzwald.de\/blog\/wp-json\/wp\/v2\/types\/page"}],"author":[{"embeddable":true,"href":"https:\/\/www.freiburg-schwarzwald.de\/blog\/wp-json\/wp\/v2\/users\/4"}],"replies":[{"embeddable":true,"href":"https:\/\/www.freiburg-schwarzwald.de\/blog\/wp-json\/wp\/v2\/comments?post=31453"}],"version-history":[{"count":0,"href":"https:\/\/www.freiburg-schwarzwald.de\/blog\/wp-json\/wp\/v2\/pages\/31453\/revisions"}],"up":[{"embeddable":true,"href":"https:\/\/www.freiburg-schwarzwald.de\/blog\/wp-json\/wp\/v2\/pages\/4809"}],"wp:attachment":[{"href":"https:\/\/www.freiburg-schwarzwald.de\/blog\/wp-json\/wp\/v2\/media?parent=31453"}],"curies":[{"name":"wp","href":"https:\/\/api.w.org\/{rel}","templated":true}]}}