{"id":3116,"date":"2012-05-09T20:55:21","date_gmt":"2012-05-09T20:55:21","guid":{"rendered":"https:\/\/www.freiburg-schwarzwald.de\/blog\/?page_id=3116"},"modified":"2026-01-09T17:01:44","modified_gmt":"2026-01-09T16:01:44","slug":"brasilien","status":"publish","type":"page","link":"https:\/\/www.freiburg-schwarzwald.de\/blog\/global\/brasilien\/","title":{"rendered":"Brasilien"},"content":{"rendered":"<p><a href=\"https:\/\/www.freiburg-schwarzwald.de\/blog\">Home<\/a> &gt;<a title=\"Global\" href=\"https:\/\/www.freiburg-schwarzwald.de\/blog\/global\/\">Global<\/a> &gt;Brasilien<\/p>\n<div id=\"attachment_19987\" style=\"width: 648px\" class=\"wp-caption alignnone\"><a href=\"https:\/\/www.freiburg-schwarzwald.de\/blog\/global\/brasilien-2\/feldberg10grueble-herzogenhorn-pan130108\/\" rel=\"attachment wp-att-19987\"><img loading=\"lazy\" decoding=\"async\" aria-describedby=\"caption-attachment-19987\" class=\"size-full wp-image-19987\" title=\"feldberg10grueble-herzogenhorn-pan130108\" src=\"https:\/\/www.freiburg-schwarzwald.de\/blog\/wp-content\/uploads\/2013\/01\/feldberg10grueble-herzogenhorn-pan130108.jpg\" alt=\"\" width=\"638\" height=\"219\" srcset=\"https:\/\/www.freiburg-schwarzwald.de\/blog\/wp-content\/uploads\/2013\/01\/feldberg10grueble-herzogenhorn-pan130108.jpg 638w, https:\/\/www.freiburg-schwarzwald.de\/blog\/wp-content\/uploads\/2013\/01\/feldberg10grueble-herzogenhorn-pan130108-180x61.jpg 180w\" sizes=\"auto, (max-width: 638px) 100vw, 638px\" \/><\/a><p id=\"caption-attachment-19987\" class=\"wp-caption-text\">Blick vom Gr\u00fcblesattel am feldberg nach S\u00fcden \u00fcber das Herzogenhorn und den Hochrhein-Nebel zu den Alpen am 8.1.2013<\/p><\/div>\n<ul>\n<li><em>Listenauswahl eines Beitrags (Artikel\/Datum, Seite\/Inhalt): <span style=\"text-decoration: underline;\">Klicken<\/span> oder scrollen<\/em><\/li>\n<li><a href=\"https:\/\/www.freiburg-schwarzwald.de\/blog\/global\/suedamerika\/\">Venezuela V\u00f6lkerrecht Diktatur Interessen-\/Geopolitik<\/a>\u00a0(7.1.2026)<\/li>\n<li>Erwin Kr\u00e4utler: K\u00e4mpfer f\u00fcr die Natur und die Ureinwohner Brasiliens (12.7.2019)<\/li>\n<li>Brasilieninitiative Freiburg &#8211; BrasilienNachrichten (12.1.2013)<\/li>\n<li>Marco Keller&#8217;s Film KAHLSCHLAG &#8211;\u00a0Kampf um Brasiliens letzte W\u00e4lder<\/li>\n<\/ul>\n<p>&nbsp;<\/p>\n<p><strong>Erwin Kr\u00e4utler: K\u00e4mpfer f\u00fcr die Natur und die Ureinwohner Brasiliens<\/strong><br \/>\n<em>Der unerschrockene Bischof Erwin Kr\u00e4utler, Tr\u00e4ger des alternativen Nobelpreises, ist ein Kandidat f\u00fcr ein Kardinalsamt .<\/em><br \/>\nMit dem Tod bedroht wird Erwin Kr\u00e4utler schon lange, als 1987 ein Lastwagen in sein Auto kracht. Der 48-j\u00e4hrige Bischof \u00fcberlebt das Attentat schwer verletzt, im Wrack stirbt jedoch ein italienischer Priester. Kr\u00e4utler leitet seit 1981 die Territorialpr\u00e4latur Xingu im brasilianischen Bundesstaat Par\u00e1. Sie z\u00e4hlt zwar nur 400 000 Katholiken, doch sie ist mit 350 000 Quadratkilometer so gro\u00df wie Deutschland.<br \/>\nKr\u00e4utler setzt sich seit jeher am Amazonas gewaltfrei, aber entschieden ein gegen die Ausbeutung von Mensch und Natur. Einen Preis daf\u00fcr zahlt er erstmals 1983. Er wird von Polizisten des Milit\u00e4rregimes verpr\u00fcgelt, weil er gegen eine Rohrzuckerfabrik protestiert, die ihren Besch\u00e4ftigten die L\u00f6hne nicht bezahlt. 1995 wird in seinem Bischofshaus in Altamira sein Mitarbeiter Hubert Mattle ermordet. 2005 wird die amerikanische Ordensfrau und Umweltaktivistin Dorothy Stang erschossen. Auch sie hat gegen die Abholzung der Regenw\u00e4lder und die Rechte der Landlosen gek\u00e4mpft.<\/p>\n<p>Erwin Kr\u00e4utler bekennt sich trotz aller Gefahr (Polizeischutz bekommt er erst 2006) konsequent zur Theologie der Befreiung und lebt die von Papst Franziskus favorisierte &#8222;Option f\u00fcr die Armen&#8220; auch selbst. Sie resultiere aus der Erkenntnis, dass Gott kein ferner, sondern ein befreiender Gott sei f\u00fcr die &#8222;indigenen V\u00f6lker, Millionen von Armen, die halbtot am Wegesrand liegen&#8220;, wie der Bischof formulierte. Das biblische Motiv, sich &#8222;die Erde untertan zu machen&#8220;, ist f\u00fcr ihn kein Freibrief zum Ausbeuten zur Natur, sondern der Auftrag, die Erde zu pflegen und sie den kommenden Generationen zu erhalten.<br \/>\nErwin Kr\u00e4utler stammt aus dem vorarlbergischen Koblach in Di\u00f6zese Feldkirch; nach dem Abitur findet er zur Kongregation der Missionare vom Kostbaren Blut, wird nach seinem Studium der Theologie und der Philosophie in Salzburg 1965 zum Priester geweiht und geht umgehend als Missionar nach Brasilien. 1981 wird er Pr\u00e4sident des Indianer-Missionsrats der brasilianischen Bischofskonferenz, in der er rasch zu den profilierten Mitbr\u00fcdern z\u00e4hlt. Nicht zuletzt sein Einsatz gegen das geplante Staudammprojekt von Monte Belo am Rio Xingu macht ihn auch in Europa bekannt. Der Bischof k\u00e4mpfe &#8222;gegen das Kartell aus Holzf\u00e4llern, Farmern, Spekulanten, Politikern und Industrie&#8220;, formuliert die S\u00fcddeutsche Zeitung.<br \/>\nKr\u00e4utlers Erfahrungen am Amazonas animieren Papst Franziskus, ihn den Umweltteil der aufr\u00fcttelnden Enzyklika &#8222;Laudato s\u00ed&#8220; schreiben zu lassen. Der Bischof hilft auch, die anstehende Amazonas-Synode vorzubereiten. Ein Thema wird die Frage sein, ob der Vatikan angesichts des Priestermangels erstmals bereit ist, auch &#8222;viri probati&#8220; (im Leben, in der Familie und im Beruf bew\u00e4hrte M\u00e4nner) zu weihen. Kr\u00e4utler will nicht l\u00e4nger hinnehmen, dass der Z\u00f6libat Berufungen verhindert und im Urwald deshalb Pfarrgemeinden Monate auf einen Priester warten m\u00fcssen, der mit ihnen Eucharistie feiert. Und die katholische Frau solle, fordert er, wenigstens Diakonin werden d\u00fcrfen \u2013 schon jetzt werden zwei Drittel der 800 Gemeinden der Di\u00f6zese Xingu von Frauen geleitet.<br \/>\nErwin Kr\u00e4utler ist f\u00fcr sein beispielhaftes Wirken und sein gelebtes Christentum hoch dekoriert worden. Neben mehreren Ehrendoktoraten erhielt er den Erzbischof-Oscar-Romero-Preis, den Bruno-Kreisky-Preis f\u00fcr die Verdienste um die Menschenrechte und den Konrad-Lorenz-Preis f\u00fcr den Einsatz f\u00fcr das Unwiederbringliche in der Natur und in der Umwelt. Alle Auszeichnungen \u00fcberragt der &#8222;alternative Nobelpreis&#8220;, den er als zweiter brasilianischer Bischof nach Dom Helder Camara 2010 f\u00fcr seinen Einsatz f\u00fcr die Rechte der indigenen V\u00f6lker und f\u00fcr sein Engagement f\u00fcr den Schutz des Regenwaldes erhielt.<\/p>\n<p>Altersbedingt wurde Erwin Kr\u00e4utler vor f\u00fcnf Jahren als Bischof emeritiert, doch den Begriff Ruhestand kennt der kantig wirkende, eloquente Seelsorger auch seither nicht. Viele w\u00fcrden es begr\u00fc\u00dfen, bek\u00e4me er auch den Friedensnobelpreis. Denkbar w\u00e4re allerdings auch, dass Papst Franziskus diesen K\u00e4mpfer f\u00fcr die Erhaltung des Regenwalds zum Kardinal ernennt, je mehr Brasiliens neuer Pr\u00e4sident am Amazonas abholzen l\u00e4sst. An diesem Freitag feiert Erwin Kr\u00e4utler seinen 80. Geburtstag.<br \/>\n&#8230; Alles vom 12.7.2019 von Gerhard Kiefer bitte lesen auf<br \/>\n<a href=\"https:\/\/www.badische-zeitung.de\/ausland-1\/kaempfer-fuer-die-natur-und-die-ureinwohner-brasiliens--175224127.html\">https:\/\/www.badische-zeitung.de\/ausland-1\/kaempfer-fuer-die-natur-und-die-ureinwohner-brasiliens&#8211;175224127.html<\/a><\/p>\n<p><strong>Warum sind die Gr\u00fcnen nicht solidarisch mit Indianerbischof Erwin Kr\u00e4utler?<\/strong><br \/>\nGro\u00dfes Lob an die BZ f\u00fcr das noble Portr\u00e4t des \u00f6sterreichischen &#8222;Indianerbischofs&#8220; Erwin Kr\u00e4utler anl\u00e4sslich seines 80. Geburtstags. Der Autor zeichnet mit Empathie den jahrzehntelangen Kampf Kr\u00e4utlers gegen die Unterdr\u00fcckung der indigenen V\u00f6lker und gegen die Zerst\u00f6rung des Regenwaldes nach. Nun bin ich ins Gr\u00fcbeln gekommen: Warum erkl\u00e4ren sich die Gr\u00fcnen nicht solidarisch mit diesem Mann, der f\u00fcr die \u00c4rmsten der Armen gek\u00e4mpft hat und dies heute, im &#8222;Unruhestand&#8220;, immer noch tut? Den Schutz entrechteter Menschen und des Regenwaldes haben sich die Gr\u00fcnen doch auf ihre Fahnen geschrieben. Zum Schluss bleibt zu hoffen, dass Bischof Kr\u00e4utlers \u2013 auch in kirchenfernen Kreisen hochgesch\u00e4tzte \u2013 mahnende Stimme noch lange nicht verstummt.<br \/>\n27.7.2019, Christine Gromer, Stegen<\/p>\n<p>.<\/p>\n<p><strong>Brasilieninitiative Freiburg &#8211; BrasilienNachrichten<\/strong><\/p>\n<p>Die Brasilieninitiative Freiburg e.V. zeigt Ihnen hier ein anderes Bild Brasiliens, abseits von Karneval und <a title=\"Fussball\" href=\"https:\/\/www.freiburg-schwarzwald.de\/blog\/sport\/sportlern\/fussball\/\">Fussball<\/a>. Diese Seiten sollen nicht nur von uns unterst\u00fctzte Projekte darstellen, sondern auch aktuelle Informationen und Lesenswertes enthalten. Brasilieninitiative.de gibt Ihnen eine M\u00f6glichkeit, Interessantes \u00fcber Brasilien zu erfahren bzw. hilft Ihnen bei der Suche nach Informationen.<br \/>\n<a href=\"https:\/\/www.brasilieninitiative.de\/\" target=\"_blank\" rel=\"noopener\">www.brasilieninitiative.de<\/a><\/p>\n<p>Die BrasilienNachrichten werden von der Brasilieninitiative Freiburg e.V., Inhaberin des DZI-Spendensiegels, herausgegeben und erscheinen nunmehr seit \u00fcber 30 Jahren. Das zweimal j\u00e4hrlich erscheinende Magazin versucht der deutschen \u00d6ffentlichkeit ein differenzierteres Brasilien-Bild zu vermitteln. Dabei geht es darum den Klischees, die oft mit diesem Land verbunden sind, entgegenzuwirken und die vielf\u00e4ltigen Facetten aufzuzeigen. Entstanden zur Zeit der Milit\u00e4rdiktatur ist ein Anliegen, die Verwirklichung der Menschenrechte, bis heute aktuell geblieben und es gilt, diese immer wieder aufs Neue einzufordern. Zugleich sollen die Sch\u00f6nheiten dieses Landes nicht verschweigen werden. Die Redaktionsmitglieder besitzen selbst jahrzehntelange Erfahrung mit Brasilien. Die BrasilienNachrichten (<a href=\"https:\/\/www.brasiliennachrichten.de\">www.brasiliennachrichten.de<\/a> ) werden in ehrenamtlicher Arbeit erstellt. Auch namhafte Journalisten ver\u00f6ffentlichen inzwischen hierin Beitr\u00e4ge.<br \/>\nEin Abo (4 Ausgaben) kostet 20 \u20ac (inkl. Versandkosten) im Inland, 30 \u20ac innerhalb Europas, 50 \u20ac Brasilien. Das Abo ist jederzeit k\u00fcndbar. Bankverbindung:<br \/>\n<strong>Volksbank Freiburg, Konto: 250 548 06, BLZ: 680 900 <\/strong><\/p>\n<p>&nbsp;<\/p>\n<p><strong>Marco Keller&#8217;s Film KAHLSCHLAG &#8211;\u00a0Kampf um Brasiliens letzte W\u00e4lder<\/strong><\/p>\n<p>Der Freiburger Dokumentarfilmer Marco Keller stellt seinen neuen Film pers\u00f6nlich vor.<br \/>\nAnl\u00e4sslich der bundesweiten\u00a0 Kinover\u00f6ffentlichung von \/KAHLSCHLAG &#8211; Der Kampf um Brasiliens letzte\u00a0 W\u00e4lder \/wird der Regisseur Marco Keller auf einer Kinotour gemeinsam mit\u00a0 Menschenrechts- und Umweltorganisationen seinen Film vorstellen, um in\u00a0 einem anschlie\u00dfendem Publikumsgespr\u00e4ch das Thema des Films weiter zu\u00a0 erschlie\u00dfen und sich mit der Frage auseinanderzusetzen, inwieweit die\u00a0 Thematik auch uns betrifft.* Nun wird er auch den Film in seiner\u00a0 Wahlheimat Freiburg pr\u00e4sentieren.<br \/>\n\/KAHLSCHLAG &#8211; Der Kampf um Brasiliens letzte <a title=\"Wald\" href=\"https:\/\/www.freiburg-schwarzwald.de\/blog\/natur\/wald\/\">W\u00e4lder<\/a>\/ erz\u00e4hlt\u00a0 eindrucksvoll von den Auswirkungen einer\u00a0intensiven und\u00a0 exportorientierten Landwirtschaft auf die Ureinwohner Brasiliens.\u00a0 Sojaanbau, Landkonflikte, Umweltzerst\u00f6rung und ihre globalen\u00a0 Zusammenh\u00e4nge werden eindringlich von den Betroffenen selbst\u00a0 dargestellt.**Der Film zeigt, wie sich die Ureinwohner mit der Tatsache\u00a0konfrontiert sehen, ihre Lebensgrundlage zu verlieren. An den Rand\u00a0 gedr\u00e4ngt und ihrer Kultur weitgehend beraubt, versuchen sie ein letztes\u00a0 St\u00fcck Identit\u00e4t zu bewahren. \/KAHLSCHLAG &#8211; Der Kampf um Brasiliens\u00a0 letzte W\u00e4lder\/ist ein Film, der trotz seiner h\u00f6chst komplexen Thematik\u00a0 zu ber\u00fchren versteht und zu einer gesellschaftlichen Diskussion einl\u00e4dt.\u00a0 Er lief allein im letzten Jahr auf sieben nationalen und internationalen\u00a0Festivals und wurde mit der GOLDENEN FILMSPULE ausgezeichnet.**Nach &#8222;Die\u00a0 roten Drachen und das Dach der Welt&#8220; bringt der Regisseur Marco Keller\u00a0 nun seinen zweiten Kinofilm ohne \u00f6ffentliche F\u00f6rderung und Verleih\u00a0 bundesweit in die Kinos.<\/p>\n<p>Am Do, dem 10.05., Sa, dem 12.05. und Mi, dem 16.05.\u00a0 jeweils um 21.15 Uhr ist \/KAHLSCHLAG &#8211; Der Kampf um Brasiliens letzte W\u00e4lder\/ im Podium\u00a0der Harmonie zu sehen. Am Samstag, dem 12.05. 2012 wird der Freiburger Regisseur anwesend sein und seinen Film pers\u00f6nlich vorstellen<\/p>\n<p>Coreoperation &#8211; Bewegte und bewegende Bilder Kinovertrieb Kahlschlag<br \/>\nB\u00fcro Freiburg\u00a0\u00a0\u00a0\u00a0\u00a0 (+49) 0761\/48976882<br \/>\n<a href=\"https:\/\/www.kahlschlag-derfilm.de\/\">www.kahlschlag-derfilm.de<\/a><br \/>\n<a href=\"https:\/\/www.facebook.com\/Kahlschlag\">https:\/\/www.facebook.com\/Kahlschlag<\/a><\/p>\n","protected":false},"excerpt":{"rendered":"<p>Home &gt;Global &gt;Brasilien Listenauswahl eines Beitrags (Artikel\/Datum, Seite\/Inhalt): Klicken oder scrollen Venezuela V\u00f6lkerrecht Diktatur Interessen-\/Geopolitik\u00a0(7.1.2026) Erwin Kr\u00e4utler: K\u00e4mpfer f\u00fcr die Natur und die Ureinwohner Brasiliens (12.7.2019) Brasilieninitiative Freiburg &#8211; BrasilienNachrichten (12.1.2013) Marco Keller&#8217;s Film KAHLSCHLAG &#8211;\u00a0Kampf um Brasiliens letzte W\u00e4lder &hellip; <a href=\"https:\/\/www.freiburg-schwarzwald.de\/blog\/global\/brasilien\/\">Weiterlesen <span class=\"meta-nav\">&rarr;<\/span><\/a><\/p>\n","protected":false},"author":2,"featured_media":0,"parent":27,"menu_order":0,"comment_status":"open","ping_status":"closed","template":"","meta":{"footnotes":""},"class_list":["post-3116","page","type-page","status-publish","hentry"],"_links":{"self":[{"href":"https:\/\/www.freiburg-schwarzwald.de\/blog\/wp-json\/wp\/v2\/pages\/3116","targetHints":{"allow":["GET"]}}],"collection":[{"href":"https:\/\/www.freiburg-schwarzwald.de\/blog\/wp-json\/wp\/v2\/pages"}],"about":[{"href":"https:\/\/www.freiburg-schwarzwald.de\/blog\/wp-json\/wp\/v2\/types\/page"}],"author":[{"embeddable":true,"href":"https:\/\/www.freiburg-schwarzwald.de\/blog\/wp-json\/wp\/v2\/users\/2"}],"replies":[{"embeddable":true,"href":"https:\/\/www.freiburg-schwarzwald.de\/blog\/wp-json\/wp\/v2\/comments?post=3116"}],"version-history":[{"count":1,"href":"https:\/\/www.freiburg-schwarzwald.de\/blog\/wp-json\/wp\/v2\/pages\/3116\/revisions"}],"predecessor-version":[{"id":143915,"href":"https:\/\/www.freiburg-schwarzwald.de\/blog\/wp-json\/wp\/v2\/pages\/3116\/revisions\/143915"}],"up":[{"embeddable":true,"href":"https:\/\/www.freiburg-schwarzwald.de\/blog\/wp-json\/wp\/v2\/pages\/27"}],"wp:attachment":[{"href":"https:\/\/www.freiburg-schwarzwald.de\/blog\/wp-json\/wp\/v2\/media?parent=3116"}],"curies":[{"name":"wp","href":"https:\/\/api.w.org\/{rel}","templated":true}]}}