{"id":30948,"date":"2013-05-24T08:55:59","date_gmt":"2013-05-24T06:55:59","guid":{"rendered":"https:\/\/www.freiburg-schwarzwald.de\/blog\/?page_id=30948"},"modified":"2014-05-06T10:51:52","modified_gmt":"2014-05-06T08:51:52","slug":"telefonseelsorge","status":"publish","type":"page","link":"https:\/\/www.freiburg-schwarzwald.de\/blog\/religion\/kirchen\/telefonseelsorge\/","title":{"rendered":"Telefonseelsorge"},"content":{"rendered":"<p><a href=\"https:\/\/www.freiburg-schwarzwald.de\/blog\">Home<\/a> &gt;<a title=\"Religion\" href=\"https:\/\/www.freiburg-schwarzwald.de\/blog\/religion\/\">Religion<\/a> &gt;<a title=\"Kirchen\" href=\"https:\/\/www.freiburg-schwarzwald.de\/blog\/religion\/kirchen\/\">Kirchen<\/a> &gt;<a title=\"Freiburg\" href=\"https:\/\/www.freiburg-schwarzwald.de\/blog\/regio\/freiburg\/\">Freiburg<\/a> &gt;Telefonseelsorge<\/p>\n<div id=\"attachment_30010\" style=\"width: 647px\" class=\"wp-caption alignnone\"><a href=\"https:\/\/www.freiburg-schwarzwald.de\/blog\/natur\/landwirt\/obstbau\/apfel\/apfelbluete3pan30501\/\" rel=\"attachment wp-att-30010\"><img loading=\"lazy\" decoding=\"async\" aria-describedby=\"caption-attachment-30010\" class=\"size-full wp-image-30010\" title=\"apfelbluete3pan30501\" alt=\"\" src=\"https:\/\/www.freiburg-schwarzwald.de\/blog\/wp-content\/uploads\/2012\/10\/apfelbluete3pan30501.jpg\" width=\"637\" height=\"275\" srcset=\"https:\/\/www.freiburg-schwarzwald.de\/blog\/wp-content\/uploads\/2012\/10\/apfelbluete3pan30501.jpg 637w, https:\/\/www.freiburg-schwarzwald.de\/blog\/wp-content\/uploads\/2012\/10\/apfelbluete3pan30501-180x77.jpg 180w\" sizes=\"auto, (max-width: 637px) 100vw, 637px\" \/><\/a><p id=\"caption-attachment-30010\" class=\"wp-caption-text\">Apfelbl\u00fcte am 1.Mai 2013 in Freiburg<\/p><\/div>\n<ul>\n<li>Telefonseelsorge Freiburg sucht dringend zus\u00e4tzliche neue Mitarbeiter (6.5.2014)\u00a0<\/li>\n<li><a href=\"https:\/\/www.freiburg-schwarzwald.de\/krise2.htm#Telefonseelsorge: \u00dcber 25 000 Anrufe in 2011 - immer gr\u00f6\u00dfer werdenden Not\">Telefonseelsorge: \u00dcber 25 000 Anrufe in 2011 &#8211; immer gr\u00f6\u00dfer werdenden Not<\/a> &gt;Krise2 (29.12.2011)<\/li>\n<li>Telefonseelsorge Freiburg: \u00fcber 50 Anrufe t\u00e4glich: 0800\/111 0 111 (13.5.2001)<\/li>\n<li><\/li>\n<li>Telefonseelsorge<\/li>\n<li>Leitungsduo der Telefonseelsorge Freiburg<\/li>\n<li><a title=\"Oekumene\" href=\"https:\/\/www.freiburg-schwarzwald.de\/blog\/religion\/oekumene\/\">\u00d6kumene<\/a> &gt;Oekumene<\/li>\n<\/ul>\n<p>&nbsp;<\/p>\n<p><strong>Telefonseelsorge<\/strong><br \/>\nKostenlose Rufnummern <a href=\"tel:08001110111\"><em><\/em>\u00a00800 1110111<\/a>\u00a0und\u00a0<a href=\"tel:08001110222\"><em><\/em> 0800 1110222<\/a><br \/>\n<a href=\"https:\/\/www.telefonseelsorge.de\/\">www.telefonseelsorge.de<\/a><br \/>\nHomepage der Freiburger Telefonseelsorge <a href=\"https:\/\/www.telefonseelsorge-freiburg.de\/\">www.telefonseelsorge-freiburg.de<\/a>.<\/p>\n<p>&nbsp;<\/p>\n<p><strong>Leitungsduo der Telefonseelsorge Freiburg<\/strong><\/p>\n<p>Pfarrerin Isabel Overmans als stellvertretende Leiterin und Pastoralreferent Helmut Ellensohn als Leiter die F\u00fchrungsverantwortung.<br \/>\nPfarrerin Isabel Overmans (58) war lange Jahre an der Freiburger Uniklinik als Krankenhausseelsorgerin t\u00e4tig. In Freiburg-Weingarten und im Stadtteil Rieselfeld war sie zuvor Gemeindepfarrerin. Die Theologin ist in Bioenergetik, Gespr\u00e4chspsychotherapie und als geistliche Begleiterin ausgebildet und l\u00e4sst sich derzeit zur Supervisorin qualifizieren.<br \/>\nDiplom-Theologe Helmut Ellensohn (50) war in Offenburg Klinikseelsorger und Leiter der Citypastoral. Davor war der Caritaswissenschaftler und Supervisor (DGfP) als Dekanatsreferent im Einsatz. Seit August 2012 ist er zudem Di\u00f6zesanbeauftragter der Telefonseelsorge f\u00fcr die Erzdi\u00f6zese Freiburg.<\/p>\n<p>\u00a0&#8212;&#8212;&#8212;&#8212;&#8212;&#8212;&#8212;&#8212;<\/p>\n<p><strong>Telefonseelsorge Freiburg sucht dringend zus\u00e4tzliche neue Mitarbeiter<\/strong><br \/>\nBei der seit 1976 bestehenden Telefonseelsorge Freiburg arbeiten ca 80 Ehrenamtliche rund um die Uhr am Telefon und \u00fcber den Internet-Chat.\u00a0 2012 wurden \u00fcber 20000 Anfragen entgegengenommen, also 55 Anrufe am Tag. Im Jahr 1980 waren er &#8222;nur&#8220; ca 3000 Anrufe.<br \/>\nDer Tr\u00e4gerverein wird\u00a0von beiden Kirchen finanziert mit 280000 Euro\/Jahr. Je 90000\u00a0von der katholischen Erzdi\u00f6zese Freiburg und der evangelischen Landeskirche Baden,\u00a044000 Euro von der kath. Gesamtkirchengemeinde,\u00a028000 Euro vom ev. Kirchenbezirk Freiburg und der Rest als Spenden. Ein Gro\u00dfteil davon wird verwendet f\u00fcr Miete, Geh\u00e4lter der Hauptamtlichen und die Ausbildung und Supervision der ehrenamtlichen Frauen und M\u00e4nner.<\/p>\n<p>&#8222;Nur 20 Prozent der Anrufer kommen durch&#8220; &#8211; deshalb sucht das Beraterteam dringend\u00a0neue Ehrenamtliche. Interessierte k\u00f6nnen sich informieren am Mittwoch, 14. Mai, 20 Uhr, katholische Gesamtkirchengemeinde, Jacob-Burkhard-Stra\u00dfe 13; Dienstag, 24. Juni, 19.30 Uhr, evangelische Friedensgemeinde, Hirzbergstra\u00dfe 1 a. Im Herbst 2014 soll ein neuer Kurs starten. Zeitlicher Aufwand: Im Ausbildungsjahr allw\u00f6chentlich ein Kurstag (3 bis 4 Stunden), danach vier Dienste im Monat (3 bis 4,5 Stunden) plus Nachtschicht. Infos:\u00a0<a title=\"\" href=\"https:\/\/www.telefonseelsorge-freiburg.de\/\" target=\"_blank\">https:\/\/www.telefonseelsorge-freiburg.de<\/a>\u00a0oder\u00a0\u00a00761\/73201.<\/p>\n<p>&nbsp;<\/p>\n<p><a name=\"Telefonseelsorge Freiburg: \u00fcber 50 Anrufe t\u00e4glich\"><\/a><strong>Telefonseelsorge Freiburg: \u00fcber 50 Anrufe t\u00e4glich: 0800\/111 0 111<\/strong><\/p>\n<p>In den 25 Jahren ihres Bestehens stieg die Zahl der Anrufe bei der <a href=\"https:\/\/www.freiburg-schwarzwald.de\/littenweiler\/notdienste.htm#Telefonseelsorge\">Telefonseelsorge Freiburg <\/a>von 2400 auf fast 20000 j\u00e4hrlich. \u201eWir w\u00fcnschen uns schon mehr M\u00f6glichkeiten, unsere Erfahrungen weiterzugeben\u201c, sagt Erich Biel. Diese Erfahrungen sind allerdings nicht leicht verdaulich. Denn zusammen mit Peter Kallenberger leitet der Theologe und Psychologe die Telefonseelsorge Freiburg. Und deren etwa 80 ehrenamtliche Mitarbeiterinnen bekommen einiges zu h\u00f6ren: 19&#8217;287 Gespr\u00e4che waren es im vergangenen Jahr, etwa 53 pro Tag und Nacht.<\/p>\n<p>Als die Telefonseelsorge (\u00fcbrigens der einzige \u00f6kumenische Verein in Freiburg)Anfang M\u00e4rz 1976 mit ihrem Angebot begann, registrierte sie im ersten Jahr 2400 Anrufe. Dass es 25 Jahre sp\u00e4ter fast 20&#8217;000 sind, hat nicht nur mit der epidemieartigen Verbreitung von Handys zu tun (die vor allem Jugendliche zu so genannten Scherz- und Testanrufen benutzen). Diese Zunahme an Hilfe erwartenden Anruferinnen und Anrufer (etwa doppelt so viele Frauen wie M\u00e4nner w\u00e4hlen die 0800\/111&#8217;0&#8217;111) steht auch f\u00fcr eine gesellschaftliche Ver\u00e4nderung. \u201eDie Komplexit\u00e4t ist gr\u00f6\u00dfer geworden, die Manipuliertheit, man braucht heute ein viel gr\u00f6\u00dferes Ma\u00df an Abgrenzung\u201c, hat Erich Biel beobachtet:<br \/>\n\u201eUnd es ist erheblich schwerer als vor zwanzig Jahren, einen eigenen Stand im Leben zu finden \u2013 da sind viele \u00fcberfordert.\u201c<br \/>\nDas zeigt sich auch an dem, was die Frauen (vorwiegend zwischen 25 und 60 Jahren) und M\u00e4nner (25 bis 50) zur Sprache bringen: seelische Krankheit (mehr als 3000 im vorigen Jahr), Familie\/Verwandtschaft und Partnerschaft (jeweils 1827), Einsamkeit\/Vereinsamung (1656) stehen da an der Spitze, gefolgt von Depression (891) und Angstzust\u00e4nden (702). \u201eDer Anstieg der Anrufe ist nur mit gesellschaftlichen Bedingungen zu erkl\u00e4ren\u201c, sagt Erich Biel: \u201eImmer mehr Menschen suchen eine Beheimatung, eine Verwurzelung, eine Orientierung.\u201c<br \/>\nOder, wie es Peter Kallenberger gleichsam als Kehrseite ausdr\u00fcckt: \u201eDie Stufe, von der Menschen aus so genannten Randgruppen runterfallen, ist h\u00f6her geworden \u2013 und 60-j\u00e4hrige M\u00e4nner ohne Arbeitsplatz oder psychisch Kranke schaffen\u2019s nicht mehr zur\u00fcckzuspringen.\u201c Vieltausendfach Menschen in ihrer je eigenen Not zu begleiten, \u201edamit sie ihre eigenen Ressourcen nutzen k\u00f6nnen\u201c (wie eine Mitarbeiterin ihre unentgeltliche Arbeit beschreibt) \u2013 nat\u00fcrlich betrachtet Erich Biel das als ein \u201eHoffnungszeichen\u201c. Freilich r\u00e4umt er auch ein: \u201eDie Telefonseelsorge leidet daran, dass sie nur individuell und nicht gesellschaftlich ver\u00e4ndernd wirken kann.\u201c Daf\u00fcr fehlten eben die M\u00f6glichkeiten, ihre Erfahrungen weiterzugeben. Eine Erfahrung, die \u201edie TS\u201c mit denen teilt, die sich Hilfe suchend an sie wenden: \u201eAn wen sollen wir uns denn in einer anonymen Gesellschaft wenden, damit sich etwas \u00e4ndert?\u201c<br \/>\nGerhard M. Kirk, Badische Zeitung, 15.3.2001<\/p>\n<p>&nbsp;<\/p>\n<p>&nbsp;<\/p>\n<p>&nbsp;<\/p>\n<p>&nbsp;<\/p>\n","protected":false},"excerpt":{"rendered":"<p>Home &gt;Religion &gt;Kirchen &gt;Freiburg &gt;Telefonseelsorge Telefonseelsorge Freiburg sucht dringend zus\u00e4tzliche neue Mitarbeiter (6.5.2014)\u00a0 Telefonseelsorge: \u00dcber 25 000 Anrufe in 2011 &#8211; immer gr\u00f6\u00dfer werdenden Not &gt;Krise2 (29.12.2011) Telefonseelsorge Freiburg: \u00fcber 50 Anrufe t\u00e4glich: 0800\/111 0 111 (13.5.2001) Telefonseelsorge Leitungsduo der &hellip; <a href=\"https:\/\/www.freiburg-schwarzwald.de\/blog\/religion\/kirchen\/telefonseelsorge\/\">Weiterlesen <span class=\"meta-nav\">&rarr;<\/span><\/a><\/p>\n","protected":false},"author":4,"featured_media":0,"parent":459,"menu_order":0,"comment_status":"open","ping_status":"closed","template":"","meta":{"footnotes":""},"class_list":["post-30948","page","type-page","status-publish","hentry"],"_links":{"self":[{"href":"https:\/\/www.freiburg-schwarzwald.de\/blog\/wp-json\/wp\/v2\/pages\/30948","targetHints":{"allow":["GET"]}}],"collection":[{"href":"https:\/\/www.freiburg-schwarzwald.de\/blog\/wp-json\/wp\/v2\/pages"}],"about":[{"href":"https:\/\/www.freiburg-schwarzwald.de\/blog\/wp-json\/wp\/v2\/types\/page"}],"author":[{"embeddable":true,"href":"https:\/\/www.freiburg-schwarzwald.de\/blog\/wp-json\/wp\/v2\/users\/4"}],"replies":[{"embeddable":true,"href":"https:\/\/www.freiburg-schwarzwald.de\/blog\/wp-json\/wp\/v2\/comments?post=30948"}],"version-history":[{"count":0,"href":"https:\/\/www.freiburg-schwarzwald.de\/blog\/wp-json\/wp\/v2\/pages\/30948\/revisions"}],"up":[{"embeddable":true,"href":"https:\/\/www.freiburg-schwarzwald.de\/blog\/wp-json\/wp\/v2\/pages\/459"}],"wp:attachment":[{"href":"https:\/\/www.freiburg-schwarzwald.de\/blog\/wp-json\/wp\/v2\/media?parent=30948"}],"curies":[{"name":"wp","href":"https:\/\/api.w.org\/{rel}","templated":true}]}}