{"id":30769,"date":"2013-05-22T20:53:57","date_gmt":"2013-05-22T18:53:57","guid":{"rendered":"https:\/\/www.freiburg-schwarzwald.de\/blog\/?page_id=30769"},"modified":"2021-08-13T08:52:20","modified_gmt":"2021-08-13T06:52:20","slug":"simonswald","status":"publish","type":"page","link":"https:\/\/www.freiburg-schwarzwald.de\/blog\/regio\/orte\/simonswald\/","title":{"rendered":"Simonswald"},"content":{"rendered":"<p>Home &gt;<a title=\"Regio\" href=\"https:\/\/www.freiburg-schwarzwald.de\/blog\/regio\/\">Regio<\/a> &gt;<a title=\"Orte\" href=\"https:\/\/www.freiburg-schwarzwald.de\/blog\/regio\/orte\/\">Orte<\/a>\u00a0&gt;Simonswald<\/p>\n<div id=\"attachment_30772\" style=\"width: 649px\" class=\"wp-caption alignnone\"><a href=\"https:\/\/www.freiburg-schwarzwald.de\/blog\/regio\/orte\/simonswald\/scheibenhof-simonswald-pan20408\/\" rel=\"attachment wp-att-30772\"><img loading=\"lazy\" decoding=\"async\" aria-describedby=\"caption-attachment-30772\" class=\"size-full wp-image-30772\" title=\"scheibenhof-simonswald-pan20408\" src=\"https:\/\/www.freiburg-schwarzwald.de\/blog\/wp-content\/uploads\/2013\/05\/scheibenhof-simonswald-pan20408.jpg\" alt=\"\" width=\"639\" height=\"212\" srcset=\"https:\/\/www.freiburg-schwarzwald.de\/blog\/wp-content\/uploads\/2013\/05\/scheibenhof-simonswald-pan20408.jpg 639w, https:\/\/www.freiburg-schwarzwald.de\/blog\/wp-content\/uploads\/2013\/05\/scheibenhof-simonswald-pan20408-180x59.jpg 180w\" sizes=\"auto, (max-width: 639px) 100vw, 639px\" \/><\/a><p id=\"caption-attachment-30772\" class=\"wp-caption-text\">Blick nach S\u00fcdwesten in Untersimonswald zum Scheibenhof (oben rechts) und Burgethof (links) 7\/2004<\/p><\/div>\n<div class=\"mceTemp\"><\/div>\n<ul>\n<li><a href=\"https:\/\/www.freiburg-schwarzwald.de\/blog\/wasserkraftwerk-zweribach-tot\/\">Wasserkraftwerk Zweribach: tot<\/a> (13.8.2021)<\/li>\n<\/ul>\n<div class=\"mceTemp\">\n<ul>\n<li><a href=\"https:\/\/www.freiburg-schwarzwald.de\/simonswald2.htm\">Aktuelle Infos zur Simonswald-Seite ab 9\/2005<\/a> &gt;Simonswald2<\/li>\n<li><a href=\"https:\/\/www.freiburg-schwarzwald.de\/simonswald1.htm\">Aktuelle Infos zur Simonswald-Seite ab 2004<\/a> &gt;Simonswald1<\/li>\n<li><a href=\"https:\/\/www.freiburg-schwarzwald.de\/simonswald.htm\">www.freiburg-schwarzwald.de\/simonswald.htm<\/a> &gt;Archivseite Simonswald<\/li>\n<li>Simonsw\u00e4lder Tal mit 3100 Einwohnern zwischen 300 m bis 1200 m<\/li>\n<li>Ortsgeschichte von Simonswald<\/li>\n<li><a href=\"https:\/\/www.freiburg-schwarzwald.de\/simonswald.htm#Obersimonswald\">Obersimonswald<\/a><\/li>\n<li><a href=\"https:\/\/www.freiburg-schwarzwald.de\/simonswald.htm#Altsimonswald - Simonswald-Ort\">Altsimonswald &#8211; Simonswald-Ort<\/a><\/li>\n<li><a href=\"https:\/\/www.freiburg-schwarzwald.de\/simonswald.htm#Untersimonswald\">Untersimonswald<\/a><\/li>\n<li><a href=\"https:\/\/www.freiburg-schwarzwald.de\/simonswald5.htm\">Bauernh\u00f6fe (Ferienwohnung, Hofladen, Brauchtum) im Simonsw\u00e4ldertal<\/a> &gt;Simonswald5<\/li>\n<li><a href=\"https:\/\/www.freiburg-schwarzwald.de\/mythen.htm\">Balzer Herrgott in Wildgutach<\/a> &gt;Mystik<\/li>\n<li><a href=\"https:\/\/www.freiburg-schwarzwald.de\/bergwerk.htm#Bergbau im Brettenbach, Elztal, Glottertal, Simonsw\u00e4ldertal\">Bergbau im Simonsw\u00e4ldertal<\/a> &gt;Bergwerk<\/li>\n<li><a href=\"https:\/\/www.freiburg-schwarzwald.de\/simonswald.htm#Schwarzwaldhorn-Camping in Simonswald\">Camping Schwarzwaldhorn in Simonswald<\/a><\/li>\n<li><a href=\"https:\/\/www.freiburg-schwarzwald.de\/simonswald.htm#Eisen-Schmelzwerke im Simonsw\u00e4lder Tal\">Eisen-Schmelzwerke im Simonsw\u00e4lder Tal<\/a><\/li>\n<li><a href=\"https:\/\/www.freiburg-schwarzwald.de\/simonswaldfewo.htm\">Ferienwohnungen im Simonsw\u00e4lder Tal<\/a> &gt;SimonswaldFewo<\/li>\n<li><a href=\"https:\/\/www.freiburg-schwarzwald.de\/simonswald.htm#Freibad in Altsimonswald\">Freibad in Altsimonswald<\/a><\/li>\n<li><a href=\"https:\/\/www.freiburg-schwarzwald.de\/simonswald.htm#Geschichte von Simonswald - DAS Buch\">Geschichte von Simonswald &#8211; DAS Buch<\/a><\/li>\n<li><a href=\"https:\/\/www.freiburg-schwarzwald.de\/elztal.htm#H\u00f6rnleberg - der heilige Berg des Elztals\">H\u00f6rnleberg &#8211; der heilige Berg des Elztals<\/a> &gt;Elztal<\/li>\n<li><a href=\"https:\/\/www.freiburg-schwarzwald.de\/wildgutach5.htm#Dreit\u00e4lerblick\">Dreit\u00e4lerblick: Wildgutach, Zweribach und Simonswald<\/a> &gt;Wildgutach5<\/li>\n<li><a href=\"https:\/\/www.freiburg-schwarzwald.de\/kilpen.htm\">Kilpen und Kilpachtal<\/a> &gt;Kilpen<\/li>\n<li><a href=\"https:\/\/www.freiburg-schwarzwald.de\/simonswald.htm#M\u00fchlen in Simonswald\">M\u00fchlen in Simonswald<\/a><\/li>\n<li><a href=\"https:\/\/www.freiburg-schwarzwald.de\/simonswald.htm#Ortsgeschichte von Simonswald\">Ortsgeschichte von Simonswald<\/a><\/li>\n<li><\/li>\n<li><a href=\"https:\/\/www.freiburg-schwarzwald.de\/ettersbach5.htm\">Ettersbachtal &#8211; Ortsteil<\/a> &gt;Ettersbach5<\/li>\n<li><a href=\"https:\/\/www.freiburg-schwarzwald.de\/griesbach5.htm\">Griesbachtal &#8211; Ortsteil<\/a> &gt;Griesbach5<\/li>\n<li><a href=\"https:\/\/www.freiburg-schwarzwald.de\/haslach5.htm\">Haslachtal &#8211; Ortsteil<\/a> &gt;Haslach5<\/li>\n<li><a href=\"https:\/\/www.freiburg-schwarzwald.de\/industrie1.htm#Trenkle-Uhren in Simonswald-Nonnenbach ehrt Mitarbeiter\">Kuckucksuhren &#8211; Trenkle-Uhren in Simonswald-Nonnenbach<\/a> &gt;Industrie1 (19.5.2005)<\/li>\n<li><a href=\"https:\/\/www.freiburg-schwarzwald.de\/nonnenbach5.htm\">Nonnenbachtal &#8211; Ortsteil<\/a> &gt;Nonnenbach5<\/li>\n<li><a href=\"https:\/\/www.freiburg-schwarzwald.de\/simonswald.htm#Simonswald - Worthing\/GB\">Partnerschaft Simonswald &#8211; Worthing\/GB<\/a><\/li>\n<li><a href=\"https:\/\/www.freiburg-schwarzwald.de\/siensbach.htm\">Siensbach<\/a> &gt;Siensbach<\/li>\n<li><a href=\"https:\/\/www.freiburg-schwarzwald.de\/simonswald.htm#Simonsw\u00e4lder M\u00fchlenwanderweg\">Simonsw\u00e4lder M\u00fchlenwanderweg<\/a> &gt;Zweribach<\/li>\n<li><a href=\"https:\/\/www.freiburg-schwarzwald.de\/untersimonswald5.htm\">Untersimonswald<\/a> &gt;Untersimonswald5<\/li>\n<li><a href=\"https:\/\/www.freiburg-schwarzwald.de\/wildgutach5.htm\">Wildgutach5 &#8211; Ortsteil<\/a> &gt;Wildgutach5<\/li>\n<li><a href=\"https:\/\/www.freiburg-schwarzwald.de\/simonswald.htm#Elztal und Simonsw\u00e4ldertal, unterwegs im Zweit\u00e4lerland\">Zweit\u00e4lerland &#8211; Elztal und Simonsw\u00e4ldertal<\/a> (15.3.2004)<\/li>\n<li>\n<p align=\"left\"><a href=\"https:\/\/www.freiburg-schwarzwald.de\/zweribach.htm\">Zweribach-Wasserf\u00e4lle in Ober-Simonswald<\/a> &gt;Zweribach<\/p>\n<\/li>\n<li>Links<\/li>\n<li><a title=\"Elztal\" href=\"https:\/\/www.freiburg-schwarzwald.de\/blog\/regio\/tal\/elztal\/\">Elztal<\/a><\/li>\n<li><a title=\"Glottertal\" href=\"https:\/\/www.freiburg-schwarzwald.de\/blog\/regio\/orte\/glotttertal\/\">Glottertal<\/a><\/li>\n<\/ul>\n<\/div>\n<p><a name=\"Simonsw\u00e4lder Tal mit 3100 Einwohnern zwischen 300 m bis 1200 m\"><\/a><strong>Simonsw\u00e4lder Tal mit 3100 Einwohnern zwischen 300 m bis 1200 m<\/strong><\/p>\n<p>Das Simonsw\u00e4ldertal liegt nord\u00f6stlich von Freiburg im Landkreis Emmendingen, ist staatlich anerkannter Erholungsort und zieht sich vom Taleingang hinauf bis zum 1140 Meter hohen Brend bzw. bis fast auf den Gipfel des Kandel (1249 m). Die Wilde Gutach, ein uriger Gebirgsbach, flie\u00dft durch das Tal mit seinen 3100 Einwohnern.<\/p>\n<p>Simonswald erreicht man \u00fcber die Autobahn A5, Abfahrt Freiburg Nord, Richtung Waldkirch auf der B 294. Oder von Osten \u00fcber die Schwarzwaldhochstrasse B 500 bis zur Passh\u00f6he Neueck, dann talabw\u00e4rts in das Simonsw\u00e4ldertal.\u00a0Mit dem Bus ab Freiburg Hauptbahnhof den Linienbus 7272 in Richtung Furtwangen nehmen &#8211; 25 km entfernt.<\/p>\n<p align=\"left\">Postleitzahlen f\u00fcr Simonswald: 79263 (Untersimonswald) 79263 (Unterd\u00f6rfle) 79263 (Haslachsimons-wald) 79263 (Wildgutach) 79263 (Ibichhof) 79263 (Kostgef\u00e4ll) 79263 (Neuenweg) 79263 (Gr\u00fcn) 79263 (Hintergriesbach) 79263 (Vordergriesbach) 79263 (Obertal) 79263 (Altsimonswald) 79263 (Elme) 79263 (Oberd\u00f6rfle) 79263 (Ettersbach) 79263 (Obernonnenbach) 79263 (Obersimonswald) 79263 (Nonnenbach) 79263 (Ibend\u00f6rfle).<\/p>\n<p align=\"left\">Das <a title=\"Elztal\" href=\"https:\/\/www.freiburg-schwarzwald.de\/blog\/regio\/tal\/elztal\/\">Elztal<\/a> und das Simonsw\u00e4lder Tal haben sich zur touristischen Gemeinschaft <a href=\"https:\/\/www.freiburg-schwarzwald.de\/simonswald.htm#ZweiT\u00e4lerLand - Tourismusverbund\">&#8222;Zweit\u00e4lerland&#8220;<\/a> zusammengeschlossen.<\/p>\n<p><strong>Ortsgeschichte von Simonswald<\/strong><\/p>\n<p><em>Die Geschichte von Simonswald &#8211; DAS Buch<\/em><br \/>\nAuch Simonswald feiert in diesem Jahr seine erste urkundliche Erw\u00e4hnung vor 825 Jahren. 13 Autoren haben die Geschichte auf 376 Seiten in allen Facetten dargestellt. Untersucht werden Geologie, Flora und Fauna, Besiedelung, Herrschaften, Burgen und Wehranlagen, die ehemalige Eisenschmelze und Glash\u00fctte, neuere Geschichte und Gegenwart. Zeitzeugenberichte illustrieren Begebenheiten und Lebensverh\u00e4ltnisse aus erster Hand. Komplettiert wird die Chronik von Kapiteln \u00fcber die Kirchen und Schulen, H\u00f6fe und Gasth\u00e4user, Familien- und Gewannnamen. Zahlreiche Fotos &#8211; vor allem aus der Sammlung von Hans-J\u00fcrgen Wehrle &#8211; sowie eine topographische Karte veranschaulichen Simonswald im Schwarzwald.<\/p>\n<p><em>\u00a0&#8222;Die Geschichte von Simonswald&#8220;.<\/em><br \/>\nHerausgeber: Gemeinde Simonswald\/Kreisarchivar Gerhard A. Auer. 45 Euro. Simonswald in alten Ansichten &#8211; Buch von Heimatforscher Hans-J\u00fcrgen Wehrle<br \/>\nDie Geschichte von Simonswald wird in der Literatur mit der Gr\u00fcndung des Klosters St. Margarethen in Waldkirch in Verbindung gebracht. Der Ort wird 1178 als Sigmanswald erstmals urkundlich erw\u00e4hnt. Der Simon vom Walde, eine legend\u00e4re Gestalt des Tales, der zum Kirchgang mit seinem Gefolge auf den Mauracherberg zur dortigen Kapelle geritten ist, ist f\u00fcr den heutigen Namen der Gemeinde Simonswald wohl der Ursprung. Ortsadel besteht seit 1300, dort wird ein Ritter Mathys von S\u00f6matzwalde erw\u00e4hnt. Die noch bestehende Schlossm\u00fchle und deren Flurnamen Schlossberg und Schlossmatte geben noch Zeugnis von dem Vorhandensein des Edelsitzes.<br \/>\nDie Gemeinden Alt-, Ober- und Untersimonswald geh\u00f6rten zur Landgrafschaft Breisgau. Haslach-Simonswald wird 1331 erstmals erw\u00e4hnt. Im Jahre 1805 wurden dieselben badisch. Vorher geh\u00f6rte das Gebiet zu Vorder\u00f6sterreich.<br \/>\nIm 14. und 15. Jarhundert grassierte im Ort die Pest und forderte furchtbare Opfer. Ebenso 1634, als die Simonsw\u00e4lder erfolgreich die Schweden im Krieg besiegten. Das Tal litt in der Zeit des 17. und 18. Jahrhunderts immer wieder unter Truppendurchz\u00fcgen und Brandschatzungen, gegen die sich die Bewohner mit oft blutigen Auseinandersetzungen wehrten.<br \/>\nDie bauliche Besiedelung der Gemeinde erfolgte vorwiegend durch Einzelh\u00f6fe in weiter Streulage. Erst nach und nach bildeten sich Hof- und H\u00e4usergruppen, die auch Weiler, D\u00f6rfle, Gewann oder Zinken genannt werden. Die Streulage ist auch heute noch eine charakteristische Siedlungsform im Simonsw\u00e4ldertal. Im Jahre 1550 siedelte sich eine Eisenschmelze im Ort an und brachte die Bev\u00f6lkerungszahl zum Wachsen. Wegen des Holzreichtums wurde das Eisen zur Verh\u00fcttung in den Wald gefahren. Sp\u00e4ter wurde das Werk aufgel\u00f6st und nach Kollnau verlegt. Geblieben sind nur noch die Familiennamen von damals: Stratz, Bockstahler, Nopper, alles Holzf\u00e4ller aus dem Tirolerland.<br \/>\nDer Ortsteil Wildgutach ist durch die Gemeindereform 1974 zu Simonswald gekommen. Davor war er dem Stift St.Peter unterstellt und wird im Jahre1111 urkundlich erw\u00e4hnt. In diesem Ortsteil war die Uhrenindustrie zu Hause bis zum heutigen Tage.<\/p>\n<p>Hans-J\u00fcrgen Wehrle, Heimatforscher, aus seinem Buch &#8222;Simonswald in alten Ansichten&#8220;<\/p>\n","protected":false},"excerpt":{"rendered":"<p>Home &gt;Regio &gt;Orte\u00a0&gt;Simonswald Wasserkraftwerk Zweribach: tot (13.8.2021) Aktuelle Infos zur Simonswald-Seite ab 9\/2005 &gt;Simonswald2 Aktuelle Infos zur Simonswald-Seite ab 2004 &gt;Simonswald1 www.freiburg-schwarzwald.de\/simonswald.htm &gt;Archivseite Simonswald Simonsw\u00e4lder Tal mit 3100 Einwohnern zwischen 300 m bis 1200 m Ortsgeschichte von Simonswald Obersimonswald Altsimonswald &hellip; <a href=\"https:\/\/www.freiburg-schwarzwald.de\/blog\/regio\/orte\/simonswald\/\">Weiterlesen <span class=\"meta-nav\">&rarr;<\/span><\/a><\/p>\n","protected":false},"author":4,"featured_media":0,"parent":363,"menu_order":0,"comment_status":"open","ping_status":"closed","template":"","meta":{"footnotes":""},"class_list":["post-30769","page","type-page","status-publish","hentry"],"_links":{"self":[{"href":"https:\/\/www.freiburg-schwarzwald.de\/blog\/wp-json\/wp\/v2\/pages\/30769","targetHints":{"allow":["GET"]}}],"collection":[{"href":"https:\/\/www.freiburg-schwarzwald.de\/blog\/wp-json\/wp\/v2\/pages"}],"about":[{"href":"https:\/\/www.freiburg-schwarzwald.de\/blog\/wp-json\/wp\/v2\/types\/page"}],"author":[{"embeddable":true,"href":"https:\/\/www.freiburg-schwarzwald.de\/blog\/wp-json\/wp\/v2\/users\/4"}],"replies":[{"embeddable":true,"href":"https:\/\/www.freiburg-schwarzwald.de\/blog\/wp-json\/wp\/v2\/comments?post=30769"}],"version-history":[{"count":1,"href":"https:\/\/www.freiburg-schwarzwald.de\/blog\/wp-json\/wp\/v2\/pages\/30769\/revisions"}],"predecessor-version":[{"id":93659,"href":"https:\/\/www.freiburg-schwarzwald.de\/blog\/wp-json\/wp\/v2\/pages\/30769\/revisions\/93659"}],"up":[{"embeddable":true,"href":"https:\/\/www.freiburg-schwarzwald.de\/blog\/wp-json\/wp\/v2\/pages\/363"}],"wp:attachment":[{"href":"https:\/\/www.freiburg-schwarzwald.de\/blog\/wp-json\/wp\/v2\/media?parent=30769"}],"curies":[{"name":"wp","href":"https:\/\/api.w.org\/{rel}","templated":true}]}}