{"id":3064,"date":"2012-05-09T15:27:00","date_gmt":"2012-05-09T15:27:00","guid":{"rendered":"https:\/\/www.freiburg-schwarzwald.de\/blog\/?page_id=3064"},"modified":"2021-07-23T13:27:24","modified_gmt":"2021-07-23T11:27:24","slug":"seife","status":"publish","type":"page","link":"https:\/\/www.freiburg-schwarzwald.de\/blog\/business\/handwerk\/seife\/","title":{"rendered":"Seife"},"content":{"rendered":"<p>Home &gt;<a title=\"Business\" href=\"https:\/\/www.freiburg-schwarzwald.de\/blog\/business\/\">Business<\/a> &gt;<a title=\"Handwerk\" href=\"https:\/\/www.freiburg-schwarzwald.de\/blog\/business\/handwerk\/\">Handwerk<\/a> &gt;Seife<\/p>\n<div id=\"attachment_11605\" style=\"width: 649px\" class=\"wp-caption alignnone\"><a href=\"https:\/\/www.freiburg-schwarzwald.de\/blog\/kultur\/aufklaerung\/moneglia21abend-pan120917-2\/\" rel=\"attachment wp-att-11605\"><img loading=\"lazy\" decoding=\"async\" aria-describedby=\"caption-attachment-11605\" class=\"size-full wp-image-11605\" title=\"moneglia21abend-pan120917\" src=\"https:\/\/www.freiburg-schwarzwald.de\/blog\/wp-content\/uploads\/2012\/09\/moneglia21abend-pan120917.jpg\" alt=\"\" width=\"639\" height=\"247\" srcset=\"https:\/\/www.freiburg-schwarzwald.de\/blog\/wp-content\/uploads\/2012\/09\/moneglia21abend-pan120917.jpg 639w, https:\/\/www.freiburg-schwarzwald.de\/blog\/wp-content\/uploads\/2012\/09\/moneglia21abend-pan120917-180x69.jpg 180w\" sizes=\"auto, (max-width: 639px) 100vw, 639px\" \/><\/a><p id=\"caption-attachment-11605\" class=\"wp-caption-text\">Mittelmeerstrand in Moneglia am 17.9.2012 &#8211; Sonnenuntergang<\/p><\/div>\n<p><strong>Seife herstellen, Naturseife, Seifensieder,\u00a0&#8230;<\/strong><\/p>\n<p>&nbsp;<\/p>\n<ul>\n<li><a href=\"https:\/\/www.freiburg-schwarzwald.de\/blog\/business\/handel\/bauernladen\/\">S\u2019Bergbure in Hinterzarten-Windeck<\/a>\u00a0(21.7.2021)<\/li>\n<li>Beate Geschke aus Freiburg<\/li>\n<li>Anita Kaier aus Freiburg<\/li>\n<li>Adelheid Becherer, Monika Hai\u00df, Ulrike Kleiser aus dem Elztal: <a href=\"https:\/\/www.schwarzwaldseife.de\">www.schwarzwaldseife.de<\/a><\/li>\n<li>Regina Neugart aus Villingen<\/li>\n<li><a href=\"https:\/\/www.freiburg-schwarzwald.de\/blog\/business\/handel\/bauernladen\/\">Bauernladen<\/a><\/li>\n<\/ul>\n<p>&nbsp;<\/p>\n<p><strong>Anita Kaier aus Freiburg<\/strong><\/p>\n<p><a href=\"https:\/\/www.freiburg-schwarzwald.de\/blog\/wp-content\/uploads\/2012\/05\/seife1-ziegenmilch120421.jpg\"><img loading=\"lazy\" decoding=\"async\" class=\"alignnone size-thumbnail wp-image-3071\" title=\"seife1-ziegenmilch120421\" src=\"https:\/\/www.freiburg-schwarzwald.de\/blog\/wp-content\/uploads\/2012\/05\/seife1-ziegenmilch120421-135x180.jpg\" alt=\"Ziegenmilch-Seife von Anita Kaier - 12.4.2012\" width=\"135\" height=\"180\" srcset=\"https:\/\/www.freiburg-schwarzwald.de\/blog\/wp-content\/uploads\/2012\/05\/seife1-ziegenmilch120421-135x180.jpg 135w, https:\/\/www.freiburg-schwarzwald.de\/blog\/wp-content\/uploads\/2012\/05\/seife1-ziegenmilch120421.jpg 480w\" sizes=\"auto, (max-width: 135px) 100vw, 135px\" \/><\/a>\u00a0\u00a0\u00a0\u00a0 \u00a0\u00a0\u00a0 <a href=\"https:\/\/www.freiburg-schwarzwald.de\/blog\/business\/handwerk\/seife\/seife-himbeere120822\/\" rel=\"attachment wp-att-9921\"><img loading=\"lazy\" decoding=\"async\" class=\"alignnone size-thumbnail wp-image-9921\" title=\"seife-himbeere120822\" src=\"https:\/\/www.freiburg-schwarzwald.de\/blog\/wp-content\/uploads\/2012\/05\/seife-himbeere120822-180x131.jpg\" alt=\"\" width=\"180\" height=\"131\" srcset=\"https:\/\/www.freiburg-schwarzwald.de\/blog\/wp-content\/uploads\/2012\/05\/seife-himbeere120822-180x131.jpg 180w, https:\/\/www.freiburg-schwarzwald.de\/blog\/wp-content\/uploads\/2012\/05\/seife-himbeere120822.jpg 640w\" sizes=\"auto, (max-width: 180px) 100vw, 180px\" \/><\/a>\u00a0\u00a0\u00a0\u00a0\u00a0\u00a0\u00a0\u00a0\u00a0\u00a0 <a href=\"https:\/\/www.freiburg-schwarzwald.de\/blog\/business\/handwerk\/seife\/seife-kastanie120922-2\/\" rel=\"attachment wp-att-11837\"><img loading=\"lazy\" decoding=\"async\" title=\"seife-kastanie120922\" src=\"https:\/\/www.freiburg-schwarzwald.de\/blog\/wp-content\/uploads\/2012\/05\/seife-kastanie1209221-180x135.jpg\" alt=\"\" width=\"180\" height=\"135\" \/><\/a><br \/>\n(1)\u00a0\u00a0L\u00f6wenzahn\u00a0\u00a0\u00a0\u00a0\u00a0\u00a0\u00a0\u00a0\u00a0\u00a0\u00a0\u00a0\u00a0\u00a0\u00a0\u00a0\u00a0\u00a0\u00a0\u00a0\u00a0\u00a0\u00a0\u00a0\u00a0 (2) Salbei\u00a0\u00a0\u00a0\u00a0\u00a0\u00a0\u00a0\u00a0\u00a0\u00a0\u00a0\u00a0\u00a0\u00a0\u00a0\u00a0\u00a0\u00a0\u00a0\u00a0\u00a0\u00a0\u00a0\u00a0\u00a0\u00a0\u00a0\u00a0\u00a0\u00a0\u00a0\u00a0\u00a0\u00a0\u00a0\u00a0\u00a0\u00a0\u00a0\u00a0\u00a0\u00a0\u00a0\u00a0\u00a0\u00a0\u00a0\u00a0\u00a0\u00a0\u00a0\u00a0\u00a0 (3) Frauenmantel &#8211; Seifen<\/p>\n<p><a href=\"https:\/\/www.freiburg-schwarzwald.de\/blog\/business\/handwerk\/seife\/seife-rosskastanie120922\/\" rel=\"attachment wp-att-11833\"><img loading=\"lazy\" decoding=\"async\" class=\"alignnone size-thumbnail wp-image-11833\" title=\"seife-rosskastanie120922\" src=\"https:\/\/www.freiburg-schwarzwald.de\/blog\/wp-content\/uploads\/2012\/05\/seife-rosskastanie120922-180x135.jpg\" alt=\"\" width=\"180\" height=\"135\" srcset=\"https:\/\/www.freiburg-schwarzwald.de\/blog\/wp-content\/uploads\/2012\/05\/seife-rosskastanie120922-180x135.jpg 180w, https:\/\/www.freiburg-schwarzwald.de\/blog\/wp-content\/uploads\/2012\/05\/seife-rosskastanie120922.jpg 640w\" sizes=\"auto, (max-width: 180px) 100vw, 180px\" \/><\/a>\u00a0\u00a0\u00a0\u00a0\u00a0\u00a0\u00a0\u00a0 <a href=\"https:\/\/www.freiburg-schwarzwald.de\/blog\/business\/markt\/weihnachtsmarkt\/weihnachtsmarkt-munzingen\/munzingen7weihnachtsmarkt121215\/\" rel=\"attachment wp-att-18087\"><img loading=\"lazy\" decoding=\"async\" class=\"alignnone size-thumbnail wp-image-18087\" title=\"munzingen7weihnachtsmarkt121215\" src=\"https:\/\/www.freiburg-schwarzwald.de\/blog\/wp-content\/uploads\/2012\/12\/munzingen7weihnachtsmarkt121215-180x135.jpg\" alt=\"\" width=\"180\" height=\"135\" srcset=\"https:\/\/www.freiburg-schwarzwald.de\/blog\/wp-content\/uploads\/2012\/12\/munzingen7weihnachtsmarkt121215-180x135.jpg 180w, https:\/\/www.freiburg-schwarzwald.de\/blog\/wp-content\/uploads\/2012\/12\/munzingen7weihnachtsmarkt121215.jpg 640w\" sizes=\"auto, (max-width: 180px) 100vw, 180px\" \/><\/a>\u00a0\u00a0\u00a0\u00a0\u00a0\u00a0\u00a0\u00a0<a href=\"https:\/\/www.freiburg-schwarzwald.de\/blog\/business\/markt\/weihnachtsmarkt\/weihnachtsmarkt-littenweiler\/markt12seife121209dez\/\" rel=\"attachment wp-att-17409\"><img loading=\"lazy\" decoding=\"async\" class=\"alignnone size-thumbnail wp-image-17409\" title=\"markt12seife121209dez\" src=\"https:\/\/www.freiburg-schwarzwald.de\/blog\/wp-content\/uploads\/2012\/10\/markt12seife121209dez-135x180.jpg\" alt=\"\" width=\"135\" height=\"180\" srcset=\"https:\/\/www.freiburg-schwarzwald.de\/blog\/wp-content\/uploads\/2012\/10\/markt12seife121209dez-135x180.jpg 135w, https:\/\/www.freiburg-schwarzwald.de\/blog\/wp-content\/uploads\/2012\/10\/markt12seife121209dez.jpg 480w\" sizes=\"auto, (max-width: 135px) 100vw, 135px\" \/><\/a><br \/>\n(4)\u00a0 Rosskastanie\u00a0\u00a0\u00a0\u00a0\u00a0\u00a0\u00a0\u00a0\u00a0\u00a0\u00a0\u00a0\u00a0\u00a0\u00a0\u00a0\u00a0\u00a0\u00a0\u00a0\u00a0\u00a0\u00a0\u00a0\u00a0\u00a0\u00a0\u00a0\u00a0\u00a0\u00a0\u00a0\u00a0\u00a0\u00a0\u00a0 (5) Munzingen\u00a0\u00a0\u00a0\u00a0\u00a0\u00a0\u00a0\u00a0\u00a0\u00a0\u00a0\u00a0\u00a0\u00a0\u00a0\u00a0\u00a0\u00a0\u00a0\u00a0\u00a0\u00a0\u00a0\u00a0\u00a0\u00a0\u00a0\u00a0\u00a0\u00a0\u00a0\u00a0\u00a0\u00a0\u00a0\u00a0\u00a0\u00a0\u00a0\u00a0\u00a0\u00a0 (6) Littenweiler<\/p>\n<p><a href=\"https:\/\/www.freiburg-schwarzwald.de\/blog\/business\/markt\/weihnachtsmarkt\/weihnachtsmarkt-littenweiler\/markt10seife121209dez\/\" rel=\"attachment wp-att-17404\"><img loading=\"lazy\" decoding=\"async\" title=\"markt10seife121209dez\" src=\"https:\/\/www.freiburg-schwarzwald.de\/blog\/wp-content\/uploads\/2012\/10\/markt10seife121209dez-144x180.jpg\" alt=\"\" width=\"144\" height=\"180\" \/><\/a><br \/>\n(7)<\/p>\n<p>(5)\u00a0\u00a0 <a title=\"Weihnachtsmarkt-Munzingen\" href=\"https:\/\/www.freiburg-schwarzwald.de\/blog\/business\/markt\/weihnachtsmarkt\/weihnachtsmarkt-munzingen\/\">Munzinger Weihnachtsmarkt am 15.12.2012<\/a><br \/>\n(6, 7)\u00a0 <a title=\"Weihnachtsmarkt-Littenweiler\" href=\"https:\/\/www.freiburg-schwarzwald.de\/blog\/business\/markt\/weihnachtsmarkt\/weihnachtsmarkt-littenweiler\/\">Weihnachtsmarkt FR-Littenweiler am 9.12.2012 <\/a><\/p>\n<p>Seifen Blumen, Granatapfel, Rosskastanie<br \/>\nSeifen aus nat\u00fcrlichen Pflanzen\u00f6len, ohne Konservierungsstoffe. Jede Seife ist ein Unikat.<br \/>\n<a href=\"https:\/\/www.anitakaier.de\/naturseifen.htm\">www.anitakaier.de\/naturseifen.htm<\/a><\/p>\n<p>&nbsp;<\/p>\n<p>&nbsp;<\/p>\n<p><strong>Beate Geschke aus Freiburg<\/strong><\/p>\n<p><a href=\"https:\/\/www.freiburg-schwarzwald.de\/blog\/6-kunstler-und-topfermarkt-in-hinterzarten\/hinterzarten-kuenstlermarkt-seife120506\/\" rel=\"attachment wp-att-3041\"><img loading=\"lazy\" decoding=\"async\" class=\"alignnone size-thumbnail wp-image-3041\" title=\"hinterzarten-kuenstlermarkt-seife120506\" src=\"https:\/\/www.freiburg-schwarzwald.de\/blog\/wp-content\/uploads\/2012\/05\/hinterzarten-kuenstlermarkt-seife120506-135x180.jpg\" alt=\"\" width=\"135\" height=\"180\" srcset=\"https:\/\/www.freiburg-schwarzwald.de\/blog\/wp-content\/uploads\/2012\/05\/hinterzarten-kuenstlermarkt-seife120506-135x180.jpg 135w, https:\/\/www.freiburg-schwarzwald.de\/blog\/wp-content\/uploads\/2012\/05\/hinterzarten-kuenstlermarkt-seife120506.jpg 480w\" sizes=\"auto, (max-width: 135px) 100vw, 135px\" \/><\/a><br \/>\nMarkt in Hinterzarten am 6.6.2012 &#8211; Seifen von Beate Geschke<\/p>\n<div>\n<p>Kaltger\u00fchrte Pflanzen\u00f6lseifen,\u00a0die wir in unserer Seifenwerkstatt in Freiburg von Hand herstellen. F\u00fcr unsere Seifen und Badeprodukte verwenden wir ausschlie\u00dflich nat\u00fcrliche und hochwertige Pflanzen\u00f6le und 100% naturreine \u00e4therische \u00d6le. Unsere Produkte sind frei von synthetischen Tensiden und Konservierungsstoffen.<\/p>\n<p>Beate Geschke Seifenmanufaktur\u00a0\u00b7 Schwarzwaldstr. 46 \u00b7 79117 Freiburg<br \/>\nTel. 0761 700 232 \u00b7 <a href=\"mailto:seifen@BeateGeschke.de\">seifen@BeateGeschke.de<\/a>, <a href=\"https:\/\/www.beategeschke.de\">www.beategeschke.de<\/a><br \/>\n\u00d6ffnungszeiten: Dienstag und Donnerstag von 14.30 -18.00 Uhr<\/p>\n<p>&nbsp;<\/p>\n<p><strong>Regina Neugart aus Viillingen<\/strong><\/p>\n<p>Filz &amp; Seife<br \/>\nRegina Neugart, Stettiner Stra\u00dfe 12, 78052 Villingen-Schwenningen, Tel.: 07721-20 67 424<br \/>\n<a title=\"E-Mail\" href=\"mailto:info@filz-seife.de\">info@filz-seife.de<\/a>, <a href=\"https:\/\/www.filz-seife.de\">www.filz-seife.de<\/a><\/p>\n<\/div>\n","protected":false},"excerpt":{"rendered":"<p>Home &gt;Business &gt;Handwerk &gt;Seife Seife herstellen, Naturseife, Seifensieder,\u00a0&#8230; &nbsp; S\u2019Bergbure in Hinterzarten-Windeck\u00a0(21.7.2021) Beate Geschke aus Freiburg Anita Kaier aus Freiburg Adelheid Becherer, Monika Hai\u00df, Ulrike Kleiser aus dem Elztal: www.schwarzwaldseife.de Regina Neugart aus Villingen Bauernladen &nbsp; Anita Kaier aus Freiburg &hellip; <a href=\"https:\/\/www.freiburg-schwarzwald.de\/blog\/business\/handwerk\/seife\/\">Weiterlesen <span class=\"meta-nav\">&rarr;<\/span><\/a><\/p>\n","protected":false},"author":2,"featured_media":0,"parent":1385,"menu_order":0,"comment_status":"open","ping_status":"closed","template":"","meta":{"footnotes":""},"class_list":["post-3064","page","type-page","status-publish","hentry"],"_links":{"self":[{"href":"https:\/\/www.freiburg-schwarzwald.de\/blog\/wp-json\/wp\/v2\/pages\/3064","targetHints":{"allow":["GET"]}}],"collection":[{"href":"https:\/\/www.freiburg-schwarzwald.de\/blog\/wp-json\/wp\/v2\/pages"}],"about":[{"href":"https:\/\/www.freiburg-schwarzwald.de\/blog\/wp-json\/wp\/v2\/types\/page"}],"author":[{"embeddable":true,"href":"https:\/\/www.freiburg-schwarzwald.de\/blog\/wp-json\/wp\/v2\/users\/2"}],"replies":[{"embeddable":true,"href":"https:\/\/www.freiburg-schwarzwald.de\/blog\/wp-json\/wp\/v2\/comments?post=3064"}],"version-history":[{"count":1,"href":"https:\/\/www.freiburg-schwarzwald.de\/blog\/wp-json\/wp\/v2\/pages\/3064\/revisions"}],"predecessor-version":[{"id":92823,"href":"https:\/\/www.freiburg-schwarzwald.de\/blog\/wp-json\/wp\/v2\/pages\/3064\/revisions\/92823"}],"up":[{"embeddable":true,"href":"https:\/\/www.freiburg-schwarzwald.de\/blog\/wp-json\/wp\/v2\/pages\/1385"}],"wp:attachment":[{"href":"https:\/\/www.freiburg-schwarzwald.de\/blog\/wp-json\/wp\/v2\/media?parent=3064"}],"curies":[{"name":"wp","href":"https:\/\/api.w.org\/{rel}","templated":true}]}}