{"id":296,"date":"2012-04-04T16:50:59","date_gmt":"2012-04-04T16:50:59","guid":{"rendered":"https:\/\/www.freiburg-schwarzwald.de\/blog\/?page_id=296"},"modified":"2013-06-14T08:51:29","modified_gmt":"2013-06-14T06:51:29","slug":"laufen","status":"publish","type":"page","link":"https:\/\/www.freiburg-schwarzwald.de\/blog\/sport\/sportlern\/laufen\/","title":{"rendered":"Laufen"},"content":{"rendered":"<p>Home &gt;<a title=\"Sport\" href=\"https:\/\/www.freiburg-schwarzwald.de\/blog\/sport\/\">Sport<\/a> &gt;<a title=\"Sportlern\" href=\"https:\/\/www.freiburg-schwarzwald.de\/blog\/sport\/sportlern\/\">Sportlern<\/a> &gt;<a title=\"Ski\" href=\"https:\/\/www.freiburg-schwarzwald.de\/blog\/sport\/sportlern\/ski\/\">Ski<\/a> &gt;Laufen<\/p>\n<div id=\"attachment_23772\" style=\"width: 589px\" class=\"wp-caption alignnone\"><a href=\"https:\/\/www.freiburg-schwarzwald.de\/blog\/regio\/orte\/breitnau\/einsiedel\/dold95pan\/\" rel=\"attachment wp-att-23772\"><img loading=\"lazy\" decoding=\"async\" aria-describedby=\"caption-attachment-23772\" class=\"size-full wp-image-23772\" title=\"dold95pan\" src=\"https:\/\/www.freiburg-schwarzwald.de\/blog\/wp-content\/uploads\/2013\/03\/dold95pan.jpg\" alt=\"\" width=\"579\" height=\"188\" srcset=\"https:\/\/www.freiburg-schwarzwald.de\/blog\/wp-content\/uploads\/2013\/03\/dold95pan.jpg 579w, https:\/\/www.freiburg-schwarzwald.de\/blog\/wp-content\/uploads\/2013\/03\/dold95pan-180x58.jpg 180w\" sizes=\"auto, (max-width: 579px) 100vw, 579px\" \/><\/a><p id=\"caption-attachment-23772\" class=\"wp-caption-text\">Blick nach Osten \u00fcber Einsiedel ins Jostal im Sommer 1995: Doldenhof, Josenhof, Kellershof (von links)<\/p><\/div>\n<p>&nbsp;<\/p>\n<ul>\n<li><a href=\"https:\/\/www.freiburg-schwarzwald.de\/blog\/8-eichberglauf-in-glottertal\/\">https:\/\/www.freiburg-schwarzwald.de\/blog\/8-eichberglauf-in-glottertal\/<\/a>\u00a0(14.6.2013)<\/li>\n<li>9. Rosskopflauf am 21.Juli 2013 (8.6.2013)<\/li>\n<li><a href=\"https:\/\/www.freiburg-schwarzwald.de\/blog\/marathon-mit-kinderwagen\/\">https:\/\/www.freiburg-schwarzwald.de\/blog\/marathon-mit-kinderwagen\/<\/a>\u00a0(9.4.2013)<\/li>\n<li>19. Sulzburger Fr\u00fchlingslauf am 17.3.2013 (11.3.2013)<\/li>\n<li><a href=\"https:\/\/www.freiburg-schwarzwald.de\/laufen1.htm\">Aktuelle Infos zur Laufen-Seite<\/a> &gt;Laufen1<\/li>\n<li><a href=\"https:\/\/www.freiburg-schwarzwald.de\/laufen#Freiburg-Marathon: Nicht jedes Jahr an der Preisschraube drehen\">Freiburg-Marathon: Nicht jedes Jahr an der Preisschraube drehen<\/a> (24.3.2006)<\/li>\n<li><a href=\"https:\/\/www.freiburg-schwarzwald.de\/laufen#Armin Schirmaier aus Freiburg: Herausgeber der Magazins Running\">Armin Schirmaier aus Freiburg: Herausgeber der Magazins Running<\/a> (18.3.2006)<\/li>\n<li><a href=\"https:\/\/www.freiburg-schwarzwald.de\/laufen#Vorbereitungskurse zum n\u00e4chsten Freiburg-Marathon\">Vorbereitungskurse zum n\u00e4chsten Freiburg-Marathon<\/a> (19.10.2005)<\/li>\n<li><a href=\"https:\/\/www.freiburg-schwarzwald.de\/laufen#Max Frei und Gudrun Heinemann vom USC Freiburg gewinnen Ro\u00dfkopflauf\">Max Frei und Gudrun Heinemann vom USC Freiburg gewinnen Ro\u00dfkopflauf<\/a> (29.6.2005)<\/li>\n<li><a href=\"https:\/\/www.freiburg-schwarzwald.de\/laufen#Freiburg-Marathon 2005 - 14000 Teilnehmer und 60000 Zuschauer\">Freiburg-Marathon 2005 &#8211; 14000 Teilnehmer und 60000 Zuschauer<\/a> (12.4.2005)<\/li>\n<li><a href=\"https:\/\/www.freiburg-schwarzwald.de\/laufen#Freiburger Morgenlauf und Marathon\">Freiburger Morgenlauf und Marathon<\/a> (12.3.2005)<\/li>\n<li><a href=\"https:\/\/www.freiburg-schwarzwald.de\/laufen#Laufszene-Freiburg - ein Laufbuch speziell f\u00fcr Freiburg\">Laufszene-Freiburg &#8211; ein Laufbuch speziell f\u00fcr Freiburg<\/a> (30.5.2004)<\/li>\n<li><a href=\"https:\/\/www.freiburg-schwarzwald.de\/laufen#Freiburg in den TopTen des deutschen St\u00e4dtemarathons\">Freiburg in den TopTen des deutschen St\u00e4dtemarathons<\/a> (1.4.2004)<\/li>\n<li><a href=\"https:\/\/www.freiburg-schwarzwald.de\/laufen#Superwetter, Superstimmung, Superstadt\">Freiburg-Marathon: Superwetter, Superstimmung, Superstadt<\/a> (30.3.2004)<\/li>\n<li><a href=\"https:\/\/www.freiburg-schwarzwald.de\/laufen#Freiburg-Marathon: Hobbyl\u00e4ufer begeistert, Topsportler nicht\">Freiburg-Marathon: Hobbyl\u00e4ufer begeistert, Topsportler nicht<\/a> (30.3.2004)<\/li>\n<li><a href=\"https:\/\/www.freiburg-schwarzwald.de\/laufen#Freiburg-Marathon am 27.3.2004 in Zahlen\">Freiburg-Marathon am 27.3.2004 in Zahlen<\/a><\/li>\n<li><a href=\"https:\/\/www.freiburg-schwarzwald.de\/incentives1.htm#Projekt Adventure an Hauptschule Kirchzarten: TREA Breisgau energy night\">Breisgau TREA energy night<\/a> &gt;Incentives1 (25.2.)<\/li>\n<li><a href=\"https:\/\/www.freiburg-schwarzwald.de\/laufen.htm#24hLauf f\u00fcr Kinderrechte in Freiburg\">24hLauf f\u00fcr Kinderrechte in Freiburg<\/a> &gt;Laufen (3.7.2010)<\/li>\n<li><a href=\"https:\/\/www.freiburg-schwarzwald.de\/laufen#Hochblauen-Berglauf mit Klaus Diethelm am 5. Juni 2005\">Hochblauen-Berglauf mit Klaus Diethelm am 5. Juni 2005<\/a> (23.3.2005)<\/li>\n<li><a href=\"https:\/\/www.freiburg-schwarzwald.de\/ihringen.htm#22. internationaler Kaiserstuhllauf: Birgit Bartels und Roland Krams\">Kaiserstuhl: 2. internationaler Kaiserstuhllauf: Birgit Bartels, Roland Krams<\/a> &gt;Ihringen (13.3.07)<\/li>\n<li><a href=\"https:\/\/www.freiburg-schwarzwald.de\/laufen#24. Kandel-Berglauf am 8.5.2005\">Kandel: 24. Kandel-Berglauf am 8. Mai .2005<\/a> (10.5.2005)<\/li>\n<li><a href=\"https:\/\/www.freiburg-schwarzwald.de\/laufen#Rheinfall-Lauf am 29.8.2004 in Neuhausen\">Rheinfall-Lauf am 29.8.2004 in Neuhausen<\/a> (4.6.2004)<\/li>\n<li><a href=\"https:\/\/www.freiburg-schwarzwald.de\/laufen#1. Ro\u00dfkopflauf von Heuweiler am 26. Juni 2005\">Ro\u00dfkopflauf: 1.Lauf von Heuweiler am 26. Juni 2005<\/a> (10.6.2005)<\/li>\n<li><a href=\"https:\/\/www.freiburg-schwarzwald.de\/laufen#Titisee Volkslauf - Charly Dolls Rekord gebrochen\">Titisee Volkslauf &#8211; Charly Doll&#8217;s Rekord gebrochen<\/a> (21.9.2004)<\/li>\n<li><a href=\"https:\/\/www.freiburg-schwarzwald.de\/totemann.htm#Tote-Mann-Berglauf - Britta M\u00fcller und Markus Jenne Sieger\">Tote-Mann-Berglauf &#8211; Britta M\u00fcller und Markus Jenne Sieger<\/a> &gt;ToteMann (1.8.2005)<\/li>\n<li><a href=\"https:\/\/www.freiburg-schwarzwald.de\/eschbach.htm#TREA Breisgau Energie Lauf\">TREA Breisgau Energie Lauf am 26.9.2009<\/a> &gt;Eschbach (14.8.2009)<\/li>\n<li><a href=\"https:\/\/www.freiburg-schwarzwald.de\/laufen#Westweg-Abenteuerlauf legt einen Zwischenstopp in B\u00e4rental ein\">Westweg-Abenteuerlauf legt einen Zwischenstopp in B\u00e4rental ein<\/a> (23.7.2004)<br \/>\n\u00a0<\/li>\n<li>Markgr\u00e4fler Cup mit sechs L\u00e4ufen<\/li>\n<li><a href=\"https:\/\/www.freiburg-schwarzwald.de\/laufen#Marathon Freiburg\">Freiburg-Marathon in Freiburg<\/a><\/li>\n<li><a href=\"https:\/\/www.freiburg-schwarzwald.de\/laufen#Kirchzarten: SCK-Lauftreff jeden Dienstagabend\">Kirchzarten: SVK-Lauftreff jeden Dienstagabend<\/a><\/li>\n<li><a title=\"Marathon\" href=\"https:\/\/www.freiburg-schwarzwald.de\/blog\/sport\/sportlern\/laufen\/marathon\/\">Marathon bzw. Marathonlauf<\/a><\/li>\n<li><a href=\"https:\/\/www.freiburg-schwarzwald.de\/incentives.htm\">Laufschulen<\/a> &gt;Incentives<\/li>\n<li><a href=\"https:\/\/www.freiburg-schwarzwald.de\/laufen#Orientierungslauf\">Orientierungslauf<\/a><\/li>\n<li><a href=\"https:\/\/www.freiburg-schwarzwald.de\/laufen#Links\">Links<\/a><\/li>\n<\/ul>\n<p>&nbsp;<\/p>\n<p>&nbsp;<\/p>\n<div>\n<p><strong>9. Rosskopflauf am 21.Juli 2013<\/strong><\/p>\n<p>Die Rundstrecke mit Berglaufcharakter f\u00fchrt vom Hintertal in Heuweiler \u00fcber das Wildtalereck zum <a title=\"Berge\" href=\"https:\/\/www.freiburg-schwarzwald.de\/blog\/regio\/berge\/\">Ro\u00dfkopf<\/a>. \u00dcber 18,4 km sind ca. 560 H\u00f6henmeter zu bew\u00e4ltigen. H\u00f6chster Punkt ist der Friedrichturm auf dem Ro\u00dfkopf \u00a0mit 737 m. Die H\u00e4lfte der Strecke f\u00fchrt \u00fcber Forstwege der Rest \u00fcber Waldpfade mit teilweise crossigem Charakter. Ab Mitte Juni ist die Strecke ausgeschildert und markiert.<br \/>\n<a href=\"https:\/\/www.rosskopflauf.de\">www.rosskopflauf.de<\/a><\/p>\n<p>&nbsp;<\/p>\n<\/div>\n<p><strong>19. Sulzburger Fr\u00fchlingslauf am 17.3.2013<\/strong><\/p>\n<p>Am Samstag veranstaltet die LG Sulzburg-Laufen den 19. Sulzburger Fr\u00fchlingslauf. Start f\u00fcr den 10,2 Kilometer langen Hauptlauf ist um 15 Uhr auf dem Sulzburger Marktplatz. Zun\u00e4chst geht es durch das Stadttor, und von dort f\u00fchrt die landschaftlich reizvolle Strecke durch die Winzerorte Laufen und St. Ilgen, die Laufener Reblandschaft nach Muggard und wieder zur\u00fcck zum Sulzburger Marktplatz, wo auch das Ziel ist. Im Vorjahr gewannen auf der anspruchsvollen Strecke Benedikt Hoffmann (PTSV Jahn Freiburg) vor Markus Jenne (USC Freiburg) und Robert Krinke (TV Tiengen Tunibergl\u00e4ufer). Bei den Frauen siegte Constanze T\u00fcrck (SV schlau.com Saar 05) vor Stephanie Schmitz-Weckauf (PTSV Jahn Freiburg) und Johanna Mattey (TNB Malterdingen). Den Streckenrekord bei den M\u00e4nnern h\u00e4lt immer noch Heiko Baier (LG Fulda) in 33,03 Minuten aus dem Jahr 2009. Bei den Frauen lief Anja Schnabel (LAZ Salamander Kornwestheim) 2008 mit 39,30 Minuten die bislang schnellste Zeit. Vor dem Hauptlauf gibt es zwei L\u00e4ufe f\u00fcr Kinder und Jugendliche \u00fcber 550 beziehungsweise 2100 Meter. Die Gesamtsieger erhalten Pokale; Sachpreise gibt es f\u00fcr die drei Erstplatzierten jeder Klasse. F\u00fcr neue Streckenrekorde sind Geldpreise ausgesetzt. F\u00fcr die Mannschaftswertung werden die jeweils drei Schnellsten eines Vereins in der M\u00e4nner- und Frauenklasse gewertet.<br \/>\n12.3.2013,\u00a0<a title=\"\" href=\"https:\/\/www.lg-sulzburglaufen.de\/\" target=\"_blank\">https:\/\/www.lg-sulzburglaufen.de<\/a>\u00a0\u00a0<\/p>\n<div>\n<div id=\"zoneAdserverMrec\">\n<div id=\"helperAdserverMrec\"><noscript><\/noscript><\/p>\n<div id=\"beacon_b1e41aa997\">\u00a0<\/div>\n<div><img loading=\"lazy\" decoding=\"async\" src=\"https:\/\/w.online-verlag-freiburg.de\/www\/delivery\/lg.php?bannerid=134&amp;campaignid=52&amp;zoneid=143190&amp;loc=1&amp;referer=http%3A%2F%2Fwww.badische-zeitung.de%2Fleichtathletik-regional%2Fsaisonauftakt-in-sulzburg--70055121.html&amp;cb=b1e41aa997\" alt=\"\" width=\"0\" height=\"0\" \/><\/div>\n<div id=\"ebDiv5375936813132043\" dir=\"ltr\">\u00a0<\/div>\n<div dir=\"ltr\">\u00a0<\/div>\n<\/div>\n<\/div>\n<\/div>\n<div><!-- RSPEAK_STOP --><!-- RSPEAK_START --><!-- RSPEAK_STOP --><strong>Markgr\u00e4fler Cup mit sechs L\u00e4ufen<\/strong>17. M\u00e4rz 2013\u2013 Sulzburger Fr\u00fchlingslauf, 10,2 Kilometer<br \/>\n20. April 2013 \u2013 M\u00fcnstert\u00e4ler Panoramalauf, 11,7 Kilometer<br \/>\n8. Mai \u2013 Badenweiler Feierabendlauf, 9,7 Kilometer<br \/>\n29.Juni \u2013 Biengener Mitternachtslauf, 9 Kilometer<br \/>\n3. Oktober &#8211; Staufener Altstadtlauf, 6 Kilometer<br \/>\n31. Dezember 2013 \u2013 Britzinger Silvesterlauf, 10 Kilometer\u00a0<!-- RSPEAK_STOP -->\u00a0Der aus sechs L\u00e4ufen bestehende Markgr\u00e4fler Cup beginnt am 17.3.2013 in Sulzburg. Um in die Wertung zu kommen, m\u00fcssen mindestens vier L\u00e4ufe absolviert werden. Die jeweils ersten drei in der Gesamtwertung erhalten Gutscheine, die Klassensieger Sachpreise. Gesamtsieger im Vorjahr 2012 wurde Benedikt Hoffmann (PTSV Jahn Freiburg) vor Robert Krinke (TV Tiengen Tunibergl\u00e4ufer) und Herbert Flesch (PTSV Jahn Freiburg). Bei den Frauen siegte Gertrud Wiedemann (TV Pfaffenweiler) vor Cordula Tr\u00f6ndle und Daniela B\u00e4r.<br \/>\n<a title=\"\" href=\"https:\/\/www.markgraefler-cup.de\/\" target=\"_blank\">https:\/\/www.markgraefler-cup.de<\/a><\/div>\n","protected":false},"excerpt":{"rendered":"<p>Home &gt;Sport &gt;Sportlern &gt;Ski &gt;Laufen &nbsp; https:\/\/www.freiburg-schwarzwald.de\/blog\/8-eichberglauf-in-glottertal\/\u00a0(14.6.2013) 9. Rosskopflauf am 21.Juli 2013 (8.6.2013) https:\/\/www.freiburg-schwarzwald.de\/blog\/marathon-mit-kinderwagen\/\u00a0(9.4.2013) 19. Sulzburger Fr\u00fchlingslauf am 17.3.2013 (11.3.2013) Aktuelle Infos zur Laufen-Seite &gt;Laufen1 Freiburg-Marathon: Nicht jedes Jahr an der Preisschraube drehen (24.3.2006) Armin Schirmaier aus Freiburg: Herausgeber der &hellip; <a href=\"https:\/\/www.freiburg-schwarzwald.de\/blog\/sport\/sportlern\/laufen\/\">Weiterlesen <span class=\"meta-nav\">&rarr;<\/span><\/a><\/p>\n","protected":false},"author":2,"featured_media":0,"parent":293,"menu_order":0,"comment_status":"open","ping_status":"closed","template":"","meta":{"footnotes":""},"class_list":["post-296","page","type-page","status-publish","hentry"],"_links":{"self":[{"href":"https:\/\/www.freiburg-schwarzwald.de\/blog\/wp-json\/wp\/v2\/pages\/296","targetHints":{"allow":["GET"]}}],"collection":[{"href":"https:\/\/www.freiburg-schwarzwald.de\/blog\/wp-json\/wp\/v2\/pages"}],"about":[{"href":"https:\/\/www.freiburg-schwarzwald.de\/blog\/wp-json\/wp\/v2\/types\/page"}],"author":[{"embeddable":true,"href":"https:\/\/www.freiburg-schwarzwald.de\/blog\/wp-json\/wp\/v2\/users\/2"}],"replies":[{"embeddable":true,"href":"https:\/\/www.freiburg-schwarzwald.de\/blog\/wp-json\/wp\/v2\/comments?post=296"}],"version-history":[{"count":0,"href":"https:\/\/www.freiburg-schwarzwald.de\/blog\/wp-json\/wp\/v2\/pages\/296\/revisions"}],"up":[{"embeddable":true,"href":"https:\/\/www.freiburg-schwarzwald.de\/blog\/wp-json\/wp\/v2\/pages\/293"}],"wp:attachment":[{"href":"https:\/\/www.freiburg-schwarzwald.de\/blog\/wp-json\/wp\/v2\/media?parent=296"}],"curies":[{"name":"wp","href":"https:\/\/api.w.org\/{rel}","templated":true}]}}