{"id":28891,"date":"2013-05-06T19:01:50","date_gmt":"2013-05-06T17:01:50","guid":{"rendered":"https:\/\/www.freiburg-schwarzwald.de\/blog\/?page_id=28891"},"modified":"2013-05-06T19:09:55","modified_gmt":"2013-05-06T17:09:55","slug":"schlatthof","status":"publish","type":"page","link":"https:\/\/www.freiburg-schwarzwald.de\/blog\/bauernhof\/schlatthof\/","title":{"rendered":"Schlatthof"},"content":{"rendered":"<p>Home &gt;<a title=\"Tourismus\" href=\"https:\/\/www.freiburg-schwarzwald.de\/blog\/tourismus\/\">Tourismus<\/a> &gt;<a title=\"Landwirt\" href=\"https:\/\/www.freiburg-schwarzwald.de\/blog\/natur\/landwirt\/\">Landwirt<\/a>\u00a0&gt;<a title=\"Bauernhof\" href=\"https:\/\/www.freiburg-schwarzwald.de\/blog\/bauernhof\/\">Bauernhof<\/a> &gt;<a title=\"Freiburg\" href=\"https:\/\/www.freiburg-schwarzwald.de\/blog\/regio\/freiburg\/\">Freiburg<\/a> &gt;<a title=\"Freiburg-Bauernhof\" href=\"https:\/\/www.freiburg-schwarzwald.de\/blog\/regio\/freiburg\/freiburg-bauernhof\/\">Freiburg-Bauernhof<\/a>\u00a0&gt;Schlatthof<\/p>\n<p>&nbsp;<\/p>\n<p>&nbsp;<\/p>\n<ul>\n<li><a title=\"StGeorgen\" href=\"https:\/\/www.freiburg-schwarzwald.de\/blog\/regio\/freiburg\/stgeorgen\/\">Freiburg-StGeorgen<\/a><\/li>\n<li><a href=\"https:\/\/www.freiburg-schwarzwald.de\/freiburg5.htm\">www.freiburg-schwarzwald.de\/freiburg5.htm<\/a> &gt;Archivseite Schlatthof<\/li>\n<li>Schlatthof<\/li>\n<\/ul>\n<p>&nbsp;<\/p>\n<p>&nbsp;<\/p>\n<p><strong>Schlatthof <\/strong><\/p>\n<p align=\"left\"><span style=\"font-family: Arial,Helvetica;\">Mitten im <a href=\"https:\/\/www.freiburg-schwarzwald.de\/mooswald.htm\">Mooswald<\/a>, in der N\u00e4he des Eugen-Keidel-Thermalbades befindet sich das Weingut Schlatthof und die gleichnamige Strau\u00dfwirtschaft. <\/span><\/p>\n<p align=\"left\"><span style=\"font-family: Arial,Helvetica;\">Strau\u00dfe vom 12.3. bis 9.5. und 3.9. bis 9.11.2007 ge\u00f6ffnet<br \/>\nMo-Fr ab 17 Uhr, So ab 12 Uhr, Sa Ruhetag<\/span><\/p>\n<p align=\"left\"><span style=\"font-family: Arial; font-size: x-small;\"><a href=\"https:\/\/www.freiburg-schwarzwald.de\/einkehren.htm#Strau\u00dfenwirtschaften\">Strau\u00dfenwirtschaften<\/a> &gt;Einkehren<\/span><\/p>\n<p>Schlatthof, Gebr. Hanser, Schlatth\u00f6fe 3, 79111 Freiburg-StGeorgen, Tel 0761\/41847<br \/>\n<a href=\"mailto:schlatthof@yahoo.de\">schlatthof@yahoo.de<\/a> , <a href=\"https:\/\/www.weingut-schlatthof.de\/\">www.weingut-schlatthof.de<\/a><\/p>\n<p>&nbsp;<\/p>\n<p><a href=\"https:\/\/www.freiburg-schwarzwald.de\/blog\/bauernhof\/schlatthof\/schlatthoefe130505\/\" rel=\"attachment wp-att-28897\"><img loading=\"lazy\" decoding=\"async\" class=\"alignnone size-thumbnail wp-image-28897\" title=\"schlatthoefe130505\" src=\"https:\/\/www.freiburg-schwarzwald.de\/blog\/wp-content\/uploads\/2013\/05\/schlatthoefe130505-180x135.jpg\" alt=\"\" width=\"180\" height=\"135\" srcset=\"https:\/\/www.freiburg-schwarzwald.de\/blog\/wp-content\/uploads\/2013\/05\/schlatthoefe130505-180x135.jpg 180w, https:\/\/www.freiburg-schwarzwald.de\/blog\/wp-content\/uploads\/2013\/05\/schlatthoefe130505.jpg 640w\" sizes=\"auto, (max-width: 180px) 100vw, 180px\" \/><\/a>\u00a0\u00a0\u00a0\u00a0\u00a0\u00a0\u00a0\u00a0\u00a0 <a href=\"https:\/\/www.freiburg-schwarzwald.de\/blog\/bauernhof\/schlatthof\/schlatthoefe-nord130505\/\" rel=\"attachment wp-att-28898\"><img loading=\"lazy\" decoding=\"async\" class=\"alignnone size-thumbnail wp-image-28898\" title=\"schlatthoefe-nord130505\" src=\"https:\/\/www.freiburg-schwarzwald.de\/blog\/wp-content\/uploads\/2013\/05\/schlatthoefe-nord130505-180x135.jpg\" alt=\"\" width=\"180\" height=\"135\" srcset=\"https:\/\/www.freiburg-schwarzwald.de\/blog\/wp-content\/uploads\/2013\/05\/schlatthoefe-nord130505-180x135.jpg 180w, https:\/\/www.freiburg-schwarzwald.de\/blog\/wp-content\/uploads\/2013\/05\/schlatthoefe-nord130505.jpg 640w\" sizes=\"auto, (max-width: 180px) 100vw, 180px\" \/><\/a>\u00a0\u00a0\u00a0\u00a0\u00a0\u00a0\u00a0\u00a0\u00a0 <a href=\"https:\/\/www.freiburg-schwarzwald.de\/blog\/bauernhof\/schlatthof\/schlatthoefe-kaefer130505\/\" rel=\"attachment wp-att-28899\"><img loading=\"lazy\" decoding=\"async\" class=\"alignnone size-thumbnail wp-image-28899\" title=\"schlatthoefe-kaefer130505\" src=\"https:\/\/www.freiburg-schwarzwald.de\/blog\/wp-content\/uploads\/2013\/05\/schlatthoefe-kaefer130505-180x135.jpg\" alt=\"\" width=\"180\" height=\"135\" srcset=\"https:\/\/www.freiburg-schwarzwald.de\/blog\/wp-content\/uploads\/2013\/05\/schlatthoefe-kaefer130505-180x135.jpg 180w, https:\/\/www.freiburg-schwarzwald.de\/blog\/wp-content\/uploads\/2013\/05\/schlatthoefe-kaefer130505.jpg 640w\" sizes=\"auto, (max-width: 180px) 100vw, 180px\" \/><\/a><br \/>\n(1) Blick s\u00fcdw\u00e4rts zum Schlatthof\u00a0\u00a0\u00a0\u00a0\u00a0\u00a0\u00a0\u00a0\u00a0 (2) Gartenterrasse 5.5.2013\u00a0\u00a0\u00a0\u00a0\u00a0\u00a0\u00a0\u00a0\u00a0\u00a0\u00a0\u00a0\u00a0\u00a0\u00a0\u00a0\u00a0\u00a0 (3) K\u00e4fer am Sandsteintrog<\/p>\n<p><a href=\"https:\/\/www.freiburg-schwarzwald.de\/blog\/bauernhof\/schlatthof\/schlatthoefe-pferde130505\/\" rel=\"attachment wp-att-28900\"><img loading=\"lazy\" decoding=\"async\" class=\"alignnone size-thumbnail wp-image-28900\" title=\"schlatthoefe-pferde130505\" src=\"https:\/\/www.freiburg-schwarzwald.de\/blog\/wp-content\/uploads\/2013\/05\/schlatthoefe-pferde130505-180x135.jpg\" alt=\"\" width=\"180\" height=\"135\" srcset=\"https:\/\/www.freiburg-schwarzwald.de\/blog\/wp-content\/uploads\/2013\/05\/schlatthoefe-pferde130505-180x135.jpg 180w, https:\/\/www.freiburg-schwarzwald.de\/blog\/wp-content\/uploads\/2013\/05\/schlatthoefe-pferde130505.jpg 640w\" sizes=\"auto, (max-width: 180px) 100vw, 180px\" \/><\/a>\u00a0\u00a0\u00a0\u00a0\u00a0\u00a0\u00a0\u00a0\u00a0 <a href=\"https:\/\/www.freiburg-schwarzwald.de\/blog\/bauernhof\/schlatthof\/schlatthoefe-strausse130505\/\" rel=\"attachment wp-att-28901\"><img loading=\"lazy\" decoding=\"async\" class=\"alignnone size-thumbnail wp-image-28901\" title=\"schlatthoefe-strausse130505\" src=\"https:\/\/www.freiburg-schwarzwald.de\/blog\/wp-content\/uploads\/2013\/05\/schlatthoefe-strausse130505-180x135.jpg\" alt=\"\" width=\"180\" height=\"135\" srcset=\"https:\/\/www.freiburg-schwarzwald.de\/blog\/wp-content\/uploads\/2013\/05\/schlatthoefe-strausse130505-180x135.jpg 180w, https:\/\/www.freiburg-schwarzwald.de\/blog\/wp-content\/uploads\/2013\/05\/schlatthoefe-strausse130505.jpg 640w\" sizes=\"auto, (max-width: 180px) 100vw, 180px\" \/><\/a><br \/>\n(4) Blick nordw\u00e4rts Pferdekoppel\u00a0\u00a0\u00a0\u00a0\u00a0\u00a0\u00a0\u00a0\u00a0 (5) Die Schlatthof-Strausse 5.5.2013<\/p>\n<p>&nbsp;<\/p>\n<p>&nbsp;<\/p>\n","protected":false},"excerpt":{"rendered":"<p>Home &gt;Tourismus &gt;Landwirt\u00a0&gt;Bauernhof &gt;Freiburg &gt;Freiburg-Bauernhof\u00a0&gt;Schlatthof &nbsp; &nbsp; Freiburg-StGeorgen www.freiburg-schwarzwald.de\/freiburg5.htm &gt;Archivseite Schlatthof Schlatthof &nbsp; &nbsp; Schlatthof Mitten im Mooswald, in der N\u00e4he des Eugen-Keidel-Thermalbades befindet sich das Weingut Schlatthof und die gleichnamige Strau\u00dfwirtschaft. Strau\u00dfe vom 12.3. bis 9.5. und 3.9. bis &hellip; <a href=\"https:\/\/www.freiburg-schwarzwald.de\/blog\/bauernhof\/schlatthof\/\">Weiterlesen <span class=\"meta-nav\">&rarr;<\/span><\/a><\/p>\n","protected":false},"author":4,"featured_media":0,"parent":373,"menu_order":0,"comment_status":"open","ping_status":"closed","template":"","meta":{"footnotes":""},"class_list":["post-28891","page","type-page","status-publish","hentry"],"_links":{"self":[{"href":"https:\/\/www.freiburg-schwarzwald.de\/blog\/wp-json\/wp\/v2\/pages\/28891","targetHints":{"allow":["GET"]}}],"collection":[{"href":"https:\/\/www.freiburg-schwarzwald.de\/blog\/wp-json\/wp\/v2\/pages"}],"about":[{"href":"https:\/\/www.freiburg-schwarzwald.de\/blog\/wp-json\/wp\/v2\/types\/page"}],"author":[{"embeddable":true,"href":"https:\/\/www.freiburg-schwarzwald.de\/blog\/wp-json\/wp\/v2\/users\/4"}],"replies":[{"embeddable":true,"href":"https:\/\/www.freiburg-schwarzwald.de\/blog\/wp-json\/wp\/v2\/comments?post=28891"}],"version-history":[{"count":0,"href":"https:\/\/www.freiburg-schwarzwald.de\/blog\/wp-json\/wp\/v2\/pages\/28891\/revisions"}],"up":[{"embeddable":true,"href":"https:\/\/www.freiburg-schwarzwald.de\/blog\/wp-json\/wp\/v2\/pages\/373"}],"wp:attachment":[{"href":"https:\/\/www.freiburg-schwarzwald.de\/blog\/wp-json\/wp\/v2\/media?parent=28891"}],"curies":[{"name":"wp","href":"https:\/\/api.w.org\/{rel}","templated":true}]}}