{"id":28596,"date":"2013-05-03T09:39:53","date_gmt":"2013-05-03T07:39:53","guid":{"rendered":"https:\/\/www.freiburg-schwarzwald.de\/blog\/?page_id=28596"},"modified":"2017-06-02T09:11:27","modified_gmt":"2017-06-02T07:11:27","slug":"stadtjugendring","status":"publish","type":"page","link":"https:\/\/www.freiburg-schwarzwald.de\/blog\/selbsthilfe\/jugend\/stadtjugendring\/","title":{"rendered":"Stadtjugendring"},"content":{"rendered":"<p>Home\u00a0&gt;<a title=\"Regio\" href=\"https:\/\/www.freiburg-schwarzwald.de\/blog\/regio\/\">Regio<\/a> &gt;<a title=\"Orte\" href=\"https:\/\/www.freiburg-schwarzwald.de\/blog\/regio\/orte\/\">Orte<\/a>\u00a0&gt;<a title=\"Freiburg\" href=\"https:\/\/www.freiburg-schwarzwald.de\/blog\/regio\/freiburg\/\">Freiburg<\/a> &gt;<a title=\"Dienste\" href=\"https:\/\/www.freiburg-schwarzwald.de\/blog\/branchen\/dienste\/\">Dienste<\/a> &gt;<a title=\"Stadtfreiburg\" href=\"https:\/\/www.freiburg-schwarzwald.de\/blog\/regio\/freiburg\/stadtfreiburg\/\">StadtFreiburg<\/a>\u00a0&gt;<a title=\"Selbsthilfe\" href=\"https:\/\/www.freiburg-schwarzwald.de\/blog\/selbsthilfe\/\">Selbsthilfe<\/a> &gt;<a title=\"Jugend\" href=\"https:\/\/www.freiburg-schwarzwald.de\/blog\/selbsthilfe\/jugend\/\">Jugend <\/a>&gt;Stadtjugendring<\/p>\n<div id=\"attachment_22453\" style=\"width: 651px\" class=\"wp-caption alignnone\"><a href=\"https:\/\/www.freiburg-schwarzwald.de\/blog\/tourismus\/gastro\/gasthaus\/greiffenegg\/schlossberg17muenster-pan130214\/\" rel=\"attachment wp-att-22453\"><img loading=\"lazy\" decoding=\"async\" aria-describedby=\"caption-attachment-22453\" class=\"size-full wp-image-22453\" title=\"schlossberg17muenster-pan130214\" src=\"https:\/\/www.freiburg-schwarzwald.de\/blog\/wp-content\/uploads\/2013\/02\/schlossberg17muenster-pan130214.jpg\" alt=\"\" width=\"641\" height=\"283\" srcset=\"https:\/\/www.freiburg-schwarzwald.de\/blog\/wp-content\/uploads\/2013\/02\/schlossberg17muenster-pan130214.jpg 641w, https:\/\/www.freiburg-schwarzwald.de\/blog\/wp-content\/uploads\/2013\/02\/schlossberg17muenster-pan130214-180x79.jpg 180w, https:\/\/www.freiburg-schwarzwald.de\/blog\/wp-content\/uploads\/2013\/02\/schlossberg17muenster-pan130214-640x282.jpg 640w\" sizes=\"auto, (max-width: 641px) 100vw, 641px\" \/><\/a><p id=\"caption-attachment-22453\" class=\"wp-caption-text\">Blick vom Schlossberg nach Nordwesten \u00fcber das verschneite Freiburg am 14.2.2013<\/p><\/div>\n<ul>\n<li><a href=\"https:\/\/www.freiburg-schwarzwald.de\/blog\/sjr-fuer-diskussionsverbot-afd\/\">https:\/\/www.freiburg-schwarzwald.de\/blog\/sjr-fuer-diskussionsverbot-afd\/<\/a> (2.6.2017)<\/li>\n<li><a href=\"https:\/\/www.freiburg-schwarzwald.de\/blog\/wahl-16plus-gemeinderat-fr\/\">https:\/\/www.freiburg-schwarzwald.de\/blog\/wahl-16plus-gemeinderat-fr\/<\/a>\u00a0(23.3.2014)<\/li>\n<li>Jugendb\u00fcro und Sch\u00fclerbeirat diskutieren mehr Mitsprache an Schulen (3.5.2013)<\/li>\n<li><\/li>\n<li>Jugendb\u00fcro Freiburg<\/li>\n<li>Stadtjugendring Freiburg e.V.<\/li>\n<li><a title=\"Kreisjugendring\" href=\"https:\/\/www.freiburg-schwarzwald.de\/blog\/selbsthilfe\/jugend\/kreisjugendring\/\">Kreisjugendring<\/a><\/li>\n<li><a title=\"Jugend-forscht\" href=\"https:\/\/www.freiburg-schwarzwald.de\/blog\/bildung\/forschung\/jugend-forscht\/\">Jugend forscht<\/a><\/li>\n<li><a title=\"Jugendtreffs\" href=\"https:\/\/www.freiburg-schwarzwald.de\/blog\/selbsthilfe\/jugend\/jugendtreffs\/\">Jugendtreffs<\/a><\/li>\n<li><a title=\"Schulen\" href=\"https:\/\/www.freiburg-schwarzwald.de\/blog\/bildung\/schulen\/\">Schulen<\/a><\/li>\n<\/ul>\n<p>&nbsp;<\/p>\n<p>&nbsp;<\/p>\n<p><strong><br \/>\nJugendb\u00fcro und Sch\u00fclerbeirat diskutieren mehr Mitsprache an Schulen<\/strong><\/p>\n<p>Wie l\u00e4sst sich Mitbestimmung an Schulen intensivieren? Welche Formen gibt es? Wie gelingt es, dass Vorschl\u00e4ge in den Schulalltag einflie\u00dfen? Was muss gegeben sein, damit Sch\u00fclerinnen und Sch\u00fcler Verantwortung \u00fcbernehmen k\u00f6nnen? Antworten auf diese Fragen und viele weitere bot eine Tagung f\u00fcr Sch\u00fclerinnen und Sch\u00fcler, die das st\u00e4dtische Jugendb\u00fcro und der Freiburger Sch\u00fclerbeirat am Donnerstag im Haus der Jugend ausgerichtet haben. Aufgekommen war die Idee, so Ronja Posthoff vom Jugendb\u00fcro, beim vierten Jugendgipfel im Juni letzten Jahres mit dem Leitthema &#8222;F\u00fcr Freir\u00e4ume \u2013 gegen Vorurteile&#8220;. &#8222;Viele Teilnehmer \u00e4u\u00dferten den Wunsch nach mehr Mitsprache an ihrer Schule, und dass sie wirklich ernst genommen werden&#8220;, sagte sie. Dass das Jugendb\u00fcro und der Sch\u00fclerbeirat den Nerv der Zeit getroffen haben, zeigt die gro\u00dfe Beteiligung. 110 Klassen- und Sch\u00fclersprecher von 24 Schulen waren gekommen, viele hatten auch Verbindungslehrer mitgebracht. Besonders freut Ronja Posthoff, dass alle Schularten vertreten waren.<br \/>\nIn Gruppen diskutierten die jungen Leute \u00fcber Beteiligungsmodelle und Gestaltungsm\u00f6glichkeiten anhand praktischer Beispiele \u2013 etwa das Stufenmodell des Marta-Schanzenbach-Gymnasiums in Gegenbach in der Ortenau, in dem jede Jahrgangsstufe jedes Jahr ein Projekt plant und umsetzt, oder die Vernetzung durch den Freiburger Sch\u00fclerrat.<br \/>\nDer Wunsch Johannes Kuders, Siebtkl\u00e4ssler an der noch jungen Maria-Montesori-Realschule kommt bescheiden daher. Ihm w\u00fcrde es gefallen, die Pausen zu bestimmen, wie das die Sch\u00fcler an der freien Schule Kapriole k\u00f6nnen. Sergio Schmidt, Zw\u00f6lftkl\u00e4ssler am Technischen Gymnasium der Richard-Fehrenbach-Berufsschule und Sprecher des Sch\u00fclerrats, hat hingegen weitergehende Vorstellungen. Er w\u00fcnscht sich Mitsprache bei der Gestaltung von Unterrichtsmethoden. Gut f\u00e4nde er auch, wenn die Teilnahme an Projekt- oder Arbeitsgruppen im Zeugnis erw\u00e4hnt w\u00fcrde. Weiter w\u00fcnscht sich Sergio Schmidt eine intensivere Begleitung durch die Lehrer, um die Mitgestaltungsm\u00f6glichkeiten aussch\u00f6pfen zu k\u00f6nnen. &#8222;Wir werden zwar ernst genommen, k\u00f6nnen aber wenig Konkretes leisten&#8220;, meint er, wobei er sich bewusst ist, dass es an einer Schule mit mehr als 200 Klassen und kurzen Aufenthaltszeiten nicht einfach ist, Projekte umzusetzen.<br \/>\nOffenbar haben Sch\u00fcler am Wentzinger-Gymnasium viel Mitsprache. Bei der Sanierung etwa sprachen sie bei der Gestaltung der Aufenthaltsr\u00e4ume und des Au\u00dfengel\u00e4ndes mit. Sie beeinflussen Inhalte eines Faches, das soziale Kompetenzen vermittelt, und k\u00f6nnen in den Gesamtlehrerkonferenzen Anliegen vortragen. Die beiden Sch\u00fclersprecher Nesli Erg\u00fce und Felix Hofmann waren zur Tagung gekommen, um zu erfahren, wie sich Sch\u00fcler zur Mitarbeit motivieren lassen.<br \/>\n2.5.2013, Silvia Faller<br \/>\n<a title=\"\" href=\"https:\/\/www.smv.bw.schule.de\/\" target=\"_blank\">https:\/\/www.smv.bw.schule.de<\/a><\/p>\n<p>&#8212;&#8212;&#8212;&#8212;&#8212;&#8212;&#8212;&#8212;&#8212;&#8212;&#8212;&#8211;<\/p>\n<p>&nbsp;<\/p>\n<p><strong>Jugendb\u00fcro Freiburg<\/strong><\/p>\n<p>Jugendb\u00fcro Freiburg, Uhlandstr. 2\u00a0, 79102 Freiburg i. Br.<br \/>\n<a href=\"https:\/\/www.jugendbuero.net\/\">www.jugendbuero.net<\/a><\/p>\n<p>.<\/p>\n<p><strong>Stadtjugendring Freiburg e.V. &#8211; SRJ<\/strong><\/p>\n<p>Stadtjugendring Freiburg e.V.<br \/>\nGesch\u00e4ftsstelle Stadtjugendring, Kart\u00e4userstra\u00dfe 41, 79102 Freiburg<br \/>\nTel.: 0761-15 64 808 0, <a href=\"https:\/\/www.stadtjugendring-freiburg.de\/\" target=\"_blank\">www.stadtjugendring-freiburg.de<\/a><\/p>\n<p>Internetseitedes Freiburger Stadtjugendrings bei freiburgXtra &#8211; dem Internetportal f\u00fcr Freiburger Jugendliche.<br \/>\nViele Gr\u00fc\u00dfe Das Freiburger SJR-Team<br \/>\n<a href=\"https:\/\/www.freiburgXtra.de\">www.freiburgXtra.de<\/a><\/p>\n<p>&nbsp;<\/p>\n","protected":false},"excerpt":{"rendered":"<p>Home\u00a0&gt;Regio &gt;Orte\u00a0&gt;Freiburg &gt;Dienste &gt;StadtFreiburg\u00a0&gt;Selbsthilfe &gt;Jugend &gt;Stadtjugendring https:\/\/www.freiburg-schwarzwald.de\/blog\/sjr-fuer-diskussionsverbot-afd\/ (2.6.2017) https:\/\/www.freiburg-schwarzwald.de\/blog\/wahl-16plus-gemeinderat-fr\/\u00a0(23.3.2014) Jugendb\u00fcro und Sch\u00fclerbeirat diskutieren mehr Mitsprache an Schulen (3.5.2013) Jugendb\u00fcro Freiburg Stadtjugendring Freiburg e.V. Kreisjugendring Jugend forscht Jugendtreffs Schulen &nbsp; &nbsp; Jugendb\u00fcro und Sch\u00fclerbeirat diskutieren mehr Mitsprache an Schulen Wie l\u00e4sst &hellip; <a href=\"https:\/\/www.freiburg-schwarzwald.de\/blog\/selbsthilfe\/jugend\/stadtjugendring\/\">Weiterlesen <span class=\"meta-nav\">&rarr;<\/span><\/a><\/p>\n","protected":false},"author":4,"featured_media":0,"parent":1121,"menu_order":0,"comment_status":"open","ping_status":"closed","template":"","meta":{"footnotes":""},"class_list":["post-28596","page","type-page","status-publish","hentry"],"_links":{"self":[{"href":"https:\/\/www.freiburg-schwarzwald.de\/blog\/wp-json\/wp\/v2\/pages\/28596","targetHints":{"allow":["GET"]}}],"collection":[{"href":"https:\/\/www.freiburg-schwarzwald.de\/blog\/wp-json\/wp\/v2\/pages"}],"about":[{"href":"https:\/\/www.freiburg-schwarzwald.de\/blog\/wp-json\/wp\/v2\/types\/page"}],"author":[{"embeddable":true,"href":"https:\/\/www.freiburg-schwarzwald.de\/blog\/wp-json\/wp\/v2\/users\/4"}],"replies":[{"embeddable":true,"href":"https:\/\/www.freiburg-schwarzwald.de\/blog\/wp-json\/wp\/v2\/comments?post=28596"}],"version-history":[{"count":0,"href":"https:\/\/www.freiburg-schwarzwald.de\/blog\/wp-json\/wp\/v2\/pages\/28596\/revisions"}],"up":[{"embeddable":true,"href":"https:\/\/www.freiburg-schwarzwald.de\/blog\/wp-json\/wp\/v2\/pages\/1121"}],"wp:attachment":[{"href":"https:\/\/www.freiburg-schwarzwald.de\/blog\/wp-json\/wp\/v2\/media?parent=28596"}],"curies":[{"name":"wp","href":"https:\/\/api.w.org\/{rel}","templated":true}]}}