{"id":27884,"date":"2013-04-26T09:36:40","date_gmt":"2013-04-26T07:36:40","guid":{"rendered":"https:\/\/www.freiburg-schwarzwald.de\/blog\/?page_id=27884"},"modified":"2026-02-28T14:11:10","modified_gmt":"2026-02-28T13:11:10","slug":"banken","status":"publish","type":"page","link":"https:\/\/www.freiburg-schwarzwald.de\/blog\/business\/dienste\/banken\/","title":{"rendered":"Banken"},"content":{"rendered":"<p>Home &gt;<a title=\"Business\" href=\"https:\/\/www.freiburg-schwarzwald.de\/blog\/business\/\">Business<\/a> &gt;<a title=\"Dienste\" href=\"https:\/\/www.freiburg-schwarzwald.de\/blog\/business\/dienste\/\">Dienste<\/a> &gt;Banken<\/p>\n<div id=\"attachment_24732\" style=\"width: 612px\" class=\"wp-caption alignnone\"><a href=\"https:\/\/www.freiburg-schwarzwald.de\/blog\/regio\/orte\/wieden\/wieden-laitenbach-pan100429\/\" rel=\"attachment wp-att-24732\"><img loading=\"lazy\" decoding=\"async\" aria-describedby=\"caption-attachment-24732\" class=\"size-full wp-image-24732\" title=\"wieden-laitenbach-pan100429\" src=\"https:\/\/www.freiburg-schwarzwald.de\/blog\/wp-content\/uploads\/2013\/03\/wieden-laitenbach-pan100429.jpg\" alt=\"\" width=\"602\" height=\"165\" srcset=\"https:\/\/www.freiburg-schwarzwald.de\/blog\/wp-content\/uploads\/2013\/03\/wieden-laitenbach-pan100429.jpg 602w, https:\/\/www.freiburg-schwarzwald.de\/blog\/wp-content\/uploads\/2013\/03\/wieden-laitenbach-pan100429-180x49.jpg 180w\" sizes=\"auto, (max-width: 602px) 100vw, 602px\" \/><\/a><p id=\"caption-attachment-24732\" class=\"wp-caption-text\">Blick vom Str\u00e4\u00dfchen von Ober-Rollsbach nach Laitenbach am 29.4.2010 nach Nordwesten auf Laitenbach und Ungendwieden<\/p><\/div>\n<ul>\n<li><em>Listenauswahl eines Beitrags (Artikel\/Datum, Seite\/Inhalt):\u00a0<span style=\"text-decoration: underline;\">Klicken<\/span>\u00a0oder scrollen<\/em><\/li>\n<li><a href=\"https:\/\/www.freiburg-schwarzwald.de\/blog\/kultur\/medien\/meinungsfreiheit\/debanking\/\">Debanking: F\u00fcr die AfD geschlossen<\/a>\u00a0(27.2.2026)<\/li>\n<li><a href=\"https:\/\/www.freiburg-schwarzwald.de\/blog\/teilhabe-analog-und-digital\/\">Teilhabe: analog und digital<\/a>\u00a0(24.1.2026)<\/li>\n<li><a href=\"https:\/\/www.freiburg-schwarzwald.de\/blog\/selbsthilfe\/krise\/gewalt\/linke-gewalt\/giessen29nov2025linkegewalt\/\">Linkes Schutzgeld: Vom Ende der Diskussion<\/a>\u00a0(2.12.2025)<\/li>\n<li><a href=\"https:\/\/www.freiburg-schwarzwald.de\/blog\/ernst-wolff-geld-finanz-system\/\">Ernst Wolff: Geld-Finanz-System<\/a>\u00a0(3.11.2023)<\/li>\n<li><a href=\"https:\/\/www.freiburg-schwarzwald.de\/blog\/global\/finanzsystem\/\">Gewinnerwartung statt Zins<\/a> (21.4.2023)<\/li>\n<li><a href=\"https:\/\/www.freiburg-schwarzwald.de\/blog\/business\/industrie\/mittelstand\/insolvenz\/\">Die Banken, die Staaten oder die B\u00fcrger retten?<\/a>\u00a0(24.3.2023)<\/li>\n<li>Bankensystem: Pleite, aber Boni (20.3.2023)<\/li>\n<li><a href=\"https:\/\/www.freiburg-schwarzwald.de\/blog\/global\/finanzsystem\/bargeld\/\">Vorteil von Bargeld contra Digitalgeld<\/a>\u00a0(8.12.2022)<\/li>\n<li><a href=\"https:\/\/www.freiburg-schwarzwald.de\/blog\/global\/finanzsystem\/bargeld\/\">Eberhard Hamer: Vom realen Bargeld zum irrealen Digitalgeld<\/a>\u00a0(18.5.2022)<\/li>\n<li><a href=\"https:\/\/www.freiburg-schwarzwald.de\/blog\/inflationsrate-steigt-auf-53\/\">Inflationsrate steigt auf 5,3 %<\/a>\u00a0(19.1.2022)<\/li>\n<li><a href=\"https:\/\/www.freiburg-schwarzwald.de\/blog\/business\/dienste\/banken\/inflation\/\">Die B\u00e4ndigung der Geldflut<\/a> (13.1.2022)<\/li>\n<li>Banken m\u00fcssen Steuersumpf trockenlegen &#8211; FACTA (5.4.2016)<\/li>\n<li><a href=\"https:\/\/www.freiburg-schwarzwald.de\/blog\/sparkasse-hochschwarzwald-12\/\">https:\/\/www.freiburg-schwarzwald.de\/blog\/sparkasse-hochschwarzwald-12\/<\/a>\u00a0(25.4.2013)<\/li>\n<li><a href=\"https:\/\/www.freiburg-schwarzwald.de\/littenweiler\/banken1.htm\">Aktuelle Infos zur Banken-Seite<\/a> &gt;Banken1<\/li>\n<li><\/li>\n<li><strong><a href=\"https:\/\/www.freiburg-schwarzwald.de\/littenweiler\/banken.htm\">https:\/\/www.freiburg-schwarzwald.de\/littenweiler\/banken.htm<\/a> &gt;Archivseite Banken<\/strong><\/li>\n<li><a title=\"Bargeld\" href=\"https:\/\/www.freiburg-schwarzwald.de\/blog\/global\/finanzsystem\/bargeld\/\">Bargeld<\/a><\/li>\n<li>BBBank in Freiburg<\/li>\n<li>GLS-Bank in Freiburg<\/li>\n<li>Sparkasse in Freiburg<\/li>\n<li>Sparkasse Breisgau-Hochschwarzwald in Titisee\/Neustadt<\/li>\n<li>Volksbank in Freiburg<\/li>\n<li><a href=\"https:\/\/www.freiburg-schwarzwald.de\/55mrdeuro.htm\">55 Mrd Euro als Staatsschulden falsch verbucht &#8211; einfach so<\/a> &gt;55MrdEuro<\/li>\n<li><a title=\"Blockchain\" href=\"https:\/\/www.freiburg-schwarzwald.de\/blog\/business\/dienste\/blockchain\/\">Blockchain<\/a><\/li>\n<li><a href=\"https:\/\/www.freiburg-schwarzwald.de\/blog\/kultur\/medien\/meinungsfreiheit\/debanking\/\">Debanking<\/a><\/li>\n<li><a href=\"https:\/\/www.freiburg-schwarzwald.de\/blog\/global\/finanzsystem\/digitalgeld\/\">Digitalgeld<\/a><\/li>\n<li><a title=\"EU-Banken\" href=\"https:\/\/www.freiburg-schwarzwald.de\/blog\/global\/eu\/eu-banken\/\">EU-Banken<\/a><\/li>\n<li><a title=\"EZB\" href=\"https:\/\/www.freiburg-schwarzwald.de\/blog\/global\/eu\/ezb\/\">EZB<\/a><\/li>\n<li><a href=\"https:\/\/www.freiburg-schwarzwald.de\/finanzsystem.htm\">Finanzkrise<\/a> &gt;Finanzsystem<\/li>\n<li><a href=\"https:\/\/www.freiburg-schwarzwald.de\/littenweiler\/finanz.htm\">Finanzberatung und -dienstleistungen<\/a> &gt;Finanz<\/li>\n<li><a href=\"https:\/\/www.freiburg-schwarzwald.de\/blog\/business\/dienste\/banken\/geld\/\">Geld<\/a><\/li>\n<li><a href=\"https:\/\/www.freiburg-schwarzwald.de\/kapitalanlage.htm\">Geldanlage<\/a> &gt;Kapitalanlage<\/li>\n<li><a href=\"https:\/\/www.freiburg-schwarzwald.de\/blog\/business\/dienste\/banken\/inflation\/\">Inflation<\/a><\/li>\n<li><a href=\"https:\/\/www.freiburg-schwarzwald.de\/blog\/business\/industrie\/mittelstand\/insolvenz\/\">Insolvenz<\/a><\/li>\n<li><a href=\"https:\/\/www.freiburg-schwarzwald.de\/littenweiler\/ph1.htm#M\u00fcnzen - 5000 Geldm\u00fcnzen aus Kupfer auf einem Haufen\">M\u00fcnzen &#8211; 5000 Geldm\u00fcnzen aus Kupfer auf einem Haufen<\/a> &gt;PH1 (24.7.2011)<\/li>\n<li><a title=\"Sparen\" href=\"https:\/\/www.freiburg-schwarzwald.de\/blog\/global\/eu\/sparen\/\">Sparen &#8211; Einlagensicherung\u00a0<\/a><\/li>\n<li><a title=\"Zins\" href=\"https:\/\/www.freiburg-schwarzwald.de\/blog\/global\/finanzsystem\/zins\/\">Zins<\/a><\/li>\n<\/ul>\n<p>&nbsp;<\/p>\n<p><strong>Bankensystem: Pleite, aber Boni<\/strong><br \/>\n\u201eZwischen 2013 und jetzt hat die Credit Suisse insgesamt kumuliert einen Verlust von 3,2 Milliarden Franken ausgewiesen f\u00fcr die Aktion\u00e4re. Das bedeutet, die Eigent\u00fcmer, die Gesellschafter dieses Unternehmens, denen eigentlich das Unternehmen geh\u00f6rt, haben \u00fcber die gesamten letzten zehn Jahre einen Verlust gemacht, w\u00e4hrend das Top-Management in den letzten zehn Jahren das Zehnfache an Gewinn gemacht hat, n\u00e4mlich 32 Milliarden Franken an Boni-Zahlungen. Das ist der absolute Wahnsinn, was f\u00fcr eine Aush\u00f6hlung der Aktion\u00e4re und der Aktion\u00e4rsrechte. Die Kirsche auf dem Sahneh\u00e4ubchen der Dreistigkeit ist es dann, da\u00df man sogar jetzt noch, am 24. M\u00e4rz, die Boni immer noch auszahlen will.\u201c<br \/>\nKolja Barghoorn, Finanz-Youtuber, auf seinem Kanal \u201eAktien mit Kopf\u201c am 20. M\u00e4rz 2023<\/p>\n<p>&nbsp;<\/p>\n<p><strong>Banken m\u00fcssen Steuersumpf trockenlegen &#8211; FACTA<\/strong><br \/>\nDie Trockenlegung des Steuersumpfes muss \u00fcber die Banken f\u00fchren. Banken vermitteln die Reise des Geldes aus den Steueroasen in die Realwirtschaft, wo Ertr\u00e4ge erwirtschaftet werden. Aus den USA wissen wir, wie man gegen die Mitt\u00e4terschaft der Banken vorgehen kann: Banken m\u00fcssen garantieren k\u00f6nnen, dass sie grunds\u00e4tzlich nur Konten und Gesch\u00e4ftsbeziehungen unterhalten, bei denen sie die wirtschaftlich Beg\u00fcnstigten kennen. Machen sie mit instransparenten Firmen Gesch\u00e4fte, m\u00fcssen sie eine Strafe zahlen. In den USA hei\u00dft das enstprechende Gesetz Foreign Account Tax Compliance Act (FATCA). Solche Sanktionen gegen Banken, die sich an dubiosen Gesch\u00e4ften beteiligen, sollten auf europ\u00e4ischer Ebene eingef\u00fchrt werden. Denn eines ist klar: Gegen die globale Geldw\u00e4scheindustrie ist ein Staat alleine machtlos. Die Offensive gegen Geldw\u00e4sche muss europ\u00e4isch und global gef\u00fchrt werden. &#8230;<br \/>\n&#8230;. Alles von Sven Giegold vom 4.4.2016 bitte lesen auf<br \/>\n<a href=\"https:\/\/www.cicero.de\/kapital\/panama-papers-kampf-gegen-steueroasen-ist-ein-kampf-fuer-rechtsstaatlichkeit-und-demokratie\">https:\/\/www.cicero.de\/kapital\/panama-papers-kampf-gegen-steueroasen-ist-ein-kampf-fuer-rechtsstaatlichkeit-und-demokratie<br \/>\n<\/a><br \/>\nIn der Zeit wurde berichtet, dass die Journalisten zu einer amerikanischen Vereinigung geh\u00f6ren, die von Soros, Rockefeller und andern Reichen finanziert werden. Ziel der Recherche war, herauszufinden, wer gegen amerikanische Sanktionsauflagen verstie\u00dfe. Es es wohl viel Beifang ins Netz gegangen.\u00a0Mich w\u00fcrde viel mehr interessieren, warum immer Deutschland verhindert, dass in Europa Transparenz Gesetze in Kraft treten k\u00f6nnen.<br \/>\nChristiane Bohm, 5.4.2016<\/p>\n<p>.<\/p>\n<p>&nbsp;<\/p>\n<p><strong>BBBank Karlsruhe<\/strong><\/p>\n<p>BBBank eG<br \/>\n79102 Freiburg, G\u00fcnterstalstra\u00dfe 17-19<br \/>\nTel: (07 61) 7 90 88-0, Fax: (07 61) 7 90 88-66<\/p>\n<p>BBBank eG<br \/>\n79098 Freiburg, Kartoffelmarkt 2<br \/>\nTel: (07 61) 3 19 19-0, Fax: (07 61) 3 19 19-166<\/p>\n<p>BBBank eG, Filiale Haslach<br \/>\n76115 Freiburg, Carl-Kistner-Stra\u00dfe 21<br \/>\nTel: (07 61) 45 33 41-0, Fax: (07 61) 45 33 41-66<\/p>\n<p>\u00d6ffnungszeiten aller Freiburger Filialen:<\/p>\n<p>Mo + Do 9.00 &#8211; 13.00 Uhr und 14.00 &#8211; 18.00 Uhr<br \/>\nDi, Mi + Fr 9.00 &#8211; 13.00 Uhr und 14.00 &#8211; 16.00 Uhr<\/p>\n<p>BBBank eG, Filiale Emmendingen<br \/>\n76275 Kronenstra\u00dfe 17<br \/>\nTel: (0 76 41) 92 69-0, Fax: (0 76 41) 92 69-66<br \/>\n\u00d6ffnungszeiten: Mo + Do 8.30 &#8211; 12.45 Uhr und 14.00 &#8211; 18.00 Uhr, Di +<br \/>\nFr 8.30 &#8211; 12.45 Uhr und 14.00 &#8211; 16.00 Uhr, Mi 8.30 &#8211; 12.45 Uhr<\/p>\n<p>Internet <a href=\"https:\/\/www.bbbank.de\/\">https:\/\/www.bbbank.de<\/a><br \/>\n<a href=\"https:\/\/www.freiburg-schwarzwald.de\/littenweiler\/himmelreich2.htm#BBBank spendet 13041,45 Euro f\u00fcr Lehrk\u00fcche im Hofgut Himmelreich\">BBBank spendet 13041,45 Euro f\u00fcr Lehrk\u00fcche im Hofgut Himmelreich<\/a> &gt;Himmelreich2 (21.7.)<\/p>\n<p>&nbsp;<\/p>\n<p>&nbsp;<\/p>\n<p><a name=\"GLS-Bank in Freiburg\"><\/a><strong>GLS-Bank in Freiburg<\/strong><\/p>\n<p>Die GLS-Bank in Freiburg ist aus der einstigen \u00d6kobank hervorgegangen. In 2008 nahmen die Neukunden um knapp sieben Prozent hinzu, von 5890 im Jahr 2007 stieg die Zahl der Kunden auf 6300 an. Auch die Kundeneinlagen nahmen zu &#8211; in Freiburg um 16,5 Prozent.<\/p>\n<p>Merzhauserstrasse 177, 79100 Freiburg-Vauban, im Sonnenschiff<br \/>\n<a href=\"https:\/\/www.gls.de\/die-gls-bank\/ueber-uns\/standorte-und-filialen\/wegbeschreibung-freiburg.html\">www.gls.de\/die-gls-bank\/ueber-uns\/standorte-und-filialen\/wegbeschreibung-<wbr \/>freiburg.html<\/a><\/p>\n<p>&nbsp;<\/p>\n<p>&nbsp;<\/p>\n<p align=\"left\"><strong><a name=\"Sparkasse Freiburg\"><\/a>Sparkasse Freiburg\u00a0&#8211; N\u00f6rdlicher\u00a0Breisgau<\/strong><\/p>\n<p align=\"left\">\u00dcber 1300 Mitarbeiter im Breisgau.<br \/>\nKaiser-Joseph-Str.186-190, 79098 Freiburg, Tel\u00a00761\/215-0, Fax 215-19 99<br \/>\neMail <a href=\"mailto:info@sparkasse-freiburg.de\">info@sparkasse-freiburg.de<br \/>\n<\/a>Internet <a href=\"https:\/\/www.sparkasse-freiburg.de\/\">www.sparkasse-freiburg.de<\/a>\u00a0mit Schul-Service, Jugend-Club.<\/p>\n<p>Zweigstellen im Freiburger Osten:<br \/>\nZweigstelle Ebnet: Schwarzwaldstr. 235, Tel 0761\/215-3955, Fax 215-3959<br \/>\nMo &#8211; Fr 08.30 &#8211; 12.00 ; Mo,Di,Fr 14.00 &#8211; 16.30 ; Do 14.00 &#8211; 18.00<br \/>\nMittwochnachmittag geschlossen <!--Zeilenende --><!--Zeilenanfang --><\/p>\n<p>Zweigstelle Kappel: Reichenbachstr. 10, Tel 0761\/215-3970, Fax 215-3979<br \/>\nMo &#8211; Fr 08.30 &#8211; 12.00 ; Di, Do, Fr 14.00 &#8211; 16.30 ; Mo 14.00 &#8211; 18.00<br \/>\nMittwochnachmittag geschlossen<\/p>\n<p>Zweigstelle Littenweiler: La\u00dfbergstr. 2, Tel 0761\/215-3470, Fax 215-3479<br \/>\nMo-Fr 08.30-12.00. Mo, Do 14.00-18.00. Di, Mi, Fr 14.00-16.30<\/p>\n<p>SB-Gesch\u00e4ftsstelle Littenweiler (Automaten), Alemannenstrasse 68a<\/p>\n<p><a href=\"https:\/\/www.freiburg-schwarzwald.de\/cuckooclocks1.htm#Der Schwarzwald und die Kuckucksuhr: Ausstellung ? Uhr des Jahres\">Der Schwarzwald und die Kuckucksuhr: Ausstellung \u2013 Uhr des Jahres<\/a> &gt;Cuckooclocks1 (12.7.2011)<br \/>\n<a href=\"https:\/\/www.freiburg-schwarzwald.de\/littenweiler\/kajo.htm#Abrisspl\u00e4ne der Sparkasse: Keinerlei Verst\u00e4ndnis der Freiburger\">Abrisspl\u00e4ne der Sparkasse: Keinerlei Verst\u00e4ndnis der Freiburger<\/a>\u00a0&gt;KaJo (29.11.2010)<br \/>\n<a href=\"https:\/\/www.freiburg-schwarzwald.de\/weihnachten1.htm#Weihnachten im Schuhkarton: Aktion von AWO und Sparkasse FR\">Weihnachten im Schuhkarton: Aktion von AWO und Sparkasse FR<\/a> &gt;Weihnachten1 (28.11.2010)<br \/>\n<a href=\"https:\/\/www.freiburg-schwarzwald.de\/industrie3.htm#Innovationspreis 2009: Sensopart, Sutter, KLS Martin, C&amp;C\">Innovationspreis 2009: Sensopart, Sutter, KLS Martin, C&amp;C<\/a> &gt;Industrie1 (12.4.2009)<br \/>\n<a href=\"https:\/\/www.freiburg-schwarzwald.de\/littenweiler\/buergerpreis.htm#5. Freiburger B\u00fcrgerpreis: Anerkennung f\u00fcr ehrenamtlich Engagierte\">5. Freiburger B\u00fcrgerpreis: Anerkennung f\u00fcr ehrenamtlich Engagierte<\/a> &gt;Buergerpreis (19.7.08)<br \/>\n<a href=\"https:\/\/www.freiburg-schwarzwald.de\/alemannisch\/alemannisch5.htm#Ausstellung 16.4.-15.5.2008 der Muettersproch-Gsellschaft in Sparkasse FR\">Ausstellung 16.4.-15.5.2008 Muettersproch-Gsellschaft Sparkasse FR<\/a> &gt;Alemannisch5 (12.4.08)<br \/>\n<a href=\"https:\/\/www.freiburg-schwarzwald.de\/littenweiler\/buergerpreis.htm#Freiburger B\u00fcrgerpreis: Kinder f\u00f6rdern - in die Zukunft investieren\">Freiburger B\u00fcrgerpreis: &#8222;Kinder f\u00f6rdern &#8211; in die Zukunft investieren&#8220;<\/a> &gt;Buergerpreis (25.3.2008)<br \/>\n<a href=\"https:\/\/www.freiburg-schwarzwald.de\/littenweiler\/buergerpreis.htm#4. Freiburger B\u00fcrgerpreis ausgeschrieben: Engagement im Sport gesucht\">4. Freiburger B\u00fcrgerpreis ausgeschrieben: Engagement im Sport gesucht<\/a> &gt;Buergerpreis (17.3.)<br \/>\n<a href=\"https:\/\/www.freiburg-schwarzwald.de\/littenweiler\/ehrenamt4.htm#Freiburg packt an: Schulhofprojekte, Abschlu\u00dffeuer\">Freiburg packt an: Schulhofprojekte, Abschlu\u00dffeier<\/a> &gt;Ehrenamt4 (17.10.2006)<br \/>\n<a href=\"https:\/\/www.freiburg-schwarzwald.de\/littenweiler\/ehrenamt3.htm#B\u00fcrgerpreis 2004 an Christa M\u00fcller, Hubert Sauer und zwei Initiativen\">B\u00fcrgerpreis 2004 an Christa M\u00fcller, Hubert Sauer und zwei Initiativen<\/a> &gt;Ehrenamt3 (17.7.2004)<\/p>\n<p><a name=\"Sparkasse Breisgau-Hochschwarzwald in Titisee\/Neustadt\"><\/a><strong>Sparkasse Breisgau-Hochschwarzwald in Titisee\/Neustadt<\/strong><\/p>\n<p><a href=\"https:\/\/www.sparkasse-hochschwarzwald.de\/\">www.sparkasse-hochschwarzwald.de<\/a><br \/>\n<a href=\"https:\/\/www.freiburg-schwarzwald.de\/immobilien.htm#Sparkasse Hochschwarzwald\">Immobilienabteilung<\/a> &gt;Immobilien<\/p>\n<p>Sparkasse &#8211; Geld und Kunst<br \/>\n<a href=\"https:\/\/www.freiburg-schwarzwald.de\/kunstspk.htm\">Kunstausstellungen der Sparkasse in Kirchzarten und Neustadt<\/a> &gt;KunstSpk<\/p>\n<p>Gerhard Strittmatter \u00fcbergibt Spendenscheck an Gasthof Himmelreich:<br \/>\n<a href=\"https:\/\/www.freiburg-schwarzwald.de\/littenweiler\/buchenbach2.htm#Hofgut Himmelreich - geistig behinderte und nicht behinderte Menschen\">Himmelreich &#8211; geistig behinderte und nicht behinderte Menschen<\/a> &gt;Buchenbach2 (25.11.2004)<br \/>\n<a href=\"https:\/\/www.freiburg-schwarzwald.de\/littenweiler\/dienste1.htm#Sparkasse Hochschwarzwald ist Spiegelbild der Region\">Sparkasse Hochschwarzwald ist Spiegelbild der Region<\/a> &gt;Dienste1 (4.5.2007)<br \/>\n<a href=\"https:\/\/www.freiburg-schwarzwald.de\/loipe2.htm#32. Deutschen Sparkassen-Skilanglauf in Hinterzarten\/Notschrei\">32. Deutschen Sparkassen-Skilanglauf in Hinterzarten\/Notschrei<\/a> &gt;Loipe2 (17.1.2011)<br \/>\n<a href=\"https:\/\/www.freiburg-schwarzwald.de\/littenweiler\/jugend4.htm#B\u00f6rse-Planspiel 2010: Sieger bei Sparkasse Hochschwarzwald\">B\u00f6rse-Planspiel 2010: Sieger bei Sparkasse Hochschwarzwald<\/a> &gt;Jugend4 (23.12.2010)<br \/>\n<a href=\"https:\/\/www.freiburg-schwarzwald.de\/hilfe2.htm#Modellprojekt Help des DRK: Junge Bankkaufleute im Altenheim\">Modellprojekt Help des DRK: Junge Bankkaufleute im Altenheim<\/a> &gt;Hilfe2 (19.3.2008)<br \/>\n<a href=\"https:\/\/www.freiburg-schwarzwald.de\/littenweiler\/musik2.htm#Jugendmusikschule Dreisamtal - Sponsoren EWK und Sparkasse\">Jugendmusikschule Dreisamtal &#8211; Sponsoren EWK und Sparkasse<\/a> &gt;Musik2 (11.5.2007)<br \/>\n<a href=\"https:\/\/www.freiburg-schwarzwald.de\/littenweiler\/kindergarten2.htm#Sparkasse beschenkte f\u00fcnf Kinderg\u00e4rten\">Sparkasse beschenkte f\u00fcnf Kinderg\u00e4rten<\/a> &gt;Kindergarten2 (11.1.2007)<br \/>\n<a href=\"https:\/\/www.freiburg-schwarzwald.de\/milch1.htm#Joghurt-Aktion von Sparkasse Hochschwarzwald, Breisgau Milch und Landfrauen\">Joghurt-Aktion von Sparkasse Hochschwarzwald, Breisgau Milch, Landfrauen<\/a> &gt;Milch1 (10.7.06)<\/p>\n<p align=\"left\"><a name=\"Volksbank Freiburg\"><\/a><strong>Volksbank Freiburg<\/strong><\/p>\n<p align=\"left\">Intenet <a href=\"https:\/\/www.volksbank-freiburg.de\/\">www.volksbank-freiburg.de<br \/>\n<\/a>eMail <a href=\"mailto:info@volksbank-freiburg.de\">info@volksbank-freiburg.de<\/a><\/p>\n<p align=\"left\">Zweigstelle Littenweiler, Kappler Strasse 1, Tel 0761\/69 69 40<br \/>\nZweigstelle Ebnet, Steinhalde 7, Tel 0761\/6 96 88 90<br \/>\nZweigstelle Kirchzarten, Schwarzwaldstr. 18, 79199 Kirchzarten<br \/>\nTel 07661\/9 30 30<\/p>\n<p align=\"left\"><a href=\"https:\/\/www.freiburg-schwarzwald.de\/littenweiler\/fotografie1.htm#F\u00fcnf Jahre Freiburger Jugendfotopreis: Preistr\u00e4ger\">F\u00fcnf Jahre Freiburger Jugendfotopreis: Preistr\u00e4ger <\/a>&gt;Fotographie1 (9.12.2010)<br \/>\n<a href=\"https:\/\/www.freiburg-schwarzwald.de\/littenweiler\/sport2.htm#Autogrammstunde mit EHC-Cracks ? 500 Freikarten - Sponsor Volksbank\">Autogrammstunde mit EHC-Cracks \u2013 500 Freikarten &#8211; Sponsor Volksbank<\/a> &gt;Sport2 (11.12.2008)<br \/>\n<a href=\"https:\/\/www.freiburg-schwarzwald.de\/littenweiler\/buch2.htm#Historisches Lesebuch: Freiburg und Volksbank\">Historisches Lesebuch: Freiburg und Volksbank<\/a> &gt;Buch2 (8.3.2007)<br \/>\n<a href=\"https:\/\/www.freiburg-schwarzwald.de\/stiftungen1.htm#Neue Stiftung Solidarsinn Volksbank - Mitglieder helfen Mitgliedern\">Neue Stiftung Solidarsinn Volksbank &#8211; Mitglieder helfen Mitgliedern<\/a> &gt;Stiftungen1 (30.12.2005)<\/p>\n","protected":false},"excerpt":{"rendered":"<p>Home &gt;Business &gt;Dienste &gt;Banken Listenauswahl eines Beitrags (Artikel\/Datum, Seite\/Inhalt):\u00a0Klicken\u00a0oder scrollen Debanking: F\u00fcr die AfD geschlossen\u00a0(27.2.2026) Teilhabe: analog und digital\u00a0(24.1.2026) Linkes Schutzgeld: Vom Ende der Diskussion\u00a0(2.12.2025) Ernst Wolff: Geld-Finanz-System\u00a0(3.11.2023) Gewinnerwartung statt Zins (21.4.2023) Die Banken, die Staaten oder die B\u00fcrger retten?\u00a0(24.3.2023) &hellip; <a href=\"https:\/\/www.freiburg-schwarzwald.de\/blog\/business\/dienste\/banken\/\">Weiterlesen <span class=\"meta-nav\">&rarr;<\/span><\/a><\/p>\n","protected":false},"author":4,"featured_media":0,"parent":191,"menu_order":0,"comment_status":"open","ping_status":"closed","template":"","meta":{"footnotes":""},"class_list":["post-27884","page","type-page","status-publish","hentry"],"_links":{"self":[{"href":"https:\/\/www.freiburg-schwarzwald.de\/blog\/wp-json\/wp\/v2\/pages\/27884","targetHints":{"allow":["GET"]}}],"collection":[{"href":"https:\/\/www.freiburg-schwarzwald.de\/blog\/wp-json\/wp\/v2\/pages"}],"about":[{"href":"https:\/\/www.freiburg-schwarzwald.de\/blog\/wp-json\/wp\/v2\/types\/page"}],"author":[{"embeddable":true,"href":"https:\/\/www.freiburg-schwarzwald.de\/blog\/wp-json\/wp\/v2\/users\/4"}],"replies":[{"embeddable":true,"href":"https:\/\/www.freiburg-schwarzwald.de\/blog\/wp-json\/wp\/v2\/comments?post=27884"}],"version-history":[{"count":5,"href":"https:\/\/www.freiburg-schwarzwald.de\/blog\/wp-json\/wp\/v2\/pages\/27884\/revisions"}],"predecessor-version":[{"id":146377,"href":"https:\/\/www.freiburg-schwarzwald.de\/blog\/wp-json\/wp\/v2\/pages\/27884\/revisions\/146377"}],"up":[{"embeddable":true,"href":"https:\/\/www.freiburg-schwarzwald.de\/blog\/wp-json\/wp\/v2\/pages\/191"}],"wp:attachment":[{"href":"https:\/\/www.freiburg-schwarzwald.de\/blog\/wp-json\/wp\/v2\/media?parent=27884"}],"curies":[{"name":"wp","href":"https:\/\/api.w.org\/{rel}","templated":true}]}}