{"id":27846,"date":"2013-04-25T21:01:07","date_gmt":"2013-04-25T19:01:07","guid":{"rendered":"https:\/\/www.freiburg-schwarzwald.de\/blog\/?page_id=27846"},"modified":"2021-09-12T21:36:45","modified_gmt":"2021-09-12T19:36:45","slug":"katastrophenschutz","status":"publish","type":"page","link":"https:\/\/www.freiburg-schwarzwald.de\/blog\/energie\/akw\/katastrophenschutz\/","title":{"rendered":"Katastrophenschutz"},"content":{"rendered":"<p>Home &gt;<a title=\"Energie\" href=\"https:\/\/www.freiburg-schwarzwald.de\/blog\/energie\/\">Energie<\/a> &gt;<a title=\"AKW\" href=\"https:\/\/www.freiburg-schwarzwald.de\/blog\/energie\/akw\/\">AKW<\/a> &gt;Katastrophenschutz<\/p>\n<div id=\"attachment_27410\" style=\"width: 612px\" class=\"wp-caption alignnone\"><a href=\"https:\/\/www.freiburg-schwarzwald.de\/blog\/regio\/freiburg\/rieselfeld\/bugginger-rieselfeld-pan101113\/\" rel=\"attachment wp-att-27410\"><img loading=\"lazy\" decoding=\"async\" aria-describedby=\"caption-attachment-27410\" class=\"size-full wp-image-27410\" title=\"bugginger-rieselfeld-pan101113\" src=\"https:\/\/www.freiburg-schwarzwald.de\/blog\/wp-content\/uploads\/2013\/04\/bugginger-rieselfeld-pan101113.jpg\" alt=\"\" width=\"602\" height=\"225\" srcset=\"https:\/\/www.freiburg-schwarzwald.de\/blog\/wp-content\/uploads\/2013\/04\/bugginger-rieselfeld-pan101113.jpg 602w, https:\/\/www.freiburg-schwarzwald.de\/blog\/wp-content\/uploads\/2013\/04\/bugginger-rieselfeld-pan101113-180x67.jpg 180w\" sizes=\"auto, (max-width: 602px) 100vw, 602px\" \/><\/a><p id=\"caption-attachment-27410\" class=\"wp-caption-text\">Buggi 50 am 13.11.2010 in Weingarten: Tele-Blick nach Westen \u00fcbers Rieselfeld und den Tuniberg zu den Vogesen<\/p><\/div>\n<ul>\n<li><a href=\"https:\/\/www.freiburg-schwarzwald.de\/blog\/natur\/klima\/ueberflutung\/\">Die vergessene Ahrtal-Katastrophe \u2013 Berichte von Betroffenen<\/a> (26.8.2021)<\/li>\n<li><a href=\"https:\/\/www.freiburg-schwarzwald.de\/blog\/natur\/klima\/ueberflutung\/\">AAD im Ahrtal versagt \u2013 Oberst a.D. Eder hilft<\/a>\u00a0(3.8.2021)<\/li>\n<li><a href=\"https:\/\/www.freiburg-schwarzwald.de\/blog\/global\/deutschland\/weltrettung\/\">Weltgesamtheit retten einfacher als Hochwasserschutz vorort<\/a>\u00a0(26.7.2021)<\/li>\n<li><a href=\"https:\/\/www.freiburg-schwarzwald.de\/blog\/flut-staat-wie-medien-versagen\/\">Flut: Staat wie Medien versagen<\/a> (27.7.2021)<\/li>\n<li><a href=\"https:\/\/www.freiburg-schwarzwald.de\/blog\/natur\/klima\/ueberflutung\/\">Weder Korrelation noch Kausalit\u00e4t: Flut und Klima<\/a>\u00a0(21.7.2021)<\/li>\n<li><a href=\"https:\/\/www.freiburg-schwarzwald.de\/blog\/natur\/klima\/ueberflutung\/\">Deutschland wurde pr\u00e4zise gewarnt \u2013 die B\u00fcrger aber nicht<\/a>\u00a0(19.7.2021)<\/li>\n<li>Ein GAU ist bei den \u00dcbungen nicht vorgesehen (29.11.2013)<\/li>\n<li>Weiterentwicklung Katastrophenschutz &#8211; Offener Brief an Regierungspr\u00e4sidium (25.4.2013)<\/li>\n<li><a href=\"https:\/\/www.freiburg-schwarzwald.de\/blog\/katastrophenschutz-fehlanzeige\/\">https:\/\/www.freiburg-schwarzwald.de\/blog\/katastrophenschutz-fehlanzeige\/<\/a>\u00a0(7.12.2012)<\/li>\n<li><a href=\"https:\/\/www.freiburg-schwarzwald.de\/blog\/evakuierungszone-akw-fessenheim-von-10-auf-25-km-ausweiten\/\">https:\/\/www.freiburg-schwarzwald.de\/blog\/evakuierungszone-akw-fessenheim-von-10-auf-25-km-ausweiten\/<\/a>\u00a0(14.7.2012)<\/li>\n<li><\/li>\n<li><a title=\"TRAS\" href=\"https:\/\/www.freiburg-schwarzwald.de\/blog\/energie\/akw\/tras\/\">TRAS<\/a><\/li>\n<li><a href=\"https:\/\/www.freiburg-schwarzwald.de\/blog\/natur\/klima\/ueberflutung\/\">Ueberflutung<\/a><\/li>\n<\/ul>\n<p>&nbsp;<\/p>\n<p>&nbsp;<\/p>\n<p><strong>Ein GAU ist bei den \u00dcbungen nicht vorgesehen<\/strong><br \/>\nDas ist schlimmer, als ich es mir in meinen k\u00fchnsten Albtr\u00e4umen ausgemalt hatte. &#8222;Ein GAU ist bei den \u00dcbungen nicht vorgesehen&#8220; sagt RP-Pressesprecher M\u00fcller-Bremberger in seiner \u2013 zugegebenerma\u00dfen wirklich sympathisch vorgetragenen \u2013 Bankrotterkl\u00e4rung. Er habe schon viele \u00dcbungen mitgemacht, aber ein GAU sei nicht dabei gewesen, da m\u00fcsse man f\u00fcnf Tage am St\u00fcck \u00fcben. Habe ich da m\u00f6glicherweise den Zweck einer \u00dcbung nicht verstanden? Ein GAU ist m\u00f6glich, das wissen wir nicht erst seit Fukushima, Tschernobyl, Harrisburg, Majak oder Forsmark. Das wird nichts, wenn es hier schnell gehen muss, und die Verantwortlichen haben das noch nie im Leben durchgespielt. Wirklich beeindruckt hat mich allerdings die Lehrerin, die sofort wusste, dass sie die Sch\u00fcler im Schulhaus einzusperren hat, um kontaminierte Eltern, die zu ihren Kindern wollen, daran zu hindern, sie aus der Schule zu holen. Da hat sicher jemand ganz tief in das Seelenleben einer Mutter geschaut, um auf die Idee zu kommen, diese Anweisung im Katastrophenplan festzuschreiben. Mir rast eine G\u00e4nsehaut \u00fcber den R\u00fccken, wenn ich mir vorstelle, wie weinende, panische Eltern mit einem B\u00fcrgertelefon beruhigt werden sollen, wo ihnen monotone, empathielose Stimmen aufsagen, dass man jetzt in aller Ruhe analysiert, die Gremien zusammenruft und gegebenenfalls &#8222;Ma\u00dfnahmen ergreifen&#8220; wird \u2013 wie etwa in den beiden anderen sch\u00f6nen BZ-Videos von Florian Kech auf BZ Online. Da hilft nur vorbeugen, liebe L\u00f6wenm\u00fctter. Auf Politik und Beh\u00f6rden k\u00f6nnt ihr lange warten. Fessenheim selbst abschalten. Geldstr\u00f6me umleiten.<br \/>\n29.11.2013, Dr. Eva Stegen, Freiburg<\/p>\n<p>Zu: &#8222;Warum muss man f\u00fcr die Katastrophe \u00fcben?&#8220; vom 15.11.2013:<br \/>\n<a href=\"https:\/\/www.badische-zeitung.de\/suedwest-1\/fessenheim-uebt-die-katastrophe--77251854.html\">https:\/\/www.badische-zeitung.de\/suedwest-1\/fessenheim-uebt-die-katastrophe&#8211;77251854.html<\/a><\/p>\n<p>&nbsp;<\/p>\n<p><strong>Katastrophen\u00fcbung ist sinnlos<\/strong><br \/>\nEs h\u00e4tte nicht Fukushima bedurft, um den Atomstrombef\u00fcrwortern zu zeigen, dass Atomstrom unberechenbar (im doppelten Sinn: Kosten und Betrieb) ist. Denn der neue Sarkophag in Tschernobyl dessen Kosten von der Ukraine zusammengebettelt wird ist nur ein weiteres Provisorium.<br \/>\nWas aber bleibt ist die Suche nach dem sicheren Endlager! Wer behauptet er k\u00f6nne 100.000 Jahre in die Zukunft sehen, der ist kein seri\u00f6ser Wissenschaftler, nein der ist ein Scharlatan.<br \/>\nZum Vergleich vor nur 11.000 Jahren endete bei uns die Eiszeit, vor 5.000 Jahren wurden die Pyramiden gebaut. Da ahnt man wie teuer uns und tausende Generationen nach uns der Atomstrom noch kommen wird. Wenn die 100 Milliarden \u20ac an Subventionen die f\u00fcr die Atomkraft (siehe Atomforschungszentrum J\u00fclich und Karlsruhe) ausgegeben wurden, schon damals in die Erforschung regenerativer Energie (u. a. Stromspeicherung) geflossen w\u00e4ren, h\u00e4tten wir heute ein Problem weniger.<br \/>\nDie Atomtechnik gleicht einem Flugzeug, das gestartet ist, obwohl es noch keine sichere Landebahn gibt. Auch die Franzosen k\u00f6nnen das nicht. Der Altmeiler Fessenheim steht auf Erdbeben-gef\u00e4hrdetem Gebiet und liegt unter der H\u00f6he des Rheinpegels, d. h. er ist sowohl durch Erdbeben, als auch durch \u00dcberschwemmung gef\u00e4hrdet.<br \/>\n14.11.2013, Wolf Herman von Arnim<\/p>\n<p>&nbsp;<\/p>\n<p><strong>Weiterentwicklung Katastrophenschutz &#8211; Offener Brief an Regierungspr\u00e4sidium<\/strong><\/p>\n<p>An die Regierungspr\u00e4sidentin Frau B\u00e4rbel Sch\u00e4fer<br \/>\nRegierungspr\u00e4sidium Freiburg, 79083 Freiburg i. Br.<\/p>\n<p>Sehr geehrte Frau Regierungspr\u00e4sidentin Sch\u00e4fer,<br \/>\nam 21.5.2012 hatten wir bei Ihnen schriftlich nachgefragt, wann aus dem\u00a0unrealistischen Katastr\u00f6phchenschutz der atomkraftfreundlichen\u00a0Vorg\u00e4ngerregierung f\u00fcr das AKW Fessenheim endlich ein einigerma\u00dfen realistischer Katastrophenschutz w\u00fcrde. Sie hatten uns am 9.7.2012 die Bem\u00fchungen geschildert, den Schutz der Menschen in der Umgebung von Atomanlagen weiter zu entwickeln und u.a. geschrieben: \u201cErgebnisse der Arbeitsgruppen sind fr\u00fchestens in der zweiten Jahresh\u00e4lfte 2012 avisiert. Wir haben jetzt Ende April 2013 und bitten Sie, uns \u00fcber die<br \/>\nFortschritte beim Katastrophenschutz zu informieren. Die\u00a0Atomkatastrophen vor 27 Jahren in Tschernobyl und vor 2 Jahren in Fukushima haben die realistische Dimension von Atomunf\u00e4llen aufgezeigt. Eigentlich m\u00fcsste es mindestens seit Tschernobyl einen realistischen Katastrophenschutz geben, doch die Interessen der AKW-Betreiber und ihr Einfluss auf die Politik haben dies in der Vergangenheit stets verhindert. Wir beneiden die Beh\u00f6rden nicht um diese Aufgabe. Im 30 Kilometer Radius\u00a0um das AKW Fessenheim leben auf beiden Rheinseiten ca. eine Million<br \/>\nMenschen. Den Gro\u00dfteil dieser Menschen im Ernstfall schnell zu evakuieren und vor allem dauerhaft unterzubringen ist eine fast nicht l\u00f6sbare Aufgabe. Wenn der Schutz der Bev\u00f6lkerung allerdings nicht machbar ist, dann bleibt als einzige L\u00f6sung die sofortige Abschaltung der nicht beherrschbaren Gefahrenquelle. Die aktuelle, Nachr\u00fcstung genannte, Aufh\u00fcbschung des AKW Fessenheim beruhigt uns nicht. F\u00fcr die \u201cRestlaufzeit\u201d hat das AKW Fessenheim zuk\u00fcnftig ein 2 Meter d\u00fcnnes Fundament mit einem unerprobten \u201cCore-Catcher\u201d. In Fukushima hat ein 7 Meter dickes Fundament die Katastrophe nicht verhindert. Mit freundlichen Gr\u00fc\u00dfen<br \/>\nAxel Mayer, BUND-Gesch\u00e4ftsf\u00fchrer, Freiburg<br \/>\nDr. Felix Bergmann, NABU-Gesch\u00e4ftsf\u00fchrer, Freiburg<br \/>\nReiner Ehret, Vorsitzender Landesnaturschutzverband,\u00a0Kirchzarten\/Stuttgart<br \/>\n25.4.2013<\/p>\n<p><a title=\"BUND\" href=\"https:\/\/www.freiburg-schwarzwald.de\/blog\/natur\/umwelt\/bund\/\">BUND<\/a>-Regionalverband S\u00fcdlicher Oberrhein<br \/>\nGesch\u00e4ftsf\u00fchrer: Axel Mayer, Wilhelmstr.24 a, 79098 Freiburg<\/p>\n<p>Landesnaturschutzverband Baden-W\u00fcrttemberg<br \/>\nVorsitzender: Reiner Ehret, Scheffelstra\u00dfe 41, 79199 Kirchzarten<\/p>\n<p>NABU Bezirksverband S\u00fcdbaden<br \/>\nGesch\u00e4ftsf\u00fchrer: Dr. Felix Bergmann, Nelly-Sachs-Str. 1, 79111 Freiburg<\/p>\n<div><\/div>\n<p>&nbsp;<\/p>\n","protected":false},"excerpt":{"rendered":"<p>Home &gt;Energie &gt;AKW &gt;Katastrophenschutz Die vergessene Ahrtal-Katastrophe \u2013 Berichte von Betroffenen (26.8.2021) AAD im Ahrtal versagt \u2013 Oberst a.D. Eder hilft\u00a0(3.8.2021) Weltgesamtheit retten einfacher als Hochwasserschutz vorort\u00a0(26.7.2021) Flut: Staat wie Medien versagen (27.7.2021) Weder Korrelation noch Kausalit\u00e4t: Flut und Klima\u00a0(21.7.2021) &hellip; <a href=\"https:\/\/www.freiburg-schwarzwald.de\/blog\/energie\/akw\/katastrophenschutz\/\">Weiterlesen <span class=\"meta-nav\">&rarr;<\/span><\/a><\/p>\n","protected":false},"author":4,"featured_media":0,"parent":1508,"menu_order":0,"comment_status":"open","ping_status":"closed","template":"","meta":{"footnotes":""},"class_list":["post-27846","page","type-page","status-publish","hentry"],"_links":{"self":[{"href":"https:\/\/www.freiburg-schwarzwald.de\/blog\/wp-json\/wp\/v2\/pages\/27846","targetHints":{"allow":["GET"]}}],"collection":[{"href":"https:\/\/www.freiburg-schwarzwald.de\/blog\/wp-json\/wp\/v2\/pages"}],"about":[{"href":"https:\/\/www.freiburg-schwarzwald.de\/blog\/wp-json\/wp\/v2\/types\/page"}],"author":[{"embeddable":true,"href":"https:\/\/www.freiburg-schwarzwald.de\/blog\/wp-json\/wp\/v2\/users\/4"}],"replies":[{"embeddable":true,"href":"https:\/\/www.freiburg-schwarzwald.de\/blog\/wp-json\/wp\/v2\/comments?post=27846"}],"version-history":[{"count":5,"href":"https:\/\/www.freiburg-schwarzwald.de\/blog\/wp-json\/wp\/v2\/pages\/27846\/revisions"}],"predecessor-version":[{"id":94720,"href":"https:\/\/www.freiburg-schwarzwald.de\/blog\/wp-json\/wp\/v2\/pages\/27846\/revisions\/94720"}],"up":[{"embeddable":true,"href":"https:\/\/www.freiburg-schwarzwald.de\/blog\/wp-json\/wp\/v2\/pages\/1508"}],"wp:attachment":[{"href":"https:\/\/www.freiburg-schwarzwald.de\/blog\/wp-json\/wp\/v2\/media?parent=27846"}],"curies":[{"name":"wp","href":"https:\/\/api.w.org\/{rel}","templated":true}]}}