{"id":27716,"date":"2013-04-24T13:05:04","date_gmt":"2013-04-24T11:05:04","guid":{"rendered":"https:\/\/www.freiburg-schwarzwald.de\/blog\/?page_id=27716"},"modified":"2013-04-24T21:19:19","modified_gmt":"2013-04-24T19:19:19","slug":"solidarenergie","status":"publish","type":"page","link":"https:\/\/www.freiburg-schwarzwald.de\/blog\/vereine\/hilfe\/solidarenergie\/","title":{"rendered":"Solidarenergie"},"content":{"rendered":"<p>Home &gt;<a title=\"Vereine\" href=\"https:\/\/www.freiburg-schwarzwald.de\/blog\/vereine\/\">Vereine<\/a> &gt;<a title=\"Hilfe\" href=\"https:\/\/www.freiburg-schwarzwald.de\/blog\/vereine\/hilfe\/\">Hilfe<\/a> &gt;SolidarEnergie<\/p>\n<div class=\"mceTemp\">\n<div id=\"attachment_22453\" style=\"width: 651px\" class=\"wp-caption alignnone\"><a href=\"https:\/\/www.freiburg-schwarzwald.de\/blog\/tourismus\/gastro\/gasthaus\/greiffenegg\/schlossberg17muenster-pan130214\/\" rel=\"attachment wp-att-22453\"><img loading=\"lazy\" decoding=\"async\" aria-describedby=\"caption-attachment-22453\" class=\"size-full wp-image-22453\" title=\"schlossberg17muenster-pan130214\" src=\"https:\/\/www.freiburg-schwarzwald.de\/blog\/wp-content\/uploads\/2013\/02\/schlossberg17muenster-pan130214.jpg\" alt=\"\" width=\"641\" height=\"283\" srcset=\"https:\/\/www.freiburg-schwarzwald.de\/blog\/wp-content\/uploads\/2013\/02\/schlossberg17muenster-pan130214.jpg 641w, https:\/\/www.freiburg-schwarzwald.de\/blog\/wp-content\/uploads\/2013\/02\/schlossberg17muenster-pan130214-180x79.jpg 180w, https:\/\/www.freiburg-schwarzwald.de\/blog\/wp-content\/uploads\/2013\/02\/schlossberg17muenster-pan130214-640x282.jpg 640w\" sizes=\"auto, (max-width: 641px) 100vw, 641px\" \/><\/a><p id=\"caption-attachment-22453\" class=\"wp-caption-text\">Blick vom Schlossberg nach Nordwesten \u00fcber das verschneite Freiburg am 14.2.2013<\/p><\/div>\n<\/div>\n<div class=\"mceTemp\">\u00a0<\/div>\n<ul>\n<li>SolidarEnergie e.V.<\/li>\n<li>Solidarenergiepreis<\/li>\n<li>Solidarenergie erh\u00e4lt Kulturpreis (25.10.2012)<\/li>\n<li>Verein Solidarenergie sucht weiterr Fl\u00e4chen f\u00fcr Solard\u00e4cher (30.4.2012)<\/li>\n<li>Johann Georg Schaarschmidt erh\u00e4lt den Solidar Energie Preis 2011 (8.4.2011)<\/li>\n<\/ul>\n<p>&nbsp;<\/p>\n<p><strong>SolidarEnergie e.V.<\/strong><\/p>\n<p>Der gemeinn\u00fctzige Verein SolidarEnergie wurde von den Elektrizit\u00e4tswerken Sch\u00f6nau, der Volksbank Freiburg und dem Vorderhaus gegr\u00fcndet mit dem Ziel, kulturelle und soziale Projekte zu unterst\u00fctzen.\u00a0Vision von Martin Wiedemann: &#8222;Die <a title=\"EWS-Schoenau\" href=\"https:\/\/www.freiburg-schwarzwald.de\/blog\/energie\/strom\/ews-schoenau\/\">Elektrizit\u00e4tswerke Sch\u00f6nau (EWS)<\/a> und Volksbank Freiburg sind beides genossenschaftliche Unternehmungen, viele Einzelne b\u00fcndeln ihre Kr\u00e4fte und tun sich zur gemeinsamen Zielerreichung zusammen. Das verbindet diese Unternehmen mit der &#8222;Fabrik&#8220;. Alle drei haben sich immer auch in der sozialen Verantwortung gesehen, Bank und EWS sind Sponsoren der Kultur.&#8220;<\/p>\n<p>SolidarEnergie \u2013 F\u00f6rderverein zur Unterst\u00fctzung kultureller und sozialer Projekte e.V<br \/>\nHabsburgerstr. 9, 79104 Freiburg<br \/>\n<a href=\"https:\/\/www.solidarenergie.de\">www.solidarenergie.de<\/a><\/p>\n<p><span style=\"color: #008000;\"><strong>Spenden: Kontonummer 32657605, BLZ 680 900 00, Volksbank Freiburg<\/strong><\/span>\u00a0<\/p>\n<p>&nbsp;<\/p>\n<p>&nbsp;<\/p>\n<p><strong>Solidarenergiepreis<\/strong><\/p>\n<p>Grundgedanke: \u00d6kologisches Wirtschaften mit der Unterst\u00fctzung von Kultur und sozialem Engagement verkn\u00fcpfen. &#8222;\u00d6kologisches Engagement, klimafreundliches und nachhaltiges Wirtschaften mit Kultur und sozialem Engagement verbinden, das ist der Grundgedanke. Es geht um Lebensqualit\u00e4t, um Lebens-Bereicherung und um Solidarit\u00e4t.&#8220;, so Martin Wiedemann zu dem allj\u00e4hrlich vom Verein Solidar Energie vergebenen Preis, der regionalen gemeinn\u00fctzigen Projekten (Einzelpersonen, Initiativen) zukommt. Der Verein hat das Preisgeld aus Ertr\u00e4gen erwirtschaftet, die beim Betrieb von Photovoltaikanlagen anfallen. 10 000 Euro werden ausgesch\u00fcttet \u2013 mit 3000 Euro\u00a0(plus lebenslanger Nie\u00dfbrauch an einem Rebstock im Weinberg von Fritz Keller am Kaiserstuhl)\u00a0ist der &#8222;Preis der Solidar Energie&#8220; dotiert, weitere 7000 Euro gehen an diverse gemeinn\u00fctzige Projekte.<\/p>\n<p><strong>Solarenergiepreis 2011<\/strong><br \/>\nDen erstmals vergebenen Preis \u00fcber 300 Euro erhielt Johann Georg Schaarschmidt, Begr\u00fcnder der Freiburger Strassenschule. Die F\u00f6rdermittel in H\u00f6he von 7000 Euro erhielten:<br \/>\ndas Verbundprojekt &#8222;Generationenwohnen in Weingarten-West&#8220;,<br \/>\nDer Kinder- und Jugendtreff Haslach,<br \/>\nder Verein Wildwasser Freiburg,<br \/>\nder Jugend- und Kulturf\u00f6rderverein Breisach,<br \/>\ndas Freiburger Blasorchester im Musikverein Freiburg-Haslach,<br \/>\ndie Freiburger Initiative gegen Arbeitslosigkeit,<br \/>\ndie Freiburger Hilfsgemeinschaft,<br \/>\nder Kinderabenteuerhof,<br \/>\ndie Heilsarmee und<br \/>\nder Disc Club Staufen.<\/p>\n<p><strong>Solidarenergiepreis 2013<\/strong><br \/>\nWilli Sutter, Sutter 3KG, Titisee-Neustadt: 3000 Euro f\u00fcr &#8222;Obdach f\u00fcr Frauen: F\u00f6rderverein f\u00fcr Frauen in Not e.V.&#8220;<br \/>\nF\u00f6rderungen 2013:<br \/>\nNachbarschaftswerk e.V., Haslacher Netz, Freiburg: 2000 Euro f\u00fcr die Vermittlung Ehrenamtlicher<br \/>\nSpielmobil Freiburg e.V.: 1500 Euro f\u00fcr Jugendarbeit beim Kinderkunstdorf<br \/>\nHeilsarmee Freiburg: 300 Euro f\u00fcr Tischkicker im Begegnungscaf\u00e9 &#8222;Insel&#8220;<br \/>\nFriga, Sozialberatung in der Fabrik, Freiburg: 500 Euro f\u00fcr die Beistandsschulung &#8222;Keiner geht allein aufs Amt&#8220;<br \/>\nAids-Hilfe e.V., Freiburg: 1200 Euro, Beratungs-Schulungen<br \/>\nDiakonieverein e.V., Freiburg: 1200 Euro f\u00fcr die Gr\u00fcndung des interkulturellen Schneiderinnenkollektivs<br \/>\nRosa Hilfe e.V., Freiburg: 750 Euro f\u00fcr die Entwicklung eines Leitbilds<br \/>\nPakt e.V., Freiburg: 1500 Euro f\u00fcr integrative &#8222;Kunstwochen im Park&#8220;\u00a0<!-- RSPEAK_STOP -->\u00a0<\/p>\n<p>&nbsp;<\/p>\n<div>\n<div><strong><\/strong>\u00a0<\/div>\n<div><strong>Solidarenergie erh\u00e4lt Kulturpreis<br \/>\n<\/strong>Der Verein Solidarenergie, der kulturelle und soziale Projekte unterst\u00fctzt, hat den diesj\u00e4hrigen Theo-Pinkus-Kulturpreis der Landesarbeitsgemeinschaft der Kulturinitiativen und Soziokulturellen Zentren (LAKS) gewonnen. Der Kulturpreis wird alle zwei bis drei Jahre verliehen und ist mit 1500 Euro dotiert. Die Preisverleihung findet am Samstag, 20. Oktober im E-Werk statt, die Laudation wird der Kabarettist Georg Schramm halten.<br \/>\n15.10.2012<\/div>\n<\/div>\n<p>&nbsp;<\/p>\n<p><strong>Verein Solidarenergie sucht weiterr Fl\u00e4chen f\u00fcr Solard\u00e4cher<\/strong><\/p>\n<p>Projekte des Vereins kommen mangels Angebot nicht voran, auch beim Kunstdepot kam man jetzt nicht zum Zuge.<br \/>\nSoziale und kulturelle Projekte f\u00f6rdern und gleichzeitig den Ausbau Erneuerbarer Energien vorantreiben: Das m\u00f6chte der Verein Solidarenergie. Doch die Suche nach D\u00e4chern f\u00fcr Solaranlagen gestaltet sich schwierig. Zu bei der Gr\u00fcndung des Vereins vor zwei Jahren vorhandenen drei Dachfl\u00e4chen ist nur eine weitere hinzugekommen. Auch beim neuen zentralen Kunstdepot hatte der Verein das Nachsehen \u2013 was ihn sehr \u00e4rgert. Gespr\u00e4che hat es gegeben, aber das war es dann auch. Danach sei eine &#8222;d\u00fcrre Absage&#8220; gekommen, sagt Martin Wiedemann, stellvertretender Vorsitzender des Vereins Solidarenergie und Gesch\u00e4ftsf\u00fchrer des Kulturzentrums &#8222;Fabrik&#8220;. Seiner Meinung nach h\u00e4tte es der st\u00e4dtischen Tochter Freiburger Stadtbau und der Stadt Freiburg &#8222;gut angestanden&#8220;, das Dach des zentralen Kunstdepots an die &#8222;Solidarenergie&#8220; zu vermieten. Die Freiburger Stadtbau (FSB) ist Bauherrin des Projekts in Hochdorf, die Stadt wird das Geb\u00e4ude zuk\u00fcnftig mieten, um darin Objekte der st\u00e4dtischen Museen aufzubewahren. Dass der Verein Solidarenergie nicht zum Zuge gekommen ist, \u00e4rgert auch die Gr\u00fcne Alternative Freiburg (GAF). Sie hat sich deshalb an die Stadtverwaltung gewandt. GAF-Stadtr\u00e4tin Monika Stein hat die Vermutung, dass es gar keine offizielle Ausschreibung f\u00fcr das Dach gegeben hat. Das sei korrekt, best\u00e4tigt Annette Engelke, Pressesprecherin der Stadtbau. Allerdings deshalb, weil die Stadtbau selbst die Solaranlage errichtet hat. Ger\u00fcchte, dass der Energieversorger Badenova den Zuschlag erhalten habe, seien falsch.<br \/>\nH\u00e4tte der Verein Solidarenergie die Solaranlage gebaut, w\u00e4ren die Erl\u00f6se in soziale und kulturelle Projekte geflossen. Die Elektrizit\u00e4tswerke Sch\u00f6nau (EWS) errichtet die Anlagen zum Selbstkostenpreis, au\u00dferdem gibt es Unterst\u00fctzung von der Volksbank Freiburg. Bei der Stadtbau sollen die Gewinne der Solaranlage in den Wohnungsbau flie\u00dfen \u2013 was ja in Freiburg durchaus auch ein gro\u00dfes Anliegen sei, meint das st\u00e4dtische Unternehmen. 675 000 Euro hat die Stadtbau in die 2000 Quadratmeter gro\u00dfe Solaranlage investiert. Die H\u00f6he der Gewinne ist unbekannt, diese seien wetterabh\u00e4ngig.F\u00fcr den Verein Solidarenergie bleibt damit das Problem, das er kaum Dachfl\u00e4chen f\u00fcr sein Anliegen findet. Bereits vor Jahren waren bei damals ausgeschriebenen st\u00e4dtischen Dachfl\u00e4chen andere Betreiber zum Zug gekommen. Der dann im Jahr 2010 gegr\u00fcndete Verein betreibt in Freiburg nur die Solaranlage auf der Edith-Stein-Schule (St\u00fchlinger), au\u00dfer drei Dachfl\u00e4chen in Sch\u00f6nau. Dabei habe der Verein durchaus viele Angebote von privaten Hauseigent\u00fcmern gehabt, berichtet Martin Wiedemann. Aus verschiedenen Gr\u00fcnden seien diese jedoch alle wieder gescheitert.Im vergangenen Jahr hat der Verein 7000 Euro an gemeinn\u00fctzige Projekte ausbezahlt, au\u00dferdem wurde der mit 3000 Euro dotierte Preis der Solidarenergie vergeben.<br \/>\n30.4.2012<\/p>\n<p>&nbsp;<\/p>\n<div id=\"container\">\n<div id=\"content\">\n<div>\n<div><!-- RSPEAK_STOP --><!-- RSPEAK_START --><strong>Johann Georg Schaarschmidt erh\u00e4lt den Solidar Energie Preis 2011<\/strong><\/div>\n<\/div>\n<\/div>\n<\/div>\n<p>Den erstmals vergebenen Preis der Solidar Energie erhielt Johann Georg Schaarschmidt. In Kulturkreisen ist der 1932 in Hamburg Geborene als langj\u00e4hriger Rektor der Freiburger Musikhochschule bekannt \u2013 dar\u00fcber hinaus als Vorsitzender des Vereins der Freiburger Stra\u00dfenschule, die sich um junge Menschen in schwierigen Lebenssituationen k\u00fcmmert. In seiner Laudatio w\u00fcrdigte Reiner Marquard, Rektor der Evangelischen Hochschule und Solidar-Energie-Vorstand, den K\u00fcnstler Schaarschmidt als einen Mann, der Bildung als Impuls zur Ber\u00fchrung mit dem versteht, was das Menschsein zusammenh\u00e4lt. &#8222;Die von ihm geleitete Stra\u00dfenschule lehrt uns die Tugend der Achtsamkeit und den Mut zur Parteilichkeit, sie setzt sich gegen\u00fcber der H\u00e4sslichkeit des Lebens in Szene und verleiht ihr dadurch den Glanz einer w\u00e4rmenden \u00c4sthetik.&#8220; Schaarschmidt nahm den Preis \u2013 neben 3000 Euro auch eine Skulptur und das lebenslange Recht auf den Ertrag eines Rebstocks aus dem Weinberg von Fritz Keller \u2013 entgegen und wies gleich darauf hin: &#8222;Der Preis geh\u00f6rt dem Team der Stra\u00dfenschule.&#8220; &#8230;.<br \/>\nAlles vom 8.4.2011 auf <a href=\"https:\/\/www.badische-zeitung.de\/kultur-sonstige\/die-tugend-der-achtsamkeit--43952555.html\">https:\/\/www.badische-zeitung.de\/kultur-sonstige\/die-tugend-der-achtsamkeit&#8211;43952555.html<\/a><!-- RSPEAK_STOP --><\/p>\n<div>\n<div id=\"zoneAdserverMrec\">\n<div id=\"helperAdserverMrec\"><noscript><\/noscript><\/p>\n<div id=\"beacon_b48033a62e\"><img loading=\"lazy\" decoding=\"async\" src=\"https:\/\/w.online-verlag-freiburg.de\/www\/delivery\/lg.php?bannerid=406&amp;campaignid=165&amp;zoneid=141068&amp;loc=1&amp;referer=http%3A%2F%2Fwww.badische-zeitung.de%2Fkultur-sonstige%2Fdie-tugend-der-achtsamkeit--43952555.html&amp;cb=b48033a62e\" alt=\"\" width=\"0\" height=\"0\" \/><\/div>\n<p>&nbsp;<\/p>\n<\/div>\n<\/div>\n<\/div>\n<p>&nbsp;<\/p>\n<p>&nbsp;<\/p>\n<p>&nbsp;<\/p>\n","protected":false},"excerpt":{"rendered":"<p>Home &gt;Vereine &gt;Hilfe &gt;SolidarEnergie \u00a0 SolidarEnergie e.V. Solidarenergiepreis Solidarenergie erh\u00e4lt Kulturpreis (25.10.2012) Verein Solidarenergie sucht weiterr Fl\u00e4chen f\u00fcr Solard\u00e4cher (30.4.2012) Johann Georg Schaarschmidt erh\u00e4lt den Solidar Energie Preis 2011 (8.4.2011) &nbsp; SolidarEnergie e.V. Der gemeinn\u00fctzige Verein SolidarEnergie wurde von den &hellip; <a href=\"https:\/\/www.freiburg-schwarzwald.de\/blog\/vereine\/hilfe\/solidarenergie\/\">Weiterlesen <span class=\"meta-nav\">&rarr;<\/span><\/a><\/p>\n","protected":false},"author":4,"featured_media":0,"parent":1102,"menu_order":0,"comment_status":"open","ping_status":"closed","template":"","meta":{"footnotes":""},"class_list":["post-27716","page","type-page","status-publish","hentry"],"_links":{"self":[{"href":"https:\/\/www.freiburg-schwarzwald.de\/blog\/wp-json\/wp\/v2\/pages\/27716","targetHints":{"allow":["GET"]}}],"collection":[{"href":"https:\/\/www.freiburg-schwarzwald.de\/blog\/wp-json\/wp\/v2\/pages"}],"about":[{"href":"https:\/\/www.freiburg-schwarzwald.de\/blog\/wp-json\/wp\/v2\/types\/page"}],"author":[{"embeddable":true,"href":"https:\/\/www.freiburg-schwarzwald.de\/blog\/wp-json\/wp\/v2\/users\/4"}],"replies":[{"embeddable":true,"href":"https:\/\/www.freiburg-schwarzwald.de\/blog\/wp-json\/wp\/v2\/comments?post=27716"}],"version-history":[{"count":0,"href":"https:\/\/www.freiburg-schwarzwald.de\/blog\/wp-json\/wp\/v2\/pages\/27716\/revisions"}],"up":[{"embeddable":true,"href":"https:\/\/www.freiburg-schwarzwald.de\/blog\/wp-json\/wp\/v2\/pages\/1102"}],"wp:attachment":[{"href":"https:\/\/www.freiburg-schwarzwald.de\/blog\/wp-json\/wp\/v2\/media?parent=27716"}],"curies":[{"name":"wp","href":"https:\/\/api.w.org\/{rel}","templated":true}]}}