{"id":27606,"date":"2013-04-22T14:43:22","date_gmt":"2013-04-22T12:43:22","guid":{"rendered":"https:\/\/www.freiburg-schwarzwald.de\/blog\/?page_id=27606"},"modified":"2025-04-21T14:58:28","modified_gmt":"2025-04-21T12:58:28","slug":"stolpersteine","status":"publish","type":"page","link":"https:\/\/www.freiburg-schwarzwald.de\/blog\/religion\/juden\/stolpersteine\/","title":{"rendered":"Stolpersteine"},"content":{"rendered":"<p>Home &gt;<a title=\"Regio\" href=\"https:\/\/www.freiburg-schwarzwald.de\/blog\/regio\/\">Regio<\/a> &gt;<a title=\"Heimat\" href=\"https:\/\/www.freiburg-schwarzwald.de\/blog\/regio\/heimat\/\">Heimat <\/a>&gt;<a title=\"Geschichte\" href=\"https:\/\/www.freiburg-schwarzwald.de\/blog\/regio\/heimat\/geschichte\/\">Geschichte<\/a>\u00a0&gt;<a title=\"Religion\" href=\"https:\/\/www.freiburg-schwarzwald.de\/blog\/religion\/\">Religion<\/a> &gt;<a title=\"Juden\" href=\"https:\/\/www.freiburg-schwarzwald.de\/blog\/religion\/juden\/\">Juden<\/a> &gt;Stolpersteine<\/p>\n<div id=\"attachment_24997\" style=\"width: 610px\" class=\"wp-caption alignnone\"><a href=\"https:\/\/www.freiburg-schwarzwald.de\/blog\/regio\/orte\/muenstertal\/sittenerberg\/schauinsland11pan-sittenerberg110202\/\" rel=\"attachment wp-att-24997\"><img loading=\"lazy\" decoding=\"async\" aria-describedby=\"caption-attachment-24997\" class=\"size-full wp-image-24997\" title=\"schauinsland11pan-sittenerberg110202\" src=\"https:\/\/www.freiburg-schwarzwald.de\/blog\/wp-content\/uploads\/2013\/03\/schauinsland11pan-sittenerberg110202.jpg\" alt=\"\" width=\"600\" height=\"190\" srcset=\"https:\/\/www.freiburg-schwarzwald.de\/blog\/wp-content\/uploads\/2013\/03\/schauinsland11pan-sittenerberg110202.jpg 600w, https:\/\/www.freiburg-schwarzwald.de\/blog\/wp-content\/uploads\/2013\/03\/schauinsland11pan-sittenerberg110202-180x57.jpg 180w\" sizes=\"auto, (max-width: 600px) 100vw, 600px\" \/><\/a><p id=\"caption-attachment-24997\" class=\"wp-caption-text\">Schauinsland am 2.2.2011: Tele-Blick nach S\u00fcden \u00fcber den Sittener Berg bis zum Belchen &#8211; Nebel zieht hoch vom M\u00fcnstertal<\/p><\/div>\n<p>&nbsp;<\/p>\n<ul>\n<li><em>Listenauswahl eines Beitrags: Bitte\u00a0anklicken\u00a0oder runterscrollen<\/em><\/li>\n<li><a href=\"https:\/\/www.freiburg-schwarzwald.de\/blog\/religion\/juden\/juedisches-leben\/\">Indubio Folge 377 \u2013 J\u00fcdisches Leben in Deutschland<\/a>\u00a0(20.4.2025)<\/li>\n<li><a href=\"https:\/\/www.freiburg-schwarzwald.de\/blog\/religion\/juden\/juden-in-freiburg\/\">Beinahe-Eklat bei Er\u00f6ffnung des Freiburger NS-Dokuzentrums: Es fehlt wieder mal der Weitblick<\/a>\u00a0(21.3.2025)<\/li>\n<li><a title=\"Erinnerungskultur\" href=\"https:\/\/www.freiburg-schwarzwald.de\/blog\/kultur\/erinnerungskultur\/\">Eine Schande, ein Schmerz: Holocaust-Feiern verlogenen Veranstaltungen<\/a>\u00a0(1.11.2019)<\/li>\n<li>Stolpersteine: Die Meinung zu \u00e4u\u00dfern muss doch m\u00f6glich sein (29.12.2018)<\/li>\n<li><a title=\"Strassennamen\" href=\"https:\/\/www.freiburg-schwarzwald.de\/blog\/regio\/heimat\/geschichte\/strassennamen\/\">Strassennamen als Stolpersteine nutzen<\/a> (18.3.2018)<\/li>\n<li>Stolpersteine &#8211; nicht \u00fcberall gesch\u00e4tzt (21.12.2013)<\/li>\n<li>Stolpersteine f\u00fcr den Philosophen Edmund Husserl (24.4.2013)<\/li>\n<li><a href=\"https:\/\/www.freiburg-schwarzwald.de\/stolpersteine1.htm\">Aktuelle Infos zur Stolpersteine-Seite<\/a> &gt;Stolpersteine1<\/li>\n<li><strong><a href=\"https:\/\/www.freiburg-schwarzwald.de\/stolpersteine\">https:\/\/www.freiburg-schwarzwald.de\/stolpersteine<\/a>\u00a0&gt;Archivseite Stolpersteine &#8211; mit vielen Bildern<\/strong><\/li>\n<li>Stolpersteine Freiburg &#8211; Initiative und Buch von Marlis Meckel<\/li>\n<li><a href=\"https:\/\/www.freiburg-schwarzwald.de\/stolpersteine#Freiburger Stolpersteine\">\u00dcbersicht Freiburger Stolpersteine<\/a><\/li>\n<li><a href=\"https:\/\/www.freiburg-schwarzwald.de\/efringen-kirchen1.htm#Stolpersteine erinnern an j\u00fcdische Mitb\u00fcrger - bald in Kirchen\">Stolpersteine erinnern an j\u00fcdische Mitb\u00fcrger &#8211; bald in Kirchen?<\/a> &gt;Efringen-Kirchen1 (12.2.2007)<\/li>\n<li><a href=\"https:\/\/www.freiburg-schwarzwald.de\/littenweiler\/kunst1.htm#Stolpersteine - 200 Erinnerungen in Freiburg\">Stolpersteine &#8211; 200 Erinnerungen in Freiburg<\/a> &gt;Freiburg-Dreisamtal.de\/Kunst1 (26.7.2004)<\/li>\n<li><a href=\"https:\/\/www.freiburg-schwarzwald.de\/littenweiler\/nachdenken.htm#Stolpersteine in Freiburg gegen das Vergessen\">Stolpersteine in Freiburg gegen das Vergessen<\/a> &gt;Freiburg-Dreisamtal.de\/Nachdenken (23.10.2002)<\/li>\n<li><\/li>\n<li><a href=\"https:\/\/www.freiburg-schwarzwald.de\/stolpersteine#Links\">Links<\/a><\/li>\n<li><a href=\"https:\/\/www.freiburg-schwarzwald.de\/gurs.htm\">Gurs in den Pyren\u00e4en<\/a> &gt;Gurs<\/li>\n<li>Home &gt;<a title=\"Regio\" href=\"https:\/\/www.freiburg-schwarzwald.de\/blog\/regio\/\">Regio<\/a> &gt;<a title=\"Heimat\" href=\"https:\/\/www.freiburg-schwarzwald.de\/blog\/regio\/heimat\/\">Heimat <\/a>&gt;<a title=\"Geschichte\" href=\"https:\/\/www.freiburg-schwarzwald.de\/blog\/regio\/heimat\/geschichte\/\">Geschichte<\/a> &gt;Erinnerungsorte<\/li>\n<li><a href=\"https:\/\/www.freiburg-schwarzwald.de\/blog\/religion\/juden\/juden-in-freiburg\/\">Juden-in-Freiburg<\/a><\/li>\n<\/ul>\n<p>&nbsp;<\/p>\n<p><strong>Stolpersteine: Die Meinung zu \u00e4u\u00dfern muss doch m\u00f6glich sein<\/strong><br \/>\nDie Verlegung von &#8222;Stolpersteinen&#8220; ist seit vielen Jahren ein kontrovers diskutiertes Thema. Es gibt Stimmen daf\u00fcr und Stimmen dagegen. Beide Meinungen k\u00f6nnen in unserem Staat frei ge\u00e4u\u00dfert werden.<br \/>\nUmso mehr verwundert es mich, dass Frau Meckel eine andere Meinung, in diesem Fall gegen das Verlegen der Stolpersteine, so abwertend abtut.<br \/>\nEs muss doch m\u00f6glich sein, <a title=\"Meinungsfreiheit\" href=\"https:\/\/www.freiburg-schwarzwald.de\/blog\/kultur\/medien\/meinungsfreiheit\/\">die eigene Meinung frei zu \u00e4u\u00dfern<\/a>, ohne gleich in der Zeitung <a title=\"Gesinnungsdiktatur\" href=\"https:\/\/www.freiburg-schwarzwald.de\/blog\/kultur\/medien\/gesinnungsdiktatur\/\">\u00f6ffentlich an den Pranger<\/a> gestellt zu werden. <em><strong>Der Leserbrief verletzt.<\/strong><\/em><br \/>\n29.12.2018, Hanna Fexer, Freiburg, BZ<br \/>\n.<br \/>\n<em>Eine Leserin reagiert auf den Leserbrief von Marlis Meckel zur Diskussion zum 80. Jahrestag der Zerst\u00f6rung der Freiburger Synagoge (BZ vom 17. Dezember).<\/em><br \/>\n.<br \/>\n<strong>Schlechtgeredet und &#8222;rhetorisch bespuckt&#8220;<\/strong><br \/>\nDer Bericht l\u00e4sst erkennen, dass von den Teilnehmenden an der Podiumsdiskussion wenig Neues und Erhellendes zu der Thematik ge\u00e4u\u00dfert wurde. Leider wurde dort Rivka Hollaender die Gelegenheit geboten, das bisher einzige nachhaltige Gedenkprojekt zum Nazi-Terror in Freiburg \u2013 die Stolpersteine \u2013 schlechtzureden und &#8222;rhetorisch zu bespucken&#8220;. Sie berief sich dabei auf ihren offensichtlich traumatisierten Vater als Shoa-\u00dcberlebenden. Ich habe bei meinen vielen hundert F\u00fchrungen und zahllosen Begegnungen mit \u00dcberlebenden und Angeh\u00f6rigen von Opfern des NS-Terrors uneingeschr\u00e4nkte Zustimmung und ber\u00fchrende Dankbarkeit f\u00fcr das Bem\u00fchen erhalten, durch die Stolpersteine den verfolgten und ermordeten Menschen ihren Namen und ihre W\u00fcrde zur\u00fcckzugeben.<br \/>\n17.12.2018, Marlis Meckel, Initiatorin des Freiburger Stolperstein-Projekts, Freiburg<br \/>\n.<br \/>\n<strong>Podiumsdiskussion: \u201eBrauchen wir eine neue Erinnerungskultur?\u201c<\/strong><br \/>\nDie Jahrestage zur Befreiung von Auschwitz am 27. Januar, zur Deportation der badischen Juden nach Gurs am 22. Oktober, zur Reichspogromnacht am 9. November: In Freiburg haben sich allj\u00e4hrlich feste Formen und Rituale des Gedenkens an die nationalsozialistischen Gr\u00e4uel etabliert. &#8230;.<br \/>\nAlles vom 16.11.2018 bitte lesen auf<br \/>\n<a href=\"https:\/\/www.badische-zeitung.de\/freiburg\/podiumsdiskussion-brauchen-wir-eine-neue-erinnerungskultur--159743284.html\">https:\/\/www.badische-zeitung.de\/freiburg\/podiumsdiskussion-brauchen-wir-eine-neue-erinnerungskultur&#8211;159743284.html<\/a><\/p>\n<p>&nbsp;<\/p>\n<p>&nbsp;<\/p>\n<p><strong>Stolpersteine Freiburg &#8211; Initiative und Buch von Marlis Meckel<br \/>\n<\/strong><br \/>\nSeit 1992 versucht der K\u00f6lner K\u00fcnstler Gunter Demnig, mit Stolpersteinen an die Deportationen durch die Nationalsozialisten zu erinnern.<br \/>\n10.12.2002: Der Freiburger Gemeinderat stimmte Stolpersteinen zu.<br \/>\nIn Freiburg wurde auf Initiative von Frau Marlis Meckel am 22.10.2002 der erste Stolperstein verlegt in der Goethestra\u00dfe 33 verlegt, zum Gedenken an Familie <a href=\"https:\/\/www.freiburg-schwarzwald.de\/stolpersteine#Der erste Stolperstein Freiburgs erinnert an Else Liefmann\">Liefmann<\/a>.<br \/>\nDie Freiburger Schriftstellerin Ingeborg Hecht artikulierte das Gef\u00fchl, nicht auf den in die Tafeln eingravierten Namen der Verfolgten und Ermordeten &#8222;herumtrampeln&#8220; zu d\u00fcrfen. Sp\u00e4ter ging sie davon ab. Wie beim &#8222;Tagebuch der Anne Frank&#8220; beziehen sich auch die Stolpersteinen nur um die Opfer, die T\u00e4ter bleiben ungenannt.<br \/>\nBis heute sind fast 300 Stolpersteine verlegt worden. Marlis Meckel hat bis dato 250 F\u00fchrungen mit rund 10 000 Menschen durchgef\u00fchrt.<br \/>\nIn Freiburg fehlt: Eine Aufarbeitung des Schicksals aller Freiburger Opfer. Eine Liste aller Menschen, die in der Pogromnacht 1938 von FR nach Dachau transportiert wurden. Eine Gedenktafel am Regierungspr\u00e4sidium in der KaJo, dem Sitz der Gestapo.<br \/>\nF\u00fcr 95 Euro\/Stein Patenschaften \u00fcbernommen werden. Infos dazu:<br \/>\nFrau Marlis Meckel, Scheffelstrasse 39, 79102 Freiburg, Tel 0761\/7075995,<br \/>\nmarlis at meckel-fr.de, <a href=\"https:\/\/www.meckel-fr.de\/\">www.meckel-fr.de<\/a><\/p>\n<p><span style=\"color: #008000;\"><strong>Spendenkonto Stolpersteine Freiburg: Nr 10 200 24 600, SEB-Bank Freiburg, BLZ 680 101 11<\/strong><\/span><\/p>\n<p>Marlis Meckel, Den Opfern ihre Namen zur\u00fcckgeben &#8211; Stolpersteine in Freiburg<br \/>\n292 Seiten, zahlreiche Abbildungen<br \/>\nPaperback, 24 Euro, ISBN 3-7930-5018-1, 2006, Verlag Rombach Freiburg<\/p>\n<p>&#8212;&#8212;&#8212;&#8212;&#8212;&#8212;&#8212;&#8212;&#8212;&#8211;<\/p>\n<p>&nbsp;<\/p>\n<p><strong>Stolpersteine &#8211; nicht \u00fcberall gesch\u00e4tzt<\/strong><\/p>\n<p>Charlotte Knobloch, ehemals Vorsitzende des Zentralrats der Juden in Deutschland, kritisiert das Kunstprojekt der Solpersteine in scharfer Form: &#8222;Damit wird das Andenken von Menschen, die Verfolgung und Entw\u00fcrdigung erleben mussten, bevor sie auf schreckliche Weise ermordet wurden, nochmals entw\u00fcrdigt und sprichw\u00f6rtlich mit F\u00fc\u00dfen getreten.&#8220;<br \/>\nIn\u00a0M\u00fcnchen wurde im Jahr 2004 auf Wunsch der J\u00fcdischen Gemeinde das Verlegen von Stolpersteinen im Stadtgebiet untersagt.<br \/>\nIn Villingen-Schwenningen hat der Stadtrat in zwei Abstimmungen im Jahr 2004 und im November 2013 seine Zustimmung zu Stolpersteinen verweigert. &#8222;Ich habe genug von Beschimpfungen und Beleidigungen, schlie\u00dflich gibt es keinen Zwang, ein Kunstprojekt zu verwirklichen, das in einer demokratischen Entscheidung zweimal abgelehnt worden ist&#8220; &#8211; so Renate Breuning, CDU-Fraktionsvorsitzende im Gemeinderat VS.<br \/>\n21.12.2013<\/p>\n<p><strong>Der Mensch ist nicht darauf angelegt, best\u00e4ndig mit den Schattenseiten des Lebens konfrontiert zu werden<br \/>\n<\/strong>&#8222;Die Stadt hat ein Problem mit der Bew\u00e4ltigung ihrer braunen Vergangenheit&#8220; \u2013 das ist schon ganz sch\u00f6n hart. Man kann das auch anders sehen: Allein der Name Stolperstein ist negativ besetzt und steht dem t\u00e4glichen Leben im Weg. Der Mensch ist nicht darauf angelegt, best\u00e4ndig mit den Schattenseiten des Lebens konfrontiert zu werden. Im christlichen Kulturkreis, vielleicht auch im j\u00fcdischen, sollte wohl eher Prediger 3, 14 gelten, n\u00e4mlich: &#8222;Alles hat seine Zeit&#8220;.<br \/>\nEs hat Gr\u00fcnde, wenn den Gr\u00e4bern w\u00fcrdige, geschlossene Fl\u00e4chen zugewiesen werden, die Urne ihren Platz im Columbarium findet. Anders als j\u00fcdische Grabst\u00e4tten und Soldatengr\u00e4ber hat hierzulande die garantierte Totenruhe eine Frist, die nicht auf mangelnde Ehrfurcht, auf fehlenden Respekt schlie\u00dfen l\u00e4sst. Individuen wie die Gesellschaft selbst bed\u00fcrfen eines gedeihlichen Umfeldes. Menschen bl\u00fchen auf, wenn sie den Kreislauf des Nat\u00fcrlichen erfahren, leiden oft, werden depressiv, wenn das Graue, Triste nicht enden will. Nur aus einem gesunden Herzen k\u00f6nnen echte Freude und Trauer erwachsen.<\/p>\n<p>11.1.2014, Heinrich Franzen, Kenzingen<\/p>\n<p>&nbsp;<\/p>\n<p>&nbsp;<\/p>\n<p>&nbsp;<\/p>\n<p><strong>\u00a0Stolpersteine f\u00fcr den Philosophen Edmund Husserl<\/strong><\/p>\n<p><a href=\"https:\/\/www.freiburg-schwarzwald.de\/blog\/religion\/juden\/stolpersteine\/stolperstein1husserl130423\/\" rel=\"attachment wp-att-27754\"><img loading=\"lazy\" decoding=\"async\" class=\"alignnone size-thumbnail wp-image-27754\" title=\"stolperstein1husserl130423\" src=\"https:\/\/www.freiburg-schwarzwald.de\/blog\/wp-content\/uploads\/2013\/04\/stolperstein1husserl130423-180x138.jpg\" alt=\"\" width=\"180\" height=\"138\" srcset=\"https:\/\/www.freiburg-schwarzwald.de\/blog\/wp-content\/uploads\/2013\/04\/stolperstein1husserl130423-180x138.jpg 180w, https:\/\/www.freiburg-schwarzwald.de\/blog\/wp-content\/uploads\/2013\/04\/stolperstein1husserl130423.jpg 640w\" sizes=\"auto, (max-width: 180px) 100vw, 180px\" \/><\/a>\u00a0\u00a0\u00a0\u00a0\u00a0\u00a0\u00a0\u00a0\u00a0 <a href=\"https:\/\/www.freiburg-schwarzwald.de\/blog\/religion\/juden\/stolpersteine\/stolperstein2husserl130423\/\" rel=\"attachment wp-att-27755\"><img loading=\"lazy\" decoding=\"async\" class=\"alignnone size-thumbnail wp-image-27755\" title=\"stolperstein2husserl130423\" src=\"https:\/\/www.freiburg-schwarzwald.de\/blog\/wp-content\/uploads\/2013\/04\/stolperstein2husserl130423-180x135.jpg\" alt=\"\" width=\"180\" height=\"135\" srcset=\"https:\/\/www.freiburg-schwarzwald.de\/blog\/wp-content\/uploads\/2013\/04\/stolperstein2husserl130423-180x135.jpg 180w, https:\/\/www.freiburg-schwarzwald.de\/blog\/wp-content\/uploads\/2013\/04\/stolperstein2husserl130423.jpg 640w\" sizes=\"auto, (max-width: 180px) 100vw, 180px\" \/><\/a><br \/>\n(1) Stolpersteine Husserl\u00a0\u00a0\u00a0\u00a0\u00a0\u00a0\u00a0\u00a0\u00a0\u00a0\u00a0\u00a0\u00a0\u00a0\u00a0\u00a0\u00a0\u00a0\u00a0\u00a0\u00a0\u00a0\u00a0 (2) Lorettostrasse 40 am 23.4.2013<\/p>\n<p>Kaum war das nationalsozialistische System etabliert, da teilte die Uni Edmund Husserl im April 1933 schon seine Beurlaubung mit. Das wurde sp\u00e4ter zwar vor\u00fcbergehend wieder r\u00fcckg\u00e4ngig gemacht, weil die Freiburger schneller gewesen waren als es die Bundesebene vorsah: dort bezog man sich zun\u00e4chst &#8222;nur&#8220; auf diejenigen, die erst nach 1919 verbeamtet worden waren. Doch ab 1935 traf es alle, denen j\u00fcdische Abstammungen nachgewiesen wurden, auch Edmund Husserl. Von der Freiburger Uni kam kein Wort des Bedauerns, ab dem Sommersemester 1936 wurde er nicht mal mehr in deren Verzeichnissen erw\u00e4hnt. Das erz\u00e4hlen Hans-Helmuth Gander, der Leiter des Husserl-Archivs, und Marlis Meckel, die Initiatorin der Freiburger Stolpersteine, als sie umringt von bis zu rund 80 Menschen vor dem KG I und, vorher noch, an der Wohnung der Husserls in der Lorettostra\u00dfe 40 stehen. Ab 1916 lebten die Husserls hier, bis 1933 waren es \u00fcberwiegend gl\u00fcckliche Zeiten, sagt Marlis Meckel. Dann \u00e4nderte sich alles, nicht nur an der Uni, die ihren bis dahin hoch angesehenen Professor einfach fallenlie\u00df. Zu Hause spitzte sich die Lage ebenfalls zu: \u00dcber den Husserls wohnte ein SA-Standartenf\u00fchrer, auch der Nachbar unter ihnen machte zunehmend Druck. Zerm\u00fcrbt zogen der damals 78 Jahre alte Edmund Husserl und seine ein Jahr j\u00fcngere Frau 1937 weg, in die Sch\u00f6neckstra\u00dfe. Dort starb er ein Jahr sp\u00e4ter, Malvine Husserl gelang mit dem Gro\u00dfteil seines Werks 1939 die Flucht ins belgische Leuven, wo daraufhin ein Husserl-Archiv entstand. 1949 f\u00fchrte das Heimweh Malvine Husserl zur\u00fcck nach Freiburg, sie starb 1950 mit 90 Jahren..\u00a0\u00a0 .<br \/>\nAlles vom 23.4.2013 bitte lesen auf<br \/>\n<a href=\"https:\/\/www.badische-zeitung.de\/freiburg\/steine-die-an-prominente-und-unbekannte-erinnern--71118432.html\">\u00a0<\/a><a href=\"https:\/\/www.badische-zeitung.de\/freiburg\/steine-die-an-prominente-und-unbekannte-erinnern--71118432.html\">https:\/\/www.badische-zeitung.de\/freiburg\/steine-die-an-prominente-und-unbekannte-erinnern&#8211;71118432.html<\/a><\/p>\n<p><a href=\"https:\/\/www.freiburg-schwarzwald.de\/blog\/religion\/juden\/stolpersteine\/stolpersteine-poststrasse130423\/\" rel=\"attachment wp-att-27756\"><img loading=\"lazy\" decoding=\"async\" class=\"alignnone size-thumbnail wp-image-27756\" title=\"stolpersteine-poststrasse130423\" src=\"https:\/\/www.freiburg-schwarzwald.de\/blog\/wp-content\/uploads\/2013\/04\/stolpersteine-poststrasse130423-180x143.jpg\" alt=\"\" width=\"180\" height=\"143\" srcset=\"https:\/\/www.freiburg-schwarzwald.de\/blog\/wp-content\/uploads\/2013\/04\/stolpersteine-poststrasse130423-180x143.jpg 180w, https:\/\/www.freiburg-schwarzwald.de\/blog\/wp-content\/uploads\/2013\/04\/stolpersteine-poststrasse130423.jpg 639w\" sizes=\"auto, (max-width: 180px) 100vw, 180px\" \/><\/a>\u00a0\u00a0\u00a0\u00a0\u00a0\u00a0\u00a0\u00a0\u00a0 <a href=\"https:\/\/www.freiburg-schwarzwald.de\/blog\/religion\/juden\/stolpersteine\/poststrasse130423\/\" rel=\"attachment wp-att-27757\"><img loading=\"lazy\" decoding=\"async\" class=\"alignnone size-thumbnail wp-image-27757\" title=\"poststrasse130423\" src=\"https:\/\/www.freiburg-schwarzwald.de\/blog\/wp-content\/uploads\/2013\/04\/poststrasse130423-180x135.jpg\" alt=\"\" width=\"180\" height=\"135\" srcset=\"https:\/\/www.freiburg-schwarzwald.de\/blog\/wp-content\/uploads\/2013\/04\/poststrasse130423-180x135.jpg 180w, https:\/\/www.freiburg-schwarzwald.de\/blog\/wp-content\/uploads\/2013\/04\/poststrasse130423.jpg 640w\" sizes=\"auto, (max-width: 180px) 100vw, 180px\" \/><\/a>\u00a0\u00a0\u00a0\u00a0\u00a0\u00a0\u00a0\u00a0\u00a0 <a href=\"https:\/\/www.freiburg-schwarzwald.de\/blog\/religion\/juden\/stolpersteine\/stein-edith-zasiusstr24\/\" rel=\"attachment wp-att-28758\"><img loading=\"lazy\" decoding=\"async\" class=\"alignnone size-thumbnail wp-image-28758\" title=\"stein-edith-zasiusstr24\" src=\"https:\/\/www.freiburg-schwarzwald.de\/blog\/wp-content\/uploads\/2013\/04\/stein-edith-zasiusstr24-180x164.jpg\" alt=\"\" width=\"180\" height=\"164\" srcset=\"https:\/\/www.freiburg-schwarzwald.de\/blog\/wp-content\/uploads\/2013\/04\/stein-edith-zasiusstr24-180x164.jpg 180w, https:\/\/www.freiburg-schwarzwald.de\/blog\/wp-content\/uploads\/2013\/04\/stein-edith-zasiusstr24.jpg 438w\" sizes=\"auto, (max-width: 180px) 100vw, 180px\" \/><\/a><br \/>\n(1) Stolpersteine Kaufmann\u00a0\u00a0\u00a0\u00a0\u00a0\u00a0\u00a0\u00a0\u00a0\u00a0\u00a0\u00a0\u00a0\u00a0\u00a0\u00a0\u00a0\u00a0\u00a0 (2) Poststrasse 5 am 23.4.2013\u00a0\u00a0\u00a0\u00a0\u00a0\u00a0\u00a0\u00a0\u00a0\u00a0\u00a0 (3) Edith Stein, Zasisstrasse 24<\/p>\n<p>Else Wagner &#8211; Carl-Kistner-Strasse 2<br \/>\nElse Wagner wurde mit 43 Jahren in der T\u00f6tungsanstalt Grafeneck 1940 ermordet, bereits 1933 war die neunfache Mutter wegen ihrer \u00dcberforderung als psychisch krank eingestuft worden \u2013 ihr Todesurteil.<\/p>\n<p>Klaus Riexinger: Gesch\u00e4tzt, gepiesackt \u00b4geehrt, 21.4.2013, <a href=\"https:\/\/www.der-sonntag.de\">www.der-sonntag.de<\/a><\/p>\n<p><strong>Dr. Edith Stein, Zasiusstr. 24 (Wohnung Edith Steins 1917-1918<\/strong>)<br \/>\nEs gibt mehrere Stolperstein f\u00fcr Edith Stein, da sie mehrere Wohnsitze in Freiburg hatte: Goethestr. 63, Zasiusstr. 24 (1917-1918), Goethestrasse,, Dorfstrasse 4 (Juli\/August 1916) und Spitzackerstrasse 16 (Winter 1931\/32) in G\u00fcnterstal, gestiftet von Mitgliedern des Edith-Stein-Netzwerks (vgl. Katharina Seifert: &#8222;Ich bin ja durchaus keine Heilige &#8211; Edith Stein in Freiburg&#8220;, Promo Verlag GmbH, Freiburg 2007, Seite 28).<br \/>\n5.5.2013, Clemens B\u00fchler, Sasbach, <a href=\"mailto:cl-buehler@t-online.de\">cl-buehler@t-online.de<\/a><\/p>\n","protected":false},"excerpt":{"rendered":"<p>Home &gt;Regio &gt;Heimat &gt;Geschichte\u00a0&gt;Religion &gt;Juden &gt;Stolpersteine &nbsp; Listenauswahl eines Beitrags: Bitte\u00a0anklicken\u00a0oder runterscrollen Indubio Folge 377 \u2013 J\u00fcdisches Leben in Deutschland\u00a0(20.4.2025) Beinahe-Eklat bei Er\u00f6ffnung des Freiburger NS-Dokuzentrums: Es fehlt wieder mal der Weitblick\u00a0(21.3.2025) Eine Schande, ein Schmerz: Holocaust-Feiern verlogenen Veranstaltungen\u00a0(1.11.2019) Stolpersteine: &hellip; <a href=\"https:\/\/www.freiburg-schwarzwald.de\/blog\/religion\/juden\/stolpersteine\/\">Weiterlesen <span class=\"meta-nav\">&rarr;<\/span><\/a><\/p>\n","protected":false},"author":4,"featured_media":0,"parent":833,"menu_order":0,"comment_status":"open","ping_status":"closed","template":"","meta":{"footnotes":""},"class_list":["post-27606","page","type-page","status-publish","hentry"],"_links":{"self":[{"href":"https:\/\/www.freiburg-schwarzwald.de\/blog\/wp-json\/wp\/v2\/pages\/27606","targetHints":{"allow":["GET"]}}],"collection":[{"href":"https:\/\/www.freiburg-schwarzwald.de\/blog\/wp-json\/wp\/v2\/pages"}],"about":[{"href":"https:\/\/www.freiburg-schwarzwald.de\/blog\/wp-json\/wp\/v2\/types\/page"}],"author":[{"embeddable":true,"href":"https:\/\/www.freiburg-schwarzwald.de\/blog\/wp-json\/wp\/v2\/users\/4"}],"replies":[{"embeddable":true,"href":"https:\/\/www.freiburg-schwarzwald.de\/blog\/wp-json\/wp\/v2\/comments?post=27606"}],"version-history":[{"count":2,"href":"https:\/\/www.freiburg-schwarzwald.de\/blog\/wp-json\/wp\/v2\/pages\/27606\/revisions"}],"predecessor-version":[{"id":133008,"href":"https:\/\/www.freiburg-schwarzwald.de\/blog\/wp-json\/wp\/v2\/pages\/27606\/revisions\/133008"}],"up":[{"embeddable":true,"href":"https:\/\/www.freiburg-schwarzwald.de\/blog\/wp-json\/wp\/v2\/pages\/833"}],"wp:attachment":[{"href":"https:\/\/www.freiburg-schwarzwald.de\/blog\/wp-json\/wp\/v2\/media?parent=27606"}],"curies":[{"name":"wp","href":"https:\/\/api.w.org\/{rel}","templated":true}]}}