{"id":27,"date":"2012-03-28T07:36:35","date_gmt":"2012-03-28T07:36:35","guid":{"rendered":"https:\/\/www.freiburg-schwarzwald.de\/blog\/?page_id=27"},"modified":"2026-04-10T08:43:20","modified_gmt":"2026-04-10T06:43:20","slug":"global","status":"publish","type":"page","link":"https:\/\/www.freiburg-schwarzwald.de\/blog\/global\/","title":{"rendered":"Global"},"content":{"rendered":"<p><a href=\"https:\/\/www.freiburg-schwarzwald.de\/blog\">Home<\/a> &gt;Global<\/p>\n<div id=\"attachment_51939\" style=\"width: 649px\" class=\"wp-caption alignnone\"><a href=\"https:\/\/www.freiburg-schwarzwald.de\/blog\/global\/nebel17alpen-pan141205\/\" rel=\"attachment wp-att-51939\"><img loading=\"lazy\" decoding=\"async\" aria-describedby=\"caption-attachment-51939\" class=\"size-full wp-image-51939\" src=\"https:\/\/www.freiburg-schwarzwald.de\/blog\/wp-content\/uploads\/2012\/03\/nebel17alpen-pan141205.jpg\" alt=\"Blick vom Feldberg nach S\u00fcden \u00fcber den Hochrhein im Nebel mit den Wolken des AKW Leibstadt bis zu den Alpen am 5.12.2014\" width=\"639\" height=\"252\" srcset=\"https:\/\/www.freiburg-schwarzwald.de\/blog\/wp-content\/uploads\/2012\/03\/nebel17alpen-pan141205.jpg 639w, https:\/\/www.freiburg-schwarzwald.de\/blog\/wp-content\/uploads\/2012\/03\/nebel17alpen-pan141205-180x70.jpg 180w\" sizes=\"auto, (max-width: 639px) 100vw, 639px\" \/><\/a><p id=\"caption-attachment-51939\" class=\"wp-caption-text\">Blick vom Feldberg nach S\u00fcden \u00fcber den Hochrhein im Nebel mit den Wolken des AKW Leibstadt bis zu den Alpen am 5.12.2014<\/p><\/div>\n<p>&nbsp;<\/p>\n<ul>\n<li><em>Listenauswahl eines Beitrags (Artikel\/Datum, Seite\/Inhalt):\u00a0<span style=\"text-decoration: underline;\">Klicken<\/span>\u00a0oder scrollen<\/em><\/li>\n<li><a href=\"https:\/\/www.freiburg-schwarzwald.de\/blog\/global\/hormuz\/\">Geopolitik: Europa im Tiefschlaf \u2013 Meerenge von Hormuz<\/a>\u00a0(9.4.2926)<\/li>\n<li><a href=\"https:\/\/www.freiburg-schwarzwald.de\/blog\/global\/hormuz\/\">2Africa-Unterwasserkabel: Arabien, Afrika, Asien und Europa verbinden<\/a>\u00a0(3.4.2026)<\/li>\n<li><a href=\"https:\/\/www.freiburg-schwarzwald.de\/blog\/global\/globalisierung\/voelkerrecht\/\">Freiheit oder V\u00f6lkerrecht? Es gibt eine moralische Verpflichtung, Iranern zu helfen<\/a>\u00a0(28.2.2026)<\/li>\n<li><a href=\"https:\/\/www.freiburg-schwarzwald.de\/blog\/global\/venezuela\/\">Die Colonia Tovar in Venezuela: Einwanderer aus dem Kaiserstuhl<\/a>\u00a0(18.1.2026)<\/li>\n<li><a href=\"https:\/\/www.freiburg-schwarzwald.de\/blog\/global\/groenland\/\">Europas Selbstgef\u00e4lligkeit gegen\u00fcber Gr\u00f6nland<\/a> (5.1.2026)<\/li>\n<li><a href=\"https:\/\/www.freiburg-schwarzwald.de\/blog\/global\/suedamerika\/\">Venezuela V\u00f6lkerrecht Diktatur Interessen-\/Geopolitik<\/a>\u00a0(7.1.2026)<\/li>\n<li><a href=\"https:\/\/www.freiburg-schwarzwald.de\/blog\/global\/deutschland\/sieferle\/\">Sieferle \u201eEpochenwechsel\u201c: Universalismus (Migration) vs Partikularismus (Nationen)<\/a>\u00a0(7.1.2026)<\/li>\n<li><a href=\"https:\/\/www.freiburg-schwarzwald.de\/blog\/bevoelkerungsexplosion-problem\/\">Bev\u00f6lkerungsexplosion Problem Nr. 1<\/a>\u00a0(4.10.2025)<\/li>\n<li><a href=\"https:\/\/www.freiburg-schwarzwald.de\/blog\/global\/globalisierung\/global-government\/international\/\">Endlich: Der IGH der UN als \u201eWeltgericht\u201c rettet das Weltklima<\/a>\u00a0(28.7.2025)<\/li>\n<li><a href=\"https:\/\/www.freiburg-schwarzwald.de\/blog\/business\/volkswirtschaft\/zollpolitik\/\">Fair Trade statt Handelskrieg<\/a>\u00a0(14.6.2025)<\/li>\n<li><a href=\"https:\/\/www.freiburg-schwarzwald.de\/blog\/us-zollpolitik-und-freihandel\/\">US-Zollpolitik und Freihandel<\/a>\u00a0(11.3.2025)<\/li>\n<li><a href=\"https:\/\/www.freiburg-schwarzwald.de\/blog\/global\/rumaenien\/\">Rum\u00e4nien: NATO-Kritiker \u00fcberrascht bei Pr\u00e4sidentschaftswahl<\/a>\u00a0(26.11.024)<\/li>\n<li>2024: Ein hartes Jahr f\u00fcr Widerstand gegen Globalismus (4.3.2024)<\/li>\n<li><a href=\"https:\/\/www.freiburg-schwarzwald.de\/blog\/global\/globalisierung\/un\/\">Vereinten Nationen fordern Zensur \u2013 \u201eDesinformation\u201c und Meinungsfreiheit<\/a> (28.6.2023)<\/li>\n<li><a href=\"https:\/\/www.freiburg-schwarzwald.de\/blog\/woher-kommen-sie\/\">Woher kommen Sie<\/a> (2.1.2023)<\/li>\n<li><a href=\"https:\/\/www.freiburg-schwarzwald.de\/blog\/global\/eritrea\/\">Eritrea &#8211; kaputtes Land\u00a0 zwischen Abessinien und Italien<\/a> (8.12.2022)<\/li>\n<li><a href=\"https:\/\/www.freiburg-schwarzwald.de\/blog\/global\/globalisierung\/deglobalisierung\/\">Colin Crough: Globalisierung r\u00fcckg\u00e4ngig machen<\/a>\u00a0(19.8.2022)<\/li>\n<li><a href=\"https:\/\/www.freiburg-schwarzwald.de\/blog\/global\/niederlande\/\">Bauernproteste in den Niederlanden<\/a>\u00a0(29.7.2022)<\/li>\n<li><a href=\"https:\/\/www.freiburg-schwarzwald.de\/blog\/g7-treffen-in-elmau-minderheit\/\">G7-Treffen in Elmau: Minderheit<\/a>\u00a0(1.7.2022)<\/li>\n<li><a href=\"https:\/\/www.freiburg-schwarzwald.de\/blog\/global\/kanada\/\">Trucker-Proteste auch gegen links-globales Establishment<\/a>\u00a0(1.2.2022)<\/li>\n<li><a href=\"https:\/\/www.freiburg-schwarzwald.de\/blog\/soehne-und-weltmacht-buch\/\">S\u00f6hne und Weltmacht \u2013 Buch von Gunnar Heinsohn<\/a>\u00a0(12.9.2021)<\/li>\n<li><a href=\"https:\/\/www.freiburg-schwarzwald.de\/blog\/global\/china\/china-geteilt\/\">Eine seltsame Gro\u00dfmacht: Chinas nationale Strategie<\/a>\u00a0(5.9.2021)<\/li>\n<li><a href=\"https:\/\/www.freiburg-schwarzwald.de\/blog\/global\/suedafrika\/\">Es gilt das Recht des St\u00e4rkeren \u2013 in S\u00fcdafrika und in Deutschland?<\/a> (12.8.2021)<\/li>\n<li><a href=\"https:\/\/www.freiburg-schwarzwald.de\/blog\/global\/netzwerke\/\">Young Global Leaders \u2013 Ein Bewu\u00dftsein von Exklusivit\u00e4t<\/a> (16.7.2021)<\/li>\n<li><a href=\"https:\/\/www.freiburg-schwarzwald.de\/blog\/global\/afghanistan\/\">Deutsche Kosten des Krieges in Afghanistan: 12 oder 47 Mrd Euro?<\/a>\u00a0(14.7.2021)<\/li>\n<li><a href=\"https:\/\/www.freiburg-schwarzwald.de\/blog\/natur\/landwirt\/agrochemie\/\">Kreislauf der Gifte: Pestizide in Fruchtimporten<\/a>\u00a0(10.6.2021)<\/li>\n<li><a href=\"https:\/\/www.freiburg-schwarzwald.de\/blog\/israel-staatsraison-nur-verbal\/\">Israel Staatsraison \u2013 nur verbal<\/a>\u00a0(15.5.2021)<\/li>\n<li><a href=\"https:\/\/www.freiburg-schwarzwald.de\/blog\/global\/ethnien\/\">Ethnopluralismus<\/a>\u00a0(8.1.2021)<\/li>\n<li><a href=\"https:\/\/www.freiburg-schwarzwald.de\/blog\/global\/eu\/brexit\/\">Get Brexit done<\/a>\u00a0(3.1.2021)<\/li>\n<li><a href=\"https:\/\/www.freiburg-schwarzwald.de\/blog\/engagement\/zukunft\/zukunftsfaehiges-deutschland\/\">Erfolg von Staaten: Eigenverantwortung, nicht nur IQ<\/a>\u00a0(28.12.2020)<\/li>\n<li>Corona: Datenschutz\/offene Grenzen (D) &#8211; Wirtschaft\/Leben (Asien) (24.12.2020)<\/li>\n<li><\/li>\n<li><a title=\"Afrika\" href=\"https:\/\/www.freiburg-schwarzwald.de\/blog\/global\/afrika\/\">Afrika<\/a><\/li>\n<li><a title=\"Abschiebung\" href=\"https:\/\/www.freiburg-schwarzwald.de\/blog\/global\/integration\/abschiebung\/\">Abschiebung<\/a><\/li>\n<li><a title=\"Aegypten\" href=\"https:\/\/www.freiburg-schwarzwald.de\/blog\/global\/aegypten\/\">Aegypten<\/a><\/li>\n<li><a href=\"https:\/\/www.freiburg-schwarzwald.de\/blog\/global\/afghanistan\/\">Afghanistan<\/a><\/li>\n<li><a title=\"Mahgreb\" href=\"https:\/\/www.freiburg-schwarzwald.de\/blog\/global\/maghreb\/\">Algerien &#8211; Maghreb<\/a><\/li>\n<li><a title=\"Ausland\" href=\"https:\/\/www.freiburg-schwarzwald.de\/blog\/global\/ausland\/\">Ausland &#8211; Auslandsjob &#8211; Austausch<\/a><\/li>\n<li><a title=\"Balkan\" href=\"https:\/\/www.freiburg-schwarzwald.de\/blog\/global\/balkan\/\">Balkan<\/a><\/li>\n<li><a href=\"https:\/\/www.freiburg-schwarzwald.de\/blog\/engagement\/zukunft\/demografie\/bevoelkerungswachstum\/\">Bev\u00f6lkerungswachstum<\/a><\/li>\n<li><a title=\"Brasilien\" href=\"https:\/\/www.freiburg-schwarzwald.de\/blog\/global\/brasilien\/\">Brasilien &#8211; Regenwald<\/a><\/li>\n<li><a title=\"China\" href=\"https:\/\/www.freiburg-schwarzwald.de\/blog\/global\/china\/\">China<\/a><\/li>\n<li><a href=\"https:\/\/www.freiburg-schwarzwald.de\/blog\/global\/china\/china-geteilt\/\">China-geteilt<\/a><\/li>\n<li><a title=\"Daenemark\" href=\"https:\/\/www.freiburg-schwarzwald.de\/blog\/global\/daenemark\/\">Daenemark<\/a><\/li>\n<li><a href=\"https:\/\/www.freiburg-schwarzwald.de\/blog\/global\/globalisierung\/deglobalisierung\/\">Deglobalisierung<\/a><\/li>\n<li><a title=\"Demokratie\" href=\"https:\/\/www.freiburg-schwarzwald.de\/blog\/engagement\/zukunft\/demokratie\/\">Demokratie<\/a><\/li>\n<li><a title=\"Deutschland\" href=\"https:\/\/www.freiburg-schwarzwald.de\/blog\/global\/deutschland\/\">Deutschland<\/a><\/li>\n<li><a title=\"EineWelt\" href=\"https:\/\/www.freiburg-schwarzwald.de\/blog\/global\/einewelt\/\">EineWelt-Projekte<\/a><\/li>\n<li><a title=\"Grossbritannien\" href=\"https:\/\/www.freiburg-schwarzwald.de\/blog\/global\/grossbritannien\/\">England<\/a><\/li>\n<li><a href=\"https:\/\/www.freiburg-schwarzwald.de\/blog\/global\/eritrea\/\">Eritrea<\/a><\/li>\n<li><a href=\"https:\/\/www.freiburg-schwarzwald.de\/blog\/global\/ethnien\/\">Ethnien<\/a><\/li>\n<li><a title=\"EU\" href=\"https:\/\/www.freiburg-schwarzwald.de\/blog\/global\/eu\/\">EU<\/a><\/li>\n<li><a title=\"Europa-der-Vaterl\u00e4nder\" href=\"https:\/\/www.freiburg-schwarzwald.de\/blog\/global\/eu\/europa-der-vaterlaender\/\">Europa der Vaterl\u00e4nder<\/a><\/li>\n<li><a title=\"Export\" href=\"https:\/\/www.freiburg-schwarzwald.de\/blog\/business\/export\/\">Export<\/a><\/li>\n<li><a title=\"FairerHandel\" href=\"https:\/\/www.freiburg-schwarzwald.de\/blog\/global\/fairerhandel\/\">Fairer Handel<\/a><\/li>\n<li><a title=\"Finanzsystem\" href=\"https:\/\/www.freiburg-schwarzwald.de\/blog\/global\/finanzsystem\/\">Finanzsystem<\/a><\/li>\n<li><a title=\"France\" href=\"https:\/\/www.freiburg-schwarzwald.de\/blog\/global\/france\/\">France &#8211; Frankreich<\/a><\/li>\n<li><a href=\"https:\/\/www.freiburg-schwarzwald.de\/blog\/global\/france\/frankreich2022\/\">Frankreich2022<\/a><\/li>\n<li><a title=\"Frieden\" href=\"https:\/\/www.freiburg-schwarzwald.de\/blog\/engagement\/zukunft\/frieden\/\">Frieden<\/a><\/li>\n<li><a title=\"Global-Migration\" href=\"https:\/\/www.freiburg-schwarzwald.de\/blog\/global\/globalisierung\/global-migration\/\">Globaler Migrationspakt<\/a><\/li>\n<li><a title=\"Globalisierung\" href=\"https:\/\/www.freiburg-schwarzwald.de\/blog\/global\/globalisierung\/\">Globalisierung<\/a><\/li>\n<li><a title=\"Green-Economy\" href=\"https:\/\/www.freiburg-schwarzwald.de\/blog\/global\/green-economy\/\">Green Economy &#8211; Zweite industrielle Revolution<\/a><\/li>\n<li><a title=\"Griechenland\" href=\"https:\/\/www.freiburg-schwarzwald.de\/blog\/global\/griechenland\/\">Griechenland<\/a><\/li>\n<li><a href=\"https:\/\/www.freiburg-schwarzwald.de\/blog\/global\/groenland\/\">Gr\u00f6nland<\/a><\/li>\n<li><a title=\"Grossbritannien\" href=\"https:\/\/www.freiburg-schwarzwald.de\/blog\/global\/grossbritannien\/\">Grossbritannien<\/a><\/li>\n<li><a title=\"Haiti\" href=\"https:\/\/www.freiburg-schwarzwald.de\/blog\/global\/haiti\/\">Haiti<\/a><\/li>\n<li><a href=\"https:\/\/www.freiburg-schwarzwald.de\/blog\/bildung\/heinsohn\/\">Heinsohn<\/a><\/li>\n<li><a href=\"https:\/\/www.freiburg-schwarzwald.de\/blog\/global\/niederlande\/\">Holland<\/a><\/li>\n<li><a href=\"https:\/\/www.freiburg-schwarzwald.de\/blog\/global\/hormuz\/\">Hormuz<\/a><\/li>\n<li><a title=\"Hunger\" href=\"https:\/\/www.freiburg-schwarzwald.de\/blog\/global\/hunger\/\">Hunger<\/a><\/li>\n<li><a title=\"Indien\" href=\"https:\/\/www.freiburg-schwarzwald.de\/blog\/global\/indien\/\">Indien<\/a><\/li>\n<li><a title=\"Indonesien\" href=\"https:\/\/www.freiburg-schwarzwald.de\/blog\/global\/indonesien\/\">Indonesien<\/a><\/li>\n<li><a title=\"Integration\" href=\"https:\/\/www.freiburg-schwarzwald.de\/blog\/global\/integration\/\">Integration<\/a><\/li>\n<li><a title=\"Interkulturelle-Oeffnung\" href=\"https:\/\/www.freiburg-schwarzwald.de\/blog\/global\/integration\/interkulturelle-oeffnung\/\">Interkulturelle \u00d6ffnung<\/a><\/li>\n<li><a href=\"https:\/\/www.freiburg-schwarzwald.de\/blog\/global\/globalisierung\/global-government\/international\/\">international<\/a><\/li>\n<li><a title=\"Irak\" href=\"https:\/\/www.freiburg-schwarzwald.de\/blog\/global\/irak\/\">Irak<\/a><\/li>\n<li><a title=\"Iran\" href=\"https:\/\/www.freiburg-schwarzwald.de\/blog\/global\/iran\/\">Iran<\/a><\/li>\n<li><a title=\"Israel\" href=\"https:\/\/www.freiburg-schwarzwald.de\/blog\/global\/israel\/\">Israel<\/a><\/li>\n<li><a title=\"Italien\" href=\"https:\/\/www.freiburg-schwarzwald.de\/blog\/global\/italien\/\">Italien<\/a><\/li>\n<li><a title=\"Japan\" href=\"https:\/\/www.freiburg-schwarzwald.de\/blog\/global\/japan\/\">Japan<\/a><\/li>\n<li><a title=\"Jerusalem\" href=\"https:\/\/www.freiburg-schwarzwald.de\/blog\/religion\/jerusalem\/\">Jerusalem<\/a><\/li>\n<li><a href=\"https:\/\/www.freiburg-schwarzwald.de\/blog\/global\/kanada\/\">Kanada<\/a><\/li>\n<li><a title=\"Kolonialismus\" href=\"https:\/\/www.freiburg-schwarzwald.de\/blog\/global\/kolonialismus\/\">Kolonialismus<\/a><\/li>\n<li><a title=\"Korruption\" href=\"https:\/\/www.freiburg-schwarzwald.de\/blog\/engagement\/zukunft\/korruption\/\">Korruption<\/a><\/li>\n<li><a title=\"Krieg\" href=\"https:\/\/www.freiburg-schwarzwald.de\/blog\/engagement\/zukunft\/krieg\/\">Krieg<\/a><\/li>\n<li><a title=\"Kurdistan\" href=\"https:\/\/www.freiburg-schwarzwald.de\/blog\/global\/kurdistan\/\">Kurdistan &#8211; Kurden<\/a><\/li>\n<li><a title=\"Landgrabbing\" href=\"https:\/\/www.freiburg-schwarzwald.de\/blog\/global\/landgrabbing\/\">Landgrabbing<\/a><\/li>\n<li><a title=\"Maghreb\" href=\"https:\/\/www.freiburg-schwarzwald.de\/blog\/global\/maghreb\/\">Maghreb<\/a><\/li>\n<li><a title=\"Migration\" href=\"https:\/\/www.freiburg-schwarzwald.de\/blog\/global\/migration\/\">Migration<\/a><\/li>\n<li><a title=\"Mittelmeer\" href=\"https:\/\/www.freiburg-schwarzwald.de\/blog\/global\/mittelmeer\/\">Mittelmeer<\/a><\/li>\n<li><a title=\"Mongolei\" href=\"https:\/\/www.freiburg-schwarzwald.de\/blog\/global\/mongolei\/\">Mongolei<\/a><\/li>\n<li><a href=\"https:\/\/www.freiburg-schwarzwald.de\/blog\/global\/netzwerke\/\">Netzwerke<\/a><\/li>\n<li><a title=\"NGO\" href=\"https:\/\/www.freiburg-schwarzwald.de\/blog\/vereine\/ngo\/\">NGO\u00a0 Non-Goverment-Organizations &#8211; NRO Nicht-Regierungsorganisationen<\/a><\/li>\n<li><a href=\"https:\/\/www.freiburg-schwarzwald.de\/blog\/global\/niederlande\/\">Niederlande<\/a><\/li>\n<li><a title=\"Oesterreich\" href=\"https:\/\/www.freiburg-schwarzwald.de\/blog\/global\/oesterreich\/\">Oesterreich<\/a><\/li>\n<li><a title=\"One-World\" href=\"https:\/\/www.freiburg-schwarzwald.de\/blog\/global\/globalisierung\/one-world\/\">One-World<\/a><\/li>\n<li><a href=\"https:\/\/www.freiburg-schwarzwald.de\/blog\/global\/ostasien\/\">Ostasien<\/a><\/li>\n<li><a title=\"Palaestina\" href=\"https:\/\/www.freiburg-schwarzwald.de\/blog\/global\/israel\/palaestina\/\">Pal\u00e4stina<\/a><\/li>\n<li><a title=\"Polen\" href=\"https:\/\/www.freiburg-schwarzwald.de\/blog\/global\/polen\/\">Polen<\/a><\/li>\n<li><a title=\"Roma\" href=\"https:\/\/www.freiburg-schwarzwald.de\/blog\/global\/roma\/\">Roma &#8211; Sinti<\/a><\/li>\n<li><a title=\"Rumaenien\" href=\"https:\/\/www.freiburg-schwarzwald.de\/blog\/global\/rumaenien\/\">Rumaenien<\/a><\/li>\n<li><a title=\"Russland\" href=\"https:\/\/www.freiburg-schwarzwald.de\/blog\/global\/russland\/\">Russland<\/a><\/li>\n<li><a title=\"Saudi-Arabien\" href=\"https:\/\/www.freiburg-schwarzwald.de\/blog\/global\/saudi-arabien\/\">Saudi-Arabien<\/a><\/li>\n<li><a title=\"Schweden\" href=\"https:\/\/www.freiburg-schwarzwald.de\/blog\/global\/schweden\/\">Schweden<\/a><\/li>\n<li><a title=\"Schweiz\" href=\"https:\/\/www.freiburg-schwarzwald.de\/blog\/global\/schweiz\/\">Schweiz<\/a><\/li>\n<li><a title=\"Spanien\" href=\"https:\/\/www.freiburg-schwarzwald.de\/blog\/global\/spanien\/\">Spanien<\/a><\/li>\n<li><a href=\"https:\/\/www.freiburg-schwarzwald.de\/blog\/global\/suedafrika\/\">Suedafrika<\/a><\/li>\n<li><a href=\"https:\/\/www.freiburg-schwarzwald.de\/blog\/global\/suedamerika\/\">S\u00fcdamerika<\/a><\/li>\n<li><a title=\"Syrien\" href=\"https:\/\/www.freiburg-schwarzwald.de\/blog\/global\/syrien\/\">Syrien<\/a><\/li>\n<li><a title=\"Teneriffa\" href=\"https:\/\/www.freiburg-schwarzwald.de\/blog\/global\/teneriffa\/\">Teneriffa<\/a><\/li>\n<li><a title=\"Tuerkei\" href=\"https:\/\/www.freiburg-schwarzwald.de\/blog\/global\/tuerkei\/\">Tuerkei<\/a><\/li>\n<li><a title=\"Twintowns\" href=\"https:\/\/www.freiburg-schwarzwald.de\/blog\/global\/twintowns\/\">Twintowns &#8211; Partnerschaften von Ortschaften<\/a><\/li>\n<li><a title=\"Ukraine\" href=\"https:\/\/www.freiburg-schwarzwald.de\/blog\/global\/ukraine\/\">Ukraine<\/a><\/li>\n<li><a href=\"https:\/\/www.freiburg-schwarzwald.de\/blog\/global\/globalisierung\/un\/\">UN<\/a><\/li>\n<li><a title=\"Global-Migration\" href=\"https:\/\/www.freiburg-schwarzwald.de\/blog\/global\/globalisierung\/global-migration\/\">UN-Migrationspakt<\/a><\/li>\n<li><a title=\"USA\" href=\"https:\/\/www.freiburg-schwarzwald.de\/blog\/global\/usa\/\">USA<\/a><\/li>\n<li><a href=\"https:\/\/www.freiburg-schwarzwald.de\/blog\/global\/venezuela\/\">Venezuela<\/a><\/li>\n<li><a href=\"https:\/\/www.freiburg-schwarzwald.de\/blog\/global\/globalisierung\/voelkerrecht\/\">V\u00f6lkerrecht<\/a><\/li>\n<li><a title=\"Voelkerwanderung\" href=\"https:\/\/www.freiburg-schwarzwald.de\/blog\/global\/voelkerwanderung\/\">Voelkerwanderung<\/a><\/li>\n<li><a title=\"Waffen\" href=\"https:\/\/www.freiburg-schwarzwald.de\/blog\/global\/waffen\/\">Waffen<\/a><\/li>\n<li><a title=\"Weltladen\" href=\"https:\/\/www.freiburg-schwarzwald.de\/blog\/business\/handel\/weltladen\/\">Weltladen<\/a><\/li>\n<li><a title=\"Weltwirtschaft\" href=\"https:\/\/www.freiburg-schwarzwald.de\/blog\/global\/weltwirtschaft\/\">Weltwirtschaft<\/a><\/li>\n<li><a title=\"Youth-Bulges\" href=\"https:\/\/www.freiburg-schwarzwald.de\/blog\/engagement\/zukunft\/krieg\/youth-bulges\/\">Youth Bulges<\/a><\/li>\n<li><a href=\"https:\/\/www.freiburg-schwarzwald.de\/blog\/business\/volkswirtschaft\/zollpolitik\/\">Zollpolitik<\/a><\/li>\n<li><a href=\"https:\/\/www.freiburg-schwarzwald.de\/blog\/engagement\/zukunft\/zukunftsfaehiges-deutschland\/\">Zukunftsfaehiges Deutschland<\/a><\/li>\n<\/ul>\n<p>In der <a title=\"EU\" href=\"https:\/\/www.freiburg-schwarzwald.de\/blog\/global\/eu\/\">EU<\/a> werden PRO TAG\u00a0Agrarsubventionen\u00a0in einer H\u00f6he bezahlt, die der von Deutschland an Afrika IM JAHR gew\u00e4hrten Entwicklungshilfe entspricht.<\/p>\n<div id=\"attachment_1197\" style=\"width: 612px\" class=\"wp-caption alignnone\"><a href=\"https:\/\/www.freiburg-schwarzwald.de\/blog\/global\/kapplereck2pan-100102\/\" rel=\"attachment wp-att-1197\"><img loading=\"lazy\" decoding=\"async\" aria-describedby=\"caption-attachment-1197\" class=\"size-full wp-image-1197\" title=\"kapplereck2pan-100102\" src=\"https:\/\/www.freiburg-schwarzwald.de\/blog\/wp-content\/uploads\/2012\/03\/kapplereck2pan-100102.jpg\" alt=\"\" width=\"602\" height=\"177\" srcset=\"https:\/\/www.freiburg-schwarzwald.de\/blog\/wp-content\/uploads\/2012\/03\/kapplereck2pan-100102.jpg 602w, https:\/\/www.freiburg-schwarzwald.de\/blog\/wp-content\/uploads\/2012\/03\/kapplereck2pan-100102-180x52.jpg 180w\" sizes=\"auto, (max-width: 602px) 100vw, 602px\" \/><\/a><p id=\"caption-attachment-1197\" class=\"wp-caption-text\">Blick vom Kappler Eck nach Osten auf Kirchzarten am 2.1.2010 &#8211; Giersberg rechts<\/p><\/div>\n<p>.<\/p>\n<p><strong>2024: Ein hartes Jahr f\u00fcr Widerstand gegen Globalismus<\/strong><br \/>\n2024 ist ein Schicksalsjahr f\u00fcr den Widerstand gegen den Globalismus. F\u00fcr das WEF und seine Marionetten hat der &#8222;Kampf gegen Desinformation&#8220; oberste Priorit\u00e4t. Im Klartext bedeutet das: B\u00fcrger sollen mundtot gemacht und freie Medien zerschlagen werden. &#8222;Desinformation&#8220; ist dabei alles, was dem Herrschenden ein Dorn im Auge ist. Im Interview spricht AUF1-Chefredakteur Stefan Magnet mit Compact-Chefredakteure J\u00fcrgen Els\u00e4sser \u00fcber die Gefahren f\u00fcr die Opposition und wie der Widerstand dennoch erfolgreich sein kann.<br \/>\n2024: Ein hartes Jahr f\u00fcr Widerstand!<br \/>\n2.3.2024<br \/>\n<a href=\"https:\/\/auf1.tv\/auf1-spezial\/2024-ein-hartes-jahr-fuer-widerstand\">https:\/\/auf1.tv\/auf1-spezial\/2024-ein-hartes-jahr-fuer-widerstand<\/a><\/p>\n<p>&nbsp;<\/p>\n<p>&nbsp;<\/p>\n<p><strong>Corona: Datenschutz\/offene Grenzen (D) &#8211; Wirtschaft\/Leben (Asien)<\/strong><br \/>\n<strong>Best Practice: In der Coronakrise von Asien lernen<\/strong><br \/>\nMit \u201eBest Practice\u201c wird in der Betriebswirtschaftslehre die Methode genannt, von anderen Unternehmen zu lernen und vorbildliche Methoden, Praktiken oder Vorgehensweisen zu adaptieren. \u00dcbertragen auf die <a href=\"https:\/\/www.freiburg-schwarzwald.de\/blog\/business\/gesund\/corona-virus\/\">Corona-Krise<\/a> w\u00fcrde das hei\u00dfen: Schauen wir uns in der Welt um, wo die Corona-Krise am erfolgreichsten bek\u00e4mpft wird \u2013 und lernen wir davon.<br \/>\nIn vielen asiatischen L\u00e4ndern sind die Zahlen der Infizierten, Kranken und Toten wesentlich niedriger als in Europa oder den USA.<br \/>\n&#8230;<br \/>\nIn einer Pandemie kommt man ganz ohne Freiheitseinschr\u00e4nkungen leider nicht aus. Die Frage ist, welche Freiheitseinschr\u00e4nkungen man am ehesten akzeptiert:<br \/>\n<em><strong>In Deutschland beispielsweise hat man sich entschieden,<br \/>\ndass der Datenschutz und offene Grenzen<br \/>\nh\u00f6here Priorit\u00e4t genie\u00dfen<br \/>\nals der Schutz von Menschenleben und der Schutz der Wirtschaft.<\/strong><br \/>\n<\/em>\u00a0.<br \/>\nAber was ist mit der Freiheit all der Selbst\u00e4ndigen und Unternehmer, die in die Insolvenz getrieben werden?<br \/>\nWas ist mit der Freiheit von Arbeitnehmern, die ihren Job verlieren?<br \/>\nWas ist mit der Freiheit von Tausenden Toten, die es t\u00e4glich in Europa und den USA gibt? Wiegen diese Freiheiten weniger als Datenschutz und unkontrollierter Reiseverkehr?<br \/>\n.<br \/>\nGedankenexperiment: W\u00e4re Corona so gef\u00e4hrlich wie etwa Ebola, wie w\u00fcrde man dann diese Fragen beantworten, wie w\u00fcrde man dann die Priorit\u00e4ten setzen? Ich denke, man redet sich die Situation sch\u00f6n. Europa war schon vor Corona nicht in der Lage oder willens, seine Au\u00dfengrenzen zu sichern. Und wer in Asien war, der wei\u00df, dass viele asiatische L\u00e4nder heute einfach moderner sind und beispielsweise in der Digitalisierung viel weiter als Europa oder die USA.<\/p>\n<p>Amerikaner und Europ\u00e4er sollten die Corona-Krise als Weckruf nehmen, denn sie legt Defizite deutlich blo\u00df. Arroganz und Besserwisserei gegen\u00fcber Asiaten n\u00fctzen uns in der Krise nichts. Wir sollten uns darauf konzentrieren, was wir von ihnen lernen k\u00f6nnen.<br \/>\n&#8230; Alles vom 24.12.2020 bitte lesen auf<br \/>\n<a href=\"https:\/\/www.theeuropean.de\/rainer-zitelmann\/das-groesste-versaeumnis-in-der-corona-krise\/\">https:\/\/www.theeuropean.de\/rainer-zitelmann\/das-groesste-versaeumnis-in-der-corona-krise\/<\/a><\/p>\n<p>&nbsp;<\/p>\n","protected":false},"excerpt":{"rendered":"<p>Home &gt;Global &nbsp; Listenauswahl eines Beitrags (Artikel\/Datum, Seite\/Inhalt):\u00a0Klicken\u00a0oder scrollen Geopolitik: Europa im Tiefschlaf \u2013 Meerenge von Hormuz\u00a0(9.4.2926) 2Africa-Unterwasserkabel: Arabien, Afrika, Asien und Europa verbinden\u00a0(3.4.2026) Freiheit oder V\u00f6lkerrecht? Es gibt eine moralische Verpflichtung, Iranern zu helfen\u00a0(28.2.2026) Die Colonia Tovar in Venezuela: &hellip; <a href=\"https:\/\/www.freiburg-schwarzwald.de\/blog\/global\/\">Weiterlesen <span class=\"meta-nav\">&rarr;<\/span><\/a><\/p>\n","protected":false},"author":2,"featured_media":0,"parent":0,"menu_order":0,"comment_status":"open","ping_status":"closed","template":"","meta":{"footnotes":""},"class_list":["post-27","page","type-page","status-publish","hentry"],"_links":{"self":[{"href":"https:\/\/www.freiburg-schwarzwald.de\/blog\/wp-json\/wp\/v2\/pages\/27","targetHints":{"allow":["GET"]}}],"collection":[{"href":"https:\/\/www.freiburg-schwarzwald.de\/blog\/wp-json\/wp\/v2\/pages"}],"about":[{"href":"https:\/\/www.freiburg-schwarzwald.de\/blog\/wp-json\/wp\/v2\/types\/page"}],"author":[{"embeddable":true,"href":"https:\/\/www.freiburg-schwarzwald.de\/blog\/wp-json\/wp\/v2\/users\/2"}],"replies":[{"embeddable":true,"href":"https:\/\/www.freiburg-schwarzwald.de\/blog\/wp-json\/wp\/v2\/comments?post=27"}],"version-history":[{"count":6,"href":"https:\/\/www.freiburg-schwarzwald.de\/blog\/wp-json\/wp\/v2\/pages\/27\/revisions"}],"predecessor-version":[{"id":147665,"href":"https:\/\/www.freiburg-schwarzwald.de\/blog\/wp-json\/wp\/v2\/pages\/27\/revisions\/147665"}],"wp:attachment":[{"href":"https:\/\/www.freiburg-schwarzwald.de\/blog\/wp-json\/wp\/v2\/media?parent=27"}],"curies":[{"name":"wp","href":"https:\/\/api.w.org\/{rel}","templated":true}]}}