{"id":26865,"date":"2013-04-11T17:30:52","date_gmt":"2013-04-11T15:30:52","guid":{"rendered":"https:\/\/www.freiburg-schwarzwald.de\/blog\/?page_id=26865"},"modified":"2013-11-29T10:16:13","modified_gmt":"2013-11-29T09:16:13","slug":"pellets","status":"publish","type":"page","link":"https:\/\/www.freiburg-schwarzwald.de\/blog\/energie\/pellets\/","title":{"rendered":"Pellets"},"content":{"rendered":"<p>Home &gt;<a title=\"Energie\" href=\"https:\/\/www.freiburg-schwarzwald.de\/blog\/energie\/\">Energie<\/a> &gt;Pellets<\/p>\n<div id=\"attachment_25681\" style=\"width: 608px\" class=\"wp-caption alignnone\"><a href=\"https:\/\/www.freiburg-schwarzwald.de\/blog\/regio\/orte\/bernau\/bernau7pan-080723\/\" rel=\"attachment wp-att-25681\"><img loading=\"lazy\" decoding=\"async\" aria-describedby=\"caption-attachment-25681\" class=\"size-full wp-image-25681\" title=\"bernau7pan-080723\" src=\"https:\/\/www.freiburg-schwarzwald.de\/blog\/wp-content\/uploads\/2013\/03\/bernau7pan-080723.jpg\" alt=\"\" width=\"598\" height=\"177\" srcset=\"https:\/\/www.freiburg-schwarzwald.de\/blog\/wp-content\/uploads\/2013\/03\/bernau7pan-080723.jpg 598w, https:\/\/www.freiburg-schwarzwald.de\/blog\/wp-content\/uploads\/2013\/03\/bernau7pan-080723-180x53.jpg 180w\" sizes=\"auto, (max-width: 598px) 100vw, 598px\" \/><\/a><p id=\"caption-attachment-25681\" class=\"wp-caption-text\">Blick nach Norden \u00fcber Bernau-Dorf zum Spie\u00dfhorn am 23.7.2008<\/p><\/div>\n<ul>\n<li><a href=\"https:\/\/www.freiburg-schwarzwald.de\/blog\/contracting-bei-heizungsanlage\/\">https:\/\/www.freiburg-schwarzwald.de\/blog\/contracting-bei-heizungsanlage\/<\/a>\u00a0(29.11.2013)<\/li>\n<li>Mit gutem Gewissen feuere ich meine Kachel\u00f6fen (17.5.2013)<\/li>\n<li><a href=\"https:\/\/www.freiburg-schwarzwald.de\/littenweiler\/pellets1.htm\">Aktuelle Infos zu Pellets ab 20.9.2005<\/a> &gt;Pellets1<\/li>\n<li><a href=\"https:\/\/www.freiburg-dreisamtal.de\/pellets.htm\">www.freiburg-dreisamtal.de\/pellets.htm<\/a> &gt;Archivseite Pellets (viele Bilder)<\/li>\n<li><a href=\"https:\/\/www.freiburg-schwarzwald.de\/energiepolitik2.htm#Holzpelletwerk Buchenbach - Brennstoff f\u00fcr 14000 Haushalte\">Holzpelletwerk Buchenbach &#8211; Brennstoff f\u00fcr 14000 Haushalte<\/a> &gt;Energiepolitik2 (10.9.2005)<\/li>\n<li><a href=\"https:\/\/www.freiburg-schwarzwald.de\/energiepolitik2.htm#Holzpelletwerk Buchenbach - ein weiterer Schritt weg vom \u00d6l\">Holzpelletwerk Buchenbach &#8211; ein weiterer Schritt weg vom \u00d6l<\/a>\u00a0&gt;Energiepolitik2 (9.9.2005)<\/li>\n<li><a href=\"https:\/\/www.bioenergie-sonnen-pellet.de\/presse.htm\">Gr\u00f6\u00dftes Pelletwerk Deutschlands in Buchenbach<\/a> &gt;Bioenergie-Sonnen-Pellet.de (27.8.2005)<\/li>\n<li><a href=\"https:\/\/www.freiburg-schwarzwald.de\/energiepolitik1.htm#Energie statt Holz - Waldwirtschaft muss sich neu formieren\">Energie statt Holz &#8211; Waldwirtschaft muss sich neu formieren<\/a> &gt;Energiepolitik1 (9.8.2005)<\/li>\n<li><a href=\"https:\/\/www.freiburg-schwarzwald.de\/littenweiler\/pellets#Holzpelletwerk Buchenbach nutzt innovative Finanzierungsstrategie\">Holzpelletwerk Buchenbach nutzt innovative Finanzierungsstrategie<\/a> (10.5.2005)<\/li>\n<li><a href=\"https:\/\/www.freiburg-schwarzwald.de\/littenweiler\/naturenergie.htm#Energie aus Biomasse, eine Chance f\u00fcr die Landwirtschaft\">Energie aus Biomasse, eine Chance f\u00fcr die Landwirtschaft<\/a> &gt;Naturenergie (2.2005)<\/li>\n<li><a href=\"https:\/\/www.freiburg-schwarzwald.de\/energiepolitik1.htm#Beteiligungsprojekt Holzpellets Buchenbach mit -10 Prozent Rendite\">Beteiligungsprojekt &#8222;Holzpellets Buchenbach&#8220; mit 5-10 Prozent Rendite<\/a> &gt;Energiepol (1.1.2005)<\/li>\n<li><a href=\"https:\/\/www.freiburg-schwarzwald.de\/dold-holz\/presse1.htm#Neues Pelletwerk bei Dold\/Buchenbach mit 50 000 Tonnen Jahresleistung\">Neues Pelletwerk bei Dold\/Buchenbach mit 50 000 Tonnen Jahresleistung<\/a> &gt;Dold (22.11.2004)<\/li>\n<li><a href=\"https:\/\/www.freiburg-schwarzwald.de\/littenweiler\/pellets#Beteiligung am Holzpelletwerk Buchenbach \u00fcber fesa GmbH\">Beteiligung am Holzpelletwerk Buchenbach \u00fcber fesa GmbH<\/a> (13.11.2004)<\/li>\n<li><a href=\"https:\/\/www.freiburg-schwarzwald.de\/littenweiler\/pellets#Kombination von Pellet und Hackschntzel In der Goldenen Krone St.M\u00e4rgen\">Kombination von Pellet und Hackschnitzel In der Goldenen Krone St.M\u00e4rgen<\/a> (21.9.2004)<\/li>\n<li><a href=\"https:\/\/www.freiburg-schwarzwald.de\/littenweiler\/pellets#Holz-Pelletsbrosch\u00fcre der fesa\">Holz-Pelletsbrosch\u00fcre der fesa (21.8.2003)<\/a><\/li>\n<li><a href=\"https:\/\/www.freiburg-schwarzwald.de\/littenweiler\/pellets#Holzpellets in Baden-W\u00fcrttemberg\">Holzpellets in Baden-W\u00fcrttemberg<\/a><br \/>\n\u00a0<\/li>\n<li>Holzpellets &#8211; aus S\u00e4gesp\u00e4nen zusammengepresste Energie<\/li>\n<li><a href=\"https:\/\/www.freiburg-schwarzwald.de\/littenweiler\/pellets#Bioenergie-Heidelberg.de\">Bioenergie-Heidelberg.de<\/a><\/li>\n<li><a href=\"https:\/\/www.freiburg-schwarzwald.de\/littenweiler\/pellets#Pelletwerk Buchenbach: Holzenergie - Pellets - Bioenergie\">Bioenergie Sonnen Pellets GmbH &#8211; Pelletwerk in Buchenbach<\/a><\/li>\n<li><a href=\"https:\/\/www.freiburg-schwarzwald.de\/littenweiler\/pellets#Bioenergie Handel GmbH\">Bioenergie Handel GmbH<\/a><\/li>\n<li><a title=\"Biomasse\" href=\"https:\/\/www.freiburg-schwarzwald.de\/blog\/energie\/biomasse\/\">Biomasse<\/a> &gt;Biomasse<\/li>\n<li><a href=\"https:\/\/www.freiburg-schwarzwald.de\/littenweiler\/pellets#Bio-Energieshop.de\">Bio-Energieshop.de <\/a><\/li>\n<li><a href=\"https:\/\/www.freiburg-schwarzwald.de\/littenweiler\/pellets#Pelletwerk Buchenbach: Holzenergie - Pellets - Bioenergie\">Buchenbach: Bioenergie Sonnen Pellets GmbH &#8211; Pelletwerk <\/a><\/li>\n<li><a href=\"https:\/\/www.freiburg-schwarzwald.de\/energieberater.htm\">Energieberatung<\/a> &gt;Energieberater<\/li>\n<li><a title=\"Energie-Umwelt-Dienste\" href=\"https:\/\/www.freiburg-schwarzwald.de\/blog\/business\/dienste\/energie-umwelt-dienste\/\">Energie-Umwelt-Dienste<\/a><\/li>\n<li><a href=\"https:\/\/www.freiburg-schwarzwald.de\/littenweiler\/pellets#Energiecontracting-Heidelberg.de\">Energiecontracting-Heidelberg.de<\/a><\/li>\n<li><a href=\"https:\/\/www.freiburg-schwarzwald.de\/littenweiler\/pellets#German Pellets in Ettenheim\">German Pellets in Ettenheim<\/a><\/li>\n<li><a title=\"Holz\" href=\"https:\/\/www.freiburg-schwarzwald.de\/blog\/energie\/biomasse\/holz\/\">Holz und seine energietische Nutzung<\/a> &gt;Holz<\/li>\n<li><a href=\"https:\/\/www.freiburg-schwarzwald.de\/kraft-waerme-kopplung.htm\">Kraft-W\u00e4rme-Kopplung (KWK) <\/a>&gt;Kraft-Waerme-Kopplung<\/li>\n<li><a href=\"https:\/\/www.freiburg-schwarzwald.de\/littenweiler\/pellets-fotos.htm\">Pellets im Bild<\/a> &gt;Pellets-Fotos<\/li>\n<li><a href=\"https:\/\/www.freiburg-schwarzwald.de\/littenweiler\/pellets#Schwarzw\u00e4lder Holz-Energie in M\u00fcllheim\">Schwarzw\u00e4lder Holz-Energie in M\u00fcllheim<\/a><\/li>\n<li><a href=\"https:\/\/www.freiburg-schwarzwald.de\/littenweiler\/solar.htm\">Solarenergie-Seite<\/a> &gt;Solar<\/li>\n<li><a href=\"https:\/\/www.freiburg-schwarzwald.de\/littenweiler\/heizung.htm\">Heizung-Seite<\/a> &gt;Heizung<\/li>\n<li><a href=\"https:\/\/www.freiburg-schwarzwald.de\/littenweiler\/naturenergie.htm\">Naturenergie-Infos<\/a> &gt;Naturenergie<\/li>\n<li><a title=\"Waermepumpe\" href=\"https:\/\/www.freiburg-schwarzwald.de\/blog\/energie\/geothermie\/waermepumpe\/\">W\u00e4rmepumpe &#8211; K\u00e4ltepumpe &#8211; Erdw\u00e4rme<\/a> &gt;Waermepumpe<\/li>\n<li><a href=\"https:\/\/www.freiburg-schwarzwald.de\/wind.htm\">Windkraft<\/a> &gt;Wind<\/li>\n<li><a href=\"https:\/\/www.freiburg-schwarzwald.de\/energiepolitik.htm\">Energiepolitische Fragen<\/a> &gt;Energiepolitik<br \/>\n\u00a0<\/li>\n<li><a href=\"https:\/\/www.freiburg-schwarzwald.de\/littenweiler\/pellets#Links\">Links<\/a><\/li>\n<\/ul>\n<p>&nbsp;<\/p>\n<p><a href=\"https:\/\/www.freiburg-schwarzwald.de\/blog\/energie\/pellets\/pellets4spielen\/\" rel=\"attachment wp-att-26869\"><img loading=\"lazy\" decoding=\"async\" class=\"alignnone size-thumbnail wp-image-26869\" title=\"pellets4spielen\" src=\"https:\/\/www.freiburg-schwarzwald.de\/blog\/wp-content\/uploads\/2013\/04\/pellets4spielen-180x135.jpg\" alt=\"\" width=\"180\" height=\"135\" srcset=\"https:\/\/www.freiburg-schwarzwald.de\/blog\/wp-content\/uploads\/2013\/04\/pellets4spielen-180x135.jpg 180w, https:\/\/www.freiburg-schwarzwald.de\/blog\/wp-content\/uploads\/2013\/04\/pellets4spielen.jpg 640w\" sizes=\"auto, (max-width: 180px) 100vw, 180px\" \/><\/a><br \/>\n(1) 14.8.2006 &#8211; Pellets zum Spielen<\/p>\n<p>&nbsp;<\/p>\n<p><strong>Mit gutem Gewissen feuere ich meine Kachel\u00f6fen<br \/>\n<\/strong>Die gr\u00fcnen \u00d6kofunktion\u00e4re drehen an der Angstschraube. Jetzt sind die Besitzer von Holz- und Pelletheizungen dran, deren Anlagen angeblich die Luft verpesten. Die Partikel seien sogar im Verdacht, Krebs zu erzeugen, Kreislaufst\u00f6rungen zu verursachen oder das Erbgut zu sch\u00e4digen. Mit der Panikattacke steigt ein mit 2,1 Millionen gef\u00f6rdertes Projekt in die Ursachenforschung ein. Politik und Wirtschaft warten auf Ergebnisse. Die Betreiber der \u00d6koholzheizungen d\u00fcrften mit einer Verordnung zum Einbau von Filteranlagen ihr Gewissen beruhigen. Gl\u00fccklicherweise finden sich im Hochschwarzwald nat\u00fcrliche Indikatoren f\u00fcr gesunde Luft. Es sind dies die Flechten an B\u00e4umen. Besonders der bei uns auf dem Wald weit verbreitete gemeine Baumbart w\u00e4chst nur in Gebieten mit hoher Luftqualit\u00e4t auf Nadelb\u00e4umen und Birken. In Deutschland gilt der gemeine Baumbart als stark gef\u00e4hrdet. Und mit gutem Gewissen feure ich auch morgen wieder einen meiner f\u00fcnf Kachel\u00f6fen an. Beim n\u00e4chsten Grillfest am offenen \u00d6kofeuer aus trockenem Buchen- und Fichtenholz g\u00f6nne ich mir und meinen Enkelkindern dann eine am Stecken gebratene \u00d6kowurst.<br \/>\n17.5.2013, Kurt K\u00f6nig, Feldberg-Falkau<br \/>\nZu\u00a08. Mai 2013: <a href=\"https:\/\/www.badische-zeitung.de\/suedwest-1\/feinstaub-aus-der-oeko-energie--71730545.html\">https:\/\/www.badische-zeitung.de\/suedwest-1\/feinstaub-aus-der-oeko-energie&#8211;71730545.html<\/a><\/p>\n<p>&nbsp;<\/p>\n<p><strong>Holzpellets &#8211; aus S\u00e4gesp\u00e4nen zusammengepresste Energie<\/strong><\/p>\n<p>Holzpellets sind kleine, praktische D\u00fcbel aus Holz, die schon viele Menschen statt Heiz\u00f6l oder Erdgas in ihren Heizungen verwenden. Sie sehen so \u00e4hnlich aus wie die braunen Kraftfutter-D\u00fcbel, die Hasen oder auch Pferde gerne fressen. Pellets brennen viel l\u00e4nger und besser als normales Holz, weil sie aus S\u00e4gesp\u00e4nen bestehen, die Maschinen mit gro\u00dfer Kraft fest zusammengepresst haben. Sie sind umweltfreundlicher als Heiz\u00f6l oder Erdgas, denn man kann sie leicht aus Abf\u00e4llen von S\u00e4gewerken herstellen, die man sonst wegwerfen m\u00fcsste. Au\u00dferdem ist es nicht gef\u00e4hrlich, sie zu lagern oder zu transportieren.<br \/>\nVon den Holzd\u00fcbeln bleibt nach dem Verbrennen erstaunlich wenig \u00fcbrig \u2013 1000 Kilogramm Pellets erzeugen nur etwa drei Kilo Asche. Weil sie f\u00fcr die Umwelt viel vertr\u00e4glicher sind als andere Heizstoffe, wollen Umweltsch\u00fctzer durchsetzen, dass mehr Pellets verwendet werden. Bei der Verbrennung von Pellets entsteht n\u00e4mlich immer nur so viel Kohlendioxid (CO2 ), wie das Holz fr\u00fcher aus der Atmosph\u00e4re aufgenommen hat. Weil Holz nachw\u00e4chst, k\u00f6nnen neue B\u00e4ume das CO2 dann wieder aufnehmen. Von Erd\u00f6l und Erdgas haben wir nur eine begrenzte Menge auf der Erde. Leider nehmen die kleinen Holzdinger viel Platz weg, denn eine Heizung frisst viele davon. Auf gar keinen Fall d\u00fcrfen sie nass werden \u2013 sonst zerfallen sie sofort wieder zu S\u00e4gesp\u00e4nen.<br \/>\nDie meisten Pellets stellen die Schweden her: Im Jahr 2003 haben sie ganze 1,5 Millionen Tonnen des gepressten S\u00e4gemehls produziert.<br \/>\nJosephina Maier,\u00a010.9.2005<\/p>\n","protected":false},"excerpt":{"rendered":"<p>Home &gt;Energie &gt;Pellets https:\/\/www.freiburg-schwarzwald.de\/blog\/contracting-bei-heizungsanlage\/\u00a0(29.11.2013) Mit gutem Gewissen feuere ich meine Kachel\u00f6fen (17.5.2013) Aktuelle Infos zu Pellets ab 20.9.2005 &gt;Pellets1 www.freiburg-dreisamtal.de\/pellets.htm &gt;Archivseite Pellets (viele Bilder) Holzpelletwerk Buchenbach &#8211; Brennstoff f\u00fcr 14000 Haushalte &gt;Energiepolitik2 (10.9.2005) Holzpelletwerk Buchenbach &#8211; ein weiterer Schritt weg &hellip; <a href=\"https:\/\/www.freiburg-schwarzwald.de\/blog\/energie\/pellets\/\">Weiterlesen <span class=\"meta-nav\">&rarr;<\/span><\/a><\/p>\n","protected":false},"author":4,"featured_media":0,"parent":15,"menu_order":0,"comment_status":"open","ping_status":"closed","template":"","meta":{"footnotes":""},"class_list":["post-26865","page","type-page","status-publish","hentry"],"_links":{"self":[{"href":"https:\/\/www.freiburg-schwarzwald.de\/blog\/wp-json\/wp\/v2\/pages\/26865","targetHints":{"allow":["GET"]}}],"collection":[{"href":"https:\/\/www.freiburg-schwarzwald.de\/blog\/wp-json\/wp\/v2\/pages"}],"about":[{"href":"https:\/\/www.freiburg-schwarzwald.de\/blog\/wp-json\/wp\/v2\/types\/page"}],"author":[{"embeddable":true,"href":"https:\/\/www.freiburg-schwarzwald.de\/blog\/wp-json\/wp\/v2\/users\/4"}],"replies":[{"embeddable":true,"href":"https:\/\/www.freiburg-schwarzwald.de\/blog\/wp-json\/wp\/v2\/comments?post=26865"}],"version-history":[{"count":0,"href":"https:\/\/www.freiburg-schwarzwald.de\/blog\/wp-json\/wp\/v2\/pages\/26865\/revisions"}],"up":[{"embeddable":true,"href":"https:\/\/www.freiburg-schwarzwald.de\/blog\/wp-json\/wp\/v2\/pages\/15"}],"wp:attachment":[{"href":"https:\/\/www.freiburg-schwarzwald.de\/blog\/wp-json\/wp\/v2\/media?parent=26865"}],"curies":[{"name":"wp","href":"https:\/\/api.w.org\/{rel}","templated":true}]}}