{"id":26015,"date":"2013-03-31T17:29:52","date_gmt":"2013-03-31T15:29:52","guid":{"rendered":"https:\/\/www.freiburg-schwarzwald.de\/blog\/?page_id=26015"},"modified":"2013-03-31T19:13:16","modified_gmt":"2013-03-31T17:13:16","slug":"menzenschwand","status":"publish","type":"page","link":"https:\/\/www.freiburg-schwarzwald.de\/blog\/regio\/orte\/menzenschwand\/","title":{"rendered":"Menzenschwand"},"content":{"rendered":"<p>Home &gt;<a title=\"Regio\" href=\"https:\/\/www.freiburg-schwarzwald.de\/blog\/regio\/\">Regio<\/a> &gt;<a title=\"Orte\" href=\"https:\/\/www.freiburg-schwarzwald.de\/blog\/regio\/orte\/\">Orte<\/a> &gt;<a title=\"Todtnau\" href=\"https:\/\/www.freiburg-schwarzwald.de\/blog\/regio\/orte\/todtnau\/\">Todtnau<\/a> &gt;<a title=\"Todtmoos\" href=\"https:\/\/www.freiburg-schwarzwald.de\/blog\/regio\/orte\/todtmoos\/\">Todtmoos<\/a> &gt;<a title=\"Bernau\" href=\"https:\/\/www.freiburg-schwarzwald.de\/blog\/regio\/orte\/bernau\/\">Bernau<\/a> &gt;Menzenschwand<\/p>\n<div id=\"attachment_26063\" style=\"width: 648px\" class=\"wp-caption alignnone\"><a href=\"https:\/\/www.freiburg-schwarzwald.de\/blog\/regio\/orte\/menzenschwand\/menzenschwand12hinterdorf-pan130316\/\" rel=\"attachment wp-att-26063\"><img loading=\"lazy\" decoding=\"async\" aria-describedby=\"caption-attachment-26063\" class=\"size-full wp-image-26063\" title=\"menzenschwand12hinterdorf-pan130316\" src=\"https:\/\/www.freiburg-schwarzwald.de\/blog\/wp-content\/uploads\/2013\/03\/menzenschwand12hinterdorf-pan130316.jpg\" alt=\"\" width=\"638\" height=\"207\" srcset=\"https:\/\/www.freiburg-schwarzwald.de\/blog\/wp-content\/uploads\/2013\/03\/menzenschwand12hinterdorf-pan130316.jpg 638w, https:\/\/www.freiburg-schwarzwald.de\/blog\/wp-content\/uploads\/2013\/03\/menzenschwand12hinterdorf-pan130316-180x58.jpg 180w\" sizes=\"auto, (max-width: 638px) 100vw, 638px\" \/><\/a><p id=\"caption-attachment-26063\" class=\"wp-caption-text\">Blick nach Norden \u00fcber Menzenschwand-Hinterdorf bis hoch zum Caritashaus am Feldberg am 16.3.2013<\/p><\/div>\n<p>&nbsp;<\/p>\n<ul>\n<li><a href=\"https:\/\/www.freiburg-schwarzwald.de\/blog\/business\/handel\/dorfladen\/menzenschwand-heimatsinn\/\">https:\/\/www.freiburg-schwarzwald.de\/blog\/business\/handel\/dorfladen\/menzenschwand-heimatsinn\/<\/a> &#8211; neu 2\/2013<\/li>\n<li><a href=\"https:\/\/www.freiburg-schwarzwald.de\/menzenschwand1.htm\">Aktuelle Infos zu Menzenschwand ab 1.1.2007<\/a> &gt;Menzenschwand1<\/li>\n<li><a href=\"https:\/\/www.freiburg-schwarzwald.de\/ziegen2.htm#Landschaftspflegeverein Menzenschwand - Helfer gesucht\">Landschaftspflegeverein Menzenschwand &#8211; Helfer gesucht<\/a> &gt;Ziegen2 (12.6.2006)<\/li>\n<li><a href=\"https:\/\/www.freiburg-schwarzwald.de\/hornschlitten.htm#15. Kammb\u00fchl-Wanderpokal-Hornschlittenrennen in Menzenschwand\">15. Kammb\u00fchl-Wanderpokal-Hornschlittenrennen in Menzenschwand<\/a> &gt;Hornschlitten (24.2.2006)<\/li>\n<li><a href=\"https:\/\/www.freiburg-schwarzwald.de\/feldberg-loipe.htm#Hochkopfweg von Feldberg-Caritashaus zur Farnwitte\">Hochkopfweg zur Farnwitte &#8211; Blick auf Menzenschwand<\/a> &gt;Feldberg-Loipe (13.2.2006)<\/li>\n<li><a href=\"https:\/\/www.freiburg-schwarzwald.de\/menzenschwand#Rheuma-Selbsthilfegruppe am\u00a0Radon Revital Bad in Menzenschwand\">Radon-Bad: Rheuma-Selbsthilfegruppe am\u00a0neuen Revital-Bad in Menzenschwand<\/a>\u00a0(27.9.2005)<\/li>\n<li><a href=\"https:\/\/www.freiburg-schwarzwald.de\/ziegen2.htm#Landschaftspflegeverein Menzenschwand beklagt fehlende Hilfe bei Offenhaltung\">Landschaftspflegeverein Menzenschwand beklagt fehlende Hilfe<\/a> &gt;Ziegen2\u00a0 (20.6.05)<\/li>\n<li><a href=\"https:\/\/www.freiburg-schwarzwald.de\/menzenschwand#Ergebnisse aus dem ehemaligen Uranexplorationsgebiet Menzenschwand\">Ergebnisse aus dem ehemaligen Uranexplorationsgebiet Menzenschwand<\/a><\/li>\n<li><a href=\"https:\/\/www.freiburg-schwarzwald.de\/stblasien.htm#6richtige.com - Tourismusmarketing mit neuem Vorstand\">6richtige.com &#8211; Tourismusmarketing mit neuem Vorstand<\/a> &gt;StBlasien (22.1.2005)<\/li>\n<li><a href=\"https:\/\/www.freiburg-schwarzwald.de\/geologie.htm#Uranabbau in Menzenschwand - Dokumentation\">Uranabbau in Menzenschwand &#8211; Dokumentation<\/a> &gt;Geologie (29.8.2003)<\/li>\n<li><a href=\"https:\/\/www.freiburg-schwarzwald.de\/menzenschwand#Orientierung: Menzenschwand zwischen Feldberg und Schluchsee\">Orientierung: Menzenschwand zwischen Feldberg und Schluchsee<\/a><\/li>\n<li><a href=\"https:\/\/www.freiburg-schwarzwald.de\/stblasien5.htm\">Bauernh\u00f6fe (Ferienwohnung, Brauchtum, Hofladen) in Menzenschwand<\/a> &gt;StBlasien5<\/li>\n<li><span><a title=\"Menzenschwand-Heimatsinn\" href=\"https:\/\/www.freiburg-schwarzwald.de\/blog\/business\/handel\/dorfladen\/menzenschwand-heimatsinn\/\">HEIMATsinn Schwarzwald &#8211; heimische Produkte<\/a>\u00a0&gt;Menzenschwand-Heimatsinn<\/span><\/li>\n<li><a href=\"https:\/\/www.freiburg-schwarzwald.de\/herzogenhorn.htm\">Herzogenhorn<\/a> &gt;Herzogenhorn<\/li>\n<li><a href=\"https:\/\/www.freiburg-schwarzwald.de\/menzenschwand#Hirschen - Hotel im Hinterdorf\">Hirschen &#8211; Hotel im Hinterdorf<\/a><\/li>\n<li><a href=\"https:\/\/www.freiburg-schwarzwald.de\/menzenschwand#10 000. Badegast im Radon Revital Bad\">Radon Revital Bad: 10000. Badegast im Bad<\/a> (14.1.2006)<\/li>\n<li><span><a href=\"https:\/\/www.freiburg-schwarzwald.de\/schnepfhalde.htm\">Schnepfhalde zwischen \u00c4ulemer Kreuz und Schluchsee<\/a> &gt;Schnepfhalde<\/span><\/li>\n<li><a href=\"https:\/\/www.freiburg-schwarzwald.de\/krunkelbach.htm#Vom Krunkelbach zum Gro\u00dfen Spie\u00dfhorn, dem Menzenschwander Hausberg\">Spie\u00dfhorn: Vom Krunkelbach zum Gro\u00dfen Spie\u00dfhorn: Menzenschwands Hausberg<\/a> &gt;Krunkelb<\/li>\n<li><a href=\"https:\/\/www.freiburg-schwarzwald.de\/menzenschwand#Tourismus in Menzenschwand - 6richtige\">Tourismus in Menzenschwand<\/a><\/li>\n<li><a href=\"https:\/\/www.freiburg-schwarzwald.de\/menzenschwand#Franz Xaver Winterhalter - Europas F\u00fcrstenmaler\">Franz Xaver Winterhalter &#8211; Europas F\u00fcrstenmaler <\/a><\/li>\n<li><a href=\"https:\/\/www.freiburg-schwarzwald.de\/menzenschwand#Menzenschwand - Bilder\">Menzenschwand &#8211; Bilder<\/a><\/li>\n<li><a href=\"https:\/\/www.freiburg-schwarzwald.de\/wartehaeuschen.htm#Warteh\u00e4uschen in Menzenschwand - achteckig\">Warteh\u00e4uschen in Menzenschwand &#8211; achteckig<\/a>&gt;Wartehaeuschen<\/li>\n<li><a href=\"https:\/\/www.freiburg-schwarzwald.de\/stblasien5.htm\">Ferien auf dem Bauernhof in Menzenschwand<\/a> &gt;StBlasien5<\/li>\n<li><a href=\"https:\/\/www.freiburg-schwarzwald.de\/eisenbahn1.htm#Eisenbahnlinie von Titisee nach St. Blasien - Projekt von 19\">Bahnlinie Titisee &#8211; Menzenschwand war geplant<\/a> &gt;Eisenbahn1<\/li>\n<li><a href=\"https:\/\/www.freiburg-schwarzwald.de\/aeule.htm\">\u00c4ule &#8211; Ortsteil im Nordwesten von Schluchsee<\/a> &gt;Aeule<\/li>\n<li><a href=\"https:\/\/www.freiburg-schwarzwald.de\/herzogenhorn.htm\">Herzogenhorn im Norden<\/a> &gt;Herzogenhorn<\/li>\n<li>Schluchsee<\/li>\n<\/ul>\n<p>&nbsp;<\/p>\n<p>&nbsp;<\/p>\n<p><a href=\"https:\/\/www.freiburg-schwarzwald.de\/blog\/regio\/orte\/menzenschwand\/menzenschwand1vorderdorf130316\/\" rel=\"attachment wp-att-26026\"><img loading=\"lazy\" decoding=\"async\" class=\"alignnone size-thumbnail wp-image-26026\" title=\"menzenschwand1vorderdorf130316\" src=\"https:\/\/www.freiburg-schwarzwald.de\/blog\/wp-content\/uploads\/2013\/03\/menzenschwand1vorderdorf130316-180x135.jpg\" alt=\"\" width=\"180\" height=\"135\" srcset=\"https:\/\/www.freiburg-schwarzwald.de\/blog\/wp-content\/uploads\/2013\/03\/menzenschwand1vorderdorf130316-180x135.jpg 180w, https:\/\/www.freiburg-schwarzwald.de\/blog\/wp-content\/uploads\/2013\/03\/menzenschwand1vorderdorf130316.jpg 640w\" sizes=\"auto, (max-width: 180px) 100vw, 180px\" \/><\/a>\u00a0\u00a0\u00a0\u00a0\u00a0\u00a0\u00a0\u00a0\u00a0 <a href=\"https:\/\/www.freiburg-schwarzwald.de\/blog\/regio\/orte\/menzenschwand\/menzenschwand2vorderdorf130316\/\" rel=\"attachment wp-att-26027\"><img loading=\"lazy\" decoding=\"async\" class=\"alignnone size-thumbnail wp-image-26027\" title=\"menzenschwand2vorderdorf130316\" src=\"https:\/\/www.freiburg-schwarzwald.de\/blog\/wp-content\/uploads\/2013\/03\/menzenschwand2vorderdorf130316-180x135.jpg\" alt=\"\" width=\"180\" height=\"135\" srcset=\"https:\/\/www.freiburg-schwarzwald.de\/blog\/wp-content\/uploads\/2013\/03\/menzenschwand2vorderdorf130316-180x135.jpg 180w, https:\/\/www.freiburg-schwarzwald.de\/blog\/wp-content\/uploads\/2013\/03\/menzenschwand2vorderdorf130316.jpg 640w\" sizes=\"auto, (max-width: 180px) 100vw, 180px\" \/><\/a>\u00a0\u00a0\u00a0\u00a0\u00a0\u00a0\u00a0\u00a0\u00a0 <a href=\"https:\/\/www.freiburg-schwarzwald.de\/blog\/regio\/orte\/menzenschwand\/menzenschwand3vorderdorf-kirche130316\/\" rel=\"attachment wp-att-26028\"><img loading=\"lazy\" decoding=\"async\" class=\"alignnone size-thumbnail wp-image-26028\" title=\"menzenschwand3vorderdorf-kirche130316\" src=\"https:\/\/www.freiburg-schwarzwald.de\/blog\/wp-content\/uploads\/2013\/03\/menzenschwand3vorderdorf-kirche130316-180x135.jpg\" alt=\"\" width=\"180\" height=\"135\" srcset=\"https:\/\/www.freiburg-schwarzwald.de\/blog\/wp-content\/uploads\/2013\/03\/menzenschwand3vorderdorf-kirche130316-180x135.jpg 180w, https:\/\/www.freiburg-schwarzwald.de\/blog\/wp-content\/uploads\/2013\/03\/menzenschwand3vorderdorf-kirche130316.jpg 640w\" sizes=\"auto, (max-width: 180px) 100vw, 180px\" \/><\/a><br \/>\n(1) S\u00fcdostw\u00e4rts Vorderdorf\u00a0\u00a0\u00a0\u00a0\u00a0\u00a0\u00a0\u00a0\u00a0\u00a0\u00a0\u00a0\u00a0\u00a0\u00a0 \u00a0\u00a0\u00a0\u00a0 (2)\u00a0S\u00fcdwestw\u00e4rts Hinterdorf\u00a0\u00a0\u00a0\u00a0\u00a0\u00a0\u00a0\u00a0\u00a0\u00a0\u00a0\u00a0\u00a0\u00a0\u00a0\u00a0\u00a0\u00a0 (Westw\u00e4rts Menzenschwand<\/p>\n<p><a href=\"https:\/\/www.freiburg-schwarzwald.de\/blog\/regio\/orte\/menzenschwand\/menzenschwand4revitalbad130316\/\" rel=\"attachment wp-att-26029\"><img loading=\"lazy\" decoding=\"async\" class=\"alignnone size-thumbnail wp-image-26029\" title=\"menzenschwand4revitalbad130316\" src=\"https:\/\/www.freiburg-schwarzwald.de\/blog\/wp-content\/uploads\/2013\/03\/menzenschwand4revitalbad130316-180x135.jpg\" alt=\"\" width=\"180\" height=\"135\" srcset=\"https:\/\/www.freiburg-schwarzwald.de\/blog\/wp-content\/uploads\/2013\/03\/menzenschwand4revitalbad130316-180x135.jpg 180w, https:\/\/www.freiburg-schwarzwald.de\/blog\/wp-content\/uploads\/2013\/03\/menzenschwand4revitalbad130316.jpg 640w\" sizes=\"auto, (max-width: 180px) 100vw, 180px\" \/><\/a>\u00a0\u00a0\u00a0\u00a0\u00a0\u00a0\u00a0\u00a0\u00a0 <a href=\"https:\/\/www.freiburg-schwarzwald.de\/blog\/regio\/orte\/menzenschwand\/menzenschwand5hinterdorf130316\/\" rel=\"attachment wp-att-26030\"><img loading=\"lazy\" decoding=\"async\" class=\"alignnone size-thumbnail wp-image-26030\" title=\"menzenschwand5hinterdorf130316\" src=\"https:\/\/www.freiburg-schwarzwald.de\/blog\/wp-content\/uploads\/2013\/03\/menzenschwand5hinterdorf130316-180x135.jpg\" alt=\"\" width=\"180\" height=\"135\" srcset=\"https:\/\/www.freiburg-schwarzwald.de\/blog\/wp-content\/uploads\/2013\/03\/menzenschwand5hinterdorf130316-180x135.jpg 180w, https:\/\/www.freiburg-schwarzwald.de\/blog\/wp-content\/uploads\/2013\/03\/menzenschwand5hinterdorf130316.jpg 640w\" sizes=\"auto, (max-width: 180px) 100vw, 180px\" \/><\/a>\u00a0\u00a0\u00a0\u00a0\u00a0\u00a0\u00a0\u00a0\u00a0\u00a0\u00a0 <a href=\"https:\/\/www.freiburg-schwarzwald.de\/blog\/regio\/orte\/menzenschwand\/menzenschwand6hinterdorf-kirche130316\/\" rel=\"attachment wp-att-26031\"><img loading=\"lazy\" decoding=\"async\" class=\"alignnone size-thumbnail wp-image-26031\" title=\"menzenschwand6hinterdorf-kirche130316\" src=\"https:\/\/www.freiburg-schwarzwald.de\/blog\/wp-content\/uploads\/2013\/03\/menzenschwand6hinterdorf-kirche130316-180x135.jpg\" alt=\"\" width=\"180\" height=\"135\" srcset=\"https:\/\/www.freiburg-schwarzwald.de\/blog\/wp-content\/uploads\/2013\/03\/menzenschwand6hinterdorf-kirche130316-180x135.jpg 180w, https:\/\/www.freiburg-schwarzwald.de\/blog\/wp-content\/uploads\/2013\/03\/menzenschwand6hinterdorf-kirche130316.jpg 640w\" sizes=\"auto, (max-width: 180px) 100vw, 180px\" \/><\/a><br \/>\n(4) Radon Revitalbad 16.3.2013\u00a0\u00a0\u00a0\u00a0\u00a0\u00a0\u00a0\u00a0\u00a0\u00a0\u00a0 (5) Hinterdorf\u00a0\u00a0\u00a0\u00a0\u00a0\u00a0\u00a0\u00a0\u00a0\u00a0\u00a0\u00a0\u00a0\u00a0\u00a0\u00a0\u00a0\u00a0\u00a0\u00a0\u00a0\u00a0\u00a0\u00a0\u00a0\u00a0\u00a0\u00a0\u00a0\u00a0\u00a0\u00a0\u00a0\u00a0\u00a0\u00a0\u00a0\u00a0\u00a0\u00a0\u00a0\u00a0\u00a0\u00a0\u00a0\u00a0\u00a0 (6) Kirche Hinterdorf<\/p>\n<p>\u00a0<a href=\"https:\/\/www.freiburg-schwarzwald.de\/blog\/regio\/orte\/menzenschwand\/menzenschwand7hinterdorf-caritashaus130316\/\" rel=\"attachment wp-att-26034\"><img loading=\"lazy\" decoding=\"async\" class=\"alignnone size-thumbnail wp-image-26034\" title=\"menzenschwand7hinterdorf-caritashaus130316\" src=\"https:\/\/www.freiburg-schwarzwald.de\/blog\/wp-content\/uploads\/2013\/03\/menzenschwand7hinterdorf-caritashaus130316-180x135.jpg\" alt=\"\" width=\"180\" height=\"135\" srcset=\"https:\/\/www.freiburg-schwarzwald.de\/blog\/wp-content\/uploads\/2013\/03\/menzenschwand7hinterdorf-caritashaus130316-180x135.jpg 180w, https:\/\/www.freiburg-schwarzwald.de\/blog\/wp-content\/uploads\/2013\/03\/menzenschwand7hinterdorf-caritashaus130316-640x480.jpg 640w, https:\/\/www.freiburg-schwarzwald.de\/blog\/wp-content\/uploads\/2013\/03\/menzenschwand7hinterdorf-caritashaus130316.jpg 1000w\" sizes=\"auto, (max-width: 180px) 100vw, 180px\" \/><\/a>\u00a0\u00a0\u00a0\u00a0\u00a0\u00a0\u00a0\u00a0\u00a0 <a href=\"https:\/\/www.freiburg-schwarzwald.de\/blog\/regio\/orte\/menzenschwand\/menzenschwand8hinterdorf-caritashaus130316\/\" rel=\"attachment wp-att-26035\"><img loading=\"lazy\" decoding=\"async\" class=\"alignnone size-thumbnail wp-image-26035\" title=\"menzenschwand8hinterdorf-caritashaus130316\" src=\"https:\/\/www.freiburg-schwarzwald.de\/blog\/wp-content\/uploads\/2013\/03\/menzenschwand8hinterdorf-caritashaus130316-135x180.jpg\" alt=\"\" width=\"135\" height=\"180\" srcset=\"https:\/\/www.freiburg-schwarzwald.de\/blog\/wp-content\/uploads\/2013\/03\/menzenschwand8hinterdorf-caritashaus130316-135x180.jpg 135w, https:\/\/www.freiburg-schwarzwald.de\/blog\/wp-content\/uploads\/2013\/03\/menzenschwand8hinterdorf-caritashaus130316.jpg 480w\" sizes=\"auto, (max-width: 135px) 100vw, 135px\" \/><\/a>\u00a0\u00a0\u00a0\u00a0\u00a0\u00a0\u00a0\u00a0\u00a0\u00a0\u00a0\u00a0\u00a0\u00a0\u00a0\u00a0\u00a0\u00a0\u00a0\u00a0\u00a0\u00a0\u00a0\u00a0\u00a0\u00a0 <a href=\"https:\/\/www.freiburg-schwarzwald.de\/blog\/regio\/orte\/menzenschwand\/menzenschwand9hinterdorf-friedhof130316\/\" rel=\"attachment wp-att-26036\"><img loading=\"lazy\" decoding=\"async\" class=\"alignnone size-thumbnail wp-image-26036\" title=\"menzenschwand9hinterdorf-friedhof130316\" src=\"https:\/\/www.freiburg-schwarzwald.de\/blog\/wp-content\/uploads\/2013\/03\/menzenschwand9hinterdorf-friedhof130316-180x141.jpg\" alt=\"\" width=\"180\" height=\"141\" srcset=\"https:\/\/www.freiburg-schwarzwald.de\/blog\/wp-content\/uploads\/2013\/03\/menzenschwand9hinterdorf-friedhof130316-180x141.jpg 180w, https:\/\/www.freiburg-schwarzwald.de\/blog\/wp-content\/uploads\/2013\/03\/menzenschwand9hinterdorf-friedhof130316.jpg 640w\" sizes=\"auto, (max-width: 180px) 100vw, 180px\" \/><\/a><br \/>\n(7) Nordw\u00e4rts Hinterdorf\u00a0\u00a0\u00a0\u00a0\u00a0\u00a0\u00a0\u00a0\u00a0\u00a0\u00a0\u00a0\u00a0\u00a0\u00a0\u00a0\u00a0\u00a0\u00a0\u00a0\u00a0\u00a0\u00a0\u00a0\u00a0 (8) Hoch zum Caritashaus\u00a0Feldberg\u00a0\u00a0\u00a0\u00a0\u00a0\u00a0\u00a0 (9) Friedhof Menzenschwand\u00a0<\/p>\n<p><a href=\"https:\/\/www.freiburg-schwarzwald.de\/blog\/regio\/orte\/menzenschwand\/menzenschwand10hinterdorf-erika130316\/\" rel=\"attachment wp-att-26037\"><img loading=\"lazy\" decoding=\"async\" class=\"alignnone size-thumbnail wp-image-26037\" title=\"menzenschwand10hinterdorf-erika130316\" src=\"https:\/\/www.freiburg-schwarzwald.de\/blog\/wp-content\/uploads\/2013\/03\/menzenschwand10hinterdorf-erika130316-180x135.jpg\" alt=\"\" width=\"180\" height=\"135\" srcset=\"https:\/\/www.freiburg-schwarzwald.de\/blog\/wp-content\/uploads\/2013\/03\/menzenschwand10hinterdorf-erika130316-180x135.jpg 180w, https:\/\/www.freiburg-schwarzwald.de\/blog\/wp-content\/uploads\/2013\/03\/menzenschwand10hinterdorf-erika130316.jpg 640w\" sizes=\"auto, (max-width: 180px) 100vw, 180px\" \/><\/a>\u00a0\u00a0\u00a0\u00a0\u00a0\u00a0\u00a0\u00a0\u00a0\u00a0 <a href=\"https:\/\/www.freiburg-schwarzwald.de\/blog\/regio\/orte\/menzenschwand\/menzenschwand11hinterdorf-birkenhof130316\/\" rel=\"attachment wp-att-26038\"><img loading=\"lazy\" decoding=\"async\" class=\"alignnone size-thumbnail wp-image-26038\" title=\"menzenschwand11hinterdorf-birkenhof130316\" src=\"https:\/\/www.freiburg-schwarzwald.de\/blog\/wp-content\/uploads\/2013\/03\/menzenschwand11hinterdorf-birkenhof130316-180x135.jpg\" alt=\"\" width=\"180\" height=\"135\" srcset=\"https:\/\/www.freiburg-schwarzwald.de\/blog\/wp-content\/uploads\/2013\/03\/menzenschwand11hinterdorf-birkenhof130316-180x135.jpg 180w, https:\/\/www.freiburg-schwarzwald.de\/blog\/wp-content\/uploads\/2013\/03\/menzenschwand11hinterdorf-birkenhof130316.jpg 640w\" sizes=\"auto, (max-width: 180px) 100vw, 180px\" \/><\/a>\u00a0\u00a0\u00a0\u00a0\u00a0\u00a0\u00a0\u00a0\u00a0 <a href=\"https:\/\/www.freiburg-schwarzwald.de\/blog\/regio\/orte\/menzenschwand\/menzenschwand12hinterdorf130316\/\" rel=\"attachment wp-att-26039\"><img loading=\"lazy\" decoding=\"async\" class=\"alignnone size-thumbnail wp-image-26039\" title=\"menzenschwand12hinterdorf130316\" src=\"https:\/\/www.freiburg-schwarzwald.de\/blog\/wp-content\/uploads\/2013\/03\/menzenschwand12hinterdorf130316-180x135.jpg\" alt=\"\" width=\"180\" height=\"135\" srcset=\"https:\/\/www.freiburg-schwarzwald.de\/blog\/wp-content\/uploads\/2013\/03\/menzenschwand12hinterdorf130316-180x135.jpg 180w, https:\/\/www.freiburg-schwarzwald.de\/blog\/wp-content\/uploads\/2013\/03\/menzenschwand12hinterdorf130316-640x480.jpg 640w, https:\/\/www.freiburg-schwarzwald.de\/blog\/wp-content\/uploads\/2013\/03\/menzenschwand12hinterdorf130316.jpg 1000w\" sizes=\"auto, (max-width: 180px) 100vw, 180px\" \/><\/a><br \/>\n(10) Haus Erika Hinterdorf\u00a0\u00a0\u00a0\u00a0\u00a0\u00a0\u00a0\u00a0\u00a0\u00a0\u00a0\u00a0\u00a0\u00a0\u00a0\u00a0\u00a0\u00a0\u00a0\u00a0\u00a0\u00a0 (11) Birkenhof Hinterdorf\u00a0\u00a0\u00a0\u00a0\u00a0\u00a0\u00a0\u00a0\u00a0\u00a0\u00a0\u00a0\u00a0\u00a0\u00a0\u00a0\u00a0\u00a0\u00a0\u00a0\u00a0\u00a0\u00a0\u00a0\u00a0 (12) Nordw\u00e4rts Hinterdorf<\/p>\n<p><a href=\"https:\/\/www.freiburg-schwarzwald.de\/blog\/regio\/orte\/menzenschwand\/menzenschwand13hinterdorf130316\/\" rel=\"attachment wp-att-26040\"><img loading=\"lazy\" decoding=\"async\" class=\"alignnone size-thumbnail wp-image-26040\" title=\"menzenschwand13hinterdorf130316\" src=\"https:\/\/www.freiburg-schwarzwald.de\/blog\/wp-content\/uploads\/2013\/03\/menzenschwand13hinterdorf130316-180x135.jpg\" alt=\"\" width=\"180\" height=\"135\" srcset=\"https:\/\/www.freiburg-schwarzwald.de\/blog\/wp-content\/uploads\/2013\/03\/menzenschwand13hinterdorf130316-180x135.jpg 180w, https:\/\/www.freiburg-schwarzwald.de\/blog\/wp-content\/uploads\/2013\/03\/menzenschwand13hinterdorf130316.jpg 640w\" sizes=\"auto, (max-width: 180px) 100vw, 180px\" \/><\/a>\u00a0\u00a0\u00a0\u00a0\u00a0\u00a0\u00a0\u00a0\u00a0 <a href=\"https:\/\/www.freiburg-schwarzwald.de\/blog\/regio\/orte\/menzenschwand\/menzenschwand18hinterdorf130316\/\" rel=\"attachment wp-att-26041\"><img loading=\"lazy\" decoding=\"async\" class=\"alignnone size-thumbnail wp-image-26041\" title=\"menzenschwand18hinterdorf130316\" src=\"https:\/\/www.freiburg-schwarzwald.de\/blog\/wp-content\/uploads\/2013\/03\/menzenschwand18hinterdorf130316-180x135.jpg\" alt=\"\" width=\"180\" height=\"135\" srcset=\"https:\/\/www.freiburg-schwarzwald.de\/blog\/wp-content\/uploads\/2013\/03\/menzenschwand18hinterdorf130316-180x135.jpg 180w, https:\/\/www.freiburg-schwarzwald.de\/blog\/wp-content\/uploads\/2013\/03\/menzenschwand18hinterdorf130316-640x480.jpg 640w, https:\/\/www.freiburg-schwarzwald.de\/blog\/wp-content\/uploads\/2013\/03\/menzenschwand18hinterdorf130316.jpg 1000w\" sizes=\"auto, (max-width: 180px) 100vw, 180px\" \/><\/a>\u00a0\u00a0\u00a0\u00a0\u00a0\u00a0\u00a0\u00a0\u00a0 <a href=\"https:\/\/www.freiburg-schwarzwald.de\/blog\/regio\/orte\/menzenschwand\/menzenschwand19hinterdorf130316\/\" rel=\"attachment wp-att-26042\"><img loading=\"lazy\" decoding=\"async\" class=\"alignnone size-thumbnail wp-image-26042\" title=\"menzenschwand19hinterdorf130316\" src=\"https:\/\/www.freiburg-schwarzwald.de\/blog\/wp-content\/uploads\/2013\/03\/menzenschwand19hinterdorf130316-180x135.jpg\" alt=\"\" width=\"180\" height=\"135\" srcset=\"https:\/\/www.freiburg-schwarzwald.de\/blog\/wp-content\/uploads\/2013\/03\/menzenschwand19hinterdorf130316-180x135.jpg 180w, https:\/\/www.freiburg-schwarzwald.de\/blog\/wp-content\/uploads\/2013\/03\/menzenschwand19hinterdorf130316-640x480.jpg 640w, https:\/\/www.freiburg-schwarzwald.de\/blog\/wp-content\/uploads\/2013\/03\/menzenschwand19hinterdorf130316.jpg 1000w\" sizes=\"auto, (max-width: 180px) 100vw, 180px\" \/><\/a><br \/>\n(13) Hinterdorf Bauernh\u00f6fe<\/p>\n<p><a href=\"https:\/\/www.freiburg-schwarzwald.de\/blog\/regio\/orte\/menzenschwand\/menzenschwand20hinterdorf130316\/\" rel=\"attachment wp-att-26043\"><img loading=\"lazy\" decoding=\"async\" class=\"alignnone size-thumbnail wp-image-26043\" title=\"menzenschwand20hinterdorf130316\" src=\"https:\/\/www.freiburg-schwarzwald.de\/blog\/wp-content\/uploads\/2013\/03\/menzenschwand20hinterdorf130316-180x135.jpg\" alt=\"\" width=\"180\" height=\"135\" srcset=\"https:\/\/www.freiburg-schwarzwald.de\/blog\/wp-content\/uploads\/2013\/03\/menzenschwand20hinterdorf130316-180x135.jpg 180w, https:\/\/www.freiburg-schwarzwald.de\/blog\/wp-content\/uploads\/2013\/03\/menzenschwand20hinterdorf130316-640x480.jpg 640w, https:\/\/www.freiburg-schwarzwald.de\/blog\/wp-content\/uploads\/2013\/03\/menzenschwand20hinterdorf130316.jpg 1000w\" sizes=\"auto, (max-width: 180px) 100vw, 180px\" \/><\/a>\u00a0\u00a0\u00a0\u00a0\u00a0\u00a0\u00a0\u00a0\u00a0 <a href=\"https:\/\/www.freiburg-schwarzwald.de\/blog\/regio\/orte\/menzenschwand\/menzenschwand20hinterdorf-albschlucht130316\/\" rel=\"attachment wp-att-26044\"><img loading=\"lazy\" decoding=\"async\" class=\"alignnone size-thumbnail wp-image-26044\" title=\"menzenschwand20hinterdorf-albschlucht130316\" src=\"https:\/\/www.freiburg-schwarzwald.de\/blog\/wp-content\/uploads\/2013\/03\/menzenschwand20hinterdorf-albschlucht130316-180x135.jpg\" alt=\"\" width=\"180\" height=\"135\" srcset=\"https:\/\/www.freiburg-schwarzwald.de\/blog\/wp-content\/uploads\/2013\/03\/menzenschwand20hinterdorf-albschlucht130316-180x135.jpg 180w, https:\/\/www.freiburg-schwarzwald.de\/blog\/wp-content\/uploads\/2013\/03\/menzenschwand20hinterdorf-albschlucht130316.jpg 640w\" sizes=\"auto, (max-width: 180px) 100vw, 180px\" \/><\/a>\u00a0\u00a0\u00a0\u00a0\u00a0\u00a0\u00a0\u00a0\u00a0\u00a0 <a href=\"https:\/\/www.freiburg-schwarzwald.de\/blog\/regio\/orte\/menzenschwand\/menzenschwand22hinterdorf-krunkelbachrunde130316\/\" rel=\"attachment wp-att-26059\"><img loading=\"lazy\" decoding=\"async\" class=\"alignnone size-thumbnail wp-image-26059\" title=\"menzenschwand22hinterdorf-krunkelbachrunde130316\" src=\"https:\/\/www.freiburg-schwarzwald.de\/blog\/wp-content\/uploads\/2013\/03\/menzenschwand22hinterdorf-krunkelbachrunde130316-135x180.jpg\" alt=\"\" width=\"135\" height=\"180\" srcset=\"https:\/\/www.freiburg-schwarzwald.de\/blog\/wp-content\/uploads\/2013\/03\/menzenschwand22hinterdorf-krunkelbachrunde130316-135x180.jpg 135w, https:\/\/www.freiburg-schwarzwald.de\/blog\/wp-content\/uploads\/2013\/03\/menzenschwand22hinterdorf-krunkelbachrunde130316.jpg 480w\" sizes=\"auto, (max-width: 135px) 100vw, 135px\" \/><\/a><br \/>\n(16)\u00a0Skilift Menzenschwand\u00a0\u00a0\u00a0\u00a0\u00a0\u00a0\u00a0\u00a0\u00a0\u00a0\u00a0\u00a0\u00a0\u00a0\u00a0\u00a0\u00a0\u00a0\u00a0 (17) Gasthaus Albschlucht\u00a0\u00a0\u00a0\u00a0\u00a0\u00a0\u00a0\u00a0\u00a0\u00a0\u00a0\u00a0\u00a0\u00a0\u00a0\u00a0\u00a0\u00a0\u00a0\u00a0\u00a0\u00a0 (18) Rundwege\u00a0 Albschlucht\u00a0<\/p>\n<p><a href=\"https:\/\/www.freiburg-schwarzwald.de\/blog\/regio\/orte\/menzenschwand\/menzenschwand24-130316\/\" rel=\"attachment wp-att-26060\"><img loading=\"lazy\" decoding=\"async\" class=\"alignnone size-thumbnail wp-image-26060\" title=\"menzenschwand24-130316\" src=\"https:\/\/www.freiburg-schwarzwald.de\/blog\/wp-content\/uploads\/2013\/03\/menzenschwand24-130316-180x135.jpg\" alt=\"\" width=\"180\" height=\"135\" srcset=\"https:\/\/www.freiburg-schwarzwald.de\/blog\/wp-content\/uploads\/2013\/03\/menzenschwand24-130316-180x135.jpg 180w, https:\/\/www.freiburg-schwarzwald.de\/blog\/wp-content\/uploads\/2013\/03\/menzenschwand24-130316.jpg 640w\" sizes=\"auto, (max-width: 180px) 100vw, 180px\" \/><\/a><br \/>\n(19) Blick westw\u00e4rts auf Menzenschwand-Vorderdorf (links)<\/p>\n","protected":false},"excerpt":{"rendered":"<p>Home &gt;Regio &gt;Orte &gt;Todtnau &gt;Todtmoos &gt;Bernau &gt;Menzenschwand &nbsp; https:\/\/www.freiburg-schwarzwald.de\/blog\/business\/handel\/dorfladen\/menzenschwand-heimatsinn\/ &#8211; neu 2\/2013 Aktuelle Infos zu Menzenschwand ab 1.1.2007 &gt;Menzenschwand1 Landschaftspflegeverein Menzenschwand &#8211; Helfer gesucht &gt;Ziegen2 (12.6.2006) 15. Kammb\u00fchl-Wanderpokal-Hornschlittenrennen in Menzenschwand &gt;Hornschlitten (24.2.2006) Hochkopfweg zur Farnwitte &#8211; Blick auf Menzenschwand &gt;Feldberg-Loipe &hellip; <a href=\"https:\/\/www.freiburg-schwarzwald.de\/blog\/regio\/orte\/menzenschwand\/\">Weiterlesen <span class=\"meta-nav\">&rarr;<\/span><\/a><\/p>\n","protected":false},"author":4,"featured_media":0,"parent":363,"menu_order":0,"comment_status":"open","ping_status":"closed","template":"","meta":{"footnotes":""},"class_list":["post-26015","page","type-page","status-publish","hentry"],"_links":{"self":[{"href":"https:\/\/www.freiburg-schwarzwald.de\/blog\/wp-json\/wp\/v2\/pages\/26015","targetHints":{"allow":["GET"]}}],"collection":[{"href":"https:\/\/www.freiburg-schwarzwald.de\/blog\/wp-json\/wp\/v2\/pages"}],"about":[{"href":"https:\/\/www.freiburg-schwarzwald.de\/blog\/wp-json\/wp\/v2\/types\/page"}],"author":[{"embeddable":true,"href":"https:\/\/www.freiburg-schwarzwald.de\/blog\/wp-json\/wp\/v2\/users\/4"}],"replies":[{"embeddable":true,"href":"https:\/\/www.freiburg-schwarzwald.de\/blog\/wp-json\/wp\/v2\/comments?post=26015"}],"version-history":[{"count":0,"href":"https:\/\/www.freiburg-schwarzwald.de\/blog\/wp-json\/wp\/v2\/pages\/26015\/revisions"}],"up":[{"embeddable":true,"href":"https:\/\/www.freiburg-schwarzwald.de\/blog\/wp-json\/wp\/v2\/pages\/363"}],"wp:attachment":[{"href":"https:\/\/www.freiburg-schwarzwald.de\/blog\/wp-json\/wp\/v2\/media?parent=26015"}],"curies":[{"name":"wp","href":"https:\/\/api.w.org\/{rel}","templated":true}]}}