{"id":25755,"date":"2013-03-27T17:33:51","date_gmt":"2013-03-27T16:33:51","guid":{"rendered":"https:\/\/www.freiburg-schwarzwald.de\/blog\/?page_id=25755"},"modified":"2023-01-23T12:52:21","modified_gmt":"2023-01-23T11:52:21","slug":"online-handel","status":"publish","type":"page","link":"https:\/\/www.freiburg-schwarzwald.de\/blog\/business\/handel\/online-handel\/","title":{"rendered":"Online-Handel"},"content":{"rendered":"<p>Home &gt;<a title=\"Kultur\" href=\"https:\/\/www.freiburg-schwarzwald.de\/blog\/kultur\/\">Kultur<\/a>\u00a0&gt;<a title=\"Soziales\" href=\"https:\/\/www.freiburg-schwarzwald.de\/blog\/soziales\/\">Soziales<\/a> &gt;<a title=\"Medien\" href=\"https:\/\/www.freiburg-schwarzwald.de\/blog\/kultur\/medien\/\">Medien<\/a> &gt;<a title=\"Internet\" href=\"https:\/\/www.freiburg-schwarzwald.de\/blog\/kultur\/internet\/\">Internet<\/a> &gt;<a title=\"Handel\" href=\"https:\/\/www.freiburg-schwarzwald.de\/blog\/business\/handel\/\">Handel<\/a> &gt;Online-Handel<\/p>\n<div id=\"attachment_25222\" style=\"width: 650px\" class=\"wp-caption alignnone\"><a href=\"https:\/\/www.freiburg-schwarzwald.de\/blog\/regio\/orte\/muenstertal\/neuhof\/neuhof-breitnau-pan130317\/\" rel=\"attachment wp-att-25222\"><img loading=\"lazy\" decoding=\"async\" aria-describedby=\"caption-attachment-25222\" class=\"size-full wp-image-25222\" title=\"neuhof-breitnau-pan130317\" src=\"https:\/\/www.freiburg-schwarzwald.de\/blog\/wp-content\/uploads\/2013\/03\/neuhof-breitnau-pan130317.jpg\" alt=\"\" width=\"640\" height=\"207\" srcset=\"https:\/\/www.freiburg-schwarzwald.de\/blog\/wp-content\/uploads\/2013\/03\/neuhof-breitnau-pan130317.jpg 640w, https:\/\/www.freiburg-schwarzwald.de\/blog\/wp-content\/uploads\/2013\/03\/neuhof-breitnau-pan130317-180x58.jpg 180w\" sizes=\"auto, (max-width: 640px) 100vw, 640px\" \/><\/a><p id=\"caption-attachment-25222\" class=\"wp-caption-text\">Blick nach Westen \u00fcber Neuhof zum Breitnauerkopfsattel mit dem Wie\u00dfler-Hof am 16.3.2013<\/p><\/div>\n<ul>\n<li><a href=\"https:\/\/www.freiburg-schwarzwald.de\/blog\/global\/italien\/sizilien\/\">Start-up will Orangen vom Baum in Sizilien in drei Tagen nach Freiburg bringen<\/a>\u00a0(17.1.2023)<\/li>\n<li><a href=\"https:\/\/www.freiburg-schwarzwald.de\/blog\/der-inhabergefuehrte-buchladen\/\">Der inhabergef\u00fchrte Buchladen<\/a>\u00a0(6.12.2021)<\/li>\n<li><a href=\"https:\/\/www.freiburg-schwarzwald.de\/blog\/business\/handel\/buchhandel\/buchladen\/\">Zum Teufel mit den Buchl\u00e4den<\/a>\u00a0(5.12.2021)<\/li>\n<li>G2: Vom Himmel hoch kommt Amazon (3.12.2021)<\/li>\n<li><a href=\"https:\/\/www.freiburg-schwarzwald.de\/blog\/business\/handel\/bauernladen\/\">S\u2019Bergbure in Hinterzarten-Windeck<\/a>\u00a0(21.7.2021)<\/li>\n<li>Der Onlinehandel ist alles andere als grenzenlos (30.4.2016)<\/li>\n<li>Einkaufen im Internet? (19.12.2014)<\/li>\n<li><a href=\"https:\/\/www.freiburg-schwarzwald.de\/blog\/online-handel-boomt-retouren\/\">https:\/\/www.freiburg-schwarzwald.de\/blog\/online-handel-boomt-retouren\/<\/a>\u00a0(21.12.2013)<\/li>\n<li><a href=\"https:\/\/www.freiburg-schwarzwald.de\/blog\/urteils-datenbank-recht-online\/\">https:\/\/www.freiburg-schwarzwald.de\/blog\/urteils-datenbank-recht-online\/<\/a>\u00a0(19.5.2013)<\/li>\n<li><a href=\"https:\/\/www.freiburg-schwarzwald.de\/blog\/internet-nuetzt-innenstadtlaeden\/\">https:\/\/www.freiburg-schwarzwald.de\/blog\/internet-nuetzt-innenstadtlaeden\/<\/a>\u00a0(3.5.2013)<\/li>\n<li><a href=\"https:\/\/www.freiburg-schwarzwald.de\/blog\/einzelhandel-shop-ek-zentrum\/\">https:\/\/www.freiburg-schwarzwald.de\/blog\/einzelhandel-shop-ek-zentrum\/<\/a>\u00a0(27.3.2013)<\/li>\n<li><a href=\"https:\/\/www.freiburg-schwarzwald.de\/blog\/ece-shopping-mall-in-freiburg\/\">https:\/\/www.freiburg-schwarzwald.de\/blog\/ece-shopping-mall-in-freiburg\/<\/a>\u00a0(27.2.2013)<\/li>\n<li><\/li>\n<li><a href=\"https:\/\/www.freiburg-schwarzwald.de\/blog\/business\/handel\/bauernladen\/\">Bauernladen<\/a><\/li>\n<li><a href=\"https:\/\/www.freiburg-schwarzwald.de\/blog\/business\/handel\/buchhandel\/buchladen\/\">Buchladen<\/a><\/li>\n<li><a title=\"Dorfladen\" href=\"https:\/\/www.freiburg-schwarzwald.de\/blog\/business\/handel\/dorfladen\/\">Dorfladen<\/a><\/li>\n<li><a title=\"Laden\" href=\"https:\/\/www.freiburg-schwarzwald.de\/blog\/business\/handel\/laden\/\">Laden<\/a><\/li>\n<li><span style=\"font-family: Arial;\"><a href=\"https:\/\/www.freiburg-schwarzwald.de\/ecommerce1.htm\">Aktuelle Infos zur eCommerce-Seite ab Feb. 2006<\/a> &gt;eCommerce1<\/span><\/li>\n<li><span style=\"font-family: Arial;\"><strong><a href=\"https:\/\/www.freiburg-schwarzwald.de\/ecommerce.htm\">www.freiburg-schwarzwald.de\/ecommerce.htm<\/a> &gt;eCommerce Archivseite<\/strong><br \/>\n<\/span><\/li>\n<li><a href=\"https:\/\/www.freiburg-schwarzwald.de\/ecommerce#allesgesunde - Versand\">allesgesunde &#8211; Versand<\/a><\/li>\n<li><a href=\"https:\/\/www.freiburg-schwarzwald.de\/littenweiler\/kunstgewerbe.htm#Augenweide Online Shop in Schluchsee\">Augenweide Online Shop in Schluchsee<\/a> &gt;Kunstgewerbe<\/li>\n<li><a href=\"https:\/\/www.freiburg-schwarzwald.de\/littenweiler\/schneiderei.htm#Bett und Tuch - W\u00e4schen\u00e4hen in Freiburg\">Bett und Tuch &#8211; W\u00e4schen\u00e4hen in Freiburg<\/a> &gt;Schneiderei (24.3.2009)<\/li>\n<li><a href=\"https:\/\/www.freiburg-schwarzwald.de\/strom.htm#Consumerpool.de - Strom- und Gaswechsel\">Consumerpool.de &#8211; Strom- und Gaswechsel<\/a> &gt;Strom<\/li>\n<li><a href=\"https:\/\/www.freiburg-schwarzwald.de\/apotheke.htm#Doc Morris\">Doc Morris<\/a> &gt;Apotheke<\/li>\n<li><a href=\"https:\/\/www.freiburg-schwarzwald.de\/ecommerce#Dschungel-Shop\">Dschungel-Shop in Stegen<\/a><\/li>\n<li><a href=\"https:\/\/www.freiburg-schwarzwald.de\/imker1.htm#Dworah.de - Honig-Naturkosmetik aus Pfaffenweiler\">Dworah.de &#8211; Honig-Naturkosmetik aus Pfaffenweiler<\/a> &gt;Imker1 (15.2.2005)<\/li>\n<li><a href=\"https:\/\/www.freiburg-schwarzwald.de\/freiamt.htm#Freiamt bringts: Online-Einkaufservice\">Freiamt bringts: Online-Einkaufservice<\/a> &gt;Freiamt<\/li>\n<li><a href=\"https:\/\/www.freiburg-schwarzwald.de\/apotheke.htm#Internet-Apotheken - \u00dcbersicht Stiftung Warentest\">Internet-Apotheken &#8211; \u00dcbersicht Stiftung Warentest<\/a> &gt;Apotheke (22.10.2007)<\/li>\n<li><a href=\"https:\/\/www.freiburg-schwarzwald.de\/ecommerce#ivs-clevers-mart.de - Verkaufsagenturen in Freiburg\">ivs-clevers-mart.de &#8211; Verkaufsagenturen in Freiburg<\/a><\/li>\n<li><a href=\"https:\/\/www.freiburg-schwarzwald.de\/ecommerce#Massageoel-Shop\">Massageoel-Shop in Freiburg<\/a><\/li>\n<li><a href=\"https:\/\/www.freiburg-schwarzwald.de\/ecommerce#MyOma.de - Omas stricken\">MyOma.de &#8211; Omas stricken<\/a>\u00a0 &gt;eCommerce (23.12.2011)<\/li>\n<li><a href=\"https:\/\/www.freiburg-schwarzwald.de\/oekologie.htm#rote f\u00e4den - \u00f6kosoziales Unternehmernetzwerk\">Rote F\u00e4den &#8211; \u00f6kosoziales Unternehmernetzwerk in L\u00f6rrach<\/a> &gt;Oekologie<\/li>\n<li><a href=\"https:\/\/www.freiburg-schwarzwald.de\/ecommerce#Panda versand Freiburg\">Panda Versand Freiburg<\/a><\/li>\n<li><a href=\"https:\/\/www.freiburg-schwarzwald.de\/ecommerce#Pfennigbasar - Auktionsseite mit 2% f\u00fcr Kinderg\u00e4rten\">Pfennigbasar &#8211; Auktionsseite mit 2% f\u00fcr Kinderg\u00e4rten<\/a><\/li>\n<li><a href=\"https:\/\/www.freiburg-schwarzwald.de\/ecommerce#Rota Temporis: Mittelalter, Fantasy und Gotik\">Rota Temporis: Mittelalter, Fantasy und Gotik<\/a><\/li>\n<li><a href=\"https:\/\/www.freiburg-schwarzwald.de\/ecommerce#Schwarzwald-direkt\">Schwarzwald-direkt in Durbach<\/a><\/li>\n<li><a href=\"https:\/\/www.freiburg-schwarzwald.de\/ecommerce#Waschb\u00e4r - Umweltversand Freiburg\">Waschb\u00e4r &#8211; Umweltversand Freiburg<\/a><\/li>\n<li><a href=\"https:\/\/www.freiburg-schwarzwald.de\/ecommerce#Wellness-eShop\">2 Well Wellness-eSho<\/a><a href=\"https:\/\/www.freiburg-schwarzwald.de\/ecommerce#Wellness-eShop\">p in St.Peter und Denzlingen<\/a><\/li>\n<li><a href=\"https:\/\/www.freiburg-schwarzwald.de\/ecommerce#Whisky aus dem Glottertal\u00a0- J\u00f6rg Heckmann handelt online\">Whisky aus dem Glottertal\u00a0&#8211; J\u00f6rg Heckmann handelt online<\/a>\u00a0(25.1.2005)<\/li>\n<li><a href=\"https:\/\/www.freiburg-schwarzwald.de\/ecommerce#wikibay.de - Kleinanzeigen-Plattform f\u00fcr BW\">wikibay.de &#8211; Kleinanzeigen-Plattform f\u00fcr BW<\/a><\/li>\n<li><a href=\"https:\/\/www.freiburg-schwarzwald.de\/ecommerce#Yatego - Direktshopping aus St.Georgen\">Yatego &#8211; Direktshopping aus St.Georgen<\/a><\/li>\n<li><a href=\"https:\/\/www.freiburg-schwarzwald.de\/ecommerce#Ycare.de - Versteigerungserl\u00f6se f\u00fcr soziale Projekte spenden\">Ycare.de &#8211; Versteigerungserl\u00f6se f\u00fcr soziale Projekte spenden<\/a> (28.1.2005)<\/li>\n<li><a title=\"E-Book\" href=\"https:\/\/www.freiburg-schwarzwald.de\/blog\/kultur\/internet\/e-book\/\">E-Book<\/a><\/li>\n<li><a href=\"https:\/\/www.freiburg-schwarzwald.de\/egemeinde.htm\">gGemeinde<\/a> &gt;egemeinde<\/li>\n<li><a title=\"Kosmetik\" href=\"https:\/\/www.freiburg-schwarzwald.de\/blog\/business\/gesund\/kosmetik\/\">Kosmetik<\/a><\/li>\n<li><a href=\"https:\/\/www.freiburg-schwarzwald.de\/arbeit.htm#Ruskinsche Preisgesetz Alles gibt es irgendwo noch billiger\">Rus&#8217;kinsche Preisgesetz: Alles gibt es irgendwo noch billiger&#8220;<\/a> &gt;Arbeit<\/li>\n<\/ul>\n<p><strong>G2: Vom Himmel hoch kommt Amazon<\/strong><br \/>\nG2 ist eigentlich gar nicht so schlecht. Die Gesunden bleiben gesund, weil ihnen das Risiko erspart bleibt, beim Kauf von Socken, Krawatten und tausend anderer Dinge sich nicht mehr einem Risiko aussetzen m\u00fcssen. Sie k\u00f6nnen ihre Weihnachtsgeschenke im Internet bestellen und sich den wirklich spannenden Dingen zuw<br \/>\nGesunde haben keinen Zutritt zu Hochrisikozonen<br \/>\nDie Regierung untersagt nun den Gesunden den Zutritt zu diesen Hochrisikozonen. Das Einkaufen ist nur noch unwissentlich infekti\u00f6sen, weil nicht getesteten G2-Menschen erlaubt. M\u00f6gen diese sich doch gegenseitig anstecken, lautet der unlautere Befehl. Mittlerweile pfeifen es nicht nur die Spatzen von den D\u00e4chern: \u201eCorona-Geimpfte sind infekti\u00f6ser als gedacht\u201c, sondern auch WELT, RTL, Morgenpost und viele weitere bisherige Herolde des Kanzleramts. Gesunde Weihnachtseink\u00e4ufer k\u00f6nnen folglich nicht mehr als Begr\u00fcndung f\u00fcr \u201eAnsteckungen im Einzelhandel\u201c herangezogen werden.<\/p>\n<p>Insofern kann die Regierung, in ihrer allumfassenden F\u00fcrsorglichkeit verharrend, ebenso unwissentlich ebenso Gutes im Schilde f\u00fchren. Die Gesunden bleiben gesund, weil ihnen das Risiko erspart bleibt, beim Kauf von Socken, Krawatten und tausend anderer Dinge sich nicht mehr einem Risiko aussetzen m\u00fcssen.<\/p>\n<p>Ein genialeres Marketing, eine bessere Verkaufsf\u00f6rderung f\u00fcr Amazon, Zalando etc. h\u00e4tten deren Strategen sich kaum ausdenken k\u00f6nnen. Nicht nur einer der reichsten M\u00e4nner der Welt reibt sich die H\u00e4nde und die diversen Steuern fallen nicht mehr in Deutschland an, sondern in Steuerparadiesen.<br \/>\n3.12.2021<\/p>\n<p>&nbsp;<\/p>\n<p><strong>Der Onlinehandel ist alles andere als grenzenlos<\/strong><br \/>\nSie wollten schon einmal bei einem ausl\u00e4ndischen Online-Shop etwas bestellen, doch der H\u00e4ndler weigerte sich, nach Deutschland zu liefern? Oder im Urlaub mussten Sie f\u00fcr den Mietwagen mehr zahlen als Einheimische? Viele Verbraucher werden wegen ihres Wohnsitzes oder ihrer Nationalit\u00e4t noch immer benachteiligt. Zu diesem Ergebnis kommt die Studie &#8222;Shopping ohne Grenzen?&#8220; des EVZ Deutschland. Insbesondere der Onlinehandel ist betroffen. So konnten viele Verbraucher auf ausl\u00e4ndischen Internetseiten \u00fcberhaupt keinen Vertrag abschlie\u00dfen. Oder sie wurden auf die deutschsprachige Website des H\u00e4ndlers umgeleitet, wo sie einen h\u00f6heren Preis zahlen mussten. Unternehmen rechtfertigen das vor allem damit, dass sie bei Kunden aus dem Ausland nicht so einfach die Bonit\u00e4t pr\u00fcfen k\u00f6nnen. Au\u00dferdem geben sie an, dass europaweite Lieferungen kostspielig sind beziehungsweise sie in jedem Land entsprechende Logistikpartner ben\u00f6tigen. Und gerade kleinere Unternehmen sind oft unsicher, wie die Gesetzeslage im EU-Ausland ist. Benachteiligungen k\u00f6nnen Verbraucher aber umgehen, indem sie zu technischen Hilfsmitteln greifen. So kann man zum Beispiel anonym surfen oder einen Proxy-Server nutzen, um nicht automatisch auf die deutschsprachige (und m\u00f6glicherweise teurere) Seite umgeleitet zu werden. Auch kann man sich Pakete an einen Service-Dienstleister im EU-Ausland schicken lassen. Und: Beschweren Sie sich bei dem Unternehmen \u00fcber eine Diskriminierung! Weitere Tipps, Musterbriefe und eine Zusammenfassung der Studie finden sich unter <a href=\"https:\/\/www.evz.de\">https:\/\/www.evz.de<\/a><\/p>\n<p><em>Marc Guschal arbeitet beim Europ\u00e4ischen Verbraucherzentrum (EVZ) in Kehl. Das EVZ ber\u00e4t kostenlos \u2013 allerdings nur bei Streitigkeiten mit einem H\u00e4ndler im EU-Ausland, in Island oder Norwegen<\/em><br \/>\n<em>\u00a0<a href=\"mailto:info@cec-zev.eu\">info@cec-zev.eu<\/a>, Tel 07851\/99148-0, \u00a0<a href=\"https:\/\/www.eu-verbraucher.de\">https:\/\/www.eu-verbraucher.de<\/a><\/em><\/p>\n<p>.<\/p>\n<p><strong>Einkaufen im Internet?<\/strong><\/p>\n<p>Hab&#8216; ich wirklich was davon,<br \/>\nwenn ich jetzt bei <a title=\"Amazon E-Book Buch Kulturgut\" href=\"https:\/\/www.freiburg-schwarzwald.de\/blog\/amazon-e-book-buch-kulturgut\/\">Amazon<\/a><br \/>\nvon zu Hause aus bequem,<br \/>\nohne Wort zu irgendwem,<br \/>\nnur per Mausklick auf die Schnelle<br \/>\nmeinen Warenkorb bestelle?<\/p>\n<p>Statt ins St\u00e4dtele zu laufen,<br \/>\nmeine Dinge einzukaufen &#8211;<br \/>\nunter Menschen dort zu geh&#8217;n,<br \/>\nwo ich treffe die und den,<br \/>\nschw\u00e4tzend auf dem Marktplatz steh&#8216;<br \/>\noder gehe ins Caf\u00e9.<\/p>\n<p>Ob ein Buch, ein Hemd, ein Klapptisch &#8211;<br \/>\nich hab&#8217;s gerne greifbar, haptisch &#8211;<br \/>\ndass ich sinnlich voll erfasse,<br \/>\nwas ich kaufe, was ich lasse,<br \/>\nes vergleiche und probiere,<br \/>\nmeinen Einkauf optimiere &#8211;<br \/>\nund hab&#8216; noch als Zugewinn<br \/>\n&#8217;s L\u00e4cheln der Verk\u00e4uferin.<\/p>\n<p>Smiley da im Internet<br \/>\nist bei weitem nicht so nett &#8211;<br \/>\nund was online kommt ins Haus<br \/>\nsieht real oft anders aus.<br \/>\nNein &#8211; ich tick seit je nun mal<br \/>\nanalog &#8211; nicht digital!<\/p>\n<p>19.12.2014, Higl<\/p>\n","protected":false},"excerpt":{"rendered":"<p>Home &gt;Kultur\u00a0&gt;Soziales &gt;Medien &gt;Internet &gt;Handel &gt;Online-Handel Start-up will Orangen vom Baum in Sizilien in drei Tagen nach Freiburg bringen\u00a0(17.1.2023) Der inhabergef\u00fchrte Buchladen\u00a0(6.12.2021) Zum Teufel mit den Buchl\u00e4den\u00a0(5.12.2021) G2: Vom Himmel hoch kommt Amazon (3.12.2021) S\u2019Bergbure in Hinterzarten-Windeck\u00a0(21.7.2021) Der Onlinehandel ist &hellip; <a href=\"https:\/\/www.freiburg-schwarzwald.de\/blog\/business\/handel\/online-handel\/\">Weiterlesen <span class=\"meta-nav\">&rarr;<\/span><\/a><\/p>\n","protected":false},"author":4,"featured_media":0,"parent":814,"menu_order":0,"comment_status":"open","ping_status":"closed","template":"","meta":{"footnotes":""},"class_list":["post-25755","page","type-page","status-publish","hentry"],"_links":{"self":[{"href":"https:\/\/www.freiburg-schwarzwald.de\/blog\/wp-json\/wp\/v2\/pages\/25755","targetHints":{"allow":["GET"]}}],"collection":[{"href":"https:\/\/www.freiburg-schwarzwald.de\/blog\/wp-json\/wp\/v2\/pages"}],"about":[{"href":"https:\/\/www.freiburg-schwarzwald.de\/blog\/wp-json\/wp\/v2\/types\/page"}],"author":[{"embeddable":true,"href":"https:\/\/www.freiburg-schwarzwald.de\/blog\/wp-json\/wp\/v2\/users\/4"}],"replies":[{"embeddable":true,"href":"https:\/\/www.freiburg-schwarzwald.de\/blog\/wp-json\/wp\/v2\/comments?post=25755"}],"version-history":[{"count":5,"href":"https:\/\/www.freiburg-schwarzwald.de\/blog\/wp-json\/wp\/v2\/pages\/25755\/revisions"}],"predecessor-version":[{"id":108888,"href":"https:\/\/www.freiburg-schwarzwald.de\/blog\/wp-json\/wp\/v2\/pages\/25755\/revisions\/108888"}],"up":[{"embeddable":true,"href":"https:\/\/www.freiburg-schwarzwald.de\/blog\/wp-json\/wp\/v2\/pages\/814"}],"wp:attachment":[{"href":"https:\/\/www.freiburg-schwarzwald.de\/blog\/wp-json\/wp\/v2\/media?parent=25755"}],"curies":[{"name":"wp","href":"https:\/\/api.w.org\/{rel}","templated":true}]}}