{"id":25405,"date":"2013-03-22T12:10:03","date_gmt":"2013-03-22T11:10:03","guid":{"rendered":"https:\/\/www.freiburg-schwarzwald.de\/blog\/?page_id=25405"},"modified":"2020-10-19T21:08:21","modified_gmt":"2020-10-19T19:08:21","slug":"froehnd","status":"publish","type":"page","link":"https:\/\/www.freiburg-schwarzwald.de\/blog\/regio\/orte\/froehnd\/","title":{"rendered":"Froehnd"},"content":{"rendered":"<p>Home &gt;<a title=\"Regio\" href=\"https:\/\/www.freiburg-schwarzwald.de\/blog\/regio\/\">Regio<\/a> &gt;<a title=\"Berge\" href=\"https:\/\/www.freiburg-schwarzwald.de\/blog\/regio\/berge\/\">Berge<\/a>\u00a0&gt;<a title=\"Belchen\" href=\"https:\/\/www.freiburg-schwarzwald.de\/blog\/regio\/berge\/belchen\/\">Belchen<\/a> &gt;<a title=\"Orte\" href=\"https:\/\/www.freiburg-schwarzwald.de\/blog\/regio\/orte\/\">Orte<\/a> &gt;Froehnd<\/p>\n<div id=\"attachment_25412\" style=\"width: 647px\" class=\"wp-caption alignnone\"><a href=\"https:\/\/www.freiburg-schwarzwald.de\/blog\/regio\/orte\/froehnd\/froehnd1kuenaberg-pan130316\/\" rel=\"attachment wp-att-25412\"><img loading=\"lazy\" decoding=\"async\" aria-describedby=\"caption-attachment-25412\" class=\"size-full wp-image-25412\" title=\"froehnd1kuenaberg-pan130316\" src=\"https:\/\/www.freiburg-schwarzwald.de\/blog\/wp-content\/uploads\/2013\/03\/froehnd1kuenaberg-pan130316.jpg\" alt=\"\" width=\"637\" height=\"237\" srcset=\"https:\/\/www.freiburg-schwarzwald.de\/blog\/wp-content\/uploads\/2013\/03\/froehnd1kuenaberg-pan130316.jpg 637w, https:\/\/www.freiburg-schwarzwald.de\/blog\/wp-content\/uploads\/2013\/03\/froehnd1kuenaberg-pan130316-180x66.jpg 180w\" sizes=\"auto, (max-width: 637px) 100vw, 637px\" \/><\/a><p id=\"caption-attachment-25412\" class=\"wp-caption-text\">Blick nach S\u00fcdwesten von Fr\u00f6hnd-K\u00fcnaberg \u00fcbers Wiesental hin\u00fcber auf Fr\u00f6hnd-Ittenschwand am 16.3.2013<\/p><\/div>\n<ul>\n<li><a title=\"Herbstwanderung bei Froehnd\" href=\"https:\/\/www.freiburg-schwarzwald.de\/blog\/herbstwanderung-bei-froehnd\/\">Herbstwanderung bei Fr\u00f6hnd im Hochschwarzwald<\/a> (19.10.2020)<\/li>\n<li><a href=\"https:\/\/www.freiburg-schwarzwald.de\/froehnd1.htm\">Aktuelle Infos zu Froehnd ab 20.7.2005<\/a> &gt;Foehnd1<br \/>\n.<\/li>\n<li><strong><a href=\"https:\/\/www.freiburg-schwarzwald.de\/froehnd.htm\">www.freiburg-schwarzwald.de\/froehnd.htm<\/a>\u00a0&gt;Archivseite Fr\u00f6hnd<\/strong><\/li>\n<li><a href=\"https:\/\/www.freiburg-schwarzwald.de\/froehnd.htm#Orientierung - Fr\u00f6hnd im Wiesental s\u00fcdlich vom Belchen\">Orientierung &#8211; Fr\u00f6hnd im Wiesental s\u00fcdlich vom Belchen<\/a><\/li>\n<li>Fr\u00f6hnd am Westhang und S\u00fcdhang des Wiesentals<\/li>\n<li>Bilder: K\u00fcnaberg, Stutz und Holz<\/li>\n<li>Bilder: Holz-Vorderstadel<\/li>\n<li><a href=\"https:\/\/www.freiburg-schwarzwald.de\/froehnd.htm#Fr\u00f6hnd mit K\u00fcnaberg, Stutz und Holz \u00f6stlich vom Wiesental\">Fr\u00f6hnd mit K\u00fcnaberg, Stutz und Holz \u00f6stlich vom Wiesental<\/a><\/li>\n<li><a href=\"https:\/\/www.freiburg-schwarzwald.de\/froehnd.htm#Fr\u00f6hnd westlich vom Wiesental\">Fr\u00f6hnd westlich vom Wiesental<\/a><\/li>\n<li><a title=\"Haeg-Ehrsberg\" href=\"https:\/\/www.freiburg-schwarzwald.de\/blog\/regio\/orte\/haeg-ehrsberg\/\">H\u00e4g-Ehrsberg<\/a><\/li>\n<li><a href=\"https:\/\/www.freiburg-schwarzwald.de\/froehnd.htm#Holz - Holzer Kreuz\">Holz &#8211; Holzer Kreuz<\/a><\/li>\n<li><a href=\"https:\/\/www.freiburg-schwarzwald.de\/froehndholzerkreuzweg.htm\">Holzer Kreuz-Weg &#8211; Panoramaweg mit dem sch\u00f6nsten Belchenblick<\/a> &gt;FroehndHolzerKreuzWeg<\/li>\n<li><a href=\"https:\/\/www.freiburg-schwarzwald.de\/froehnd.htm#Hornlift - Skilift zum Ittenschwander Horn bei Fr\u00f6hnd-Hof\">Hornlift &#8211; Skilift zum Ittenschwander Horn bei Fr\u00f6hnd-Hof<\/a><\/li>\n<li><a href=\"https:\/\/www.freiburg-schwarzwald.de\/froehnd.htm#Gleitschirm-Fluggebiet am Ittenschwander Horn in Fr\u00f6hnd-Hof\">Gleitschirm-Fluggebiet am Ittenschwander Horn in Fr\u00f6hnd-Hof<\/a><\/li>\n<li><a href=\"https:\/\/www.freiburg-schwarzwald.de\/herrenschwand.htm\">Herrenschwand, Ortsteil von Pr\u00e4g<\/a> &gt;Herrenschwand<\/li>\n<li><a href=\"https:\/\/www.freiburg-schwarzwald.de\/muehlen.htm#Fr\u00f6hnd - Klopfs\u00e4ge\">Klopfs\u00e4ge Fr\u00f6hnd<\/a> &gt;Muehlen<\/li>\n<li><a href=\"https:\/\/www.freiburg-schwarzwald.de\/froehnd.htm#K\u00fcnaberg\">K\u00fcnaberg <\/a><\/li>\n<li><a title=\"Aitern\" href=\"https:\/\/www.freiburg-schwarzwald.de\/blog\/regio\/orte\/aitern\/\">Aitern<\/a><\/li>\n<li><a href=\"https:\/\/www.freiburg-schwarzwald.de\/schoenau5.htm\">Bauernh\u00f6fe (Fewo, Hofladen,Brauchtum) in Fr\u00f6hnd<\/a> &gt;Sch\u00f6nau5<\/li>\n<li><a href=\"https:\/\/www.freiburg-schwarzwald.de\/froehnd.htm#Ferienwohnungen in Fr\u00f6hnd\">Ferienwohnungen in Fr\u00f6hnd<\/a> &gt;Froehnd<\/li>\n<li><a href=\"https:\/\/www.freiburg-schwarzwald.de\/wiesental-milch.htm#Mit dem Milchlaster rund um Fr\u00f6hnd\">Mit dem Milchlaster rund um Fr\u00f6hnd<\/a> &gt;Wiesental-Milch (11.7.2006)<\/li>\n<li><a href=\"https:\/\/www.freiburg-schwarzwald.de\/tunau.htm\">N\u00f6rdliche Nachbargemeinde Tunau<\/a> &gt;Tunau<\/li>\n<li><a href=\"https:\/\/www.freiburg-schwarzwald.de\/rohrberg.htm\">Rohrberg mit Husarenm\u00fchle<\/a> zwischen H\u00e4g und Gersbach<\/li>\n<li><a href=\"https:\/\/www.freiburg-schwarzwald.de\/froehnd.htm#Stutz\">Stutz<\/a><\/li>\n<li><a href=\"https:\/\/www.freiburg-schwarzwald.de\/haeg-ehrsberg.htm\">S\u00fcd-\u00f6stliche Nachbargemeinde H\u00e4g-Ehrsberg<\/a> &gt;Haeg-Ehrsberg<\/li>\n<li><a href=\"https:\/\/www.freiburg-schwarzwald.de\/froehnd.htm#Vorderstadel zwischen Fr\u00f6hnd-Holz und Erhsberg\">Vorderstadel zwischen Fr\u00f6hnd-Holz und Erhsberg<\/a><\/li>\n<li><a href=\"https:\/\/www.freiburg-schwarzwald.de\/wind1.htm#Windpark Fr\u00f6hnd w\u00e4chst am Ittenschwander Horn\">Windpark Fr\u00f6hnd w\u00e4chst am Ittenschwander Horn<\/a>\u00a0&gt;Wind1 (8.7.2005)<\/li>\n<li><a href=\"https:\/\/www.freiburg-schwarzwald.de\/utzenfeld.htm\">Utzenfeld<\/a> &gt;Utzenfeld<\/li>\n<\/ul>\n<p>&nbsp;<\/p>\n<p align=\"left\"><strong>Fr\u00f6hnd am Westhang und am S\u00fcdhang des Wiesentals<\/strong><\/p>\n<p align=\"left\">Die Gemeinde Fr\u00f6hnd liegt im Oberen Wiesental zwischen Sch\u00f6nau und Zell und ist einzigartig &#8211; in mehrfacher Hinwicht:<\/p>\n<ul>\n<li>\n<div align=\"left\">H\u00f6henunterschiede zwischen 400 m (unten im Wiesental) und 1200 m (oben am Fu\u00df des\u00a0 Belchen).<\/div>\n<\/li>\n<li>Fr\u00f6hnd hat neun malerische Ortsteile, die westlich bzw. \u00f6stlich des Fl\u00fc\u00dfchens Wiese am Hang liegen: Hof, Ittenschwand, Kastel, Unterkastel, Oberhepschingen und Niederhepschingen schauen nach Osten. Die drei Ortsteile K\u00fcnaberg, Stutz und Holz hingegen schauen nach Westen. Diese &#8222;Zweiteilung&#8220; des Ortes machen seinen besonderen Reiz aus, denn irgendwo im Ort schauen Sie gegen die Sonne bzw. mit der Sonne.<\/li>\n<li>Fr\u00f6hnd hat nur ungef\u00e4hr 500 Einwohner, aber eine riesengro\u00dfe Fl\u00e4che von 1620 ha. Davon sind 45 % bewaldet und 55 % offenes Wiesengel\u00e4nde. Fr\u00f6hnd bietet also viel Sonne und herrliche Ausblicke, aber auch schattige Waldspaziergangsm\u00f6glichkeiten.<\/li>\n<li>Fr\u00f6hnd hat steile H\u00e4nge &#8211; man glaubt, in den Alpen bzw. in S\u00fcdtirol zu sein. Aber Fr\u00f6hnd bietet \u00fcberall bequem eben angelegte Spazier- und Wanderwege &#8211; auch f\u00fcr Rollstuhl- und Kinderwagenfahrer geeignet.<\/li>\n<li>Fr\u00f6hnd liegt an den s\u00fcdlichen Bergausl\u00e4ufern des Belchenmassivs. Wo immer Sie auch unterwegs sind &#8211; sie haben stets den <a href=\"https:\/\/www.freiburg-schwarzwald.de\/belchen.htm\">Belchen<\/a> mit seinem breiten Buckel in Sicht. Fr\u00f6hnd ist Belchenland.<\/li>\n<\/ul>\n<p align=\"left\">Tourismus-Ausk\u00fcnfte zur Gemeinde Fr\u00f6hnd \u00fcber die Belchenland Tourist-Information<br \/>\nGentnerstr. 2, D-79677 Sch\u00f6nau\/Schwarzwald, Tel. 07673\/918130, Fax: 07673\/9181329<br \/>\n<a href=\"https:\/\/www.freiburg-schwarzwald.de\/wieden.htm#Belchenland - Tourismusverband\">Belchenland Touristik-Information<\/a> &gt;Wieden<\/p>\n<ul>\n<li><a href=\"https:\/\/www.froehnd.de\/\">www.froehnd.de<\/a><\/li>\n<li>Fr\u00f6hnd ist Mitglied des Gemeindeverwaltungsverbandes Sch\u00f6nau<br \/>\n<a href=\"https:\/\/www.schoenau-im-schwarzwald.de\/froehnd.html\">https:\/\/www.schoenau-im-schwarzwald.de\/froehnd.html<\/a> , <a href=\"https:\/\/www.gwschoenau.de\/\">www.gwschoenau.de<\/a><\/li>\n<\/ul>\n<p>&nbsp;<\/p>\n<p><strong>Fr\u00f6hnd mit K\u00fcnaberg, Stutz und Holz<\/strong><\/p>\n<p><a href=\"https:\/\/www.freiburg-schwarzwald.de\/blog\/regio\/orte\/froehnd\/froehnd1kuenaberg130316\/\" rel=\"attachment wp-att-25417\"><img loading=\"lazy\" decoding=\"async\" title=\"froehnd1kuenaberg130316\" src=\"https:\/\/www.freiburg-schwarzwald.de\/blog\/wp-content\/uploads\/2013\/03\/froehnd1kuenaberg130316-180x135.jpg\" alt=\"\" width=\"180\" height=\"135\" \/><\/a>\u00a0\u00a0\u00a0\u00a0\u00a0\u00a0\u00a0\u00a0\u00a0 <a href=\"https:\/\/www.freiburg-schwarzwald.de\/blog\/regio\/orte\/froehnd\/froehnd2kuenaberg130316\/\" rel=\"attachment wp-att-25418\"><img loading=\"lazy\" decoding=\"async\" title=\"froehnd2kuenaberg130316\" src=\"https:\/\/www.freiburg-schwarzwald.de\/blog\/wp-content\/uploads\/2013\/03\/froehnd2kuenaberg130316-180x135.jpg\" alt=\"\" width=\"180\" height=\"135\" \/><\/a>\u00a0\u00a0\u00a0\u00a0\u00a0\u00a0\u00a0\u00a0\u00a0 <a href=\"https:\/\/www.freiburg-schwarzwald.de\/blog\/regio\/orte\/froehnd\/froehnd3holzerkreuz130316\/\" rel=\"attachment wp-att-25419\"><img loading=\"lazy\" decoding=\"async\" class=\"alignnone size-thumbnail wp-image-25419\" title=\"froehnd3holzerkreuz130316\" src=\"https:\/\/www.freiburg-schwarzwald.de\/blog\/wp-content\/uploads\/2013\/03\/froehnd3holzerkreuz130316-180x135.jpg\" alt=\"\" width=\"180\" height=\"135\" srcset=\"https:\/\/www.freiburg-schwarzwald.de\/blog\/wp-content\/uploads\/2013\/03\/froehnd3holzerkreuz130316-180x135.jpg 180w, https:\/\/www.freiburg-schwarzwald.de\/blog\/wp-content\/uploads\/2013\/03\/froehnd3holzerkreuz130316.jpg 640w\" sizes=\"auto, (max-width: 180px) 100vw, 180px\" \/><\/a><br \/>\n(1)<\/p>\n<p><a href=\"https:\/\/www.freiburg-schwarzwald.de\/blog\/regio\/orte\/froehnd\/froehnd4holzerkreuz130316\/\" rel=\"attachment wp-att-25420\"><img loading=\"lazy\" decoding=\"async\" class=\"alignnone size-thumbnail wp-image-25420\" title=\"froehnd4holzerkreuz130316\" src=\"https:\/\/www.freiburg-schwarzwald.de\/blog\/wp-content\/uploads\/2013\/03\/froehnd4holzerkreuz130316-180x135.jpg\" alt=\"\" width=\"180\" height=\"135\" srcset=\"https:\/\/www.freiburg-schwarzwald.de\/blog\/wp-content\/uploads\/2013\/03\/froehnd4holzerkreuz130316-180x135.jpg 180w, https:\/\/www.freiburg-schwarzwald.de\/blog\/wp-content\/uploads\/2013\/03\/froehnd4holzerkreuz130316.jpg 640w\" sizes=\"auto, (max-width: 180px) 100vw, 180px\" \/><\/a>\u00a0\u00a0\u00a0\u00a0\u00a0\u00a0\u00a0\u00a0\u00a0 <a href=\"https:\/\/www.freiburg-schwarzwald.de\/blog\/regio\/orte\/froehnd\/froehnd5holzerkreuz130316\/\" rel=\"attachment wp-att-25421\"><img loading=\"lazy\" decoding=\"async\" class=\"alignnone size-thumbnail wp-image-25421\" title=\"froehnd5holzerkreuz130316\" src=\"https:\/\/www.freiburg-schwarzwald.de\/blog\/wp-content\/uploads\/2013\/03\/froehnd5holzerkreuz130316-180x135.jpg\" alt=\"\" width=\"180\" height=\"135\" srcset=\"https:\/\/www.freiburg-schwarzwald.de\/blog\/wp-content\/uploads\/2013\/03\/froehnd5holzerkreuz130316-180x135.jpg 180w, https:\/\/www.freiburg-schwarzwald.de\/blog\/wp-content\/uploads\/2013\/03\/froehnd5holzerkreuz130316.jpg 640w\" sizes=\"auto, (max-width: 180px) 100vw, 180px\" \/><\/a>\u00a0\u00a0\u00a0\u00a0\u00a0\u00a0\u00a0\u00a0\u00a0 <a href=\"https:\/\/www.freiburg-schwarzwald.de\/blog\/regio\/orte\/froehnd\/froehnd6holzerkreuz-hepschingen130316\/\" rel=\"attachment wp-att-25422\"><img loading=\"lazy\" decoding=\"async\" class=\"alignnone size-thumbnail wp-image-25422\" title=\"froehnd6holzerkreuz-hepschingen130316\" src=\"https:\/\/www.freiburg-schwarzwald.de\/blog\/wp-content\/uploads\/2013\/03\/froehnd6holzerkreuz-hepschingen130316-180x141.jpg\" alt=\"\" width=\"180\" height=\"141\" srcset=\"https:\/\/www.freiburg-schwarzwald.de\/blog\/wp-content\/uploads\/2013\/03\/froehnd6holzerkreuz-hepschingen130316-180x141.jpg 180w, https:\/\/www.freiburg-schwarzwald.de\/blog\/wp-content\/uploads\/2013\/03\/froehnd6holzerkreuz-hepschingen130316.jpg 639w\" sizes=\"auto, (max-width: 180px) 100vw, 180px\" \/><\/a><br \/>\n(4)<\/p>\n<p><a href=\"https:\/\/www.freiburg-schwarzwald.de\/blog\/regio\/orte\/froehnd\/froehnd7holzerkreuz-belchen130316\/\" rel=\"attachment wp-att-25423\"><img loading=\"lazy\" decoding=\"async\" class=\"alignnone size-thumbnail wp-image-25423\" title=\"froehnd7holzerkreuz-belchen130316\" src=\"https:\/\/www.freiburg-schwarzwald.de\/blog\/wp-content\/uploads\/2013\/03\/froehnd7holzerkreuz-belchen130316-180x135.jpg\" alt=\"\" width=\"180\" height=\"135\" srcset=\"https:\/\/www.freiburg-schwarzwald.de\/blog\/wp-content\/uploads\/2013\/03\/froehnd7holzerkreuz-belchen130316-180x135.jpg 180w, https:\/\/www.freiburg-schwarzwald.de\/blog\/wp-content\/uploads\/2013\/03\/froehnd7holzerkreuz-belchen130316.jpg 640w\" sizes=\"auto, (max-width: 180px) 100vw, 180px\" \/><\/a>\u00a0\u00a0\u00a0\u00a0\u00a0\u00a0\u00a0\u00a0\u00a0 <a href=\"https:\/\/www.freiburg-schwarzwald.de\/blog\/regio\/orte\/froehnd\/froehnd8oberhepschingen130316\/\" rel=\"attachment wp-att-25424\"><img loading=\"lazy\" decoding=\"async\" class=\"alignnone size-thumbnail wp-image-25424\" title=\"froehnd8oberhepschingen130316\" src=\"https:\/\/www.freiburg-schwarzwald.de\/blog\/wp-content\/uploads\/2013\/03\/froehnd8oberhepschingen130316-180x135.jpg\" alt=\"\" width=\"180\" height=\"135\" srcset=\"https:\/\/www.freiburg-schwarzwald.de\/blog\/wp-content\/uploads\/2013\/03\/froehnd8oberhepschingen130316-180x135.jpg 180w, https:\/\/www.freiburg-schwarzwald.de\/blog\/wp-content\/uploads\/2013\/03\/froehnd8oberhepschingen130316.jpg 640w\" sizes=\"auto, (max-width: 180px) 100vw, 180px\" \/><\/a>\u00a0\u00a0\u00a0\u00a0\u00a0\u00a0\u00a0\u00a0\u00a0 <a href=\"https:\/\/www.freiburg-schwarzwald.de\/blog\/regio\/orte\/froehnd\/froehnd9ittenschwand130316\/\" rel=\"attachment wp-att-25425\"><img loading=\"lazy\" decoding=\"async\" class=\"alignnone size-thumbnail wp-image-25425\" title=\"froehnd9ittenschwand130316\" src=\"https:\/\/www.freiburg-schwarzwald.de\/blog\/wp-content\/uploads\/2013\/03\/froehnd9ittenschwand130316-180x135.jpg\" alt=\"\" width=\"180\" height=\"135\" srcset=\"https:\/\/www.freiburg-schwarzwald.de\/blog\/wp-content\/uploads\/2013\/03\/froehnd9ittenschwand130316-180x135.jpg 180w, https:\/\/www.freiburg-schwarzwald.de\/blog\/wp-content\/uploads\/2013\/03\/froehnd9ittenschwand130316.jpg 640w\" sizes=\"auto, (max-width: 180px) 100vw, 180px\" \/><\/a><br \/>\n(7)<\/p>\n<p><a href=\"https:\/\/www.freiburg-schwarzwald.de\/blog\/regio\/orte\/froehnd\/froehnd10niederhepschingen130316\/\" rel=\"attachment wp-att-25426\"><img loading=\"lazy\" decoding=\"async\" title=\"froehnd10niederhepschingen130316\" src=\"https:\/\/www.freiburg-schwarzwald.de\/blog\/wp-content\/uploads\/2013\/03\/froehnd10niederhepschingen130316-180x135.jpg\" alt=\"\" width=\"180\" height=\"135\" \/><\/a>\u00a0\u00a0\u00a0\u00a0\u00a0\u00a0\u00a0\u00a0\u00a0 <a href=\"https:\/\/www.freiburg-schwarzwald.de\/blog\/regio\/orte\/froehnd\/froehnd11holzerkreuz-belchen130316\/\" rel=\"attachment wp-att-25427\"><img loading=\"lazy\" decoding=\"async\" class=\"alignnone size-thumbnail wp-image-25427\" title=\"froehnd11holzerkreuz-belchen130316\" src=\"https:\/\/www.freiburg-schwarzwald.de\/blog\/wp-content\/uploads\/2013\/03\/froehnd11holzerkreuz-belchen130316-180x135.jpg\" alt=\"\" width=\"180\" height=\"135\" srcset=\"https:\/\/www.freiburg-schwarzwald.de\/blog\/wp-content\/uploads\/2013\/03\/froehnd11holzerkreuz-belchen130316-180x135.jpg 180w, https:\/\/www.freiburg-schwarzwald.de\/blog\/wp-content\/uploads\/2013\/03\/froehnd11holzerkreuz-belchen130316.jpg 640w\" sizes=\"auto, (max-width: 180px) 100vw, 180px\" \/><\/a>\u00a0\u00a0\u00a0\u00a0\u00a0\u00a0\u00a0\u00a0\u00a0 <a href=\"https:\/\/www.freiburg-schwarzwald.de\/blog\/regio\/orte\/froehnd\/froehnd12holzerkreuz-ehrsberg130316\/\" rel=\"attachment wp-att-25428\"><img loading=\"lazy\" decoding=\"async\" class=\"alignnone size-thumbnail wp-image-25428\" title=\"froehnd12holzerkreuz-ehrsberg130316\" src=\"https:\/\/www.freiburg-schwarzwald.de\/blog\/wp-content\/uploads\/2013\/03\/froehnd12holzerkreuz-ehrsberg130316-180x135.jpg\" alt=\"\" width=\"180\" height=\"135\" srcset=\"https:\/\/www.freiburg-schwarzwald.de\/blog\/wp-content\/uploads\/2013\/03\/froehnd12holzerkreuz-ehrsberg130316-180x135.jpg 180w, https:\/\/www.freiburg-schwarzwald.de\/blog\/wp-content\/uploads\/2013\/03\/froehnd12holzerkreuz-ehrsberg130316.jpg 640w\" sizes=\"auto, (max-width: 180px) 100vw, 180px\" \/><\/a><br \/>\n(10) Fr\u00f6hnd-Niederhepschingen\u00a0\u00a0\u00a0\u00a0\u00a0\u00a0\u00a0\u00a0\u00a0 (11) Belchen im Norden von Holz\u00a0\u00a0\u00a0\u00a0\u00a0\u00a0\u00a0\u00a0\u00a0\u00a0\u00a0 (12) H\u00e4g-Ehrsberg im S\u00fcden<\/p>\n<p><a href=\"https:\/\/www.freiburg-schwarzwald.de\/blog\/regio\/orte\/froehnd\/froehnd13holz130316\/\" rel=\"attachment wp-att-25481\"><img loading=\"lazy\" decoding=\"async\" class=\"alignnone size-thumbnail wp-image-25481\" title=\"froehnd13holz130316\" src=\"https:\/\/www.freiburg-schwarzwald.de\/blog\/wp-content\/uploads\/2013\/03\/froehnd13holz130316-180x135.jpg\" alt=\"\" width=\"180\" height=\"135\" srcset=\"https:\/\/www.freiburg-schwarzwald.de\/blog\/wp-content\/uploads\/2013\/03\/froehnd13holz130316-180x135.jpg 180w, https:\/\/www.freiburg-schwarzwald.de\/blog\/wp-content\/uploads\/2013\/03\/froehnd13holz130316.jpg 640w\" sizes=\"auto, (max-width: 180px) 100vw, 180px\" \/><\/a>\u00a0\u00a0\u00a0\u00a0\u00a0\u00a0\u00a0\u00a0 <a href=\"https:\/\/www.freiburg-schwarzwald.de\/blog\/regio\/orte\/froehnd\/froehnd14holz-marienkapelle130316\/\" rel=\"attachment wp-att-25482\"><img loading=\"lazy\" decoding=\"async\" class=\"alignnone size-thumbnail wp-image-25482\" title=\"froehnd14holz-marienkapelle130316\" src=\"https:\/\/www.freiburg-schwarzwald.de\/blog\/wp-content\/uploads\/2013\/03\/froehnd14holz-marienkapelle130316-135x180.jpg\" alt=\"\" width=\"135\" height=\"180\" srcset=\"https:\/\/www.freiburg-schwarzwald.de\/blog\/wp-content\/uploads\/2013\/03\/froehnd14holz-marienkapelle130316-135x180.jpg 135w, https:\/\/www.freiburg-schwarzwald.de\/blog\/wp-content\/uploads\/2013\/03\/froehnd14holz-marienkapelle130316.jpg 480w\" sizes=\"auto, (max-width: 135px) 100vw, 135px\" \/><\/a>\u00a0\u00a0\u00a0\u00a0\u00a0\u00a0\u00a0\u00a0\u00a0\u00a0\u00a0\u00a0\u00a0\u00a0\u00a0\u00a0 \u00a0\u00a0\u00a0\u00a0\u00a0\u00a0\u00a0\u00a0 <a href=\"https:\/\/www.freiburg-schwarzwald.de\/blog\/regio\/orte\/froehnd\/froehnd15holz-marienkapelle130316\/\" rel=\"attachment wp-att-25483\"><img loading=\"lazy\" decoding=\"async\" class=\"alignnone size-thumbnail wp-image-25483\" title=\"froehnd15holz-marienkapelle130316\" src=\"https:\/\/www.freiburg-schwarzwald.de\/blog\/wp-content\/uploads\/2013\/03\/froehnd15holz-marienkapelle130316-180x135.jpg\" alt=\"\" width=\"180\" height=\"135\" srcset=\"https:\/\/www.freiburg-schwarzwald.de\/blog\/wp-content\/uploads\/2013\/03\/froehnd15holz-marienkapelle130316-180x135.jpg 180w, https:\/\/www.freiburg-schwarzwald.de\/blog\/wp-content\/uploads\/2013\/03\/froehnd15holz-marienkapelle130316.jpg 640w\" sizes=\"auto, (max-width: 180px) 100vw, 180px\" \/><\/a><br \/>\n(13) Fr\u00f6hnd-Holz am 16.3.2013\u00a0\u00a0\u00a0\u00a0\u00a0\u00a0\u00a0\u00a0\u00a0\u00a0\u00a0 (14) Marienkapelle\u00a0\u00a0\u00a0\u00a0\u00a0\u00a0\u00a0\u00a0\u00a0\u00a0\u00a0\u00a0\u00a0\u00a0\u00a0\u00a0\u00a0\u00a0\u00a0\u00a0\u00a0\u00a0\u00a0\u00a0\u00a0\u00a0\u00a0\u00a0\u00a0\u00a0\u00a0\u00a0\u00a0\u00a0\u00a0\u00a0 (15) Marienkapelle in Holz<\/p>\n<p>(12) Blick nach S\u00fcden vom Fr\u00f6hnd-Holzer Kreuz am 16.3.2013 auf Ehrsberg<\/p>\n<p>&nbsp;<\/p>\n<p><strong>Holz-Vorderstadel<\/strong><\/p>\n<p><a href=\"https:\/\/www.freiburg-schwarzwald.de\/blog\/regio\/orte\/froehnd\/froehnd16klopfsaege130316\/\" rel=\"attachment wp-att-25484\"><img loading=\"lazy\" decoding=\"async\" class=\"alignnone size-thumbnail wp-image-25484\" title=\"froehnd16klopfsaege130316\" src=\"https:\/\/www.freiburg-schwarzwald.de\/blog\/wp-content\/uploads\/2013\/03\/froehnd16klopfsaege130316-135x180.jpg\" alt=\"\" width=\"135\" height=\"180\" srcset=\"https:\/\/www.freiburg-schwarzwald.de\/blog\/wp-content\/uploads\/2013\/03\/froehnd16klopfsaege130316-135x180.jpg 135w, https:\/\/www.freiburg-schwarzwald.de\/blog\/wp-content\/uploads\/2013\/03\/froehnd16klopfsaege130316.jpg 480w\" sizes=\"auto, (max-width: 135px) 100vw, 135px\" \/><\/a>\u00a0\u00a0\u00a0\u00a0\u00a0\u00a0\u00a0\u00a0\u00a0\u00a0\u00a0\u00a0\u00a0\u00a0\u00a0\u00a0\u00a0\u00a0\u00a0\u00a0\u00a0\u00a0 \u00a0\u00a0 <a href=\"https:\/\/www.freiburg-schwarzwald.de\/blog\/regio\/orte\/froehnd\/froehnd17vorderstadel130316\/\" rel=\"attachment wp-att-25485\"><img loading=\"lazy\" decoding=\"async\" class=\"alignnone size-thumbnail wp-image-25485\" title=\"froehnd17vorderstadel130316\" src=\"https:\/\/www.freiburg-schwarzwald.de\/blog\/wp-content\/uploads\/2013\/03\/froehnd17vorderstadel130316-180x135.jpg\" alt=\"\" width=\"180\" height=\"135\" srcset=\"https:\/\/www.freiburg-schwarzwald.de\/blog\/wp-content\/uploads\/2013\/03\/froehnd17vorderstadel130316-180x135.jpg 180w, https:\/\/www.freiburg-schwarzwald.de\/blog\/wp-content\/uploads\/2013\/03\/froehnd17vorderstadel130316.jpg 640w\" sizes=\"auto, (max-width: 180px) 100vw, 180px\" \/><\/a>\u00a0\u00a0\u00a0\u00a0\u00a0\u00a0\u00a0\u00a0\u00a0\u00a0 <a href=\"https:\/\/www.freiburg-schwarzwald.de\/blog\/regio\/orte\/froehnd\/froehnd18holz-belchen130316\/\" rel=\"attachment wp-att-25486\"><img loading=\"lazy\" decoding=\"async\" class=\"alignnone size-thumbnail wp-image-25486\" title=\"froehnd18holz-belchen130316\" src=\"https:\/\/www.freiburg-schwarzwald.de\/blog\/wp-content\/uploads\/2013\/03\/froehnd18holz-belchen130316-180x135.jpg\" alt=\"\" width=\"180\" height=\"135\" srcset=\"https:\/\/www.freiburg-schwarzwald.de\/blog\/wp-content\/uploads\/2013\/03\/froehnd18holz-belchen130316-180x135.jpg 180w, https:\/\/www.freiburg-schwarzwald.de\/blog\/wp-content\/uploads\/2013\/03\/froehnd18holz-belchen130316.jpg 640w\" sizes=\"auto, (max-width: 180px) 100vw, 180px\" \/><\/a><br \/>\n(1)<\/p>\n<p>&nbsp;<\/p>\n<p><a href=\"https:\/\/www.freiburg-schwarzwald.de\/blog\/regio\/orte\/froehnd\/froehnd19gscheidkopf130316\/\" rel=\"attachment wp-att-25487\"><img loading=\"lazy\" decoding=\"async\" class=\"alignnone size-thumbnail wp-image-25487\" title=\"froehnd19gscheidkopf130316\" src=\"https:\/\/www.freiburg-schwarzwald.de\/blog\/wp-content\/uploads\/2013\/03\/froehnd19gscheidkopf130316-180x135.jpg\" alt=\"\" width=\"180\" height=\"135\" srcset=\"https:\/\/www.freiburg-schwarzwald.de\/blog\/wp-content\/uploads\/2013\/03\/froehnd19gscheidkopf130316-180x135.jpg 180w, https:\/\/www.freiburg-schwarzwald.de\/blog\/wp-content\/uploads\/2013\/03\/froehnd19gscheidkopf130316-640x480.jpg 640w, https:\/\/www.freiburg-schwarzwald.de\/blog\/wp-content\/uploads\/2013\/03\/froehnd19gscheidkopf130316.jpg 1000w\" sizes=\"auto, (max-width: 180px) 100vw, 180px\" \/><\/a>\u00a0\u00a0\u00a0\u00a0\u00a0\u00a0\u00a0\u00a0\u00a0 <a href=\"https:\/\/www.freiburg-schwarzwald.de\/blog\/regio\/orte\/froehnd\/froehnd21holz-belchen130316\/\" rel=\"attachment wp-att-25488\"><img loading=\"lazy\" decoding=\"async\" class=\"alignnone size-thumbnail wp-image-25488\" title=\"froehnd21holz-belchen130316\" src=\"https:\/\/www.freiburg-schwarzwald.de\/blog\/wp-content\/uploads\/2013\/03\/froehnd21holz-belchen130316-180x135.jpg\" alt=\"\" width=\"180\" height=\"135\" srcset=\"https:\/\/www.freiburg-schwarzwald.de\/blog\/wp-content\/uploads\/2013\/03\/froehnd21holz-belchen130316-180x135.jpg 180w, https:\/\/www.freiburg-schwarzwald.de\/blog\/wp-content\/uploads\/2013\/03\/froehnd21holz-belchen130316-640x480.jpg 640w, https:\/\/www.freiburg-schwarzwald.de\/blog\/wp-content\/uploads\/2013\/03\/froehnd21holz-belchen130316.jpg 1000w\" sizes=\"auto, (max-width: 180px) 100vw, 180px\" \/><\/a><br \/>\n(4)<\/p>\n<p>&nbsp;<\/p>\n<p>&nbsp;<\/p>\n<p>&nbsp;<\/p>\n<p><a href=\"https:\/\/www.freiburg-schwarzwald.de\/blog\/regio\/orte\/froehnd\/ehrsberg1waldmatt130316\/\" rel=\"attachment wp-att-25489\"><img loading=\"lazy\" decoding=\"async\" title=\"ehrsberg1waldmatt130316\" src=\"https:\/\/www.freiburg-schwarzwald.de\/blog\/wp-content\/uploads\/2013\/03\/ehrsberg1waldmatt130316-180x135.jpg\" alt=\"\" width=\"180\" height=\"135\" \/><\/a><\/p>\n","protected":false},"excerpt":{"rendered":"<p>Home &gt;Regio &gt;Berge\u00a0&gt;Belchen &gt;Orte &gt;Froehnd Herbstwanderung bei Fr\u00f6hnd im Hochschwarzwald (19.10.2020) Aktuelle Infos zu Froehnd ab 20.7.2005 &gt;Foehnd1 . www.freiburg-schwarzwald.de\/froehnd.htm\u00a0&gt;Archivseite Fr\u00f6hnd Orientierung &#8211; Fr\u00f6hnd im Wiesental s\u00fcdlich vom Belchen Fr\u00f6hnd am Westhang und S\u00fcdhang des Wiesentals Bilder: K\u00fcnaberg, Stutz und &hellip; <a href=\"https:\/\/www.freiburg-schwarzwald.de\/blog\/regio\/orte\/froehnd\/\">Weiterlesen <span class=\"meta-nav\">&rarr;<\/span><\/a><\/p>\n","protected":false},"author":4,"featured_media":0,"parent":363,"menu_order":0,"comment_status":"open","ping_status":"closed","template":"","meta":{"footnotes":""},"class_list":["post-25405","page","type-page","status-publish","hentry"],"_links":{"self":[{"href":"https:\/\/www.freiburg-schwarzwald.de\/blog\/wp-json\/wp\/v2\/pages\/25405","targetHints":{"allow":["GET"]}}],"collection":[{"href":"https:\/\/www.freiburg-schwarzwald.de\/blog\/wp-json\/wp\/v2\/pages"}],"about":[{"href":"https:\/\/www.freiburg-schwarzwald.de\/blog\/wp-json\/wp\/v2\/types\/page"}],"author":[{"embeddable":true,"href":"https:\/\/www.freiburg-schwarzwald.de\/blog\/wp-json\/wp\/v2\/users\/4"}],"replies":[{"embeddable":true,"href":"https:\/\/www.freiburg-schwarzwald.de\/blog\/wp-json\/wp\/v2\/comments?post=25405"}],"version-history":[{"count":2,"href":"https:\/\/www.freiburg-schwarzwald.de\/blog\/wp-json\/wp\/v2\/pages\/25405\/revisions"}],"predecessor-version":[{"id":83833,"href":"https:\/\/www.freiburg-schwarzwald.de\/blog\/wp-json\/wp\/v2\/pages\/25405\/revisions\/83833"}],"up":[{"embeddable":true,"href":"https:\/\/www.freiburg-schwarzwald.de\/blog\/wp-json\/wp\/v2\/pages\/363"}],"wp:attachment":[{"href":"https:\/\/www.freiburg-schwarzwald.de\/blog\/wp-json\/wp\/v2\/media?parent=25405"}],"curies":[{"name":"wp","href":"https:\/\/api.w.org\/{rel}","templated":true}]}}